{"id":45840,"date":"2023-02-03T15:08:08","date_gmt":"2023-02-03T15:08:08","guid":{"rendered":"https:\/\/www.urlaubcornwall.de\/blog\/?page_id=45840"},"modified":"2023-02-03T15:09:08","modified_gmt":"2023-02-03T15:09:08","slug":"traditionelles-reetdachhaus-in-den-cotswolds-mieten","status":"publish","type":"page","link":"https:\/\/www.urlaubcornwall.de\/blog\/traditionelles-reetdachhaus-in-den-cotswolds-mieten\/","title":{"rendered":"Traditionelles Reetdachhaus in den Cotswolds mieten"},"content":{"rendered":"<p><img loading=\"lazy\" class=\"aligncenter size-full wp-image-45841\" src=\"https:\/\/www.urlaubcornwall.de\/blog\/wp-content\/uploads\/2023\/02\/Traditionelles-Reetdachhaus-in-den-Cotswolds-mieten.jpg\" alt=\"Traditionelles Reetdachhaus in den Cotswolds mieten\" width=\"750\" height=\"563\" srcset=\"https:\/\/www.urlaubcornwall.de\/blog\/wp-content\/uploads\/2023\/02\/Traditionelles-Reetdachhaus-in-den-Cotswolds-mieten.jpg 750w, https:\/\/www.urlaubcornwall.de\/blog\/wp-content\/uploads\/2023\/02\/Traditionelles-Reetdachhaus-in-den-Cotswolds-mieten-300x225.jpg 300w\" sizes=\"(max-width: 750px) 100vw, 750px\" \/><\/p>\n<p>Abgeschiedener und romantischer R\u00fcckzugsort am Flussufer am Ufer des Flusses Avon<\/p>\n<p>Gro\u00dfartige Lage, um die Cotswolds zu erkunden oder entlang des Uferwegs nach Stratford on Avon zu wandern<\/p>\n<p>Genie\u00dfen Sie die ruhige Aussicht auf den Fluss von Ihrer privaten Veranda und beobachten Sie die vorbeifahrenden Boote<\/p>\n<p><a href=\"https:\/\/www.urlaubcornwall.de\/ferienhaeuser-fewos\/unterkunft\/Holiday\/50573-1-bedroom-cottage-in-stratford-upon-avon---50573.html\">Ferienhaus 5.6 km SW von Stratford-upon-Avon, Warwickshire.<\/a><\/p>\n<p>Friedlich versteckt, ist dies der perfekte Ausgangspunkt f\u00fcr Paare, sein traditionelles \u00c4u\u00dferes mit Strohdach und Holzverkleidung weicht einem zeitgen\u00f6ssischen und luxuri\u00f6sen Stil im Inneren, der seinen Charme noch verst\u00e4rkt.<\/p>\n<p>Friedlicher R\u00fcckzugsort, an dem Sie sitzen und die Boote beobachten k\u00f6nnen, die sich den Avon hinunterschl\u00e4ngeln. Das Dorf Welford-on-Avon mit der Tradition von <a href=\"https:\/\/www.urlaubcornwall.de\/ferienhaeuser-fewos\/eng\/warwickshire\/warwickshire.html\">Warwickshire<\/a> ist nur einen kurzen Spaziergang entfernt. Genie\u00dfen Sie eine gro\u00dfartige Lage, um die Cotswolds zu erkunden, mit einfachem Zugang nach https:\/\/www.urlaubcornwall.de\/ferienhaeuser-fewos\/eng\/warwickshire\/stratford-upon-avon.html, dem Geburtsort von Shakespeare, Warwick Castle, Henley in Arden mit seiner Hauptstra\u00dfe voller Boutiquen, Caf\u00e9s und Restaurants<\/p>\n<p>Schlafplatz f\u00fcr 2 | Schlafzimmer:1 | Badezimmer:1 | Erwachsene:2 | Haustiere:Leider keine Haustiere erlaubt<\/p>\n<p style=\"text-align: center;\"><a class=\"tidycta\" href=\"https:\/\/www.urlaubcornwall.de\/ferienhaeuser\/cotswolds.php\">Suche Ferienh\u00e4user in den Costwolds<\/a><\/p>\n","protected":false},"excerpt":{"rendered":"<p>Abgeschiedener und romantischer R\u00fcckzugsort am Flussufer am Ufer des Flusses Avon Gro\u00dfartige Lage, um die Cotswolds zu erkunden oder entlang des Uferwegs nach Stratford on Avon zu wandern Genie\u00dfen Sie die ruhige Aussicht auf den Fluss von Ihrer privaten Veranda und beobachten Sie die vorbeifahrenden Boote Ferienhaus 5.6 km SW von Stratford-upon-Avon, Warwickshire. Friedlich versteckt, [&hellip;]<\/p>\n","protected":false},"author":1,"featured_media":0,"parent":0,"menu_order":0,"comment_status":"closed","ping_status":"closed","template":"single-four.php","meta":[],"acf":[],"yoast_head":"<!-- This site is optimized with the Yoast SEO plugin v19.4 - https:\/\/yoast.com\/wordpress\/plugins\/seo\/ -->\n<title>Traditionelles Reetdachhaus in den Cotswolds mieten - Urlaub &amp; Reisen<\/title>\n<meta name=\"description\" content=\"Friedlich versteckt, ist dies der perfekte Ausgangspunkt f\u00fcr Paare, sein traditionelles \u00c4u\u00dferes mit Strohdach und Holzverkleidung\" \/>\n<meta name=\"robots\" content=\"index, follow, max-snippet:-1, max-image-preview:large, max-video-preview:-1\" \/>\n<link rel=\"canonical\" href=\"https:\/\/www.urlaubcornwall.de\/blog\/traditionelles-reetdachhaus-in-den-cotswolds-mieten\/\" \/>\n<meta property=\"og:locale\" content=\"en_US\" \/>\n<meta property=\"og:type\" content=\"article\" \/>\n<meta property=\"og:title\" content=\"Traditionelles Reetdachhaus in den Cotswolds mieten - Urlaub &amp; Reisen\" \/>\n<meta property=\"og:description\" content=\"Friedlich versteckt, ist dies der perfekte Ausgangspunkt f\u00fcr Paare, sein traditionelles \u00c4u\u00dferes mit Strohdach und Holzverkleidung\" \/>\n<meta property=\"og:url\" content=\"https:\/\/www.urlaubcornwall.de\/blog\/traditionelles-reetdachhaus-in-den-cotswolds-mieten\/\" \/>\n<meta property=\"og:site_name\" content=\"Urlaub &amp; Reisen\" \/>\n<meta property=\"article:modified_time\" content=\"2023-02-03T15:09:08+00:00\" \/>\n<meta property=\"og:image\" content=\"https:\/\/www.urlaubcornwall.de\/blog\/wp-content\/uploads\/2023\/02\/Traditionelles-Reetdachhaus-in-den-Cotswolds-mieten.jpg\" \/>\n<meta name=\"twitter:card\" content=\"summary\" \/>\n<meta name=\"twitter:label1\" content=\"Est. reading time\" \/>\n\t<meta name=\"twitter:data1\" content=\"1 minute\" \/>\n<script type=\"application\/ld+json\" class=\"yoast-schema-graph\">{\"@context\":\"https:\/\/schema.org\",\"@graph\":[{\"@type\":\"WebSite\",\"@id\":\"https:\/\/www.urlaubcornwall.de\/blog\/#website\",\"url\":\"https:\/\/www.urlaubcornwall.de\/blog\/\",\"name\":\"Urlaub &amp; Reisen\",\"description\":\"Urlaub, Reisen, Cornwall und S\u00fcdengland: eine perfekte Kombination\",\"potentialAction\":[{\"@type\":\"SearchAction\",\"target\":{\"@type\":\"EntryPoint\",\"urlTemplate\":\"https:\/\/www.urlaubcornwall.de\/blog\/?s={search_term_string}\"},\"query-input\":\"required name=search_term_string\"}],\"inLanguage\":\"en-US\"},{\"@type\":\"WebPage\",\"@id\":\"https:\/\/www.urlaubcornwall.de\/blog\/traditionelles-reetdachhaus-in-den-cotswolds-mieten\/\",\"url\":\"https:\/\/www.urlaubcornwall.de\/blog\/traditionelles-reetdachhaus-in-den-cotswolds-mieten\/\",\"name\":\"Traditionelles Reetdachhaus in den Cotswolds mieten - Urlaub &amp; Reisen\",\"isPartOf\":{\"@id\":\"https:\/\/www.urlaubcornwall.de\/blog\/#website\"},\"datePublished\":\"2023-02-03T15:08:08+00:00\",\"dateModified\":\"2023-02-03T15:09:08+00:00\",\"description\":\"Friedlich versteckt, ist dies der perfekte Ausgangspunkt f\u00fcr Paare, sein traditionelles \u00c4u\u00dferes mit Strohdach und Holzverkleidung\",\"breadcrumb\":{\"@id\":\"https:\/\/www.urlaubcornwall.de\/blog\/traditionelles-reetdachhaus-in-den-cotswolds-mieten\/#breadcrumb\"},\"inLanguage\":\"en-US\",\"potentialAction\":[{\"@type\":\"ReadAction\",\"target\":[\"https:\/\/www.urlaubcornwall.de\/blog\/traditionelles-reetdachhaus-in-den-cotswolds-mieten\/\"]}]},{\"@type\":\"BreadcrumbList\",\"@id\":\"https:\/\/www.urlaubcornwall.de\/blog\/traditionelles-reetdachhaus-in-den-cotswolds-mieten\/#breadcrumb\",\"itemListElement\":[{\"@type\":\"ListItem\",\"position\":1,\"name\":\"Home\",\"item\":\"https:\/\/www.urlaubcornwall.de\/blog\/\"},{\"@type\":\"ListItem\",\"position\":2,\"name\":\"Traditionelles Reetdachhaus in den Cotswolds mieten\"}]}]}<\/script>\n<!-- \/ Yoast SEO plugin. -->","yoast_head_json":{"title":"Traditionelles Reetdachhaus in den Cotswolds mieten - Urlaub &amp; Reisen","description":"Friedlich versteckt, ist dies der perfekte Ausgangspunkt f\u00fcr Paare, sein traditionelles \u00c4u\u00dferes mit Strohdach und Holzverkleidung","robots":{"index":"index","follow":"follow","max-snippet":"max-snippet:-1","max-image-preview":"max-image-preview:large","max-video-preview":"max-video-preview:-1"},"canonical":"https:\/\/www.urlaubcornwall.de\/blog\/traditionelles-reetdachhaus-in-den-cotswolds-mieten\/","og_locale":"en_US","og_type":"article","og_title":"Traditionelles Reetdachhaus in den Cotswolds mieten - Urlaub &amp; Reisen","og_description":"Friedlich versteckt, ist dies der perfekte Ausgangspunkt f\u00fcr Paare, sein traditionelles \u00c4u\u00dferes mit Strohdach und Holzverkleidung","og_url":"https:\/\/www.urlaubcornwall.de\/blog\/traditionelles-reetdachhaus-in-den-cotswolds-mieten\/","og_site_name":"Urlaub &amp; Reisen","article_modified_time":"2023-02-03T15:09:08+00:00","og_image":[{"url":"https:\/\/www.urlaubcornwall.de\/blog\/wp-content\/uploads\/2023\/02\/Traditionelles-Reetdachhaus-in-den-Cotswolds-mieten.jpg"}],"twitter_card":"summary","twitter_misc":{"Est. reading time":"1 minute"},"schema":{"@context":"https:\/\/schema.org","@graph":[{"@type":"WebSite","@id":"https:\/\/www.urlaubcornwall.de\/blog\/#website","url":"https:\/\/www.urlaubcornwall.de\/blog\/","name":"Urlaub &amp; Reisen","description":"Urlaub, Reisen, Cornwall und S\u00fcdengland: eine perfekte Kombination","potentialAction":[{"@type":"SearchAction","target":{"@type":"EntryPoint","urlTemplate":"https:\/\/www.urlaubcornwall.de\/blog\/?s={search_term_string}"},"query-input":"required name=search_term_string"}],"inLanguage":"en-US"},{"@type":"WebPage","@id":"https:\/\/www.urlaubcornwall.de\/blog\/traditionelles-reetdachhaus-in-den-cotswolds-mieten\/","url":"https:\/\/www.urlaubcornwall.de\/blog\/traditionelles-reetdachhaus-in-den-cotswolds-mieten\/","name":"Traditionelles Reetdachhaus in den Cotswolds mieten - Urlaub &amp; Reisen","isPartOf":{"@id":"https:\/\/www.urlaubcornwall.de\/blog\/#website"},"datePublished":"2023-02-03T15:08:08+00:00","dateModified":"2023-02-03T15:09:08+00:00","description":"Friedlich versteckt, ist dies der perfekte Ausgangspunkt f\u00fcr Paare, sein traditionelles \u00c4u\u00dferes mit Strohdach und Holzverkleidung","breadcrumb":{"@id":"https:\/\/www.urlaubcornwall.de\/blog\/traditionelles-reetdachhaus-in-den-cotswolds-mieten\/#breadcrumb"},"inLanguage":"en-US","potentialAction":[{"@type":"ReadAction","target":["https:\/\/www.urlaubcornwall.de\/blog\/traditionelles-reetdachhaus-in-den-cotswolds-mieten\/"]}]},{"@type":"BreadcrumbList","@id":"https:\/\/www.urlaubcornwall.de\/blog\/traditionelles-reetdachhaus-in-den-cotswolds-mieten\/#breadcrumb","itemListElement":[{"@type":"ListItem","position":1,"name":"Home","item":"https:\/\/www.urlaubcornwall.de\/blog\/"},{"@type":"ListItem","position":2,"name":"Traditionelles Reetdachhaus in den Cotswolds mieten"}]}]}},"_links":{"self":[{"href":"https:\/\/www.urlaubcornwall.de\/blog\/wp-json\/wp\/v2\/pages\/45840"}],"collection":[{"href":"https:\/\/www.urlaubcornwall.de\/blog\/wp-json\/wp\/v2\/pages"}],"about":[{"href":"https:\/\/www.urlaubcornwall.de\/blog\/wp-json\/wp\/v2\/types\/page"}],"author":[{"embeddable":true,"href":"https:\/\/www.urlaubcornwall.de\/blog\/wp-json\/wp\/v2\/users\/1"}],"replies":[{"embeddable":true,"href":"https:\/\/www.urlaubcornwall.de\/blog\/wp-json\/wp\/v2\/comments?post=45840"}],"version-history":[{"count":3,"href":"https:\/\/www.urlaubcornwall.de\/blog\/wp-json\/wp\/v2\/pages\/45840\/revisions"}],"predecessor-version":[{"id":45844,"href":"https:\/\/www.urlaubcornwall.de\/blog\/wp-json\/wp\/v2\/pages\/45840\/revisions\/45844"}],"wp:attachment":[{"href":"https:\/\/www.urlaubcornwall.de\/blog\/wp-json\/wp\/v2\/media?parent=45840"}],"curies":[{"name":"wp","href":"https:\/\/api.w.org\/{rel}","templated":true}]}}