{"id":45835,"date":"2023-02-03T12:30:57","date_gmt":"2023-02-03T12:30:57","guid":{"rendered":"https:\/\/www.urlaubcornwall.de\/blog\/?page_id=45835"},"modified":"2023-02-03T12:32:14","modified_gmt":"2023-02-03T12:32:14","slug":"traditionelles-reetdachhaus-in-wales-mieten","status":"publish","type":"page","link":"https:\/\/www.urlaubcornwall.de\/blog\/traditionelles-reetdachhaus-in-wales-mieten\/","title":{"rendered":"Traditionelles Reetdachhaus in Wales mieten"},"content":{"rendered":"<p><img loading=\"lazy\" class=\"aligncenter size-full wp-image-45837\" src=\"https:\/\/www.urlaubcornwall.de\/blog\/wp-content\/uploads\/2023\/02\/Traditionelles-Reetdachhaus-in-Wales-mieten.jpg\" alt=\"Traditionelles Reetdachhaus in Wales mieten\" width=\"750\" height=\"562\" srcset=\"https:\/\/www.urlaubcornwall.de\/blog\/wp-content\/uploads\/2023\/02\/Traditionelles-Reetdachhaus-in-Wales-mieten.jpg 750w, https:\/\/www.urlaubcornwall.de\/blog\/wp-content\/uploads\/2023\/02\/Traditionelles-Reetdachhaus-in-Wales-mieten-300x225.jpg 300w\" sizes=\"(max-width: 750px) 100vw, 750px\" \/> <\/p>\n<p><a href=\"https:\/\/www.urlaubcornwall.de\/ferienhaeuser-fewos\/unterkunft\/Holiday\/88692-2-bedroom-cottage-in-newtown---88692.html\">Hundefreundlich Ferienhaus in Newtown, Mittelwales.<\/a><\/p>\n<p>Nur einen kurzen Spaziergang von der Farm entfernt, k\u00f6nnen Sie viel Ruhe und Frieden genie\u00dfen, w\u00e4hrend Sie die sch\u00f6nen Highland Cattle Welsh Mountain Sheeps und majest\u00e4tischen Rotmilane sehen. Sprechen Sie mit Ihren Gastgebern \u00fcber eine Farmtour, bei der Sie mehr \u00fcber diesen preisgekr\u00f6nten Bio-Bauernhof erfahren und alle Arten von Tieren finden, darunter einen Pfau, ein Alpaka und einen Emu. Genie\u00dfen Sie ein leckeres Picknick am nahe gelegenen See, w\u00e4hrend Sie mehr erkunden.<\/p>\n<p>Schlafplatz f\u00fcr 4 | Schlafzimmer:2 | Badezimmer:2 | Erwachsene:4 | Babys:1 | Haustiere:2<\/p>\n<p><strong>Verf\u00fcgbarkeit und Preisgestaltung<\/strong><\/p>\n<p>An-\/Abreisetag am: Freitag | Mieten: Von \u00a3725 bis \u00a31505 <\/p>\n<p style=\"text-align: center;\"><a class=\"tidycta\" href=\"https:\/\/www.urlaubcornwall.de\/ferienhaeuser-fewos\/wal\/wales.html\">Suche Ferienh\u00e4user in Wales<\/a><\/p>\n","protected":false},"excerpt":{"rendered":"<p>Hundefreundlich Ferienhaus in Newtown, Mittelwales. Nur einen kurzen Spaziergang von der Farm entfernt, k\u00f6nnen Sie viel Ruhe und Frieden genie\u00dfen, w\u00e4hrend Sie die sch\u00f6nen Highland Cattle Welsh Mountain Sheeps und majest\u00e4tischen Rotmilane sehen. Sprechen Sie mit Ihren Gastgebern \u00fcber eine Farmtour, bei der Sie mehr \u00fcber diesen preisgekr\u00f6nten Bio-Bauernhof erfahren und alle Arten von Tieren [&hellip;]<\/p>\n","protected":false},"author":1,"featured_media":0,"parent":0,"menu_order":0,"comment_status":"closed","ping_status":"closed","template":"single-four.php","meta":[],"acf":[],"yoast_head":"<!-- This site is optimized with the Yoast SEO plugin v19.4 - https:\/\/yoast.com\/wordpress\/plugins\/seo\/ -->\n<title>Traditionelles Reetdachhaus in Wales mieten - Urlaub &amp; Reisen<\/title>\n<meta name=\"description\" content=\"Nur einen kurzen Spaziergang von der Farm entfernt, k\u00f6nnen Sie viel Ruhe und Frieden genie\u00dfen, w\u00e4hrend Sie die sch\u00f6nen Highland Cattle\" \/>\n<meta name=\"robots\" content=\"index, follow, max-snippet:-1, max-image-preview:large, max-video-preview:-1\" \/>\n<link rel=\"canonical\" href=\"https:\/\/www.urlaubcornwall.de\/blog\/traditionelles-reetdachhaus-in-wales-mieten\/\" \/>\n<meta property=\"og:locale\" content=\"en_US\" \/>\n<meta property=\"og:type\" content=\"article\" \/>\n<meta property=\"og:title\" content=\"Traditionelles Reetdachhaus in Wales mieten - Urlaub &amp; Reisen\" \/>\n<meta property=\"og:description\" content=\"Nur einen kurzen Spaziergang von der Farm entfernt, k\u00f6nnen Sie viel Ruhe und Frieden genie\u00dfen, w\u00e4hrend Sie die sch\u00f6nen Highland Cattle\" \/>\n<meta property=\"og:url\" content=\"https:\/\/www.urlaubcornwall.de\/blog\/traditionelles-reetdachhaus-in-wales-mieten\/\" \/>\n<meta property=\"og:site_name\" content=\"Urlaub &amp; Reisen\" \/>\n<meta property=\"article:modified_time\" content=\"2023-02-03T12:32:14+00:00\" \/>\n<meta property=\"og:image\" content=\"https:\/\/www.urlaubcornwall.de\/blog\/wp-content\/uploads\/2023\/02\/Traditionelles-Reetdachhaus-in-Wales-mieten.jpg\" \/>\n<meta name=\"twitter:card\" content=\"summary\" \/>\n<meta name=\"twitter:label1\" content=\"Est. reading time\" \/>\n\t<meta name=\"twitter:data1\" content=\"1 minute\" \/>\n<script type=\"application\/ld+json\" class=\"yoast-schema-graph\">{\"@context\":\"https:\/\/schema.org\",\"@graph\":[{\"@type\":\"WebSite\",\"@id\":\"https:\/\/www.urlaubcornwall.de\/blog\/#website\",\"url\":\"https:\/\/www.urlaubcornwall.de\/blog\/\",\"name\":\"Urlaub &amp; Reisen\",\"description\":\"Urlaub, Reisen, Cornwall und S\u00fcdengland: eine perfekte Kombination\",\"potentialAction\":[{\"@type\":\"SearchAction\",\"target\":{\"@type\":\"EntryPoint\",\"urlTemplate\":\"https:\/\/www.urlaubcornwall.de\/blog\/?s={search_term_string}\"},\"query-input\":\"required name=search_term_string\"}],\"inLanguage\":\"en-US\"},{\"@type\":\"WebPage\",\"@id\":\"https:\/\/www.urlaubcornwall.de\/blog\/traditionelles-reetdachhaus-in-wales-mieten\/\",\"url\":\"https:\/\/www.urlaubcornwall.de\/blog\/traditionelles-reetdachhaus-in-wales-mieten\/\",\"name\":\"Traditionelles Reetdachhaus in Wales mieten - Urlaub &amp; Reisen\",\"isPartOf\":{\"@id\":\"https:\/\/www.urlaubcornwall.de\/blog\/#website\"},\"datePublished\":\"2023-02-03T12:30:57+00:00\",\"dateModified\":\"2023-02-03T12:32:14+00:00\",\"description\":\"Nur einen kurzen Spaziergang von der Farm entfernt, k\u00f6nnen Sie viel Ruhe und Frieden genie\u00dfen, w\u00e4hrend Sie die sch\u00f6nen Highland Cattle\",\"breadcrumb\":{\"@id\":\"https:\/\/www.urlaubcornwall.de\/blog\/traditionelles-reetdachhaus-in-wales-mieten\/#breadcrumb\"},\"inLanguage\":\"en-US\",\"potentialAction\":[{\"@type\":\"ReadAction\",\"target\":[\"https:\/\/www.urlaubcornwall.de\/blog\/traditionelles-reetdachhaus-in-wales-mieten\/\"]}]},{\"@type\":\"BreadcrumbList\",\"@id\":\"https:\/\/www.urlaubcornwall.de\/blog\/traditionelles-reetdachhaus-in-wales-mieten\/#breadcrumb\",\"itemListElement\":[{\"@type\":\"ListItem\",\"position\":1,\"name\":\"Home\",\"item\":\"https:\/\/www.urlaubcornwall.de\/blog\/\"},{\"@type\":\"ListItem\",\"position\":2,\"name\":\"Traditionelles Reetdachhaus in Wales mieten\"}]}]}<\/script>\n<!-- \/ Yoast SEO plugin. -->","yoast_head_json":{"title":"Traditionelles Reetdachhaus in Wales mieten - Urlaub &amp; Reisen","description":"Nur einen kurzen Spaziergang von der Farm entfernt, k\u00f6nnen Sie viel Ruhe und Frieden genie\u00dfen, w\u00e4hrend Sie die sch\u00f6nen Highland Cattle","robots":{"index":"index","follow":"follow","max-snippet":"max-snippet:-1","max-image-preview":"max-image-preview:large","max-video-preview":"max-video-preview:-1"},"canonical":"https:\/\/www.urlaubcornwall.de\/blog\/traditionelles-reetdachhaus-in-wales-mieten\/","og_locale":"en_US","og_type":"article","og_title":"Traditionelles Reetdachhaus in Wales mieten - Urlaub &amp; Reisen","og_description":"Nur einen kurzen Spaziergang von der Farm entfernt, k\u00f6nnen Sie viel Ruhe und Frieden genie\u00dfen, w\u00e4hrend Sie die sch\u00f6nen Highland Cattle","og_url":"https:\/\/www.urlaubcornwall.de\/blog\/traditionelles-reetdachhaus-in-wales-mieten\/","og_site_name":"Urlaub &amp; Reisen","article_modified_time":"2023-02-03T12:32:14+00:00","og_image":[{"url":"https:\/\/www.urlaubcornwall.de\/blog\/wp-content\/uploads\/2023\/02\/Traditionelles-Reetdachhaus-in-Wales-mieten.jpg"}],"twitter_card":"summary","twitter_misc":{"Est. reading time":"1 minute"},"schema":{"@context":"https:\/\/schema.org","@graph":[{"@type":"WebSite","@id":"https:\/\/www.urlaubcornwall.de\/blog\/#website","url":"https:\/\/www.urlaubcornwall.de\/blog\/","name":"Urlaub &amp; Reisen","description":"Urlaub, Reisen, Cornwall und S\u00fcdengland: eine perfekte Kombination","potentialAction":[{"@type":"SearchAction","target":{"@type":"EntryPoint","urlTemplate":"https:\/\/www.urlaubcornwall.de\/blog\/?s={search_term_string}"},"query-input":"required name=search_term_string"}],"inLanguage":"en-US"},{"@type":"WebPage","@id":"https:\/\/www.urlaubcornwall.de\/blog\/traditionelles-reetdachhaus-in-wales-mieten\/","url":"https:\/\/www.urlaubcornwall.de\/blog\/traditionelles-reetdachhaus-in-wales-mieten\/","name":"Traditionelles Reetdachhaus in Wales mieten - Urlaub &amp; Reisen","isPartOf":{"@id":"https:\/\/www.urlaubcornwall.de\/blog\/#website"},"datePublished":"2023-02-03T12:30:57+00:00","dateModified":"2023-02-03T12:32:14+00:00","description":"Nur einen kurzen Spaziergang von der Farm entfernt, k\u00f6nnen Sie viel Ruhe und Frieden genie\u00dfen, w\u00e4hrend Sie die sch\u00f6nen Highland Cattle","breadcrumb":{"@id":"https:\/\/www.urlaubcornwall.de\/blog\/traditionelles-reetdachhaus-in-wales-mieten\/#breadcrumb"},"inLanguage":"en-US","potentialAction":[{"@type":"ReadAction","target":["https:\/\/www.urlaubcornwall.de\/blog\/traditionelles-reetdachhaus-in-wales-mieten\/"]}]},{"@type":"BreadcrumbList","@id":"https:\/\/www.urlaubcornwall.de\/blog\/traditionelles-reetdachhaus-in-wales-mieten\/#breadcrumb","itemListElement":[{"@type":"ListItem","position":1,"name":"Home","item":"https:\/\/www.urlaubcornwall.de\/blog\/"},{"@type":"ListItem","position":2,"name":"Traditionelles Reetdachhaus in Wales mieten"}]}]}},"_links":{"self":[{"href":"https:\/\/www.urlaubcornwall.de\/blog\/wp-json\/wp\/v2\/pages\/45835"}],"collection":[{"href":"https:\/\/www.urlaubcornwall.de\/blog\/wp-json\/wp\/v2\/pages"}],"about":[{"href":"https:\/\/www.urlaubcornwall.de\/blog\/wp-json\/wp\/v2\/types\/page"}],"author":[{"embeddable":true,"href":"https:\/\/www.urlaubcornwall.de\/blog\/wp-json\/wp\/v2\/users\/1"}],"replies":[{"embeddable":true,"href":"https:\/\/www.urlaubcornwall.de\/blog\/wp-json\/wp\/v2\/comments?post=45835"}],"version-history":[{"count":3,"href":"https:\/\/www.urlaubcornwall.de\/blog\/wp-json\/wp\/v2\/pages\/45835\/revisions"}],"predecessor-version":[{"id":45839,"href":"https:\/\/www.urlaubcornwall.de\/blog\/wp-json\/wp\/v2\/pages\/45835\/revisions\/45839"}],"wp:attachment":[{"href":"https:\/\/www.urlaubcornwall.de\/blog\/wp-json\/wp\/v2\/media?parent=45835"}],"curies":[{"name":"wp","href":"https:\/\/api.w.org\/{rel}","templated":true}]}}