{"id":45829,"date":"2023-01-31T11:02:58","date_gmt":"2023-01-31T11:02:58","guid":{"rendered":"https:\/\/www.urlaubcornwall.de\/blog\/?page_id=45829"},"modified":"2023-01-31T11:02:58","modified_gmt":"2023-01-31T11:02:58","slug":"house-of-the-dragon-drehorte-in-cornwall","status":"publish","type":"page","link":"https:\/\/www.urlaubcornwall.de\/blog\/house-of-the-dragon-drehorte-in-cornwall\/","title":{"rendered":"House of the Dragon Drehorte in Cornwall"},"content":{"rendered":"<p><img loading=\"lazy\" class=\"aligncenter size-full wp-image-28780\" src=\"https:\/\/www.urlaubcornwall.de\/blog\/wp-content\/uploads\/2017\/08\/holywell-bay.jpg\" alt=\"Holywell Bay House of the Dragon Drehorte in Cornwall\" width=\"750\" height=\"400\"\/><\/p>\n<p>Das \u201eHouse of the Dragon\u201c war ein phonomenaler Erfolg und es ist kein Wunder, dass Cornwall als Kulisse f\u00fcr einige der fiktiven Schaupl\u00e4tze der Serie diente.<\/p>\n<p>Matt Smith und Emma D\u2019Arcy (Daemon und Rhaenyra Targaryen) wurden w\u00e4hrend einer Strandszene in Holywell Bay, etwas au\u00dferhalb der Surferhauptstadt Newquay, gesichtet. <a href=\"https:\/\/www.urlaubcornwall.de\/ferienhaeuser-fewos\/holywell-bay.html\">Holywell Bay<\/a> muss einer der <a href=\"https:\/\/www.urlaubcornwall.de\/blog\/schoensten-straende-in-cornwall\/\">sch\u00f6nsten Str\u00e4nde Cornwalls<\/a> sein; eine weite, offene Bucht, flankiert von grasbewachsenen D\u00fcnen, die endlos zu sein scheinen. Wir k\u00f6nnen wirklich verstehen, warum dieser Ort gew\u00e4hlt wurde, da wir wissen, dass viele Besucher immer wieder kommen.<\/p>\n<p><a href=\"https:\/\/www.urlaubcornwall.de\/ferienhaeuser-fewos\/kynance-bucht.html\">Kynance Cove<\/a>, ber\u00fchmt f\u00fcr seinen wei\u00dfen Sand und das leuchtend t\u00fcrkisfarbene Meer, kommt in der zweiten Folge als \u201eDie Trittsteine von Westeros\u201c vor; eine kleine Gruppe felsiger Inseln s\u00fcdlich von Kings Landing. Ber\u00fchmt f\u00fcr sich, \u00fcberpr\u00fcfen Sie die Gezeiten vor Ihrem Besuch oder Sie werden nasse Zehen haben.<\/p>\n<p>Diese felsige Inselburg ist eine fesselnde Kulisse f\u00fcr Driftmark (den Stammsitz des Hauses Velaryon) und an sich schon spektakul\u00e4r. Der von Legenden und Geschichte durchdrungene St. Michaels Mount hat viele Schlachten \u00fcberstanden.<\/p>\n<p>Eine zweite Staffel wurde bereits angek\u00fcndigt und wir freuen uns darauf, Besetzung und Crew wieder in diesem Waldst\u00fcck begr\u00fc\u00dfen zu d\u00fcrfen.<\/p>\n<div class=\"snippet\"> <a class=\"featured-item\" href=\"https:\/\/www.urlaubcornwall.de\/ferienhaeuser\/cornwall.php\"> <span class=\"image-holder\" style=\"background-image: url('https:\/\/www.urlaubcornwall.de\/blog\/wp-content\/uploads\/2018\/12\/familienurlaub-corwnall-snippet.jpg');\"><\/span> <span class=\"featured-content\"> \n<h2 class=\"featured-title\">Ferienh\u00e4user in Cornwall am Meer<\/h2>\n<p class=\"featured-body\">Cornwall besitzt mehr K\u00fcstenlinien als jede andere Grafschaft und bietet einige der besten Str\u00e4nde, K\u00fcstenwanderwege und Klippenlandschaften, die man \u00fcberhaupt finden kann&#8230; <\/p><\/span> <span class=\"featured-link-holder\"> <span class=\"featured-extra-info\"> \n<p>F\u00fcr Paare, Familien &#038; Gruppen<\/p>\n<\/span> \n<p class=\"featured-link\">DETAILS<\/p>\n<\/span> <\/a><\/div>\n","protected":false},"excerpt":{"rendered":"<p>Das \u201eHouse of the Dragon\u201c war ein phonomenaler Erfolg und es ist kein Wunder, dass Cornwall als Kulisse f\u00fcr einige der fiktiven Schaupl\u00e4tze der Serie diente. Matt Smith und Emma D\u2019Arcy (Daemon und Rhaenyra Targaryen) wurden w\u00e4hrend einer Strandszene in Holywell Bay, etwas au\u00dferhalb der Surferhauptstadt Newquay, gesichtet. Holywell Bay muss einer der sch\u00f6nsten Str\u00e4nde [&hellip;]<\/p>\n","protected":false},"author":1,"featured_media":0,"parent":0,"menu_order":0,"comment_status":"closed","ping_status":"closed","template":"single-four.php","meta":[],"acf":[],"yoast_head":"<!-- This site is optimized with the Yoast SEO plugin v19.4 - https:\/\/yoast.com\/wordpress\/plugins\/seo\/ -->\n<title>House of the Dragon Drehorte in Cornwall - Urlaub &amp; Reisen<\/title>\n<meta name=\"description\" content=\"Das \u201eHouse of the Dragon\u201c war ein phonomenaler Erfolg und es ist kein Wunder, dass Cornwall als Kulisse f\u00fcr einige der fiktiven\" \/>\n<meta name=\"robots\" content=\"index, follow, max-snippet:-1, max-image-preview:large, max-video-preview:-1\" \/>\n<link rel=\"canonical\" href=\"https:\/\/www.urlaubcornwall.de\/blog\/house-of-the-dragon-drehorte-in-cornwall\/\" \/>\n<meta property=\"og:locale\" content=\"en_US\" \/>\n<meta property=\"og:type\" content=\"article\" \/>\n<meta property=\"og:title\" content=\"House of the Dragon Drehorte in Cornwall - Urlaub &amp; Reisen\" \/>\n<meta property=\"og:description\" content=\"Das \u201eHouse of the Dragon\u201c war ein phonomenaler Erfolg und es ist kein Wunder, dass Cornwall als Kulisse f\u00fcr einige der fiktiven\" \/>\n<meta property=\"og:url\" content=\"https:\/\/www.urlaubcornwall.de\/blog\/house-of-the-dragon-drehorte-in-cornwall\/\" \/>\n<meta property=\"og:site_name\" content=\"Urlaub &amp; Reisen\" \/>\n<meta property=\"og:image\" content=\"https:\/\/www.urlaubcornwall.de\/blog\/wp-content\/uploads\/2017\/08\/holywell-bay.jpg\" \/>\n<meta name=\"twitter:card\" content=\"summary\" \/>\n<script type=\"application\/ld+json\" class=\"yoast-schema-graph\">{\"@context\":\"https:\/\/schema.org\",\"@graph\":[{\"@type\":\"WebSite\",\"@id\":\"https:\/\/www.urlaubcornwall.de\/blog\/#website\",\"url\":\"https:\/\/www.urlaubcornwall.de\/blog\/\",\"name\":\"Urlaub &amp; Reisen\",\"description\":\"Urlaub, Reisen, Cornwall und S\u00fcdengland: eine perfekte Kombination\",\"potentialAction\":[{\"@type\":\"SearchAction\",\"target\":{\"@type\":\"EntryPoint\",\"urlTemplate\":\"https:\/\/www.urlaubcornwall.de\/blog\/?s={search_term_string}\"},\"query-input\":\"required name=search_term_string\"}],\"inLanguage\":\"en-US\"},{\"@type\":\"WebPage\",\"@id\":\"https:\/\/www.urlaubcornwall.de\/blog\/house-of-the-dragon-drehorte-in-cornwall\/\",\"url\":\"https:\/\/www.urlaubcornwall.de\/blog\/house-of-the-dragon-drehorte-in-cornwall\/\",\"name\":\"House of the Dragon Drehorte in Cornwall - Urlaub &amp; Reisen\",\"isPartOf\":{\"@id\":\"https:\/\/www.urlaubcornwall.de\/blog\/#website\"},\"datePublished\":\"2023-01-31T11:02:58+00:00\",\"dateModified\":\"2023-01-31T11:02:58+00:00\",\"description\":\"Das \u201eHouse of the Dragon\u201c war ein phonomenaler Erfolg und es ist kein Wunder, dass Cornwall als Kulisse f\u00fcr einige der fiktiven\",\"breadcrumb\":{\"@id\":\"https:\/\/www.urlaubcornwall.de\/blog\/house-of-the-dragon-drehorte-in-cornwall\/#breadcrumb\"},\"inLanguage\":\"en-US\",\"potentialAction\":[{\"@type\":\"ReadAction\",\"target\":[\"https:\/\/www.urlaubcornwall.de\/blog\/house-of-the-dragon-drehorte-in-cornwall\/\"]}]},{\"@type\":\"BreadcrumbList\",\"@id\":\"https:\/\/www.urlaubcornwall.de\/blog\/house-of-the-dragon-drehorte-in-cornwall\/#breadcrumb\",\"itemListElement\":[{\"@type\":\"ListItem\",\"position\":1,\"name\":\"Home\",\"item\":\"https:\/\/www.urlaubcornwall.de\/blog\/\"},{\"@type\":\"ListItem\",\"position\":2,\"name\":\"House of the Dragon Drehorte in Cornwall\"}]}]}<\/script>\n<!-- \/ Yoast SEO plugin. -->","yoast_head_json":{"title":"House of the Dragon Drehorte in Cornwall - Urlaub &amp; Reisen","description":"Das \u201eHouse of the Dragon\u201c war ein phonomenaler Erfolg und es ist kein Wunder, dass Cornwall als Kulisse f\u00fcr einige der fiktiven","robots":{"index":"index","follow":"follow","max-snippet":"max-snippet:-1","max-image-preview":"max-image-preview:large","max-video-preview":"max-video-preview:-1"},"canonical":"https:\/\/www.urlaubcornwall.de\/blog\/house-of-the-dragon-drehorte-in-cornwall\/","og_locale":"en_US","og_type":"article","og_title":"House of the Dragon Drehorte in Cornwall - Urlaub &amp; Reisen","og_description":"Das \u201eHouse of the Dragon\u201c war ein phonomenaler Erfolg und es ist kein Wunder, dass Cornwall als Kulisse f\u00fcr einige der fiktiven","og_url":"https:\/\/www.urlaubcornwall.de\/blog\/house-of-the-dragon-drehorte-in-cornwall\/","og_site_name":"Urlaub &amp; Reisen","og_image":[{"url":"https:\/\/www.urlaubcornwall.de\/blog\/wp-content\/uploads\/2017\/08\/holywell-bay.jpg"}],"twitter_card":"summary","schema":{"@context":"https:\/\/schema.org","@graph":[{"@type":"WebSite","@id":"https:\/\/www.urlaubcornwall.de\/blog\/#website","url":"https:\/\/www.urlaubcornwall.de\/blog\/","name":"Urlaub &amp; Reisen","description":"Urlaub, Reisen, Cornwall und S\u00fcdengland: eine perfekte Kombination","potentialAction":[{"@type":"SearchAction","target":{"@type":"EntryPoint","urlTemplate":"https:\/\/www.urlaubcornwall.de\/blog\/?s={search_term_string}"},"query-input":"required name=search_term_string"}],"inLanguage":"en-US"},{"@type":"WebPage","@id":"https:\/\/www.urlaubcornwall.de\/blog\/house-of-the-dragon-drehorte-in-cornwall\/","url":"https:\/\/www.urlaubcornwall.de\/blog\/house-of-the-dragon-drehorte-in-cornwall\/","name":"House of the Dragon Drehorte in Cornwall - Urlaub &amp; Reisen","isPartOf":{"@id":"https:\/\/www.urlaubcornwall.de\/blog\/#website"},"datePublished":"2023-01-31T11:02:58+00:00","dateModified":"2023-01-31T11:02:58+00:00","description":"Das \u201eHouse of the Dragon\u201c war ein phonomenaler Erfolg und es ist kein Wunder, dass Cornwall als Kulisse f\u00fcr einige der fiktiven","breadcrumb":{"@id":"https:\/\/www.urlaubcornwall.de\/blog\/house-of-the-dragon-drehorte-in-cornwall\/#breadcrumb"},"inLanguage":"en-US","potentialAction":[{"@type":"ReadAction","target":["https:\/\/www.urlaubcornwall.de\/blog\/house-of-the-dragon-drehorte-in-cornwall\/"]}]},{"@type":"BreadcrumbList","@id":"https:\/\/www.urlaubcornwall.de\/blog\/house-of-the-dragon-drehorte-in-cornwall\/#breadcrumb","itemListElement":[{"@type":"ListItem","position":1,"name":"Home","item":"https:\/\/www.urlaubcornwall.de\/blog\/"},{"@type":"ListItem","position":2,"name":"House of the Dragon Drehorte in Cornwall"}]}]}},"_links":{"self":[{"href":"https:\/\/www.urlaubcornwall.de\/blog\/wp-json\/wp\/v2\/pages\/45829"}],"collection":[{"href":"https:\/\/www.urlaubcornwall.de\/blog\/wp-json\/wp\/v2\/pages"}],"about":[{"href":"https:\/\/www.urlaubcornwall.de\/blog\/wp-json\/wp\/v2\/types\/page"}],"author":[{"embeddable":true,"href":"https:\/\/www.urlaubcornwall.de\/blog\/wp-json\/wp\/v2\/users\/1"}],"replies":[{"embeddable":true,"href":"https:\/\/www.urlaubcornwall.de\/blog\/wp-json\/wp\/v2\/comments?post=45829"}],"version-history":[{"count":1,"href":"https:\/\/www.urlaubcornwall.de\/blog\/wp-json\/wp\/v2\/pages\/45829\/revisions"}],"predecessor-version":[{"id":45830,"href":"https:\/\/www.urlaubcornwall.de\/blog\/wp-json\/wp\/v2\/pages\/45829\/revisions\/45830"}],"wp:attachment":[{"href":"https:\/\/www.urlaubcornwall.de\/blog\/wp-json\/wp\/v2\/media?parent=45829"}],"curies":[{"name":"wp","href":"https:\/\/api.w.org\/{rel}","templated":true}]}}