{"id":45827,"date":"2023-01-31T10:50:49","date_gmt":"2023-01-31T10:50:49","guid":{"rendered":"https:\/\/www.urlaubcornwall.de\/blog\/?page_id=45827"},"modified":"2023-01-31T10:50:49","modified_gmt":"2023-01-31T10:50:49","slug":"kinder-lieben-cornwall","status":"publish","type":"page","link":"https:\/\/www.urlaubcornwall.de\/blog\/kinder-lieben-cornwall\/","title":{"rendered":"Kinder lieben Cornwall!"},"content":{"rendered":"<p><img loading=\"lazy\" class=\"aligncenter size-full wp-image-20523\" src=\"https:\/\/www.urlaubcornwall.de\/blog\/wp-content\/uploads\/2015\/10\/familienurlaub-cornwall-mit-kindern.jpg\" alt=\"familienurlaub cornwall mit kindern\" width=\"750\" height=\"392\"\/><\/p>\n<p><strong>Erinnerungen werden in Cornwall gemacht<\/strong><\/p>\n<p>Begeben Sie sich auf ein Familienabenteuer und entdecken Sie ber\u00fchmte Attraktionen wie das National Maritime Museum Cornwall in <a href=\"https:\/\/www.urlaubcornwall.de\/ferienhaeuser-fewos\/falmouth.html\">Falmouth<\/a> und das Eden Project, wo junge Reisende willkommen sind, genie\u00dfen Sie die einfachen Freuden, Zeit zusammen an einem <a href=\"https:\/\/www.urlaubcornwall.de\/blog\/schoensten-straende-in-cornwall\/\">familienfreundlichen Strand in Cornwall<\/a> zu verbringen, oder probieren Sie etwas Neues aus \u2013 wir wetten, die J\u00fcngsten Mitglieder Ihrer Familie werden die ersten auf einem Surfbrett sein!<\/p>\n<p>Urlaub in Cornwall mit Kindern &#8211; Es gibt so viele <a href=\"https:\/\/www.urlaubcornwall.de\/ferienhaeuser-fewos\/cornwall.html\">familienfreundliche Ferienh\u00e4user in Cornwall<\/a>, in denen Sie \u00fcbernachten, essen und Spa\u00df haben k\u00f6nnen. Sie zu entdecken, beginnt hier.<\/p>\n<div class=\"snippet\"> <a class=\"featured-item\" href=\"https:\/\/www.urlaubcornwall.de\/ferienhaeuser\/cornwall.php\"> <span class=\"image-holder\" style=\"background-image: url('https:\/\/www.urlaubcornwall.de\/blog\/wp-content\/uploads\/2018\/12\/familienurlaub-corwnall-snippet.jpg');\"><\/span> <span class=\"featured-content\"> \n<h2 class=\"featured-title\">Ferienh\u00e4user in Cornwall am Meer<\/h2>\n<p class=\"featured-body\">Cornwall besitzt mehr K\u00fcstenlinien als jede andere Grafschaft und bietet einige der besten Str\u00e4nde, K\u00fcstenwanderwege und Klippenlandschaften, die man \u00fcberhaupt finden kann&#8230; <\/p><\/span> <span class=\"featured-link-holder\"> <span class=\"featured-extra-info\"> \n<p>F\u00fcr Paare, Familien &#038; Gruppen<\/p>\n<\/span> \n<p class=\"featured-link\">DETAILS<\/p>\n<\/span> <\/a><\/div>\n","protected":false},"excerpt":{"rendered":"<p>Erinnerungen werden in Cornwall gemacht Begeben Sie sich auf ein Familienabenteuer und entdecken Sie ber\u00fchmte Attraktionen wie das National Maritime Museum Cornwall in Falmouth und das Eden Project, wo junge Reisende willkommen sind, genie\u00dfen Sie die einfachen Freuden, Zeit zusammen an einem familienfreundlichen Strand in Cornwall zu verbringen, oder probieren Sie etwas Neues aus \u2013 [&hellip;]<\/p>\n","protected":false},"author":1,"featured_media":0,"parent":0,"menu_order":0,"comment_status":"closed","ping_status":"closed","template":"single-four.php","meta":[],"acf":[],"yoast_head":"<!-- This site is optimized with the Yoast SEO plugin v19.4 - https:\/\/yoast.com\/wordpress\/plugins\/seo\/ -->\n<title>Kinder lieben Cornwall! - Urlaub &amp; Reisen<\/title>\n<meta name=\"description\" content=\"Begeben Sie sich auf ein Familienabenteuer und entdecken Sie ber\u00fchmte Attraktionen wie das National Maritime Museum Cornwall in Falmouth und\" \/>\n<meta name=\"robots\" content=\"index, follow, max-snippet:-1, max-image-preview:large, max-video-preview:-1\" \/>\n<link rel=\"canonical\" href=\"https:\/\/www.urlaubcornwall.de\/blog\/kinder-lieben-cornwall\/\" \/>\n<meta property=\"og:locale\" content=\"en_US\" \/>\n<meta property=\"og:type\" content=\"article\" \/>\n<meta property=\"og:title\" content=\"Kinder lieben Cornwall! - Urlaub &amp; Reisen\" \/>\n<meta property=\"og:description\" content=\"Begeben Sie sich auf ein Familienabenteuer und entdecken Sie ber\u00fchmte Attraktionen wie das National Maritime Museum Cornwall in Falmouth und\" \/>\n<meta property=\"og:url\" content=\"https:\/\/www.urlaubcornwall.de\/blog\/kinder-lieben-cornwall\/\" \/>\n<meta property=\"og:site_name\" content=\"Urlaub &amp; Reisen\" \/>\n<meta property=\"og:image\" content=\"https:\/\/www.urlaubcornwall.de\/blog\/wp-content\/uploads\/2015\/10\/familienurlaub-cornwall-mit-kindern.jpg\" \/>\n<meta name=\"twitter:card\" content=\"summary\" \/>\n<script type=\"application\/ld+json\" class=\"yoast-schema-graph\">{\"@context\":\"https:\/\/schema.org\",\"@graph\":[{\"@type\":\"WebSite\",\"@id\":\"https:\/\/www.urlaubcornwall.de\/blog\/#website\",\"url\":\"https:\/\/www.urlaubcornwall.de\/blog\/\",\"name\":\"Urlaub &amp; Reisen\",\"description\":\"Urlaub, Reisen, Cornwall und S\u00fcdengland: eine perfekte Kombination\",\"potentialAction\":[{\"@type\":\"SearchAction\",\"target\":{\"@type\":\"EntryPoint\",\"urlTemplate\":\"https:\/\/www.urlaubcornwall.de\/blog\/?s={search_term_string}\"},\"query-input\":\"required name=search_term_string\"}],\"inLanguage\":\"en-US\"},{\"@type\":\"WebPage\",\"@id\":\"https:\/\/www.urlaubcornwall.de\/blog\/kinder-lieben-cornwall\/\",\"url\":\"https:\/\/www.urlaubcornwall.de\/blog\/kinder-lieben-cornwall\/\",\"name\":\"Kinder lieben Cornwall! - Urlaub &amp; Reisen\",\"isPartOf\":{\"@id\":\"https:\/\/www.urlaubcornwall.de\/blog\/#website\"},\"datePublished\":\"2023-01-31T10:50:49+00:00\",\"dateModified\":\"2023-01-31T10:50:49+00:00\",\"description\":\"Begeben Sie sich auf ein Familienabenteuer und entdecken Sie ber\u00fchmte Attraktionen wie das National Maritime Museum Cornwall in Falmouth und\",\"breadcrumb\":{\"@id\":\"https:\/\/www.urlaubcornwall.de\/blog\/kinder-lieben-cornwall\/#breadcrumb\"},\"inLanguage\":\"en-US\",\"potentialAction\":[{\"@type\":\"ReadAction\",\"target\":[\"https:\/\/www.urlaubcornwall.de\/blog\/kinder-lieben-cornwall\/\"]}]},{\"@type\":\"BreadcrumbList\",\"@id\":\"https:\/\/www.urlaubcornwall.de\/blog\/kinder-lieben-cornwall\/#breadcrumb\",\"itemListElement\":[{\"@type\":\"ListItem\",\"position\":1,\"name\":\"Home\",\"item\":\"https:\/\/www.urlaubcornwall.de\/blog\/\"},{\"@type\":\"ListItem\",\"position\":2,\"name\":\"Kinder lieben Cornwall!\"}]}]}<\/script>\n<!-- \/ Yoast SEO plugin. -->","yoast_head_json":{"title":"Kinder lieben Cornwall! - Urlaub &amp; Reisen","description":"Begeben Sie sich auf ein Familienabenteuer und entdecken Sie ber\u00fchmte Attraktionen wie das National Maritime Museum Cornwall in Falmouth und","robots":{"index":"index","follow":"follow","max-snippet":"max-snippet:-1","max-image-preview":"max-image-preview:large","max-video-preview":"max-video-preview:-1"},"canonical":"https:\/\/www.urlaubcornwall.de\/blog\/kinder-lieben-cornwall\/","og_locale":"en_US","og_type":"article","og_title":"Kinder lieben Cornwall! - Urlaub &amp; Reisen","og_description":"Begeben Sie sich auf ein Familienabenteuer und entdecken Sie ber\u00fchmte Attraktionen wie das National Maritime Museum Cornwall in Falmouth und","og_url":"https:\/\/www.urlaubcornwall.de\/blog\/kinder-lieben-cornwall\/","og_site_name":"Urlaub &amp; Reisen","og_image":[{"url":"https:\/\/www.urlaubcornwall.de\/blog\/wp-content\/uploads\/2015\/10\/familienurlaub-cornwall-mit-kindern.jpg"}],"twitter_card":"summary","schema":{"@context":"https:\/\/schema.org","@graph":[{"@type":"WebSite","@id":"https:\/\/www.urlaubcornwall.de\/blog\/#website","url":"https:\/\/www.urlaubcornwall.de\/blog\/","name":"Urlaub &amp; Reisen","description":"Urlaub, Reisen, Cornwall und S\u00fcdengland: eine perfekte Kombination","potentialAction":[{"@type":"SearchAction","target":{"@type":"EntryPoint","urlTemplate":"https:\/\/www.urlaubcornwall.de\/blog\/?s={search_term_string}"},"query-input":"required name=search_term_string"}],"inLanguage":"en-US"},{"@type":"WebPage","@id":"https:\/\/www.urlaubcornwall.de\/blog\/kinder-lieben-cornwall\/","url":"https:\/\/www.urlaubcornwall.de\/blog\/kinder-lieben-cornwall\/","name":"Kinder lieben Cornwall! - Urlaub &amp; Reisen","isPartOf":{"@id":"https:\/\/www.urlaubcornwall.de\/blog\/#website"},"datePublished":"2023-01-31T10:50:49+00:00","dateModified":"2023-01-31T10:50:49+00:00","description":"Begeben Sie sich auf ein Familienabenteuer und entdecken Sie ber\u00fchmte Attraktionen wie das National Maritime Museum Cornwall in Falmouth und","breadcrumb":{"@id":"https:\/\/www.urlaubcornwall.de\/blog\/kinder-lieben-cornwall\/#breadcrumb"},"inLanguage":"en-US","potentialAction":[{"@type":"ReadAction","target":["https:\/\/www.urlaubcornwall.de\/blog\/kinder-lieben-cornwall\/"]}]},{"@type":"BreadcrumbList","@id":"https:\/\/www.urlaubcornwall.de\/blog\/kinder-lieben-cornwall\/#breadcrumb","itemListElement":[{"@type":"ListItem","position":1,"name":"Home","item":"https:\/\/www.urlaubcornwall.de\/blog\/"},{"@type":"ListItem","position":2,"name":"Kinder lieben Cornwall!"}]}]}},"_links":{"self":[{"href":"https:\/\/www.urlaubcornwall.de\/blog\/wp-json\/wp\/v2\/pages\/45827"}],"collection":[{"href":"https:\/\/www.urlaubcornwall.de\/blog\/wp-json\/wp\/v2\/pages"}],"about":[{"href":"https:\/\/www.urlaubcornwall.de\/blog\/wp-json\/wp\/v2\/types\/page"}],"author":[{"embeddable":true,"href":"https:\/\/www.urlaubcornwall.de\/blog\/wp-json\/wp\/v2\/users\/1"}],"replies":[{"embeddable":true,"href":"https:\/\/www.urlaubcornwall.de\/blog\/wp-json\/wp\/v2\/comments?post=45827"}],"version-history":[{"count":1,"href":"https:\/\/www.urlaubcornwall.de\/blog\/wp-json\/wp\/v2\/pages\/45827\/revisions"}],"predecessor-version":[{"id":45828,"href":"https:\/\/www.urlaubcornwall.de\/blog\/wp-json\/wp\/v2\/pages\/45827\/revisions\/45828"}],"wp:attachment":[{"href":"https:\/\/www.urlaubcornwall.de\/blog\/wp-json\/wp\/v2\/media?parent=45827"}],"curies":[{"name":"wp","href":"https:\/\/api.w.org\/{rel}","templated":true}]}}