{"id":45823,"date":"2023-01-31T10:07:03","date_gmt":"2023-01-31T10:07:03","guid":{"rendered":"https:\/\/www.urlaubcornwall.de\/blog\/?page_id=45823"},"modified":"2024-04-02T10:28:03","modified_gmt":"2024-04-02T10:28:03","slug":"was-ist-so-besonders-an-cornwall","status":"publish","type":"page","link":"https:\/\/www.urlaubcornwall.de\/blog\/was-ist-so-besonders-an-cornwall\/","title":{"rendered":"Was ist so besonders an Cornwall?"},"content":{"rendered":"<p><img loading=\"lazy\" class=\"aligncenter size-full wp-image-47900\" src=\"https:\/\/www.urlaubcornwall.de\/blog\/wp-content\/uploads\/2024\/03\/lizard.jpg\" alt=\"lizard kynance\" width=\"750\" height=\"563\" srcset=\"https:\/\/www.urlaubcornwall.de\/blog\/wp-content\/uploads\/2024\/03\/lizard.jpg 750w, https:\/\/www.urlaubcornwall.de\/blog\/wp-content\/uploads\/2024\/03\/lizard-300x225.jpg 300w\" sizes=\"(max-width: 750px) 100vw, 750px\" \/><\/p>\n<p>Es gibt viele Dinge, f\u00fcr die Cornwall geliebt wird; die dramatische K\u00fcste mit ihren bezaubernden Fischerh\u00e4fen; <a href=\"https:\/\/www.urlaubcornwall.de\/blog\/schoensten-straende-in-cornwall\/\">die spektakul\u00e4ren Str\u00e4nde<\/a> und die tosende Brandung, die einen nat\u00fcrlichen Spielplatz f\u00fcr eine Vielzahl von Wassersportarten bieten; und nat\u00fcrlich die <a href=\"https:\/\/www.urlaubcornwall.de\/blog\/cornwalls-kulinarische-spezialitaeten-essen-und-trinken\/\">Cornish Pasty und Cream Teas<\/a>.<\/p>\n<p><strong>Erwarte das Unerwartete<\/strong><\/p>\n<p>Aber es gibt auch viele Dinge in Cornwall, die Sie \u00fcberraschen werden. Zum Beispiel die faszinierende Wildnis des <a href=\"https:\/\/www.urlaubcornwall.de\/blog\/sehenswuerdigkeiten-bodmin-bodmin-moor\/\">Bodmin Moor<\/a> mit seinem Panorama des weiten Himmels, faszinierenden pr\u00e4historischen \u00dcberresten, gro\u00dfartigen Wanderwegen und mehr als einem fairen Anteil an lokalen Legenden.<\/p>\n<p><strong>Dynamische Kunstszene<\/strong><\/p>\n<p>Es gibt auch die dynamische Kunstszene, die haupts\u00e4chlich in <a href=\"https:\/\/www.urlaubcornwall.de\/ferienhaeuser-fewos\/west-cornwall.html\">West Cornwall<\/a> zu finden ist, inspiriert von der nat\u00fcrlich atemberaubenden Landschaft.<\/p>\n<p><strong>Weltklasse-Food-Szene<\/strong><\/p>\n<p>In j\u00fcngerer Zeit ist <a href=\"https:\/\/www.urlaubcornwall.de\/blog\/cornwalls-beste-geheime-restaurants\/\">Cornwall f\u00fcr eine Food-Szene<\/a> bekannt geworden, die es mit London und dar\u00fcber hinaus aufnehmen kann. Cornwall hat jetzt eine Vielzahl preisgekr\u00f6nter lokaler Lebensmittelproduzenten und Stark\u00f6che, die die Region auf die Gourmet-Landkarte setzen.<\/p>\n<div class=\"snippet\"> <a class=\"featured-item\" href=\"https:\/\/www.urlaubcornwall.de\/ferienhaeuser\/cornwall.php\"> <span class=\"image-holder\" style=\"background-image: url('https:\/\/www.urlaubcornwall.de\/blog\/wp-content\/uploads\/2018\/12\/familienurlaub-corwnall-snippet.jpg');\"><\/span> <span class=\"featured-content\"> \n<h2 class=\"featured-title\">Ferienh\u00e4user in Cornwall am Meer<\/h2>\n<p class=\"featured-body\">Cornwall besitzt mehr K\u00fcstenlinien als jede andere Grafschaft und bietet einige der besten Str\u00e4nde, K\u00fcstenwanderwege und Klippenlandschaften, die man \u00fcberhaupt finden kann&#8230; <\/p><\/span> <span class=\"featured-link-holder\"> <span class=\"featured-extra-info\"> \n<p>F\u00fcr Paare, Familien &#038; Gruppen<\/p>\n<\/span> \n<p class=\"featured-link\">DETAILS<\/p>\n<\/span> <\/a><\/div>\n<p><strong>Geschichte und Kultur<\/strong><\/p>\n<p>Cornwall hat auch eine enorme Geschichte, die auf seinen keltischen Wurzeln basiert; seine <a href=\"https:\/\/www.urlaubcornwall.de\/blog\/legenden-und-geschichte-cornwalls\/\">keltische kornische Kultur<\/a>; die Herzlichkeit und Freundlichkeit der Menschen; und die kornische Sprache, die in den Dorfnamen zu sehen ist.<\/p>\n<p><strong>Eine abwechslungsreiche Landschaft&#8230;<\/strong><\/p>\n<p>Machen Sie <a href=\"https:\/\/www.urlaubcornwall.de\/rundreisen\/cornwall-suedengland.php\">eine Reise durch Cornwall<\/a> und Sie werden eine \u00e4u\u00dferst abwechslungsreiche Landschaft entdecken&#8230;<\/p>\n<p><strong>Cottages in Cornwalls entspringen einem M\u00e4rchen<\/strong><\/p>\n<p>Cornwall besitzt mehr K\u00fcstenlinien als jede andere Grafschaft und bietet einige der besten Str\u00e4nde, K\u00fcstenwanderwege und Klippenlandschaften, die man \u00fcberhaupt finden kann. Es ist das perfekte Urlaubsziel \u2013 suchen Sie sich also ein <a href=\"https:\/\/www.urlaubcornwall.de\/ferienhaeuser-fewos\/cornwall.html\">Ferienhaus mit Selbstverpflegung in Cornwall<\/a> aus, wo es auch landeinw\u00e4rts viel zu entdecken gibt.<\/p>\n<p><strong>Der ferne Westen<\/strong><\/p>\n<p>Im \u00e4u\u00dfersten Westen, wo sich das Meer in der Sonne t\u00fcrkis f\u00e4rbt, der Sand wei\u00df und das nat\u00fcrliche Licht manchmal blendend hell ist, ist das Land mit einem Verm\u00e4chtnis aus bronzezeitlichen Menhiren, riesigen Grabkammern aus Granit, keltischen Kreuzen und heiligen Brunnen geschm\u00fcckt.<\/p>\n<p><strong>Das industrielle Kernland<\/strong><\/p>\n<p>Im alten industriellen Kernland ist die Landschaft, die k\u00fcrzlich zum Weltkulturerbe erkl\u00e4rt wurde, \u00fcbers\u00e4t mit den faszinierenden \u00dcberresten einer triumphalen Bergbauvergangenheit, die Cornwalls enormen Beitrag zur industriellen Revolution mit Maschinenh\u00e4usern, Museen und kilometerlangen Freizeitpfaden veranschaulichen.<\/p>\n<p><strong>Die K\u00fcste&#8230;<\/strong><\/p>\n<p>Rund um <a href=\"https:\/\/www.urlaubcornwall.de\/ferienhaeuser-fewos\/cornwall-am-meer.html\">die K\u00fcste ist Cornwalls maritimes<\/a> Erbe nie weit entfernt, wo lokale Fischer ihren t\u00e4glichen Fang an frischen Meeresfr\u00fcchten anlanden und Gro\u00dfsegler, Lugger und Ketches ihre Segel in der kornischen Brise entfalten.<\/p>\n<p><strong>Gebiete von nat\u00fcrlicher Sch\u00f6nheit<\/strong><\/p>\n<p>Die nat\u00fcrliche Umgebung, die in den zw\u00f6lf Abschnitten des Cornwall-Gebiets von au\u00dfergew\u00f6hnlicher nat\u00fcrlicher Sch\u00f6nheit landesweit anerkannt ist, ist \u00fcber den <a href=\"https:\/\/www.urlaubcornwall.de\/wanderurlaub\/cornwall.php\">spektakul\u00e4ren S\u00fcdwestk\u00fcstenpfad<\/a> zug\u00e4nglich, der Wanderern kilometerlange sanfte Spazierg\u00e4nge und herausfordernde Wanderungen bietet.<\/p>\n<p><strong>Der Norden&#8230;<\/strong><\/p>\n<p>Im Norden erstreckt sich eine Reihe riesiger goldener Sandbuchten entlang der K\u00fcste, die oft von riesigen Atlantikwalzen heimgesucht wird. <a href=\"https:\/\/www.urlaubcornwall.de\/ferienhaeuser-fewos\/nordkueste-cornwall.html\">Die K\u00fcste<\/a> hier ist seit langem ber\u00fchmt f\u00fcr ihre perfekten Surfbedingungen und ist ein Zentrum f\u00fcr alle Arten von Extremsportarten, von Coasteering \u00fcber Zapcat-Rennen und Tauchen bis hin zum Klettern.<\/p>\n<p><strong>Der S\u00fcden&#8230;<\/strong><\/p>\n<p>Und im <a href=\"https:\/\/www.urlaubcornwall.de\/ferienhaeuser-fewos\/suedkueste-cornwall.html\">wundersch\u00f6nen S\u00fcden von Cornwall<\/a>, gespeist von Fl\u00fcssen aus den Hochmooren, gr\u00fcnen Flussm\u00fcndungen, Fischerd\u00f6rfern, Str\u00e4nden, H\u00e4fen und wundersch\u00f6nen G\u00e4rten, die im milden Klima Cornwalls gedeihen.<\/p>\n<p><a href=\"https:\/\/www.urlaubcornwall.de\/ferienhaeuser-fewos\/cornwall.html\">\u00dcber 2000 Pers\u00f6nlich inspizierte Ferienh\u00e4user und Ferienwohnungen in Cornwall<\/a><\/p>\n","protected":false},"excerpt":{"rendered":"<p>Es gibt viele Dinge, f\u00fcr die Cornwall geliebt wird; die dramatische K\u00fcste mit ihren bezaubernden Fischerh\u00e4fen; die spektakul\u00e4ren Str\u00e4nde und die tosende Brandung, die einen nat\u00fcrlichen Spielplatz f\u00fcr eine Vielzahl von Wassersportarten bieten; und nat\u00fcrlich die Cornish Pasty und Cream Teas. Erwarte das Unerwartete Aber es gibt auch viele Dinge in Cornwall, die Sie \u00fcberraschen [&hellip;]<\/p>\n","protected":false},"author":1,"featured_media":0,"parent":0,"menu_order":0,"comment_status":"closed","ping_status":"closed","template":"single-four.php","meta":[],"acf":[],"yoast_head":"<!-- This site is optimized with the Yoast SEO plugin v19.4 - https:\/\/yoast.com\/wordpress\/plugins\/seo\/ -->\n<title>Was ist so besonders an Cornwall? - Urlaub &amp; Reisen<\/title>\n<meta name=\"description\" content=\"Es gibt viele Dinge, f\u00fcr die Cornwall geliebt wird; die dramatische K\u00fcste mit ihren bezaubernden Fischerh\u00e4fen; die spektakul\u00e4ren Str\u00e4nde\" \/>\n<meta name=\"robots\" content=\"index, follow, max-snippet:-1, max-image-preview:large, max-video-preview:-1\" \/>\n<link rel=\"canonical\" href=\"https:\/\/www.urlaubcornwall.de\/blog\/was-ist-so-besonders-an-cornwall\/\" \/>\n<meta property=\"og:locale\" content=\"en_US\" \/>\n<meta property=\"og:type\" content=\"article\" \/>\n<meta property=\"og:title\" content=\"Was ist so besonders an Cornwall? - Urlaub &amp; Reisen\" \/>\n<meta property=\"og:description\" content=\"Es gibt viele Dinge, f\u00fcr die Cornwall geliebt wird; die dramatische K\u00fcste mit ihren bezaubernden Fischerh\u00e4fen; die spektakul\u00e4ren Str\u00e4nde\" \/>\n<meta property=\"og:url\" content=\"https:\/\/www.urlaubcornwall.de\/blog\/was-ist-so-besonders-an-cornwall\/\" \/>\n<meta property=\"og:site_name\" content=\"Urlaub &amp; Reisen\" \/>\n<meta property=\"article:modified_time\" content=\"2024-04-02T10:28:03+00:00\" \/>\n<meta property=\"og:image\" content=\"https:\/\/www.urlaubcornwall.de\/blog\/wp-content\/uploads\/2024\/03\/lizard.jpg\" \/>\n<meta name=\"twitter:card\" content=\"summary\" \/>\n<meta name=\"twitter:label1\" content=\"Est. reading time\" \/>\n\t<meta name=\"twitter:data1\" content=\"3 minutes\" \/>\n<script type=\"application\/ld+json\" class=\"yoast-schema-graph\">{\"@context\":\"https:\/\/schema.org\",\"@graph\":[{\"@type\":\"WebSite\",\"@id\":\"https:\/\/www.urlaubcornwall.de\/blog\/#website\",\"url\":\"https:\/\/www.urlaubcornwall.de\/blog\/\",\"name\":\"Urlaub &amp; Reisen\",\"description\":\"Urlaub, Reisen, Cornwall und S\u00fcdengland: eine perfekte Kombination\",\"potentialAction\":[{\"@type\":\"SearchAction\",\"target\":{\"@type\":\"EntryPoint\",\"urlTemplate\":\"https:\/\/www.urlaubcornwall.de\/blog\/?s={search_term_string}\"},\"query-input\":\"required name=search_term_string\"}],\"inLanguage\":\"en-US\"},{\"@type\":\"WebPage\",\"@id\":\"https:\/\/www.urlaubcornwall.de\/blog\/was-ist-so-besonders-an-cornwall\/\",\"url\":\"https:\/\/www.urlaubcornwall.de\/blog\/was-ist-so-besonders-an-cornwall\/\",\"name\":\"Was ist so besonders an Cornwall? - Urlaub &amp; Reisen\",\"isPartOf\":{\"@id\":\"https:\/\/www.urlaubcornwall.de\/blog\/#website\"},\"datePublished\":\"2023-01-31T10:07:03+00:00\",\"dateModified\":\"2024-04-02T10:28:03+00:00\",\"description\":\"Es gibt viele Dinge, f\u00fcr die Cornwall geliebt wird; die dramatische K\u00fcste mit ihren bezaubernden Fischerh\u00e4fen; die spektakul\u00e4ren Str\u00e4nde\",\"breadcrumb\":{\"@id\":\"https:\/\/www.urlaubcornwall.de\/blog\/was-ist-so-besonders-an-cornwall\/#breadcrumb\"},\"inLanguage\":\"en-US\",\"potentialAction\":[{\"@type\":\"ReadAction\",\"target\":[\"https:\/\/www.urlaubcornwall.de\/blog\/was-ist-so-besonders-an-cornwall\/\"]}]},{\"@type\":\"BreadcrumbList\",\"@id\":\"https:\/\/www.urlaubcornwall.de\/blog\/was-ist-so-besonders-an-cornwall\/#breadcrumb\",\"itemListElement\":[{\"@type\":\"ListItem\",\"position\":1,\"name\":\"Home\",\"item\":\"https:\/\/www.urlaubcornwall.de\/blog\/\"},{\"@type\":\"ListItem\",\"position\":2,\"name\":\"Was ist so besonders an Cornwall?\"}]}]}<\/script>\n<!-- \/ Yoast SEO plugin. -->","yoast_head_json":{"title":"Was ist so besonders an Cornwall? - Urlaub &amp; Reisen","description":"Es gibt viele Dinge, f\u00fcr die Cornwall geliebt wird; die dramatische K\u00fcste mit ihren bezaubernden Fischerh\u00e4fen; die spektakul\u00e4ren Str\u00e4nde","robots":{"index":"index","follow":"follow","max-snippet":"max-snippet:-1","max-image-preview":"max-image-preview:large","max-video-preview":"max-video-preview:-1"},"canonical":"https:\/\/www.urlaubcornwall.de\/blog\/was-ist-so-besonders-an-cornwall\/","og_locale":"en_US","og_type":"article","og_title":"Was ist so besonders an Cornwall? - Urlaub &amp; Reisen","og_description":"Es gibt viele Dinge, f\u00fcr die Cornwall geliebt wird; die dramatische K\u00fcste mit ihren bezaubernden Fischerh\u00e4fen; die spektakul\u00e4ren Str\u00e4nde","og_url":"https:\/\/www.urlaubcornwall.de\/blog\/was-ist-so-besonders-an-cornwall\/","og_site_name":"Urlaub &amp; Reisen","article_modified_time":"2024-04-02T10:28:03+00:00","og_image":[{"url":"https:\/\/www.urlaubcornwall.de\/blog\/wp-content\/uploads\/2024\/03\/lizard.jpg"}],"twitter_card":"summary","twitter_misc":{"Est. reading time":"3 minutes"},"schema":{"@context":"https:\/\/schema.org","@graph":[{"@type":"WebSite","@id":"https:\/\/www.urlaubcornwall.de\/blog\/#website","url":"https:\/\/www.urlaubcornwall.de\/blog\/","name":"Urlaub &amp; Reisen","description":"Urlaub, Reisen, Cornwall und S\u00fcdengland: eine perfekte Kombination","potentialAction":[{"@type":"SearchAction","target":{"@type":"EntryPoint","urlTemplate":"https:\/\/www.urlaubcornwall.de\/blog\/?s={search_term_string}"},"query-input":"required name=search_term_string"}],"inLanguage":"en-US"},{"@type":"WebPage","@id":"https:\/\/www.urlaubcornwall.de\/blog\/was-ist-so-besonders-an-cornwall\/","url":"https:\/\/www.urlaubcornwall.de\/blog\/was-ist-so-besonders-an-cornwall\/","name":"Was ist so besonders an Cornwall? - Urlaub &amp; Reisen","isPartOf":{"@id":"https:\/\/www.urlaubcornwall.de\/blog\/#website"},"datePublished":"2023-01-31T10:07:03+00:00","dateModified":"2024-04-02T10:28:03+00:00","description":"Es gibt viele Dinge, f\u00fcr die Cornwall geliebt wird; die dramatische K\u00fcste mit ihren bezaubernden Fischerh\u00e4fen; die spektakul\u00e4ren Str\u00e4nde","breadcrumb":{"@id":"https:\/\/www.urlaubcornwall.de\/blog\/was-ist-so-besonders-an-cornwall\/#breadcrumb"},"inLanguage":"en-US","potentialAction":[{"@type":"ReadAction","target":["https:\/\/www.urlaubcornwall.de\/blog\/was-ist-so-besonders-an-cornwall\/"]}]},{"@type":"BreadcrumbList","@id":"https:\/\/www.urlaubcornwall.de\/blog\/was-ist-so-besonders-an-cornwall\/#breadcrumb","itemListElement":[{"@type":"ListItem","position":1,"name":"Home","item":"https:\/\/www.urlaubcornwall.de\/blog\/"},{"@type":"ListItem","position":2,"name":"Was ist so besonders an Cornwall?"}]}]}},"_links":{"self":[{"href":"https:\/\/www.urlaubcornwall.de\/blog\/wp-json\/wp\/v2\/pages\/45823"}],"collection":[{"href":"https:\/\/www.urlaubcornwall.de\/blog\/wp-json\/wp\/v2\/pages"}],"about":[{"href":"https:\/\/www.urlaubcornwall.de\/blog\/wp-json\/wp\/v2\/types\/page"}],"author":[{"embeddable":true,"href":"https:\/\/www.urlaubcornwall.de\/blog\/wp-json\/wp\/v2\/users\/1"}],"replies":[{"embeddable":true,"href":"https:\/\/www.urlaubcornwall.de\/blog\/wp-json\/wp\/v2\/comments?post=45823"}],"version-history":[{"count":3,"href":"https:\/\/www.urlaubcornwall.de\/blog\/wp-json\/wp\/v2\/pages\/45823\/revisions"}],"predecessor-version":[{"id":48540,"href":"https:\/\/www.urlaubcornwall.de\/blog\/wp-json\/wp\/v2\/pages\/45823\/revisions\/48540"}],"wp:attachment":[{"href":"https:\/\/www.urlaubcornwall.de\/blog\/wp-json\/wp\/v2\/media?parent=45823"}],"curies":[{"name":"wp","href":"https:\/\/api.w.org\/{rel}","templated":true}]}}