{"id":45816,"date":"2023-01-27T10:54:44","date_gmt":"2023-01-27T10:54:44","guid":{"rendered":"https:\/\/www.urlaubcornwall.de\/blog\/?page_id=45816"},"modified":"2023-01-27T10:54:44","modified_gmt":"2023-01-27T10:54:44","slug":"die-romantischsten-cottages-fuer-paare-in-schottland","status":"publish","type":"page","link":"https:\/\/www.urlaubcornwall.de\/blog\/die-romantischsten-cottages-fuer-paare-in-schottland\/","title":{"rendered":"Die romantischsten Cottages f\u00fcr Paare in Schottland"},"content":{"rendered":"<p><img loading=\"lazy\" class=\"aligncenter size-full wp-image-33892\" src=\"https:\/\/www.urlaubcornwall.de\/blog\/wp-content\/uploads\/2018\/06\/Charmante-D\u00f6rfer-cornwall-1.jpg\" alt=\"romantischsten Cottages f\u00fcr Paare in Schottland\" width=\"750\" height=\"444\" srcset=\"https:\/\/www.urlaubcornwall.de\/blog\/wp-content\/uploads\/2018\/06\/Charmante-D\u00f6rfer-cornwall-1.jpg 752w, https:\/\/www.urlaubcornwall.de\/blog\/wp-content\/uploads\/2018\/06\/Charmante-D\u00f6rfer-cornwall-1-300x177.jpg 300w\" sizes=\"(max-width: 750px) 100vw, 750px\" \/><\/p>\n<p>Umso sch\u00f6ner ist es, der Hektik des Alltags zu entfliehen, wenn Sie dies mit Ihrem Lieblingsmenschen an Ihrer Seite tun. Erkunden Sie malerische Hochlandst\u00e4dte, genie\u00dfen Sie die Kulisse der Berge, T\u00e4ler und Seen in <a href=\"https:\/\/www.urlaubcornwall.de\/ferienhaeuser-fewos\/sco\/schottland.html\">Schottland<\/a>. Entdecken Sie ein neues Lieblings-Fischrestaurant in einem Fischerdorf an der K\u00fcste, machen Sie ein fabelhaftes Picknick und machen Sie einen ruhigen Spaziergang in den wundersch\u00f6nen schottischen Highlands, nur Sie beide &#8230; es ist leicht, Romantik in den kleinen Dingen zu finden, wenn Sie einen Urlaub in Schottland teilen.<\/p>\n<p>Von knisternden Feuern bis hin zu sprudelnden Whirlpools haben wir <a href=\"https:\/\/www.urlaubcornwall.de\/ferienhaeuser-fewos\/sco\/nordschottland\/nordschottland-fuer-2-personen.html\">eine Auswahl an romantischen Cottages f\u00fcr Paare<\/a>, die unvergessliche Momente schaffen k\u00f6nnen.<\/p>\n<p>Stellen Sie also den Champagner auf Eis, es ist Zeit, die Kerzen anzuz\u00fcnden und entspannen Sie sich bei einer romantischen Pause mit Ihrer besonderen Person.<\/p>\n<p>Wir bieten eine Auswahl, die von atemberaubenden Apartments mit Meerblick bis hin zu traditionellen schottischen Ferienh\u00e4usern in friedlichen, malerischen Orten reicht. Jedes Cottage wird pers\u00f6nlich inspiziert und bietet allen Luxus, den Sie in einem romantischen Refugium f\u00fcr zwei Personen erwarten.<\/p>\n<p style=\"text-align: center;\"><a class=\"tidycta\" href=\"https:\/\/www.urlaubcornwall.de\/ferienhaeuser-fewos\/sco\/nordschottland\/nordschottland-fuer-2-personen.html\">Suche Ferienh\u00e4user f\u00fcr Paare<\/a><\/p>\n","protected":false},"excerpt":{"rendered":"<p>Umso sch\u00f6ner ist es, der Hektik des Alltags zu entfliehen, wenn Sie dies mit Ihrem Lieblingsmenschen an Ihrer Seite tun. Erkunden Sie malerische Hochlandst\u00e4dte, genie\u00dfen Sie die Kulisse der Berge, T\u00e4ler und Seen in Schottland. Entdecken Sie ein neues Lieblings-Fischrestaurant in einem Fischerdorf an der K\u00fcste, machen Sie ein fabelhaftes Picknick und machen Sie einen [&hellip;]<\/p>\n","protected":false},"author":1,"featured_media":0,"parent":0,"menu_order":0,"comment_status":"closed","ping_status":"closed","template":"single-four.php","meta":[],"acf":[],"yoast_head":"<!-- This site is optimized with the Yoast SEO plugin v19.4 - https:\/\/yoast.com\/wordpress\/plugins\/seo\/ -->\n<title>Die romantischsten Cottages f\u00fcr Paare in Schottland - Urlaub &amp; Reisen<\/title>\n<meta name=\"description\" content=\"Umso sch\u00f6ner ist es, der Hektik des Alltags zu entfliehen, wenn Sie dies mit Ihrem Lieblingsmenschen an Ihrer Seite tun\" \/>\n<meta name=\"robots\" content=\"index, follow, max-snippet:-1, max-image-preview:large, max-video-preview:-1\" \/>\n<link rel=\"canonical\" href=\"https:\/\/www.urlaubcornwall.de\/blog\/die-romantischsten-cottages-fuer-paare-in-schottland\/\" \/>\n<meta property=\"og:locale\" content=\"en_US\" \/>\n<meta property=\"og:type\" content=\"article\" \/>\n<meta property=\"og:title\" content=\"Die romantischsten Cottages f\u00fcr Paare in Schottland - Urlaub &amp; Reisen\" \/>\n<meta property=\"og:description\" content=\"Umso sch\u00f6ner ist es, der Hektik des Alltags zu entfliehen, wenn Sie dies mit Ihrem Lieblingsmenschen an Ihrer Seite tun\" \/>\n<meta property=\"og:url\" content=\"https:\/\/www.urlaubcornwall.de\/blog\/die-romantischsten-cottages-fuer-paare-in-schottland\/\" \/>\n<meta property=\"og:site_name\" content=\"Urlaub &amp; Reisen\" \/>\n<meta name=\"twitter:card\" content=\"summary\" \/>\n<script type=\"application\/ld+json\" class=\"yoast-schema-graph\">{\"@context\":\"https:\/\/schema.org\",\"@graph\":[{\"@type\":\"WebSite\",\"@id\":\"https:\/\/www.urlaubcornwall.de\/blog\/#website\",\"url\":\"https:\/\/www.urlaubcornwall.de\/blog\/\",\"name\":\"Urlaub &amp; Reisen\",\"description\":\"Urlaub, Reisen, Cornwall und S\u00fcdengland: eine perfekte Kombination\",\"potentialAction\":[{\"@type\":\"SearchAction\",\"target\":{\"@type\":\"EntryPoint\",\"urlTemplate\":\"https:\/\/www.urlaubcornwall.de\/blog\/?s={search_term_string}\"},\"query-input\":\"required name=search_term_string\"}],\"inLanguage\":\"en-US\"},{\"@type\":\"WebPage\",\"@id\":\"https:\/\/www.urlaubcornwall.de\/blog\/die-romantischsten-cottages-fuer-paare-in-schottland\/\",\"url\":\"https:\/\/www.urlaubcornwall.de\/blog\/die-romantischsten-cottages-fuer-paare-in-schottland\/\",\"name\":\"Die romantischsten Cottages f\u00fcr Paare in Schottland - Urlaub &amp; Reisen\",\"isPartOf\":{\"@id\":\"https:\/\/www.urlaubcornwall.de\/blog\/#website\"},\"datePublished\":\"2023-01-27T10:54:44+00:00\",\"dateModified\":\"2023-01-27T10:54:44+00:00\",\"description\":\"Umso sch\u00f6ner ist es, der Hektik des Alltags zu entfliehen, wenn Sie dies mit Ihrem Lieblingsmenschen an Ihrer Seite tun\",\"breadcrumb\":{\"@id\":\"https:\/\/www.urlaubcornwall.de\/blog\/die-romantischsten-cottages-fuer-paare-in-schottland\/#breadcrumb\"},\"inLanguage\":\"en-US\",\"potentialAction\":[{\"@type\":\"ReadAction\",\"target\":[\"https:\/\/www.urlaubcornwall.de\/blog\/die-romantischsten-cottages-fuer-paare-in-schottland\/\"]}]},{\"@type\":\"BreadcrumbList\",\"@id\":\"https:\/\/www.urlaubcornwall.de\/blog\/die-romantischsten-cottages-fuer-paare-in-schottland\/#breadcrumb\",\"itemListElement\":[{\"@type\":\"ListItem\",\"position\":1,\"name\":\"Home\",\"item\":\"https:\/\/www.urlaubcornwall.de\/blog\/\"},{\"@type\":\"ListItem\",\"position\":2,\"name\":\"Die romantischsten Cottages f\u00fcr Paare in Schottland\"}]}]}<\/script>\n<!-- \/ Yoast SEO plugin. -->","yoast_head_json":{"title":"Die romantischsten Cottages f\u00fcr Paare in Schottland - Urlaub &amp; Reisen","description":"Umso sch\u00f6ner ist es, der Hektik des Alltags zu entfliehen, wenn Sie dies mit Ihrem Lieblingsmenschen an Ihrer Seite tun","robots":{"index":"index","follow":"follow","max-snippet":"max-snippet:-1","max-image-preview":"max-image-preview:large","max-video-preview":"max-video-preview:-1"},"canonical":"https:\/\/www.urlaubcornwall.de\/blog\/die-romantischsten-cottages-fuer-paare-in-schottland\/","og_locale":"en_US","og_type":"article","og_title":"Die romantischsten Cottages f\u00fcr Paare in Schottland - Urlaub &amp; Reisen","og_description":"Umso sch\u00f6ner ist es, der Hektik des Alltags zu entfliehen, wenn Sie dies mit Ihrem Lieblingsmenschen an Ihrer Seite tun","og_url":"https:\/\/www.urlaubcornwall.de\/blog\/die-romantischsten-cottages-fuer-paare-in-schottland\/","og_site_name":"Urlaub &amp; Reisen","twitter_card":"summary","schema":{"@context":"https:\/\/schema.org","@graph":[{"@type":"WebSite","@id":"https:\/\/www.urlaubcornwall.de\/blog\/#website","url":"https:\/\/www.urlaubcornwall.de\/blog\/","name":"Urlaub &amp; Reisen","description":"Urlaub, Reisen, Cornwall und S\u00fcdengland: eine perfekte Kombination","potentialAction":[{"@type":"SearchAction","target":{"@type":"EntryPoint","urlTemplate":"https:\/\/www.urlaubcornwall.de\/blog\/?s={search_term_string}"},"query-input":"required name=search_term_string"}],"inLanguage":"en-US"},{"@type":"WebPage","@id":"https:\/\/www.urlaubcornwall.de\/blog\/die-romantischsten-cottages-fuer-paare-in-schottland\/","url":"https:\/\/www.urlaubcornwall.de\/blog\/die-romantischsten-cottages-fuer-paare-in-schottland\/","name":"Die romantischsten Cottages f\u00fcr Paare in Schottland - Urlaub &amp; Reisen","isPartOf":{"@id":"https:\/\/www.urlaubcornwall.de\/blog\/#website"},"datePublished":"2023-01-27T10:54:44+00:00","dateModified":"2023-01-27T10:54:44+00:00","description":"Umso sch\u00f6ner ist es, der Hektik des Alltags zu entfliehen, wenn Sie dies mit Ihrem Lieblingsmenschen an Ihrer Seite tun","breadcrumb":{"@id":"https:\/\/www.urlaubcornwall.de\/blog\/die-romantischsten-cottages-fuer-paare-in-schottland\/#breadcrumb"},"inLanguage":"en-US","potentialAction":[{"@type":"ReadAction","target":["https:\/\/www.urlaubcornwall.de\/blog\/die-romantischsten-cottages-fuer-paare-in-schottland\/"]}]},{"@type":"BreadcrumbList","@id":"https:\/\/www.urlaubcornwall.de\/blog\/die-romantischsten-cottages-fuer-paare-in-schottland\/#breadcrumb","itemListElement":[{"@type":"ListItem","position":1,"name":"Home","item":"https:\/\/www.urlaubcornwall.de\/blog\/"},{"@type":"ListItem","position":2,"name":"Die romantischsten Cottages f\u00fcr Paare in Schottland"}]}]}},"_links":{"self":[{"href":"https:\/\/www.urlaubcornwall.de\/blog\/wp-json\/wp\/v2\/pages\/45816"}],"collection":[{"href":"https:\/\/www.urlaubcornwall.de\/blog\/wp-json\/wp\/v2\/pages"}],"about":[{"href":"https:\/\/www.urlaubcornwall.de\/blog\/wp-json\/wp\/v2\/types\/page"}],"author":[{"embeddable":true,"href":"https:\/\/www.urlaubcornwall.de\/blog\/wp-json\/wp\/v2\/users\/1"}],"replies":[{"embeddable":true,"href":"https:\/\/www.urlaubcornwall.de\/blog\/wp-json\/wp\/v2\/comments?post=45816"}],"version-history":[{"count":2,"href":"https:\/\/www.urlaubcornwall.de\/blog\/wp-json\/wp\/v2\/pages\/45816\/revisions"}],"predecessor-version":[{"id":45819,"href":"https:\/\/www.urlaubcornwall.de\/blog\/wp-json\/wp\/v2\/pages\/45816\/revisions\/45819"}],"wp:attachment":[{"href":"https:\/\/www.urlaubcornwall.de\/blog\/wp-json\/wp\/v2\/media?parent=45816"}],"curies":[{"name":"wp","href":"https:\/\/api.w.org\/{rel}","templated":true}]}}