{"id":45808,"date":"2023-01-23T15:14:37","date_gmt":"2023-01-23T15:14:37","guid":{"rendered":"https:\/\/www.urlaubcornwall.de\/blog\/?page_id=45808"},"modified":"2023-01-23T15:48:27","modified_gmt":"2023-01-23T15:48:27","slug":"ferienwohnung-in-zentral-edinburgh-mit-blick","status":"publish","type":"page","link":"https:\/\/www.urlaubcornwall.de\/blog\/ferienwohnung-in-zentral-edinburgh-mit-blick\/","title":{"rendered":"Ferienwohnung in Zentral Edinburgh mit Blick"},"content":{"rendered":"<p><img loading=\"lazy\" class=\"aligncenter size-full wp-image-45809\" src=\"https:\/\/www.urlaubcornwall.de\/blog\/wp-content\/uploads\/2023\/01\/Ferienwohnung-in-Zentral-Edinburgh-mit-Blick.jpg\" alt=\"Ferienwohnung in Zentral Edinburgh mit Blick\" width=\"750\" height=\"562\" srcset=\"https:\/\/www.urlaubcornwall.de\/blog\/wp-content\/uploads\/2023\/01\/Ferienwohnung-in-Zentral-Edinburgh-mit-Blick.jpg 750w, https:\/\/www.urlaubcornwall.de\/blog\/wp-content\/uploads\/2023\/01\/Ferienwohnung-in-Zentral-Edinburgh-mit-Blick-300x225.jpg 300w\" sizes=\"(max-width: 750px) 100vw, 750px\" \/><\/p>\n<p><a href=\"https:\/\/www.urlaubcornwall.de\/ferienhaeuser-fewos\/unterkunft\/Holiday\/77938-2-bedroom-apartment-in-edinburgh---77938.html\">Ferienwohnung in Edinburgh in der N\u00e4he Royal Mile, Zentralschottland<\/a><\/p>\n<p><a href=\"https:\/\/www.urlaubcornwall.de\/ferienhaeuser-fewos\/unterkunft\/Holiday\/77938-2-bedroom-apartment-in-edinburgh---77938.html\">Stilvolles und luxuri\u00f6ses City-Penthouse<\/a> mit wundervollem Juliet Balcony, profitiert von einem spektakul\u00e4ren Blick auf Holyrood, Arthurs Seat und Meerblick \u00fcber die Stadt in Richtung Firth of Forth und Berwick Law.<\/p>\n<p>Das Anwesen befindet sich in <a href=\"https:\/\/www.urlaubcornwall.de\/ferienhaeuser-fewos\/sco\/zentralschottland\/edinburgh.html\">Edinburghs<\/a> Abbeyhill mit einer gro\u00dfen Auswahl an Gesch\u00e4ften, hochwertigen Restaurants und freundlichen Pubs, die direkt vor Ihrer Haust\u00fcr liegen. Nur wenige Gehminuten von der historischen Royal Mile, dem Holyrood Palace und Park, Arthur\u2019s Seat und Dynamic Earth entfernt. Das Stadtzentrum mit seinen hervorragenden Einkaufsm\u00f6glichkeiten und einer Reihe fantastischer Attraktionen ist ebenfalls leicht zu erreichen, darunter Edinburgh Castle, Princes Street Gardens, National Museum of Scotland, Camera Obscura, Royal Botanic Gardens, Scott&#8217;s Monument, National Galleries of Scotland, Edinburgh Zoo und The Royal Yacht Britannia, um nur einige zu nennen. Oder besuchen Sie das weltber\u00fchmte j\u00e4hrliche Fringe-Festival, Military Tattoo, pr\u00e4chtige Weihnachtsm\u00e4rkte und die ber\u00fchmten Hogmanay-Festivals.<\/p>\n<p>Schlafplatz f\u00fcr 4 | Schlafzimmer:2 | Badezimmer:2 | Erwachsene:4 | Haustiere:Leider keine Haustiere erlaubt <\/p>\n<p><strong>Verf\u00fcgbarkeit und Preisgestaltung<\/strong><\/p>\n<p>An-\/Abreisetag am: Freitag | Mieten: Von \u00a3725 bis \u00a31376 <\/p>\n<p style=\"text-align: center;\"><a class=\"tidycta\" href=\"https:\/\/www.urlaubcornwall.de\/ferienhaeuser-fewos\/sco\/schottland.html\">Suche Ferienh\u00e4user in Schottland<\/a><\/p>\n","protected":false},"excerpt":{"rendered":"<p>Ferienwohnung in Edinburgh in der N\u00e4he Royal Mile, Zentralschottland Stilvolles und luxuri\u00f6ses City-Penthouse mit wundervollem Juliet Balcony, profitiert von einem spektakul\u00e4ren Blick auf Holyrood, Arthurs Seat und Meerblick \u00fcber die Stadt in Richtung Firth of Forth und Berwick Law. Das Anwesen befindet sich in Edinburghs Abbeyhill mit einer gro\u00dfen Auswahl an Gesch\u00e4ften, hochwertigen Restaurants und [&hellip;]<\/p>\n","protected":false},"author":1,"featured_media":0,"parent":0,"menu_order":0,"comment_status":"closed","ping_status":"closed","template":"single-four.php","meta":[],"acf":[],"yoast_head":"<!-- This site is optimized with the Yoast SEO plugin v19.4 - https:\/\/yoast.com\/wordpress\/plugins\/seo\/ -->\n<title>Ferienwohnung in Zentral Edinburgh mit Blick - Urlaub &amp; Reisen<\/title>\n<meta name=\"description\" content=\"Stilvolles und luxuri\u00f6ses City-Penthouse mit wundervollem Juliet Balcony, profitiert von einem spektakul\u00e4ren Blick auf Holyrood, Arthurs Seat\" \/>\n<meta name=\"robots\" content=\"index, follow, max-snippet:-1, max-image-preview:large, max-video-preview:-1\" \/>\n<link rel=\"canonical\" href=\"https:\/\/www.urlaubcornwall.de\/blog\/ferienwohnung-in-zentral-edinburgh-mit-blick\/\" \/>\n<meta property=\"og:locale\" content=\"en_US\" \/>\n<meta property=\"og:type\" content=\"article\" \/>\n<meta property=\"og:title\" content=\"Ferienwohnung in Zentral Edinburgh mit Blick - Urlaub &amp; Reisen\" \/>\n<meta property=\"og:description\" content=\"Stilvolles und luxuri\u00f6ses City-Penthouse mit wundervollem Juliet Balcony, profitiert von einem spektakul\u00e4ren Blick auf Holyrood, Arthurs Seat\" \/>\n<meta property=\"og:url\" content=\"https:\/\/www.urlaubcornwall.de\/blog\/ferienwohnung-in-zentral-edinburgh-mit-blick\/\" \/>\n<meta property=\"og:site_name\" content=\"Urlaub &amp; Reisen\" \/>\n<meta property=\"article:modified_time\" content=\"2023-01-23T15:48:27+00:00\" \/>\n<meta property=\"og:image\" content=\"https:\/\/www.urlaubcornwall.de\/blog\/wp-content\/uploads\/2023\/01\/Ferienwohnung-in-Zentral-Edinburgh-mit-Blick.jpg\" \/>\n<meta name=\"twitter:card\" content=\"summary\" \/>\n<meta name=\"twitter:label1\" content=\"Est. reading time\" \/>\n\t<meta name=\"twitter:data1\" content=\"1 minute\" \/>\n<script type=\"application\/ld+json\" class=\"yoast-schema-graph\">{\"@context\":\"https:\/\/schema.org\",\"@graph\":[{\"@type\":\"WebSite\",\"@id\":\"https:\/\/www.urlaubcornwall.de\/blog\/#website\",\"url\":\"https:\/\/www.urlaubcornwall.de\/blog\/\",\"name\":\"Urlaub &amp; Reisen\",\"description\":\"Urlaub, Reisen, Cornwall und S\u00fcdengland: eine perfekte Kombination\",\"potentialAction\":[{\"@type\":\"SearchAction\",\"target\":{\"@type\":\"EntryPoint\",\"urlTemplate\":\"https:\/\/www.urlaubcornwall.de\/blog\/?s={search_term_string}\"},\"query-input\":\"required name=search_term_string\"}],\"inLanguage\":\"en-US\"},{\"@type\":\"WebPage\",\"@id\":\"https:\/\/www.urlaubcornwall.de\/blog\/ferienwohnung-in-zentral-edinburgh-mit-blick\/\",\"url\":\"https:\/\/www.urlaubcornwall.de\/blog\/ferienwohnung-in-zentral-edinburgh-mit-blick\/\",\"name\":\"Ferienwohnung in Zentral Edinburgh mit Blick - Urlaub &amp; Reisen\",\"isPartOf\":{\"@id\":\"https:\/\/www.urlaubcornwall.de\/blog\/#website\"},\"datePublished\":\"2023-01-23T15:14:37+00:00\",\"dateModified\":\"2023-01-23T15:48:27+00:00\",\"description\":\"Stilvolles und luxuri\u00f6ses City-Penthouse mit wundervollem Juliet Balcony, profitiert von einem spektakul\u00e4ren Blick auf Holyrood, Arthurs Seat\",\"breadcrumb\":{\"@id\":\"https:\/\/www.urlaubcornwall.de\/blog\/ferienwohnung-in-zentral-edinburgh-mit-blick\/#breadcrumb\"},\"inLanguage\":\"en-US\",\"potentialAction\":[{\"@type\":\"ReadAction\",\"target\":[\"https:\/\/www.urlaubcornwall.de\/blog\/ferienwohnung-in-zentral-edinburgh-mit-blick\/\"]}]},{\"@type\":\"BreadcrumbList\",\"@id\":\"https:\/\/www.urlaubcornwall.de\/blog\/ferienwohnung-in-zentral-edinburgh-mit-blick\/#breadcrumb\",\"itemListElement\":[{\"@type\":\"ListItem\",\"position\":1,\"name\":\"Home\",\"item\":\"https:\/\/www.urlaubcornwall.de\/blog\/\"},{\"@type\":\"ListItem\",\"position\":2,\"name\":\"Ferienwohnung in Zentral Edinburgh mit Blick\"}]}]}<\/script>\n<!-- \/ Yoast SEO plugin. -->","yoast_head_json":{"title":"Ferienwohnung in Zentral Edinburgh mit Blick - Urlaub &amp; Reisen","description":"Stilvolles und luxuri\u00f6ses City-Penthouse mit wundervollem Juliet Balcony, profitiert von einem spektakul\u00e4ren Blick auf Holyrood, Arthurs Seat","robots":{"index":"index","follow":"follow","max-snippet":"max-snippet:-1","max-image-preview":"max-image-preview:large","max-video-preview":"max-video-preview:-1"},"canonical":"https:\/\/www.urlaubcornwall.de\/blog\/ferienwohnung-in-zentral-edinburgh-mit-blick\/","og_locale":"en_US","og_type":"article","og_title":"Ferienwohnung in Zentral Edinburgh mit Blick - Urlaub &amp; Reisen","og_description":"Stilvolles und luxuri\u00f6ses City-Penthouse mit wundervollem Juliet Balcony, profitiert von einem spektakul\u00e4ren Blick auf Holyrood, Arthurs Seat","og_url":"https:\/\/www.urlaubcornwall.de\/blog\/ferienwohnung-in-zentral-edinburgh-mit-blick\/","og_site_name":"Urlaub &amp; Reisen","article_modified_time":"2023-01-23T15:48:27+00:00","og_image":[{"url":"https:\/\/www.urlaubcornwall.de\/blog\/wp-content\/uploads\/2023\/01\/Ferienwohnung-in-Zentral-Edinburgh-mit-Blick.jpg"}],"twitter_card":"summary","twitter_misc":{"Est. reading time":"1 minute"},"schema":{"@context":"https:\/\/schema.org","@graph":[{"@type":"WebSite","@id":"https:\/\/www.urlaubcornwall.de\/blog\/#website","url":"https:\/\/www.urlaubcornwall.de\/blog\/","name":"Urlaub &amp; Reisen","description":"Urlaub, Reisen, Cornwall und S\u00fcdengland: eine perfekte Kombination","potentialAction":[{"@type":"SearchAction","target":{"@type":"EntryPoint","urlTemplate":"https:\/\/www.urlaubcornwall.de\/blog\/?s={search_term_string}"},"query-input":"required name=search_term_string"}],"inLanguage":"en-US"},{"@type":"WebPage","@id":"https:\/\/www.urlaubcornwall.de\/blog\/ferienwohnung-in-zentral-edinburgh-mit-blick\/","url":"https:\/\/www.urlaubcornwall.de\/blog\/ferienwohnung-in-zentral-edinburgh-mit-blick\/","name":"Ferienwohnung in Zentral Edinburgh mit Blick - Urlaub &amp; Reisen","isPartOf":{"@id":"https:\/\/www.urlaubcornwall.de\/blog\/#website"},"datePublished":"2023-01-23T15:14:37+00:00","dateModified":"2023-01-23T15:48:27+00:00","description":"Stilvolles und luxuri\u00f6ses City-Penthouse mit wundervollem Juliet Balcony, profitiert von einem spektakul\u00e4ren Blick auf Holyrood, Arthurs Seat","breadcrumb":{"@id":"https:\/\/www.urlaubcornwall.de\/blog\/ferienwohnung-in-zentral-edinburgh-mit-blick\/#breadcrumb"},"inLanguage":"en-US","potentialAction":[{"@type":"ReadAction","target":["https:\/\/www.urlaubcornwall.de\/blog\/ferienwohnung-in-zentral-edinburgh-mit-blick\/"]}]},{"@type":"BreadcrumbList","@id":"https:\/\/www.urlaubcornwall.de\/blog\/ferienwohnung-in-zentral-edinburgh-mit-blick\/#breadcrumb","itemListElement":[{"@type":"ListItem","position":1,"name":"Home","item":"https:\/\/www.urlaubcornwall.de\/blog\/"},{"@type":"ListItem","position":2,"name":"Ferienwohnung in Zentral Edinburgh mit Blick"}]}]}},"_links":{"self":[{"href":"https:\/\/www.urlaubcornwall.de\/blog\/wp-json\/wp\/v2\/pages\/45808"}],"collection":[{"href":"https:\/\/www.urlaubcornwall.de\/blog\/wp-json\/wp\/v2\/pages"}],"about":[{"href":"https:\/\/www.urlaubcornwall.de\/blog\/wp-json\/wp\/v2\/types\/page"}],"author":[{"embeddable":true,"href":"https:\/\/www.urlaubcornwall.de\/blog\/wp-json\/wp\/v2\/users\/1"}],"replies":[{"embeddable":true,"href":"https:\/\/www.urlaubcornwall.de\/blog\/wp-json\/wp\/v2\/comments?post=45808"}],"version-history":[{"count":2,"href":"https:\/\/www.urlaubcornwall.de\/blog\/wp-json\/wp\/v2\/pages\/45808\/revisions"}],"predecessor-version":[{"id":45811,"href":"https:\/\/www.urlaubcornwall.de\/blog\/wp-json\/wp\/v2\/pages\/45808\/revisions\/45811"}],"wp:attachment":[{"href":"https:\/\/www.urlaubcornwall.de\/blog\/wp-json\/wp\/v2\/media?parent=45808"}],"curies":[{"name":"wp","href":"https:\/\/api.w.org\/{rel}","templated":true}]}}