{"id":45804,"date":"2023-01-23T11:54:07","date_gmt":"2023-01-23T11:54:07","guid":{"rendered":"https:\/\/www.urlaubcornwall.de\/blog\/?page_id=45804"},"modified":"2024-05-31T09:40:54","modified_gmt":"2024-05-31T09:40:54","slug":"mawgan-porth-nordkueste-cornwall","status":"publish","type":"page","link":"https:\/\/www.urlaubcornwall.de\/blog\/mawgan-porth-nordkueste-cornwall\/","title":{"rendered":"Mawgan Porth, Nordk\u00fcste Cornwall"},"content":{"rendered":"<p><a href=\"https:\/\/www.urlaubcornwall.de\/blog\/wp-content\/uploads\/2017\/12\/ferienhaus-am-meer-mawgan-porth-10-personen.jpg\"><img loading=\"lazy\" src=\"https:\/\/www.urlaubcornwall.de\/blog\/wp-content\/uploads\/2017\/12\/ferienhaus-am-meer-mawgan-porth-10-personen.jpg\" alt=\"ferienhaus am meer mawgan porth\" width=\"741\" height=\"455\" class=\"alignnone size-full wp-image-31506\" srcset=\"https:\/\/www.urlaubcornwall.de\/blog\/wp-content\/uploads\/2017\/12\/ferienhaus-am-meer-mawgan-porth-10-personen.jpg 741w, https:\/\/www.urlaubcornwall.de\/blog\/wp-content\/uploads\/2017\/12\/ferienhaus-am-meer-mawgan-porth-10-personen-300x184.jpg 300w\" sizes=\"(max-width: 741px) 100vw, 741px\" \/><\/a><\/p>\n<p>Ein gro\u00dfer, nach Westen ausgerichteter Strand mit viel Sand bei Ebbe und beliebt bei Familien. <a href=\"https:\/\/www.urlaubcornwall.de\/ferienhaeuser-fewos\/mawgan-porth.html\">Mawgan Porth<\/a> wird von den steilen Klippen der Landzunge gest\u00fctzt und bietet einen gesch\u00fctzten Strandabschnitt auf halbem Weg zwischen <a href=\"https:\/\/www.urlaubcornwall.de\/ferienhaeuser-fewos\/newquay.html\">Newquay<\/a> und <a href=\"https:\/\/www.urlaubcornwall.de\/ferienhaeuser-fewos\/padstow.html\">Padstow<\/a>.<\/p>\n<p>Es ist das perfekte Urlaubsziel \u2013 suchen Sie sich also ein Ferienhaus mit Selbstverpflegung in Mawgan Porth aus, wo es auch landeinw\u00e4rts viel zu entdecken gibt. Um <a href=\"https:\/\/www.urlaubcornwall.de\/ferienhaeuser-fewos\/mawgan-porth.html\">UrlaubCornwall.de einzigartige Kollektion<\/a> nach Ihrem idealen Ferienhaus zu durchsuchen. <\/p>\n<p><a href=\"https:\/\/www.urlaubcornwall.de\/ferienhaeuser-fewos\/cornwall.html\">\u00dcber 2000 Pers\u00f6nlich inspizierte Ferienh\u00e4user und Ferienwohnungen in Cornwall<\/a><\/p>\n<div class=\"snippet\"> <a class=\"featured-item\" href=\"https:\/\/www.urlaubcornwall.de\/ferienhaeuser\/cornwall.php\"> <span class=\"image-holder\" style=\"background-image: url('https:\/\/www.urlaubcornwall.de\/blog\/wp-content\/uploads\/2018\/12\/familienurlaub-corwnall-snippet.jpg');\"><\/span> <span class=\"featured-content\"> \n<h2 class=\"featured-title\">Ferienh\u00e4user in Cornwall am Meer<\/h2>\n<p class=\"featured-body\">Cornwall besitzt mehr K\u00fcstenlinien als jede andere Grafschaft und bietet einige der besten Str\u00e4nde, K\u00fcstenwanderwege und Klippenlandschaften, die man \u00fcberhaupt finden kann&#8230; <\/p><\/span> <span class=\"featured-link-holder\"> <span class=\"featured-extra-info\"> \n<p>F\u00fcr Paare, Familien &#038; Gruppen<\/p>\n<\/span> \n<p class=\"featured-link\">DETAILS<\/p>\n<\/span> <\/a><\/div>\n","protected":false},"excerpt":{"rendered":"<p>Ein gro\u00dfer, nach Westen ausgerichteter Strand mit viel Sand bei Ebbe und beliebt bei Familien. Mawgan Porth wird von den steilen Klippen der Landzunge gest\u00fctzt und bietet einen gesch\u00fctzten Strandabschnitt auf halbem Weg zwischen Newquay und Padstow. Es ist das perfekte Urlaubsziel \u2013 suchen Sie sich also ein Ferienhaus mit Selbstverpflegung in Mawgan Porth aus, [&hellip;]<\/p>\n","protected":false},"author":1,"featured_media":0,"parent":0,"menu_order":0,"comment_status":"closed","ping_status":"closed","template":"single-four.php","meta":[],"acf":[],"yoast_head":"<!-- This site is optimized with the Yoast SEO plugin v19.4 - https:\/\/yoast.com\/wordpress\/plugins\/seo\/ -->\n<title>Mawgan Porth, Nordk\u00fcste Cornwall - Urlaub &amp; Reisen<\/title>\n<meta name=\"description\" content=\"Ein gro\u00dfer, nach Westen ausgerichteter Strand mit viel Sand bei Ebbe und beliebt bei Familien. Mawgan Porth wird von den steilen Klippen\" \/>\n<meta name=\"robots\" content=\"index, follow, max-snippet:-1, max-image-preview:large, max-video-preview:-1\" \/>\n<link rel=\"canonical\" href=\"https:\/\/www.urlaubcornwall.de\/blog\/mawgan-porth-nordkueste-cornwall\/\" \/>\n<meta property=\"og:locale\" content=\"en_US\" \/>\n<meta property=\"og:type\" content=\"article\" \/>\n<meta property=\"og:title\" content=\"Mawgan Porth, Nordk\u00fcste Cornwall - Urlaub &amp; Reisen\" \/>\n<meta property=\"og:description\" content=\"Ein gro\u00dfer, nach Westen ausgerichteter Strand mit viel Sand bei Ebbe und beliebt bei Familien. Mawgan Porth wird von den steilen Klippen\" \/>\n<meta property=\"og:url\" content=\"https:\/\/www.urlaubcornwall.de\/blog\/mawgan-porth-nordkueste-cornwall\/\" \/>\n<meta property=\"og:site_name\" content=\"Urlaub &amp; Reisen\" \/>\n<meta property=\"article:modified_time\" content=\"2024-05-31T09:40:54+00:00\" \/>\n<meta property=\"og:image\" content=\"https:\/\/www.urlaubcornwall.de\/blog\/wp-content\/uploads\/2017\/12\/ferienhaus-am-meer-mawgan-porth-10-personen.jpg\" \/>\n<meta name=\"twitter:card\" content=\"summary\" \/>\n<meta name=\"twitter:label1\" content=\"Est. reading time\" \/>\n\t<meta name=\"twitter:data1\" content=\"1 minute\" \/>\n<script type=\"application\/ld+json\" class=\"yoast-schema-graph\">{\"@context\":\"https:\/\/schema.org\",\"@graph\":[{\"@type\":\"WebSite\",\"@id\":\"https:\/\/www.urlaubcornwall.de\/blog\/#website\",\"url\":\"https:\/\/www.urlaubcornwall.de\/blog\/\",\"name\":\"Urlaub &amp; Reisen\",\"description\":\"Urlaub, Reisen, Cornwall und S\u00fcdengland: eine perfekte Kombination\",\"potentialAction\":[{\"@type\":\"SearchAction\",\"target\":{\"@type\":\"EntryPoint\",\"urlTemplate\":\"https:\/\/www.urlaubcornwall.de\/blog\/?s={search_term_string}\"},\"query-input\":\"required name=search_term_string\"}],\"inLanguage\":\"en-US\"},{\"@type\":\"WebPage\",\"@id\":\"https:\/\/www.urlaubcornwall.de\/blog\/mawgan-porth-nordkueste-cornwall\/\",\"url\":\"https:\/\/www.urlaubcornwall.de\/blog\/mawgan-porth-nordkueste-cornwall\/\",\"name\":\"Mawgan Porth, Nordk\u00fcste Cornwall - Urlaub &amp; Reisen\",\"isPartOf\":{\"@id\":\"https:\/\/www.urlaubcornwall.de\/blog\/#website\"},\"datePublished\":\"2023-01-23T11:54:07+00:00\",\"dateModified\":\"2024-05-31T09:40:54+00:00\",\"description\":\"Ein gro\u00dfer, nach Westen ausgerichteter Strand mit viel Sand bei Ebbe und beliebt bei Familien. Mawgan Porth wird von den steilen Klippen\",\"breadcrumb\":{\"@id\":\"https:\/\/www.urlaubcornwall.de\/blog\/mawgan-porth-nordkueste-cornwall\/#breadcrumb\"},\"inLanguage\":\"en-US\",\"potentialAction\":[{\"@type\":\"ReadAction\",\"target\":[\"https:\/\/www.urlaubcornwall.de\/blog\/mawgan-porth-nordkueste-cornwall\/\"]}]},{\"@type\":\"BreadcrumbList\",\"@id\":\"https:\/\/www.urlaubcornwall.de\/blog\/mawgan-porth-nordkueste-cornwall\/#breadcrumb\",\"itemListElement\":[{\"@type\":\"ListItem\",\"position\":1,\"name\":\"Home\",\"item\":\"https:\/\/www.urlaubcornwall.de\/blog\/\"},{\"@type\":\"ListItem\",\"position\":2,\"name\":\"Mawgan Porth, Nordk\u00fcste Cornwall\"}]}]}<\/script>\n<!-- \/ Yoast SEO plugin. -->","yoast_head_json":{"title":"Mawgan Porth, Nordk\u00fcste Cornwall - Urlaub &amp; Reisen","description":"Ein gro\u00dfer, nach Westen ausgerichteter Strand mit viel Sand bei Ebbe und beliebt bei Familien. Mawgan Porth wird von den steilen Klippen","robots":{"index":"index","follow":"follow","max-snippet":"max-snippet:-1","max-image-preview":"max-image-preview:large","max-video-preview":"max-video-preview:-1"},"canonical":"https:\/\/www.urlaubcornwall.de\/blog\/mawgan-porth-nordkueste-cornwall\/","og_locale":"en_US","og_type":"article","og_title":"Mawgan Porth, Nordk\u00fcste Cornwall - Urlaub &amp; Reisen","og_description":"Ein gro\u00dfer, nach Westen ausgerichteter Strand mit viel Sand bei Ebbe und beliebt bei Familien. Mawgan Porth wird von den steilen Klippen","og_url":"https:\/\/www.urlaubcornwall.de\/blog\/mawgan-porth-nordkueste-cornwall\/","og_site_name":"Urlaub &amp; Reisen","article_modified_time":"2024-05-31T09:40:54+00:00","og_image":[{"url":"https:\/\/www.urlaubcornwall.de\/blog\/wp-content\/uploads\/2017\/12\/ferienhaus-am-meer-mawgan-porth-10-personen.jpg"}],"twitter_card":"summary","twitter_misc":{"Est. reading time":"1 minute"},"schema":{"@context":"https:\/\/schema.org","@graph":[{"@type":"WebSite","@id":"https:\/\/www.urlaubcornwall.de\/blog\/#website","url":"https:\/\/www.urlaubcornwall.de\/blog\/","name":"Urlaub &amp; Reisen","description":"Urlaub, Reisen, Cornwall und S\u00fcdengland: eine perfekte Kombination","potentialAction":[{"@type":"SearchAction","target":{"@type":"EntryPoint","urlTemplate":"https:\/\/www.urlaubcornwall.de\/blog\/?s={search_term_string}"},"query-input":"required name=search_term_string"}],"inLanguage":"en-US"},{"@type":"WebPage","@id":"https:\/\/www.urlaubcornwall.de\/blog\/mawgan-porth-nordkueste-cornwall\/","url":"https:\/\/www.urlaubcornwall.de\/blog\/mawgan-porth-nordkueste-cornwall\/","name":"Mawgan Porth, Nordk\u00fcste Cornwall - Urlaub &amp; Reisen","isPartOf":{"@id":"https:\/\/www.urlaubcornwall.de\/blog\/#website"},"datePublished":"2023-01-23T11:54:07+00:00","dateModified":"2024-05-31T09:40:54+00:00","description":"Ein gro\u00dfer, nach Westen ausgerichteter Strand mit viel Sand bei Ebbe und beliebt bei Familien. Mawgan Porth wird von den steilen Klippen","breadcrumb":{"@id":"https:\/\/www.urlaubcornwall.de\/blog\/mawgan-porth-nordkueste-cornwall\/#breadcrumb"},"inLanguage":"en-US","potentialAction":[{"@type":"ReadAction","target":["https:\/\/www.urlaubcornwall.de\/blog\/mawgan-porth-nordkueste-cornwall\/"]}]},{"@type":"BreadcrumbList","@id":"https:\/\/www.urlaubcornwall.de\/blog\/mawgan-porth-nordkueste-cornwall\/#breadcrumb","itemListElement":[{"@type":"ListItem","position":1,"name":"Home","item":"https:\/\/www.urlaubcornwall.de\/blog\/"},{"@type":"ListItem","position":2,"name":"Mawgan Porth, Nordk\u00fcste Cornwall"}]}]}},"_links":{"self":[{"href":"https:\/\/www.urlaubcornwall.de\/blog\/wp-json\/wp\/v2\/pages\/45804"}],"collection":[{"href":"https:\/\/www.urlaubcornwall.de\/blog\/wp-json\/wp\/v2\/pages"}],"about":[{"href":"https:\/\/www.urlaubcornwall.de\/blog\/wp-json\/wp\/v2\/types\/page"}],"author":[{"embeddable":true,"href":"https:\/\/www.urlaubcornwall.de\/blog\/wp-json\/wp\/v2\/users\/1"}],"replies":[{"embeddable":true,"href":"https:\/\/www.urlaubcornwall.de\/blog\/wp-json\/wp\/v2\/comments?post=45804"}],"version-history":[{"count":4,"href":"https:\/\/www.urlaubcornwall.de\/blog\/wp-json\/wp\/v2\/pages\/45804\/revisions"}],"predecessor-version":[{"id":51286,"href":"https:\/\/www.urlaubcornwall.de\/blog\/wp-json\/wp\/v2\/pages\/45804\/revisions\/51286"}],"wp:attachment":[{"href":"https:\/\/www.urlaubcornwall.de\/blog\/wp-json\/wp\/v2\/media?parent=45804"}],"curies":[{"name":"wp","href":"https:\/\/api.w.org\/{rel}","templated":true}]}}