{"id":45773,"date":"2023-01-13T10:40:04","date_gmt":"2023-01-13T10:40:04","guid":{"rendered":"https:\/\/www.urlaubcornwall.de\/blog\/?page_id=45773"},"modified":"2023-01-13T10:40:04","modified_gmt":"2023-01-13T10:40:04","slug":"ferienhaus-north-uist-outer-hebrides","status":"publish","type":"page","link":"https:\/\/www.urlaubcornwall.de\/blog\/ferienhaus-north-uist-outer-hebrides\/","title":{"rendered":"Ferienhaus North Uist, Outer Hebrides"},"content":{"rendered":"<p><img loading=\"lazy\" class=\"aligncenter size-full wp-image-45774\" src=\"https:\/\/www.urlaubcornwall.de\/blog\/wp-content\/uploads\/2023\/01\/feirenhaus-outer-hebrides_north_uist.jpg\" alt=\"feirenhaus outer hebrides_north_uist\" width=\"750\" height=\"563\" srcset=\"https:\/\/www.urlaubcornwall.de\/blog\/wp-content\/uploads\/2023\/01\/feirenhaus-outer-hebrides_north_uist.jpg 750w, https:\/\/www.urlaubcornwall.de\/blog\/wp-content\/uploads\/2023\/01\/feirenhaus-outer-hebrides_north_uist-300x225.jpg 300w\" sizes=\"(max-width: 750px) 100vw, 750px\" \/><\/p>\n<p><a href=\"https:\/\/www.urlaubcornwall.de\/ferienhaeuser-fewos\/unterkunft\/Holiday\/77239-3-bedroom-cottage-in-north-uist---77239.html\">Hundefreundlich Ferienhaus Strandnah, North-Uist, Schottische Inseln.<\/a><\/p>\n<p>Auf der Isle of North Uist, einem geschichtstr\u00e4chtigen Ort, an dem es viel zu entdecken gibt. Besuchen Sie den Trinity Temple, eine historische Ruine, die von europ\u00e4ischer Bedeutung ist und m\u00f6glicherweise Schottlands \u00e4lteste Universit\u00e4t war. Sie k\u00f6nnen auch die Barpa Langass, eine 5.000 Jahre alte Grabkammer, erkunden. Verbringen Sie einige Zeit auf dem Uist Sculpture Trail, einer Kombination aus sieben Auftragsarbeiten, die an verschiedenen Orten in den Uists und Benbecula gefunden wurden.<\/p>\n<p>Schlafplatz f\u00fcr 6 | Schlafzimmer:3 | Badezimmer:2 | Erwachsene:6 | Babys:1 | Haustiere: 2<\/p>\n<p style=\"text-align: center;\"><a class=\"tidycta\" href=\"https:\/\/www.urlaubcornwall.de\/ferienhaeuser-fewos\/sco\/schottland.html\">Suche Ferienh\u00e4user in Schottland<\/a><\/p>\n","protected":false},"excerpt":{"rendered":"<p>Hundefreundlich Ferienhaus Strandnah, North-Uist, Schottische Inseln. Auf der Isle of North Uist, einem geschichtstr\u00e4chtigen Ort, an dem es viel zu entdecken gibt. Besuchen Sie den Trinity Temple, eine historische Ruine, die von europ\u00e4ischer Bedeutung ist und m\u00f6glicherweise Schottlands \u00e4lteste Universit\u00e4t war. Sie k\u00f6nnen auch die Barpa Langass, eine 5.000 Jahre alte Grabkammer, erkunden. Verbringen Sie [&hellip;]<\/p>\n","protected":false},"author":1,"featured_media":0,"parent":0,"menu_order":0,"comment_status":"closed","ping_status":"closed","template":"single-four.php","meta":[],"acf":[],"yoast_head":"<!-- This site is optimized with the Yoast SEO plugin v19.4 - https:\/\/yoast.com\/wordpress\/plugins\/seo\/ -->\n<title>Ferienhaus North Uist, Outer Hebrides - Urlaub &amp; Reisen<\/title>\n<meta name=\"robots\" content=\"index, follow, max-snippet:-1, max-image-preview:large, max-video-preview:-1\" \/>\n<link rel=\"canonical\" href=\"https:\/\/www.urlaubcornwall.de\/blog\/ferienhaus-north-uist-outer-hebrides\/\" \/>\n<meta property=\"og:locale\" content=\"en_US\" \/>\n<meta property=\"og:type\" content=\"article\" \/>\n<meta property=\"og:title\" content=\"Ferienhaus North Uist, Outer Hebrides - Urlaub &amp; Reisen\" \/>\n<meta property=\"og:description\" content=\"Hundefreundlich Ferienhaus Strandnah, North-Uist, Schottische Inseln. Auf der Isle of North Uist, einem geschichtstr\u00e4chtigen Ort, an dem es viel zu entdecken gibt. Besuchen Sie den Trinity Temple, eine historische Ruine, die von europ\u00e4ischer Bedeutung ist und m\u00f6glicherweise Schottlands \u00e4lteste Universit\u00e4t war. Sie k\u00f6nnen auch die Barpa Langass, eine 5.000 Jahre alte Grabkammer, erkunden. Verbringen Sie [&hellip;]\" \/>\n<meta property=\"og:url\" content=\"https:\/\/www.urlaubcornwall.de\/blog\/ferienhaus-north-uist-outer-hebrides\/\" \/>\n<meta property=\"og:site_name\" content=\"Urlaub &amp; Reisen\" \/>\n<meta property=\"og:image\" content=\"https:\/\/www.urlaubcornwall.de\/blog\/wp-content\/uploads\/2023\/01\/feirenhaus-outer-hebrides_north_uist.jpg\" \/>\n<meta name=\"twitter:card\" content=\"summary\" \/>\n<script type=\"application\/ld+json\" class=\"yoast-schema-graph\">{\"@context\":\"https:\/\/schema.org\",\"@graph\":[{\"@type\":\"WebSite\",\"@id\":\"https:\/\/www.urlaubcornwall.de\/blog\/#website\",\"url\":\"https:\/\/www.urlaubcornwall.de\/blog\/\",\"name\":\"Urlaub &amp; Reisen\",\"description\":\"Urlaub, Reisen, Cornwall und S\u00fcdengland: eine perfekte Kombination\",\"potentialAction\":[{\"@type\":\"SearchAction\",\"target\":{\"@type\":\"EntryPoint\",\"urlTemplate\":\"https:\/\/www.urlaubcornwall.de\/blog\/?s={search_term_string}\"},\"query-input\":\"required name=search_term_string\"}],\"inLanguage\":\"en-US\"},{\"@type\":\"WebPage\",\"@id\":\"https:\/\/www.urlaubcornwall.de\/blog\/ferienhaus-north-uist-outer-hebrides\/\",\"url\":\"https:\/\/www.urlaubcornwall.de\/blog\/ferienhaus-north-uist-outer-hebrides\/\",\"name\":\"Ferienhaus North Uist, Outer Hebrides - Urlaub &amp; Reisen\",\"isPartOf\":{\"@id\":\"https:\/\/www.urlaubcornwall.de\/blog\/#website\"},\"datePublished\":\"2023-01-13T10:40:04+00:00\",\"dateModified\":\"2023-01-13T10:40:04+00:00\",\"breadcrumb\":{\"@id\":\"https:\/\/www.urlaubcornwall.de\/blog\/ferienhaus-north-uist-outer-hebrides\/#breadcrumb\"},\"inLanguage\":\"en-US\",\"potentialAction\":[{\"@type\":\"ReadAction\",\"target\":[\"https:\/\/www.urlaubcornwall.de\/blog\/ferienhaus-north-uist-outer-hebrides\/\"]}]},{\"@type\":\"BreadcrumbList\",\"@id\":\"https:\/\/www.urlaubcornwall.de\/blog\/ferienhaus-north-uist-outer-hebrides\/#breadcrumb\",\"itemListElement\":[{\"@type\":\"ListItem\",\"position\":1,\"name\":\"Home\",\"item\":\"https:\/\/www.urlaubcornwall.de\/blog\/\"},{\"@type\":\"ListItem\",\"position\":2,\"name\":\"Ferienhaus North Uist, Outer Hebrides\"}]}]}<\/script>\n<!-- \/ Yoast SEO plugin. -->","yoast_head_json":{"title":"Ferienhaus North Uist, Outer Hebrides - Urlaub &amp; Reisen","robots":{"index":"index","follow":"follow","max-snippet":"max-snippet:-1","max-image-preview":"max-image-preview:large","max-video-preview":"max-video-preview:-1"},"canonical":"https:\/\/www.urlaubcornwall.de\/blog\/ferienhaus-north-uist-outer-hebrides\/","og_locale":"en_US","og_type":"article","og_title":"Ferienhaus North Uist, Outer Hebrides - Urlaub &amp; Reisen","og_description":"Hundefreundlich Ferienhaus Strandnah, North-Uist, Schottische Inseln. Auf der Isle of North Uist, einem geschichtstr\u00e4chtigen Ort, an dem es viel zu entdecken gibt. Besuchen Sie den Trinity Temple, eine historische Ruine, die von europ\u00e4ischer Bedeutung ist und m\u00f6glicherweise Schottlands \u00e4lteste Universit\u00e4t war. Sie k\u00f6nnen auch die Barpa Langass, eine 5.000 Jahre alte Grabkammer, erkunden. Verbringen Sie [&hellip;]","og_url":"https:\/\/www.urlaubcornwall.de\/blog\/ferienhaus-north-uist-outer-hebrides\/","og_site_name":"Urlaub &amp; Reisen","og_image":[{"url":"https:\/\/www.urlaubcornwall.de\/blog\/wp-content\/uploads\/2023\/01\/feirenhaus-outer-hebrides_north_uist.jpg"}],"twitter_card":"summary","schema":{"@context":"https:\/\/schema.org","@graph":[{"@type":"WebSite","@id":"https:\/\/www.urlaubcornwall.de\/blog\/#website","url":"https:\/\/www.urlaubcornwall.de\/blog\/","name":"Urlaub &amp; Reisen","description":"Urlaub, Reisen, Cornwall und S\u00fcdengland: eine perfekte Kombination","potentialAction":[{"@type":"SearchAction","target":{"@type":"EntryPoint","urlTemplate":"https:\/\/www.urlaubcornwall.de\/blog\/?s={search_term_string}"},"query-input":"required name=search_term_string"}],"inLanguage":"en-US"},{"@type":"WebPage","@id":"https:\/\/www.urlaubcornwall.de\/blog\/ferienhaus-north-uist-outer-hebrides\/","url":"https:\/\/www.urlaubcornwall.de\/blog\/ferienhaus-north-uist-outer-hebrides\/","name":"Ferienhaus North Uist, Outer Hebrides - Urlaub &amp; Reisen","isPartOf":{"@id":"https:\/\/www.urlaubcornwall.de\/blog\/#website"},"datePublished":"2023-01-13T10:40:04+00:00","dateModified":"2023-01-13T10:40:04+00:00","breadcrumb":{"@id":"https:\/\/www.urlaubcornwall.de\/blog\/ferienhaus-north-uist-outer-hebrides\/#breadcrumb"},"inLanguage":"en-US","potentialAction":[{"@type":"ReadAction","target":["https:\/\/www.urlaubcornwall.de\/blog\/ferienhaus-north-uist-outer-hebrides\/"]}]},{"@type":"BreadcrumbList","@id":"https:\/\/www.urlaubcornwall.de\/blog\/ferienhaus-north-uist-outer-hebrides\/#breadcrumb","itemListElement":[{"@type":"ListItem","position":1,"name":"Home","item":"https:\/\/www.urlaubcornwall.de\/blog\/"},{"@type":"ListItem","position":2,"name":"Ferienhaus North Uist, Outer Hebrides"}]}]}},"_links":{"self":[{"href":"https:\/\/www.urlaubcornwall.de\/blog\/wp-json\/wp\/v2\/pages\/45773"}],"collection":[{"href":"https:\/\/www.urlaubcornwall.de\/blog\/wp-json\/wp\/v2\/pages"}],"about":[{"href":"https:\/\/www.urlaubcornwall.de\/blog\/wp-json\/wp\/v2\/types\/page"}],"author":[{"embeddable":true,"href":"https:\/\/www.urlaubcornwall.de\/blog\/wp-json\/wp\/v2\/users\/1"}],"replies":[{"embeddable":true,"href":"https:\/\/www.urlaubcornwall.de\/blog\/wp-json\/wp\/v2\/comments?post=45773"}],"version-history":[{"count":1,"href":"https:\/\/www.urlaubcornwall.de\/blog\/wp-json\/wp\/v2\/pages\/45773\/revisions"}],"predecessor-version":[{"id":45775,"href":"https:\/\/www.urlaubcornwall.de\/blog\/wp-json\/wp\/v2\/pages\/45773\/revisions\/45775"}],"wp:attachment":[{"href":"https:\/\/www.urlaubcornwall.de\/blog\/wp-json\/wp\/v2\/media?parent=45773"}],"curies":[{"name":"wp","href":"https:\/\/api.w.org\/{rel}","templated":true}]}}