{"id":45770,"date":"2023-01-13T10:20:23","date_gmt":"2023-01-13T10:20:23","guid":{"rendered":"https:\/\/www.urlaubcornwall.de\/blog\/?page_id=45770"},"modified":"2023-01-13T10:20:23","modified_gmt":"2023-01-13T10:20:23","slug":"ferienhaus-outer-hebriden","status":"publish","type":"page","link":"https:\/\/www.urlaubcornwall.de\/blog\/ferienhaus-outer-hebriden\/","title":{"rendered":"Ferienhaus in \u00c4u\u00dfere Hebriden"},"content":{"rendered":"<p><img loading=\"lazy\" class=\"aligncenter size-full wp-image-45771\" src=\"https:\/\/www.urlaubcornwall.de\/blog\/wp-content\/uploads\/2023\/01\/ferienhaus-north-uist-outer-hedrides_urlaub.jpg\" alt=\"ferienhaus north uist outer hedrides_urlaub\" width=\"750\" height=\"563\" srcset=\"https:\/\/www.urlaubcornwall.de\/blog\/wp-content\/uploads\/2023\/01\/ferienhaus-north-uist-outer-hedrides_urlaub.jpg 750w, https:\/\/www.urlaubcornwall.de\/blog\/wp-content\/uploads\/2023\/01\/ferienhaus-north-uist-outer-hedrides_urlaub-300x225.jpg 300w\" sizes=\"(max-width: 750px) 100vw, 750px\" \/><\/p>\n<p><a href=\"https:\/\/www.urlaubcornwall.de\/ferienhaeuser-fewos\/unterkunft\/Holiday\/87983-3-bedroom-house-in-lochmaddy---87983.html\">Hundefreundlich Ferienhaus nahe Lochmaddy Strandnah, North Uist, Outer Hebrides, Schottische Inseln<\/a><\/p>\n<p>Diese Immobilie befindet sich in perfekter Lage in der ruhigen Stadt Carinish im S\u00fcden von North Uist. Genie\u00dfen Sie die wundersch\u00f6nen Str\u00e4nde und das t\u00fcrkisfarbene Wasser, die so weitl\u00e4ufig sind, dass Sie sie oft ganz f\u00fcr sich allein haben werden! North Uist grenzt an South Uist (20km) durch einen der vielen D\u00e4mme, die Ihnen den Zugang zu Benbecula (4 Meilen), Berneray (40km) und Baleshare (5km) erm\u00f6glichen.<\/p>\n<p>Schlafplatz f\u00fcr 6 | Schlafzimmer:3 | Badezimmer:2 | Erwachsene:6 | Babys:1 | Haustiere:1<\/p>\n<p style=\"text-align: center;\"><a class=\"tidycta\" href=\"https:\/\/www.urlaubcornwall.de\/ferienhaeuser-fewos\/sco\/schottland.html\">Suche Ferienh\u00e4user in Schottland<\/a><\/p>\n","protected":false},"excerpt":{"rendered":"<p>Hundefreundlich Ferienhaus nahe Lochmaddy Strandnah, North Uist, Outer Hebrides, Schottische Inseln Diese Immobilie befindet sich in perfekter Lage in der ruhigen Stadt Carinish im S\u00fcden von North Uist. Genie\u00dfen Sie die wundersch\u00f6nen Str\u00e4nde und das t\u00fcrkisfarbene Wasser, die so weitl\u00e4ufig sind, dass Sie sie oft ganz f\u00fcr sich allein haben werden! North Uist grenzt an [&hellip;]<\/p>\n","protected":false},"author":1,"featured_media":0,"parent":0,"menu_order":0,"comment_status":"closed","ping_status":"closed","template":"single-four.php","meta":[],"acf":[],"yoast_head":"<!-- This site is optimized with the Yoast SEO plugin v19.4 - https:\/\/yoast.com\/wordpress\/plugins\/seo\/ -->\n<title>Ferienhaus in \u00c4u\u00dfere Hebriden - Urlaub &amp; Reisen<\/title>\n<meta name=\"description\" content=\"Diese Immobilie befindet sich in perfekter Lage in der ruhigen Stadt Carinish im S\u00fcden von North Uist. Genie\u00dfen Sie die wundersch\u00f6nen Str\u00e4nde\" \/>\n<meta name=\"robots\" content=\"index, follow, max-snippet:-1, max-image-preview:large, max-video-preview:-1\" \/>\n<link rel=\"canonical\" href=\"https:\/\/www.urlaubcornwall.de\/blog\/ferienhaus-outer-hebriden\/\" \/>\n<meta property=\"og:locale\" content=\"en_US\" \/>\n<meta property=\"og:type\" content=\"article\" \/>\n<meta property=\"og:title\" content=\"Ferienhaus in \u00c4u\u00dfere Hebriden - Urlaub &amp; Reisen\" \/>\n<meta property=\"og:description\" content=\"Diese Immobilie befindet sich in perfekter Lage in der ruhigen Stadt Carinish im S\u00fcden von North Uist. Genie\u00dfen Sie die wundersch\u00f6nen Str\u00e4nde\" \/>\n<meta property=\"og:url\" content=\"https:\/\/www.urlaubcornwall.de\/blog\/ferienhaus-outer-hebriden\/\" \/>\n<meta property=\"og:site_name\" content=\"Urlaub &amp; Reisen\" \/>\n<meta property=\"og:image\" content=\"https:\/\/www.urlaubcornwall.de\/blog\/wp-content\/uploads\/2023\/01\/ferienhaus-north-uist-outer-hedrides_urlaub.jpg\" \/>\n<meta name=\"twitter:card\" content=\"summary\" \/>\n<script type=\"application\/ld+json\" class=\"yoast-schema-graph\">{\"@context\":\"https:\/\/schema.org\",\"@graph\":[{\"@type\":\"WebSite\",\"@id\":\"https:\/\/www.urlaubcornwall.de\/blog\/#website\",\"url\":\"https:\/\/www.urlaubcornwall.de\/blog\/\",\"name\":\"Urlaub &amp; Reisen\",\"description\":\"Urlaub, Reisen, Cornwall und S\u00fcdengland: eine perfekte Kombination\",\"potentialAction\":[{\"@type\":\"SearchAction\",\"target\":{\"@type\":\"EntryPoint\",\"urlTemplate\":\"https:\/\/www.urlaubcornwall.de\/blog\/?s={search_term_string}\"},\"query-input\":\"required name=search_term_string\"}],\"inLanguage\":\"en-US\"},{\"@type\":\"WebPage\",\"@id\":\"https:\/\/www.urlaubcornwall.de\/blog\/ferienhaus-outer-hebriden\/\",\"url\":\"https:\/\/www.urlaubcornwall.de\/blog\/ferienhaus-outer-hebriden\/\",\"name\":\"Ferienhaus in \u00c4u\u00dfere Hebriden - Urlaub &amp; Reisen\",\"isPartOf\":{\"@id\":\"https:\/\/www.urlaubcornwall.de\/blog\/#website\"},\"datePublished\":\"2023-01-13T10:20:23+00:00\",\"dateModified\":\"2023-01-13T10:20:23+00:00\",\"description\":\"Diese Immobilie befindet sich in perfekter Lage in der ruhigen Stadt Carinish im S\u00fcden von North Uist. Genie\u00dfen Sie die wundersch\u00f6nen Str\u00e4nde\",\"breadcrumb\":{\"@id\":\"https:\/\/www.urlaubcornwall.de\/blog\/ferienhaus-outer-hebriden\/#breadcrumb\"},\"inLanguage\":\"en-US\",\"potentialAction\":[{\"@type\":\"ReadAction\",\"target\":[\"https:\/\/www.urlaubcornwall.de\/blog\/ferienhaus-outer-hebriden\/\"]}]},{\"@type\":\"BreadcrumbList\",\"@id\":\"https:\/\/www.urlaubcornwall.de\/blog\/ferienhaus-outer-hebriden\/#breadcrumb\",\"itemListElement\":[{\"@type\":\"ListItem\",\"position\":1,\"name\":\"Home\",\"item\":\"https:\/\/www.urlaubcornwall.de\/blog\/\"},{\"@type\":\"ListItem\",\"position\":2,\"name\":\"Ferienhaus in \u00c4u\u00dfere Hebriden\"}]}]}<\/script>\n<!-- \/ Yoast SEO plugin. -->","yoast_head_json":{"title":"Ferienhaus in \u00c4u\u00dfere Hebriden - Urlaub &amp; Reisen","description":"Diese Immobilie befindet sich in perfekter Lage in der ruhigen Stadt Carinish im S\u00fcden von North Uist. Genie\u00dfen Sie die wundersch\u00f6nen Str\u00e4nde","robots":{"index":"index","follow":"follow","max-snippet":"max-snippet:-1","max-image-preview":"max-image-preview:large","max-video-preview":"max-video-preview:-1"},"canonical":"https:\/\/www.urlaubcornwall.de\/blog\/ferienhaus-outer-hebriden\/","og_locale":"en_US","og_type":"article","og_title":"Ferienhaus in \u00c4u\u00dfere Hebriden - Urlaub &amp; Reisen","og_description":"Diese Immobilie befindet sich in perfekter Lage in der ruhigen Stadt Carinish im S\u00fcden von North Uist. Genie\u00dfen Sie die wundersch\u00f6nen Str\u00e4nde","og_url":"https:\/\/www.urlaubcornwall.de\/blog\/ferienhaus-outer-hebriden\/","og_site_name":"Urlaub &amp; Reisen","og_image":[{"url":"https:\/\/www.urlaubcornwall.de\/blog\/wp-content\/uploads\/2023\/01\/ferienhaus-north-uist-outer-hedrides_urlaub.jpg"}],"twitter_card":"summary","schema":{"@context":"https:\/\/schema.org","@graph":[{"@type":"WebSite","@id":"https:\/\/www.urlaubcornwall.de\/blog\/#website","url":"https:\/\/www.urlaubcornwall.de\/blog\/","name":"Urlaub &amp; Reisen","description":"Urlaub, Reisen, Cornwall und S\u00fcdengland: eine perfekte Kombination","potentialAction":[{"@type":"SearchAction","target":{"@type":"EntryPoint","urlTemplate":"https:\/\/www.urlaubcornwall.de\/blog\/?s={search_term_string}"},"query-input":"required name=search_term_string"}],"inLanguage":"en-US"},{"@type":"WebPage","@id":"https:\/\/www.urlaubcornwall.de\/blog\/ferienhaus-outer-hebriden\/","url":"https:\/\/www.urlaubcornwall.de\/blog\/ferienhaus-outer-hebriden\/","name":"Ferienhaus in \u00c4u\u00dfere Hebriden - Urlaub &amp; Reisen","isPartOf":{"@id":"https:\/\/www.urlaubcornwall.de\/blog\/#website"},"datePublished":"2023-01-13T10:20:23+00:00","dateModified":"2023-01-13T10:20:23+00:00","description":"Diese Immobilie befindet sich in perfekter Lage in der ruhigen Stadt Carinish im S\u00fcden von North Uist. Genie\u00dfen Sie die wundersch\u00f6nen Str\u00e4nde","breadcrumb":{"@id":"https:\/\/www.urlaubcornwall.de\/blog\/ferienhaus-outer-hebriden\/#breadcrumb"},"inLanguage":"en-US","potentialAction":[{"@type":"ReadAction","target":["https:\/\/www.urlaubcornwall.de\/blog\/ferienhaus-outer-hebriden\/"]}]},{"@type":"BreadcrumbList","@id":"https:\/\/www.urlaubcornwall.de\/blog\/ferienhaus-outer-hebriden\/#breadcrumb","itemListElement":[{"@type":"ListItem","position":1,"name":"Home","item":"https:\/\/www.urlaubcornwall.de\/blog\/"},{"@type":"ListItem","position":2,"name":"Ferienhaus in \u00c4u\u00dfere Hebriden"}]}]}},"_links":{"self":[{"href":"https:\/\/www.urlaubcornwall.de\/blog\/wp-json\/wp\/v2\/pages\/45770"}],"collection":[{"href":"https:\/\/www.urlaubcornwall.de\/blog\/wp-json\/wp\/v2\/pages"}],"about":[{"href":"https:\/\/www.urlaubcornwall.de\/blog\/wp-json\/wp\/v2\/types\/page"}],"author":[{"embeddable":true,"href":"https:\/\/www.urlaubcornwall.de\/blog\/wp-json\/wp\/v2\/users\/1"}],"replies":[{"embeddable":true,"href":"https:\/\/www.urlaubcornwall.de\/blog\/wp-json\/wp\/v2\/comments?post=45770"}],"version-history":[{"count":1,"href":"https:\/\/www.urlaubcornwall.de\/blog\/wp-json\/wp\/v2\/pages\/45770\/revisions"}],"predecessor-version":[{"id":45772,"href":"https:\/\/www.urlaubcornwall.de\/blog\/wp-json\/wp\/v2\/pages\/45770\/revisions\/45772"}],"wp:attachment":[{"href":"https:\/\/www.urlaubcornwall.de\/blog\/wp-json\/wp\/v2\/media?parent=45770"}],"curies":[{"name":"wp","href":"https:\/\/api.w.org\/{rel}","templated":true}]}}