{"id":45760,"date":"2023-01-09T16:07:27","date_gmt":"2023-01-09T16:07:27","guid":{"rendered":"https:\/\/www.urlaubcornwall.de\/blog\/?page_id=45760"},"modified":"2023-01-09T16:07:27","modified_gmt":"2023-01-09T16:07:27","slug":"spaceport-cornwall-letzte-vorbereitungen-vor-dem-allerersten-raketenstart-grossbritanniens","status":"publish","type":"page","link":"https:\/\/www.urlaubcornwall.de\/blog\/spaceport-cornwall-letzte-vorbereitungen-vor-dem-allerersten-raketenstart-grossbritanniens\/","title":{"rendered":"Spaceport Cornwall: Letzte Vorbereitungen vor dem allerersten Raketenstart Gro\u00dfbritanniens"},"content":{"rendered":"<p><img loading=\"lazy\" class=\"aligncenter size-full wp-image-45761\" src=\"https:\/\/www.urlaubcornwall.de\/blog\/wp-content\/uploads\/2023\/01\/Spaceport-Cornwall-Letzte-Vorbereitungen-vor-dem-allerersten-Raketenstart-Grosbritanniens.jpg\" alt=\"Spaceport Cornwall Letzte Vorbereitungen vor dem allerersten Raketenstart Gro\u00dfbritanniens\" width=\"750\" height=\"422\" srcset=\"https:\/\/www.urlaubcornwall.de\/blog\/wp-content\/uploads\/2023\/01\/Spaceport-Cornwall-Letzte-Vorbereitungen-vor-dem-allerersten-Raketenstart-Grosbritanniens.jpg 750w, https:\/\/www.urlaubcornwall.de\/blog\/wp-content\/uploads\/2023\/01\/Spaceport-Cornwall-Letzte-Vorbereitungen-vor-dem-allerersten-Raketenstart-Grosbritanniens-300x169.jpg 300w\" sizes=\"(max-width: 750px) 100vw, 750px\" \/><\/p>\n<p>Vor dem allerersten Raketenstart von britischem Boden laufen die letzten Vorbereitungen.<\/p>\n<p>Mehrere Satelliten sollen heute Abend (9. Januar) vom Cornwall Airport Newquay ins All geschossen werden. Wenn alles nach Plan l\u00e4uft, wird der Start im Rahmen der Start Me Up-Mission am Spaceport Cornwall stattfinden.<\/p>\n<p>Das erste Fenster f\u00fcr die historische Mission wird am Montag um 22.16 Uhr ge\u00f6ffnet, mit zus\u00e4tzlichen Backup-Terminen, die bis Mitte und Ende Januar andauern<\/p>\n<p>Die Mission, die zu Ehren des Hits der Rolling Stones aus dem Jahr 1981 benannt wurde, umfasst ein umfunktioniertes Boeing 747-Flugzeug von Virgin Atlantic und die LauncherOne-Rakete von Virgin Orbit.<\/p>\n<p>Die 747 mit dem Namen Cosmic Girl wird horizontal von der neuen Anlage abheben, w\u00e4hrend sie die Rakete tr\u00e4gt.<\/p>\n<p>Vielleicht k\u00f6nnte Cornwall eines Tages die Heimat des Weltraumtourismus werden.<\/p>\n","protected":false},"excerpt":{"rendered":"<p>Vor dem allerersten Raketenstart von britischem Boden laufen die letzten Vorbereitungen. Mehrere Satelliten sollen heute Abend (9. Januar) vom Cornwall Airport Newquay ins All geschossen werden. Wenn alles nach Plan l\u00e4uft, wird der Start im Rahmen der Start Me Up-Mission am Spaceport Cornwall stattfinden. Das erste Fenster f\u00fcr die historische Mission wird am Montag um [&hellip;]<\/p>\n","protected":false},"author":1,"featured_media":0,"parent":0,"menu_order":0,"comment_status":"closed","ping_status":"closed","template":"single-four.php","meta":[],"acf":[],"yoast_head":"<!-- This site is optimized with the Yoast SEO plugin v19.4 - https:\/\/yoast.com\/wordpress\/plugins\/seo\/ -->\n<title>Spaceport Cornwall: Letzte Vorbereitungen vor dem allerersten Raketenstart Gro\u00dfbritanniens - Urlaub &amp; Reisen<\/title>\n<meta name=\"description\" content=\"Mehrere Satelliten sollen heute Abend (9. Januar) vom Cornwall Airport Newquay ins All geschossen werden. Wenn alles nach Plan l\u00e4uft.\" \/>\n<meta name=\"robots\" content=\"index, follow, max-snippet:-1, max-image-preview:large, max-video-preview:-1\" \/>\n<link rel=\"canonical\" href=\"https:\/\/www.urlaubcornwall.de\/blog\/spaceport-cornwall-letzte-vorbereitungen-vor-dem-allerersten-raketenstart-grossbritanniens\/\" \/>\n<meta property=\"og:locale\" content=\"en_US\" \/>\n<meta property=\"og:type\" content=\"article\" \/>\n<meta property=\"og:title\" content=\"Spaceport Cornwall: Letzte Vorbereitungen vor dem allerersten Raketenstart Gro\u00dfbritanniens - Urlaub &amp; Reisen\" \/>\n<meta property=\"og:description\" content=\"Mehrere Satelliten sollen heute Abend (9. Januar) vom Cornwall Airport Newquay ins All geschossen werden. Wenn alles nach Plan l\u00e4uft.\" \/>\n<meta property=\"og:url\" content=\"https:\/\/www.urlaubcornwall.de\/blog\/spaceport-cornwall-letzte-vorbereitungen-vor-dem-allerersten-raketenstart-grossbritanniens\/\" \/>\n<meta property=\"og:site_name\" content=\"Urlaub &amp; Reisen\" \/>\n<meta property=\"og:image\" content=\"https:\/\/www.urlaubcornwall.de\/blog\/wp-content\/uploads\/2023\/01\/Spaceport-Cornwall-Letzte-Vorbereitungen-vor-dem-allerersten-Raketenstart-Grosbritanniens.jpg\" \/>\n<meta name=\"twitter:card\" content=\"summary\" \/>\n<script type=\"application\/ld+json\" class=\"yoast-schema-graph\">{\"@context\":\"https:\/\/schema.org\",\"@graph\":[{\"@type\":\"WebSite\",\"@id\":\"https:\/\/www.urlaubcornwall.de\/blog\/#website\",\"url\":\"https:\/\/www.urlaubcornwall.de\/blog\/\",\"name\":\"Urlaub &amp; Reisen\",\"description\":\"Urlaub, Reisen, Cornwall und S\u00fcdengland: eine perfekte Kombination\",\"potentialAction\":[{\"@type\":\"SearchAction\",\"target\":{\"@type\":\"EntryPoint\",\"urlTemplate\":\"https:\/\/www.urlaubcornwall.de\/blog\/?s={search_term_string}\"},\"query-input\":\"required name=search_term_string\"}],\"inLanguage\":\"en-US\"},{\"@type\":\"WebPage\",\"@id\":\"https:\/\/www.urlaubcornwall.de\/blog\/spaceport-cornwall-letzte-vorbereitungen-vor-dem-allerersten-raketenstart-grossbritanniens\/\",\"url\":\"https:\/\/www.urlaubcornwall.de\/blog\/spaceport-cornwall-letzte-vorbereitungen-vor-dem-allerersten-raketenstart-grossbritanniens\/\",\"name\":\"Spaceport Cornwall: Letzte Vorbereitungen vor dem allerersten Raketenstart Gro\u00dfbritanniens - Urlaub &amp; Reisen\",\"isPartOf\":{\"@id\":\"https:\/\/www.urlaubcornwall.de\/blog\/#website\"},\"datePublished\":\"2023-01-09T16:07:27+00:00\",\"dateModified\":\"2023-01-09T16:07:27+00:00\",\"description\":\"Mehrere Satelliten sollen heute Abend (9. Januar) vom Cornwall Airport Newquay ins All geschossen werden. Wenn alles nach Plan l\u00e4uft.\",\"breadcrumb\":{\"@id\":\"https:\/\/www.urlaubcornwall.de\/blog\/spaceport-cornwall-letzte-vorbereitungen-vor-dem-allerersten-raketenstart-grossbritanniens\/#breadcrumb\"},\"inLanguage\":\"en-US\",\"potentialAction\":[{\"@type\":\"ReadAction\",\"target\":[\"https:\/\/www.urlaubcornwall.de\/blog\/spaceport-cornwall-letzte-vorbereitungen-vor-dem-allerersten-raketenstart-grossbritanniens\/\"]}]},{\"@type\":\"BreadcrumbList\",\"@id\":\"https:\/\/www.urlaubcornwall.de\/blog\/spaceport-cornwall-letzte-vorbereitungen-vor-dem-allerersten-raketenstart-grossbritanniens\/#breadcrumb\",\"itemListElement\":[{\"@type\":\"ListItem\",\"position\":1,\"name\":\"Home\",\"item\":\"https:\/\/www.urlaubcornwall.de\/blog\/\"},{\"@type\":\"ListItem\",\"position\":2,\"name\":\"Spaceport Cornwall: Letzte Vorbereitungen vor dem allerersten Raketenstart Gro\u00dfbritanniens\"}]}]}<\/script>\n<!-- \/ Yoast SEO plugin. -->","yoast_head_json":{"title":"Spaceport Cornwall: Letzte Vorbereitungen vor dem allerersten Raketenstart Gro\u00dfbritanniens - Urlaub &amp; Reisen","description":"Mehrere Satelliten sollen heute Abend (9. Januar) vom Cornwall Airport Newquay ins All geschossen werden. Wenn alles nach Plan l\u00e4uft.","robots":{"index":"index","follow":"follow","max-snippet":"max-snippet:-1","max-image-preview":"max-image-preview:large","max-video-preview":"max-video-preview:-1"},"canonical":"https:\/\/www.urlaubcornwall.de\/blog\/spaceport-cornwall-letzte-vorbereitungen-vor-dem-allerersten-raketenstart-grossbritanniens\/","og_locale":"en_US","og_type":"article","og_title":"Spaceport Cornwall: Letzte Vorbereitungen vor dem allerersten Raketenstart Gro\u00dfbritanniens - Urlaub &amp; Reisen","og_description":"Mehrere Satelliten sollen heute Abend (9. Januar) vom Cornwall Airport Newquay ins All geschossen werden. Wenn alles nach Plan l\u00e4uft.","og_url":"https:\/\/www.urlaubcornwall.de\/blog\/spaceport-cornwall-letzte-vorbereitungen-vor-dem-allerersten-raketenstart-grossbritanniens\/","og_site_name":"Urlaub &amp; Reisen","og_image":[{"url":"https:\/\/www.urlaubcornwall.de\/blog\/wp-content\/uploads\/2023\/01\/Spaceport-Cornwall-Letzte-Vorbereitungen-vor-dem-allerersten-Raketenstart-Grosbritanniens.jpg"}],"twitter_card":"summary","schema":{"@context":"https:\/\/schema.org","@graph":[{"@type":"WebSite","@id":"https:\/\/www.urlaubcornwall.de\/blog\/#website","url":"https:\/\/www.urlaubcornwall.de\/blog\/","name":"Urlaub &amp; Reisen","description":"Urlaub, Reisen, Cornwall und S\u00fcdengland: eine perfekte Kombination","potentialAction":[{"@type":"SearchAction","target":{"@type":"EntryPoint","urlTemplate":"https:\/\/www.urlaubcornwall.de\/blog\/?s={search_term_string}"},"query-input":"required name=search_term_string"}],"inLanguage":"en-US"},{"@type":"WebPage","@id":"https:\/\/www.urlaubcornwall.de\/blog\/spaceport-cornwall-letzte-vorbereitungen-vor-dem-allerersten-raketenstart-grossbritanniens\/","url":"https:\/\/www.urlaubcornwall.de\/blog\/spaceport-cornwall-letzte-vorbereitungen-vor-dem-allerersten-raketenstart-grossbritanniens\/","name":"Spaceport Cornwall: Letzte Vorbereitungen vor dem allerersten Raketenstart Gro\u00dfbritanniens - Urlaub &amp; Reisen","isPartOf":{"@id":"https:\/\/www.urlaubcornwall.de\/blog\/#website"},"datePublished":"2023-01-09T16:07:27+00:00","dateModified":"2023-01-09T16:07:27+00:00","description":"Mehrere Satelliten sollen heute Abend (9. Januar) vom Cornwall Airport Newquay ins All geschossen werden. Wenn alles nach Plan l\u00e4uft.","breadcrumb":{"@id":"https:\/\/www.urlaubcornwall.de\/blog\/spaceport-cornwall-letzte-vorbereitungen-vor-dem-allerersten-raketenstart-grossbritanniens\/#breadcrumb"},"inLanguage":"en-US","potentialAction":[{"@type":"ReadAction","target":["https:\/\/www.urlaubcornwall.de\/blog\/spaceport-cornwall-letzte-vorbereitungen-vor-dem-allerersten-raketenstart-grossbritanniens\/"]}]},{"@type":"BreadcrumbList","@id":"https:\/\/www.urlaubcornwall.de\/blog\/spaceport-cornwall-letzte-vorbereitungen-vor-dem-allerersten-raketenstart-grossbritanniens\/#breadcrumb","itemListElement":[{"@type":"ListItem","position":1,"name":"Home","item":"https:\/\/www.urlaubcornwall.de\/blog\/"},{"@type":"ListItem","position":2,"name":"Spaceport Cornwall: Letzte Vorbereitungen vor dem allerersten Raketenstart Gro\u00dfbritanniens"}]}]}},"_links":{"self":[{"href":"https:\/\/www.urlaubcornwall.de\/blog\/wp-json\/wp\/v2\/pages\/45760"}],"collection":[{"href":"https:\/\/www.urlaubcornwall.de\/blog\/wp-json\/wp\/v2\/pages"}],"about":[{"href":"https:\/\/www.urlaubcornwall.de\/blog\/wp-json\/wp\/v2\/types\/page"}],"author":[{"embeddable":true,"href":"https:\/\/www.urlaubcornwall.de\/blog\/wp-json\/wp\/v2\/users\/1"}],"replies":[{"embeddable":true,"href":"https:\/\/www.urlaubcornwall.de\/blog\/wp-json\/wp\/v2\/comments?post=45760"}],"version-history":[{"count":1,"href":"https:\/\/www.urlaubcornwall.de\/blog\/wp-json\/wp\/v2\/pages\/45760\/revisions"}],"predecessor-version":[{"id":45762,"href":"https:\/\/www.urlaubcornwall.de\/blog\/wp-json\/wp\/v2\/pages\/45760\/revisions\/45762"}],"wp:attachment":[{"href":"https:\/\/www.urlaubcornwall.de\/blog\/wp-json\/wp\/v2\/media?parent=45760"}],"curies":[{"name":"wp","href":"https:\/\/api.w.org\/{rel}","templated":true}]}}