{"id":45757,"date":"2023-01-09T14:33:40","date_gmt":"2023-01-09T14:33:40","guid":{"rendered":"https:\/\/www.urlaubcornwall.de\/blog\/?page_id=45757"},"modified":"2023-01-16T10:03:19","modified_gmt":"2023-01-16T10:03:19","slug":"staedte-auf-den-kanalinseln-von-jersey-ferienhaeuser-ferienwohnungen","status":"publish","type":"page","link":"https:\/\/www.urlaubcornwall.de\/blog\/staedte-auf-den-kanalinseln-von-jersey-ferienhaeuser-ferienwohnungen\/","title":{"rendered":"Besten St\u00e4dte auf den Kanalinseln von Jersey &#8211; Ferienh\u00e4user &#038; Ferienwohnungen"},"content":{"rendered":"<p><img loading=\"lazy\" class=\"aligncenter size-full wp-image-34224\" src=\"https:\/\/www.urlaubcornwall.de\/blog\/wp-content\/uploads\/2018\/08\/Urlaubsaktivit\u00e4ten-auf-Jersey-\u2013-Kanalinseln.jpg\" alt=\"Urlaubsaktivit\u00e4ten auf Jersey wandern radreise\" width=\"750\" height=\"497\"\/><\/p>\n<p><a href=\"https:\/\/www.urlaubcornwall.de\/reiseziel\/kanalinseln\/jersey.php\">Jersey<\/a>, die gr\u00f6\u00dfte der <a href=\"https:\/\/www.urlaubcornwall.de\/reiseziel\/kanalinseln\/\">Kanalinseln<\/a>, ist eine faszinierende Mischung aus britischen und franz\u00f6sischen Einfl\u00fcssen, die Glamour mit spektakul\u00e4rem Meerblick verbindet. Es gibt eine gro\u00dfe Auswahl an Unterk\u00fcnften, von einfachen Cottages bis hin zu luxuri\u00f6sen Ferienh\u00e4usern mit Meerblick, f\u00fcr jeden Geldbeutel.    <\/p>\n<p><strong>Finden Sie Ferienunterk\u00fcnfte an den besten Orten f\u00fcr einen Urlaub auf Jersey<\/strong><\/p>\n<p><a href=\"https:\/\/www.booking.com\/searchresults.en.html?city=-1187128&#038;aid=1320750&#038;no_rooms=1&#038;group_adults=2\" rel=\"nofollow\">St. Helier<\/a><\/p>\n<p><a href=\"https:\/\/www.booking.com\/searchresults.en.html?city=-1187123&#038;aid=1320750&#038;no_rooms=1&#038;group_adults=2\" rel=\"nofollow\">St. Aubin<\/a><\/p>\n<p><a href=\"https:\/\/www.booking.com\/searchresults.en.html?city=900039366&#038;aid=1320750&#038;no_rooms=1&#038;group_adults=2\" rel=\"nofollow\">St. Brelade<\/a><\/p>\n<p><a href=\"https:\/\/www.booking.com\/searchresults.en.html?city=-1187068&#038;aid=1320750&#038;no_rooms=1&#038;group_adults=2\" rel=\"nofollow\">Gorey<\/a><\/p>\n<p><a href=\"https:\/\/www.booking.com\/searchresults.en.html?city=900039432&#038;aid=1320750&#038;no_rooms=1&#038;group_adults=2\" rel=\"nofollow\">Grouville<\/a><\/p>\n","protected":false},"excerpt":{"rendered":"<p>Jersey, die gr\u00f6\u00dfte der Kanalinseln, ist eine faszinierende Mischung aus britischen und franz\u00f6sischen Einfl\u00fcssen, die Glamour mit spektakul\u00e4rem Meerblick verbindet. Es gibt eine gro\u00dfe Auswahl an Unterk\u00fcnften, von einfachen Cottages bis hin zu luxuri\u00f6sen Ferienh\u00e4usern mit Meerblick, f\u00fcr jeden Geldbeutel. Finden Sie Ferienunterk\u00fcnfte an den besten Orten f\u00fcr einen Urlaub auf Jersey St. Helier St. [&hellip;]<\/p>\n","protected":false},"author":1,"featured_media":0,"parent":0,"menu_order":0,"comment_status":"closed","ping_status":"closed","template":"single-four.php","meta":[],"acf":[],"yoast_head":"<!-- This site is optimized with the Yoast SEO plugin v19.4 - https:\/\/yoast.com\/wordpress\/plugins\/seo\/ -->\n<title>Besten St\u00e4dte auf den Kanalinseln von Jersey - Ferienh\u00e4user &amp; Ferienwohnungen - Urlaub &amp; Reisen<\/title>\n<meta name=\"description\" content=\"Jersey, die gr\u00f6\u00dfte der Kanalinseln, ist eine faszinierende Mischung aus britischen und franz\u00f6sischen Einfl\u00fcssen, die Glamour mit spektakul\u00e4rem\" \/>\n<meta name=\"robots\" content=\"index, follow, max-snippet:-1, max-image-preview:large, max-video-preview:-1\" \/>\n<link rel=\"canonical\" href=\"https:\/\/www.urlaubcornwall.de\/blog\/staedte-auf-den-kanalinseln-von-jersey-ferienhaeuser-ferienwohnungen\/\" \/>\n<meta property=\"og:locale\" content=\"en_US\" \/>\n<meta property=\"og:type\" content=\"article\" \/>\n<meta property=\"og:title\" content=\"Besten St\u00e4dte auf den Kanalinseln von Jersey - Ferienh\u00e4user &amp; Ferienwohnungen - Urlaub &amp; Reisen\" \/>\n<meta property=\"og:description\" content=\"Jersey, die gr\u00f6\u00dfte der Kanalinseln, ist eine faszinierende Mischung aus britischen und franz\u00f6sischen Einfl\u00fcssen, die Glamour mit spektakul\u00e4rem\" \/>\n<meta property=\"og:url\" content=\"https:\/\/www.urlaubcornwall.de\/blog\/staedte-auf-den-kanalinseln-von-jersey-ferienhaeuser-ferienwohnungen\/\" \/>\n<meta property=\"og:site_name\" content=\"Urlaub &amp; Reisen\" \/>\n<meta property=\"article:modified_time\" content=\"2023-01-16T10:03:19+00:00\" \/>\n<meta name=\"twitter:card\" content=\"summary\" \/>\n<meta name=\"twitter:label1\" content=\"Est. reading time\" \/>\n\t<meta name=\"twitter:data1\" content=\"1 minute\" \/>\n<script type=\"application\/ld+json\" class=\"yoast-schema-graph\">{\"@context\":\"https:\/\/schema.org\",\"@graph\":[{\"@type\":\"WebSite\",\"@id\":\"https:\/\/www.urlaubcornwall.de\/blog\/#website\",\"url\":\"https:\/\/www.urlaubcornwall.de\/blog\/\",\"name\":\"Urlaub &amp; Reisen\",\"description\":\"Urlaub, Reisen, Cornwall und S\u00fcdengland: eine perfekte Kombination\",\"potentialAction\":[{\"@type\":\"SearchAction\",\"target\":{\"@type\":\"EntryPoint\",\"urlTemplate\":\"https:\/\/www.urlaubcornwall.de\/blog\/?s={search_term_string}\"},\"query-input\":\"required name=search_term_string\"}],\"inLanguage\":\"en-US\"},{\"@type\":\"WebPage\",\"@id\":\"https:\/\/www.urlaubcornwall.de\/blog\/staedte-auf-den-kanalinseln-von-jersey-ferienhaeuser-ferienwohnungen\/\",\"url\":\"https:\/\/www.urlaubcornwall.de\/blog\/staedte-auf-den-kanalinseln-von-jersey-ferienhaeuser-ferienwohnungen\/\",\"name\":\"Besten St\u00e4dte auf den Kanalinseln von Jersey - Ferienh\u00e4user & Ferienwohnungen - Urlaub &amp; Reisen\",\"isPartOf\":{\"@id\":\"https:\/\/www.urlaubcornwall.de\/blog\/#website\"},\"datePublished\":\"2023-01-09T14:33:40+00:00\",\"dateModified\":\"2023-01-16T10:03:19+00:00\",\"description\":\"Jersey, die gr\u00f6\u00dfte der Kanalinseln, ist eine faszinierende Mischung aus britischen und franz\u00f6sischen Einfl\u00fcssen, die Glamour mit spektakul\u00e4rem\",\"breadcrumb\":{\"@id\":\"https:\/\/www.urlaubcornwall.de\/blog\/staedte-auf-den-kanalinseln-von-jersey-ferienhaeuser-ferienwohnungen\/#breadcrumb\"},\"inLanguage\":\"en-US\",\"potentialAction\":[{\"@type\":\"ReadAction\",\"target\":[\"https:\/\/www.urlaubcornwall.de\/blog\/staedte-auf-den-kanalinseln-von-jersey-ferienhaeuser-ferienwohnungen\/\"]}]},{\"@type\":\"BreadcrumbList\",\"@id\":\"https:\/\/www.urlaubcornwall.de\/blog\/staedte-auf-den-kanalinseln-von-jersey-ferienhaeuser-ferienwohnungen\/#breadcrumb\",\"itemListElement\":[{\"@type\":\"ListItem\",\"position\":1,\"name\":\"Home\",\"item\":\"https:\/\/www.urlaubcornwall.de\/blog\/\"},{\"@type\":\"ListItem\",\"position\":2,\"name\":\"Besten St\u00e4dte auf den Kanalinseln von Jersey &#8211; Ferienh\u00e4user &#038; Ferienwohnungen\"}]}]}<\/script>\n<!-- \/ Yoast SEO plugin. -->","yoast_head_json":{"title":"Besten St\u00e4dte auf den Kanalinseln von Jersey - Ferienh\u00e4user & Ferienwohnungen - Urlaub &amp; Reisen","description":"Jersey, die gr\u00f6\u00dfte der Kanalinseln, ist eine faszinierende Mischung aus britischen und franz\u00f6sischen Einfl\u00fcssen, die Glamour mit spektakul\u00e4rem","robots":{"index":"index","follow":"follow","max-snippet":"max-snippet:-1","max-image-preview":"max-image-preview:large","max-video-preview":"max-video-preview:-1"},"canonical":"https:\/\/www.urlaubcornwall.de\/blog\/staedte-auf-den-kanalinseln-von-jersey-ferienhaeuser-ferienwohnungen\/","og_locale":"en_US","og_type":"article","og_title":"Besten St\u00e4dte auf den Kanalinseln von Jersey - Ferienh\u00e4user & Ferienwohnungen - Urlaub &amp; Reisen","og_description":"Jersey, die gr\u00f6\u00dfte der Kanalinseln, ist eine faszinierende Mischung aus britischen und franz\u00f6sischen Einfl\u00fcssen, die Glamour mit spektakul\u00e4rem","og_url":"https:\/\/www.urlaubcornwall.de\/blog\/staedte-auf-den-kanalinseln-von-jersey-ferienhaeuser-ferienwohnungen\/","og_site_name":"Urlaub &amp; Reisen","article_modified_time":"2023-01-16T10:03:19+00:00","twitter_card":"summary","twitter_misc":{"Est. reading time":"1 minute"},"schema":{"@context":"https:\/\/schema.org","@graph":[{"@type":"WebSite","@id":"https:\/\/www.urlaubcornwall.de\/blog\/#website","url":"https:\/\/www.urlaubcornwall.de\/blog\/","name":"Urlaub &amp; Reisen","description":"Urlaub, Reisen, Cornwall und S\u00fcdengland: eine perfekte Kombination","potentialAction":[{"@type":"SearchAction","target":{"@type":"EntryPoint","urlTemplate":"https:\/\/www.urlaubcornwall.de\/blog\/?s={search_term_string}"},"query-input":"required name=search_term_string"}],"inLanguage":"en-US"},{"@type":"WebPage","@id":"https:\/\/www.urlaubcornwall.de\/blog\/staedte-auf-den-kanalinseln-von-jersey-ferienhaeuser-ferienwohnungen\/","url":"https:\/\/www.urlaubcornwall.de\/blog\/staedte-auf-den-kanalinseln-von-jersey-ferienhaeuser-ferienwohnungen\/","name":"Besten St\u00e4dte auf den Kanalinseln von Jersey - Ferienh\u00e4user & Ferienwohnungen - Urlaub &amp; Reisen","isPartOf":{"@id":"https:\/\/www.urlaubcornwall.de\/blog\/#website"},"datePublished":"2023-01-09T14:33:40+00:00","dateModified":"2023-01-16T10:03:19+00:00","description":"Jersey, die gr\u00f6\u00dfte der Kanalinseln, ist eine faszinierende Mischung aus britischen und franz\u00f6sischen Einfl\u00fcssen, die Glamour mit spektakul\u00e4rem","breadcrumb":{"@id":"https:\/\/www.urlaubcornwall.de\/blog\/staedte-auf-den-kanalinseln-von-jersey-ferienhaeuser-ferienwohnungen\/#breadcrumb"},"inLanguage":"en-US","potentialAction":[{"@type":"ReadAction","target":["https:\/\/www.urlaubcornwall.de\/blog\/staedte-auf-den-kanalinseln-von-jersey-ferienhaeuser-ferienwohnungen\/"]}]},{"@type":"BreadcrumbList","@id":"https:\/\/www.urlaubcornwall.de\/blog\/staedte-auf-den-kanalinseln-von-jersey-ferienhaeuser-ferienwohnungen\/#breadcrumb","itemListElement":[{"@type":"ListItem","position":1,"name":"Home","item":"https:\/\/www.urlaubcornwall.de\/blog\/"},{"@type":"ListItem","position":2,"name":"Besten St\u00e4dte auf den Kanalinseln von Jersey &#8211; Ferienh\u00e4user &#038; Ferienwohnungen"}]}]}},"_links":{"self":[{"href":"https:\/\/www.urlaubcornwall.de\/blog\/wp-json\/wp\/v2\/pages\/45757"}],"collection":[{"href":"https:\/\/www.urlaubcornwall.de\/blog\/wp-json\/wp\/v2\/pages"}],"about":[{"href":"https:\/\/www.urlaubcornwall.de\/blog\/wp-json\/wp\/v2\/types\/page"}],"author":[{"embeddable":true,"href":"https:\/\/www.urlaubcornwall.de\/blog\/wp-json\/wp\/v2\/users\/1"}],"replies":[{"embeddable":true,"href":"https:\/\/www.urlaubcornwall.de\/blog\/wp-json\/wp\/v2\/comments?post=45757"}],"version-history":[{"count":2,"href":"https:\/\/www.urlaubcornwall.de\/blog\/wp-json\/wp\/v2\/pages\/45757\/revisions"}],"predecessor-version":[{"id":45778,"href":"https:\/\/www.urlaubcornwall.de\/blog\/wp-json\/wp\/v2\/pages\/45757\/revisions\/45778"}],"wp:attachment":[{"href":"https:\/\/www.urlaubcornwall.de\/blog\/wp-json\/wp\/v2\/media?parent=45757"}],"curies":[{"name":"wp","href":"https:\/\/api.w.org\/{rel}","templated":true}]}}