{"id":45745,"date":"2023-01-05T15:11:37","date_gmt":"2023-01-05T15:11:37","guid":{"rendered":"https:\/\/www.urlaubcornwall.de\/blog\/?page_id=45745"},"modified":"2024-03-20T14:39:32","modified_gmt":"2024-03-20T14:39:32","slug":"ferienhaus-isle-of-arran-in-der-naehe-brodick","status":"publish","type":"page","link":"https:\/\/www.urlaubcornwall.de\/blog\/ferienhaus-isle-of-arran-in-der-naehe-brodick\/","title":{"rendered":"Ferienhaus Isle of Arran in der N\u00e4he Brodick"},"content":{"rendered":"<p><img loading=\"lazy\" class=\"aligncenter size-full wp-image-45746\" src=\"https:\/\/www.urlaubcornwall.de\/blog\/wp-content\/uploads\/2023\/01\/ferienhaus_arran.jpg\" alt=\"ferienhaus_arran\" width=\"750\" height=\"563\" srcset=\"https:\/\/www.urlaubcornwall.de\/blog\/wp-content\/uploads\/2023\/01\/ferienhaus_arran.jpg 750w, https:\/\/www.urlaubcornwall.de\/blog\/wp-content\/uploads\/2023\/01\/ferienhaus_arran-300x225.jpg 300w\" sizes=\"(max-width: 750px) 100vw, 750px\" \/><\/p>\n<p><a href=\"https:\/\/www.urlaubcornwall.de\/ferienhaeuser-fewos\/unterkunft\/Holiday\/88496-2-bedroom-cottage-in-isle-of-arran---88496.html\">Feriencottage nahe Brodick, Isle-of-Arran<\/a>, Schottische Inseln.<\/p>\n<p>Dieses bildsch\u00f6ne, halb <a href=\"https:\/\/www.urlaubcornwall.de\/ferienhaeuser-fewos\/unterkunft\/Holiday\/88496-2-bedroom-cottage-in-isle-of-arran---88496.html\">freistehende Cottage<\/a> befindet sich in einer fr\u00f6hlichen Lage, weniger als 1,6 km vom Sandstrand und dem Zentrum von Brodick entfernt, wo Sie eine Vielzahl von Aktivit\u00e4ten finden, darunter ein luxuri\u00f6ses Spa und einen Golfclub. Das Dorf verf\u00fcgt \u00fcber viele hochwertige Restaurants, charmante Teestuben und Souvenirl\u00e4den sowie Lebensmittelgesch\u00e4fte, in denen Sie sich eindecken und zu Hause kochen k\u00f6nnen. Besuchen Sie das historische Brodick Castle und seine wundersch\u00f6nen G\u00e4rten.<\/p>\n<p>Schlafplatz:Schlafplatz f\u00fcr 2 | Schlafzimmer:2 | Badezimmer:1 | Erwachsene:2<\/p>\n<p>Haustiere:Leider keine Haustiere erlaubt <\/p>\n<p>Bei uns finden Sie Ferienh\u00e4user zum Verlieben &#8211; so einfach ist das! Pers\u00f6nlich inspizierte <a href=\"https:\/\/www.urlaubcornwall.de\/blog\/ferienhaeuser-ferienwohnungen-cottages-isle-of-arran\/\">Ferienh\u00e4user und Ferienwohnungen auf die Insel Arran<\/a> f\u00fcr Ihren Urlaub.<\/p>\n","protected":false},"excerpt":{"rendered":"<p>Feriencottage nahe Brodick, Isle-of-Arran, Schottische Inseln. Dieses bildsch\u00f6ne, halb freistehende Cottage befindet sich in einer fr\u00f6hlichen Lage, weniger als 1,6 km vom Sandstrand und dem Zentrum von Brodick entfernt, wo Sie eine Vielzahl von Aktivit\u00e4ten finden, darunter ein luxuri\u00f6ses Spa und einen Golfclub. Das Dorf verf\u00fcgt \u00fcber viele hochwertige Restaurants, charmante Teestuben und Souvenirl\u00e4den sowie [&hellip;]<\/p>\n","protected":false},"author":1,"featured_media":0,"parent":0,"menu_order":0,"comment_status":"closed","ping_status":"closed","template":"single-four.php","meta":[],"acf":[],"yoast_head":"<!-- This site is optimized with the Yoast SEO plugin v19.4 - https:\/\/yoast.com\/wordpress\/plugins\/seo\/ -->\n<title>Ferienhaus Isle of Arran in der N\u00e4he Brodick - Urlaub &amp; Reisen<\/title>\n<meta name=\"description\" content=\"Dieses bildsch\u00f6ne, halb freistehende Cottage befindet sich in einer fr\u00f6hlichen Lage, weniger als 1,6 km vom Sandstrand und dem Zentrum\" \/>\n<meta name=\"robots\" content=\"index, follow, max-snippet:-1, max-image-preview:large, max-video-preview:-1\" \/>\n<link rel=\"canonical\" href=\"https:\/\/www.urlaubcornwall.de\/blog\/ferienhaus-isle-of-arran-in-der-naehe-brodick\/\" \/>\n<meta property=\"og:locale\" content=\"en_US\" \/>\n<meta property=\"og:type\" content=\"article\" \/>\n<meta property=\"og:title\" content=\"Ferienhaus Isle of Arran in der N\u00e4he Brodick - Urlaub &amp; Reisen\" \/>\n<meta property=\"og:description\" content=\"Dieses bildsch\u00f6ne, halb freistehende Cottage befindet sich in einer fr\u00f6hlichen Lage, weniger als 1,6 km vom Sandstrand und dem Zentrum\" \/>\n<meta property=\"og:url\" content=\"https:\/\/www.urlaubcornwall.de\/blog\/ferienhaus-isle-of-arran-in-der-naehe-brodick\/\" \/>\n<meta property=\"og:site_name\" content=\"Urlaub &amp; Reisen\" \/>\n<meta property=\"article:modified_time\" content=\"2024-03-20T14:39:32+00:00\" \/>\n<meta property=\"og:image\" content=\"https:\/\/www.urlaubcornwall.de\/blog\/wp-content\/uploads\/2023\/01\/ferienhaus_arran.jpg\" \/>\n<meta name=\"twitter:card\" content=\"summary\" \/>\n<meta name=\"twitter:label1\" content=\"Est. reading time\" \/>\n\t<meta name=\"twitter:data1\" content=\"1 minute\" \/>\n<script type=\"application\/ld+json\" class=\"yoast-schema-graph\">{\"@context\":\"https:\/\/schema.org\",\"@graph\":[{\"@type\":\"WebSite\",\"@id\":\"https:\/\/www.urlaubcornwall.de\/blog\/#website\",\"url\":\"https:\/\/www.urlaubcornwall.de\/blog\/\",\"name\":\"Urlaub &amp; Reisen\",\"description\":\"Urlaub, Reisen, Cornwall und S\u00fcdengland: eine perfekte Kombination\",\"potentialAction\":[{\"@type\":\"SearchAction\",\"target\":{\"@type\":\"EntryPoint\",\"urlTemplate\":\"https:\/\/www.urlaubcornwall.de\/blog\/?s={search_term_string}\"},\"query-input\":\"required name=search_term_string\"}],\"inLanguage\":\"en-US\"},{\"@type\":\"WebPage\",\"@id\":\"https:\/\/www.urlaubcornwall.de\/blog\/ferienhaus-isle-of-arran-in-der-naehe-brodick\/\",\"url\":\"https:\/\/www.urlaubcornwall.de\/blog\/ferienhaus-isle-of-arran-in-der-naehe-brodick\/\",\"name\":\"Ferienhaus Isle of Arran in der N\u00e4he Brodick - Urlaub &amp; Reisen\",\"isPartOf\":{\"@id\":\"https:\/\/www.urlaubcornwall.de\/blog\/#website\"},\"datePublished\":\"2023-01-05T15:11:37+00:00\",\"dateModified\":\"2024-03-20T14:39:32+00:00\",\"description\":\"Dieses bildsch\u00f6ne, halb freistehende Cottage befindet sich in einer fr\u00f6hlichen Lage, weniger als 1,6 km vom Sandstrand und dem Zentrum\",\"breadcrumb\":{\"@id\":\"https:\/\/www.urlaubcornwall.de\/blog\/ferienhaus-isle-of-arran-in-der-naehe-brodick\/#breadcrumb\"},\"inLanguage\":\"en-US\",\"potentialAction\":[{\"@type\":\"ReadAction\",\"target\":[\"https:\/\/www.urlaubcornwall.de\/blog\/ferienhaus-isle-of-arran-in-der-naehe-brodick\/\"]}]},{\"@type\":\"BreadcrumbList\",\"@id\":\"https:\/\/www.urlaubcornwall.de\/blog\/ferienhaus-isle-of-arran-in-der-naehe-brodick\/#breadcrumb\",\"itemListElement\":[{\"@type\":\"ListItem\",\"position\":1,\"name\":\"Home\",\"item\":\"https:\/\/www.urlaubcornwall.de\/blog\/\"},{\"@type\":\"ListItem\",\"position\":2,\"name\":\"Ferienhaus Isle of Arran in der N\u00e4he Brodick\"}]}]}<\/script>\n<!-- \/ Yoast SEO plugin. -->","yoast_head_json":{"title":"Ferienhaus Isle of Arran in der N\u00e4he Brodick - Urlaub &amp; Reisen","description":"Dieses bildsch\u00f6ne, halb freistehende Cottage befindet sich in einer fr\u00f6hlichen Lage, weniger als 1,6 km vom Sandstrand und dem Zentrum","robots":{"index":"index","follow":"follow","max-snippet":"max-snippet:-1","max-image-preview":"max-image-preview:large","max-video-preview":"max-video-preview:-1"},"canonical":"https:\/\/www.urlaubcornwall.de\/blog\/ferienhaus-isle-of-arran-in-der-naehe-brodick\/","og_locale":"en_US","og_type":"article","og_title":"Ferienhaus Isle of Arran in der N\u00e4he Brodick - Urlaub &amp; Reisen","og_description":"Dieses bildsch\u00f6ne, halb freistehende Cottage befindet sich in einer fr\u00f6hlichen Lage, weniger als 1,6 km vom Sandstrand und dem Zentrum","og_url":"https:\/\/www.urlaubcornwall.de\/blog\/ferienhaus-isle-of-arran-in-der-naehe-brodick\/","og_site_name":"Urlaub &amp; Reisen","article_modified_time":"2024-03-20T14:39:32+00:00","og_image":[{"url":"https:\/\/www.urlaubcornwall.de\/blog\/wp-content\/uploads\/2023\/01\/ferienhaus_arran.jpg"}],"twitter_card":"summary","twitter_misc":{"Est. reading time":"1 minute"},"schema":{"@context":"https:\/\/schema.org","@graph":[{"@type":"WebSite","@id":"https:\/\/www.urlaubcornwall.de\/blog\/#website","url":"https:\/\/www.urlaubcornwall.de\/blog\/","name":"Urlaub &amp; Reisen","description":"Urlaub, Reisen, Cornwall und S\u00fcdengland: eine perfekte Kombination","potentialAction":[{"@type":"SearchAction","target":{"@type":"EntryPoint","urlTemplate":"https:\/\/www.urlaubcornwall.de\/blog\/?s={search_term_string}"},"query-input":"required name=search_term_string"}],"inLanguage":"en-US"},{"@type":"WebPage","@id":"https:\/\/www.urlaubcornwall.de\/blog\/ferienhaus-isle-of-arran-in-der-naehe-brodick\/","url":"https:\/\/www.urlaubcornwall.de\/blog\/ferienhaus-isle-of-arran-in-der-naehe-brodick\/","name":"Ferienhaus Isle of Arran in der N\u00e4he Brodick - Urlaub &amp; Reisen","isPartOf":{"@id":"https:\/\/www.urlaubcornwall.de\/blog\/#website"},"datePublished":"2023-01-05T15:11:37+00:00","dateModified":"2024-03-20T14:39:32+00:00","description":"Dieses bildsch\u00f6ne, halb freistehende Cottage befindet sich in einer fr\u00f6hlichen Lage, weniger als 1,6 km vom Sandstrand und dem Zentrum","breadcrumb":{"@id":"https:\/\/www.urlaubcornwall.de\/blog\/ferienhaus-isle-of-arran-in-der-naehe-brodick\/#breadcrumb"},"inLanguage":"en-US","potentialAction":[{"@type":"ReadAction","target":["https:\/\/www.urlaubcornwall.de\/blog\/ferienhaus-isle-of-arran-in-der-naehe-brodick\/"]}]},{"@type":"BreadcrumbList","@id":"https:\/\/www.urlaubcornwall.de\/blog\/ferienhaus-isle-of-arran-in-der-naehe-brodick\/#breadcrumb","itemListElement":[{"@type":"ListItem","position":1,"name":"Home","item":"https:\/\/www.urlaubcornwall.de\/blog\/"},{"@type":"ListItem","position":2,"name":"Ferienhaus Isle of Arran in der N\u00e4he Brodick"}]}]}},"_links":{"self":[{"href":"https:\/\/www.urlaubcornwall.de\/blog\/wp-json\/wp\/v2\/pages\/45745"}],"collection":[{"href":"https:\/\/www.urlaubcornwall.de\/blog\/wp-json\/wp\/v2\/pages"}],"about":[{"href":"https:\/\/www.urlaubcornwall.de\/blog\/wp-json\/wp\/v2\/types\/page"}],"author":[{"embeddable":true,"href":"https:\/\/www.urlaubcornwall.de\/blog\/wp-json\/wp\/v2\/users\/1"}],"replies":[{"embeddable":true,"href":"https:\/\/www.urlaubcornwall.de\/blog\/wp-json\/wp\/v2\/comments?post=45745"}],"version-history":[{"count":2,"href":"https:\/\/www.urlaubcornwall.de\/blog\/wp-json\/wp\/v2\/pages\/45745\/revisions"}],"predecessor-version":[{"id":48414,"href":"https:\/\/www.urlaubcornwall.de\/blog\/wp-json\/wp\/v2\/pages\/45745\/revisions\/48414"}],"wp:attachment":[{"href":"https:\/\/www.urlaubcornwall.de\/blog\/wp-json\/wp\/v2\/media?parent=45745"}],"curies":[{"name":"wp","href":"https:\/\/api.w.org\/{rel}","templated":true}]}}