{"id":45742,"date":"2023-01-05T14:59:48","date_gmt":"2023-01-05T14:59:48","guid":{"rendered":"https:\/\/www.urlaubcornwall.de\/blog\/?page_id=45742"},"modified":"2023-01-05T14:59:48","modified_gmt":"2023-01-05T14:59:48","slug":"ferienhaus-in-isle-of-bute","status":"publish","type":"page","link":"https:\/\/www.urlaubcornwall.de\/blog\/ferienhaus-in-isle-of-bute\/","title":{"rendered":"Ferienhaus in Isle of Bute"},"content":{"rendered":"<p><img loading=\"lazy\" class=\"aligncenter size-full wp-image-45743\" src=\"https:\/\/www.urlaubcornwall.de\/blog\/wp-content\/uploads\/2023\/01\/ferienhaus_isle-of-Bute.jpg\" alt=\"ferienhaus_isle of Bute\" width=\"750\" height=\"562\" srcset=\"https:\/\/www.urlaubcornwall.de\/blog\/wp-content\/uploads\/2023\/01\/ferienhaus_isle-of-Bute.jpg 750w, https:\/\/www.urlaubcornwall.de\/blog\/wp-content\/uploads\/2023\/01\/ferienhaus_isle-of-Bute-300x225.jpg 300w\" sizes=\"(max-width: 750px) 100vw, 750px\" \/><\/p>\n<p>Hundefreundlich <a href=\"https:\/\/www.urlaubcornwall.de\/ferienhaeuser-fewos\/unterkunft\/Holiday\/85215-4-bedroom-cottage-in-isle-of-bute---85215.html\">Feriencottage mit Meerblick Isle of Bute<\/a>, Schottische Inseln.<\/p>\n<p>Diese atemberaubende, gro\u00dfe, renovierte Kirche befindet sich in Kilchattan Bay, 8 Meilen von der Stadt Rothesay entfernt. Auf der Vorderseite ist der Strand und Wald auf der R\u00fcckseite. Es hat viele sch\u00f6ne Originalelemente und ist in nat\u00fcrliches Licht getaucht. Die Insel ist 15 Meilen lang und 5 Meilen breit und ist vollgepackt mit Geschichte, Kultur und Kunst, einschlie\u00dflich Mount Stuart House und Rothesay Castle. Rothesay ist eine viktorianische K\u00fcstenstadt, die es geschafft hat, ihre historische, gro\u00dfartige Architektur zu bewahren.<\/p>\n<p>Schlafplatz: Schlafplatz f\u00fcr 8 | Schlafzimmer:4 | Badezimmer:4 | Erwachsene:8 | Babys:1 | Strandnah | Haustiere:2<\/p>\n<p style=\"text-align: center;\"><a class=\"tidycta\" href=\"https:\/\/www.urlaubcornwall.de\/ferienhaeuser-fewos\/sco\/schottische-inseln\/schottische-inseln.html\">Suche Ferienh\u00e4user Schottische Inseln<\/a><\/p>\n","protected":false},"excerpt":{"rendered":"<p>Hundefreundlich Feriencottage mit Meerblick Isle of Bute, Schottische Inseln. Diese atemberaubende, gro\u00dfe, renovierte Kirche befindet sich in Kilchattan Bay, 8 Meilen von der Stadt Rothesay entfernt. Auf der Vorderseite ist der Strand und Wald auf der R\u00fcckseite. Es hat viele sch\u00f6ne Originalelemente und ist in nat\u00fcrliches Licht getaucht. Die Insel ist 15 Meilen lang und [&hellip;]<\/p>\n","protected":false},"author":1,"featured_media":0,"parent":0,"menu_order":0,"comment_status":"closed","ping_status":"closed","template":"single-four.php","meta":[],"acf":[],"yoast_head":"<!-- This site is optimized with the Yoast SEO plugin v19.4 - https:\/\/yoast.com\/wordpress\/plugins\/seo\/ -->\n<title>Ferienhaus in Isle of Bute - Urlaub &amp; Reisen<\/title>\n<meta name=\"description\" content=\"Diese atemberaubende, gro\u00dfe, renovierte Kirche befindet sich in Kilchattan Bay, 8 Meilen von der Stadt Rothesay entfernt. Auf der Vorderseite\" \/>\n<meta name=\"robots\" content=\"index, follow, max-snippet:-1, max-image-preview:large, max-video-preview:-1\" \/>\n<link rel=\"canonical\" href=\"https:\/\/www.urlaubcornwall.de\/blog\/ferienhaus-in-isle-of-bute\/\" \/>\n<meta property=\"og:locale\" content=\"en_US\" \/>\n<meta property=\"og:type\" content=\"article\" \/>\n<meta property=\"og:title\" content=\"Ferienhaus in Isle of Bute - Urlaub &amp; Reisen\" \/>\n<meta property=\"og:description\" content=\"Diese atemberaubende, gro\u00dfe, renovierte Kirche befindet sich in Kilchattan Bay, 8 Meilen von der Stadt Rothesay entfernt. Auf der Vorderseite\" \/>\n<meta property=\"og:url\" content=\"https:\/\/www.urlaubcornwall.de\/blog\/ferienhaus-in-isle-of-bute\/\" \/>\n<meta property=\"og:site_name\" content=\"Urlaub &amp; Reisen\" \/>\n<meta property=\"og:image\" content=\"https:\/\/www.urlaubcornwall.de\/blog\/wp-content\/uploads\/2023\/01\/ferienhaus_isle-of-Bute.jpg\" \/>\n<meta name=\"twitter:card\" content=\"summary\" \/>\n<script type=\"application\/ld+json\" class=\"yoast-schema-graph\">{\"@context\":\"https:\/\/schema.org\",\"@graph\":[{\"@type\":\"WebSite\",\"@id\":\"https:\/\/www.urlaubcornwall.de\/blog\/#website\",\"url\":\"https:\/\/www.urlaubcornwall.de\/blog\/\",\"name\":\"Urlaub &amp; Reisen\",\"description\":\"Urlaub, Reisen, Cornwall und S\u00fcdengland: eine perfekte Kombination\",\"potentialAction\":[{\"@type\":\"SearchAction\",\"target\":{\"@type\":\"EntryPoint\",\"urlTemplate\":\"https:\/\/www.urlaubcornwall.de\/blog\/?s={search_term_string}\"},\"query-input\":\"required name=search_term_string\"}],\"inLanguage\":\"en-US\"},{\"@type\":\"WebPage\",\"@id\":\"https:\/\/www.urlaubcornwall.de\/blog\/ferienhaus-in-isle-of-bute\/\",\"url\":\"https:\/\/www.urlaubcornwall.de\/blog\/ferienhaus-in-isle-of-bute\/\",\"name\":\"Ferienhaus in Isle of Bute - Urlaub &amp; Reisen\",\"isPartOf\":{\"@id\":\"https:\/\/www.urlaubcornwall.de\/blog\/#website\"},\"datePublished\":\"2023-01-05T14:59:48+00:00\",\"dateModified\":\"2023-01-05T14:59:48+00:00\",\"description\":\"Diese atemberaubende, gro\u00dfe, renovierte Kirche befindet sich in Kilchattan Bay, 8 Meilen von der Stadt Rothesay entfernt. Auf der Vorderseite\",\"breadcrumb\":{\"@id\":\"https:\/\/www.urlaubcornwall.de\/blog\/ferienhaus-in-isle-of-bute\/#breadcrumb\"},\"inLanguage\":\"en-US\",\"potentialAction\":[{\"@type\":\"ReadAction\",\"target\":[\"https:\/\/www.urlaubcornwall.de\/blog\/ferienhaus-in-isle-of-bute\/\"]}]},{\"@type\":\"BreadcrumbList\",\"@id\":\"https:\/\/www.urlaubcornwall.de\/blog\/ferienhaus-in-isle-of-bute\/#breadcrumb\",\"itemListElement\":[{\"@type\":\"ListItem\",\"position\":1,\"name\":\"Home\",\"item\":\"https:\/\/www.urlaubcornwall.de\/blog\/\"},{\"@type\":\"ListItem\",\"position\":2,\"name\":\"Ferienhaus in Isle of Bute\"}]}]}<\/script>\n<!-- \/ Yoast SEO plugin. -->","yoast_head_json":{"title":"Ferienhaus in Isle of Bute - Urlaub &amp; Reisen","description":"Diese atemberaubende, gro\u00dfe, renovierte Kirche befindet sich in Kilchattan Bay, 8 Meilen von der Stadt Rothesay entfernt. Auf der Vorderseite","robots":{"index":"index","follow":"follow","max-snippet":"max-snippet:-1","max-image-preview":"max-image-preview:large","max-video-preview":"max-video-preview:-1"},"canonical":"https:\/\/www.urlaubcornwall.de\/blog\/ferienhaus-in-isle-of-bute\/","og_locale":"en_US","og_type":"article","og_title":"Ferienhaus in Isle of Bute - Urlaub &amp; Reisen","og_description":"Diese atemberaubende, gro\u00dfe, renovierte Kirche befindet sich in Kilchattan Bay, 8 Meilen von der Stadt Rothesay entfernt. Auf der Vorderseite","og_url":"https:\/\/www.urlaubcornwall.de\/blog\/ferienhaus-in-isle-of-bute\/","og_site_name":"Urlaub &amp; Reisen","og_image":[{"url":"https:\/\/www.urlaubcornwall.de\/blog\/wp-content\/uploads\/2023\/01\/ferienhaus_isle-of-Bute.jpg"}],"twitter_card":"summary","schema":{"@context":"https:\/\/schema.org","@graph":[{"@type":"WebSite","@id":"https:\/\/www.urlaubcornwall.de\/blog\/#website","url":"https:\/\/www.urlaubcornwall.de\/blog\/","name":"Urlaub &amp; Reisen","description":"Urlaub, Reisen, Cornwall und S\u00fcdengland: eine perfekte Kombination","potentialAction":[{"@type":"SearchAction","target":{"@type":"EntryPoint","urlTemplate":"https:\/\/www.urlaubcornwall.de\/blog\/?s={search_term_string}"},"query-input":"required name=search_term_string"}],"inLanguage":"en-US"},{"@type":"WebPage","@id":"https:\/\/www.urlaubcornwall.de\/blog\/ferienhaus-in-isle-of-bute\/","url":"https:\/\/www.urlaubcornwall.de\/blog\/ferienhaus-in-isle-of-bute\/","name":"Ferienhaus in Isle of Bute - Urlaub &amp; Reisen","isPartOf":{"@id":"https:\/\/www.urlaubcornwall.de\/blog\/#website"},"datePublished":"2023-01-05T14:59:48+00:00","dateModified":"2023-01-05T14:59:48+00:00","description":"Diese atemberaubende, gro\u00dfe, renovierte Kirche befindet sich in Kilchattan Bay, 8 Meilen von der Stadt Rothesay entfernt. Auf der Vorderseite","breadcrumb":{"@id":"https:\/\/www.urlaubcornwall.de\/blog\/ferienhaus-in-isle-of-bute\/#breadcrumb"},"inLanguage":"en-US","potentialAction":[{"@type":"ReadAction","target":["https:\/\/www.urlaubcornwall.de\/blog\/ferienhaus-in-isle-of-bute\/"]}]},{"@type":"BreadcrumbList","@id":"https:\/\/www.urlaubcornwall.de\/blog\/ferienhaus-in-isle-of-bute\/#breadcrumb","itemListElement":[{"@type":"ListItem","position":1,"name":"Home","item":"https:\/\/www.urlaubcornwall.de\/blog\/"},{"@type":"ListItem","position":2,"name":"Ferienhaus in Isle of Bute"}]}]}},"_links":{"self":[{"href":"https:\/\/www.urlaubcornwall.de\/blog\/wp-json\/wp\/v2\/pages\/45742"}],"collection":[{"href":"https:\/\/www.urlaubcornwall.de\/blog\/wp-json\/wp\/v2\/pages"}],"about":[{"href":"https:\/\/www.urlaubcornwall.de\/blog\/wp-json\/wp\/v2\/types\/page"}],"author":[{"embeddable":true,"href":"https:\/\/www.urlaubcornwall.de\/blog\/wp-json\/wp\/v2\/users\/1"}],"replies":[{"embeddable":true,"href":"https:\/\/www.urlaubcornwall.de\/blog\/wp-json\/wp\/v2\/comments?post=45742"}],"version-history":[{"count":1,"href":"https:\/\/www.urlaubcornwall.de\/blog\/wp-json\/wp\/v2\/pages\/45742\/revisions"}],"predecessor-version":[{"id":45744,"href":"https:\/\/www.urlaubcornwall.de\/blog\/wp-json\/wp\/v2\/pages\/45742\/revisions\/45744"}],"wp:attachment":[{"href":"https:\/\/www.urlaubcornwall.de\/blog\/wp-json\/wp\/v2\/media?parent=45742"}],"curies":[{"name":"wp","href":"https:\/\/api.w.org\/{rel}","templated":true}]}}