{"id":45737,"date":"2023-01-05T13:47:34","date_gmt":"2023-01-05T13:47:34","guid":{"rendered":"https:\/\/www.urlaubcornwall.de\/blog\/?page_id=45737"},"modified":"2023-01-05T13:47:49","modified_gmt":"2023-01-05T13:47:49","slug":"ferienhaus-in-lochranza-isle-of-arran","status":"publish","type":"page","link":"https:\/\/www.urlaubcornwall.de\/blog\/ferienhaus-in-lochranza-isle-of-arran\/","title":{"rendered":"Ferienhaus in Lochranza &#8211; Isle of Arran"},"content":{"rendered":"<p><img loading=\"lazy\" class=\"aligncenter size-full wp-image-45739\" src=\"https:\/\/www.urlaubcornwall.de\/blog\/wp-content\/uploads\/2023\/01\/ferienhaus_lochranza.jpg\" alt=\"ferienhaus_lochranza\" width=\"750\" height=\"562\" srcset=\"https:\/\/www.urlaubcornwall.de\/blog\/wp-content\/uploads\/2023\/01\/ferienhaus_lochranza.jpg 750w, https:\/\/www.urlaubcornwall.de\/blog\/wp-content\/uploads\/2023\/01\/ferienhaus_lochranza-300x225.jpg 300w\" sizes=\"(max-width: 750px) 100vw, 750px\" \/><\/p>\n<p><a href=\"https:\/\/www.urlaubcornwall.de\/ferienhaeuser-fewos\/unterkunft\/Holiday\/77791-4-bedroom-house-in-lochranza---77791.html\">Hundefreundlich Ferienhaus in Lochranza<\/a>, Arran, Schottische Inseln.<\/p>\n<p>Das kleine K\u00fcstendorf Lochranza liegt in einer fantastischen Umgebung mit weitreichendem Blick \u00fcber die Bucht und bietet einige charmante Touristenattraktionen, die Sie zu Fu\u00df erreichen k\u00f6nnen. Der \u00f6rtliche Golfplatz ist nur 300 Meter von zu Hause entfernt.<\/p>\n<p>Schlafplatz: Schlafplatz f\u00fcr 8 | Schlafzimmer:4 | Badezimmer:3 | Erwachsene:8 | Babys:1<\/p>\n<p>Haustiere:1 <\/p>\n<p style=\"text-align: center;\"><a class=\"tidycta\" href=\"https:\/\/www.urlaubcornwall.de\/ferienhaeuser-fewos\/sco\/schottische-inseln\/schottische-inseln.html\">Suche Ferienh\u00e4user Schottische Inseln<\/a><\/p>\n","protected":false},"excerpt":{"rendered":"<p>Hundefreundlich Ferienhaus in Lochranza, Arran, Schottische Inseln. Das kleine K\u00fcstendorf Lochranza liegt in einer fantastischen Umgebung mit weitreichendem Blick \u00fcber die Bucht und bietet einige charmante Touristenattraktionen, die Sie zu Fu\u00df erreichen k\u00f6nnen. Der \u00f6rtliche Golfplatz ist nur 300 Meter von zu Hause entfernt. Schlafplatz: Schlafplatz f\u00fcr 8 | Schlafzimmer:4 | Badezimmer:3 | Erwachsene:8 | [&hellip;]<\/p>\n","protected":false},"author":1,"featured_media":0,"parent":0,"menu_order":0,"comment_status":"closed","ping_status":"closed","template":"single-four.php","meta":[],"acf":[],"yoast_head":"<!-- This site is optimized with the Yoast SEO plugin v19.4 - https:\/\/yoast.com\/wordpress\/plugins\/seo\/ -->\n<title>Ferienhaus in Lochranza - Isle of Arran - Urlaub &amp; Reisen<\/title>\n<meta name=\"robots\" content=\"index, follow, max-snippet:-1, max-image-preview:large, max-video-preview:-1\" \/>\n<link rel=\"canonical\" href=\"https:\/\/www.urlaubcornwall.de\/blog\/ferienhaus-in-lochranza-isle-of-arran\/\" \/>\n<meta property=\"og:locale\" content=\"en_US\" \/>\n<meta property=\"og:type\" content=\"article\" \/>\n<meta property=\"og:title\" content=\"Ferienhaus in Lochranza - Isle of Arran - Urlaub &amp; Reisen\" \/>\n<meta property=\"og:description\" content=\"Hundefreundlich Ferienhaus in Lochranza, Arran, Schottische Inseln. Das kleine K\u00fcstendorf Lochranza liegt in einer fantastischen Umgebung mit weitreichendem Blick \u00fcber die Bucht und bietet einige charmante Touristenattraktionen, die Sie zu Fu\u00df erreichen k\u00f6nnen. Der \u00f6rtliche Golfplatz ist nur 300 Meter von zu Hause entfernt. Schlafplatz: Schlafplatz f\u00fcr 8 | Schlafzimmer:4 | Badezimmer:3 | Erwachsene:8 | [&hellip;]\" \/>\n<meta property=\"og:url\" content=\"https:\/\/www.urlaubcornwall.de\/blog\/ferienhaus-in-lochranza-isle-of-arran\/\" \/>\n<meta property=\"og:site_name\" content=\"Urlaub &amp; Reisen\" \/>\n<meta property=\"article:modified_time\" content=\"2023-01-05T13:47:49+00:00\" \/>\n<meta property=\"og:image\" content=\"https:\/\/www.urlaubcornwall.de\/blog\/wp-content\/uploads\/2023\/01\/ferienhaus_lochranza.jpg\" \/>\n<meta name=\"twitter:card\" content=\"summary\" \/>\n<meta name=\"twitter:label1\" content=\"Est. reading time\" \/>\n\t<meta name=\"twitter:data1\" content=\"1 minute\" \/>\n<script type=\"application\/ld+json\" class=\"yoast-schema-graph\">{\"@context\":\"https:\/\/schema.org\",\"@graph\":[{\"@type\":\"WebSite\",\"@id\":\"https:\/\/www.urlaubcornwall.de\/blog\/#website\",\"url\":\"https:\/\/www.urlaubcornwall.de\/blog\/\",\"name\":\"Urlaub &amp; Reisen\",\"description\":\"Urlaub, Reisen, Cornwall und S\u00fcdengland: eine perfekte Kombination\",\"potentialAction\":[{\"@type\":\"SearchAction\",\"target\":{\"@type\":\"EntryPoint\",\"urlTemplate\":\"https:\/\/www.urlaubcornwall.de\/blog\/?s={search_term_string}\"},\"query-input\":\"required name=search_term_string\"}],\"inLanguage\":\"en-US\"},{\"@type\":\"WebPage\",\"@id\":\"https:\/\/www.urlaubcornwall.de\/blog\/ferienhaus-in-lochranza-isle-of-arran\/\",\"url\":\"https:\/\/www.urlaubcornwall.de\/blog\/ferienhaus-in-lochranza-isle-of-arran\/\",\"name\":\"Ferienhaus in Lochranza - Isle of Arran - Urlaub &amp; Reisen\",\"isPartOf\":{\"@id\":\"https:\/\/www.urlaubcornwall.de\/blog\/#website\"},\"datePublished\":\"2023-01-05T13:47:34+00:00\",\"dateModified\":\"2023-01-05T13:47:49+00:00\",\"breadcrumb\":{\"@id\":\"https:\/\/www.urlaubcornwall.de\/blog\/ferienhaus-in-lochranza-isle-of-arran\/#breadcrumb\"},\"inLanguage\":\"en-US\",\"potentialAction\":[{\"@type\":\"ReadAction\",\"target\":[\"https:\/\/www.urlaubcornwall.de\/blog\/ferienhaus-in-lochranza-isle-of-arran\/\"]}]},{\"@type\":\"BreadcrumbList\",\"@id\":\"https:\/\/www.urlaubcornwall.de\/blog\/ferienhaus-in-lochranza-isle-of-arran\/#breadcrumb\",\"itemListElement\":[{\"@type\":\"ListItem\",\"position\":1,\"name\":\"Home\",\"item\":\"https:\/\/www.urlaubcornwall.de\/blog\/\"},{\"@type\":\"ListItem\",\"position\":2,\"name\":\"Ferienhaus in Lochranza &#8211; Isle of Arran\"}]}]}<\/script>\n<!-- \/ Yoast SEO plugin. -->","yoast_head_json":{"title":"Ferienhaus in Lochranza - Isle of Arran - Urlaub &amp; Reisen","robots":{"index":"index","follow":"follow","max-snippet":"max-snippet:-1","max-image-preview":"max-image-preview:large","max-video-preview":"max-video-preview:-1"},"canonical":"https:\/\/www.urlaubcornwall.de\/blog\/ferienhaus-in-lochranza-isle-of-arran\/","og_locale":"en_US","og_type":"article","og_title":"Ferienhaus in Lochranza - Isle of Arran - Urlaub &amp; Reisen","og_description":"Hundefreundlich Ferienhaus in Lochranza, Arran, Schottische Inseln. Das kleine K\u00fcstendorf Lochranza liegt in einer fantastischen Umgebung mit weitreichendem Blick \u00fcber die Bucht und bietet einige charmante Touristenattraktionen, die Sie zu Fu\u00df erreichen k\u00f6nnen. Der \u00f6rtliche Golfplatz ist nur 300 Meter von zu Hause entfernt. Schlafplatz: Schlafplatz f\u00fcr 8 | Schlafzimmer:4 | Badezimmer:3 | Erwachsene:8 | [&hellip;]","og_url":"https:\/\/www.urlaubcornwall.de\/blog\/ferienhaus-in-lochranza-isle-of-arran\/","og_site_name":"Urlaub &amp; Reisen","article_modified_time":"2023-01-05T13:47:49+00:00","og_image":[{"url":"https:\/\/www.urlaubcornwall.de\/blog\/wp-content\/uploads\/2023\/01\/ferienhaus_lochranza.jpg"}],"twitter_card":"summary","twitter_misc":{"Est. reading time":"1 minute"},"schema":{"@context":"https:\/\/schema.org","@graph":[{"@type":"WebSite","@id":"https:\/\/www.urlaubcornwall.de\/blog\/#website","url":"https:\/\/www.urlaubcornwall.de\/blog\/","name":"Urlaub &amp; Reisen","description":"Urlaub, Reisen, Cornwall und S\u00fcdengland: eine perfekte Kombination","potentialAction":[{"@type":"SearchAction","target":{"@type":"EntryPoint","urlTemplate":"https:\/\/www.urlaubcornwall.de\/blog\/?s={search_term_string}"},"query-input":"required name=search_term_string"}],"inLanguage":"en-US"},{"@type":"WebPage","@id":"https:\/\/www.urlaubcornwall.de\/blog\/ferienhaus-in-lochranza-isle-of-arran\/","url":"https:\/\/www.urlaubcornwall.de\/blog\/ferienhaus-in-lochranza-isle-of-arran\/","name":"Ferienhaus in Lochranza - Isle of Arran - Urlaub &amp; Reisen","isPartOf":{"@id":"https:\/\/www.urlaubcornwall.de\/blog\/#website"},"datePublished":"2023-01-05T13:47:34+00:00","dateModified":"2023-01-05T13:47:49+00:00","breadcrumb":{"@id":"https:\/\/www.urlaubcornwall.de\/blog\/ferienhaus-in-lochranza-isle-of-arran\/#breadcrumb"},"inLanguage":"en-US","potentialAction":[{"@type":"ReadAction","target":["https:\/\/www.urlaubcornwall.de\/blog\/ferienhaus-in-lochranza-isle-of-arran\/"]}]},{"@type":"BreadcrumbList","@id":"https:\/\/www.urlaubcornwall.de\/blog\/ferienhaus-in-lochranza-isle-of-arran\/#breadcrumb","itemListElement":[{"@type":"ListItem","position":1,"name":"Home","item":"https:\/\/www.urlaubcornwall.de\/blog\/"},{"@type":"ListItem","position":2,"name":"Ferienhaus in Lochranza &#8211; Isle of Arran"}]}]}},"_links":{"self":[{"href":"https:\/\/www.urlaubcornwall.de\/blog\/wp-json\/wp\/v2\/pages\/45737"}],"collection":[{"href":"https:\/\/www.urlaubcornwall.de\/blog\/wp-json\/wp\/v2\/pages"}],"about":[{"href":"https:\/\/www.urlaubcornwall.de\/blog\/wp-json\/wp\/v2\/types\/page"}],"author":[{"embeddable":true,"href":"https:\/\/www.urlaubcornwall.de\/blog\/wp-json\/wp\/v2\/users\/1"}],"replies":[{"embeddable":true,"href":"https:\/\/www.urlaubcornwall.de\/blog\/wp-json\/wp\/v2\/comments?post=45737"}],"version-history":[{"count":1,"href":"https:\/\/www.urlaubcornwall.de\/blog\/wp-json\/wp\/v2\/pages\/45737\/revisions"}],"predecessor-version":[{"id":45740,"href":"https:\/\/www.urlaubcornwall.de\/blog\/wp-json\/wp\/v2\/pages\/45737\/revisions\/45740"}],"wp:attachment":[{"href":"https:\/\/www.urlaubcornwall.de\/blog\/wp-json\/wp\/v2\/media?parent=45737"}],"curies":[{"name":"wp","href":"https:\/\/api.w.org\/{rel}","templated":true}]}}