{"id":45731,"date":"2023-01-05T09:27:02","date_gmt":"2023-01-05T09:27:02","guid":{"rendered":"https:\/\/www.urlaubcornwall.de\/blog\/?page_id=45731"},"modified":"2023-01-05T09:27:02","modified_gmt":"2023-01-05T09:27:02","slug":"ferienhaus-in-northallerton","status":"publish","type":"page","link":"https:\/\/www.urlaubcornwall.de\/blog\/ferienhaus-in-northallerton\/","title":{"rendered":"Ferienhaus in Northallerton"},"content":{"rendered":"<p><img loading=\"lazy\" class=\"aligncenter size-full wp-image-45732\" src=\"https:\/\/www.urlaubcornwall.de\/blog\/wp-content\/uploads\/2023\/01\/ferienhaus-northallerton.jpg\" alt=\"Ferienhaus in Northallerton\" width=\"750\" height=\"563\" srcset=\"https:\/\/www.urlaubcornwall.de\/blog\/wp-content\/uploads\/2023\/01\/ferienhaus-northallerton.jpg 750w, https:\/\/www.urlaubcornwall.de\/blog\/wp-content\/uploads\/2023\/01\/ferienhaus-northallerton-300x225.jpg 300w\" sizes=\"(max-width: 750px) 100vw, 750px\" \/><\/p>\n<p><a href=\"https:\/\/www.urlaubcornwall.de\/ferienhaeuser-fewos\/unterkunft\/Holiday\/83398-2-bedroom-barn-in-northallerton---83398.html\">Ferienhaus 4 Kilometern N von Northallerton, Yorkshire.<\/a><\/p>\n<p>Brompton ist ein h\u00fcbsches Dorf am Stadtrand von Northallerton; Mittwochs und samstags finden zweiw\u00f6chentlich Markttage statt, an denen auf beiden Seiten der Hauptstra\u00dfe St\u00e4nde mit einer gro\u00dfen Auswahl an Waren und Produkten zu finden sind. In gleicher Entfernung zwischen den Yorkshire Dales und den North York Moors gelegen, sind die Erkundungsm\u00f6glichkeiten endlos.<\/p>\n<p>Schlafplatz: Schlafplatz f\u00fcr 4 | Schlafzimmer:2 | Badezimmer:1 | Erwachsene:4<\/p>\n<p>Haustiere: Leider keine Haustiere erlaubt<\/p>\n<p style=\"text-align: center;\"><a class=\"tidycta\" href=\"https:\/\/www.urlaubcornwall.de\/ferienhaeuser-fewos\/eng\/yorkshire\/northallerton.html\">Suche Ferienh\u00e4user Northallerton<\/a><\/p>\n","protected":false},"excerpt":{"rendered":"<p>Ferienhaus 4 Kilometern N von Northallerton, Yorkshire. Brompton ist ein h\u00fcbsches Dorf am Stadtrand von Northallerton; Mittwochs und samstags finden zweiw\u00f6chentlich Markttage statt, an denen auf beiden Seiten der Hauptstra\u00dfe St\u00e4nde mit einer gro\u00dfen Auswahl an Waren und Produkten zu finden sind. In gleicher Entfernung zwischen den Yorkshire Dales und den North York Moors gelegen, [&hellip;]<\/p>\n","protected":false},"author":1,"featured_media":0,"parent":0,"menu_order":0,"comment_status":"closed","ping_status":"closed","template":"single-four.php","meta":[],"acf":[],"yoast_head":"<!-- This site is optimized with the Yoast SEO plugin v19.4 - https:\/\/yoast.com\/wordpress\/plugins\/seo\/ -->\n<title>Ferienhaus in Northallerton - Urlaub &amp; Reisen<\/title>\n<meta name=\"description\" content=\"Brompton ist ein h\u00fcbsches Dorf am Stadtrand von Northallerton; Mittwochs und samstags finden zweiw\u00f6chentlich Markttage statt\" \/>\n<meta name=\"robots\" content=\"index, follow, max-snippet:-1, max-image-preview:large, max-video-preview:-1\" \/>\n<link rel=\"canonical\" href=\"https:\/\/www.urlaubcornwall.de\/blog\/ferienhaus-in-northallerton\/\" \/>\n<meta property=\"og:locale\" content=\"en_US\" \/>\n<meta property=\"og:type\" content=\"article\" \/>\n<meta property=\"og:title\" content=\"Ferienhaus in Northallerton - Urlaub &amp; Reisen\" \/>\n<meta property=\"og:description\" content=\"Brompton ist ein h\u00fcbsches Dorf am Stadtrand von Northallerton; Mittwochs und samstags finden zweiw\u00f6chentlich Markttage statt\" \/>\n<meta property=\"og:url\" content=\"https:\/\/www.urlaubcornwall.de\/blog\/ferienhaus-in-northallerton\/\" \/>\n<meta property=\"og:site_name\" content=\"Urlaub &amp; Reisen\" \/>\n<meta property=\"og:image\" content=\"https:\/\/www.urlaubcornwall.de\/blog\/wp-content\/uploads\/2023\/01\/ferienhaus-northallerton.jpg\" \/>\n<meta name=\"twitter:card\" content=\"summary\" \/>\n<script type=\"application\/ld+json\" class=\"yoast-schema-graph\">{\"@context\":\"https:\/\/schema.org\",\"@graph\":[{\"@type\":\"WebSite\",\"@id\":\"https:\/\/www.urlaubcornwall.de\/blog\/#website\",\"url\":\"https:\/\/www.urlaubcornwall.de\/blog\/\",\"name\":\"Urlaub &amp; Reisen\",\"description\":\"Urlaub, Reisen, Cornwall und S\u00fcdengland: eine perfekte Kombination\",\"potentialAction\":[{\"@type\":\"SearchAction\",\"target\":{\"@type\":\"EntryPoint\",\"urlTemplate\":\"https:\/\/www.urlaubcornwall.de\/blog\/?s={search_term_string}\"},\"query-input\":\"required name=search_term_string\"}],\"inLanguage\":\"en-US\"},{\"@type\":\"WebPage\",\"@id\":\"https:\/\/www.urlaubcornwall.de\/blog\/ferienhaus-in-northallerton\/\",\"url\":\"https:\/\/www.urlaubcornwall.de\/blog\/ferienhaus-in-northallerton\/\",\"name\":\"Ferienhaus in Northallerton - Urlaub &amp; Reisen\",\"isPartOf\":{\"@id\":\"https:\/\/www.urlaubcornwall.de\/blog\/#website\"},\"datePublished\":\"2023-01-05T09:27:02+00:00\",\"dateModified\":\"2023-01-05T09:27:02+00:00\",\"description\":\"Brompton ist ein h\u00fcbsches Dorf am Stadtrand von Northallerton; Mittwochs und samstags finden zweiw\u00f6chentlich Markttage statt\",\"breadcrumb\":{\"@id\":\"https:\/\/www.urlaubcornwall.de\/blog\/ferienhaus-in-northallerton\/#breadcrumb\"},\"inLanguage\":\"en-US\",\"potentialAction\":[{\"@type\":\"ReadAction\",\"target\":[\"https:\/\/www.urlaubcornwall.de\/blog\/ferienhaus-in-northallerton\/\"]}]},{\"@type\":\"BreadcrumbList\",\"@id\":\"https:\/\/www.urlaubcornwall.de\/blog\/ferienhaus-in-northallerton\/#breadcrumb\",\"itemListElement\":[{\"@type\":\"ListItem\",\"position\":1,\"name\":\"Home\",\"item\":\"https:\/\/www.urlaubcornwall.de\/blog\/\"},{\"@type\":\"ListItem\",\"position\":2,\"name\":\"Ferienhaus in Northallerton\"}]}]}<\/script>\n<!-- \/ Yoast SEO plugin. -->","yoast_head_json":{"title":"Ferienhaus in Northallerton - Urlaub &amp; Reisen","description":"Brompton ist ein h\u00fcbsches Dorf am Stadtrand von Northallerton; Mittwochs und samstags finden zweiw\u00f6chentlich Markttage statt","robots":{"index":"index","follow":"follow","max-snippet":"max-snippet:-1","max-image-preview":"max-image-preview:large","max-video-preview":"max-video-preview:-1"},"canonical":"https:\/\/www.urlaubcornwall.de\/blog\/ferienhaus-in-northallerton\/","og_locale":"en_US","og_type":"article","og_title":"Ferienhaus in Northallerton - Urlaub &amp; Reisen","og_description":"Brompton ist ein h\u00fcbsches Dorf am Stadtrand von Northallerton; Mittwochs und samstags finden zweiw\u00f6chentlich Markttage statt","og_url":"https:\/\/www.urlaubcornwall.de\/blog\/ferienhaus-in-northallerton\/","og_site_name":"Urlaub &amp; Reisen","og_image":[{"url":"https:\/\/www.urlaubcornwall.de\/blog\/wp-content\/uploads\/2023\/01\/ferienhaus-northallerton.jpg"}],"twitter_card":"summary","schema":{"@context":"https:\/\/schema.org","@graph":[{"@type":"WebSite","@id":"https:\/\/www.urlaubcornwall.de\/blog\/#website","url":"https:\/\/www.urlaubcornwall.de\/blog\/","name":"Urlaub &amp; Reisen","description":"Urlaub, Reisen, Cornwall und S\u00fcdengland: eine perfekte Kombination","potentialAction":[{"@type":"SearchAction","target":{"@type":"EntryPoint","urlTemplate":"https:\/\/www.urlaubcornwall.de\/blog\/?s={search_term_string}"},"query-input":"required name=search_term_string"}],"inLanguage":"en-US"},{"@type":"WebPage","@id":"https:\/\/www.urlaubcornwall.de\/blog\/ferienhaus-in-northallerton\/","url":"https:\/\/www.urlaubcornwall.de\/blog\/ferienhaus-in-northallerton\/","name":"Ferienhaus in Northallerton - Urlaub &amp; Reisen","isPartOf":{"@id":"https:\/\/www.urlaubcornwall.de\/blog\/#website"},"datePublished":"2023-01-05T09:27:02+00:00","dateModified":"2023-01-05T09:27:02+00:00","description":"Brompton ist ein h\u00fcbsches Dorf am Stadtrand von Northallerton; Mittwochs und samstags finden zweiw\u00f6chentlich Markttage statt","breadcrumb":{"@id":"https:\/\/www.urlaubcornwall.de\/blog\/ferienhaus-in-northallerton\/#breadcrumb"},"inLanguage":"en-US","potentialAction":[{"@type":"ReadAction","target":["https:\/\/www.urlaubcornwall.de\/blog\/ferienhaus-in-northallerton\/"]}]},{"@type":"BreadcrumbList","@id":"https:\/\/www.urlaubcornwall.de\/blog\/ferienhaus-in-northallerton\/#breadcrumb","itemListElement":[{"@type":"ListItem","position":1,"name":"Home","item":"https:\/\/www.urlaubcornwall.de\/blog\/"},{"@type":"ListItem","position":2,"name":"Ferienhaus in Northallerton"}]}]}},"_links":{"self":[{"href":"https:\/\/www.urlaubcornwall.de\/blog\/wp-json\/wp\/v2\/pages\/45731"}],"collection":[{"href":"https:\/\/www.urlaubcornwall.de\/blog\/wp-json\/wp\/v2\/pages"}],"about":[{"href":"https:\/\/www.urlaubcornwall.de\/blog\/wp-json\/wp\/v2\/types\/page"}],"author":[{"embeddable":true,"href":"https:\/\/www.urlaubcornwall.de\/blog\/wp-json\/wp\/v2\/users\/1"}],"replies":[{"embeddable":true,"href":"https:\/\/www.urlaubcornwall.de\/blog\/wp-json\/wp\/v2\/comments?post=45731"}],"version-history":[{"count":2,"href":"https:\/\/www.urlaubcornwall.de\/blog\/wp-json\/wp\/v2\/pages\/45731\/revisions"}],"predecessor-version":[{"id":45738,"href":"https:\/\/www.urlaubcornwall.de\/blog\/wp-json\/wp\/v2\/pages\/45731\/revisions\/45738"}],"wp:attachment":[{"href":"https:\/\/www.urlaubcornwall.de\/blog\/wp-json\/wp\/v2\/media?parent=45731"}],"curies":[{"name":"wp","href":"https:\/\/api.w.org\/{rel}","templated":true}]}}