{"id":45728,"date":"2023-01-05T09:18:16","date_gmt":"2023-01-05T09:18:16","guid":{"rendered":"https:\/\/www.urlaubcornwall.de\/blog\/?page_id=45728"},"modified":"2023-01-05T09:18:16","modified_gmt":"2023-01-05T09:18:16","slug":"ferienhaus-in-lancaster","status":"publish","type":"page","link":"https:\/\/www.urlaubcornwall.de\/blog\/ferienhaus-in-lancaster\/","title":{"rendered":"Ferienhaus in Lancaster"},"content":{"rendered":"<p><img loading=\"lazy\" class=\"aligncenter size-full wp-image-45729\" src=\"https:\/\/www.urlaubcornwall.de\/blog\/wp-content\/uploads\/2023\/01\/ferienhaus_Lancaster.jpg\" alt=\"ferienhaus_Lancaster\" width=\"750\" height=\"503\" srcset=\"https:\/\/www.urlaubcornwall.de\/blog\/wp-content\/uploads\/2023\/01\/ferienhaus_Lancaster.jpg 750w, https:\/\/www.urlaubcornwall.de\/blog\/wp-content\/uploads\/2023\/01\/ferienhaus_Lancaster-300x201.jpg 300w\" sizes=\"(max-width: 750px) 100vw, 750px\" \/><\/p>\n<p><strong><a href=\"https:\/\/www.urlaubcornwall.de\/ferienhaeuser-fewos\/unterkunft\/OriginalIN\/ds132-salter-fell.html\">Hundefreundlich Ferienhaus in Lancaster, Yorkshire<\/a><\/strong><\/p>\n<p>Salter Fell hat eine gro\u00dfartige Lage in der N\u00e4he von Ingleton mit seinen wundersch\u00f6nen Wasserf\u00e4llen im Herzen des Landes der Drei Zinnen. Mit einer gro\u00dfartigen Aussicht auf Ingleborough und Whernside ist dies der perfekte Ausgangspunkt f\u00fcr Wanderungen, Radtouren oder einfach nur die Erkundung der Gegend<\/p>\n<p>Schlafplatz: Schlafplatz f\u00fcr 5 | Schlafzimmer:3 | Badezimmer:2 | Erwachsene:5 | Babys: 1 | Haustiere:2 <\/p>\n<p style=\"text-align: center;\"><a class=\"tidycta\" href=\"https:\/\/www.urlaubcornwall.de\/ferienhaeuser-fewos\/eng\/yorkshire\/lancaster.html\">Suche Ferienh\u00e4user Lancaster<\/a><\/p>\n","protected":false},"excerpt":{"rendered":"<p>Hundefreundlich Ferienhaus in Lancaster, Yorkshire Salter Fell hat eine gro\u00dfartige Lage in der N\u00e4he von Ingleton mit seinen wundersch\u00f6nen Wasserf\u00e4llen im Herzen des Landes der Drei Zinnen. Mit einer gro\u00dfartigen Aussicht auf Ingleborough und Whernside ist dies der perfekte Ausgangspunkt f\u00fcr Wanderungen, Radtouren oder einfach nur die Erkundung der Gegend Schlafplatz: Schlafplatz f\u00fcr 5 | [&hellip;]<\/p>\n","protected":false},"author":1,"featured_media":0,"parent":0,"menu_order":0,"comment_status":"closed","ping_status":"closed","template":"single-four.php","meta":[],"acf":[],"yoast_head":"<!-- This site is optimized with the Yoast SEO plugin v19.4 - https:\/\/yoast.com\/wordpress\/plugins\/seo\/ -->\n<title>Ferienhaus in Lancaster - Urlaub &amp; Reisen<\/title>\n<meta name=\"description\" content=\"Salter Fell hat eine gro\u00dfartige Lage in der N\u00e4he von Ingleton mit seinen wundersch\u00f6nen Wasserf\u00e4llen im Herzen des Landes der Drei Zinnen\" \/>\n<meta name=\"robots\" content=\"index, follow, max-snippet:-1, max-image-preview:large, max-video-preview:-1\" \/>\n<link rel=\"canonical\" href=\"https:\/\/www.urlaubcornwall.de\/blog\/ferienhaus-in-lancaster\/\" \/>\n<meta property=\"og:locale\" content=\"en_US\" \/>\n<meta property=\"og:type\" content=\"article\" \/>\n<meta property=\"og:title\" content=\"Ferienhaus in Lancaster - Urlaub &amp; Reisen\" \/>\n<meta property=\"og:description\" content=\"Salter Fell hat eine gro\u00dfartige Lage in der N\u00e4he von Ingleton mit seinen wundersch\u00f6nen Wasserf\u00e4llen im Herzen des Landes der Drei Zinnen\" \/>\n<meta property=\"og:url\" content=\"https:\/\/www.urlaubcornwall.de\/blog\/ferienhaus-in-lancaster\/\" \/>\n<meta property=\"og:site_name\" content=\"Urlaub &amp; Reisen\" \/>\n<meta property=\"og:image\" content=\"https:\/\/www.urlaubcornwall.de\/blog\/wp-content\/uploads\/2023\/01\/ferienhaus_Lancaster.jpg\" \/>\n<meta name=\"twitter:card\" content=\"summary\" \/>\n<script type=\"application\/ld+json\" class=\"yoast-schema-graph\">{\"@context\":\"https:\/\/schema.org\",\"@graph\":[{\"@type\":\"WebSite\",\"@id\":\"https:\/\/www.urlaubcornwall.de\/blog\/#website\",\"url\":\"https:\/\/www.urlaubcornwall.de\/blog\/\",\"name\":\"Urlaub &amp; Reisen\",\"description\":\"Urlaub, Reisen, Cornwall und S\u00fcdengland: eine perfekte Kombination\",\"potentialAction\":[{\"@type\":\"SearchAction\",\"target\":{\"@type\":\"EntryPoint\",\"urlTemplate\":\"https:\/\/www.urlaubcornwall.de\/blog\/?s={search_term_string}\"},\"query-input\":\"required name=search_term_string\"}],\"inLanguage\":\"en-US\"},{\"@type\":\"WebPage\",\"@id\":\"https:\/\/www.urlaubcornwall.de\/blog\/ferienhaus-in-lancaster\/\",\"url\":\"https:\/\/www.urlaubcornwall.de\/blog\/ferienhaus-in-lancaster\/\",\"name\":\"Ferienhaus in Lancaster - Urlaub &amp; Reisen\",\"isPartOf\":{\"@id\":\"https:\/\/www.urlaubcornwall.de\/blog\/#website\"},\"datePublished\":\"2023-01-05T09:18:16+00:00\",\"dateModified\":\"2023-01-05T09:18:16+00:00\",\"description\":\"Salter Fell hat eine gro\u00dfartige Lage in der N\u00e4he von Ingleton mit seinen wundersch\u00f6nen Wasserf\u00e4llen im Herzen des Landes der Drei Zinnen\",\"breadcrumb\":{\"@id\":\"https:\/\/www.urlaubcornwall.de\/blog\/ferienhaus-in-lancaster\/#breadcrumb\"},\"inLanguage\":\"en-US\",\"potentialAction\":[{\"@type\":\"ReadAction\",\"target\":[\"https:\/\/www.urlaubcornwall.de\/blog\/ferienhaus-in-lancaster\/\"]}]},{\"@type\":\"BreadcrumbList\",\"@id\":\"https:\/\/www.urlaubcornwall.de\/blog\/ferienhaus-in-lancaster\/#breadcrumb\",\"itemListElement\":[{\"@type\":\"ListItem\",\"position\":1,\"name\":\"Home\",\"item\":\"https:\/\/www.urlaubcornwall.de\/blog\/\"},{\"@type\":\"ListItem\",\"position\":2,\"name\":\"Ferienhaus in Lancaster\"}]}]}<\/script>\n<!-- \/ Yoast SEO plugin. -->","yoast_head_json":{"title":"Ferienhaus in Lancaster - Urlaub &amp; Reisen","description":"Salter Fell hat eine gro\u00dfartige Lage in der N\u00e4he von Ingleton mit seinen wundersch\u00f6nen Wasserf\u00e4llen im Herzen des Landes der Drei Zinnen","robots":{"index":"index","follow":"follow","max-snippet":"max-snippet:-1","max-image-preview":"max-image-preview:large","max-video-preview":"max-video-preview:-1"},"canonical":"https:\/\/www.urlaubcornwall.de\/blog\/ferienhaus-in-lancaster\/","og_locale":"en_US","og_type":"article","og_title":"Ferienhaus in Lancaster - Urlaub &amp; Reisen","og_description":"Salter Fell hat eine gro\u00dfartige Lage in der N\u00e4he von Ingleton mit seinen wundersch\u00f6nen Wasserf\u00e4llen im Herzen des Landes der Drei Zinnen","og_url":"https:\/\/www.urlaubcornwall.de\/blog\/ferienhaus-in-lancaster\/","og_site_name":"Urlaub &amp; Reisen","og_image":[{"url":"https:\/\/www.urlaubcornwall.de\/blog\/wp-content\/uploads\/2023\/01\/ferienhaus_Lancaster.jpg"}],"twitter_card":"summary","schema":{"@context":"https:\/\/schema.org","@graph":[{"@type":"WebSite","@id":"https:\/\/www.urlaubcornwall.de\/blog\/#website","url":"https:\/\/www.urlaubcornwall.de\/blog\/","name":"Urlaub &amp; Reisen","description":"Urlaub, Reisen, Cornwall und S\u00fcdengland: eine perfekte Kombination","potentialAction":[{"@type":"SearchAction","target":{"@type":"EntryPoint","urlTemplate":"https:\/\/www.urlaubcornwall.de\/blog\/?s={search_term_string}"},"query-input":"required name=search_term_string"}],"inLanguage":"en-US"},{"@type":"WebPage","@id":"https:\/\/www.urlaubcornwall.de\/blog\/ferienhaus-in-lancaster\/","url":"https:\/\/www.urlaubcornwall.de\/blog\/ferienhaus-in-lancaster\/","name":"Ferienhaus in Lancaster - Urlaub &amp; Reisen","isPartOf":{"@id":"https:\/\/www.urlaubcornwall.de\/blog\/#website"},"datePublished":"2023-01-05T09:18:16+00:00","dateModified":"2023-01-05T09:18:16+00:00","description":"Salter Fell hat eine gro\u00dfartige Lage in der N\u00e4he von Ingleton mit seinen wundersch\u00f6nen Wasserf\u00e4llen im Herzen des Landes der Drei Zinnen","breadcrumb":{"@id":"https:\/\/www.urlaubcornwall.de\/blog\/ferienhaus-in-lancaster\/#breadcrumb"},"inLanguage":"en-US","potentialAction":[{"@type":"ReadAction","target":["https:\/\/www.urlaubcornwall.de\/blog\/ferienhaus-in-lancaster\/"]}]},{"@type":"BreadcrumbList","@id":"https:\/\/www.urlaubcornwall.de\/blog\/ferienhaus-in-lancaster\/#breadcrumb","itemListElement":[{"@type":"ListItem","position":1,"name":"Home","item":"https:\/\/www.urlaubcornwall.de\/blog\/"},{"@type":"ListItem","position":2,"name":"Ferienhaus in Lancaster"}]}]}},"_links":{"self":[{"href":"https:\/\/www.urlaubcornwall.de\/blog\/wp-json\/wp\/v2\/pages\/45728"}],"collection":[{"href":"https:\/\/www.urlaubcornwall.de\/blog\/wp-json\/wp\/v2\/pages"}],"about":[{"href":"https:\/\/www.urlaubcornwall.de\/blog\/wp-json\/wp\/v2\/types\/page"}],"author":[{"embeddable":true,"href":"https:\/\/www.urlaubcornwall.de\/blog\/wp-json\/wp\/v2\/users\/1"}],"replies":[{"embeddable":true,"href":"https:\/\/www.urlaubcornwall.de\/blog\/wp-json\/wp\/v2\/comments?post=45728"}],"version-history":[{"count":1,"href":"https:\/\/www.urlaubcornwall.de\/blog\/wp-json\/wp\/v2\/pages\/45728\/revisions"}],"predecessor-version":[{"id":45730,"href":"https:\/\/www.urlaubcornwall.de\/blog\/wp-json\/wp\/v2\/pages\/45728\/revisions\/45730"}],"wp:attachment":[{"href":"https:\/\/www.urlaubcornwall.de\/blog\/wp-json\/wp\/v2\/media?parent=45728"}],"curies":[{"name":"wp","href":"https:\/\/api.w.org\/{rel}","templated":true}]}}