{"id":45725,"date":"2023-01-04T13:54:13","date_gmt":"2023-01-04T13:54:13","guid":{"rendered":"https:\/\/www.urlaubcornwall.de\/blog\/?page_id=45725"},"modified":"2023-01-06T16:17:13","modified_gmt":"2023-01-06T16:17:13","slug":"ferienhaus-in-harrogate","status":"publish","type":"page","link":"https:\/\/www.urlaubcornwall.de\/blog\/ferienhaus-in-harrogate\/","title":{"rendered":"Ferienhaus in Harrogate"},"content":{"rendered":"<p><img loading=\"lazy\" class=\"aligncenter size-full wp-image-45726\" src=\"https:\/\/www.urlaubcornwall.de\/blog\/wp-content\/uploads\/2023\/01\/ferienhaus_harrogate.jpg\" alt=\"ferienhaus_harrogate\" width=\"750\" height=\"563\" srcset=\"https:\/\/www.urlaubcornwall.de\/blog\/wp-content\/uploads\/2023\/01\/ferienhaus_harrogate.jpg 750w, https:\/\/www.urlaubcornwall.de\/blog\/wp-content\/uploads\/2023\/01\/ferienhaus_harrogate-300x225.jpg 300w\" sizes=\"(max-width: 750px) 100vw, 750px\" \/><\/p>\n<p><strong><a href=\"https:\/\/www.urlaubcornwall.de\/ferienhaeuser-fewos\/unterkunft\/Holiday\/86490-3-bedroom-house-in-harrogate---86490.html\">Ferienhaus in Harrogate, Yorkshire<\/a><\/strong><\/p>\n<p>Dieses fantastische, neu umgebaute, <a href=\"https:\/\/www.urlaubcornwall.de\/ferienhaeuser-fewos\/unterkunft\/Holiday\/86490-3-bedroom-house-in-harrogate---86490.html\">freistehende Ferienhaus<\/a> war fr\u00fcher eine viktorianische Werkstatt und befindet sich im Zentrum der pulsierenden <a href=\"https:\/\/www.urlaubcornwall.de\/ferienhaeuser-fewos\/eng\/yorkshire\/harrogate.html\">Stadt Harrogate<\/a>. Mit einer F\u00fclle von Gesch\u00e4ften, Bars und Restaurants in der N\u00e4he. Erkunden Sie die makellosen G\u00e4rten, die elegante Architektur und die breiten, von B\u00e4umen ges\u00e4umten Boulevards von Harrogate.<\/p>\n<p>Schlafplatz: Schlafplatz f\u00fcr 5 | Schlafzimmer: 3 | Badezimmer: 2 | Erwachsene: 5 | Babys: 1 | Haustiere: Leider keine Haustiere erlaubt<\/p>\n<p style=\"text-align: center;\"><a class=\"tidycta\" href=\"https:\/\/www.urlaubcornwall.de\/ferienhaeuser-fewos\/eng\/yorkshire\/harrogate.html\">Suche Ferienh\u00e4user Harrogate<\/a><\/p>\n","protected":false},"excerpt":{"rendered":"<p>Ferienhaus in Harrogate, Yorkshire Dieses fantastische, neu umgebaute, freistehende Ferienhaus war fr\u00fcher eine viktorianische Werkstatt und befindet sich im Zentrum der pulsierenden Stadt Harrogate. Mit einer F\u00fclle von Gesch\u00e4ften, Bars und Restaurants in der N\u00e4he. Erkunden Sie die makellosen G\u00e4rten, die elegante Architektur und die breiten, von B\u00e4umen ges\u00e4umten Boulevards von Harrogate. Schlafplatz: Schlafplatz f\u00fcr [&hellip;]<\/p>\n","protected":false},"author":1,"featured_media":0,"parent":0,"menu_order":0,"comment_status":"closed","ping_status":"closed","template":"single-four.php","meta":[],"acf":[],"yoast_head":"<!-- This site is optimized with the Yoast SEO plugin v19.4 - https:\/\/yoast.com\/wordpress\/plugins\/seo\/ -->\n<title>Ferienhaus in Harrogate - Urlaub &amp; Reisen<\/title>\n<meta name=\"description\" content=\"Dieses fantastische, neu umgebaute, freistehende Ferienhaus war fr\u00fcher eine viktorianische Werkstatt und befindet sich im Zentrum\" \/>\n<meta name=\"robots\" content=\"index, follow, max-snippet:-1, max-image-preview:large, max-video-preview:-1\" \/>\n<link rel=\"canonical\" href=\"https:\/\/www.urlaubcornwall.de\/blog\/ferienhaus-in-harrogate\/\" \/>\n<meta property=\"og:locale\" content=\"en_US\" \/>\n<meta property=\"og:type\" content=\"article\" \/>\n<meta property=\"og:title\" content=\"Ferienhaus in Harrogate - Urlaub &amp; Reisen\" \/>\n<meta property=\"og:description\" content=\"Dieses fantastische, neu umgebaute, freistehende Ferienhaus war fr\u00fcher eine viktorianische Werkstatt und befindet sich im Zentrum\" \/>\n<meta property=\"og:url\" content=\"https:\/\/www.urlaubcornwall.de\/blog\/ferienhaus-in-harrogate\/\" \/>\n<meta property=\"og:site_name\" content=\"Urlaub &amp; Reisen\" \/>\n<meta property=\"article:modified_time\" content=\"2023-01-06T16:17:13+00:00\" \/>\n<meta property=\"og:image\" content=\"https:\/\/www.urlaubcornwall.de\/blog\/wp-content\/uploads\/2023\/01\/ferienhaus_harrogate.jpg\" \/>\n<meta name=\"twitter:card\" content=\"summary\" \/>\n<meta name=\"twitter:label1\" content=\"Est. reading time\" \/>\n\t<meta name=\"twitter:data1\" content=\"1 minute\" \/>\n<script type=\"application\/ld+json\" class=\"yoast-schema-graph\">{\"@context\":\"https:\/\/schema.org\",\"@graph\":[{\"@type\":\"WebSite\",\"@id\":\"https:\/\/www.urlaubcornwall.de\/blog\/#website\",\"url\":\"https:\/\/www.urlaubcornwall.de\/blog\/\",\"name\":\"Urlaub &amp; Reisen\",\"description\":\"Urlaub, Reisen, Cornwall und S\u00fcdengland: eine perfekte Kombination\",\"potentialAction\":[{\"@type\":\"SearchAction\",\"target\":{\"@type\":\"EntryPoint\",\"urlTemplate\":\"https:\/\/www.urlaubcornwall.de\/blog\/?s={search_term_string}\"},\"query-input\":\"required name=search_term_string\"}],\"inLanguage\":\"en-US\"},{\"@type\":\"WebPage\",\"@id\":\"https:\/\/www.urlaubcornwall.de\/blog\/ferienhaus-in-harrogate\/\",\"url\":\"https:\/\/www.urlaubcornwall.de\/blog\/ferienhaus-in-harrogate\/\",\"name\":\"Ferienhaus in Harrogate - Urlaub &amp; Reisen\",\"isPartOf\":{\"@id\":\"https:\/\/www.urlaubcornwall.de\/blog\/#website\"},\"datePublished\":\"2023-01-04T13:54:13+00:00\",\"dateModified\":\"2023-01-06T16:17:13+00:00\",\"description\":\"Dieses fantastische, neu umgebaute, freistehende Ferienhaus war fr\u00fcher eine viktorianische Werkstatt und befindet sich im Zentrum\",\"breadcrumb\":{\"@id\":\"https:\/\/www.urlaubcornwall.de\/blog\/ferienhaus-in-harrogate\/#breadcrumb\"},\"inLanguage\":\"en-US\",\"potentialAction\":[{\"@type\":\"ReadAction\",\"target\":[\"https:\/\/www.urlaubcornwall.de\/blog\/ferienhaus-in-harrogate\/\"]}]},{\"@type\":\"BreadcrumbList\",\"@id\":\"https:\/\/www.urlaubcornwall.de\/blog\/ferienhaus-in-harrogate\/#breadcrumb\",\"itemListElement\":[{\"@type\":\"ListItem\",\"position\":1,\"name\":\"Home\",\"item\":\"https:\/\/www.urlaubcornwall.de\/blog\/\"},{\"@type\":\"ListItem\",\"position\":2,\"name\":\"Ferienhaus in Harrogate\"}]}]}<\/script>\n<!-- \/ Yoast SEO plugin. -->","yoast_head_json":{"title":"Ferienhaus in Harrogate - Urlaub &amp; Reisen","description":"Dieses fantastische, neu umgebaute, freistehende Ferienhaus war fr\u00fcher eine viktorianische Werkstatt und befindet sich im Zentrum","robots":{"index":"index","follow":"follow","max-snippet":"max-snippet:-1","max-image-preview":"max-image-preview:large","max-video-preview":"max-video-preview:-1"},"canonical":"https:\/\/www.urlaubcornwall.de\/blog\/ferienhaus-in-harrogate\/","og_locale":"en_US","og_type":"article","og_title":"Ferienhaus in Harrogate - Urlaub &amp; Reisen","og_description":"Dieses fantastische, neu umgebaute, freistehende Ferienhaus war fr\u00fcher eine viktorianische Werkstatt und befindet sich im Zentrum","og_url":"https:\/\/www.urlaubcornwall.de\/blog\/ferienhaus-in-harrogate\/","og_site_name":"Urlaub &amp; Reisen","article_modified_time":"2023-01-06T16:17:13+00:00","og_image":[{"url":"https:\/\/www.urlaubcornwall.de\/blog\/wp-content\/uploads\/2023\/01\/ferienhaus_harrogate.jpg"}],"twitter_card":"summary","twitter_misc":{"Est. reading time":"1 minute"},"schema":{"@context":"https:\/\/schema.org","@graph":[{"@type":"WebSite","@id":"https:\/\/www.urlaubcornwall.de\/blog\/#website","url":"https:\/\/www.urlaubcornwall.de\/blog\/","name":"Urlaub &amp; Reisen","description":"Urlaub, Reisen, Cornwall und S\u00fcdengland: eine perfekte Kombination","potentialAction":[{"@type":"SearchAction","target":{"@type":"EntryPoint","urlTemplate":"https:\/\/www.urlaubcornwall.de\/blog\/?s={search_term_string}"},"query-input":"required name=search_term_string"}],"inLanguage":"en-US"},{"@type":"WebPage","@id":"https:\/\/www.urlaubcornwall.de\/blog\/ferienhaus-in-harrogate\/","url":"https:\/\/www.urlaubcornwall.de\/blog\/ferienhaus-in-harrogate\/","name":"Ferienhaus in Harrogate - Urlaub &amp; Reisen","isPartOf":{"@id":"https:\/\/www.urlaubcornwall.de\/blog\/#website"},"datePublished":"2023-01-04T13:54:13+00:00","dateModified":"2023-01-06T16:17:13+00:00","description":"Dieses fantastische, neu umgebaute, freistehende Ferienhaus war fr\u00fcher eine viktorianische Werkstatt und befindet sich im Zentrum","breadcrumb":{"@id":"https:\/\/www.urlaubcornwall.de\/blog\/ferienhaus-in-harrogate\/#breadcrumb"},"inLanguage":"en-US","potentialAction":[{"@type":"ReadAction","target":["https:\/\/www.urlaubcornwall.de\/blog\/ferienhaus-in-harrogate\/"]}]},{"@type":"BreadcrumbList","@id":"https:\/\/www.urlaubcornwall.de\/blog\/ferienhaus-in-harrogate\/#breadcrumb","itemListElement":[{"@type":"ListItem","position":1,"name":"Home","item":"https:\/\/www.urlaubcornwall.de\/blog\/"},{"@type":"ListItem","position":2,"name":"Ferienhaus in Harrogate"}]}]}},"_links":{"self":[{"href":"https:\/\/www.urlaubcornwall.de\/blog\/wp-json\/wp\/v2\/pages\/45725"}],"collection":[{"href":"https:\/\/www.urlaubcornwall.de\/blog\/wp-json\/wp\/v2\/pages"}],"about":[{"href":"https:\/\/www.urlaubcornwall.de\/blog\/wp-json\/wp\/v2\/types\/page"}],"author":[{"embeddable":true,"href":"https:\/\/www.urlaubcornwall.de\/blog\/wp-json\/wp\/v2\/users\/1"}],"replies":[{"embeddable":true,"href":"https:\/\/www.urlaubcornwall.de\/blog\/wp-json\/wp\/v2\/comments?post=45725"}],"version-history":[{"count":2,"href":"https:\/\/www.urlaubcornwall.de\/blog\/wp-json\/wp\/v2\/pages\/45725\/revisions"}],"predecessor-version":[{"id":45750,"href":"https:\/\/www.urlaubcornwall.de\/blog\/wp-json\/wp\/v2\/pages\/45725\/revisions\/45750"}],"wp:attachment":[{"href":"https:\/\/www.urlaubcornwall.de\/blog\/wp-json\/wp\/v2\/media?parent=45725"}],"curies":[{"name":"wp","href":"https:\/\/api.w.org\/{rel}","templated":true}]}}