{"id":45648,"date":"2022-12-20T16:03:11","date_gmt":"2022-12-20T16:03:11","guid":{"rendered":"https:\/\/www.urlaubcornwall.de\/blog\/?page_id=45648"},"modified":"2022-12-20T16:03:11","modified_gmt":"2022-12-20T16:03:11","slug":"ferienhaus-in-hove","status":"publish","type":"page","link":"https:\/\/www.urlaubcornwall.de\/blog\/ferienhaus-in-hove\/","title":{"rendered":"Ferienhaus in Hove"},"content":{"rendered":"<p><img loading=\"lazy\" class=\"aligncenter size-full wp-image-33960\" src=\"https:\/\/www.urlaubcornwall.de\/blog\/wp-content\/uploads\/2018\/07\/urlaub-brighton-am-meer.jpg\" alt=\"urlaub hove am meer\" width=\"750\" height=\"390\"\/><\/p>\n<p><strong>2 Schlafzimmer 1 Badezimmer Ferienhaus in Hove, Sussex<\/strong><\/p>\n<p><strong>An-\/Abreisetag am: <\/strong>Samstag<\/p>\n<p><strong>Mieten:<\/strong> Von \u00a3476 bis \u00a3711 <\/p>\n<p><a href=\"https:\/\/www.urlaubcornwall.de\/ferienhaeuser-fewos\/unterkunft\/OriginalKS\/bbbswe-coachmans-flat.html\">Olive Cottage<\/a> ist ein charmantes Cottage mit zwei Schlafzimmern in einer ruhigen Stallung in Hove. Das Cottage ist nur einen kurzen Spaziergang vom Strand und dem Einkaufszentrum entfernt. Die Strandpromenade befindet sich buchst\u00e4blich am Ende der Stra\u00dfe, und Sie k\u00f6nnen zu Fu\u00df oder mit einem Fahrrad zum ber\u00fchmten Brighton Pier oder in die andere Richtung zur eleganten Architektur von Hove laufen<\/p>\n<p>Hove ist von Brighton getrennt und hat seinen ganz eigenen Charakter; es ist bed\u00e4chtiger und ruhiger als der Schwesternbadeort <a href=\"https:\/\/www.urlaubcornwall.de\/ferienhaeuser-fewos\/eng\/sussex\/brighton.html\">Brighton<\/a>. Die Promenade verf\u00fcgt \u00fcber gro\u00dfe H\u00e4user des 19. Jahrhunderts; es gibt breite Boulevards und Dorfpl\u00e4tze. Der Sussex County Cricketplatz befindet sich in Hove. In Hoves einzigartiger windgesch\u00fctzter, flacher Lagune k\u00f6nnen Sie das Windsurfen erlernen, das Wakeboarden, Paddleboarding, Segeln und Kajaken.<\/p>\n<p style=\"text-align: center;\"><a class=\"tidycta\" href=\"https:\/\/www.urlaubcornwall.de\/ferienhaeuser-fewos\/eng\/sussex\/hove.html\">Suche Ferienh\u00e4user Hove<\/a><\/p>\n","protected":false},"excerpt":{"rendered":"<p>2 Schlafzimmer 1 Badezimmer Ferienhaus in Hove, Sussex An-\/Abreisetag am: Samstag Mieten: Von \u00a3476 bis \u00a3711 Olive Cottage ist ein charmantes Cottage mit zwei Schlafzimmern in einer ruhigen Stallung in Hove. Das Cottage ist nur einen kurzen Spaziergang vom Strand und dem Einkaufszentrum entfernt. Die Strandpromenade befindet sich buchst\u00e4blich am Ende der Stra\u00dfe, und Sie [&hellip;]<\/p>\n","protected":false},"author":1,"featured_media":0,"parent":0,"menu_order":0,"comment_status":"closed","ping_status":"closed","template":"single-four.php","meta":[],"acf":[],"yoast_head":"<!-- This site is optimized with the Yoast SEO plugin v19.4 - https:\/\/yoast.com\/wordpress\/plugins\/seo\/ -->\n<title>Ferienhaus in Hove - Urlaub &amp; Reisen<\/title>\n<meta name=\"robots\" content=\"index, follow, max-snippet:-1, max-image-preview:large, max-video-preview:-1\" \/>\n<link rel=\"canonical\" href=\"https:\/\/www.urlaubcornwall.de\/blog\/ferienhaus-in-hove\/\" \/>\n<meta property=\"og:locale\" content=\"en_US\" \/>\n<meta property=\"og:type\" content=\"article\" \/>\n<meta property=\"og:title\" content=\"Ferienhaus in Hove - Urlaub &amp; Reisen\" \/>\n<meta property=\"og:description\" content=\"2 Schlafzimmer 1 Badezimmer Ferienhaus in Hove, Sussex An-\/Abreisetag am: Samstag Mieten: Von \u00a3476 bis \u00a3711 Olive Cottage ist ein charmantes Cottage mit zwei Schlafzimmern in einer ruhigen Stallung in Hove. Das Cottage ist nur einen kurzen Spaziergang vom Strand und dem Einkaufszentrum entfernt. Die Strandpromenade befindet sich buchst\u00e4blich am Ende der Stra\u00dfe, und Sie [&hellip;]\" \/>\n<meta property=\"og:url\" content=\"https:\/\/www.urlaubcornwall.de\/blog\/ferienhaus-in-hove\/\" \/>\n<meta property=\"og:site_name\" content=\"Urlaub &amp; Reisen\" \/>\n<meta property=\"og:image\" content=\"https:\/\/www.urlaubcornwall.de\/blog\/wp-content\/uploads\/2018\/07\/urlaub-brighton-am-meer.jpg\" \/>\n<meta name=\"twitter:card\" content=\"summary\" \/>\n<script type=\"application\/ld+json\" class=\"yoast-schema-graph\">{\"@context\":\"https:\/\/schema.org\",\"@graph\":[{\"@type\":\"WebSite\",\"@id\":\"https:\/\/www.urlaubcornwall.de\/blog\/#website\",\"url\":\"https:\/\/www.urlaubcornwall.de\/blog\/\",\"name\":\"Urlaub &amp; Reisen\",\"description\":\"Urlaub, Reisen, Cornwall und S\u00fcdengland: eine perfekte Kombination\",\"potentialAction\":[{\"@type\":\"SearchAction\",\"target\":{\"@type\":\"EntryPoint\",\"urlTemplate\":\"https:\/\/www.urlaubcornwall.de\/blog\/?s={search_term_string}\"},\"query-input\":\"required name=search_term_string\"}],\"inLanguage\":\"en-US\"},{\"@type\":\"WebPage\",\"@id\":\"https:\/\/www.urlaubcornwall.de\/blog\/ferienhaus-in-hove\/\",\"url\":\"https:\/\/www.urlaubcornwall.de\/blog\/ferienhaus-in-hove\/\",\"name\":\"Ferienhaus in Hove - Urlaub &amp; Reisen\",\"isPartOf\":{\"@id\":\"https:\/\/www.urlaubcornwall.de\/blog\/#website\"},\"datePublished\":\"2022-12-20T16:03:11+00:00\",\"dateModified\":\"2022-12-20T16:03:11+00:00\",\"breadcrumb\":{\"@id\":\"https:\/\/www.urlaubcornwall.de\/blog\/ferienhaus-in-hove\/#breadcrumb\"},\"inLanguage\":\"en-US\",\"potentialAction\":[{\"@type\":\"ReadAction\",\"target\":[\"https:\/\/www.urlaubcornwall.de\/blog\/ferienhaus-in-hove\/\"]}]},{\"@type\":\"BreadcrumbList\",\"@id\":\"https:\/\/www.urlaubcornwall.de\/blog\/ferienhaus-in-hove\/#breadcrumb\",\"itemListElement\":[{\"@type\":\"ListItem\",\"position\":1,\"name\":\"Home\",\"item\":\"https:\/\/www.urlaubcornwall.de\/blog\/\"},{\"@type\":\"ListItem\",\"position\":2,\"name\":\"Ferienhaus in Hove\"}]}]}<\/script>\n<!-- \/ Yoast SEO plugin. -->","yoast_head_json":{"title":"Ferienhaus in Hove - Urlaub &amp; Reisen","robots":{"index":"index","follow":"follow","max-snippet":"max-snippet:-1","max-image-preview":"max-image-preview:large","max-video-preview":"max-video-preview:-1"},"canonical":"https:\/\/www.urlaubcornwall.de\/blog\/ferienhaus-in-hove\/","og_locale":"en_US","og_type":"article","og_title":"Ferienhaus in Hove - Urlaub &amp; Reisen","og_description":"2 Schlafzimmer 1 Badezimmer Ferienhaus in Hove, Sussex An-\/Abreisetag am: Samstag Mieten: Von \u00a3476 bis \u00a3711 Olive Cottage ist ein charmantes Cottage mit zwei Schlafzimmern in einer ruhigen Stallung in Hove. Das Cottage ist nur einen kurzen Spaziergang vom Strand und dem Einkaufszentrum entfernt. Die Strandpromenade befindet sich buchst\u00e4blich am Ende der Stra\u00dfe, und Sie [&hellip;]","og_url":"https:\/\/www.urlaubcornwall.de\/blog\/ferienhaus-in-hove\/","og_site_name":"Urlaub &amp; Reisen","og_image":[{"url":"https:\/\/www.urlaubcornwall.de\/blog\/wp-content\/uploads\/2018\/07\/urlaub-brighton-am-meer.jpg"}],"twitter_card":"summary","schema":{"@context":"https:\/\/schema.org","@graph":[{"@type":"WebSite","@id":"https:\/\/www.urlaubcornwall.de\/blog\/#website","url":"https:\/\/www.urlaubcornwall.de\/blog\/","name":"Urlaub &amp; Reisen","description":"Urlaub, Reisen, Cornwall und S\u00fcdengland: eine perfekte Kombination","potentialAction":[{"@type":"SearchAction","target":{"@type":"EntryPoint","urlTemplate":"https:\/\/www.urlaubcornwall.de\/blog\/?s={search_term_string}"},"query-input":"required name=search_term_string"}],"inLanguage":"en-US"},{"@type":"WebPage","@id":"https:\/\/www.urlaubcornwall.de\/blog\/ferienhaus-in-hove\/","url":"https:\/\/www.urlaubcornwall.de\/blog\/ferienhaus-in-hove\/","name":"Ferienhaus in Hove - Urlaub &amp; Reisen","isPartOf":{"@id":"https:\/\/www.urlaubcornwall.de\/blog\/#website"},"datePublished":"2022-12-20T16:03:11+00:00","dateModified":"2022-12-20T16:03:11+00:00","breadcrumb":{"@id":"https:\/\/www.urlaubcornwall.de\/blog\/ferienhaus-in-hove\/#breadcrumb"},"inLanguage":"en-US","potentialAction":[{"@type":"ReadAction","target":["https:\/\/www.urlaubcornwall.de\/blog\/ferienhaus-in-hove\/"]}]},{"@type":"BreadcrumbList","@id":"https:\/\/www.urlaubcornwall.de\/blog\/ferienhaus-in-hove\/#breadcrumb","itemListElement":[{"@type":"ListItem","position":1,"name":"Home","item":"https:\/\/www.urlaubcornwall.de\/blog\/"},{"@type":"ListItem","position":2,"name":"Ferienhaus in Hove"}]}]}},"_links":{"self":[{"href":"https:\/\/www.urlaubcornwall.de\/blog\/wp-json\/wp\/v2\/pages\/45648"}],"collection":[{"href":"https:\/\/www.urlaubcornwall.de\/blog\/wp-json\/wp\/v2\/pages"}],"about":[{"href":"https:\/\/www.urlaubcornwall.de\/blog\/wp-json\/wp\/v2\/types\/page"}],"author":[{"embeddable":true,"href":"https:\/\/www.urlaubcornwall.de\/blog\/wp-json\/wp\/v2\/users\/1"}],"replies":[{"embeddable":true,"href":"https:\/\/www.urlaubcornwall.de\/blog\/wp-json\/wp\/v2\/comments?post=45648"}],"version-history":[{"count":1,"href":"https:\/\/www.urlaubcornwall.de\/blog\/wp-json\/wp\/v2\/pages\/45648\/revisions"}],"predecessor-version":[{"id":45649,"href":"https:\/\/www.urlaubcornwall.de\/blog\/wp-json\/wp\/v2\/pages\/45648\/revisions\/45649"}],"wp:attachment":[{"href":"https:\/\/www.urlaubcornwall.de\/blog\/wp-json\/wp\/v2\/media?parent=45648"}],"curies":[{"name":"wp","href":"https:\/\/api.w.org\/{rel}","templated":true}]}}