{"id":45433,"date":"2022-11-26T14:51:18","date_gmt":"2022-11-26T14:51:18","guid":{"rendered":"https:\/\/www.urlaubcornwall.de\/blog\/?page_id=45433"},"modified":"2024-04-15T09:58:08","modified_gmt":"2024-04-15T09:58:08","slug":"ferienparks-in-dorset","status":"publish","type":"page","link":"https:\/\/www.urlaubcornwall.de\/blog\/ferienparks-in-dorset\/","title":{"rendered":"Ferienparks in Dorset"},"content":{"rendered":"<p><img loading=\"lazy\" class=\"aligncenter size-full wp-image-41213\" src=\"https:\/\/www.urlaubcornwall.de\/blog\/wp-content\/uploads\/2020\/11\/jurasss-kueste-e1713175000993.jpg\" alt=\"jurassic kueste dorset\" width=\"750\" height=\"567\"\/><\/p>\n<p><strong>Inspiration f\u00fcr Ihre Reise \u2013 finden Sie einen Ferienpark in Dorset<\/strong><\/p>\n<p>Diese Highlights d\u00fcrfen Sie bei Ihrem Urlaub in <a href=\"https:\/\/www.urlaubcornwall.de\/ferienhaeuser-fewos\/eng\/dorset\/dorset.html\">Dorset<\/a> auf keinen Fall verpassen: Christchurch beeindruckt mit seiner einzigartigen Lage am Ufer seines eigenen Hafens in der N\u00e4he der bezaubernden K\u00fcste von Dorset, die zum Weltnaturerbe z\u00e4hlt, und nicht weit vom ruhigen Nationalpark New Forest entfernt<\/p>\n<p style=\"text-align: center;\"><a class=\"tidycta\" href=\"https:\/\/www.booking.com\/holiday-parks\/region\/gb\/dorset-county.de.html?aid=1320750 \" rel=\"nofollow\">Suche Ferienparks<\/a><\/p>\n","protected":false},"excerpt":{"rendered":"<p>Inspiration f\u00fcr Ihre Reise \u2013 finden Sie einen Ferienpark in Dorset Diese Highlights d\u00fcrfen Sie bei Ihrem Urlaub in Dorset auf keinen Fall verpassen: Christchurch beeindruckt mit seiner einzigartigen Lage am Ufer seines eigenen Hafens in der N\u00e4he der bezaubernden K\u00fcste von Dorset, die zum Weltnaturerbe z\u00e4hlt, und nicht weit vom ruhigen Nationalpark New Forest [&hellip;]<\/p>\n","protected":false},"author":1,"featured_media":0,"parent":0,"menu_order":0,"comment_status":"closed","ping_status":"closed","template":"single-four.php","meta":[],"acf":[],"yoast_head":"<!-- This site is optimized with the Yoast SEO plugin v19.4 - https:\/\/yoast.com\/wordpress\/plugins\/seo\/ -->\n<title>Ferienparks in Dorset - Urlaub &amp; Reisen<\/title>\n<meta name=\"description\" content=\"Das l\u00e4ndliche Dorset empf\u00e4ngt Sie mit nat\u00fcrlicher Sch\u00f6nheit, einer sanften H\u00fcgellandschaft, ruhigen Flusst\u00e4lern und unber\u00fchrten Landstrichen\" \/>\n<meta name=\"robots\" content=\"index, follow, max-snippet:-1, max-image-preview:large, max-video-preview:-1\" \/>\n<link rel=\"canonical\" href=\"https:\/\/www.urlaubcornwall.de\/blog\/ferienparks-in-dorset\/\" \/>\n<meta property=\"og:locale\" content=\"en_US\" \/>\n<meta property=\"og:type\" content=\"article\" \/>\n<meta property=\"og:title\" content=\"Ferienparks in Dorset - Urlaub &amp; Reisen\" \/>\n<meta property=\"og:description\" content=\"Das l\u00e4ndliche Dorset empf\u00e4ngt Sie mit nat\u00fcrlicher Sch\u00f6nheit, einer sanften H\u00fcgellandschaft, ruhigen Flusst\u00e4lern und unber\u00fchrten Landstrichen\" \/>\n<meta property=\"og:url\" content=\"https:\/\/www.urlaubcornwall.de\/blog\/ferienparks-in-dorset\/\" \/>\n<meta property=\"og:site_name\" content=\"Urlaub &amp; Reisen\" \/>\n<meta property=\"article:modified_time\" content=\"2024-04-15T09:58:08+00:00\" \/>\n<meta property=\"og:image\" content=\"https:\/\/www.urlaubcornwall.de\/blog\/wp-content\/uploads\/2020\/11\/jurasss-kueste-e1713175000993.jpg\" \/>\n<meta name=\"twitter:card\" content=\"summary\" \/>\n<meta name=\"twitter:label1\" content=\"Est. reading time\" \/>\n\t<meta name=\"twitter:data1\" content=\"1 minute\" \/>\n<script type=\"application\/ld+json\" class=\"yoast-schema-graph\">{\"@context\":\"https:\/\/schema.org\",\"@graph\":[{\"@type\":\"WebSite\",\"@id\":\"https:\/\/www.urlaubcornwall.de\/blog\/#website\",\"url\":\"https:\/\/www.urlaubcornwall.de\/blog\/\",\"name\":\"Urlaub &amp; Reisen\",\"description\":\"Urlaub, Reisen, Cornwall und S\u00fcdengland: eine perfekte Kombination\",\"potentialAction\":[{\"@type\":\"SearchAction\",\"target\":{\"@type\":\"EntryPoint\",\"urlTemplate\":\"https:\/\/www.urlaubcornwall.de\/blog\/?s={search_term_string}\"},\"query-input\":\"required name=search_term_string\"}],\"inLanguage\":\"en-US\"},{\"@type\":\"WebPage\",\"@id\":\"https:\/\/www.urlaubcornwall.de\/blog\/ferienparks-in-dorset\/\",\"url\":\"https:\/\/www.urlaubcornwall.de\/blog\/ferienparks-in-dorset\/\",\"name\":\"Ferienparks in Dorset - Urlaub &amp; Reisen\",\"isPartOf\":{\"@id\":\"https:\/\/www.urlaubcornwall.de\/blog\/#website\"},\"datePublished\":\"2022-11-26T14:51:18+00:00\",\"dateModified\":\"2024-04-15T09:58:08+00:00\",\"description\":\"Das l\u00e4ndliche Dorset empf\u00e4ngt Sie mit nat\u00fcrlicher Sch\u00f6nheit, einer sanften H\u00fcgellandschaft, ruhigen Flusst\u00e4lern und unber\u00fchrten Landstrichen\",\"breadcrumb\":{\"@id\":\"https:\/\/www.urlaubcornwall.de\/blog\/ferienparks-in-dorset\/#breadcrumb\"},\"inLanguage\":\"en-US\",\"potentialAction\":[{\"@type\":\"ReadAction\",\"target\":[\"https:\/\/www.urlaubcornwall.de\/blog\/ferienparks-in-dorset\/\"]}]},{\"@type\":\"BreadcrumbList\",\"@id\":\"https:\/\/www.urlaubcornwall.de\/blog\/ferienparks-in-dorset\/#breadcrumb\",\"itemListElement\":[{\"@type\":\"ListItem\",\"position\":1,\"name\":\"Home\",\"item\":\"https:\/\/www.urlaubcornwall.de\/blog\/\"},{\"@type\":\"ListItem\",\"position\":2,\"name\":\"Ferienparks in Dorset\"}]}]}<\/script>\n<!-- \/ Yoast SEO plugin. -->","yoast_head_json":{"title":"Ferienparks in Dorset - Urlaub &amp; Reisen","description":"Das l\u00e4ndliche Dorset empf\u00e4ngt Sie mit nat\u00fcrlicher Sch\u00f6nheit, einer sanften H\u00fcgellandschaft, ruhigen Flusst\u00e4lern und unber\u00fchrten Landstrichen","robots":{"index":"index","follow":"follow","max-snippet":"max-snippet:-1","max-image-preview":"max-image-preview:large","max-video-preview":"max-video-preview:-1"},"canonical":"https:\/\/www.urlaubcornwall.de\/blog\/ferienparks-in-dorset\/","og_locale":"en_US","og_type":"article","og_title":"Ferienparks in Dorset - Urlaub &amp; Reisen","og_description":"Das l\u00e4ndliche Dorset empf\u00e4ngt Sie mit nat\u00fcrlicher Sch\u00f6nheit, einer sanften H\u00fcgellandschaft, ruhigen Flusst\u00e4lern und unber\u00fchrten Landstrichen","og_url":"https:\/\/www.urlaubcornwall.de\/blog\/ferienparks-in-dorset\/","og_site_name":"Urlaub &amp; Reisen","article_modified_time":"2024-04-15T09:58:08+00:00","og_image":[{"url":"https:\/\/www.urlaubcornwall.de\/blog\/wp-content\/uploads\/2020\/11\/jurasss-kueste-e1713175000993.jpg"}],"twitter_card":"summary","twitter_misc":{"Est. reading time":"1 minute"},"schema":{"@context":"https:\/\/schema.org","@graph":[{"@type":"WebSite","@id":"https:\/\/www.urlaubcornwall.de\/blog\/#website","url":"https:\/\/www.urlaubcornwall.de\/blog\/","name":"Urlaub &amp; Reisen","description":"Urlaub, Reisen, Cornwall und S\u00fcdengland: eine perfekte Kombination","potentialAction":[{"@type":"SearchAction","target":{"@type":"EntryPoint","urlTemplate":"https:\/\/www.urlaubcornwall.de\/blog\/?s={search_term_string}"},"query-input":"required name=search_term_string"}],"inLanguage":"en-US"},{"@type":"WebPage","@id":"https:\/\/www.urlaubcornwall.de\/blog\/ferienparks-in-dorset\/","url":"https:\/\/www.urlaubcornwall.de\/blog\/ferienparks-in-dorset\/","name":"Ferienparks in Dorset - Urlaub &amp; Reisen","isPartOf":{"@id":"https:\/\/www.urlaubcornwall.de\/blog\/#website"},"datePublished":"2022-11-26T14:51:18+00:00","dateModified":"2024-04-15T09:58:08+00:00","description":"Das l\u00e4ndliche Dorset empf\u00e4ngt Sie mit nat\u00fcrlicher Sch\u00f6nheit, einer sanften H\u00fcgellandschaft, ruhigen Flusst\u00e4lern und unber\u00fchrten Landstrichen","breadcrumb":{"@id":"https:\/\/www.urlaubcornwall.de\/blog\/ferienparks-in-dorset\/#breadcrumb"},"inLanguage":"en-US","potentialAction":[{"@type":"ReadAction","target":["https:\/\/www.urlaubcornwall.de\/blog\/ferienparks-in-dorset\/"]}]},{"@type":"BreadcrumbList","@id":"https:\/\/www.urlaubcornwall.de\/blog\/ferienparks-in-dorset\/#breadcrumb","itemListElement":[{"@type":"ListItem","position":1,"name":"Home","item":"https:\/\/www.urlaubcornwall.de\/blog\/"},{"@type":"ListItem","position":2,"name":"Ferienparks in Dorset"}]}]}},"_links":{"self":[{"href":"https:\/\/www.urlaubcornwall.de\/blog\/wp-json\/wp\/v2\/pages\/45433"}],"collection":[{"href":"https:\/\/www.urlaubcornwall.de\/blog\/wp-json\/wp\/v2\/pages"}],"about":[{"href":"https:\/\/www.urlaubcornwall.de\/blog\/wp-json\/wp\/v2\/types\/page"}],"author":[{"embeddable":true,"href":"https:\/\/www.urlaubcornwall.de\/blog\/wp-json\/wp\/v2\/users\/1"}],"replies":[{"embeddable":true,"href":"https:\/\/www.urlaubcornwall.de\/blog\/wp-json\/wp\/v2\/comments?post=45433"}],"version-history":[{"count":2,"href":"https:\/\/www.urlaubcornwall.de\/blog\/wp-json\/wp\/v2\/pages\/45433\/revisions"}],"predecessor-version":[{"id":49420,"href":"https:\/\/www.urlaubcornwall.de\/blog\/wp-json\/wp\/v2\/pages\/45433\/revisions\/49420"}],"wp:attachment":[{"href":"https:\/\/www.urlaubcornwall.de\/blog\/wp-json\/wp\/v2\/media?parent=45433"}],"curies":[{"name":"wp","href":"https:\/\/api.w.org\/{rel}","templated":true}]}}