{"id":45431,"date":"2022-11-26T14:43:57","date_gmt":"2022-11-26T14:43:57","guid":{"rendered":"https:\/\/www.urlaubcornwall.de\/blog\/?page_id=45431"},"modified":"2022-11-26T14:43:57","modified_gmt":"2022-11-26T14:43:57","slug":"ferienparks-in-devon","status":"publish","type":"page","link":"https:\/\/www.urlaubcornwall.de\/blog\/ferienparks-in-devon\/","title":{"rendered":"Ferienparks in Devon"},"content":{"rendered":"<p><img loading=\"lazy\" class=\"aligncenter size-full wp-image-33394\" src=\"https:\/\/www.urlaubcornwall.de\/blog\/wp-content\/uploads\/2018\/03\/lastminute-sonderangebote-devon.jpg\" alt=\"Ferienpark devon\" width=\"750\" height=\"390\"\/><\/p>\n<p><strong>Inspiration f\u00fcr Ihre Reise \u2013 finden Sie einen Ferienpark in Devon<\/strong><\/p>\n<p><a href=\"https:\/\/www.urlaubcornwall.de\/ferienhaeuser-fewos\/eng\/devon\/devon.html\">Devon<\/a> liegt in S\u00fcdwestengland und ist die einzige Grafschaft, die zwei v\u00f6llig voneinander getrennte K\u00fcstenlinien besitzt, n\u00e4mlich <a href=\"https:\/\/www.urlaubcornwall.de\/ferienhaeuser-fewos\/eng\/nord-devon\/nord-devon.html\">Norddevon<\/a> und <a href=\"https:\/\/www.urlaubcornwall.de\/ferienhaeuser-fewos\/eng\/sued-devon\/sued-devon.html\">S\u00fcddevon<\/a> (South Hams), die sich beide durch wundersch\u00f6ne Sandstr\u00e4nde ausweisen, ideal um Ihren Urlaub dort zu verbringen.<\/p>\n<p>Die S\u00fcdk\u00fcste von Devon ist eine Gegend mit Wiesen und Waldt\u00e4lern sowie D\u00f6rfern mit strohgedeckten Landh\u00e4usern und steht somit im Kontrast zu der Moorlandschaft des Nordens. Torquay wird als die Englische Riviera bezeichnet.<\/p>\n<p style=\"text-align: center;\"><a class=\"tidycta\" href=\"https:\/\/www.booking.com\/holiday-parks\/region\/gb\/devon-county.de.html?aid=1320750 \" rel=\"nofollow\">Suche Ferienparks<\/a><\/p>\n","protected":false},"excerpt":{"rendered":"<p>Inspiration f\u00fcr Ihre Reise \u2013 finden Sie einen Ferienpark in Devon Devon liegt in S\u00fcdwestengland und ist die einzige Grafschaft, die zwei v\u00f6llig voneinander getrennte K\u00fcstenlinien besitzt, n\u00e4mlich Norddevon und S\u00fcddevon (South Hams), die sich beide durch wundersch\u00f6ne Sandstr\u00e4nde ausweisen, ideal um Ihren Urlaub dort zu verbringen. Die S\u00fcdk\u00fcste von Devon ist eine Gegend mit [&hellip;]<\/p>\n","protected":false},"author":1,"featured_media":0,"parent":0,"menu_order":0,"comment_status":"closed","ping_status":"closed","template":"single-four.php","meta":[],"acf":[],"yoast_head":"<!-- This site is optimized with the Yoast SEO plugin v19.4 - https:\/\/yoast.com\/wordpress\/plugins\/seo\/ -->\n<title>Ferienparks in Devon - Urlaub &amp; Reisen<\/title>\n<meta name=\"robots\" content=\"index, follow, max-snippet:-1, max-image-preview:large, max-video-preview:-1\" \/>\n<link rel=\"canonical\" href=\"https:\/\/www.urlaubcornwall.de\/blog\/ferienparks-in-devon\/\" \/>\n<meta property=\"og:locale\" content=\"en_US\" \/>\n<meta property=\"og:type\" content=\"article\" \/>\n<meta property=\"og:title\" content=\"Ferienparks in Devon - Urlaub &amp; Reisen\" \/>\n<meta property=\"og:description\" content=\"Inspiration f\u00fcr Ihre Reise \u2013 finden Sie einen Ferienpark in Devon Devon liegt in S\u00fcdwestengland und ist die einzige Grafschaft, die zwei v\u00f6llig voneinander getrennte K\u00fcstenlinien besitzt, n\u00e4mlich Norddevon und S\u00fcddevon (South Hams), die sich beide durch wundersch\u00f6ne Sandstr\u00e4nde ausweisen, ideal um Ihren Urlaub dort zu verbringen. Die S\u00fcdk\u00fcste von Devon ist eine Gegend mit [&hellip;]\" \/>\n<meta property=\"og:url\" content=\"https:\/\/www.urlaubcornwall.de\/blog\/ferienparks-in-devon\/\" \/>\n<meta property=\"og:site_name\" content=\"Urlaub &amp; Reisen\" \/>\n<meta property=\"og:image\" content=\"https:\/\/www.urlaubcornwall.de\/blog\/wp-content\/uploads\/2018\/03\/lastminute-sonderangebote-devon.jpg\" \/>\n<meta name=\"twitter:card\" content=\"summary\" \/>\n<script type=\"application\/ld+json\" class=\"yoast-schema-graph\">{\"@context\":\"https:\/\/schema.org\",\"@graph\":[{\"@type\":\"WebSite\",\"@id\":\"https:\/\/www.urlaubcornwall.de\/blog\/#website\",\"url\":\"https:\/\/www.urlaubcornwall.de\/blog\/\",\"name\":\"Urlaub &amp; Reisen\",\"description\":\"Urlaub, Reisen, Cornwall und S\u00fcdengland: eine perfekte Kombination\",\"potentialAction\":[{\"@type\":\"SearchAction\",\"target\":{\"@type\":\"EntryPoint\",\"urlTemplate\":\"https:\/\/www.urlaubcornwall.de\/blog\/?s={search_term_string}\"},\"query-input\":\"required name=search_term_string\"}],\"inLanguage\":\"en-US\"},{\"@type\":\"WebPage\",\"@id\":\"https:\/\/www.urlaubcornwall.de\/blog\/ferienparks-in-devon\/\",\"url\":\"https:\/\/www.urlaubcornwall.de\/blog\/ferienparks-in-devon\/\",\"name\":\"Ferienparks in Devon - Urlaub &amp; Reisen\",\"isPartOf\":{\"@id\":\"https:\/\/www.urlaubcornwall.de\/blog\/#website\"},\"datePublished\":\"2022-11-26T14:43:57+00:00\",\"dateModified\":\"2022-11-26T14:43:57+00:00\",\"breadcrumb\":{\"@id\":\"https:\/\/www.urlaubcornwall.de\/blog\/ferienparks-in-devon\/#breadcrumb\"},\"inLanguage\":\"en-US\",\"potentialAction\":[{\"@type\":\"ReadAction\",\"target\":[\"https:\/\/www.urlaubcornwall.de\/blog\/ferienparks-in-devon\/\"]}]},{\"@type\":\"BreadcrumbList\",\"@id\":\"https:\/\/www.urlaubcornwall.de\/blog\/ferienparks-in-devon\/#breadcrumb\",\"itemListElement\":[{\"@type\":\"ListItem\",\"position\":1,\"name\":\"Home\",\"item\":\"https:\/\/www.urlaubcornwall.de\/blog\/\"},{\"@type\":\"ListItem\",\"position\":2,\"name\":\"Ferienparks in Devon\"}]}]}<\/script>\n<!-- \/ Yoast SEO plugin. -->","yoast_head_json":{"title":"Ferienparks in Devon - Urlaub &amp; Reisen","robots":{"index":"index","follow":"follow","max-snippet":"max-snippet:-1","max-image-preview":"max-image-preview:large","max-video-preview":"max-video-preview:-1"},"canonical":"https:\/\/www.urlaubcornwall.de\/blog\/ferienparks-in-devon\/","og_locale":"en_US","og_type":"article","og_title":"Ferienparks in Devon - Urlaub &amp; Reisen","og_description":"Inspiration f\u00fcr Ihre Reise \u2013 finden Sie einen Ferienpark in Devon Devon liegt in S\u00fcdwestengland und ist die einzige Grafschaft, die zwei v\u00f6llig voneinander getrennte K\u00fcstenlinien besitzt, n\u00e4mlich Norddevon und S\u00fcddevon (South Hams), die sich beide durch wundersch\u00f6ne Sandstr\u00e4nde ausweisen, ideal um Ihren Urlaub dort zu verbringen. Die S\u00fcdk\u00fcste von Devon ist eine Gegend mit [&hellip;]","og_url":"https:\/\/www.urlaubcornwall.de\/blog\/ferienparks-in-devon\/","og_site_name":"Urlaub &amp; Reisen","og_image":[{"url":"https:\/\/www.urlaubcornwall.de\/blog\/wp-content\/uploads\/2018\/03\/lastminute-sonderangebote-devon.jpg"}],"twitter_card":"summary","schema":{"@context":"https:\/\/schema.org","@graph":[{"@type":"WebSite","@id":"https:\/\/www.urlaubcornwall.de\/blog\/#website","url":"https:\/\/www.urlaubcornwall.de\/blog\/","name":"Urlaub &amp; Reisen","description":"Urlaub, Reisen, Cornwall und S\u00fcdengland: eine perfekte Kombination","potentialAction":[{"@type":"SearchAction","target":{"@type":"EntryPoint","urlTemplate":"https:\/\/www.urlaubcornwall.de\/blog\/?s={search_term_string}"},"query-input":"required name=search_term_string"}],"inLanguage":"en-US"},{"@type":"WebPage","@id":"https:\/\/www.urlaubcornwall.de\/blog\/ferienparks-in-devon\/","url":"https:\/\/www.urlaubcornwall.de\/blog\/ferienparks-in-devon\/","name":"Ferienparks in Devon - Urlaub &amp; Reisen","isPartOf":{"@id":"https:\/\/www.urlaubcornwall.de\/blog\/#website"},"datePublished":"2022-11-26T14:43:57+00:00","dateModified":"2022-11-26T14:43:57+00:00","breadcrumb":{"@id":"https:\/\/www.urlaubcornwall.de\/blog\/ferienparks-in-devon\/#breadcrumb"},"inLanguage":"en-US","potentialAction":[{"@type":"ReadAction","target":["https:\/\/www.urlaubcornwall.de\/blog\/ferienparks-in-devon\/"]}]},{"@type":"BreadcrumbList","@id":"https:\/\/www.urlaubcornwall.de\/blog\/ferienparks-in-devon\/#breadcrumb","itemListElement":[{"@type":"ListItem","position":1,"name":"Home","item":"https:\/\/www.urlaubcornwall.de\/blog\/"},{"@type":"ListItem","position":2,"name":"Ferienparks in Devon"}]}]}},"_links":{"self":[{"href":"https:\/\/www.urlaubcornwall.de\/blog\/wp-json\/wp\/v2\/pages\/45431"}],"collection":[{"href":"https:\/\/www.urlaubcornwall.de\/blog\/wp-json\/wp\/v2\/pages"}],"about":[{"href":"https:\/\/www.urlaubcornwall.de\/blog\/wp-json\/wp\/v2\/types\/page"}],"author":[{"embeddable":true,"href":"https:\/\/www.urlaubcornwall.de\/blog\/wp-json\/wp\/v2\/users\/1"}],"replies":[{"embeddable":true,"href":"https:\/\/www.urlaubcornwall.de\/blog\/wp-json\/wp\/v2\/comments?post=45431"}],"version-history":[{"count":1,"href":"https:\/\/www.urlaubcornwall.de\/blog\/wp-json\/wp\/v2\/pages\/45431\/revisions"}],"predecessor-version":[{"id":45432,"href":"https:\/\/www.urlaubcornwall.de\/blog\/wp-json\/wp\/v2\/pages\/45431\/revisions\/45432"}],"wp:attachment":[{"href":"https:\/\/www.urlaubcornwall.de\/blog\/wp-json\/wp\/v2\/media?parent=45431"}],"curies":[{"name":"wp","href":"https:\/\/api.w.org\/{rel}","templated":true}]}}