{"id":45427,"date":"2022-11-26T14:31:27","date_gmt":"2022-11-26T14:31:27","guid":{"rendered":"https:\/\/www.urlaubcornwall.de\/blog\/?page_id=45427"},"modified":"2024-02-27T17:15:08","modified_gmt":"2024-02-27T17:15:08","slug":"ferienparks-in-sussex","status":"publish","type":"page","link":"https:\/\/www.urlaubcornwall.de\/blog\/ferienparks-in-sussex\/","title":{"rendered":"Ferienparks in Sussex"},"content":{"rendered":"<p><img loading=\"lazy\" class=\"aligncenter size-full wp-image-41220\" src=\"https:\/\/www.urlaubcornwall.de\/blog\/wp-content\/uploads\/2020\/11\/bosham_hafen_sussex.jpg\" alt=\"bosham_hafen_sussex\" width=\"748\" height=\"499\" srcset=\"https:\/\/www.urlaubcornwall.de\/blog\/wp-content\/uploads\/2020\/11\/bosham_hafen_sussex.jpg 748w, https:\/\/www.urlaubcornwall.de\/blog\/wp-content\/uploads\/2020\/11\/bosham_hafen_sussex-300x200.jpg 300w\" sizes=\"(max-width: 748px) 100vw, 748px\" \/><\/p>\n<p><strong>Inspiration f\u00fcr Ihre Reise \u2013 finden Sie einen Ferienpark in Sussex<\/strong><\/p>\n<p>Sussex ist bekannt f\u00fcr seine historische K\u00fcste, die wundersch\u00f6nen South Downs und sie umgebende Landschaft, sowie seine vielf\u00e4ltigen St\u00e4dte und Ortschaften. Die K\u00fcste von <a href=\"https:\/\/www.urlaubcornwall.de\/ferienhaeuser\/sussex.php\">Sussex<\/a> beinhaltet hervorragenden Blick, wie zu den Seven Sisters hin und klassische Urlaubsorte am Meer wie Eastbourne, Worthing und Brighton.<\/p>\n<p style=\"text-align: center;\"><a class=\"tidycta\" href=\"https:\/\/www.booking.com\/holiday-parks\/region\/gb\/east-sussex-county.de.html?aid=1320750 \" rel=\"nofollow\">Suche Ferienparks<\/a><\/p>\n","protected":false},"excerpt":{"rendered":"<p>Inspiration f\u00fcr Ihre Reise \u2013 finden Sie einen Ferienpark in Sussex Sussex ist bekannt f\u00fcr seine historische K\u00fcste, die wundersch\u00f6nen South Downs und sie umgebende Landschaft, sowie seine vielf\u00e4ltigen St\u00e4dte und Ortschaften. Die K\u00fcste von Sussex beinhaltet hervorragenden Blick, wie zu den Seven Sisters hin und klassische Urlaubsorte am Meer wie Eastbourne, Worthing und Brighton. [&hellip;]<\/p>\n","protected":false},"author":1,"featured_media":0,"parent":0,"menu_order":0,"comment_status":"closed","ping_status":"closed","template":"single-four.php","meta":[],"acf":[],"yoast_head":"<!-- This site is optimized with the Yoast SEO plugin v19.4 - https:\/\/yoast.com\/wordpress\/plugins\/seo\/ -->\n<title>Ferienparks in Sussex - Urlaub &amp; Reisen<\/title>\n<meta name=\"robots\" content=\"index, follow, max-snippet:-1, max-image-preview:large, max-video-preview:-1\" \/>\n<link rel=\"canonical\" href=\"https:\/\/www.urlaubcornwall.de\/blog\/ferienparks-in-sussex\/\" \/>\n<meta property=\"og:locale\" content=\"en_US\" \/>\n<meta property=\"og:type\" content=\"article\" \/>\n<meta property=\"og:title\" content=\"Ferienparks in Sussex - Urlaub &amp; Reisen\" \/>\n<meta property=\"og:description\" content=\"Inspiration f\u00fcr Ihre Reise \u2013 finden Sie einen Ferienpark in Sussex Sussex ist bekannt f\u00fcr seine historische K\u00fcste, die wundersch\u00f6nen South Downs und sie umgebende Landschaft, sowie seine vielf\u00e4ltigen St\u00e4dte und Ortschaften. Die K\u00fcste von Sussex beinhaltet hervorragenden Blick, wie zu den Seven Sisters hin und klassische Urlaubsorte am Meer wie Eastbourne, Worthing und Brighton. [&hellip;]\" \/>\n<meta property=\"og:url\" content=\"https:\/\/www.urlaubcornwall.de\/blog\/ferienparks-in-sussex\/\" \/>\n<meta property=\"og:site_name\" content=\"Urlaub &amp; Reisen\" \/>\n<meta property=\"article:modified_time\" content=\"2024-02-27T17:15:08+00:00\" \/>\n<meta property=\"og:image\" content=\"https:\/\/www.urlaubcornwall.de\/blog\/wp-content\/uploads\/2020\/11\/bosham_hafen_sussex.jpg\" \/>\n<meta name=\"twitter:card\" content=\"summary\" \/>\n<meta name=\"twitter:label1\" content=\"Est. reading time\" \/>\n\t<meta name=\"twitter:data1\" content=\"1 minute\" \/>\n<script type=\"application\/ld+json\" class=\"yoast-schema-graph\">{\"@context\":\"https:\/\/schema.org\",\"@graph\":[{\"@type\":\"WebSite\",\"@id\":\"https:\/\/www.urlaubcornwall.de\/blog\/#website\",\"url\":\"https:\/\/www.urlaubcornwall.de\/blog\/\",\"name\":\"Urlaub &amp; Reisen\",\"description\":\"Urlaub, Reisen, Cornwall und S\u00fcdengland: eine perfekte Kombination\",\"potentialAction\":[{\"@type\":\"SearchAction\",\"target\":{\"@type\":\"EntryPoint\",\"urlTemplate\":\"https:\/\/www.urlaubcornwall.de\/blog\/?s={search_term_string}\"},\"query-input\":\"required name=search_term_string\"}],\"inLanguage\":\"en-US\"},{\"@type\":\"WebPage\",\"@id\":\"https:\/\/www.urlaubcornwall.de\/blog\/ferienparks-in-sussex\/\",\"url\":\"https:\/\/www.urlaubcornwall.de\/blog\/ferienparks-in-sussex\/\",\"name\":\"Ferienparks in Sussex - Urlaub &amp; Reisen\",\"isPartOf\":{\"@id\":\"https:\/\/www.urlaubcornwall.de\/blog\/#website\"},\"datePublished\":\"2022-11-26T14:31:27+00:00\",\"dateModified\":\"2024-02-27T17:15:08+00:00\",\"breadcrumb\":{\"@id\":\"https:\/\/www.urlaubcornwall.de\/blog\/ferienparks-in-sussex\/#breadcrumb\"},\"inLanguage\":\"en-US\",\"potentialAction\":[{\"@type\":\"ReadAction\",\"target\":[\"https:\/\/www.urlaubcornwall.de\/blog\/ferienparks-in-sussex\/\"]}]},{\"@type\":\"BreadcrumbList\",\"@id\":\"https:\/\/www.urlaubcornwall.de\/blog\/ferienparks-in-sussex\/#breadcrumb\",\"itemListElement\":[{\"@type\":\"ListItem\",\"position\":1,\"name\":\"Home\",\"item\":\"https:\/\/www.urlaubcornwall.de\/blog\/\"},{\"@type\":\"ListItem\",\"position\":2,\"name\":\"Ferienparks in Sussex\"}]}]}<\/script>\n<!-- \/ Yoast SEO plugin. -->","yoast_head_json":{"title":"Ferienparks in Sussex - Urlaub &amp; Reisen","robots":{"index":"index","follow":"follow","max-snippet":"max-snippet:-1","max-image-preview":"max-image-preview:large","max-video-preview":"max-video-preview:-1"},"canonical":"https:\/\/www.urlaubcornwall.de\/blog\/ferienparks-in-sussex\/","og_locale":"en_US","og_type":"article","og_title":"Ferienparks in Sussex - Urlaub &amp; Reisen","og_description":"Inspiration f\u00fcr Ihre Reise \u2013 finden Sie einen Ferienpark in Sussex Sussex ist bekannt f\u00fcr seine historische K\u00fcste, die wundersch\u00f6nen South Downs und sie umgebende Landschaft, sowie seine vielf\u00e4ltigen St\u00e4dte und Ortschaften. Die K\u00fcste von Sussex beinhaltet hervorragenden Blick, wie zu den Seven Sisters hin und klassische Urlaubsorte am Meer wie Eastbourne, Worthing und Brighton. [&hellip;]","og_url":"https:\/\/www.urlaubcornwall.de\/blog\/ferienparks-in-sussex\/","og_site_name":"Urlaub &amp; Reisen","article_modified_time":"2024-02-27T17:15:08+00:00","og_image":[{"url":"https:\/\/www.urlaubcornwall.de\/blog\/wp-content\/uploads\/2020\/11\/bosham_hafen_sussex.jpg"}],"twitter_card":"summary","twitter_misc":{"Est. reading time":"1 minute"},"schema":{"@context":"https:\/\/schema.org","@graph":[{"@type":"WebSite","@id":"https:\/\/www.urlaubcornwall.de\/blog\/#website","url":"https:\/\/www.urlaubcornwall.de\/blog\/","name":"Urlaub &amp; Reisen","description":"Urlaub, Reisen, Cornwall und S\u00fcdengland: eine perfekte Kombination","potentialAction":[{"@type":"SearchAction","target":{"@type":"EntryPoint","urlTemplate":"https:\/\/www.urlaubcornwall.de\/blog\/?s={search_term_string}"},"query-input":"required name=search_term_string"}],"inLanguage":"en-US"},{"@type":"WebPage","@id":"https:\/\/www.urlaubcornwall.de\/blog\/ferienparks-in-sussex\/","url":"https:\/\/www.urlaubcornwall.de\/blog\/ferienparks-in-sussex\/","name":"Ferienparks in Sussex - Urlaub &amp; Reisen","isPartOf":{"@id":"https:\/\/www.urlaubcornwall.de\/blog\/#website"},"datePublished":"2022-11-26T14:31:27+00:00","dateModified":"2024-02-27T17:15:08+00:00","breadcrumb":{"@id":"https:\/\/www.urlaubcornwall.de\/blog\/ferienparks-in-sussex\/#breadcrumb"},"inLanguage":"en-US","potentialAction":[{"@type":"ReadAction","target":["https:\/\/www.urlaubcornwall.de\/blog\/ferienparks-in-sussex\/"]}]},{"@type":"BreadcrumbList","@id":"https:\/\/www.urlaubcornwall.de\/blog\/ferienparks-in-sussex\/#breadcrumb","itemListElement":[{"@type":"ListItem","position":1,"name":"Home","item":"https:\/\/www.urlaubcornwall.de\/blog\/"},{"@type":"ListItem","position":2,"name":"Ferienparks in Sussex"}]}]}},"_links":{"self":[{"href":"https:\/\/www.urlaubcornwall.de\/blog\/wp-json\/wp\/v2\/pages\/45427"}],"collection":[{"href":"https:\/\/www.urlaubcornwall.de\/blog\/wp-json\/wp\/v2\/pages"}],"about":[{"href":"https:\/\/www.urlaubcornwall.de\/blog\/wp-json\/wp\/v2\/types\/page"}],"author":[{"embeddable":true,"href":"https:\/\/www.urlaubcornwall.de\/blog\/wp-json\/wp\/v2\/users\/1"}],"replies":[{"embeddable":true,"href":"https:\/\/www.urlaubcornwall.de\/blog\/wp-json\/wp\/v2\/comments?post=45427"}],"version-history":[{"count":2,"href":"https:\/\/www.urlaubcornwall.de\/blog\/wp-json\/wp\/v2\/pages\/45427\/revisions"}],"predecessor-version":[{"id":47652,"href":"https:\/\/www.urlaubcornwall.de\/blog\/wp-json\/wp\/v2\/pages\/45427\/revisions\/47652"}],"wp:attachment":[{"href":"https:\/\/www.urlaubcornwall.de\/blog\/wp-json\/wp\/v2\/media?parent=45427"}],"curies":[{"name":"wp","href":"https:\/\/api.w.org\/{rel}","templated":true}]}}