{"id":45422,"date":"2022-11-24T15:06:05","date_gmt":"2022-11-24T15:06:05","guid":{"rendered":"https:\/\/www.urlaubcornwall.de\/blog\/?page_id=45422"},"modified":"2024-05-31T09:36:41","modified_gmt":"2024-05-31T09:36:41","slug":"ferienparks-in-newquay","status":"publish","type":"page","link":"https:\/\/www.urlaubcornwall.de\/blog\/ferienparks-in-newquay\/","title":{"rendered":"Ferienparks in Newquay"},"content":{"rendered":"<p><img loading=\"lazy\" class=\"aligncenter size-full wp-image-40133\" src=\"https:\/\/www.urlaubcornwall.de\/blog\/wp-content\/uploads\/2020\/05\/towan-strand-newquay-rotated.jpg\" alt=\"towan strand newquay\" width=\"750\" height=\"562\" srcset=\"https:\/\/www.urlaubcornwall.de\/blog\/wp-content\/uploads\/2020\/05\/towan-strand-newquay-rotated.jpg 750w, https:\/\/www.urlaubcornwall.de\/blog\/wp-content\/uploads\/2020\/05\/towan-strand-newquay-300x225.jpg 300w\" sizes=\"(max-width: 750px) 100vw, 750px\" \/><\/p>\n<p><strong>Inspiration f\u00fcr Ihre Reise \u2013 finden Sie einen Ferienpark in Cornwall<\/strong><\/p>\n<p>Als zweifelsohne die lebendigste Stadt an der Nordk\u00fcste sorgt Newquay sowohl f\u00fcr junge Nachtschw\u00e4rmer als auch Familien. Es gibt gro\u00dfartige Surfm\u00f6glichkeiten, jede Menge gesch\u00e4ftiger Kneipen und Caf\u00e9s, und es ist ein Paradies f\u00fcr Surf Lifestyle Shopping.<\/p>\n<p>Sch\u00f6ne Ferienparks an empfohlenen Reisezielen &#8211; Hier finden Sie unsere Auswahl in Newquay mit Ferienh\u00e4usern, Touren, Camping- und Wohnwagenferien.<\/p>\n<p style=\"text-align: center;\"><a class=\"tidycta\" href=\"https:\/\/www.booking.com\/holiday-parks\/region\/gb\/cornwall-county.de.html?aid=1320750\" rel=\"nofollow\">Suche Ferienparks<\/a><\/p>\n","protected":false},"excerpt":{"rendered":"<p>Inspiration f\u00fcr Ihre Reise \u2013 finden Sie einen Ferienpark in Cornwall Als zweifelsohne die lebendigste Stadt an der Nordk\u00fcste sorgt Newquay sowohl f\u00fcr junge Nachtschw\u00e4rmer als auch Familien. Es gibt gro\u00dfartige Surfm\u00f6glichkeiten, jede Menge gesch\u00e4ftiger Kneipen und Caf\u00e9s, und es ist ein Paradies f\u00fcr Surf Lifestyle Shopping. Sch\u00f6ne Ferienparks an empfohlenen Reisezielen &#8211; Hier finden [&hellip;]<\/p>\n","protected":false},"author":1,"featured_media":0,"parent":0,"menu_order":0,"comment_status":"closed","ping_status":"closed","template":"single-four.php","meta":[],"acf":[],"yoast_head":"<!-- This site is optimized with the Yoast SEO plugin v19.4 - https:\/\/yoast.com\/wordpress\/plugins\/seo\/ -->\n<title>Ferienparks in Newquay - Urlaub &amp; Reisen<\/title>\n<meta name=\"description\" content=\"Als zweifelsohne die lebendigste Stadt an der Nordk\u00fcste sorgt Newquay sowohl f\u00fcr junge Nachtschw\u00e4rmer als auch Familien\" \/>\n<meta name=\"robots\" content=\"index, follow, max-snippet:-1, max-image-preview:large, max-video-preview:-1\" \/>\n<link rel=\"canonical\" href=\"https:\/\/www.urlaubcornwall.de\/blog\/ferienparks-in-newquay\/\" \/>\n<meta property=\"og:locale\" content=\"en_US\" \/>\n<meta property=\"og:type\" content=\"article\" \/>\n<meta property=\"og:title\" content=\"Ferienparks in Newquay - Urlaub &amp; Reisen\" \/>\n<meta property=\"og:description\" content=\"Als zweifelsohne die lebendigste Stadt an der Nordk\u00fcste sorgt Newquay sowohl f\u00fcr junge Nachtschw\u00e4rmer als auch Familien\" \/>\n<meta property=\"og:url\" content=\"https:\/\/www.urlaubcornwall.de\/blog\/ferienparks-in-newquay\/\" \/>\n<meta property=\"og:site_name\" content=\"Urlaub &amp; Reisen\" \/>\n<meta property=\"article:modified_time\" content=\"2024-05-31T09:36:41+00:00\" \/>\n<meta property=\"og:image\" content=\"https:\/\/www.urlaubcornwall.de\/blog\/wp-content\/uploads\/2020\/05\/towan-strand-newquay-rotated.jpg\" \/>\n<meta name=\"twitter:card\" content=\"summary\" \/>\n<meta name=\"twitter:label1\" content=\"Est. reading time\" \/>\n\t<meta name=\"twitter:data1\" content=\"1 minute\" \/>\n<script type=\"application\/ld+json\" class=\"yoast-schema-graph\">{\"@context\":\"https:\/\/schema.org\",\"@graph\":[{\"@type\":\"WebSite\",\"@id\":\"https:\/\/www.urlaubcornwall.de\/blog\/#website\",\"url\":\"https:\/\/www.urlaubcornwall.de\/blog\/\",\"name\":\"Urlaub &amp; Reisen\",\"description\":\"Urlaub, Reisen, Cornwall und S\u00fcdengland: eine perfekte Kombination\",\"potentialAction\":[{\"@type\":\"SearchAction\",\"target\":{\"@type\":\"EntryPoint\",\"urlTemplate\":\"https:\/\/www.urlaubcornwall.de\/blog\/?s={search_term_string}\"},\"query-input\":\"required name=search_term_string\"}],\"inLanguage\":\"en-US\"},{\"@type\":\"WebPage\",\"@id\":\"https:\/\/www.urlaubcornwall.de\/blog\/ferienparks-in-newquay\/\",\"url\":\"https:\/\/www.urlaubcornwall.de\/blog\/ferienparks-in-newquay\/\",\"name\":\"Ferienparks in Newquay - Urlaub &amp; Reisen\",\"isPartOf\":{\"@id\":\"https:\/\/www.urlaubcornwall.de\/blog\/#website\"},\"datePublished\":\"2022-11-24T15:06:05+00:00\",\"dateModified\":\"2024-05-31T09:36:41+00:00\",\"description\":\"Als zweifelsohne die lebendigste Stadt an der Nordk\u00fcste sorgt Newquay sowohl f\u00fcr junge Nachtschw\u00e4rmer als auch Familien\",\"breadcrumb\":{\"@id\":\"https:\/\/www.urlaubcornwall.de\/blog\/ferienparks-in-newquay\/#breadcrumb\"},\"inLanguage\":\"en-US\",\"potentialAction\":[{\"@type\":\"ReadAction\",\"target\":[\"https:\/\/www.urlaubcornwall.de\/blog\/ferienparks-in-newquay\/\"]}]},{\"@type\":\"BreadcrumbList\",\"@id\":\"https:\/\/www.urlaubcornwall.de\/blog\/ferienparks-in-newquay\/#breadcrumb\",\"itemListElement\":[{\"@type\":\"ListItem\",\"position\":1,\"name\":\"Home\",\"item\":\"https:\/\/www.urlaubcornwall.de\/blog\/\"},{\"@type\":\"ListItem\",\"position\":2,\"name\":\"Ferienparks in Newquay\"}]}]}<\/script>\n<!-- \/ Yoast SEO plugin. -->","yoast_head_json":{"title":"Ferienparks in Newquay - Urlaub &amp; Reisen","description":"Als zweifelsohne die lebendigste Stadt an der Nordk\u00fcste sorgt Newquay sowohl f\u00fcr junge Nachtschw\u00e4rmer als auch Familien","robots":{"index":"index","follow":"follow","max-snippet":"max-snippet:-1","max-image-preview":"max-image-preview:large","max-video-preview":"max-video-preview:-1"},"canonical":"https:\/\/www.urlaubcornwall.de\/blog\/ferienparks-in-newquay\/","og_locale":"en_US","og_type":"article","og_title":"Ferienparks in Newquay - Urlaub &amp; Reisen","og_description":"Als zweifelsohne die lebendigste Stadt an der Nordk\u00fcste sorgt Newquay sowohl f\u00fcr junge Nachtschw\u00e4rmer als auch Familien","og_url":"https:\/\/www.urlaubcornwall.de\/blog\/ferienparks-in-newquay\/","og_site_name":"Urlaub &amp; Reisen","article_modified_time":"2024-05-31T09:36:41+00:00","og_image":[{"url":"https:\/\/www.urlaubcornwall.de\/blog\/wp-content\/uploads\/2020\/05\/towan-strand-newquay-rotated.jpg"}],"twitter_card":"summary","twitter_misc":{"Est. reading time":"1 minute"},"schema":{"@context":"https:\/\/schema.org","@graph":[{"@type":"WebSite","@id":"https:\/\/www.urlaubcornwall.de\/blog\/#website","url":"https:\/\/www.urlaubcornwall.de\/blog\/","name":"Urlaub &amp; Reisen","description":"Urlaub, Reisen, Cornwall und S\u00fcdengland: eine perfekte Kombination","potentialAction":[{"@type":"SearchAction","target":{"@type":"EntryPoint","urlTemplate":"https:\/\/www.urlaubcornwall.de\/blog\/?s={search_term_string}"},"query-input":"required name=search_term_string"}],"inLanguage":"en-US"},{"@type":"WebPage","@id":"https:\/\/www.urlaubcornwall.de\/blog\/ferienparks-in-newquay\/","url":"https:\/\/www.urlaubcornwall.de\/blog\/ferienparks-in-newquay\/","name":"Ferienparks in Newquay - Urlaub &amp; Reisen","isPartOf":{"@id":"https:\/\/www.urlaubcornwall.de\/blog\/#website"},"datePublished":"2022-11-24T15:06:05+00:00","dateModified":"2024-05-31T09:36:41+00:00","description":"Als zweifelsohne die lebendigste Stadt an der Nordk\u00fcste sorgt Newquay sowohl f\u00fcr junge Nachtschw\u00e4rmer als auch Familien","breadcrumb":{"@id":"https:\/\/www.urlaubcornwall.de\/blog\/ferienparks-in-newquay\/#breadcrumb"},"inLanguage":"en-US","potentialAction":[{"@type":"ReadAction","target":["https:\/\/www.urlaubcornwall.de\/blog\/ferienparks-in-newquay\/"]}]},{"@type":"BreadcrumbList","@id":"https:\/\/www.urlaubcornwall.de\/blog\/ferienparks-in-newquay\/#breadcrumb","itemListElement":[{"@type":"ListItem","position":1,"name":"Home","item":"https:\/\/www.urlaubcornwall.de\/blog\/"},{"@type":"ListItem","position":2,"name":"Ferienparks in Newquay"}]}]}},"_links":{"self":[{"href":"https:\/\/www.urlaubcornwall.de\/blog\/wp-json\/wp\/v2\/pages\/45422"}],"collection":[{"href":"https:\/\/www.urlaubcornwall.de\/blog\/wp-json\/wp\/v2\/pages"}],"about":[{"href":"https:\/\/www.urlaubcornwall.de\/blog\/wp-json\/wp\/v2\/types\/page"}],"author":[{"embeddable":true,"href":"https:\/\/www.urlaubcornwall.de\/blog\/wp-json\/wp\/v2\/users\/1"}],"replies":[{"embeddable":true,"href":"https:\/\/www.urlaubcornwall.de\/blog\/wp-json\/wp\/v2\/comments?post=45422"}],"version-history":[{"count":3,"href":"https:\/\/www.urlaubcornwall.de\/blog\/wp-json\/wp\/v2\/pages\/45422\/revisions"}],"predecessor-version":[{"id":45425,"href":"https:\/\/www.urlaubcornwall.de\/blog\/wp-json\/wp\/v2\/pages\/45422\/revisions\/45425"}],"wp:attachment":[{"href":"https:\/\/www.urlaubcornwall.de\/blog\/wp-json\/wp\/v2\/media?parent=45422"}],"curies":[{"name":"wp","href":"https:\/\/api.w.org\/{rel}","templated":true}]}}