{"id":45411,"date":"2022-11-24T11:10:34","date_gmt":"2022-11-24T11:10:34","guid":{"rendered":"https:\/\/www.urlaubcornwall.de\/blog\/?page_id=45411"},"modified":"2024-04-09T16:00:04","modified_gmt":"2024-04-09T16:00:04","slug":"urlaub-glencoe-unternehmungen-unterkuenfte","status":"publish","type":"page","link":"https:\/\/www.urlaubcornwall.de\/blog\/urlaub-glencoe-unternehmungen-unterkuenfte\/","title":{"rendered":"Urlaub Glencoe &#8211; Unternehmungen &#038; Unterk\u00fcnfte"},"content":{"rendered":"<p><img loading=\"lazy\" class=\"aligncenter size-full wp-image-47857\" src=\"https:\/\/www.urlaubcornwall.de\/blog\/wp-content\/uploads\/2024\/03\/glencoe-harry-potter.jpg\" alt=\"glencoe-harry-potter\" width=\"750\" height=\"479\" srcset=\"https:\/\/www.urlaubcornwall.de\/blog\/wp-content\/uploads\/2024\/03\/glencoe-harry-potter.jpg 750w, https:\/\/www.urlaubcornwall.de\/blog\/wp-content\/uploads\/2024\/03\/glencoe-harry-potter-300x192.jpg 300w\" sizes=\"(max-width: 750px) 100vw, 750px\" \/><\/p>\n<p>Glencoe ist ein Dorf, das etwa 25 Kilometer s\u00fcdlich von <a href=\"https:\/\/www.urlaubcornwall.de\/ferienhaeuser-fewos\/sco\/nordschottland\/fort-william.html\">Fort William<\/a> liegt.<\/p>\n<p>Das Dorf liegt im Glencoe-Tal zwischen dem Fluss Coe und Loch Leven und ist ber\u00fchmt f\u00fcr seine wundersch\u00f6ne Naturkulisse und als Hauptausgangspunkt vieler von Wasserf\u00e4llen ges\u00e4umter Wanderwege in die umliegenden Berge.<\/p>\n<p>Im Dorfzentrum befindet sich auch das Glencoe Folk Museum, ein Heimatmuseum, das in traditionellen, mit Heidekraut gedeckten Cottages aus dem 18. Jahrhundert untergebracht ist.<\/p>\n<p>Gilt als einer der sch\u00f6nsten Orte <a href=\"https:\/\/www.urlaubcornwall.de\/ferienhaeuser-fewos\/sco\/schottland.html\">Schottlands<\/a>. Das Dorf und die Umgebung wurden in Blockbuster-Filmen wie James Bonds Skyfall und der Harry-Potter-Franchise gezeigt.<\/p>\n<p>Abgesehen vom sch\u00f6nen Glencoe ist Loch Leven von anderen charmanten D\u00f6rfern wie <a href=\"https:\/\/www.urlaubcornwall.de\/ferienhaeuser-fewos\/sco\/nordschottland\/ballachulish.html\">Ballachulish<\/a> und Kinlochleven umgeben.<\/p>\n<p>Bei uns finden Sie Ferienh\u00e4user zum Verlieben &#8211; so einfach ist das! 500 Pers\u00f6nlich inspizierte Ferienh\u00e4user und Ferienwohnungen in Schottland f\u00fcr Ihren Urlaub.<\/p>\n<p style=\"text-align: center;\"><a class=\"tidycta\" href=\"https:\/\/www.urlaubcornwall.de\/ferienhaeuser-fewos\/sco\/schottland.html\">Suche Ferienh\u00e4user<\/a><\/p>\n","protected":false},"excerpt":{"rendered":"<p>Glencoe ist ein Dorf, das etwa 25 Kilometer s\u00fcdlich von Fort William liegt. Das Dorf liegt im Glencoe-Tal zwischen dem Fluss Coe und Loch Leven und ist ber\u00fchmt f\u00fcr seine wundersch\u00f6ne Naturkulisse und als Hauptausgangspunkt vieler von Wasserf\u00e4llen ges\u00e4umter Wanderwege in die umliegenden Berge. Im Dorfzentrum befindet sich auch das Glencoe Folk Museum, ein Heimatmuseum, [&hellip;]<\/p>\n","protected":false},"author":1,"featured_media":0,"parent":0,"menu_order":0,"comment_status":"closed","ping_status":"closed","template":"single-four.php","meta":[],"acf":[],"yoast_head":"<!-- This site is optimized with the Yoast SEO plugin v19.4 - https:\/\/yoast.com\/wordpress\/plugins\/seo\/ -->\n<title>Urlaub Glencoe - Unternehmungen &amp; Unterk\u00fcnfte - Urlaub &amp; Reisen<\/title>\n<meta name=\"description\" content=\"Das Dorf liegt im Glencoe-Tal zwischen dem Fluss Coe und Loch Leven und ist ber\u00fchmt f\u00fcr seine wundersch\u00f6ne Naturkulisse\" \/>\n<meta name=\"robots\" content=\"index, follow, max-snippet:-1, max-image-preview:large, max-video-preview:-1\" \/>\n<link rel=\"canonical\" href=\"https:\/\/www.urlaubcornwall.de\/blog\/urlaub-glencoe-unternehmungen-unterkuenfte\/\" \/>\n<meta property=\"og:locale\" content=\"en_US\" \/>\n<meta property=\"og:type\" content=\"article\" \/>\n<meta property=\"og:title\" content=\"Urlaub Glencoe - Unternehmungen &amp; Unterk\u00fcnfte - Urlaub &amp; Reisen\" \/>\n<meta property=\"og:description\" content=\"Das Dorf liegt im Glencoe-Tal zwischen dem Fluss Coe und Loch Leven und ist ber\u00fchmt f\u00fcr seine wundersch\u00f6ne Naturkulisse\" \/>\n<meta property=\"og:url\" content=\"https:\/\/www.urlaubcornwall.de\/blog\/urlaub-glencoe-unternehmungen-unterkuenfte\/\" \/>\n<meta property=\"og:site_name\" content=\"Urlaub &amp; Reisen\" \/>\n<meta property=\"article:modified_time\" content=\"2024-04-09T16:00:04+00:00\" \/>\n<meta property=\"og:image\" content=\"https:\/\/www.urlaubcornwall.de\/blog\/wp-content\/uploads\/2024\/03\/glencoe-harry-potter.jpg\" \/>\n<meta name=\"twitter:card\" content=\"summary\" \/>\n<meta name=\"twitter:label1\" content=\"Est. reading time\" \/>\n\t<meta name=\"twitter:data1\" content=\"1 minute\" \/>\n<script type=\"application\/ld+json\" class=\"yoast-schema-graph\">{\"@context\":\"https:\/\/schema.org\",\"@graph\":[{\"@type\":\"WebSite\",\"@id\":\"https:\/\/www.urlaubcornwall.de\/blog\/#website\",\"url\":\"https:\/\/www.urlaubcornwall.de\/blog\/\",\"name\":\"Urlaub &amp; Reisen\",\"description\":\"Urlaub, Reisen, Cornwall und S\u00fcdengland: eine perfekte Kombination\",\"potentialAction\":[{\"@type\":\"SearchAction\",\"target\":{\"@type\":\"EntryPoint\",\"urlTemplate\":\"https:\/\/www.urlaubcornwall.de\/blog\/?s={search_term_string}\"},\"query-input\":\"required name=search_term_string\"}],\"inLanguage\":\"en-US\"},{\"@type\":\"WebPage\",\"@id\":\"https:\/\/www.urlaubcornwall.de\/blog\/urlaub-glencoe-unternehmungen-unterkuenfte\/\",\"url\":\"https:\/\/www.urlaubcornwall.de\/blog\/urlaub-glencoe-unternehmungen-unterkuenfte\/\",\"name\":\"Urlaub Glencoe - Unternehmungen & Unterk\u00fcnfte - Urlaub &amp; Reisen\",\"isPartOf\":{\"@id\":\"https:\/\/www.urlaubcornwall.de\/blog\/#website\"},\"datePublished\":\"2022-11-24T11:10:34+00:00\",\"dateModified\":\"2024-04-09T16:00:04+00:00\",\"description\":\"Das Dorf liegt im Glencoe-Tal zwischen dem Fluss Coe und Loch Leven und ist ber\u00fchmt f\u00fcr seine wundersch\u00f6ne Naturkulisse\",\"breadcrumb\":{\"@id\":\"https:\/\/www.urlaubcornwall.de\/blog\/urlaub-glencoe-unternehmungen-unterkuenfte\/#breadcrumb\"},\"inLanguage\":\"en-US\",\"potentialAction\":[{\"@type\":\"ReadAction\",\"target\":[\"https:\/\/www.urlaubcornwall.de\/blog\/urlaub-glencoe-unternehmungen-unterkuenfte\/\"]}]},{\"@type\":\"BreadcrumbList\",\"@id\":\"https:\/\/www.urlaubcornwall.de\/blog\/urlaub-glencoe-unternehmungen-unterkuenfte\/#breadcrumb\",\"itemListElement\":[{\"@type\":\"ListItem\",\"position\":1,\"name\":\"Home\",\"item\":\"https:\/\/www.urlaubcornwall.de\/blog\/\"},{\"@type\":\"ListItem\",\"position\":2,\"name\":\"Urlaub Glencoe &#8211; Unternehmungen &#038; Unterk\u00fcnfte\"}]}]}<\/script>\n<!-- \/ Yoast SEO plugin. -->","yoast_head_json":{"title":"Urlaub Glencoe - Unternehmungen & Unterk\u00fcnfte - Urlaub &amp; Reisen","description":"Das Dorf liegt im Glencoe-Tal zwischen dem Fluss Coe und Loch Leven und ist ber\u00fchmt f\u00fcr seine wundersch\u00f6ne Naturkulisse","robots":{"index":"index","follow":"follow","max-snippet":"max-snippet:-1","max-image-preview":"max-image-preview:large","max-video-preview":"max-video-preview:-1"},"canonical":"https:\/\/www.urlaubcornwall.de\/blog\/urlaub-glencoe-unternehmungen-unterkuenfte\/","og_locale":"en_US","og_type":"article","og_title":"Urlaub Glencoe - Unternehmungen & Unterk\u00fcnfte - Urlaub &amp; Reisen","og_description":"Das Dorf liegt im Glencoe-Tal zwischen dem Fluss Coe und Loch Leven und ist ber\u00fchmt f\u00fcr seine wundersch\u00f6ne Naturkulisse","og_url":"https:\/\/www.urlaubcornwall.de\/blog\/urlaub-glencoe-unternehmungen-unterkuenfte\/","og_site_name":"Urlaub &amp; Reisen","article_modified_time":"2024-04-09T16:00:04+00:00","og_image":[{"url":"https:\/\/www.urlaubcornwall.de\/blog\/wp-content\/uploads\/2024\/03\/glencoe-harry-potter.jpg"}],"twitter_card":"summary","twitter_misc":{"Est. reading time":"1 minute"},"schema":{"@context":"https:\/\/schema.org","@graph":[{"@type":"WebSite","@id":"https:\/\/www.urlaubcornwall.de\/blog\/#website","url":"https:\/\/www.urlaubcornwall.de\/blog\/","name":"Urlaub &amp; Reisen","description":"Urlaub, Reisen, Cornwall und S\u00fcdengland: eine perfekte Kombination","potentialAction":[{"@type":"SearchAction","target":{"@type":"EntryPoint","urlTemplate":"https:\/\/www.urlaubcornwall.de\/blog\/?s={search_term_string}"},"query-input":"required name=search_term_string"}],"inLanguage":"en-US"},{"@type":"WebPage","@id":"https:\/\/www.urlaubcornwall.de\/blog\/urlaub-glencoe-unternehmungen-unterkuenfte\/","url":"https:\/\/www.urlaubcornwall.de\/blog\/urlaub-glencoe-unternehmungen-unterkuenfte\/","name":"Urlaub Glencoe - Unternehmungen & Unterk\u00fcnfte - Urlaub &amp; Reisen","isPartOf":{"@id":"https:\/\/www.urlaubcornwall.de\/blog\/#website"},"datePublished":"2022-11-24T11:10:34+00:00","dateModified":"2024-04-09T16:00:04+00:00","description":"Das Dorf liegt im Glencoe-Tal zwischen dem Fluss Coe und Loch Leven und ist ber\u00fchmt f\u00fcr seine wundersch\u00f6ne Naturkulisse","breadcrumb":{"@id":"https:\/\/www.urlaubcornwall.de\/blog\/urlaub-glencoe-unternehmungen-unterkuenfte\/#breadcrumb"},"inLanguage":"en-US","potentialAction":[{"@type":"ReadAction","target":["https:\/\/www.urlaubcornwall.de\/blog\/urlaub-glencoe-unternehmungen-unterkuenfte\/"]}]},{"@type":"BreadcrumbList","@id":"https:\/\/www.urlaubcornwall.de\/blog\/urlaub-glencoe-unternehmungen-unterkuenfte\/#breadcrumb","itemListElement":[{"@type":"ListItem","position":1,"name":"Home","item":"https:\/\/www.urlaubcornwall.de\/blog\/"},{"@type":"ListItem","position":2,"name":"Urlaub Glencoe &#8211; Unternehmungen &#038; Unterk\u00fcnfte"}]}]}},"_links":{"self":[{"href":"https:\/\/www.urlaubcornwall.de\/blog\/wp-json\/wp\/v2\/pages\/45411"}],"collection":[{"href":"https:\/\/www.urlaubcornwall.de\/blog\/wp-json\/wp\/v2\/pages"}],"about":[{"href":"https:\/\/www.urlaubcornwall.de\/blog\/wp-json\/wp\/v2\/types\/page"}],"author":[{"embeddable":true,"href":"https:\/\/www.urlaubcornwall.de\/blog\/wp-json\/wp\/v2\/users\/1"}],"replies":[{"embeddable":true,"href":"https:\/\/www.urlaubcornwall.de\/blog\/wp-json\/wp\/v2\/comments?post=45411"}],"version-history":[{"count":2,"href":"https:\/\/www.urlaubcornwall.de\/blog\/wp-json\/wp\/v2\/pages\/45411\/revisions"}],"predecessor-version":[{"id":49211,"href":"https:\/\/www.urlaubcornwall.de\/blog\/wp-json\/wp\/v2\/pages\/45411\/revisions\/49211"}],"wp:attachment":[{"href":"https:\/\/www.urlaubcornwall.de\/blog\/wp-json\/wp\/v2\/media?parent=45411"}],"curies":[{"name":"wp","href":"https:\/\/api.w.org\/{rel}","templated":true}]}}