{"id":45315,"date":"2022-11-19T15:38:01","date_gmt":"2022-11-19T15:38:01","guid":{"rendered":"https:\/\/www.urlaubcornwall.de\/blog\/?page_id=45315"},"modified":"2022-11-19T15:39:11","modified_gmt":"2022-11-19T15:39:11","slug":"ferienhaus-shetlandinseln","status":"publish","type":"page","link":"https:\/\/www.urlaubcornwall.de\/blog\/ferienhaus-shetlandinseln\/","title":{"rendered":"Ferienhaus Shetlandinseln"},"content":{"rendered":"<p><img loading=\"lazy\" class=\"aligncenter size-full wp-image-45055\" src=\"https:\/\/www.urlaubcornwall.de\/blog\/wp-content\/uploads\/2022\/09\/ferienhaus-unst-shetland.jpeg\" alt=\"ferienhaus unst shetland\" width=\"750\" height=\"563\" srcset=\"https:\/\/www.urlaubcornwall.de\/blog\/wp-content\/uploads\/2022\/09\/ferienhaus-unst-shetland.jpeg 750w, https:\/\/www.urlaubcornwall.de\/blog\/wp-content\/uploads\/2022\/09\/ferienhaus-unst-shetland-300x225.jpeg 300w\" sizes=\"(max-width: 750px) 100vw, 750px\" \/><\/p>\n<p><strong>Ferienhaus in Unst: Nr. 75417 &#8211; 1 Schlafzimmer, 1 Badezimmer Bungalow. Unst, Schottische Inseln. <\/strong><\/p>\n<p>Perfekter l\u00e4ndlicher Kurzurlaub\u00a0mit atemberaubendem Panoramablick auf das Meer \u00fcber die Bucht<\/p>\n<p>Gelegen auf der Insel Unst, der sch\u00f6nsten n\u00f6rdlichen Insel der <a href=\"https:\/\/www.urlaubcornwall.de\/blog\/urlaub-inseln-shetland-sehenswuerdigkeiten-geschichte-und-unterkunft\/\">Shetlandinseln<\/a><\/p>\n<p>Entspannen Sie am gem\u00fctlichen Holzofen und genie\u00dfen Sie wundervolle Sonnenunterg\u00e4nge und das Nordlicht<\/p>\n<p>Warum erleben Sie nicht das Shetland Folk Festival &#8211; 28. April &#8211; 1. Mai 2022<\/p>\n<p style=\"text-align: center;\"><a class=\"tidycta\" href=\"https:\/\/www.urlaubcornwall.de\/ferienhaeuser-fewos\/sco\/schottische-inseln\/unst.html\">Anfrage \/ Buchung<\/a><\/p>\n","protected":false},"excerpt":{"rendered":"<p>Ferienhaus in Unst: Nr. 75417 &#8211; 1 Schlafzimmer, 1 Badezimmer Bungalow. Unst, Schottische Inseln. Perfekter l\u00e4ndlicher Kurzurlaub\u00a0mit atemberaubendem Panoramablick auf das Meer \u00fcber die Bucht Gelegen auf der Insel Unst, der sch\u00f6nsten n\u00f6rdlichen Insel der Shetlandinseln Entspannen Sie am gem\u00fctlichen Holzofen und genie\u00dfen Sie wundervolle Sonnenunterg\u00e4nge und das Nordlicht Warum erleben Sie nicht das Shetland [&hellip;]<\/p>\n","protected":false},"author":1,"featured_media":0,"parent":0,"menu_order":0,"comment_status":"closed","ping_status":"closed","template":"single-four.php","meta":[],"acf":[],"yoast_head":"<!-- This site is optimized with the Yoast SEO plugin v19.4 - https:\/\/yoast.com\/wordpress\/plugins\/seo\/ -->\n<title>Ferienhaus Shetlandinseln - Urlaub &amp; Reisen<\/title>\n<meta name=\"description\" content=\"Ferienhaus in Shetland: Nr. 75417 - 1 Schlafzimmer, 1 Badezimmer Bungalow in Unst,\" \/>\n<meta name=\"robots\" content=\"index, follow, max-snippet:-1, max-image-preview:large, max-video-preview:-1\" \/>\n<link rel=\"canonical\" href=\"https:\/\/www.urlaubcornwall.de\/blog\/ferienhaus-shetlandinseln\/\" \/>\n<meta property=\"og:locale\" content=\"en_US\" \/>\n<meta property=\"og:type\" content=\"article\" \/>\n<meta property=\"og:title\" content=\"Ferienhaus Shetlandinseln - Urlaub &amp; Reisen\" \/>\n<meta property=\"og:description\" content=\"Ferienhaus in Shetland: Nr. 75417 - 1 Schlafzimmer, 1 Badezimmer Bungalow in Unst,\" \/>\n<meta property=\"og:url\" content=\"https:\/\/www.urlaubcornwall.de\/blog\/ferienhaus-shetlandinseln\/\" \/>\n<meta property=\"og:site_name\" content=\"Urlaub &amp; Reisen\" \/>\n<meta property=\"article:modified_time\" content=\"2022-11-19T15:39:11+00:00\" \/>\n<meta property=\"og:image\" content=\"https:\/\/www.urlaubcornwall.de\/blog\/wp-content\/uploads\/2022\/09\/ferienhaus-unst-shetland.jpeg\" \/>\n<meta name=\"twitter:card\" content=\"summary\" \/>\n<meta name=\"twitter:label1\" content=\"Est. reading time\" \/>\n\t<meta name=\"twitter:data1\" content=\"1 minute\" \/>\n<script type=\"application\/ld+json\" class=\"yoast-schema-graph\">{\"@context\":\"https:\/\/schema.org\",\"@graph\":[{\"@type\":\"WebSite\",\"@id\":\"https:\/\/www.urlaubcornwall.de\/blog\/#website\",\"url\":\"https:\/\/www.urlaubcornwall.de\/blog\/\",\"name\":\"Urlaub &amp; Reisen\",\"description\":\"Urlaub, Reisen, Cornwall und S\u00fcdengland: eine perfekte Kombination\",\"potentialAction\":[{\"@type\":\"SearchAction\",\"target\":{\"@type\":\"EntryPoint\",\"urlTemplate\":\"https:\/\/www.urlaubcornwall.de\/blog\/?s={search_term_string}\"},\"query-input\":\"required name=search_term_string\"}],\"inLanguage\":\"en-US\"},{\"@type\":\"WebPage\",\"@id\":\"https:\/\/www.urlaubcornwall.de\/blog\/ferienhaus-shetlandinseln\/\",\"url\":\"https:\/\/www.urlaubcornwall.de\/blog\/ferienhaus-shetlandinseln\/\",\"name\":\"Ferienhaus Shetlandinseln - Urlaub &amp; Reisen\",\"isPartOf\":{\"@id\":\"https:\/\/www.urlaubcornwall.de\/blog\/#website\"},\"datePublished\":\"2022-11-19T15:38:01+00:00\",\"dateModified\":\"2022-11-19T15:39:11+00:00\",\"description\":\"Ferienhaus in Shetland: Nr. 75417 - 1 Schlafzimmer, 1 Badezimmer Bungalow in Unst,\",\"breadcrumb\":{\"@id\":\"https:\/\/www.urlaubcornwall.de\/blog\/ferienhaus-shetlandinseln\/#breadcrumb\"},\"inLanguage\":\"en-US\",\"potentialAction\":[{\"@type\":\"ReadAction\",\"target\":[\"https:\/\/www.urlaubcornwall.de\/blog\/ferienhaus-shetlandinseln\/\"]}]},{\"@type\":\"BreadcrumbList\",\"@id\":\"https:\/\/www.urlaubcornwall.de\/blog\/ferienhaus-shetlandinseln\/#breadcrumb\",\"itemListElement\":[{\"@type\":\"ListItem\",\"position\":1,\"name\":\"Home\",\"item\":\"https:\/\/www.urlaubcornwall.de\/blog\/\"},{\"@type\":\"ListItem\",\"position\":2,\"name\":\"Ferienhaus Shetlandinseln\"}]}]}<\/script>\n<!-- \/ Yoast SEO plugin. -->","yoast_head_json":{"title":"Ferienhaus Shetlandinseln - Urlaub &amp; Reisen","description":"Ferienhaus in Shetland: Nr. 75417 - 1 Schlafzimmer, 1 Badezimmer Bungalow in Unst,","robots":{"index":"index","follow":"follow","max-snippet":"max-snippet:-1","max-image-preview":"max-image-preview:large","max-video-preview":"max-video-preview:-1"},"canonical":"https:\/\/www.urlaubcornwall.de\/blog\/ferienhaus-shetlandinseln\/","og_locale":"en_US","og_type":"article","og_title":"Ferienhaus Shetlandinseln - Urlaub &amp; Reisen","og_description":"Ferienhaus in Shetland: Nr. 75417 - 1 Schlafzimmer, 1 Badezimmer Bungalow in Unst,","og_url":"https:\/\/www.urlaubcornwall.de\/blog\/ferienhaus-shetlandinseln\/","og_site_name":"Urlaub &amp; Reisen","article_modified_time":"2022-11-19T15:39:11+00:00","og_image":[{"url":"https:\/\/www.urlaubcornwall.de\/blog\/wp-content\/uploads\/2022\/09\/ferienhaus-unst-shetland.jpeg"}],"twitter_card":"summary","twitter_misc":{"Est. reading time":"1 minute"},"schema":{"@context":"https:\/\/schema.org","@graph":[{"@type":"WebSite","@id":"https:\/\/www.urlaubcornwall.de\/blog\/#website","url":"https:\/\/www.urlaubcornwall.de\/blog\/","name":"Urlaub &amp; Reisen","description":"Urlaub, Reisen, Cornwall und S\u00fcdengland: eine perfekte Kombination","potentialAction":[{"@type":"SearchAction","target":{"@type":"EntryPoint","urlTemplate":"https:\/\/www.urlaubcornwall.de\/blog\/?s={search_term_string}"},"query-input":"required name=search_term_string"}],"inLanguage":"en-US"},{"@type":"WebPage","@id":"https:\/\/www.urlaubcornwall.de\/blog\/ferienhaus-shetlandinseln\/","url":"https:\/\/www.urlaubcornwall.de\/blog\/ferienhaus-shetlandinseln\/","name":"Ferienhaus Shetlandinseln - Urlaub &amp; Reisen","isPartOf":{"@id":"https:\/\/www.urlaubcornwall.de\/blog\/#website"},"datePublished":"2022-11-19T15:38:01+00:00","dateModified":"2022-11-19T15:39:11+00:00","description":"Ferienhaus in Shetland: Nr. 75417 - 1 Schlafzimmer, 1 Badezimmer Bungalow in Unst,","breadcrumb":{"@id":"https:\/\/www.urlaubcornwall.de\/blog\/ferienhaus-shetlandinseln\/#breadcrumb"},"inLanguage":"en-US","potentialAction":[{"@type":"ReadAction","target":["https:\/\/www.urlaubcornwall.de\/blog\/ferienhaus-shetlandinseln\/"]}]},{"@type":"BreadcrumbList","@id":"https:\/\/www.urlaubcornwall.de\/blog\/ferienhaus-shetlandinseln\/#breadcrumb","itemListElement":[{"@type":"ListItem","position":1,"name":"Home","item":"https:\/\/www.urlaubcornwall.de\/blog\/"},{"@type":"ListItem","position":2,"name":"Ferienhaus Shetlandinseln"}]}]}},"_links":{"self":[{"href":"https:\/\/www.urlaubcornwall.de\/blog\/wp-json\/wp\/v2\/pages\/45315"}],"collection":[{"href":"https:\/\/www.urlaubcornwall.de\/blog\/wp-json\/wp\/v2\/pages"}],"about":[{"href":"https:\/\/www.urlaubcornwall.de\/blog\/wp-json\/wp\/v2\/types\/page"}],"author":[{"embeddable":true,"href":"https:\/\/www.urlaubcornwall.de\/blog\/wp-json\/wp\/v2\/users\/1"}],"replies":[{"embeddable":true,"href":"https:\/\/www.urlaubcornwall.de\/blog\/wp-json\/wp\/v2\/comments?post=45315"}],"version-history":[{"count":4,"href":"https:\/\/www.urlaubcornwall.de\/blog\/wp-json\/wp\/v2\/pages\/45315\/revisions"}],"predecessor-version":[{"id":45319,"href":"https:\/\/www.urlaubcornwall.de\/blog\/wp-json\/wp\/v2\/pages\/45315\/revisions\/45319"}],"wp:attachment":[{"href":"https:\/\/www.urlaubcornwall.de\/blog\/wp-json\/wp\/v2\/media?parent=45315"}],"curies":[{"name":"wp","href":"https:\/\/api.w.org\/{rel}","templated":true}]}}