{"id":45313,"date":"2022-11-18T14:50:13","date_gmt":"2022-11-18T14:50:13","guid":{"rendered":"https:\/\/www.urlaubcornwall.de\/blog\/?page_id=45313"},"modified":"2022-11-18T14:50:13","modified_gmt":"2022-11-18T14:50:13","slug":"erkunden-sie-sussex","status":"publish","type":"page","link":"https:\/\/www.urlaubcornwall.de\/blog\/erkunden-sie-sussex\/","title":{"rendered":"Erkunden Sie Sussex"},"content":{"rendered":"<p><img loading=\"lazy\" class=\"aligncenter size-full wp-image-41220\" src=\"https:\/\/www.urlaubcornwall.de\/blog\/wp-content\/uploads\/2020\/11\/bosham_hafen_sussex.jpg\" alt=\"bosham_hafen_sussex\" width=\"748\" height=\"499\" srcset=\"https:\/\/www.urlaubcornwall.de\/blog\/wp-content\/uploads\/2020\/11\/bosham_hafen_sussex.jpg 748w, https:\/\/www.urlaubcornwall.de\/blog\/wp-content\/uploads\/2020\/11\/bosham_hafen_sussex-300x200.jpg 300w\" sizes=\"(max-width: 748px) 100vw, 748px\" \/><\/p>\n<p><a href=\"https:\/\/www.urlaubcornwall.de\/reiseziel\/sussex.php\">Sussex<\/a> ist nur eine kurze Fahrt von London entfernt, seine Ecke Englands hat viel zu bieten. Die Ruhe der Landschaft im krassen Gegensatz zum Stadtleben, die K\u00fcstenst\u00e4dte, f\u00fcr die es sich lohnt, nur ein bisschen weiter zu reisen, und die vielen faszinierenden Sehensw\u00fcrdigkeiten und atemberaubenden G\u00e4rten.<\/p>\n<p>Machen Sie Spazierg\u00e4nge durch uralte W\u00e4lder oder finden Sie einen der preisgekr\u00f6nten Weinberge, f\u00fcr die diese Grafschaft ber\u00fchmt ist, machen Sie Ihren eigenen Weg durch die reizvollen St\u00e4dte und D\u00f6rfer der Gegend oder buchen Sie eine der vielen Touristenattraktionen.<\/p>\n<p>Es gibt viele M\u00f6glichkeiten f\u00fcr Ihren Urlaub in Sussex. W\u00e4hlen Sie zwischen einem Ferienhaus f\u00fcr Sie beide oder etwas Gr\u00f6\u00dferem, wenn Sie Familie und Freunde mitbringen, in den sch\u00f6nen St\u00e4dten und D\u00f6rfern <a href=\"https:\/\/www.urlaubcornwall.de\/ferienhaeuser-fewos\/eng\/sussex\/brighton.html\">Brighton<\/a>, <a href=\"https:\/\/www.urlaubcornwall.de\/ferienhaeuser-fewos\/eng\/sussex\/eastbourne.html\">Eastbourne<\/a>, <a href=\"https:\/\/www.urlaubcornwall.de\/ferienhaeuser-fewos\/eng\/sussex\/hastings.html\">Hastings<\/a> und <a href=\"https:\/\/www.urlaubcornwall.de\/ferienhaeuser-fewos\/eng\/sussex\/chichester.html\">Chichester<\/a>.<\/p>\n<p style=\"text-align: center;\"><a class=\"tidycta\" href=\"https:\/\/www.urlaubcornwall.de\/ferienhaeuser-fewos\/eng\/sussex\/sussex.html\">Suche Ferienh\u00e4user Sussex<\/a><\/p>\n","protected":false},"excerpt":{"rendered":"<p>Sussex ist nur eine kurze Fahrt von London entfernt, seine Ecke Englands hat viel zu bieten. Die Ruhe der Landschaft im krassen Gegensatz zum Stadtleben, die K\u00fcstenst\u00e4dte, f\u00fcr die es sich lohnt, nur ein bisschen weiter zu reisen, und die vielen faszinierenden Sehensw\u00fcrdigkeiten und atemberaubenden G\u00e4rten. Machen Sie Spazierg\u00e4nge durch uralte W\u00e4lder oder finden Sie [&hellip;]<\/p>\n","protected":false},"author":1,"featured_media":0,"parent":0,"menu_order":0,"comment_status":"closed","ping_status":"closed","template":"single-four.php","meta":[],"acf":[],"yoast_head":"<!-- This site is optimized with the Yoast SEO plugin v19.4 - https:\/\/yoast.com\/wordpress\/plugins\/seo\/ -->\n<title>Erkunden Sie Sussex - Urlaub &amp; Reisen<\/title>\n<meta name=\"description\" content=\"Sussex ist nur eine kurze Fahrt von London entfernt, seine Ecke Englands hat viel zu bieten. Die Ruhe der Landschaft\" \/>\n<meta name=\"robots\" content=\"index, follow, max-snippet:-1, max-image-preview:large, max-video-preview:-1\" \/>\n<link rel=\"canonical\" href=\"https:\/\/www.urlaubcornwall.de\/blog\/erkunden-sie-sussex\/\" \/>\n<meta property=\"og:locale\" content=\"en_US\" \/>\n<meta property=\"og:type\" content=\"article\" \/>\n<meta property=\"og:title\" content=\"Erkunden Sie Sussex - Urlaub &amp; Reisen\" \/>\n<meta property=\"og:description\" content=\"Sussex ist nur eine kurze Fahrt von London entfernt, seine Ecke Englands hat viel zu bieten. Die Ruhe der Landschaft\" \/>\n<meta property=\"og:url\" content=\"https:\/\/www.urlaubcornwall.de\/blog\/erkunden-sie-sussex\/\" \/>\n<meta property=\"og:site_name\" content=\"Urlaub &amp; Reisen\" \/>\n<meta property=\"og:image\" content=\"https:\/\/www.urlaubcornwall.de\/blog\/wp-content\/uploads\/2020\/11\/bosham_hafen_sussex.jpg\" \/>\n<meta name=\"twitter:card\" content=\"summary\" \/>\n<script type=\"application\/ld+json\" class=\"yoast-schema-graph\">{\"@context\":\"https:\/\/schema.org\",\"@graph\":[{\"@type\":\"WebSite\",\"@id\":\"https:\/\/www.urlaubcornwall.de\/blog\/#website\",\"url\":\"https:\/\/www.urlaubcornwall.de\/blog\/\",\"name\":\"Urlaub &amp; Reisen\",\"description\":\"Urlaub, Reisen, Cornwall und S\u00fcdengland: eine perfekte Kombination\",\"potentialAction\":[{\"@type\":\"SearchAction\",\"target\":{\"@type\":\"EntryPoint\",\"urlTemplate\":\"https:\/\/www.urlaubcornwall.de\/blog\/?s={search_term_string}\"},\"query-input\":\"required name=search_term_string\"}],\"inLanguage\":\"en-US\"},{\"@type\":\"WebPage\",\"@id\":\"https:\/\/www.urlaubcornwall.de\/blog\/erkunden-sie-sussex\/\",\"url\":\"https:\/\/www.urlaubcornwall.de\/blog\/erkunden-sie-sussex\/\",\"name\":\"Erkunden Sie Sussex - Urlaub &amp; Reisen\",\"isPartOf\":{\"@id\":\"https:\/\/www.urlaubcornwall.de\/blog\/#website\"},\"datePublished\":\"2022-11-18T14:50:13+00:00\",\"dateModified\":\"2022-11-18T14:50:13+00:00\",\"description\":\"Sussex ist nur eine kurze Fahrt von London entfernt, seine Ecke Englands hat viel zu bieten. Die Ruhe der Landschaft\",\"breadcrumb\":{\"@id\":\"https:\/\/www.urlaubcornwall.de\/blog\/erkunden-sie-sussex\/#breadcrumb\"},\"inLanguage\":\"en-US\",\"potentialAction\":[{\"@type\":\"ReadAction\",\"target\":[\"https:\/\/www.urlaubcornwall.de\/blog\/erkunden-sie-sussex\/\"]}]},{\"@type\":\"BreadcrumbList\",\"@id\":\"https:\/\/www.urlaubcornwall.de\/blog\/erkunden-sie-sussex\/#breadcrumb\",\"itemListElement\":[{\"@type\":\"ListItem\",\"position\":1,\"name\":\"Home\",\"item\":\"https:\/\/www.urlaubcornwall.de\/blog\/\"},{\"@type\":\"ListItem\",\"position\":2,\"name\":\"Erkunden Sie Sussex\"}]}]}<\/script>\n<!-- \/ Yoast SEO plugin. -->","yoast_head_json":{"title":"Erkunden Sie Sussex - Urlaub &amp; Reisen","description":"Sussex ist nur eine kurze Fahrt von London entfernt, seine Ecke Englands hat viel zu bieten. Die Ruhe der Landschaft","robots":{"index":"index","follow":"follow","max-snippet":"max-snippet:-1","max-image-preview":"max-image-preview:large","max-video-preview":"max-video-preview:-1"},"canonical":"https:\/\/www.urlaubcornwall.de\/blog\/erkunden-sie-sussex\/","og_locale":"en_US","og_type":"article","og_title":"Erkunden Sie Sussex - Urlaub &amp; Reisen","og_description":"Sussex ist nur eine kurze Fahrt von London entfernt, seine Ecke Englands hat viel zu bieten. Die Ruhe der Landschaft","og_url":"https:\/\/www.urlaubcornwall.de\/blog\/erkunden-sie-sussex\/","og_site_name":"Urlaub &amp; Reisen","og_image":[{"url":"https:\/\/www.urlaubcornwall.de\/blog\/wp-content\/uploads\/2020\/11\/bosham_hafen_sussex.jpg"}],"twitter_card":"summary","schema":{"@context":"https:\/\/schema.org","@graph":[{"@type":"WebSite","@id":"https:\/\/www.urlaubcornwall.de\/blog\/#website","url":"https:\/\/www.urlaubcornwall.de\/blog\/","name":"Urlaub &amp; Reisen","description":"Urlaub, Reisen, Cornwall und S\u00fcdengland: eine perfekte Kombination","potentialAction":[{"@type":"SearchAction","target":{"@type":"EntryPoint","urlTemplate":"https:\/\/www.urlaubcornwall.de\/blog\/?s={search_term_string}"},"query-input":"required name=search_term_string"}],"inLanguage":"en-US"},{"@type":"WebPage","@id":"https:\/\/www.urlaubcornwall.de\/blog\/erkunden-sie-sussex\/","url":"https:\/\/www.urlaubcornwall.de\/blog\/erkunden-sie-sussex\/","name":"Erkunden Sie Sussex - Urlaub &amp; Reisen","isPartOf":{"@id":"https:\/\/www.urlaubcornwall.de\/blog\/#website"},"datePublished":"2022-11-18T14:50:13+00:00","dateModified":"2022-11-18T14:50:13+00:00","description":"Sussex ist nur eine kurze Fahrt von London entfernt, seine Ecke Englands hat viel zu bieten. Die Ruhe der Landschaft","breadcrumb":{"@id":"https:\/\/www.urlaubcornwall.de\/blog\/erkunden-sie-sussex\/#breadcrumb"},"inLanguage":"en-US","potentialAction":[{"@type":"ReadAction","target":["https:\/\/www.urlaubcornwall.de\/blog\/erkunden-sie-sussex\/"]}]},{"@type":"BreadcrumbList","@id":"https:\/\/www.urlaubcornwall.de\/blog\/erkunden-sie-sussex\/#breadcrumb","itemListElement":[{"@type":"ListItem","position":1,"name":"Home","item":"https:\/\/www.urlaubcornwall.de\/blog\/"},{"@type":"ListItem","position":2,"name":"Erkunden Sie Sussex"}]}]}},"_links":{"self":[{"href":"https:\/\/www.urlaubcornwall.de\/blog\/wp-json\/wp\/v2\/pages\/45313"}],"collection":[{"href":"https:\/\/www.urlaubcornwall.de\/blog\/wp-json\/wp\/v2\/pages"}],"about":[{"href":"https:\/\/www.urlaubcornwall.de\/blog\/wp-json\/wp\/v2\/types\/page"}],"author":[{"embeddable":true,"href":"https:\/\/www.urlaubcornwall.de\/blog\/wp-json\/wp\/v2\/users\/1"}],"replies":[{"embeddable":true,"href":"https:\/\/www.urlaubcornwall.de\/blog\/wp-json\/wp\/v2\/comments?post=45313"}],"version-history":[{"count":1,"href":"https:\/\/www.urlaubcornwall.de\/blog\/wp-json\/wp\/v2\/pages\/45313\/revisions"}],"predecessor-version":[{"id":45314,"href":"https:\/\/www.urlaubcornwall.de\/blog\/wp-json\/wp\/v2\/pages\/45313\/revisions\/45314"}],"wp:attachment":[{"href":"https:\/\/www.urlaubcornwall.de\/blog\/wp-json\/wp\/v2\/media?parent=45313"}],"curies":[{"name":"wp","href":"https:\/\/api.w.org\/{rel}","templated":true}]}}