{"id":45309,"date":"2022-11-18T12:05:43","date_gmt":"2022-11-18T12:05:43","guid":{"rendered":"https:\/\/www.urlaubcornwall.de\/blog\/?page_id=45309"},"modified":"2024-05-31T09:38:38","modified_gmt":"2024-05-31T09:38:38","slug":"urlaub-in-staffordshire","status":"publish","type":"page","link":"https:\/\/www.urlaubcornwall.de\/blog\/urlaub-in-staffordshire\/","title":{"rendered":"Urlaub in Staffordshire"},"content":{"rendered":"<p><a href=\"https:\/\/www.urlaubcornwall.de\/blog\/wp-content\/uploads\/2024\/03\/ferienhaus-england-cornwall.jpg\"><img loading=\"lazy\" src=\"https:\/\/www.urlaubcornwall.de\/blog\/wp-content\/uploads\/2024\/03\/ferienhaus-england-cornwall.jpg\" alt=\"cottage in Staffordshire\" width=\"750\" height=\"643\" class=\"alignnone size-full wp-image-47901\" srcset=\"https:\/\/www.urlaubcornwall.de\/blog\/wp-content\/uploads\/2024\/03\/ferienhaus-england-cornwall.jpg 750w, https:\/\/www.urlaubcornwall.de\/blog\/wp-content\/uploads\/2024\/03\/ferienhaus-england-cornwall-300x257.jpg 300w\" sizes=\"(max-width: 750px) 100vw, 750px\" \/><\/a><\/p>\n<p>Staffordshire; eine Grafschaft mit unber\u00fchrter Landschaft, unterhaltsamen Attraktionen und vielen Outdoor-Abenteuern. Eine fantastische Wahl f\u00fcr einen Kurzurlaub, Sie k\u00f6nnen leicht ein paar Tage damit verbringen, durch zerkl\u00fcftete Moorlandschaften zu wandern und die Sch\u00f6nheit des National Forest und des Peak District zu entdecken.<\/p>\n<p>Entdecken Sie die Geschichte der englischen Keramikindustrie in Stoke on Trent, erkunden Sie die friedlichen G\u00e4rten, Herrenh\u00e4user und bezaubernden Schl\u00f6sser, und f\u00fcr Abenteuerlustige sind Alton Towers und Drayton Manor die perfekten Orte, um einen Tag zu verbringen. Die charmante Stadt Stafford ist ein gro\u00dfartiger Ausgangspunkt f\u00fcr einen Urlaub mit einer gro\u00dfen Auswahl an unabh\u00e4ngigen Gesch\u00e4ften und fantastischen Restaurants.<\/p>\n<p style=\"text-align: center;\"><a class=\"tidycta\" href=\"https:\/\/www.urlaubcornwall.de\/ferienhaeuser-fewos\/eng\/staffordshire\/staffordshire.html\">Suche Ferienh\u00e4user Staffordshire<\/a><\/p>\n","protected":false},"excerpt":{"rendered":"<p>Staffordshire; eine Grafschaft mit unber\u00fchrter Landschaft, unterhaltsamen Attraktionen und vielen Outdoor-Abenteuern. Eine fantastische Wahl f\u00fcr einen Kurzurlaub, Sie k\u00f6nnen leicht ein paar Tage damit verbringen, durch zerkl\u00fcftete Moorlandschaften zu wandern und die Sch\u00f6nheit des National Forest und des Peak District zu entdecken. Entdecken Sie die Geschichte der englischen Keramikindustrie in Stoke on Trent, erkunden Sie [&hellip;]<\/p>\n","protected":false},"author":1,"featured_media":0,"parent":0,"menu_order":0,"comment_status":"closed","ping_status":"closed","template":"single-four.php","meta":[],"acf":[],"yoast_head":"<!-- This site is optimized with the Yoast SEO plugin v19.4 - https:\/\/yoast.com\/wordpress\/plugins\/seo\/ -->\n<title>Urlaub in Staffordshire - Urlaub &amp; Reisen<\/title>\n<meta name=\"description\" content=\"Staffordshire; eine Grafschaft mit unber\u00fchrter Landschaft, unterhaltsamen Attraktionen und vielen Outdoor-Abenteuern\" \/>\n<meta name=\"robots\" content=\"index, follow, max-snippet:-1, max-image-preview:large, max-video-preview:-1\" \/>\n<link rel=\"canonical\" href=\"https:\/\/www.urlaubcornwall.de\/blog\/urlaub-in-staffordshire\/\" \/>\n<meta property=\"og:locale\" content=\"en_US\" \/>\n<meta property=\"og:type\" content=\"article\" \/>\n<meta property=\"og:title\" content=\"Urlaub in Staffordshire - Urlaub &amp; Reisen\" \/>\n<meta property=\"og:description\" content=\"Staffordshire; eine Grafschaft mit unber\u00fchrter Landschaft, unterhaltsamen Attraktionen und vielen Outdoor-Abenteuern\" \/>\n<meta property=\"og:url\" content=\"https:\/\/www.urlaubcornwall.de\/blog\/urlaub-in-staffordshire\/\" \/>\n<meta property=\"og:site_name\" content=\"Urlaub &amp; Reisen\" \/>\n<meta property=\"article:modified_time\" content=\"2024-05-31T09:38:38+00:00\" \/>\n<meta property=\"og:image\" content=\"https:\/\/www.urlaubcornwall.de\/blog\/wp-content\/uploads\/2024\/03\/ferienhaus-england-cornwall.jpg\" \/>\n<meta name=\"twitter:card\" content=\"summary\" \/>\n<meta name=\"twitter:label1\" content=\"Est. reading time\" \/>\n\t<meta name=\"twitter:data1\" content=\"1 minute\" \/>\n<script type=\"application\/ld+json\" class=\"yoast-schema-graph\">{\"@context\":\"https:\/\/schema.org\",\"@graph\":[{\"@type\":\"WebSite\",\"@id\":\"https:\/\/www.urlaubcornwall.de\/blog\/#website\",\"url\":\"https:\/\/www.urlaubcornwall.de\/blog\/\",\"name\":\"Urlaub &amp; Reisen\",\"description\":\"Urlaub, Reisen, Cornwall und S\u00fcdengland: eine perfekte Kombination\",\"potentialAction\":[{\"@type\":\"SearchAction\",\"target\":{\"@type\":\"EntryPoint\",\"urlTemplate\":\"https:\/\/www.urlaubcornwall.de\/blog\/?s={search_term_string}\"},\"query-input\":\"required name=search_term_string\"}],\"inLanguage\":\"en-US\"},{\"@type\":\"WebPage\",\"@id\":\"https:\/\/www.urlaubcornwall.de\/blog\/urlaub-in-staffordshire\/\",\"url\":\"https:\/\/www.urlaubcornwall.de\/blog\/urlaub-in-staffordshire\/\",\"name\":\"Urlaub in Staffordshire - Urlaub &amp; Reisen\",\"isPartOf\":{\"@id\":\"https:\/\/www.urlaubcornwall.de\/blog\/#website\"},\"datePublished\":\"2022-11-18T12:05:43+00:00\",\"dateModified\":\"2024-05-31T09:38:38+00:00\",\"description\":\"Staffordshire; eine Grafschaft mit unber\u00fchrter Landschaft, unterhaltsamen Attraktionen und vielen Outdoor-Abenteuern\",\"breadcrumb\":{\"@id\":\"https:\/\/www.urlaubcornwall.de\/blog\/urlaub-in-staffordshire\/#breadcrumb\"},\"inLanguage\":\"en-US\",\"potentialAction\":[{\"@type\":\"ReadAction\",\"target\":[\"https:\/\/www.urlaubcornwall.de\/blog\/urlaub-in-staffordshire\/\"]}]},{\"@type\":\"BreadcrumbList\",\"@id\":\"https:\/\/www.urlaubcornwall.de\/blog\/urlaub-in-staffordshire\/#breadcrumb\",\"itemListElement\":[{\"@type\":\"ListItem\",\"position\":1,\"name\":\"Home\",\"item\":\"https:\/\/www.urlaubcornwall.de\/blog\/\"},{\"@type\":\"ListItem\",\"position\":2,\"name\":\"Urlaub in Staffordshire\"}]}]}<\/script>\n<!-- \/ Yoast SEO plugin. -->","yoast_head_json":{"title":"Urlaub in Staffordshire - Urlaub &amp; Reisen","description":"Staffordshire; eine Grafschaft mit unber\u00fchrter Landschaft, unterhaltsamen Attraktionen und vielen Outdoor-Abenteuern","robots":{"index":"index","follow":"follow","max-snippet":"max-snippet:-1","max-image-preview":"max-image-preview:large","max-video-preview":"max-video-preview:-1"},"canonical":"https:\/\/www.urlaubcornwall.de\/blog\/urlaub-in-staffordshire\/","og_locale":"en_US","og_type":"article","og_title":"Urlaub in Staffordshire - Urlaub &amp; Reisen","og_description":"Staffordshire; eine Grafschaft mit unber\u00fchrter Landschaft, unterhaltsamen Attraktionen und vielen Outdoor-Abenteuern","og_url":"https:\/\/www.urlaubcornwall.de\/blog\/urlaub-in-staffordshire\/","og_site_name":"Urlaub &amp; Reisen","article_modified_time":"2024-05-31T09:38:38+00:00","og_image":[{"url":"https:\/\/www.urlaubcornwall.de\/blog\/wp-content\/uploads\/2024\/03\/ferienhaus-england-cornwall.jpg"}],"twitter_card":"summary","twitter_misc":{"Est. reading time":"1 minute"},"schema":{"@context":"https:\/\/schema.org","@graph":[{"@type":"WebSite","@id":"https:\/\/www.urlaubcornwall.de\/blog\/#website","url":"https:\/\/www.urlaubcornwall.de\/blog\/","name":"Urlaub &amp; Reisen","description":"Urlaub, Reisen, Cornwall und S\u00fcdengland: eine perfekte Kombination","potentialAction":[{"@type":"SearchAction","target":{"@type":"EntryPoint","urlTemplate":"https:\/\/www.urlaubcornwall.de\/blog\/?s={search_term_string}"},"query-input":"required name=search_term_string"}],"inLanguage":"en-US"},{"@type":"WebPage","@id":"https:\/\/www.urlaubcornwall.de\/blog\/urlaub-in-staffordshire\/","url":"https:\/\/www.urlaubcornwall.de\/blog\/urlaub-in-staffordshire\/","name":"Urlaub in Staffordshire - Urlaub &amp; Reisen","isPartOf":{"@id":"https:\/\/www.urlaubcornwall.de\/blog\/#website"},"datePublished":"2022-11-18T12:05:43+00:00","dateModified":"2024-05-31T09:38:38+00:00","description":"Staffordshire; eine Grafschaft mit unber\u00fchrter Landschaft, unterhaltsamen Attraktionen und vielen Outdoor-Abenteuern","breadcrumb":{"@id":"https:\/\/www.urlaubcornwall.de\/blog\/urlaub-in-staffordshire\/#breadcrumb"},"inLanguage":"en-US","potentialAction":[{"@type":"ReadAction","target":["https:\/\/www.urlaubcornwall.de\/blog\/urlaub-in-staffordshire\/"]}]},{"@type":"BreadcrumbList","@id":"https:\/\/www.urlaubcornwall.de\/blog\/urlaub-in-staffordshire\/#breadcrumb","itemListElement":[{"@type":"ListItem","position":1,"name":"Home","item":"https:\/\/www.urlaubcornwall.de\/blog\/"},{"@type":"ListItem","position":2,"name":"Urlaub in Staffordshire"}]}]}},"_links":{"self":[{"href":"https:\/\/www.urlaubcornwall.de\/blog\/wp-json\/wp\/v2\/pages\/45309"}],"collection":[{"href":"https:\/\/www.urlaubcornwall.de\/blog\/wp-json\/wp\/v2\/pages"}],"about":[{"href":"https:\/\/www.urlaubcornwall.de\/blog\/wp-json\/wp\/v2\/types\/page"}],"author":[{"embeddable":true,"href":"https:\/\/www.urlaubcornwall.de\/blog\/wp-json\/wp\/v2\/users\/1"}],"replies":[{"embeddable":true,"href":"https:\/\/www.urlaubcornwall.de\/blog\/wp-json\/wp\/v2\/comments?post=45309"}],"version-history":[{"count":2,"href":"https:\/\/www.urlaubcornwall.de\/blog\/wp-json\/wp\/v2\/pages\/45309\/revisions"}],"predecessor-version":[{"id":51282,"href":"https:\/\/www.urlaubcornwall.de\/blog\/wp-json\/wp\/v2\/pages\/45309\/revisions\/51282"}],"wp:attachment":[{"href":"https:\/\/www.urlaubcornwall.de\/blog\/wp-json\/wp\/v2\/media?parent=45309"}],"curies":[{"name":"wp","href":"https:\/\/api.w.org\/{rel}","templated":true}]}}