{"id":45304,"date":"2022-11-18T11:32:42","date_gmt":"2022-11-18T11:32:42","guid":{"rendered":"https:\/\/www.urlaubcornwall.de\/blog\/?page_id=45304"},"modified":"2025-10-28T11:43:41","modified_gmt":"2025-10-28T11:43:41","slug":"urlaub-in-den-cotswolds-2023","status":"publish","type":"page","link":"https:\/\/www.urlaubcornwall.de\/blog\/urlaub-in-den-cotswolds-2023\/","title":{"rendered":"Urlaub in den Cotswolds"},"content":{"rendered":"<p><img loading=\"lazy\" class=\"aligncenter size-full wp-image-27292\" src=\"https:\/\/www.urlaubcornwall.de\/blog\/wp-content\/uploads\/2017\/03\/urlaub-cotswolds-bourton-on-the-water.jpg\" alt=\"urlaub cotswolds ferienhaus\" width=\"746\" height=\"382\"\/><\/p>\n<p>Die Cotswolds sind ein magischer Ort f\u00fcr einen <a href=\"https:\/\/www.urlaubcornwall.de\/ferienhaeuser\/cotswolds.php\">Selbstversorgerurlaub in Gro\u00dfbritannien<\/a>, mit ihrer bezaubernden Landschaft und viel zu entdecken, einschlie\u00dflich einiger sehr verlockender Restaurants und wundersch\u00f6ner Weinberge. Die Cotswolds sind perfekt f\u00fcr Postkarten und haben einen gewissen Charme \u2013 bewundern Sie die honigfarbenen H\u00e4user, traditionellen Cottages und h\u00fcbschen D\u00f6rfer&#8230;<\/p>\n<div class=\"snippet\"> <a class=\"featured-item\" href=\"https:\/\/www.urlaubcornwall.de\/ferienhaeuser\/suedengland.php\"> <span class=\"image-holder\" style=\"background-image: url('https:\/\/www.urlaubcornwall.de\/blog\/wp-content\/uploads\/2024\/03\/ferienhaus-england-cornwall.jpg');\"><\/span> <span class=\"featured-content\"> \n<h2 class=\"featured-title\">Ferienh\u00e4user in S\u00fcdengland<\/h2>\n<p class=\"featured-body\">Bei uns finden Sie Ferienh\u00e4user zum Verlieben &#8211; so einfach ist das! Dank seiner langen Geschichte, der reizvollen Landschaften und seinen vielen Attraktionen ist S\u00fcdengland ein wahres Mekka f\u00fcr Urlauber&#8230;..<\/p><\/span> <span class=\"featured-link-holder\"> <span class=\"featured-extra-info\"> \n<p>Pers\u00f6nlich inspizierter Ferienh\u00e4user<\/p>\n<\/span> \n<p class=\"featured-link\">DETAILS<\/p>\n<\/span> <\/a><\/div>\n","protected":false},"excerpt":{"rendered":"<p>Die Cotswolds sind ein magischer Ort f\u00fcr einen Selbstversorgerurlaub in Gro\u00dfbritannien, mit ihrer bezaubernden Landschaft und viel zu entdecken, einschlie\u00dflich einiger sehr verlockender Restaurants und wundersch\u00f6ner Weinberge. Die Cotswolds sind perfekt f\u00fcr Postkarten und haben einen gewissen Charme \u2013 bewundern Sie die honigfarbenen H\u00e4user, traditionellen Cottages und h\u00fcbschen D\u00f6rfer&#8230; Ferienh\u00e4user in S\u00fcdengland Bei uns finden [&hellip;]<\/p>\n","protected":false},"author":1,"featured_media":0,"parent":0,"menu_order":0,"comment_status":"closed","ping_status":"closed","template":"single-four.php","meta":[],"acf":[],"yoast_head":"<!-- This site is optimized with the Yoast SEO plugin v19.4 - https:\/\/yoast.com\/wordpress\/plugins\/seo\/ -->\n<title>Urlaub in den Cotswolds - Urlaub &amp; Reisen<\/title>\n<meta name=\"description\" content=\"Die Cotswolds sind ein magischer Ort f\u00fcr einen Selbstversorgerurlaub in Gro\u00dfbritannien, mit ihrer bezaubernden Landschaft\" \/>\n<meta name=\"robots\" content=\"index, follow, max-snippet:-1, max-image-preview:large, max-video-preview:-1\" \/>\n<link rel=\"canonical\" href=\"https:\/\/www.urlaubcornwall.de\/blog\/urlaub-in-den-cotswolds-2023\/\" \/>\n<meta property=\"og:locale\" content=\"en_US\" \/>\n<meta property=\"og:type\" content=\"article\" \/>\n<meta property=\"og:title\" content=\"Urlaub in den Cotswolds - Urlaub &amp; Reisen\" \/>\n<meta property=\"og:description\" content=\"Die Cotswolds sind ein magischer Ort f\u00fcr einen Selbstversorgerurlaub in Gro\u00dfbritannien, mit ihrer bezaubernden Landschaft\" \/>\n<meta property=\"og:url\" content=\"https:\/\/www.urlaubcornwall.de\/blog\/urlaub-in-den-cotswolds-2023\/\" \/>\n<meta property=\"og:site_name\" content=\"Urlaub &amp; Reisen\" \/>\n<meta property=\"article:modified_time\" content=\"2025-10-28T11:43:41+00:00\" \/>\n<meta property=\"og:image\" content=\"https:\/\/www.urlaubcornwall.de\/blog\/wp-content\/uploads\/2017\/03\/urlaub-cotswolds-bourton-on-the-water.jpg\" \/>\n<meta name=\"twitter:card\" content=\"summary\" \/>\n<meta name=\"twitter:label1\" content=\"Est. reading time\" \/>\n\t<meta name=\"twitter:data1\" content=\"1 minute\" \/>\n<script type=\"application\/ld+json\" class=\"yoast-schema-graph\">{\"@context\":\"https:\/\/schema.org\",\"@graph\":[{\"@type\":\"WebSite\",\"@id\":\"https:\/\/www.urlaubcornwall.de\/blog\/#website\",\"url\":\"https:\/\/www.urlaubcornwall.de\/blog\/\",\"name\":\"Urlaub &amp; Reisen\",\"description\":\"Urlaub, Reisen, Cornwall und S\u00fcdengland: eine perfekte Kombination\",\"potentialAction\":[{\"@type\":\"SearchAction\",\"target\":{\"@type\":\"EntryPoint\",\"urlTemplate\":\"https:\/\/www.urlaubcornwall.de\/blog\/?s={search_term_string}\"},\"query-input\":\"required name=search_term_string\"}],\"inLanguage\":\"en-US\"},{\"@type\":\"WebPage\",\"@id\":\"https:\/\/www.urlaubcornwall.de\/blog\/urlaub-in-den-cotswolds-2023\/\",\"url\":\"https:\/\/www.urlaubcornwall.de\/blog\/urlaub-in-den-cotswolds-2023\/\",\"name\":\"Urlaub in den Cotswolds - Urlaub &amp; Reisen\",\"isPartOf\":{\"@id\":\"https:\/\/www.urlaubcornwall.de\/blog\/#website\"},\"datePublished\":\"2022-11-18T11:32:42+00:00\",\"dateModified\":\"2025-10-28T11:43:41+00:00\",\"description\":\"Die Cotswolds sind ein magischer Ort f\u00fcr einen Selbstversorgerurlaub in Gro\u00dfbritannien, mit ihrer bezaubernden Landschaft\",\"breadcrumb\":{\"@id\":\"https:\/\/www.urlaubcornwall.de\/blog\/urlaub-in-den-cotswolds-2023\/#breadcrumb\"},\"inLanguage\":\"en-US\",\"potentialAction\":[{\"@type\":\"ReadAction\",\"target\":[\"https:\/\/www.urlaubcornwall.de\/blog\/urlaub-in-den-cotswolds-2023\/\"]}]},{\"@type\":\"BreadcrumbList\",\"@id\":\"https:\/\/www.urlaubcornwall.de\/blog\/urlaub-in-den-cotswolds-2023\/#breadcrumb\",\"itemListElement\":[{\"@type\":\"ListItem\",\"position\":1,\"name\":\"Home\",\"item\":\"https:\/\/www.urlaubcornwall.de\/blog\/\"},{\"@type\":\"ListItem\",\"position\":2,\"name\":\"Urlaub in den Cotswolds\"}]}]}<\/script>\n<!-- \/ Yoast SEO plugin. -->","yoast_head_json":{"title":"Urlaub in den Cotswolds - Urlaub &amp; Reisen","description":"Die Cotswolds sind ein magischer Ort f\u00fcr einen Selbstversorgerurlaub in Gro\u00dfbritannien, mit ihrer bezaubernden Landschaft","robots":{"index":"index","follow":"follow","max-snippet":"max-snippet:-1","max-image-preview":"max-image-preview:large","max-video-preview":"max-video-preview:-1"},"canonical":"https:\/\/www.urlaubcornwall.de\/blog\/urlaub-in-den-cotswolds-2023\/","og_locale":"en_US","og_type":"article","og_title":"Urlaub in den Cotswolds - Urlaub &amp; Reisen","og_description":"Die Cotswolds sind ein magischer Ort f\u00fcr einen Selbstversorgerurlaub in Gro\u00dfbritannien, mit ihrer bezaubernden Landschaft","og_url":"https:\/\/www.urlaubcornwall.de\/blog\/urlaub-in-den-cotswolds-2023\/","og_site_name":"Urlaub &amp; Reisen","article_modified_time":"2025-10-28T11:43:41+00:00","og_image":[{"url":"https:\/\/www.urlaubcornwall.de\/blog\/wp-content\/uploads\/2017\/03\/urlaub-cotswolds-bourton-on-the-water.jpg"}],"twitter_card":"summary","twitter_misc":{"Est. reading time":"1 minute"},"schema":{"@context":"https:\/\/schema.org","@graph":[{"@type":"WebSite","@id":"https:\/\/www.urlaubcornwall.de\/blog\/#website","url":"https:\/\/www.urlaubcornwall.de\/blog\/","name":"Urlaub &amp; Reisen","description":"Urlaub, Reisen, Cornwall und S\u00fcdengland: eine perfekte Kombination","potentialAction":[{"@type":"SearchAction","target":{"@type":"EntryPoint","urlTemplate":"https:\/\/www.urlaubcornwall.de\/blog\/?s={search_term_string}"},"query-input":"required name=search_term_string"}],"inLanguage":"en-US"},{"@type":"WebPage","@id":"https:\/\/www.urlaubcornwall.de\/blog\/urlaub-in-den-cotswolds-2023\/","url":"https:\/\/www.urlaubcornwall.de\/blog\/urlaub-in-den-cotswolds-2023\/","name":"Urlaub in den Cotswolds - Urlaub &amp; Reisen","isPartOf":{"@id":"https:\/\/www.urlaubcornwall.de\/blog\/#website"},"datePublished":"2022-11-18T11:32:42+00:00","dateModified":"2025-10-28T11:43:41+00:00","description":"Die Cotswolds sind ein magischer Ort f\u00fcr einen Selbstversorgerurlaub in Gro\u00dfbritannien, mit ihrer bezaubernden Landschaft","breadcrumb":{"@id":"https:\/\/www.urlaubcornwall.de\/blog\/urlaub-in-den-cotswolds-2023\/#breadcrumb"},"inLanguage":"en-US","potentialAction":[{"@type":"ReadAction","target":["https:\/\/www.urlaubcornwall.de\/blog\/urlaub-in-den-cotswolds-2023\/"]}]},{"@type":"BreadcrumbList","@id":"https:\/\/www.urlaubcornwall.de\/blog\/urlaub-in-den-cotswolds-2023\/#breadcrumb","itemListElement":[{"@type":"ListItem","position":1,"name":"Home","item":"https:\/\/www.urlaubcornwall.de\/blog\/"},{"@type":"ListItem","position":2,"name":"Urlaub in den Cotswolds"}]}]}},"_links":{"self":[{"href":"https:\/\/www.urlaubcornwall.de\/blog\/wp-json\/wp\/v2\/pages\/45304"}],"collection":[{"href":"https:\/\/www.urlaubcornwall.de\/blog\/wp-json\/wp\/v2\/pages"}],"about":[{"href":"https:\/\/www.urlaubcornwall.de\/blog\/wp-json\/wp\/v2\/types\/page"}],"author":[{"embeddable":true,"href":"https:\/\/www.urlaubcornwall.de\/blog\/wp-json\/wp\/v2\/users\/1"}],"replies":[{"embeddable":true,"href":"https:\/\/www.urlaubcornwall.de\/blog\/wp-json\/wp\/v2\/comments?post=45304"}],"version-history":[{"count":4,"href":"https:\/\/www.urlaubcornwall.de\/blog\/wp-json\/wp\/v2\/pages\/45304\/revisions"}],"predecessor-version":[{"id":51905,"href":"https:\/\/www.urlaubcornwall.de\/blog\/wp-json\/wp\/v2\/pages\/45304\/revisions\/51905"}],"wp:attachment":[{"href":"https:\/\/www.urlaubcornwall.de\/blog\/wp-json\/wp\/v2\/media?parent=45304"}],"curies":[{"name":"wp","href":"https:\/\/api.w.org\/{rel}","templated":true}]}}