{"id":45300,"date":"2022-11-18T10:59:42","date_gmt":"2022-11-18T10:59:42","guid":{"rendered":"https:\/\/www.urlaubcornwall.de\/blog\/?page_id=45300"},"modified":"2024-05-31T09:39:13","modified_gmt":"2024-05-31T09:39:13","slug":"urlaub-auf-der-isle-of-wight-2023","status":"publish","type":"page","link":"https:\/\/www.urlaubcornwall.de\/blog\/urlaub-auf-der-isle-of-wight-2023\/","title":{"rendered":"Urlaub auf der Isle of Wight"},"content":{"rendered":"<p><a href=\"https:\/\/www.urlaubcornwall.de\/blog\/wp-content\/uploads\/2024\/03\/needles_isles-of-wight.jpg\"><img loading=\"lazy\" src=\"https:\/\/www.urlaubcornwall.de\/blog\/wp-content\/uploads\/2024\/03\/needles_isles-of-wight.jpg\" alt=\"needles_isles of wight\" width=\"750\" height=\"500\" class=\"alignnone size-full wp-image-47925\" srcset=\"https:\/\/www.urlaubcornwall.de\/blog\/wp-content\/uploads\/2024\/03\/needles_isles-of-wight.jpg 750w, https:\/\/www.urlaubcornwall.de\/blog\/wp-content\/uploads\/2024\/03\/needles_isles-of-wight-300x200.jpg 300w\" sizes=\"(max-width: 750px) 100vw, 750px\" \/><\/a><\/p>\n<p>Ein Urlaub auf der Isle of Wight f\u00fchlt sich oft wie ein gro\u00dfes Abenteuer an. Entspannen Sie sich bei einer kurzen F\u00e4hr\u00fcberfahrt und erreichen Sie die Insel in einer Welt voller Natur, wundersch\u00f6ner Landschaften und viel frischer Meeresluft (und frischer Meeresfr\u00fcchte). Entdecken Sie die vielen G\u00e4rten, historischen Geb\u00e4ude, Str\u00e4nde und Spazierwege auf dieser wundersch\u00f6nen Insel. <\/p>\n<p>Ein Urlaub auf der Isle of Wight ist wie kein anderer, und wir haben eine handverlesene Sammlung <a href=\"https:\/\/www.urlaubcornwall.de\/ferienhaeuser-fewos\/eng\/isle-of-wight\/isle-of-wight.html\">wundersch\u00f6ner Ferienh\u00e4user mit Selbstverpflegung<\/a>, die Sie entdecken k\u00f6nnen &#8230;<\/p>\n<div class=\"snippet\"> <a class=\"featured-item\" href=\" https:\/\/www.urlaubcornwall.de\/ferienhaeuser-fewos\/isle-of-wight.html\"> <span class=\"image-holder\" style=\"background-image: url('https:\/\/www.urlaubcornwall.de\/blog\/wp-content\/uploads\/2018\/11\/landhaus-cornwall-1.jpg');\"><\/span> <span class=\"featured-content\"> \n<h2 class=\"featured-title\">Pers\u00f6nlich inspizierte Ferienh\u00e4user auf der Isle of Wight<\/h2>\n<p class=\"featured-body\">UrlaubCornwall empfiehlt Ferienh\u00e4user, die Ihnen die gr\u00f6\u00dfte Auswahl an handverlesenen Unterk\u00fcnften f\u00fcr Selbstverpfleger in dieser wundersch\u00f6nen Region Gro\u00dfbritanniens&#8230;.<\/p>\n<\/span> <span class=\"featured-link-holder\"> <span class=\"featured-extra-info\"> \n<p> F\u00fcr Paare, Familien &#038; Gruppen<\/p>\n<\/span> \n<p class=\"featured-link\">DETAILS<\/p>\n<\/span> <\/a><\/div>\n","protected":false},"excerpt":{"rendered":"<p>Ein Urlaub auf der Isle of Wight f\u00fchlt sich oft wie ein gro\u00dfes Abenteuer an. Entspannen Sie sich bei einer kurzen F\u00e4hr\u00fcberfahrt und erreichen Sie die Insel in einer Welt voller Natur, wundersch\u00f6ner Landschaften und viel frischer Meeresluft (und frischer Meeresfr\u00fcchte). Entdecken Sie die vielen G\u00e4rten, historischen Geb\u00e4ude, Str\u00e4nde und Spazierwege auf dieser wundersch\u00f6nen Insel. [&hellip;]<\/p>\n","protected":false},"author":1,"featured_media":0,"parent":0,"menu_order":0,"comment_status":"closed","ping_status":"closed","template":"single-four.php","meta":[],"acf":[],"yoast_head":"<!-- This site is optimized with the Yoast SEO plugin v19.4 - https:\/\/yoast.com\/wordpress\/plugins\/seo\/ -->\n<title>Urlaub auf der Isle of Wight - Urlaub &amp; Reisen<\/title>\n<meta name=\"description\" content=\"Ein Urlaub auf der Isle of Wight f\u00fchlt sich oft wie ein gro\u00dfes Abenteuer an. Entspannen Sie sich bei einer kurzen F\u00e4hr\u00fcberfahrt\" \/>\n<meta name=\"robots\" content=\"index, follow, max-snippet:-1, max-image-preview:large, max-video-preview:-1\" \/>\n<link rel=\"canonical\" href=\"https:\/\/www.urlaubcornwall.de\/blog\/urlaub-auf-der-isle-of-wight-2023\/\" \/>\n<meta property=\"og:locale\" content=\"en_US\" \/>\n<meta property=\"og:type\" content=\"article\" \/>\n<meta property=\"og:title\" content=\"Urlaub auf der Isle of Wight - Urlaub &amp; Reisen\" \/>\n<meta property=\"og:description\" content=\"Ein Urlaub auf der Isle of Wight f\u00fchlt sich oft wie ein gro\u00dfes Abenteuer an. Entspannen Sie sich bei einer kurzen F\u00e4hr\u00fcberfahrt\" \/>\n<meta property=\"og:url\" content=\"https:\/\/www.urlaubcornwall.de\/blog\/urlaub-auf-der-isle-of-wight-2023\/\" \/>\n<meta property=\"og:site_name\" content=\"Urlaub &amp; Reisen\" \/>\n<meta property=\"article:modified_time\" content=\"2024-05-31T09:39:13+00:00\" \/>\n<meta property=\"og:image\" content=\"https:\/\/www.urlaubcornwall.de\/blog\/wp-content\/uploads\/2024\/03\/needles_isles-of-wight.jpg\" \/>\n<meta name=\"twitter:card\" content=\"summary\" \/>\n<meta name=\"twitter:label1\" content=\"Est. reading time\" \/>\n\t<meta name=\"twitter:data1\" content=\"1 minute\" \/>\n<script type=\"application\/ld+json\" class=\"yoast-schema-graph\">{\"@context\":\"https:\/\/schema.org\",\"@graph\":[{\"@type\":\"WebSite\",\"@id\":\"https:\/\/www.urlaubcornwall.de\/blog\/#website\",\"url\":\"https:\/\/www.urlaubcornwall.de\/blog\/\",\"name\":\"Urlaub &amp; Reisen\",\"description\":\"Urlaub, Reisen, Cornwall und S\u00fcdengland: eine perfekte Kombination\",\"potentialAction\":[{\"@type\":\"SearchAction\",\"target\":{\"@type\":\"EntryPoint\",\"urlTemplate\":\"https:\/\/www.urlaubcornwall.de\/blog\/?s={search_term_string}\"},\"query-input\":\"required name=search_term_string\"}],\"inLanguage\":\"en-US\"},{\"@type\":\"WebPage\",\"@id\":\"https:\/\/www.urlaubcornwall.de\/blog\/urlaub-auf-der-isle-of-wight-2023\/\",\"url\":\"https:\/\/www.urlaubcornwall.de\/blog\/urlaub-auf-der-isle-of-wight-2023\/\",\"name\":\"Urlaub auf der Isle of Wight - Urlaub &amp; Reisen\",\"isPartOf\":{\"@id\":\"https:\/\/www.urlaubcornwall.de\/blog\/#website\"},\"datePublished\":\"2022-11-18T10:59:42+00:00\",\"dateModified\":\"2024-05-31T09:39:13+00:00\",\"description\":\"Ein Urlaub auf der Isle of Wight f\u00fchlt sich oft wie ein gro\u00dfes Abenteuer an. Entspannen Sie sich bei einer kurzen F\u00e4hr\u00fcberfahrt\",\"breadcrumb\":{\"@id\":\"https:\/\/www.urlaubcornwall.de\/blog\/urlaub-auf-der-isle-of-wight-2023\/#breadcrumb\"},\"inLanguage\":\"en-US\",\"potentialAction\":[{\"@type\":\"ReadAction\",\"target\":[\"https:\/\/www.urlaubcornwall.de\/blog\/urlaub-auf-der-isle-of-wight-2023\/\"]}]},{\"@type\":\"BreadcrumbList\",\"@id\":\"https:\/\/www.urlaubcornwall.de\/blog\/urlaub-auf-der-isle-of-wight-2023\/#breadcrumb\",\"itemListElement\":[{\"@type\":\"ListItem\",\"position\":1,\"name\":\"Home\",\"item\":\"https:\/\/www.urlaubcornwall.de\/blog\/\"},{\"@type\":\"ListItem\",\"position\":2,\"name\":\"Urlaub auf der Isle of Wight\"}]}]}<\/script>\n<!-- \/ Yoast SEO plugin. -->","yoast_head_json":{"title":"Urlaub auf der Isle of Wight - Urlaub &amp; Reisen","description":"Ein Urlaub auf der Isle of Wight f\u00fchlt sich oft wie ein gro\u00dfes Abenteuer an. Entspannen Sie sich bei einer kurzen F\u00e4hr\u00fcberfahrt","robots":{"index":"index","follow":"follow","max-snippet":"max-snippet:-1","max-image-preview":"max-image-preview:large","max-video-preview":"max-video-preview:-1"},"canonical":"https:\/\/www.urlaubcornwall.de\/blog\/urlaub-auf-der-isle-of-wight-2023\/","og_locale":"en_US","og_type":"article","og_title":"Urlaub auf der Isle of Wight - Urlaub &amp; Reisen","og_description":"Ein Urlaub auf der Isle of Wight f\u00fchlt sich oft wie ein gro\u00dfes Abenteuer an. Entspannen Sie sich bei einer kurzen F\u00e4hr\u00fcberfahrt","og_url":"https:\/\/www.urlaubcornwall.de\/blog\/urlaub-auf-der-isle-of-wight-2023\/","og_site_name":"Urlaub &amp; Reisen","article_modified_time":"2024-05-31T09:39:13+00:00","og_image":[{"url":"https:\/\/www.urlaubcornwall.de\/blog\/wp-content\/uploads\/2024\/03\/needles_isles-of-wight.jpg"}],"twitter_card":"summary","twitter_misc":{"Est. reading time":"1 minute"},"schema":{"@context":"https:\/\/schema.org","@graph":[{"@type":"WebSite","@id":"https:\/\/www.urlaubcornwall.de\/blog\/#website","url":"https:\/\/www.urlaubcornwall.de\/blog\/","name":"Urlaub &amp; Reisen","description":"Urlaub, Reisen, Cornwall und S\u00fcdengland: eine perfekte Kombination","potentialAction":[{"@type":"SearchAction","target":{"@type":"EntryPoint","urlTemplate":"https:\/\/www.urlaubcornwall.de\/blog\/?s={search_term_string}"},"query-input":"required name=search_term_string"}],"inLanguage":"en-US"},{"@type":"WebPage","@id":"https:\/\/www.urlaubcornwall.de\/blog\/urlaub-auf-der-isle-of-wight-2023\/","url":"https:\/\/www.urlaubcornwall.de\/blog\/urlaub-auf-der-isle-of-wight-2023\/","name":"Urlaub auf der Isle of Wight - Urlaub &amp; Reisen","isPartOf":{"@id":"https:\/\/www.urlaubcornwall.de\/blog\/#website"},"datePublished":"2022-11-18T10:59:42+00:00","dateModified":"2024-05-31T09:39:13+00:00","description":"Ein Urlaub auf der Isle of Wight f\u00fchlt sich oft wie ein gro\u00dfes Abenteuer an. Entspannen Sie sich bei einer kurzen F\u00e4hr\u00fcberfahrt","breadcrumb":{"@id":"https:\/\/www.urlaubcornwall.de\/blog\/urlaub-auf-der-isle-of-wight-2023\/#breadcrumb"},"inLanguage":"en-US","potentialAction":[{"@type":"ReadAction","target":["https:\/\/www.urlaubcornwall.de\/blog\/urlaub-auf-der-isle-of-wight-2023\/"]}]},{"@type":"BreadcrumbList","@id":"https:\/\/www.urlaubcornwall.de\/blog\/urlaub-auf-der-isle-of-wight-2023\/#breadcrumb","itemListElement":[{"@type":"ListItem","position":1,"name":"Home","item":"https:\/\/www.urlaubcornwall.de\/blog\/"},{"@type":"ListItem","position":2,"name":"Urlaub auf der Isle of Wight"}]}]}},"_links":{"self":[{"href":"https:\/\/www.urlaubcornwall.de\/blog\/wp-json\/wp\/v2\/pages\/45300"}],"collection":[{"href":"https:\/\/www.urlaubcornwall.de\/blog\/wp-json\/wp\/v2\/pages"}],"about":[{"href":"https:\/\/www.urlaubcornwall.de\/blog\/wp-json\/wp\/v2\/types\/page"}],"author":[{"embeddable":true,"href":"https:\/\/www.urlaubcornwall.de\/blog\/wp-json\/wp\/v2\/users\/1"}],"replies":[{"embeddable":true,"href":"https:\/\/www.urlaubcornwall.de\/blog\/wp-json\/wp\/v2\/comments?post=45300"}],"version-history":[{"count":4,"href":"https:\/\/www.urlaubcornwall.de\/blog\/wp-json\/wp\/v2\/pages\/45300\/revisions"}],"predecessor-version":[{"id":51283,"href":"https:\/\/www.urlaubcornwall.de\/blog\/wp-json\/wp\/v2\/pages\/45300\/revisions\/51283"}],"wp:attachment":[{"href":"https:\/\/www.urlaubcornwall.de\/blog\/wp-json\/wp\/v2\/media?parent=45300"}],"curies":[{"name":"wp","href":"https:\/\/api.w.org\/{rel}","templated":true}]}}