{"id":45262,"date":"2022-11-02T11:54:19","date_gmt":"2022-11-02T11:54:19","guid":{"rendered":"https:\/\/www.urlaubcornwall.de\/blog\/?page_id=45262"},"modified":"2024-04-02T15:59:58","modified_gmt":"2024-04-02T15:59:58","slug":"urlaubsfuehrer-fuer-den-besuch-des-blenheim-palace","status":"publish","type":"page","link":"https:\/\/www.urlaubcornwall.de\/blog\/urlaubsfuehrer-fuer-den-besuch-des-blenheim-palace\/","title":{"rendered":"Ein Reisef\u00fchrer f\u00fcr den Besuch des Blenheim Palace"},"content":{"rendered":"<p><img loading=\"lazy\" class=\"aligncenter size-full wp-image-47791\" src=\"https:\/\/www.urlaubcornwall.de\/blog\/wp-content\/uploads\/2024\/03\/blenheim-palace.jpg\" alt=\"blenheim palace\" width=\"750\" height=\"563\" srcset=\"https:\/\/www.urlaubcornwall.de\/blog\/wp-content\/uploads\/2024\/03\/blenheim-palace.jpg 750w, https:\/\/www.urlaubcornwall.de\/blog\/wp-content\/uploads\/2024\/03\/blenheim-palace-300x225.jpg 300w\" sizes=\"(max-width: 750px) 100vw, 750px\" \/><\/p>\n<p>Wenn Sie normalerweise an die Cotswolds denken, denken Sie an <a href=\"https:\/\/www.urlaubcornwall.de\/blog\/die-schoensten-orte-in-den-cotswolds\/\">h\u00fcbsche St\u00e4dte und malerische D\u00f6rfer<\/a>, aber in einem der ber\u00fchmtesten Geb\u00e4ude des Landes wartet etwas Beeindruckenderes.<\/p>\n<p>Blenheim Palace in den <a href=\"https:\/\/www.urlaubcornwall.de\/ferienhaeuser\/cotswolds.php\">Cotswolds<\/a> ist auf jeden Fall einen Besuch wert, egal ob Sie sich f\u00fcr Geschichte, Architektur oder Filme interessieren \u2013 es war schon in vielen Filmen zu sehen!<\/p>\n<p>Blenheim Palace bietet alle Ihre Lieblingsaktivit\u00e4ten, von herrlichen Spazierg\u00e4ngen auf dem Gel\u00e4nde und Ausstellungen im Palast bis hin zu gem\u00fctlichen Kaffees und Mittagessen in einem der f\u00fcnf Restaurants rund um den Palast.<\/p>\n<p>Dieser Reisef\u00fchrer zum Blenheim Palace soll Ihnen dabei helfen, das Beste aus Ihrem Besuch zu machen.<\/p>\n<p><strong>Geschichte des Blenheim Palace <\/strong><\/p>\n<p><img loading=\"lazy\" class=\"aligncenter size-full wp-image-45264\" src=\"https:\/\/www.urlaubcornwall.de\/blog\/wp-content\/uploads\/2022\/11\/Blenheim-palast.jpg\" alt=\"Blenheim palast garten\" width=\"750\" height=\"501\" srcset=\"https:\/\/www.urlaubcornwall.de\/blog\/wp-content\/uploads\/2022\/11\/Blenheim-palast.jpg 750w, https:\/\/www.urlaubcornwall.de\/blog\/wp-content\/uploads\/2022\/11\/Blenheim-palast-300x200.jpg 300w\" sizes=\"(max-width: 750px) 100vw, 750px\" \/><\/p>\n<p>Mit einer reichen Geschichte und immer noch ein Familienhaus, Mausoleum, Nationaldenkmal und UNESCO-Weltkulturerbe, ist Blenheim Palace in der Tat ein sehr interessanter Ort und verdient definitiv seinen Platz auf unserer Liste der besten Sehensw\u00fcrdigkeiten in den Cotswolds.<\/p>\n<p>Der Palast, in dem derzeit der 12. Herzog von Marlborough und seine Familie leben, wurde tats\u00e4chlich gebaut und John Churchill, dem 1. Herzog von Marlborough, als Geschenk von Queen Anne f\u00fcr seinen Sieg in der Schlacht von Blenheim \u00fcbergeben. Seitdem ist Blenheim Palace das Zuhause von Generationen der Familie und sogar der Geburtsort von Sir Winston Churchill im Jahr 1874.<\/p>\n<p>Die Entscheidung, Blenheim Palace von Sir John Vanbrugh zu entwerfen, f\u00fchrte zu dem extravaganten europ\u00e4ischen Barockstil, den wir heute sehen, obwohl er als zu grandios und extravagant galt.<\/p>\n<p><img loading=\"lazy\" class=\"aligncenter size-full wp-image-45265\" src=\"https:\/\/www.urlaubcornwall.de\/blog\/wp-content\/uploads\/2022\/11\/Picture2.jpg\" alt=\"blenheim palace dekorative decke\" width=\"750\" height=\"501\" srcset=\"https:\/\/www.urlaubcornwall.de\/blog\/wp-content\/uploads\/2022\/11\/Picture2.jpg 750w, https:\/\/www.urlaubcornwall.de\/blog\/wp-content\/uploads\/2022\/11\/Picture2-300x200.jpg 300w\" sizes=\"(max-width: 750px) 100vw, 750px\" \/><\/p>\n<p>Es ist das einzige Geb\u00e4ude au\u00dferhalb der k\u00f6niglichen Geb\u00e4ude, das den Titel \u201ePalast\u201c tr\u00e4gt, was es zu einem wirklich einzigartigen Besuch macht. Das \u00fcber 800 Hektar gro\u00dfe Gel\u00e4nde rund um Blenheim Palace ist ein Muss. W\u00e4hrend die urspr\u00fcngliche Landschaft vom Architekten entworfen wurde, wurde sie sp\u00e4ter von Lancelot \u201eCapability\u201c Brown modifiziert, der die beiden Seen schuf; eine Leistung, die allgemein als eines der gr\u00f6\u00dften Beispiele f\u00fcr naturalistische Landschaftsgestaltung bis heute gilt.<\/p>\n<p><strong>Dinge die zu tun sind<\/strong><\/p>\n<p>Sie k\u00f6nnen einfach in der Parklandschaft spazieren gehen, aber im Blenheim Palace gibt es viele interessante Dinge zu tun, zu sehen und zu lernen.<\/p>\n<p><strong>F\u00fchrungen und Ausstellungen<\/strong><\/p>\n<p><img loading=\"lazy\" class=\"aligncenter size-full wp-image-45266\" src=\"https:\/\/www.urlaubcornwall.de\/blog\/wp-content\/uploads\/2022\/11\/Picture3.jpg\" alt=\"F\u00fchrungen und Ausstellungen blenheim palast\" width=\"750\" height=\"501\" srcset=\"https:\/\/www.urlaubcornwall.de\/blog\/wp-content\/uploads\/2022\/11\/Picture3.jpg 750w, https:\/\/www.urlaubcornwall.de\/blog\/wp-content\/uploads\/2022\/11\/Picture3-300x200.jpg 300w\" sizes=\"(max-width: 750px) 100vw, 750px\" \/><\/p>\n<p>Obwohl der Palast auch ein Zuhause ist, k\u00f6nnen Sie dank F\u00fchrungen, Ausstellungen und einigen unglaublichen R\u00e4umen, die f\u00fcr die \u00d6ffentlichkeit zug\u00e4nglich sind, einige der Bereiche betreten und umrunden.<\/p>\n<p>Erfahren Sie in der Churchill-Ausstellung mehr \u00fcber die Geburt, das Leben und den Tod von Sir Winston Churchill, sehen Sie sich die beeindruckende Erfahrung im historischen Stallgeb\u00e4ude an und reisen Sie in der Zeit zur\u00fcck, um die Geschichte des Milit\u00e4rs in der Umgebung im Soldiers of Oxfordshire Museum zu sehen direkt vor den Woodstock Gates.<\/p>\n<p>In den Prunkr\u00e4umen des Palastes k\u00f6nnen Sie die un\u00fcbersehbare Vielfalt an Kunstwerken erleben, von Gem\u00e4lden, die die W\u00e4nde bis zu den Decken \u00fcber Ihnen schm\u00fccken.<\/p>\n<p>Es werden oft F\u00fchrungen durch einige der wichtigeren R\u00e4ume des Palastes angeboten, wie das Geburtszimmer von Sir Winston Churchill, das viele Gem\u00e4lde des ehemaligen Premierministers sowie das neu eingef\u00fchrte Gem\u00e4lde von Churchill selbst mit dem Titel \u201eDas Atlasgebirge von Marrakesch\u201c zeigt.<\/p>\n<p>Sie k\u00f6nnen auch den weiteren Palast mit F\u00fchrungen durch die oberen und unteren Bereiche erkunden. Oben k\u00f6nnen Sie sehen, wie das Leben eines Herzogs vom 18. bis zum 21. Jahrhundert ist. Sie werden auch die faszinierende Welt der G\u00e4ste im Palast entdecken, von den geheimen Korridoren, die sie benutzten, bis hin zu ber\u00fchmten G\u00e4sten wie Charlie Chaplin und Sylvester Stallone. Erfahren Sie im Erdgeschoss mehr \u00fcber das Leben der Palastmitarbeiter.<\/p>\n<p><strong>Blenheim \u2013 Drehort und Fernsehshows<\/strong><\/p>\n<p><img loading=\"lazy\" class=\"aligncenter size-full wp-image-45267\" src=\"https:\/\/www.urlaubcornwall.de\/blog\/wp-content\/uploads\/2022\/11\/Picture4.jpg\" alt=\"Blenheim \u2013 Drehort und Fernsehshows\" width=\"750\" height=\"501\" srcset=\"https:\/\/www.urlaubcornwall.de\/blog\/wp-content\/uploads\/2022\/11\/Picture4.jpg 750w, https:\/\/www.urlaubcornwall.de\/blog\/wp-content\/uploads\/2022\/11\/Picture4-300x200.jpg 300w\" sizes=\"(max-width: 750px) 100vw, 750px\" \/><\/p>\n<p>Blenheim Palace wurde in vielen Filmen und Fernsehshows gezeigt. Zu den bemerkenswertesten geh\u00f6ren Mission: Impossible \u2013 Rogue Nation, Spectre, The Avengers und Harry Potter and the Order of the Phoenix \u2013 was dies zu einem gro\u00dfartigen Zwischenstopp macht, egal ob Sie ein Fan von James Bond, Marvel oder Harry Potter sind. Obwohl Blenheim Palace nicht in Downton Abbey zu sehen war, h\u00e4tte er es mit seiner beeindruckenden Statur leicht haben k\u00f6nnen.<\/p>\n<p>Nehmen Sie an der Tour teil und wandeln Sie in den Fu\u00dfstapfen dieser Stars, w\u00e4hrend Sie die Innen- und Au\u00dfendrehorte erkunden.<\/p>\n<p><strong>Marlborough-Labyrinth<\/strong><\/p>\n<p><img loading=\"lazy\" class=\"aligncenter size-full wp-image-45268\" src=\"https:\/\/www.urlaubcornwall.de\/blog\/wp-content\/uploads\/2022\/11\/Picture5.jpg\" alt=\"Marlborough-Labyrinth\" width=\"750\" height=\"501\" srcset=\"https:\/\/www.urlaubcornwall.de\/blog\/wp-content\/uploads\/2022\/11\/Picture5.jpg 750w, https:\/\/www.urlaubcornwall.de\/blog\/wp-content\/uploads\/2022\/11\/Picture5-300x200.jpg 300w\" sizes=\"(max-width: 750px) 100vw, 750px\" \/><\/p>\n<p>Kinder lieben ein gutes Labyrinth und dieses wundersch\u00f6n gestaltete Puzzle steht ganz oben auf unserer Blenheim-Liste der Aktivit\u00e4ten. Mit einer L\u00e4nge von 3 km bietet dieses Labyrinth stundenlange Unterhaltung. In der Mitte werden Sie mit einem Blenheim-Topiary-Display belohnt, w\u00e4hrend Sie sich gleich au\u00dferhalb des Labyrinths mit einer frischen Pizza und einem Kaffee im Walled Garden Pizza Caf\u00e9 niederlassen k\u00f6nnen.<\/p>\n<p><strong>Essen und Trinken<\/strong><\/p>\n<p>Es stehen f\u00fcnf Optionen zur Auswahl, die \u00fcber den Palast und das Gel\u00e4nde verteilt sind.<\/p>\n<p><strong>Die Speisekammer von Oxfordshire<\/strong><\/p>\n<p>Sie finden frische Sandwiches und Salate sowie eine Vielzahl hausgemachter Kuchen, darunter den speziell kreierten Blenheim Rascal, der wie zwischen einem Obst-Scone und einem Felsenkuchen ist.<\/p>\n<p><strong>Restaurant Orangerie<\/strong><\/p>\n<p><img loading=\"lazy\" class=\"aligncenter size-full wp-image-45269\" src=\"https:\/\/www.urlaubcornwall.de\/blog\/wp-content\/uploads\/2022\/11\/Picture6.jpg\" alt=\"Restaurant Orangerie\" width=\"750\" height=\"501\" srcset=\"https:\/\/www.urlaubcornwall.de\/blog\/wp-content\/uploads\/2022\/11\/Picture6.jpg 750w, https:\/\/www.urlaubcornwall.de\/blog\/wp-content\/uploads\/2022\/11\/Picture6-300x200.jpg 300w\" sizes=\"(max-width: 750px) 100vw, 750px\" \/><\/p>\n<p>Mit der sch\u00f6nen Decke im Gew\u00e4chshausstil und den gro\u00dfen Fenstern ist es ein gro\u00dfer Genuss, sich zu einem Nachmittagstee in The Orangery hinzusetzen. Es bietet ein traditionelles englisches Nachmittagstee-Men\u00fc. Oder probieren Sie den Churchill Afternoon Tea mit Favoriten von Churchills pers\u00f6nlicher K\u00f6chin Mrs Landemare.<\/p>\n<p><strong>Das Walled Garden Pizza Caf\u00e9 <\/strong><\/p>\n<p>Tolle Pizza mit all den klassischen Bel\u00e4gen gibt es wie American Hot plus einige Erg\u00e4nzungen aus dem Garten selbst? Auf der sch\u00f6nen Sonnenterrasse k\u00f6nnen Sie im Freien essen!<\/p>\n<p><strong>Das Stallcaf\u00e9<\/strong><\/p>\n<p><img loading=\"lazy\" class=\"aligncenter size-full wp-image-452670\" src=\"https:\/\/www.urlaubcornwall.de\/blog\/wp-content\/uploads\/2022\/11\/Picture7.jpg\" alt=\"Das Stallcaf\u00e9\" width=\"750\" height=\"501\"\/><\/p>\n<p>Das Stables Caf\u00e9 ist ein wunderbar atmosph\u00e4rischer Ort, um Fr\u00fchst\u00fcck oder Mittagessen zu genie\u00dfen. Am Morgen k\u00f6nnen Sie Ihren Besuch mit einem k\u00f6stlichen Fr\u00fchst\u00fccksbr\u00f6tchen beginnen, zu Mittag essen oder sich einen hervorragenden Nachmittagstee mit k\u00f6stlichen Sandwiches und Buttermilch-Scones g\u00f6nnen.<br \/>\n<strong><br \/>\nChurchill-Kabine<\/strong><\/p>\n<p>Ben\u00f6tigen Sie einen schnellen Muntermacher, w\u00e4hrend Sie das Gel\u00e4nde erkunden? Stillen Sie Ihren Durst ganz einfach in der Churchill Cabin mit einer hei\u00dfen Tasse Tee und einem St\u00fcck Winston Churchills Lieblingsfruchtkuchen, w\u00e4hrend Sie im Schatten sitzen und auf die h\u00fcbschen Wasserterrassen blicken.<\/p>\n<p><strong>Spazierg\u00e4nge rund um Blenheim<\/strong><\/p>\n<p>Das unglaubliche Gel\u00e4nde, das den Palast umgibt, ist die perfekte Kulisse f\u00fcr einen, von den sorgf\u00e4ltig kuratierten formalen G\u00e4rten bis zur Route rund um den Parameter des Parks.<\/p>\n<p><strong>Die formalen G\u00e4rten und der See<\/strong><\/p>\n<p>Jahrhunderte alt und immer noch so beeindruckend wie eh und je, sind die formellen G\u00e4rten des Blenheim Palace der perfekte Ort, um Ihre malerische Tour zu beginnen. Ein 2,5 km langer Spaziergang f\u00fchrt Sie um majest\u00e4tische Wasserterrassen, den privaten italienischen Garten des Herzogs, den ruhigen geheimen Garten voller verborgener Sch\u00e4tze, den Churchill Memorial Garden und den wundersch\u00f6nen Rosengarten herum.<\/p>\n<p>Ein barrierefreier Weg f\u00fchrt vom Westhof hinunter zu den formellen G\u00e4rten, sodass jeder den k\u00f6niglichen Garten genie\u00dfen kann.<\/p>\n<p>Nach Ihrer Tour durch die formalen G\u00e4rten k\u00f6nnen Sie Ihren Spaziergang um weitere 1 km verl\u00e4ngern, indem Sie hinunter zum Gro\u00dfen See gehen. Diese Route f\u00fchrt Sie an der Grand Cascade und dem Pumpenhaus sowie dem Bootshaus (das saisonal ge\u00f6ffnet ist) vorbei.<\/p>\n<p><strong>Der Queen-Pool<\/strong><\/p>\n<p><img loading=\"lazy\" class=\"aligncenter size-full wp-image-47791\" src=\"https:\/\/www.urlaubcornwall.de\/blog\/wp-content\/uploads\/2024\/03\/blenheim-palace.jpg\" alt=\"blenheim palace\" width=\"750\" height=\"563\" srcset=\"https:\/\/www.urlaubcornwall.de\/blog\/wp-content\/uploads\/2024\/03\/blenheim-palace.jpg 750w, https:\/\/www.urlaubcornwall.de\/blog\/wp-content\/uploads\/2024\/03\/blenheim-palace-300x225.jpg 300w\" sizes=\"(max-width: 750px) 100vw, 750px\" \/><\/p>\n<p>Dieser sch\u00f6ne 2,5 km lange Rundweg f\u00fchrt Sie um die friedlichen Ufer des Sees Queen Pool herum und \u00fcber die Br\u00fccke aus dem 18. Jahrhundert, von der aus Sie den Blick zur\u00fcck auf den Palast genie\u00dfen k\u00f6nnen. Beobachten Sie die Enten und Schw\u00e4ne, die im Wasser schwimmen.<\/p>\n<p><strong>Die Parkumrandung<\/strong><\/p>\n<p>Folgen Sie f\u00fcr einen zweist\u00fcndigen Spaziergang dem 7 km langen Umkreis von Blenheim Palace und seinem Gel\u00e4nde. Wenn Sie durch die Landschaft und die von B\u00e4umen ges\u00e4umten Pfade schlendern, werden Sie auf einige steilere Abschnitte sto\u00dfen. Sie werden jedoch einige atemberaubende Ausblicke \u00fcber das Schlossgel\u00e4nde mit weidenden Tieren und m\u00f6glicherweise Fasanen genie\u00dfen.<\/p>\n<p><strong>Veranstaltungen<\/strong><\/p>\n<p><img loading=\"lazy\" class=\"aligncenter size-full wp-image-452672\" src=\"https:\/\/www.urlaubcornwall.de\/blog\/wp-content\/uploads\/2022\/11\/Picture9.jpg\" alt=\"Veranstaltungen Blenheim\" width=\"750\" height=\"501\"\/><\/p>\n<p>Blenheim Palace ist nicht nur ein Ort der Majest\u00e4t und Geschichte. Ein voller Veranstaltungskalender bedeutet, dass immer etwas los ist, von Ritterturnieren und Volksl\u00e4ufen bis hin zu Butler-Training und Food-Festivals. Wenn Sie zu Weihnachten zu Besuch kommen, erwartet Sie ein ganz besonderes Erlebnis, da der Palast unglaubliche n\u00e4chtliche Vorf\u00fchrungen bietet, einschlie\u00dflich seines leuchtenden Pfades durch die G\u00e4rten sowie des magischen K\u00f6nigreichs der Schneek\u00f6nigin und des Blenheim Palace Weihnachtsmarktes. Sehen Sie sich hier auf der Veranstaltungsseite an, was f\u00fcr Ihren Besuch ansteht.<\/p>\n<p>Beginnen Sie hier mit der Planung Ihres Besuchs im Blenheim Palace und finden Sie Ihr <a href=\"https:\/\/www.urlaubcornwall.de\/ferienhaeuser\/cotswolds.php\">perfektes Ferienhaus in den Cotswolds<\/a>, um Ihren Besuch noch unvergesslicher zu machen.<\/p>\n","protected":false},"excerpt":{"rendered":"<p>Wenn Sie normalerweise an die Cotswolds denken, denken Sie an h\u00fcbsche St\u00e4dte und malerische D\u00f6rfer, aber in einem der ber\u00fchmtesten Geb\u00e4ude des Landes wartet etwas Beeindruckenderes. Blenheim Palace in den Cotswolds ist auf jeden Fall einen Besuch wert, egal ob Sie sich f\u00fcr Geschichte, Architektur oder Filme interessieren \u2013 es war schon in vielen Filmen [&hellip;]<\/p>\n","protected":false},"author":1,"featured_media":0,"parent":0,"menu_order":0,"comment_status":"closed","ping_status":"closed","template":"single-four.php","meta":[],"acf":[],"yoast_head":"<!-- This site is optimized with the Yoast SEO plugin v19.4 - https:\/\/yoast.com\/wordpress\/plugins\/seo\/ -->\n<title>Ein Reisef\u00fchrer f\u00fcr den Besuch des Blenheim Palace - Urlaub &amp; Reisen<\/title>\n<meta name=\"robots\" content=\"index, follow, max-snippet:-1, max-image-preview:large, max-video-preview:-1\" \/>\n<link rel=\"canonical\" href=\"https:\/\/www.urlaubcornwall.de\/blog\/urlaubsfuehrer-fuer-den-besuch-des-blenheim-palace\/\" \/>\n<meta property=\"og:locale\" content=\"en_US\" \/>\n<meta property=\"og:type\" content=\"article\" \/>\n<meta property=\"og:title\" content=\"Ein Reisef\u00fchrer f\u00fcr den Besuch des Blenheim Palace - Urlaub &amp; Reisen\" \/>\n<meta property=\"og:description\" content=\"Wenn Sie normalerweise an die Cotswolds denken, denken Sie an h\u00fcbsche St\u00e4dte und malerische D\u00f6rfer, aber in einem der ber\u00fchmtesten Geb\u00e4ude des Landes wartet etwas Beeindruckenderes. Blenheim Palace in den Cotswolds ist auf jeden Fall einen Besuch wert, egal ob Sie sich f\u00fcr Geschichte, Architektur oder Filme interessieren \u2013 es war schon in vielen Filmen [&hellip;]\" \/>\n<meta property=\"og:url\" content=\"https:\/\/www.urlaubcornwall.de\/blog\/urlaubsfuehrer-fuer-den-besuch-des-blenheim-palace\/\" \/>\n<meta property=\"og:site_name\" content=\"Urlaub &amp; Reisen\" \/>\n<meta property=\"article:modified_time\" content=\"2024-04-02T15:59:58+00:00\" \/>\n<meta property=\"og:image\" content=\"https:\/\/www.urlaubcornwall.de\/blog\/wp-content\/uploads\/2024\/03\/blenheim-palace.jpg\" \/>\n<meta name=\"twitter:card\" content=\"summary\" \/>\n<meta name=\"twitter:label1\" content=\"Est. reading time\" \/>\n\t<meta name=\"twitter:data1\" content=\"8 minutes\" \/>\n<script type=\"application\/ld+json\" class=\"yoast-schema-graph\">{\"@context\":\"https:\/\/schema.org\",\"@graph\":[{\"@type\":\"WebSite\",\"@id\":\"https:\/\/www.urlaubcornwall.de\/blog\/#website\",\"url\":\"https:\/\/www.urlaubcornwall.de\/blog\/\",\"name\":\"Urlaub &amp; Reisen\",\"description\":\"Urlaub, Reisen, Cornwall und S\u00fcdengland: eine perfekte Kombination\",\"potentialAction\":[{\"@type\":\"SearchAction\",\"target\":{\"@type\":\"EntryPoint\",\"urlTemplate\":\"https:\/\/www.urlaubcornwall.de\/blog\/?s={search_term_string}\"},\"query-input\":\"required name=search_term_string\"}],\"inLanguage\":\"en-US\"},{\"@type\":\"WebPage\",\"@id\":\"https:\/\/www.urlaubcornwall.de\/blog\/urlaubsfuehrer-fuer-den-besuch-des-blenheim-palace\/\",\"url\":\"https:\/\/www.urlaubcornwall.de\/blog\/urlaubsfuehrer-fuer-den-besuch-des-blenheim-palace\/\",\"name\":\"Ein Reisef\u00fchrer f\u00fcr den Besuch des Blenheim Palace - Urlaub &amp; Reisen\",\"isPartOf\":{\"@id\":\"https:\/\/www.urlaubcornwall.de\/blog\/#website\"},\"datePublished\":\"2022-11-02T11:54:19+00:00\",\"dateModified\":\"2024-04-02T15:59:58+00:00\",\"breadcrumb\":{\"@id\":\"https:\/\/www.urlaubcornwall.de\/blog\/urlaubsfuehrer-fuer-den-besuch-des-blenheim-palace\/#breadcrumb\"},\"inLanguage\":\"en-US\",\"potentialAction\":[{\"@type\":\"ReadAction\",\"target\":[\"https:\/\/www.urlaubcornwall.de\/blog\/urlaubsfuehrer-fuer-den-besuch-des-blenheim-palace\/\"]}]},{\"@type\":\"BreadcrumbList\",\"@id\":\"https:\/\/www.urlaubcornwall.de\/blog\/urlaubsfuehrer-fuer-den-besuch-des-blenheim-palace\/#breadcrumb\",\"itemListElement\":[{\"@type\":\"ListItem\",\"position\":1,\"name\":\"Home\",\"item\":\"https:\/\/www.urlaubcornwall.de\/blog\/\"},{\"@type\":\"ListItem\",\"position\":2,\"name\":\"Ein Reisef\u00fchrer f\u00fcr den Besuch des Blenheim Palace\"}]}]}<\/script>\n<!-- \/ Yoast SEO plugin. -->","yoast_head_json":{"title":"Ein Reisef\u00fchrer f\u00fcr den Besuch des Blenheim Palace - Urlaub &amp; Reisen","robots":{"index":"index","follow":"follow","max-snippet":"max-snippet:-1","max-image-preview":"max-image-preview:large","max-video-preview":"max-video-preview:-1"},"canonical":"https:\/\/www.urlaubcornwall.de\/blog\/urlaubsfuehrer-fuer-den-besuch-des-blenheim-palace\/","og_locale":"en_US","og_type":"article","og_title":"Ein Reisef\u00fchrer f\u00fcr den Besuch des Blenheim Palace - Urlaub &amp; Reisen","og_description":"Wenn Sie normalerweise an die Cotswolds denken, denken Sie an h\u00fcbsche St\u00e4dte und malerische D\u00f6rfer, aber in einem der ber\u00fchmtesten Geb\u00e4ude des Landes wartet etwas Beeindruckenderes. Blenheim Palace in den Cotswolds ist auf jeden Fall einen Besuch wert, egal ob Sie sich f\u00fcr Geschichte, Architektur oder Filme interessieren \u2013 es war schon in vielen Filmen [&hellip;]","og_url":"https:\/\/www.urlaubcornwall.de\/blog\/urlaubsfuehrer-fuer-den-besuch-des-blenheim-palace\/","og_site_name":"Urlaub &amp; Reisen","article_modified_time":"2024-04-02T15:59:58+00:00","og_image":[{"url":"https:\/\/www.urlaubcornwall.de\/blog\/wp-content\/uploads\/2024\/03\/blenheim-palace.jpg"}],"twitter_card":"summary","twitter_misc":{"Est. reading time":"8 minutes"},"schema":{"@context":"https:\/\/schema.org","@graph":[{"@type":"WebSite","@id":"https:\/\/www.urlaubcornwall.de\/blog\/#website","url":"https:\/\/www.urlaubcornwall.de\/blog\/","name":"Urlaub &amp; Reisen","description":"Urlaub, Reisen, Cornwall und S\u00fcdengland: eine perfekte Kombination","potentialAction":[{"@type":"SearchAction","target":{"@type":"EntryPoint","urlTemplate":"https:\/\/www.urlaubcornwall.de\/blog\/?s={search_term_string}"},"query-input":"required name=search_term_string"}],"inLanguage":"en-US"},{"@type":"WebPage","@id":"https:\/\/www.urlaubcornwall.de\/blog\/urlaubsfuehrer-fuer-den-besuch-des-blenheim-palace\/","url":"https:\/\/www.urlaubcornwall.de\/blog\/urlaubsfuehrer-fuer-den-besuch-des-blenheim-palace\/","name":"Ein Reisef\u00fchrer f\u00fcr den Besuch des Blenheim Palace - Urlaub &amp; Reisen","isPartOf":{"@id":"https:\/\/www.urlaubcornwall.de\/blog\/#website"},"datePublished":"2022-11-02T11:54:19+00:00","dateModified":"2024-04-02T15:59:58+00:00","breadcrumb":{"@id":"https:\/\/www.urlaubcornwall.de\/blog\/urlaubsfuehrer-fuer-den-besuch-des-blenheim-palace\/#breadcrumb"},"inLanguage":"en-US","potentialAction":[{"@type":"ReadAction","target":["https:\/\/www.urlaubcornwall.de\/blog\/urlaubsfuehrer-fuer-den-besuch-des-blenheim-palace\/"]}]},{"@type":"BreadcrumbList","@id":"https:\/\/www.urlaubcornwall.de\/blog\/urlaubsfuehrer-fuer-den-besuch-des-blenheim-palace\/#breadcrumb","itemListElement":[{"@type":"ListItem","position":1,"name":"Home","item":"https:\/\/www.urlaubcornwall.de\/blog\/"},{"@type":"ListItem","position":2,"name":"Ein Reisef\u00fchrer f\u00fcr den Besuch des Blenheim Palace"}]}]}},"_links":{"self":[{"href":"https:\/\/www.urlaubcornwall.de\/blog\/wp-json\/wp\/v2\/pages\/45262"}],"collection":[{"href":"https:\/\/www.urlaubcornwall.de\/blog\/wp-json\/wp\/v2\/pages"}],"about":[{"href":"https:\/\/www.urlaubcornwall.de\/blog\/wp-json\/wp\/v2\/types\/page"}],"author":[{"embeddable":true,"href":"https:\/\/www.urlaubcornwall.de\/blog\/wp-json\/wp\/v2\/users\/1"}],"replies":[{"embeddable":true,"href":"https:\/\/www.urlaubcornwall.de\/blog\/wp-json\/wp\/v2\/comments?post=45262"}],"version-history":[{"count":6,"href":"https:\/\/www.urlaubcornwall.de\/blog\/wp-json\/wp\/v2\/pages\/45262\/revisions"}],"predecessor-version":[{"id":48629,"href":"https:\/\/www.urlaubcornwall.de\/blog\/wp-json\/wp\/v2\/pages\/45262\/revisions\/48629"}],"wp:attachment":[{"href":"https:\/\/www.urlaubcornwall.de\/blog\/wp-json\/wp\/v2\/media?parent=45262"}],"curies":[{"name":"wp","href":"https:\/\/api.w.org\/{rel}","templated":true}]}}