{"id":45256,"date":"2022-11-01T09:51:20","date_gmt":"2022-11-01T09:51:20","guid":{"rendered":"https:\/\/www.urlaubcornwall.de\/blog\/?page_id=45256"},"modified":"2024-05-31T12:10:47","modified_gmt":"2024-05-31T12:10:47","slug":"gaerten-in-sussex","status":"publish","type":"page","link":"https:\/\/www.urlaubcornwall.de\/blog\/gaerten-in-sussex\/","title":{"rendered":"Sch\u00f6ne G\u00e4rten in Sussex"},"content":{"rendered":"<p>Ges\u00e4umt von Str\u00e4nden und einer <a href=\"https:\/\/www.urlaubcornwall.de\/ferienhaeuser-fewos\/eng\/sussex\/sussex.html\">der sonnigsten Grafschaften Englands ist Sussex<\/a> ein herrlicher Ort f\u00fcr einen Besuch. Dieses gem\u00e4\u00dfigte Klima hat daf\u00fcr gesorgt, dass die G\u00e4rten in Sussex die allerbesten Bedingungen zum Wachsen, Bl\u00fchen und Bl\u00fchen haben, und bietet einige wirklich spektakul\u00e4re Orte f\u00fcr einen Sonntagsspaziergang oder ein Wochenendpicknick \u2026 und m\u00f6glicherweise einen Cream Tea.<\/p>\n<p>Wenn Sie sich auf eine Gartenbautour durch Sussex begeben, werden Sie einige wundersch\u00f6ne <a href=\"https:\/\/www.urlaubcornwall.de\/blog\/national-trust-historische-haeuser-suedengland\/\">National Trust<\/a>-G\u00e4rten, Schl\u00f6sser mit alten Formgeh\u00f6lzen und sogar einen Waldspaziergang entdecken, der endlose M\u00f6glichkeiten f\u00fcr tagelange Erkundungen bietet. Hier sind also einige der besten G\u00e4rten, die man in Sussex besuchen kann\u2026<\/p>\n<p><strong>Schloss Arundel<\/strong><\/p>\n<p><img loading=\"lazy\" class=\"aligncenter size-full wp-image-48095\" src=\"https:\/\/www.urlaubcornwall.de\/blog\/wp-content\/uploads\/2024\/03\/arundel-schloss-rotated.jpg\" alt=\"arundel schloss\" width=\"750\" height=\"563\" srcset=\"https:\/\/www.urlaubcornwall.de\/blog\/wp-content\/uploads\/2024\/03\/arundel-schloss-rotated.jpg 750w, https:\/\/www.urlaubcornwall.de\/blog\/wp-content\/uploads\/2024\/03\/arundel-schloss-300x225.jpg 300w\" sizes=\"(max-width: 750px) 100vw, 750px\" \/><\/p>\n<p>Arundel Castle wird immer auf unserer Liste der besten G\u00e4rten in Sussex stehen. Sie werden viele interessante \u00dcberraschungen finden, wenn Sie durch dieses alte Gel\u00e4nde zu den k\u00f6stlich warmen Gew\u00e4chsh\u00e4usern mit Chilischoten, Trauben und Zitronen schlendern. Gehen Sie nach Ihrer herrlich duftenden Tour durch die Roseng\u00e4rten und den wei\u00dfen Garten hinein, um das Schloss selbst zu erkunden, und besuchen Sie dann das Caf\u00e9 f\u00fcr einen frisch zubereiteten Kuchen oder Geb\u00e4ck.<\/p>\n<p><strong>Great Dixter House &#038; Gardens<\/strong><\/p>\n<p>Die Great Dixter Gardens, das Familienhaus des G\u00e4rtners Christopher Lloyd, sind G\u00e4rtnern \u00fcberall ein Begriff. Eingebettet in die wundersch\u00f6ne Landschaft von East Sussex ist das Dixter House vollst\u00e4ndig von seinen ber\u00fchmten G\u00e4rten umgeben \u2013 und mit insgesamt 19 G\u00e4rten, von denen jeder seinen eigenen Charakter und Charme hat, gibt es sicherlich genug, um einen oder zwei Nachmittage zu f\u00fcllen. Und wenn Sie Ihre Tour zu Fu\u00df fortsetzen m\u00f6chten, ist der Saxon\u2019s Way ganz in der N\u00e4he und bietet einen hervorragenden Ort f\u00fcr einen l\u00e4ngeren Spaziergang in Sussex.<\/p>\n<div class=\"snippet\"> <a class=\"featured-item\" href=\"https:\/\/www.urlaubcornwall.de\/ferienhaeuser\/suedengland.php\"> <span class=\"image-holder\" style=\"background-image: url('https:\/\/www.urlaubcornwall.de\/blog\/wp-content\/uploads\/2018\/12\/ferienhaus-cornwall-mit-hund.jpg');\"><\/span> <span class=\"featured-content\"> \n<h2 class=\"featured-title\">Ferienh\u00e4user in S\u00fcdengland<\/h2>\n<p class=\"featured-body\">Bei uns finden Sie Ferienh\u00e4user zum Verlieben &#8211; so einfach ist das! Dank seiner langen Geschichte, der reizvollen Landschaften und seinen vielen Attraktionen ist S\u00fcdengland ein wahres Mekka f\u00fcr Urlauber&#8230;..<\/p><\/span> <span class=\"featured-link-holder\"> <span class=\"featured-extra-info\"> \n<p>Pers\u00f6nlich inspizierter Ferienh\u00e4user<\/p>\n<\/span> \n<p class=\"featured-link\">DETAILS<\/p>\n<\/span> <\/a><\/div>\n<p><strong>Borde Hill<\/strong><\/p>\n<p>In diesem preisgekr\u00f6nten Garten in der N\u00e4he von Haywards Heath finden Sie einige wundersch\u00f6ne Blumenarrangements, aber Borde Hill ist mehr f\u00fcr seine B\u00e4ume als f\u00fcr seine Blumen ber\u00fchmt. Dieses Paradies des gr\u00fcnen Daumens beherbergt die beste Privatsammlung preisgekr\u00f6nter B\u00e4ume in Gro\u00dfbritannien sowie eine der umfassendsten Baumsammlungen der Welt. Familien mit einem Hund werden diese weitl\u00e4ufigen G\u00e4rten voller unglaublicher Sehensw\u00fcrdigkeiten und Ger\u00fcche lieben, die jedes Alter sicher unterhalten werden.<\/p>\n<p>Schlendern Sie im Fr\u00fchling und Sommer durch Warren Wood und Stephanie\u2019s Glade und halten Sie an einem der vielen Sitzbereiche, die von aromatischer Ruhe umgeben sind. F\u00fcr Kinder finden Sie auf dem Abenteuerspielplatz Balancierstangen, Kletterger\u00fcste und eine Seilrutsche sowie Ostereiersuchen und Halloween-Pfade.<\/p>\n<p><strong>Leonardslee See und G\u00e4rten<\/strong><\/p>\n<p>Wenn Sie nach einem Ort mit mehr Platz suchen, besuchen Sie die 45 Hektar der Leonardslee Lakes and Gardens. W\u00e4hrend die sieben atemberaubenden Seen und 15 km duftende Pfade durch G\u00e4rten und W\u00e4lder ein Highlight sind, muss der gr\u00f6\u00dfte Reiz dieses Sussex-Gartens die ungew\u00f6hnliche Methode sein, das Gras zu schneiden \u2026 von einer Gruppe hungriger Wallabys neben den gew\u00f6hnlicheren Rehe und Wildgefl\u00fcgel.<\/p>\n<p>Es hat ein faszinierendes Miniaturdorf, das weltweite Anerkennung gefunden hat, w\u00e4hrend der Bonsai-Hof das Thema mit seiner Sammlung perfekt geformter, preisgekr\u00f6nter kleiner B\u00e4ume fortsetzt.<\/p>\n<p><strong>Pr\u00e4riegarten von Sussex<\/strong><\/p>\n<p><img loading=\"lazy\" class=\"aligncenter size-full wp-image-48109\" src=\"https:\/\/www.urlaubcornwall.de\/blog\/wp-content\/uploads\/2024\/03\/Bristol-Botanic-Garden-Bristol.jpg\" alt=\"Bristol-Botanic-Garden-Bristol\" width=\"750\" height=\"515\" srcset=\"https:\/\/www.urlaubcornwall.de\/blog\/wp-content\/uploads\/2024\/03\/Bristol-Botanic-Garden-Bristol.jpg 750w, https:\/\/www.urlaubcornwall.de\/blog\/wp-content\/uploads\/2024\/03\/Bristol-Botanic-Garden-Bristol-300x206.jpg 300w\" sizes=\"(max-width: 750px) 100vw, 750px\" \/><\/p>\n<p>Sie erwarten, im mittleren Westen Amerikas Pr\u00e4rien und weitl\u00e4ufiges Grasland zu finden, aber im Sussex Prairies Garden finden Sie Blumenrabatten, die sich auf atemberaubende Weise ineinander f\u00fcgen. Sussex Prairies erstreckt sich \u00fcber 3 Hektar komplizierter Bepflanzung und ist von alten Eichen umgeben. Es ist eine au\u00dfergew\u00f6hnliche Kombination aus formalen und nat\u00fcrlichen Landschaften.<\/p>\n<p>Der Teeladen hier bietet Tee zum Mitnehmen, Kaffee und wunderbar hausgemachte Kuchen und Eiscreme.<\/p>\n<p><strong>Batemans<\/strong><\/p>\n<p><img loading=\"lazy\" class=\"aligncenter size-full wp-image-48103\" src=\"https:\/\/www.urlaubcornwall.de\/blog\/wp-content\/uploads\/2024\/03\/batemans-sussex-kipling.jpg\" alt=\"batemans sussex kipling\" width=\"750\" height=\"563\" srcset=\"https:\/\/www.urlaubcornwall.de\/blog\/wp-content\/uploads\/2024\/03\/batemans-sussex-kipling.jpg 750w, https:\/\/www.urlaubcornwall.de\/blog\/wp-content\/uploads\/2024\/03\/batemans-sussex-kipling-300x225.jpg 300w\" sizes=\"(max-width: 750px) 100vw, 750px\" \/><\/p>\n<p>Heimat des gro\u00dfen Schriftstellers Rudyard Kipling Bateman\u2019s ist ein wirklich wunderbares Haus und Garten. Es liegt in der wundersch\u00f6nen Landschaft und W\u00e4ldern von Sussex und Sie finden 5 Hektar Roseng\u00e4rten, Obstg\u00e4rten, Wildblumen und h\u00fcbsche Rasenfl\u00e4chen.<\/p>\n<p>Der Rosengarten, der von Kipling selbst entworfen wurde, nachdem er 1907 den Nobelpreis f\u00fcr Literatur erhalten hatte, umfasst ein h\u00fcbsches Wasserspiel und einen Teich neben Reihen und Reihen von Rosen, die die Luft mit s\u00fc\u00dfen D\u00fcften und dem Summen der Bienen erf\u00fcllen. Hunde sind hier willkommen.<\/p>\n<p><strong>High Beeches und Wassergarten<\/strong><\/p>\n<p>High Beeches bevorzugt einen traditionelleren Ansatz bei der Gartenpflege mit schweren Pferden von The Working Horse Trust, die die Wildblumenwiese eggen.<\/p>\n<p>K\u00fcstenmammutb\u00e4ume finden Sie im Silent Space des Gartens, einem schattigen Bereich, in den Sie sich zur\u00fcckziehen k\u00f6nnen, um sich vom gesch\u00e4ftigen Alltag zu besinnen.<\/p>\n<p><strong>West Dean Gardens<\/strong><\/p>\n<p>West Dean Gardens ist voll von interessanten Merkmalen, die daf\u00fcr sorgen, dass Sie Ihren Tag die Sehensw\u00fcrdigkeiten, Ger\u00e4usche und D\u00fcfte der Natur genie\u00dfen k\u00f6nnen. Es gibt eine beeindruckende 100 m lange edwardianische Pergola mit Rosen, Magnolien und Gei\u00dfblatt. Ein Open-Air-Amphitheater beherbergt in den Sommermonaten hervorragende Theaterauff\u00fchrungen und der wundersch\u00f6ne versunkene Garten.<\/p>\n<p>Wenn Sie sich den Fr\u00fchlingsg\u00e4rten und dem Teich n\u00e4hern, bemerken Sie vielleicht etwas anderes an den B\u00e4umen dort \u2026 nicht alle von ihnen sind echt! Ja, diese bildsch\u00f6ne Ecke beherbergt zwei ziemlich spektakul\u00e4re Fiberglas-Baumskulpturen, die von Edward James geschaffen wurden. Die Skulpturen ersetzen zwei B\u00e4ume, die durch Krankheit und Alter verloren gegangen sind, und bieten einen faszinierenden und v\u00f6llig einzigartigen Anblick inmitten der nat\u00fcrlichen Sch\u00f6nheit der G\u00e4rten.<\/p>\n<p><strong>Wakehurst<\/strong><\/p>\n<p><img loading=\"lazy\" class=\"aligncenter size-full wp-image-48203\" src=\"https:\/\/www.urlaubcornwall.de\/blog\/wp-content\/uploads\/2024\/03\/Wakehurst.jpg\" alt=\"Wakehurst\" width=\"750\" height=\"501\" srcset=\"https:\/\/www.urlaubcornwall.de\/blog\/wp-content\/uploads\/2024\/03\/Wakehurst.jpg 750w, https:\/\/www.urlaubcornwall.de\/blog\/wp-content\/uploads\/2024\/03\/Wakehurst-300x200.jpg 300w\" sizes=\"(max-width: 750px) 100vw, 750px\" \/><\/p>\n<p>Wakehurst, Schwester der Royal Botanic Gardens in Kew, bietet eine wilde Alternative im Herzen von Sussex mit \u00fcber 200 Hektar Pflanzen zum Genie\u00dfen. Es hat viele exquisite Ausstellungen, um Gartenliebhaber zufrieden zu stellen, oder machen Sie einen Abstecher durch den Felsenweg, dessen Aufschl\u00fcsse eine \u00e4therische Welt und ein einzigartiges Wandererlebnis schaffen.<\/p>\n<p>In der N\u00e4he des Hauses finden Sie die Herrenhausg\u00e4rten, die f\u00fcnf verschiedene Landschaften zum Erkunden bieten, vom ummauerten Garten, der im Fr\u00fchling bl\u00fcht, bis zum ruhigen Wintergarten.<\/p>\n<p>Wenn Sie die G\u00e4rten von Sussex erkunden, warum erkunden Sie nicht <a href=\"https:\/\/www.urlaubcornwall.de\/ferienhaeuser-fewos\/eng\/sussex\/sussex.html\">unsere sch\u00f6nen Feriencottages<\/a> f\u00fcr den perfekten Urlaub?<\/p>\n","protected":false},"excerpt":{"rendered":"<p>Ges\u00e4umt von Str\u00e4nden und einer der sonnigsten Grafschaften Englands ist Sussex ein herrlicher Ort f\u00fcr einen Besuch. Dieses gem\u00e4\u00dfigte Klima hat daf\u00fcr gesorgt, dass die G\u00e4rten in Sussex die allerbesten Bedingungen zum Wachsen, Bl\u00fchen und Bl\u00fchen haben, und bietet einige wirklich spektakul\u00e4re Orte f\u00fcr einen Sonntagsspaziergang oder ein Wochenendpicknick \u2026 und m\u00f6glicherweise einen Cream Tea. [&hellip;]<\/p>\n","protected":false},"author":1,"featured_media":0,"parent":0,"menu_order":0,"comment_status":"closed","ping_status":"closed","template":"single-four.php","meta":[],"acf":[],"yoast_head":"<!-- This site is optimized with the Yoast SEO plugin v19.4 - https:\/\/yoast.com\/wordpress\/plugins\/seo\/ -->\n<title>Sch\u00f6ne G\u00e4rten in Sussex - Urlaub &amp; Reisen<\/title>\n<meta name=\"robots\" content=\"index, follow, max-snippet:-1, max-image-preview:large, max-video-preview:-1\" \/>\n<link rel=\"canonical\" href=\"https:\/\/www.urlaubcornwall.de\/blog\/gaerten-in-sussex\/\" \/>\n<meta property=\"og:locale\" content=\"en_US\" \/>\n<meta property=\"og:type\" content=\"article\" \/>\n<meta property=\"og:title\" content=\"Sch\u00f6ne G\u00e4rten in Sussex - Urlaub &amp; Reisen\" \/>\n<meta property=\"og:description\" content=\"Ges\u00e4umt von Str\u00e4nden und einer der sonnigsten Grafschaften Englands ist Sussex ein herrlicher Ort f\u00fcr einen Besuch. Dieses gem\u00e4\u00dfigte Klima hat daf\u00fcr gesorgt, dass die G\u00e4rten in Sussex die allerbesten Bedingungen zum Wachsen, Bl\u00fchen und Bl\u00fchen haben, und bietet einige wirklich spektakul\u00e4re Orte f\u00fcr einen Sonntagsspaziergang oder ein Wochenendpicknick \u2026 und m\u00f6glicherweise einen Cream Tea. [&hellip;]\" \/>\n<meta property=\"og:url\" content=\"https:\/\/www.urlaubcornwall.de\/blog\/gaerten-in-sussex\/\" \/>\n<meta property=\"og:site_name\" content=\"Urlaub &amp; Reisen\" \/>\n<meta property=\"article:modified_time\" content=\"2024-05-31T12:10:47+00:00\" \/>\n<meta property=\"og:image\" content=\"https:\/\/www.urlaubcornwall.de\/blog\/wp-content\/uploads\/2024\/03\/arundel-schloss-rotated.jpg\" \/>\n<meta name=\"twitter:card\" content=\"summary\" \/>\n<meta name=\"twitter:label1\" content=\"Est. reading time\" \/>\n\t<meta name=\"twitter:data1\" content=\"6 minutes\" \/>\n<script type=\"application\/ld+json\" class=\"yoast-schema-graph\">{\"@context\":\"https:\/\/schema.org\",\"@graph\":[{\"@type\":\"WebSite\",\"@id\":\"https:\/\/www.urlaubcornwall.de\/blog\/#website\",\"url\":\"https:\/\/www.urlaubcornwall.de\/blog\/\",\"name\":\"Urlaub &amp; Reisen\",\"description\":\"Urlaub, Reisen, Cornwall und S\u00fcdengland: eine perfekte Kombination\",\"potentialAction\":[{\"@type\":\"SearchAction\",\"target\":{\"@type\":\"EntryPoint\",\"urlTemplate\":\"https:\/\/www.urlaubcornwall.de\/blog\/?s={search_term_string}\"},\"query-input\":\"required name=search_term_string\"}],\"inLanguage\":\"en-US\"},{\"@type\":\"WebPage\",\"@id\":\"https:\/\/www.urlaubcornwall.de\/blog\/gaerten-in-sussex\/\",\"url\":\"https:\/\/www.urlaubcornwall.de\/blog\/gaerten-in-sussex\/\",\"name\":\"Sch\u00f6ne G\u00e4rten in Sussex - Urlaub &amp; Reisen\",\"isPartOf\":{\"@id\":\"https:\/\/www.urlaubcornwall.de\/blog\/#website\"},\"datePublished\":\"2022-11-01T09:51:20+00:00\",\"dateModified\":\"2024-05-31T12:10:47+00:00\",\"breadcrumb\":{\"@id\":\"https:\/\/www.urlaubcornwall.de\/blog\/gaerten-in-sussex\/#breadcrumb\"},\"inLanguage\":\"en-US\",\"potentialAction\":[{\"@type\":\"ReadAction\",\"target\":[\"https:\/\/www.urlaubcornwall.de\/blog\/gaerten-in-sussex\/\"]}]},{\"@type\":\"BreadcrumbList\",\"@id\":\"https:\/\/www.urlaubcornwall.de\/blog\/gaerten-in-sussex\/#breadcrumb\",\"itemListElement\":[{\"@type\":\"ListItem\",\"position\":1,\"name\":\"Home\",\"item\":\"https:\/\/www.urlaubcornwall.de\/blog\/\"},{\"@type\":\"ListItem\",\"position\":2,\"name\":\"Sch\u00f6ne G\u00e4rten in Sussex\"}]}]}<\/script>\n<!-- \/ Yoast SEO plugin. -->","yoast_head_json":{"title":"Sch\u00f6ne G\u00e4rten in Sussex - Urlaub &amp; Reisen","robots":{"index":"index","follow":"follow","max-snippet":"max-snippet:-1","max-image-preview":"max-image-preview:large","max-video-preview":"max-video-preview:-1"},"canonical":"https:\/\/www.urlaubcornwall.de\/blog\/gaerten-in-sussex\/","og_locale":"en_US","og_type":"article","og_title":"Sch\u00f6ne G\u00e4rten in Sussex - Urlaub &amp; Reisen","og_description":"Ges\u00e4umt von Str\u00e4nden und einer der sonnigsten Grafschaften Englands ist Sussex ein herrlicher Ort f\u00fcr einen Besuch. Dieses gem\u00e4\u00dfigte Klima hat daf\u00fcr gesorgt, dass die G\u00e4rten in Sussex die allerbesten Bedingungen zum Wachsen, Bl\u00fchen und Bl\u00fchen haben, und bietet einige wirklich spektakul\u00e4re Orte f\u00fcr einen Sonntagsspaziergang oder ein Wochenendpicknick \u2026 und m\u00f6glicherweise einen Cream Tea. [&hellip;]","og_url":"https:\/\/www.urlaubcornwall.de\/blog\/gaerten-in-sussex\/","og_site_name":"Urlaub &amp; Reisen","article_modified_time":"2024-05-31T12:10:47+00:00","og_image":[{"url":"https:\/\/www.urlaubcornwall.de\/blog\/wp-content\/uploads\/2024\/03\/arundel-schloss-rotated.jpg"}],"twitter_card":"summary","twitter_misc":{"Est. reading time":"6 minutes"},"schema":{"@context":"https:\/\/schema.org","@graph":[{"@type":"WebSite","@id":"https:\/\/www.urlaubcornwall.de\/blog\/#website","url":"https:\/\/www.urlaubcornwall.de\/blog\/","name":"Urlaub &amp; Reisen","description":"Urlaub, Reisen, Cornwall und S\u00fcdengland: eine perfekte Kombination","potentialAction":[{"@type":"SearchAction","target":{"@type":"EntryPoint","urlTemplate":"https:\/\/www.urlaubcornwall.de\/blog\/?s={search_term_string}"},"query-input":"required name=search_term_string"}],"inLanguage":"en-US"},{"@type":"WebPage","@id":"https:\/\/www.urlaubcornwall.de\/blog\/gaerten-in-sussex\/","url":"https:\/\/www.urlaubcornwall.de\/blog\/gaerten-in-sussex\/","name":"Sch\u00f6ne G\u00e4rten in Sussex - Urlaub &amp; Reisen","isPartOf":{"@id":"https:\/\/www.urlaubcornwall.de\/blog\/#website"},"datePublished":"2022-11-01T09:51:20+00:00","dateModified":"2024-05-31T12:10:47+00:00","breadcrumb":{"@id":"https:\/\/www.urlaubcornwall.de\/blog\/gaerten-in-sussex\/#breadcrumb"},"inLanguage":"en-US","potentialAction":[{"@type":"ReadAction","target":["https:\/\/www.urlaubcornwall.de\/blog\/gaerten-in-sussex\/"]}]},{"@type":"BreadcrumbList","@id":"https:\/\/www.urlaubcornwall.de\/blog\/gaerten-in-sussex\/#breadcrumb","itemListElement":[{"@type":"ListItem","position":1,"name":"Home","item":"https:\/\/www.urlaubcornwall.de\/blog\/"},{"@type":"ListItem","position":2,"name":"Sch\u00f6ne G\u00e4rten in Sussex"}]}]}},"_links":{"self":[{"href":"https:\/\/www.urlaubcornwall.de\/blog\/wp-json\/wp\/v2\/pages\/45256"}],"collection":[{"href":"https:\/\/www.urlaubcornwall.de\/blog\/wp-json\/wp\/v2\/pages"}],"about":[{"href":"https:\/\/www.urlaubcornwall.de\/blog\/wp-json\/wp\/v2\/types\/page"}],"author":[{"embeddable":true,"href":"https:\/\/www.urlaubcornwall.de\/blog\/wp-json\/wp\/v2\/users\/1"}],"replies":[{"embeddable":true,"href":"https:\/\/www.urlaubcornwall.de\/blog\/wp-json\/wp\/v2\/comments?post=45256"}],"version-history":[{"count":10,"href":"https:\/\/www.urlaubcornwall.de\/blog\/wp-json\/wp\/v2\/pages\/45256\/revisions"}],"predecessor-version":[{"id":51362,"href":"https:\/\/www.urlaubcornwall.de\/blog\/wp-json\/wp\/v2\/pages\/45256\/revisions\/51362"}],"wp:attachment":[{"href":"https:\/\/www.urlaubcornwall.de\/blog\/wp-json\/wp\/v2\/media?parent=45256"}],"curies":[{"name":"wp","href":"https:\/\/api.w.org\/{rel}","templated":true}]}}