{"id":45234,"date":"2022-11-01T09:10:22","date_gmt":"2022-11-01T09:10:22","guid":{"rendered":"https:\/\/www.urlaubcornwall.de\/blog\/?page_id=45234"},"modified":"2024-05-31T09:31:22","modified_gmt":"2024-05-31T09:31:22","slug":"gaerten-in-somerset","status":"publish","type":"page","link":"https:\/\/www.urlaubcornwall.de\/blog\/gaerten-in-somerset\/","title":{"rendered":"Sch\u00f6ne G\u00e4rten in Somerset"},"content":{"rendered":"<p>Mit sanften H\u00fcgeln, Feldern und Str\u00e4nden im Hintergrund bieten die G\u00e4rten in <a href=\"https:\/\/www.urlaubcornwall.de\/ferienhaeuser-fewos\/eng\/somerset\/somerset.html\">Somerset<\/a> wirklich in jeder Hinsicht ein perfektes Bild. Von historischen H\u00e4usern, die sich gl\u00fccklich in Landschaftsg\u00e4rten und Anwesen mit W\u00e4ldern befinden, bis hin zu sorgf\u00e4ltig kuratierten Ausstellungen seltener und ungew\u00f6hnlicher Pflanzen, in unserer Auswahl ist f\u00fcr jeden g\u00e4rtnerischen Geschmack etwas dabei.<\/p>\n<p>Eines der vielen National Trust-Anwesen ist perfekt f\u00fcr Tage, an denen das Wetter nicht so gut ist, w\u00e4hrend die vielen formalen G\u00e4rten stundenlangen Spa\u00df in der Sonne bieten. Beenden Sie Ihren Tag mit einer Mahlzeit in einem der vielen gro\u00dfartigen Restaurants und Lokale in Somerset. Hier sind nur einige unserer Lieblingsg\u00e4rten in Somerset\u2026<\/p>\n<p><strong><a href=\"https:\/\/www.nationaltrust.org.uk\/lytes-cary-manor\">Lytes Cary Manor, nahe Somerton<\/a><\/strong><\/p>\n<p><img loading=\"lazy\" class=\"aligncenter size-full wp-image-48620\" src=\"https:\/\/www.urlaubcornwall.de\/blog\/wp-content\/uploads\/2024\/04\/lytes-cary-herrrenhaus-somerset.jpg\" alt=\"lytes cary herrrenhaus somerset\" width=\"750\" height=\"563\" srcset=\"https:\/\/www.urlaubcornwall.de\/blog\/wp-content\/uploads\/2024\/04\/lytes-cary-herrrenhaus-somerset.jpg 750w, https:\/\/www.urlaubcornwall.de\/blog\/wp-content\/uploads\/2024\/04\/lytes-cary-herrrenhaus-somerset-300x225.jpg 300w\" sizes=\"(max-width: 750px) 100vw, 750px\" \/> <\/p>\n<p>Lytes Cary Manor, ein weiteres historisches Haus und Garten von Somerset, ist gro\u00dfartig f\u00fcr diejenigen, die ein bisschen von allem von ihrer Gartenflucht wollen. Der sorgf\u00e4ltig kuratierte Arts and Crafts Garden bietet ordentliche Displays und perfekt geschnittene Hecken, w\u00e4hrend die umliegenden W\u00e4lder und Landschaften eine gro\u00dfartige Kulisse f\u00fcr einen Sonntagsspaziergang bieten.<\/p>\n<p>Drei Wanderwege schl\u00e4ngeln sich um das Anwesen, jeder nimmt einen anderen Aspekt ein, von W\u00e4ldern \u00fcber Fl\u00fcsse bis hin zu antiken St\u00e4tten \u2013 wir lieben besonders den Anwesen-Spaziergang mit seinen wundersch\u00f6nen Taubenschl\u00e4gen und M\u00f6glichkeiten, Hirsche zu beobachten. Nachdem die Pfade und G\u00e4rten gr\u00fcndlich erkundet wurden, ist es an der Zeit, in die Teestuben zu gehen, um den so wichtigen Kaffee und ein St\u00fcck Kuchen zu sich zu nehmen \u2013 ganz zu schweigen von einem frechen St\u00f6bern in der B\u00fccherscheune nach der n\u00e4chsten Urlaubslekt\u00fcre.<\/p>\n<p><strong><a href=\"https:\/\/www.yeovalley.co.uk\/the-organic-garden\/\">Yeo Valley, Blagdon<\/a><\/strong><\/p>\n<p>Yeo Valley ist nicht nur f\u00fcr seinen k\u00f6stlich cremigen Joghurt bekannt, denn der fabelhafte 2,5 Hektar gro\u00dfe Bio-Garten in <a href=\"https:\/\/www.urlaubcornwall.de\/ferienhaeuser-fewos\/eng\/somerset\/somerset.html\">Somerset<\/a> zieht Besucher an, sowohl Menschen als auch Bienen. Mittwochs, freitags und an den meisten Samstagen ge\u00f6ffnet, k\u00f6nnen Sie durch das Flickwerk von G\u00e4rten schlendern, sowohl mit Zier- als auch mit Esswaren. Besuchen Sie auch das ber\u00fchmte Gartencaf\u00e9!<\/p>\n<p><strong><a href=\"http:\/\/Montacute House, Montacute\">Montacute-Haus, Montacute<\/a><\/strong><\/p>\n<p>Der Garten des Montacute House ist eines der wenigen verbliebenen elisabethanischen H\u00e4user in England, das seine Lage in einem formellen Garten beibehalten hat, und ist ein Muss im Urlaub, egal ob Sie ein Fan von Geschichte oder Gartenarbeit sind.<\/p>\n<p>Rund um die <a href=\"https:\/\/www.urlaubcornwall.de\/blog\/national-trust-historische-haeuser-suedengland\/\">wundersch\u00f6nen G\u00e4rten des National Trust<\/a> finden Sie viele Pflanzenausstellungen, Grenzen und versteckte Ecken, die es zu erkunden gilt. Die Orangerie ist mit ihren dekorativen Obelisken und dem h\u00fcbschen Innenhof absolut atemberaubend. F\u00fcr ein perfektes Picknick gehen Sie zum Cedar Lawn, wo die ber\u00fchmten unebenen Hecken den angenehm flachen Rasen umgeben. F\u00fcr diejenigen, die eine wildere Kulisse f\u00fcr ihren Gartenspaziergang w\u00fcnschen, gehen Sie in die umliegende Parklandschaft f\u00fcr einen wunderbar hundefreundlichen Spaziergang. Ladies\u2019 Walk und St. Michael\u2019s Hill sind beides gro\u00dfartige Routen mit vielen gro\u00dfartigen Aussichten.<\/p>\n<p><strong><a href=\"https:\/\/www.nationaltrust.org.uk\/barrington-court\">Barrington Court, nahe Illminster<\/a><\/strong><\/p>\n<p><img loading=\"lazy\" class=\"aligncenter size-full wp-image-48104\" src=\"https:\/\/www.urlaubcornwall.de\/blog\/wp-content\/uploads\/2024\/03\/barrington-court.jpg\" alt=\"barrington court\" width=\"750\" height=\"563\" srcset=\"https:\/\/www.urlaubcornwall.de\/blog\/wp-content\/uploads\/2024\/03\/barrington-court.jpg 750w, https:\/\/www.urlaubcornwall.de\/blog\/wp-content\/uploads\/2024\/03\/barrington-court-300x225.jpg 300w\" sizes=\"(max-width: 750px) 100vw, 750px\" \/><\/p>\n<p>Barrington Court, ein weiteres fabelhaftes Haus und Garten des National Trust, steht ganz oben auf der Liste f\u00fcr Gartenliebhaber mit Pflanzenausstellungen und charmanten Steinh\u00e4usern wie aus dem Bilderbuch. In den 1920er Jahren entworfen und von Gertrude Jekyll beeinflusst, ist unser Favorit der Liliengarten mit seiner friedlichen Atmosph\u00e4re und sanften Blumen.<\/p>\n<p>Entz\u00fcckende Springbrunnen und Schwaden lebendiger Farben sorgen f\u00fcr einen sch\u00f6nen Spaziergang im K\u00fcchengarten, der k\u00f6stliche frische Produkte f\u00fcr das Caf\u00e9 liefert. Vergessen Sie nicht, das historische Haus zu besuchen, um die Tour abzurunden.<\/p>\n<p><strong><a href=\"http:\/\/Bristol Botanic Garden, Bristol\">Bristol Botanischer Garten, Bristol<\/a><\/strong><\/p>\n<p>Der University of <a href=\"https:\/\/www.urlaubcornwall.de\/ferienhaeuser-fewos\/eng\/somerset\/bristol.html\">Bristol<\/a> Garten ist nicht sehr bekannt, aber auf jeden Fall einen Besuch wert! Der Garten wurde 1882 gegr\u00fcndet und ist seitdem dreimal umgezogen. Wie es sich f\u00fcr einen Universit\u00e4tsgarten geh\u00f6rt, geht es nicht nur um sch\u00f6ne Sehensw\u00fcrdigkeiten und gem\u00fctliche Spazierg\u00e4nge. Sie k\u00f6nnen sich f\u00fcr eine der vielen Gartenveranstaltungen anmelden, die sich mit botanischer Kunst bis hin zur Bestimmung verschiedener Pflanzen befassen. Sie k\u00f6nnen sich auch f\u00fcr die Gartenkurse der Royal Horticultural Society anmelden, wenn Sie Ihre ersten Schritte in Richtung eines Jobs im Gartenbauberuf unternehmen.<\/p>\n<p><strong><a href=\"http:\/\/Dunster Castle, Minehead\">Schloss Dunster, Minehead<\/a><\/strong><\/p>\n<p><a href=\"https:\/\/www.urlaubcornwall.de\/blog\/wp-content\/uploads\/2024\/05\/dunster.jpg\"><img loading=\"lazy\" src=\"https:\/\/www.urlaubcornwall.de\/blog\/wp-content\/uploads\/2024\/05\/dunster.jpg\" alt=\"dunster\" width=\"750\" height=\"465\" class=\"alignnone size-full wp-image-50301\" srcset=\"https:\/\/www.urlaubcornwall.de\/blog\/wp-content\/uploads\/2024\/05\/dunster.jpg 750w, https:\/\/www.urlaubcornwall.de\/blog\/wp-content\/uploads\/2024\/05\/dunster-300x186.jpg 300w\" sizes=\"(max-width: 750px) 100vw, 750px\" \/><\/a><\/p>\n<p>Dunster Castle steht definitiv auf unserer Liste der besten Aktivit\u00e4ten in Somerset! Die S\u00fcdterrasse, die von der viktorianischen Zeit beeinflusst ist, blickt auf den Bristol Channel und den Wildpark und bietet eine sch\u00f6ne Auswahl an Blumen sowie ein sch\u00f6nes Wasser.<\/p>\n<p>Im Flussgarten wachsen im Sommer riesige Rhabarber und im Fr\u00fchling bl\u00fchen die Magnolienb\u00e4ume. Hier finden Sie auch den seltenen und wundersch\u00f6nen Taschentuchbaum, der in den 1920er Jahren aus Australien geschmuggelt wurde. Neben den atemberaubenden Blumenarrangements ist ein Ausflug zum Dunster Castle nicht vollst\u00e4ndig ohne einen Besuch des unterirdischen viktorianischen Reservoirs, das einen unheimlich sch\u00f6nen Anblick bietet, oder eine Tour durch das beeindruckende Schloss selbst.<\/p>\n<p><strong><a href=\"https:\/\/americanmuseum.org\/\">Amerikanisches Museum &#038; Garten, Bath<\/a><\/strong><\/p>\n<p>Wenn wir aus dieser Liste von G\u00e4rten in Somerset bisher eines gelernt haben, dann, dass die angebotene Auswahl sowohl klassisch formal als auch sehr \u00fcberraschend ist. Nun, das American Museum and Gardens ist definitiv letzteres \u2013 Sie w\u00fcrden sicherlich nicht erwarten, im Herzen von Somerset auf ein so glorreiches amerikanisches Erlebnis zu sto\u00dfen! Eingebettet in 50 Hektar von au\u00dfergew\u00f6hnlicher nat\u00fcrlicher Sch\u00f6nheit machen die G\u00e4rten wirklich das Beste aus ihrer unglaublichen Umgebung.<\/p>\n<p>Machen Sie einen Spaziergang durch die Lustg\u00e4rten im italienischen Stil mit einer Grotte aus dem 19. Jahrhundert und dekorativen Steinmetzarbeiten. Erkunden Sie den nachgebauten George-Washington-Garten und spazieren Sie den Lewis-and-Clark-Pfad entlang. Es gibt sogar eine B\u00fcste von Abraham Lincoln. Machen Sie nach Ihren Erkundungen im Freien eine Tour durch das American Museum, das einen R\u00fcckblick auf das Amerika des 14. bis 20. Jahrhunderts bietet, einschlie\u00dflich Ausstellungen und Aktivit\u00e4ten f\u00fcr Kinder.<\/p>\n<p><strong><a href=\"http:\/\/Tintinhull Garden, Yeovil\">Tintinhull Garten, Yeovil<\/a><\/strong><\/p>\n<p>Der Tintinhull Garten wurde von zwei fabelhaften Frauen entworfen und gestaltet und ist mit seinen Wasserspielen und fantasievollen Ausstellungen eine wahre Flucht in die Ruhe. Die Frauen hinter diesem glorreichen Beispiel f\u00fcr Kreativit\u00e4t waren keine anderen als die ber\u00fchmte Gartendesignerin Gertrude Jekyll und die Besitzerin Phyllis Reiss, die das Anwesen nach ihrem Tod im Jahr 1961 dem National Trust vermachte.<\/p>\n<p>Als sch\u00fcchterne Frau hat Phyllis einen friedlichen Raum voller Lebendigkeit und \u00fcberraschender Farben geschaffen, was den Garten sehr beliebt bei K\u00fcnstlern (vergessen Sie also Ihr Skizzenbuch nicht, wenn Sie ihn besuchen) und allen, die einen ruhigen Ort f\u00fcr Kontemplation, Reflexion und Meditation suchen .<\/p>\n<p><strong><a href=\"http:\/\/Hestercombe, Taunton\">Hestercombe, Taunton<\/a><\/strong><\/p>\n<p><img loading=\"lazy\" class=\"aligncenter size-full wp-image-48850\" src=\"https:\/\/www.urlaubcornwall.de\/blog\/wp-content\/uploads\/2024\/04\/hestercombe_garten.jpg\" alt=\"hestercombe_garten\" width=\"750\" height=\"563\" srcset=\"https:\/\/www.urlaubcornwall.de\/blog\/wp-content\/uploads\/2024\/04\/hestercombe_garten.jpg 750w, https:\/\/www.urlaubcornwall.de\/blog\/wp-content\/uploads\/2024\/04\/hestercombe_garten-300x225.jpg 300w\" sizes=\"(max-width: 750px) 100vw, 750px\" \/> <\/p>\n<p>Wie lange dauert es, einen Garten anzulegen? Wenn wir Hestercombe und seine Gartenbaugeschichte betrachten, lautet die Antwort drei Jahrhunderte \u2013 wenn wir uns die beeindruckenden Ausstellungen und historischen Einfl\u00fcsse ansehen, k\u00f6nnen wir das leicht glauben. Reisen Sie durch die Jahre, w\u00e4hrend Sie durch einen georgianischen Landschaftsgarten, viktorianisches Buschwerk und edwardianische formale G\u00e4rten gehen.<\/p>\n<p>W\u00e4hrend die Blumenarrangements und Staudenrabatten eine offensichtliche Anziehungskraft bieten, sind eines unserer Lieblingsdinge an diesen atemberaubenden G\u00e4rten von Somerset die geheimen Orte und fabelhaften Namen. Auf der Liste der Kuriosit\u00e4ten stehen der chinesische Sitz, das Tal der Kaskaden, das achteckige Sommerhaus und die gotische Nische, die entlang des Spaziergangs zur h\u00fcbschen Wasserm\u00fchle aus dem 17. Jahrhundert zu finden ist.<\/p>\n<p><strong><a href=\"http:\/\/Greencombe Gardens, Porlock\">Greencombe Garten, Porlock<\/a><\/strong><\/p>\n<p>Obwohl es von Natur aus willk\u00fcrlich aussieht, wurden die regenbogenw\u00fcrdigen Pflanzen in Greencombe Gardens tats\u00e4chlich bewusst gepflanzt, um eine bl\u00fchende Naturkultur zu schaffen. Es sind vielleicht nur 2 Hektar, aber dieses kleine Gartenpaket hat so viel zu bieten. Im gesamten Garten finden Sie vier nationale Pflanzensammlungen von kleinen Berglilien bis hin zu Farnen. Der Fr\u00fchling ist immer eine sch\u00f6ne Zeit, wenn die Blumen zu bl\u00fchen beginnen, aber mit einer so herzhaften Mischung aus Pflanzen gibt es keinen falschen Zeitpunkt, Greencombe Gardens und seine Flora zu besuchen.<\/p>\n<p><strong><a href=\"https:\/\/www.somersetlavender.com\/\">Somerset-Lavendel, Radstock<\/a><\/strong><\/p>\n<p><img loading=\"lazy\" class=\"aligncenter size-full wp-image-48174\" src=\"https:\/\/www.urlaubcornwall.de\/blog\/wp-content\/uploads\/2024\/03\/lavender.jpg\" alt=\"lavender\" width=\"750\" height=\"500\" srcset=\"https:\/\/www.urlaubcornwall.de\/blog\/wp-content\/uploads\/2024\/03\/lavender.jpg 750w, https:\/\/www.urlaubcornwall.de\/blog\/wp-content\/uploads\/2024\/03\/lavender-300x200.jpg 300w\" sizes=\"(max-width: 750px) 100vw, 750px\" \/> <\/p>\n<p>W\u00e4hrend die purpurfarbenen Felder den gr\u00f6\u00dften Anziehungspunkt bieten, ist dies nicht alles, was Sie in diesem klassischen Somerset-Garten finden werden. Holen Sie sich Ihre eigenen Lavendelpflanzen und starten Sie Ihre eigene Sammlung aus der G\u00e4rtnerei.<\/p>\n<p>Werfen Sie einen Blick auf <a href=\"https:\/\/www.urlaubcornwall.de\/ferienhaeuser-fewos\/eng\/somerset\/somerset.html\">unsere h\u00fcbschen Feriencottages in Somerset<\/a> und beginnen Sie mit der Planung Ihres Gartenbauurlaubs.<\/p>\n","protected":false},"excerpt":{"rendered":"<p>Mit sanften H\u00fcgeln, Feldern und Str\u00e4nden im Hintergrund bieten die G\u00e4rten in Somerset wirklich in jeder Hinsicht ein perfektes Bild. Von historischen H\u00e4usern, die sich gl\u00fccklich in Landschaftsg\u00e4rten und Anwesen mit W\u00e4ldern befinden, bis hin zu sorgf\u00e4ltig kuratierten Ausstellungen seltener und ungew\u00f6hnlicher Pflanzen, in unserer Auswahl ist f\u00fcr jeden g\u00e4rtnerischen Geschmack etwas dabei. Eines der [&hellip;]<\/p>\n","protected":false},"author":1,"featured_media":0,"parent":0,"menu_order":0,"comment_status":"closed","ping_status":"closed","template":"single-four.php","meta":[],"acf":[],"yoast_head":"<!-- This site is optimized with the Yoast SEO plugin v19.4 - https:\/\/yoast.com\/wordpress\/plugins\/seo\/ -->\n<title>Sch\u00f6ne G\u00e4rten in Somerset - Urlaub &amp; Reisen<\/title>\n<meta name=\"robots\" content=\"index, follow, max-snippet:-1, max-image-preview:large, max-video-preview:-1\" \/>\n<link rel=\"canonical\" href=\"https:\/\/www.urlaubcornwall.de\/blog\/gaerten-in-somerset\/\" \/>\n<meta property=\"og:locale\" content=\"en_US\" \/>\n<meta property=\"og:type\" content=\"article\" \/>\n<meta property=\"og:title\" content=\"Sch\u00f6ne G\u00e4rten in Somerset - Urlaub &amp; Reisen\" \/>\n<meta property=\"og:description\" content=\"Mit sanften H\u00fcgeln, Feldern und Str\u00e4nden im Hintergrund bieten die G\u00e4rten in Somerset wirklich in jeder Hinsicht ein perfektes Bild. Von historischen H\u00e4usern, die sich gl\u00fccklich in Landschaftsg\u00e4rten und Anwesen mit W\u00e4ldern befinden, bis hin zu sorgf\u00e4ltig kuratierten Ausstellungen seltener und ungew\u00f6hnlicher Pflanzen, in unserer Auswahl ist f\u00fcr jeden g\u00e4rtnerischen Geschmack etwas dabei. Eines der [&hellip;]\" \/>\n<meta property=\"og:url\" content=\"https:\/\/www.urlaubcornwall.de\/blog\/gaerten-in-somerset\/\" \/>\n<meta property=\"og:site_name\" content=\"Urlaub &amp; Reisen\" \/>\n<meta property=\"article:modified_time\" content=\"2024-05-31T09:31:22+00:00\" \/>\n<meta property=\"og:image\" content=\"https:\/\/www.urlaubcornwall.de\/blog\/wp-content\/uploads\/2024\/04\/lytes-cary-herrrenhaus-somerset.jpg\" \/>\n<meta name=\"twitter:card\" content=\"summary\" \/>\n<meta name=\"twitter:label1\" content=\"Est. reading time\" \/>\n\t<meta name=\"twitter:data1\" content=\"8 minutes\" \/>\n<script type=\"application\/ld+json\" class=\"yoast-schema-graph\">{\"@context\":\"https:\/\/schema.org\",\"@graph\":[{\"@type\":\"WebSite\",\"@id\":\"https:\/\/www.urlaubcornwall.de\/blog\/#website\",\"url\":\"https:\/\/www.urlaubcornwall.de\/blog\/\",\"name\":\"Urlaub &amp; Reisen\",\"description\":\"Urlaub, Reisen, Cornwall und S\u00fcdengland: eine perfekte Kombination\",\"potentialAction\":[{\"@type\":\"SearchAction\",\"target\":{\"@type\":\"EntryPoint\",\"urlTemplate\":\"https:\/\/www.urlaubcornwall.de\/blog\/?s={search_term_string}\"},\"query-input\":\"required name=search_term_string\"}],\"inLanguage\":\"en-US\"},{\"@type\":\"WebPage\",\"@id\":\"https:\/\/www.urlaubcornwall.de\/blog\/gaerten-in-somerset\/\",\"url\":\"https:\/\/www.urlaubcornwall.de\/blog\/gaerten-in-somerset\/\",\"name\":\"Sch\u00f6ne G\u00e4rten in Somerset - Urlaub &amp; Reisen\",\"isPartOf\":{\"@id\":\"https:\/\/www.urlaubcornwall.de\/blog\/#website\"},\"datePublished\":\"2022-11-01T09:10:22+00:00\",\"dateModified\":\"2024-05-31T09:31:22+00:00\",\"breadcrumb\":{\"@id\":\"https:\/\/www.urlaubcornwall.de\/blog\/gaerten-in-somerset\/#breadcrumb\"},\"inLanguage\":\"en-US\",\"potentialAction\":[{\"@type\":\"ReadAction\",\"target\":[\"https:\/\/www.urlaubcornwall.de\/blog\/gaerten-in-somerset\/\"]}]},{\"@type\":\"BreadcrumbList\",\"@id\":\"https:\/\/www.urlaubcornwall.de\/blog\/gaerten-in-somerset\/#breadcrumb\",\"itemListElement\":[{\"@type\":\"ListItem\",\"position\":1,\"name\":\"Home\",\"item\":\"https:\/\/www.urlaubcornwall.de\/blog\/\"},{\"@type\":\"ListItem\",\"position\":2,\"name\":\"Sch\u00f6ne G\u00e4rten in Somerset\"}]}]}<\/script>\n<!-- \/ Yoast SEO plugin. -->","yoast_head_json":{"title":"Sch\u00f6ne G\u00e4rten in Somerset - Urlaub &amp; Reisen","robots":{"index":"index","follow":"follow","max-snippet":"max-snippet:-1","max-image-preview":"max-image-preview:large","max-video-preview":"max-video-preview:-1"},"canonical":"https:\/\/www.urlaubcornwall.de\/blog\/gaerten-in-somerset\/","og_locale":"en_US","og_type":"article","og_title":"Sch\u00f6ne G\u00e4rten in Somerset - Urlaub &amp; Reisen","og_description":"Mit sanften H\u00fcgeln, Feldern und Str\u00e4nden im Hintergrund bieten die G\u00e4rten in Somerset wirklich in jeder Hinsicht ein perfektes Bild. Von historischen H\u00e4usern, die sich gl\u00fccklich in Landschaftsg\u00e4rten und Anwesen mit W\u00e4ldern befinden, bis hin zu sorgf\u00e4ltig kuratierten Ausstellungen seltener und ungew\u00f6hnlicher Pflanzen, in unserer Auswahl ist f\u00fcr jeden g\u00e4rtnerischen Geschmack etwas dabei. Eines der [&hellip;]","og_url":"https:\/\/www.urlaubcornwall.de\/blog\/gaerten-in-somerset\/","og_site_name":"Urlaub &amp; Reisen","article_modified_time":"2024-05-31T09:31:22+00:00","og_image":[{"url":"https:\/\/www.urlaubcornwall.de\/blog\/wp-content\/uploads\/2024\/04\/lytes-cary-herrrenhaus-somerset.jpg"}],"twitter_card":"summary","twitter_misc":{"Est. reading time":"8 minutes"},"schema":{"@context":"https:\/\/schema.org","@graph":[{"@type":"WebSite","@id":"https:\/\/www.urlaubcornwall.de\/blog\/#website","url":"https:\/\/www.urlaubcornwall.de\/blog\/","name":"Urlaub &amp; Reisen","description":"Urlaub, Reisen, Cornwall und S\u00fcdengland: eine perfekte Kombination","potentialAction":[{"@type":"SearchAction","target":{"@type":"EntryPoint","urlTemplate":"https:\/\/www.urlaubcornwall.de\/blog\/?s={search_term_string}"},"query-input":"required name=search_term_string"}],"inLanguage":"en-US"},{"@type":"WebPage","@id":"https:\/\/www.urlaubcornwall.de\/blog\/gaerten-in-somerset\/","url":"https:\/\/www.urlaubcornwall.de\/blog\/gaerten-in-somerset\/","name":"Sch\u00f6ne G\u00e4rten in Somerset - Urlaub &amp; Reisen","isPartOf":{"@id":"https:\/\/www.urlaubcornwall.de\/blog\/#website"},"datePublished":"2022-11-01T09:10:22+00:00","dateModified":"2024-05-31T09:31:22+00:00","breadcrumb":{"@id":"https:\/\/www.urlaubcornwall.de\/blog\/gaerten-in-somerset\/#breadcrumb"},"inLanguage":"en-US","potentialAction":[{"@type":"ReadAction","target":["https:\/\/www.urlaubcornwall.de\/blog\/gaerten-in-somerset\/"]}]},{"@type":"BreadcrumbList","@id":"https:\/\/www.urlaubcornwall.de\/blog\/gaerten-in-somerset\/#breadcrumb","itemListElement":[{"@type":"ListItem","position":1,"name":"Home","item":"https:\/\/www.urlaubcornwall.de\/blog\/"},{"@type":"ListItem","position":2,"name":"Sch\u00f6ne G\u00e4rten in Somerset"}]}]}},"_links":{"self":[{"href":"https:\/\/www.urlaubcornwall.de\/blog\/wp-json\/wp\/v2\/pages\/45234"}],"collection":[{"href":"https:\/\/www.urlaubcornwall.de\/blog\/wp-json\/wp\/v2\/pages"}],"about":[{"href":"https:\/\/www.urlaubcornwall.de\/blog\/wp-json\/wp\/v2\/types\/page"}],"author":[{"embeddable":true,"href":"https:\/\/www.urlaubcornwall.de\/blog\/wp-json\/wp\/v2\/users\/1"}],"replies":[{"embeddable":true,"href":"https:\/\/www.urlaubcornwall.de\/blog\/wp-json\/wp\/v2\/comments?post=45234"}],"version-history":[{"count":13,"href":"https:\/\/www.urlaubcornwall.de\/blog\/wp-json\/wp\/v2\/pages\/45234\/revisions"}],"predecessor-version":[{"id":51275,"href":"https:\/\/www.urlaubcornwall.de\/blog\/wp-json\/wp\/v2\/pages\/45234\/revisions\/51275"}],"wp:attachment":[{"href":"https:\/\/www.urlaubcornwall.de\/blog\/wp-json\/wp\/v2\/media?parent=45234"}],"curies":[{"name":"wp","href":"https:\/\/api.w.org\/{rel}","templated":true}]}}