{"id":45219,"date":"2022-10-31T14:58:45","date_gmt":"2022-10-31T14:58:45","guid":{"rendered":"https:\/\/www.urlaubcornwall.de\/blog\/?page_id=45219"},"modified":"2024-04-12T10:12:00","modified_gmt":"2024-04-12T10:12:00","slug":"gaerten-in-devon","status":"publish","type":"page","link":"https:\/\/www.urlaubcornwall.de\/blog\/gaerten-in-devon\/","title":{"rendered":"Sch\u00f6ne G\u00e4rten in Devon"},"content":{"rendered":"<p><a href=\"https:\/\/www.urlaubcornwall.de\/ferienhaeuser-fewos\/eng\/devon\/devon.html\">Devon<\/a> ist vielleicht am besten f\u00fcr seine unglaubliche K\u00fcste und seine <a href=\"https:\/\/www.urlaubcornwall.de\/ferienhaeuser-fewos\/eng\/devon\/devon-am-meer.html\">atemberaubenden Str\u00e4nde<\/a> bekannt, aber es gibt noch viel mehr. In dieser abwechslungsreichen und wundersch\u00f6nen Grafschaft gibt es eine Reihe unglaublicher G\u00e4rten, die Einblicke in die Vergangenheit, Gegenwart und Zukunft bieten. Hier sind einige der besten G\u00e4rten in Devon, die nur darauf warten, erkundet zu werden.<\/p>\n<p><strong><a href=\"https:\/\/www.bictongardens.co.uk\/\">Bicton Park Botanischer Garten, Budleigh Salterton<\/a><\/strong><\/p>\n<p><img loading=\"lazy\" class=\"aligncenter size-full wp-image-45221\" src=\"https:\/\/www.urlaubcornwall.de\/blog\/wp-content\/uploads\/2022\/10\/Bicton-Park-Botanical-Gardens-Budleigh-Salterton.jpg\" alt=\"Bicton Park Botanical Gardens, Budleigh Salterton\" width=\"750\" height=\"501\" srcset=\"https:\/\/www.urlaubcornwall.de\/blog\/wp-content\/uploads\/2022\/10\/Bicton-Park-Botanical-Gardens-Budleigh-Salterton.jpg 750w, https:\/\/www.urlaubcornwall.de\/blog\/wp-content\/uploads\/2022\/10\/Bicton-Park-Botanical-Gardens-Budleigh-Salterton-300x200.jpg 300w\" sizes=\"(max-width: 750px) 100vw, 750px\" \/><\/p>\n<p>Sie haben \u00fcber 26 Hektar zu erkunden und eine riesige Vielfalt an Pflanzen und Ausstellungen. Empfehlenswert ist ein Spaziergang um das sch\u00f6ne Palmenhaus mit seinen hohen Palmen und 18.000 Glasscheiben, die sich zu einem unglaublichen Anblick vereinen. Unter den Bl\u00e4ttern versteckt finden Sie auch ein Tropenhaus, ein Trockenhaus und ein gem\u00e4\u00dfigtes Haus, die alle eine atemberaubende Flora beherbergen.<\/p>\n<p>F\u00fcr diejenigen, die andere Attraktionen w\u00fcnschen, bietet Bicton Park Indoor- und Outdoor-Spielpl\u00e4tze f\u00fcr Kinder, ein Landschaftsmuseum und ein Restaurant.<\/p>\n<p><strong><a href=\"https:\/\/www.nationaltrust.org.uk\/castle-drogo\">Schloss Drogo, bei Exeter<\/a><\/strong><\/p>\n<p><img loading=\"lazy\" class=\"aligncenter size-full wp-image-48837\" src=\"https:\/\/www.urlaubcornwall.de\/blog\/wp-content\/uploads\/2024\/04\/drogo-schloss-e1712150470276.jpg\" alt=\"drogo schloss\" width=\"750\" height=\"417\"\/><\/p>\n<p>Die G\u00e4rten von Castle Drogo, <a href=\"https:\/\/www.urlaubcornwall.de\/ferienhaeuser-fewos\/eng\/sued-devon\/devon-dartmoor.html\">Dartmoor<\/a>, bieten zu jeder Jahreszeit einen faszinierenden Ort f\u00fcr einen Besuch. Die G\u00e4rten selbst wurden vor \u00fcber einem Jahrhundert angelegt und bieten einen Kontrast zwischen dem alten Granit und bl\u00fchenden Blumen, insbesondere dem ber\u00fchmten Rosengarten.<\/p>\n<p>Wenn Sie im Fr\u00fchling kommen, werden Sie alle Farben des Regenbogens um sich herum finden, wenn Rhododendren, Kamelien und Magnolien rund um das Gel\u00e4nde bl\u00fchen. Dieser formale Garten ist der h\u00f6chste aller G\u00e4rten im National Trust. Nachdem Sie durch die G\u00e4rten geschlendert sind, lohnt es sich, in das Schloss selbst zu gehen, das voller Geschichte und faszinierender Geschichten ist.<\/p>\n<p><strong><a href=\"https:\/\/www.nationaltrust.org.uk\/coleton-fishacre\">Coleton Fishacre Haus und Garten, Kingswear<\/a><\/strong><\/p>\n<p><img loading=\"lazy\" class=\"aligncenter size-full wp-image-48828\" src=\"https:\/\/www.urlaubcornwall.de\/blog\/wp-content\/uploads\/2024\/04\/Coleton-Fishacre.jpg\" alt=\"\" width=\"750\" height=\"424\" srcset=\"https:\/\/www.urlaubcornwall.de\/blog\/wp-content\/uploads\/2024\/04\/Coleton-Fishacre.jpg 750w, https:\/\/www.urlaubcornwall.de\/blog\/wp-content\/uploads\/2024\/04\/Coleton-Fishacre-300x170.jpg 300w\" sizes=\"(max-width: 750px) 100vw, 750px\" \/><\/p>\n<p>Coleton Fishacre und sein wundersch\u00f6nes Haus und sein Garten sind ein Muss bei einem <a href=\"https:\/\/www.urlaubcornwall.de\/ferienhaeuser\/devon.php\">Urlaub in Devonshire<\/a>. Profitieren Sie von einem milden Klima dank der riesigen B\u00e4ume, die das Tal sch\u00fctzen, in den G\u00e4rten von Coleton Fishacre gibt es viele spektakul\u00e4re Sehensw\u00fcrdigkeiten zu sehen \u2013 ganz zu schweigen von einigen wundersch\u00f6nen Meerblicken! Genie\u00dfen Sie die Blumenrabatte vor dem Haus, bevor Sie am Bach entlang, der durch das Zentrum flie\u00dft, durch den Garten schlendern.<\/p>\n<p>Es gibt eine Reihe von Terrassen mit sch\u00f6nen sonnenliebenden Pflanzen und Pools, die eine wunderbar ruhige Atmosph\u00e4re schaffen. Schlie\u00dflich begeben Sie sich zum unglaublichen K\u00fcstenwaldgarten und zum Scout Point, um einen atemberaubenden Meerblick und eine informellere Gartenbautour zu genie\u00dfen. Hier finden Sie auch einige Pl\u00e4tze f\u00fcr ein Picknick.<\/p>\n<p><strong><a href=\"https:\/\/www.dartington.org\/visit\/the-gardens\/\">Dartington Hall Gardens, Totnes<\/a><\/strong><\/p>\n<p><img loading=\"lazy\" class=\"aligncenter size-full wp-image-45225\" src=\"https:\/\/www.urlaubcornwall.de\/blog\/wp-content\/uploads\/2022\/10\/Dartington-Hall-Gardens-Totnes.jpg\" alt=\"Dartington Hall Gardens, Totnes\" width=\"750\" height=\"501\" srcset=\"https:\/\/www.urlaubcornwall.de\/blog\/wp-content\/uploads\/2022\/10\/Dartington-Hall-Gardens-Totnes.jpg 750w, https:\/\/www.urlaubcornwall.de\/blog\/wp-content\/uploads\/2022\/10\/Dartington-Hall-Gardens-Totnes-300x200.jpg 300w\" sizes=\"(max-width: 750px) 100vw, 750px\" \/><\/p>\n<p>Urspr\u00fcnglich als formeller viktorianischer Garten entworfen, wurde er inzwischen umgestaltet, um ein wilderes, nat\u00fcrlicheres Gef\u00fchl zu vermitteln. Mit Moos ausgelegte Wege, Steinmauern, die vielen Kletterpflanzen ein Zuhause bieten, und eine F\u00fclle von Wild- und Fr\u00fchlingsblumen \u2013 es ist wirklich ein magischer Garten. Die Kinder werden es lieben, die vielen versteckten Geheimnisse zu entdecken, darunter einige alte B\u00e4ume.<\/p>\n<p>W\u00e4hrend Sie in Dartington Hall gutes Essen finden, empfehlen wir Ihnen, The Cott Inn zu besuchen, das eine gro\u00dfartige Speisekarte in einem h\u00fcbschen strohgedeckten Geb\u00e4ude bietet.<\/p>\n<p><strong><a href=\"https:\/\/www.clovelly.co.uk\/things-to-do\/seeing-clovelly\/clovelly-court-gardens\/\">Clovelly Court Gardens, Clovelly<\/a><\/strong><\/p>\n<p><img loading=\"lazy\" class=\"aligncenter size-full wp-image-47866\" src=\"https:\/\/www.urlaubcornwall.de\/blog\/wp-content\/uploads\/2024\/03\/clovelly.jpg\" alt=\"clovelly\" width=\"750\" height=\"500\" srcset=\"https:\/\/www.urlaubcornwall.de\/blog\/wp-content\/uploads\/2024\/03\/clovelly.jpg 750w, https:\/\/www.urlaubcornwall.de\/blog\/wp-content\/uploads\/2024\/03\/clovelly-300x200.jpg 300w\" sizes=\"(max-width: 750px) 100vw, 750px\" \/><\/p>\n<p>Ber\u00fchmt f\u00fcr sein striktes Autoverbot, ist das <a href=\"https:\/\/www.urlaubcornwall.de\/ferienhaeuser-fewos\/eng\/nord-devon\/clovelly.html\">malerische Dorf Clovelly<\/a> mit seinen abfallenden Kopfsteinpflasterstra\u00dfen und einem h\u00fcbschen Hafen zweifellos eines der besten Dinge, die man in Nord-Devon unternehmen kann. Aber auch die Court Gardens in Clovelly sind ein Muss f\u00fcr sich.<\/p>\n<p>Die sonnigen und gesch\u00fctzten G\u00e4rten sorgen daf\u00fcr, dass Pflanzen gedeihen und sch\u00f6ne Anblicke und Ger\u00fcche schaffen \u2013 ganz zu schweigen von einem fantastischen ummauerten Gem\u00fcsegarten, der das \u00f6rtliche Red Lion Hotel mit fabelhafter Frische versorgt. W\u00e4hrend Ihres Gartenspaziergangs besuchen Sie die Clovelly Court Great Terrace mit weitreichendem Blick auf Lundy und Bideford Bay an klaren Tagen, was sie zu einem hervorragenden Ort f\u00fcr ein Picknick mit Aussicht macht. Die Gew\u00e4chsh\u00e4user beherbergen auch eine Reihe saftiger Aprikosen, Pfirsiche, Nektarinen, Melonen und vieles mehr, die die Luft mit s\u00fc\u00dfen Aromen erf\u00fcllen.<\/p>\n<p><strong><a href=\"https:\/\/www.nationaltrust.org.uk\/killerton\/features\/the-garden-at-killerton\">Killerton House Gardens, Exeter<\/a><\/strong><\/p>\n<p><img loading=\"lazy\" class=\"aligncenter size-full wp-image-45227\" src=\"https:\/\/www.urlaubcornwall.de\/blog\/wp-content\/uploads\/2022\/10\/Killerton-House-Gardens-Exeter.jpg\" alt=\"Killerton House Gardens, Exeter\" width=\"750\" height=\"501\" srcset=\"https:\/\/www.urlaubcornwall.de\/blog\/wp-content\/uploads\/2022\/10\/Killerton-House-Gardens-Exeter.jpg 750w, https:\/\/www.urlaubcornwall.de\/blog\/wp-content\/uploads\/2022\/10\/Killerton-House-Gardens-Exeter-300x200.jpg 300w\" sizes=\"(max-width: 750px) 100vw, 750px\" \/><\/p>\n<p>Von uralten B\u00e4umen bis hin zu einem formellen Garten ist in den G\u00e4rten des Killerton House f\u00fcr jeden g\u00e4rtnerischen Geschmack etwas dabei. Staudenrabatten s\u00e4umen den h\u00fcbschen Terrassengarten, der in den Sommermonaten zum Leben erwacht. Der formelle Garten setzt das Thema idyllischer Szenen fort, w\u00e4hrend Sie den Pfad entlang gehen und entdecken, warum es der Lieblingsort des 10. Baronet, Sir Thomas Acland, war.<\/p>\n<p>Die h\u00fcgelige Landschaft von Devonshire bildet eine unglaubliche Kulisse f\u00fcr Ihren Besuch und wird durch die wundersch\u00f6nen Wildblumenwiesen betont. Wenn Ihr Gartenspaziergang zu Ende geht, betreten Sie das Killerton House selbst, um weitere beeindruckende Sehensw\u00fcrdigkeiten zu sehen, oder besuchen Sie das Caf\u00e9 Stables oder das Caf\u00e9 Killerton Kitchen f\u00fcr eine k\u00f6stliche Mahlzeit.<\/p>\n<p><strong><a href=\"https:\/\/www.rhs.org.uk\/gardens\/rosemoor\">RHS Garten Rosemoor, Torrington<\/a><\/strong><\/p>\n<p><img loading=\"lazy\" class=\"aligncenter size-full wp-image-45229\" src=\"https:\/\/www.urlaubcornwall.de\/blog\/wp-content\/uploads\/2022\/10\/RHS-Garden-Rosemoor-Torrington.jpg\" alt=\"RHS Garden Rosemoor, Torrington\" width=\"750\" height=\"501\" srcset=\"https:\/\/www.urlaubcornwall.de\/blog\/wp-content\/uploads\/2022\/10\/RHS-Garden-Rosemoor-Torrington.jpg 750w, https:\/\/www.urlaubcornwall.de\/blog\/wp-content\/uploads\/2022\/10\/RHS-Garden-Rosemoor-Torrington-300x200.jpg 300w\" sizes=\"(max-width: 750px) 100vw, 750px\" \/><\/p>\n<p>Ob Sie im Fr\u00fchling, in den sonnigen Sommermonaten oder im Winter kommen, Sie werden von der unglaublichen Vielfalt begeistert sein. Bewundern Sie, wie der hei\u00dfe Garten versucht (und es schafft), jeden Farbton der W\u00e4rme darzustellen. F\u00fcr ein wilderes Erlebnis besuchen Sie den oberen Moorgarten, wo Sie einen bezaubernden Bachgarten, eine Felsenrinne und einen See finden.<\/p>\n<p>Auch der Steingarten mit seiner historischen L\u00f6wenstatue und sch\u00f6nen japanischen Einfl\u00fcssen sowie der Obst- und Gem\u00fcsegarten und die Obstplantagen sind einen Besuch wert. Sobald Sie gesehen haben, woher das Essen kommt, ist es an der Zeit, es im Garden Kitchen Restaurant zu probieren, das eine Reihe von Gerichten und Getr\u00e4nken anbietet.<\/p>\n<p><strong><a href=\"http:\/\/Powderham Castle, Exeter\">Schloss Powderham, Exeter<\/a><\/strong><\/p>\n<p><img loading=\"lazy\" class=\"aligncenter size-full wp-image-48170\" src=\"https:\/\/www.urlaubcornwall.de\/blog\/wp-content\/uploads\/2024\/03\/Powderham-Castle.jpg\" alt=\"Powderham-Castle\" width=\"750\" height=\"500\" srcset=\"https:\/\/www.urlaubcornwall.de\/blog\/wp-content\/uploads\/2024\/03\/Powderham-Castle.jpg 750w, https:\/\/www.urlaubcornwall.de\/blog\/wp-content\/uploads\/2024\/03\/Powderham-Castle-300x200.jpg 300w\" sizes=\"(max-width: 750px) 100vw, 750px\" \/><br \/>\nimage credit powderham castle<\/p>\n<p>Powderham Castle, die Heimat einiger fantastischer Musikfestivals, ist auch ein gro\u00dfartiger Ort f\u00fcr einen kleinen g\u00e4rtnerischen Spaziergang durch 600 Jahre Geschichte. Der amerikanische Garten, der vom dritten Viscount of Devon angelegt wurde, ist ein willkommener Garten der Ruhe und Stille inmitten exotischer B\u00e4ume und eines besonders kuriosen gotischen Sommerhauses.<\/p>\n<p>Von der Spitze des Belvedere-Turms aus sollte der Rosengarten als n\u00e4chstes auf Ihrer Besuchsliste stehen, besonders im Juni, wenn die Rosen in voller Bl\u00fcte stehen. Hier werden nicht nur Rosen ausgestellt, denn der Garten bietet einen weiten Blick auf das Schloss, den Wildpark und sogar auf die M\u00fcndung des Flusses Exe \u2013 Sie haben die Qual der Wahl f\u00fcr Urlaubsfotos!<\/p>\n<p><strong><a href=\"https:\/\/stonelanegardens.com\/\">Stone Lane Gardens, Chagford<\/a><\/strong><\/p>\n<p><img loading=\"lazy\" class=\"aligncenter size-full wp-image-45231\" src=\"https:\/\/www.urlaubcornwall.de\/blog\/wp-content\/uploads\/2022\/10\/Stone-Lane-Gardens-Chagford.jpg\" alt=\"Stone Lane Gardens, Chagford\" width=\"750\" height=\"501\" srcset=\"https:\/\/www.urlaubcornwall.de\/blog\/wp-content\/uploads\/2022\/10\/Stone-Lane-Gardens-Chagford.jpg 750w, https:\/\/www.urlaubcornwall.de\/blog\/wp-content\/uploads\/2022\/10\/Stone-Lane-Gardens-Chagford-300x200.jpg 300w\" sizes=\"(max-width: 750px) 100vw, 750px\" \/><\/p>\n<p>Am Rande des <a href=\"https:\/\/www.urlaubcornwall.de\/blog\/dartmoor-ein-mystischer-ort\/\">Nationalparks Dartmoor<\/a> gelegen, beherbergen die Stone Lane Gardens wundersch\u00f6ne Waldgebiete. Die friedlichen Ger\u00e4usche des Wassergartens machen ihn zu einem gro\u00dfartigen Ort f\u00fcr Familienspazierg\u00e4nge mit dem Hund \u2013 die Hunde sind auch in der Teestube willkommen!<\/p>\n<p>Wenn Sie in den Sommermonaten durch die friedlichen W\u00e4lder schlendern, halten Sie zwischen den Birken und Erlen nach Skulpturen Ausschau. Die wundersch\u00f6nen W\u00e4lder der Stone Lane Gardens, die jedes Jahr stattfinden, sind Gastgeber des renommierten Ashburner Prize, bei dem eine Vielzahl von K\u00fcnstlern aus dem West Country zusammenkommen, um ihre Werke zu pr\u00e4sentieren. Die Kombination aus alten B\u00e4umen und zeitgen\u00f6ssischer Kunst schafft einen wirklich bezaubernden Anblick, mit einer neuen und faszinierenden Ausstellung an jeder Ecke.<\/p>\n<p>Wenn Sie mit Ihrem Hund hier spazieren gehen, empfehlen wir auf jeden Fall, auch in den Dartmoor National Park selbst zu gehen, wo es einige gro\u00dfartige hundefreundliche Spazierg\u00e4nge gibt \u2013 ganz zu schweigen von einigen sch\u00f6nen hundefreundlichen Cottages!<\/p>\n<p><strong><a href=\"https:\/\/www.fursdon.co.uk\/visits\/garden\">Fursdon Gardens und Tearoom, Exeter<\/a><\/strong><\/p>\n<p><img loading=\"lazy\" class=\"aligncenter size-full wp-image-45226\" src=\"https:\/\/www.urlaubcornwall.de\/blog\/wp-content\/uploads\/2022\/10\/Fursdon-Gardens-and-Tea-Room-Exeter.jpg\" alt=\"Fursdon Gardens and Tea Room, Exeter\" width=\"750\" height=\"501\" srcset=\"https:\/\/www.urlaubcornwall.de\/blog\/wp-content\/uploads\/2022\/10\/Fursdon-Gardens-and-Tea-Room-Exeter.jpg 750w, https:\/\/www.urlaubcornwall.de\/blog\/wp-content\/uploads\/2022\/10\/Fursdon-Gardens-and-Tea-Room-Exeter-300x200.jpg 300w\" sizes=\"(max-width: 750px) 100vw, 750px\" \/><\/p>\n<p>Ein weiterer Garten in der N\u00e4he der Wildnis von <a href=\"https:\/\/www.urlaubcornwall.de\/ferienhaeuser-fewos\/eng\/sued-devon\/devon-dartmoor.html\">Dartmoor<\/a> bei Fursdon mit sch\u00f6nen Terrassen mit Rosen, Kr\u00e4utern und Stauden.<br \/>\nSie werden eine traditionelle Reihe von Rabatten finden, von denen viele einen Schutz unter den historischen Mauern von Fursdon House genie\u00dfen, ein hervorragender Ort f\u00fcr ein Picknick oder eine Gartenmeditation. Der Wiesengarten f\u00f6rdert die Tierwelt mit sorgf\u00e4ltiger Bepflanzung und einem Schwerpunkt auf Wildblumen und dem friedlichen Teich. Nachdem Sie sich die G\u00e4rten angesehen haben, gehen Sie in die Coach Hall Teestube, um eines der ber\u00fchmten Eiscremes von Farmer Tom zu genie\u00dfen.<\/p>\n<p>Sind Sie bereit, die besten G\u00e4rten in Devon zu erkunden? Werfen Sie einen Blick auf <a href=\"https:\/\/www.urlaubcornwall.de\/ferienhaeuser-fewos\/eng\/devon\/devon.html\">unsere einladenden Feriencottages<\/a> und beginnen Sie mit der Planung Ihrer Flucht in die Natur.<\/p>\n","protected":false},"excerpt":{"rendered":"<p>Devon ist vielleicht am besten f\u00fcr seine unglaubliche K\u00fcste und seine atemberaubenden Str\u00e4nde bekannt, aber es gibt noch viel mehr. In dieser abwechslungsreichen und wundersch\u00f6nen Grafschaft gibt es eine Reihe unglaublicher G\u00e4rten, die Einblicke in die Vergangenheit, Gegenwart und Zukunft bieten. Hier sind einige der besten G\u00e4rten in Devon, die nur darauf warten, erkundet zu [&hellip;]<\/p>\n","protected":false},"author":1,"featured_media":0,"parent":0,"menu_order":0,"comment_status":"closed","ping_status":"closed","template":"single-four.php","meta":[],"acf":[],"yoast_head":"<!-- This site is optimized with the Yoast SEO plugin v19.4 - https:\/\/yoast.com\/wordpress\/plugins\/seo\/ -->\n<title>Sch\u00f6ne G\u00e4rten in Devon - Urlaub &amp; Reisen<\/title>\n<meta name=\"robots\" content=\"index, follow, max-snippet:-1, max-image-preview:large, max-video-preview:-1\" \/>\n<link rel=\"canonical\" href=\"https:\/\/www.urlaubcornwall.de\/blog\/gaerten-in-devon\/\" \/>\n<meta property=\"og:locale\" content=\"en_US\" \/>\n<meta property=\"og:type\" content=\"article\" \/>\n<meta property=\"og:title\" content=\"Sch\u00f6ne G\u00e4rten in Devon - Urlaub &amp; Reisen\" \/>\n<meta property=\"og:description\" content=\"Devon ist vielleicht am besten f\u00fcr seine unglaubliche K\u00fcste und seine atemberaubenden Str\u00e4nde bekannt, aber es gibt noch viel mehr. In dieser abwechslungsreichen und wundersch\u00f6nen Grafschaft gibt es eine Reihe unglaublicher G\u00e4rten, die Einblicke in die Vergangenheit, Gegenwart und Zukunft bieten. Hier sind einige der besten G\u00e4rten in Devon, die nur darauf warten, erkundet zu [&hellip;]\" \/>\n<meta property=\"og:url\" content=\"https:\/\/www.urlaubcornwall.de\/blog\/gaerten-in-devon\/\" \/>\n<meta property=\"og:site_name\" content=\"Urlaub &amp; Reisen\" \/>\n<meta property=\"article:modified_time\" content=\"2024-04-12T10:12:00+00:00\" \/>\n<meta property=\"og:image\" content=\"https:\/\/www.urlaubcornwall.de\/blog\/wp-content\/uploads\/2022\/10\/Bicton-Park-Botanical-Gardens-Budleigh-Salterton.jpg\" \/>\n<meta name=\"twitter:card\" content=\"summary\" \/>\n<meta name=\"twitter:label1\" content=\"Est. reading time\" \/>\n\t<meta name=\"twitter:data1\" content=\"8 minutes\" \/>\n<script type=\"application\/ld+json\" class=\"yoast-schema-graph\">{\"@context\":\"https:\/\/schema.org\",\"@graph\":[{\"@type\":\"WebSite\",\"@id\":\"https:\/\/www.urlaubcornwall.de\/blog\/#website\",\"url\":\"https:\/\/www.urlaubcornwall.de\/blog\/\",\"name\":\"Urlaub &amp; Reisen\",\"description\":\"Urlaub, Reisen, Cornwall und S\u00fcdengland: eine perfekte Kombination\",\"potentialAction\":[{\"@type\":\"SearchAction\",\"target\":{\"@type\":\"EntryPoint\",\"urlTemplate\":\"https:\/\/www.urlaubcornwall.de\/blog\/?s={search_term_string}\"},\"query-input\":\"required name=search_term_string\"}],\"inLanguage\":\"en-US\"},{\"@type\":\"WebPage\",\"@id\":\"https:\/\/www.urlaubcornwall.de\/blog\/gaerten-in-devon\/\",\"url\":\"https:\/\/www.urlaubcornwall.de\/blog\/gaerten-in-devon\/\",\"name\":\"Sch\u00f6ne G\u00e4rten in Devon - Urlaub &amp; Reisen\",\"isPartOf\":{\"@id\":\"https:\/\/www.urlaubcornwall.de\/blog\/#website\"},\"datePublished\":\"2022-10-31T14:58:45+00:00\",\"dateModified\":\"2024-04-12T10:12:00+00:00\",\"breadcrumb\":{\"@id\":\"https:\/\/www.urlaubcornwall.de\/blog\/gaerten-in-devon\/#breadcrumb\"},\"inLanguage\":\"en-US\",\"potentialAction\":[{\"@type\":\"ReadAction\",\"target\":[\"https:\/\/www.urlaubcornwall.de\/blog\/gaerten-in-devon\/\"]}]},{\"@type\":\"BreadcrumbList\",\"@id\":\"https:\/\/www.urlaubcornwall.de\/blog\/gaerten-in-devon\/#breadcrumb\",\"itemListElement\":[{\"@type\":\"ListItem\",\"position\":1,\"name\":\"Home\",\"item\":\"https:\/\/www.urlaubcornwall.de\/blog\/\"},{\"@type\":\"ListItem\",\"position\":2,\"name\":\"Sch\u00f6ne G\u00e4rten in Devon\"}]}]}<\/script>\n<!-- \/ Yoast SEO plugin. -->","yoast_head_json":{"title":"Sch\u00f6ne G\u00e4rten in Devon - Urlaub &amp; Reisen","robots":{"index":"index","follow":"follow","max-snippet":"max-snippet:-1","max-image-preview":"max-image-preview:large","max-video-preview":"max-video-preview:-1"},"canonical":"https:\/\/www.urlaubcornwall.de\/blog\/gaerten-in-devon\/","og_locale":"en_US","og_type":"article","og_title":"Sch\u00f6ne G\u00e4rten in Devon - Urlaub &amp; Reisen","og_description":"Devon ist vielleicht am besten f\u00fcr seine unglaubliche K\u00fcste und seine atemberaubenden Str\u00e4nde bekannt, aber es gibt noch viel mehr. In dieser abwechslungsreichen und wundersch\u00f6nen Grafschaft gibt es eine Reihe unglaublicher G\u00e4rten, die Einblicke in die Vergangenheit, Gegenwart und Zukunft bieten. Hier sind einige der besten G\u00e4rten in Devon, die nur darauf warten, erkundet zu [&hellip;]","og_url":"https:\/\/www.urlaubcornwall.de\/blog\/gaerten-in-devon\/","og_site_name":"Urlaub &amp; Reisen","article_modified_time":"2024-04-12T10:12:00+00:00","og_image":[{"url":"https:\/\/www.urlaubcornwall.de\/blog\/wp-content\/uploads\/2022\/10\/Bicton-Park-Botanical-Gardens-Budleigh-Salterton.jpg"}],"twitter_card":"summary","twitter_misc":{"Est. reading time":"8 minutes"},"schema":{"@context":"https:\/\/schema.org","@graph":[{"@type":"WebSite","@id":"https:\/\/www.urlaubcornwall.de\/blog\/#website","url":"https:\/\/www.urlaubcornwall.de\/blog\/","name":"Urlaub &amp; Reisen","description":"Urlaub, Reisen, Cornwall und S\u00fcdengland: eine perfekte Kombination","potentialAction":[{"@type":"SearchAction","target":{"@type":"EntryPoint","urlTemplate":"https:\/\/www.urlaubcornwall.de\/blog\/?s={search_term_string}"},"query-input":"required name=search_term_string"}],"inLanguage":"en-US"},{"@type":"WebPage","@id":"https:\/\/www.urlaubcornwall.de\/blog\/gaerten-in-devon\/","url":"https:\/\/www.urlaubcornwall.de\/blog\/gaerten-in-devon\/","name":"Sch\u00f6ne G\u00e4rten in Devon - Urlaub &amp; Reisen","isPartOf":{"@id":"https:\/\/www.urlaubcornwall.de\/blog\/#website"},"datePublished":"2022-10-31T14:58:45+00:00","dateModified":"2024-04-12T10:12:00+00:00","breadcrumb":{"@id":"https:\/\/www.urlaubcornwall.de\/blog\/gaerten-in-devon\/#breadcrumb"},"inLanguage":"en-US","potentialAction":[{"@type":"ReadAction","target":["https:\/\/www.urlaubcornwall.de\/blog\/gaerten-in-devon\/"]}]},{"@type":"BreadcrumbList","@id":"https:\/\/www.urlaubcornwall.de\/blog\/gaerten-in-devon\/#breadcrumb","itemListElement":[{"@type":"ListItem","position":1,"name":"Home","item":"https:\/\/www.urlaubcornwall.de\/blog\/"},{"@type":"ListItem","position":2,"name":"Sch\u00f6ne G\u00e4rten in Devon"}]}]}},"_links":{"self":[{"href":"https:\/\/www.urlaubcornwall.de\/blog\/wp-json\/wp\/v2\/pages\/45219"}],"collection":[{"href":"https:\/\/www.urlaubcornwall.de\/blog\/wp-json\/wp\/v2\/pages"}],"about":[{"href":"https:\/\/www.urlaubcornwall.de\/blog\/wp-json\/wp\/v2\/types\/page"}],"author":[{"embeddable":true,"href":"https:\/\/www.urlaubcornwall.de\/blog\/wp-json\/wp\/v2\/users\/1"}],"replies":[{"embeddable":true,"href":"https:\/\/www.urlaubcornwall.de\/blog\/wp-json\/wp\/v2\/comments?post=45219"}],"version-history":[{"count":11,"href":"https:\/\/www.urlaubcornwall.de\/blog\/wp-json\/wp\/v2\/pages\/45219\/revisions"}],"predecessor-version":[{"id":48849,"href":"https:\/\/www.urlaubcornwall.de\/blog\/wp-json\/wp\/v2\/pages\/45219\/revisions\/48849"}],"wp:attachment":[{"href":"https:\/\/www.urlaubcornwall.de\/blog\/wp-json\/wp\/v2\/media?parent=45219"}],"curies":[{"name":"wp","href":"https:\/\/api.w.org\/{rel}","templated":true}]}}