{"id":45214,"date":"2022-10-31T13:57:48","date_gmt":"2022-10-31T13:57:48","guid":{"rendered":"https:\/\/www.urlaubcornwall.de\/blog\/?page_id=45214"},"modified":"2024-05-30T10:29:14","modified_gmt":"2024-05-30T10:29:14","slug":"hestercombe-gaerten-in-somerset","status":"publish","type":"page","link":"https:\/\/www.urlaubcornwall.de\/blog\/hestercombe-gaerten-in-somerset\/","title":{"rendered":"Hestercombe G\u00e4rten in Somerset"},"content":{"rendered":"<p><img loading=\"lazy\" class=\"aligncenter size-full wp-image-45216\" src=\"https:\/\/www.urlaubcornwall.de\/blog\/wp-content\/uploads\/2022\/10\/IMG_1092.jpg\" alt=\"Hestercombe G\u00e4rten in Somerset \" width=\"750\" height=\"563 srcset=\"https:\/\/www.urlaubcornwall.de\/blog\/wp-content\/uploads\/2022\/10\/IMG_1092.jpg 750w, https:\/\/www.urlaubcornwall.de\/blog\/wp-content\/uploads\/2022\/10\/IMG_1092-300x225.jpg 300w\" sizes=\"(max-width: 750px) 100vw, 750px\" \/><\/p>\n<p>Die Hestercombe Gardens sind die sch\u00f6nsten Anweseng\u00e4rten im <a href=\"https:\/\/www.urlaubcornwall.de\/ferienhaeuser\/suedwesten-englands.php\">S\u00fcdwesten Englands<\/a>. Mit \u00fcber 300 Jahren Gartengestaltung an einem Ort ist es f\u00fcr Liebhaber von Flora und Fauna sicherlich eine gute Wahl f\u00fcr einen Tagesausflug in <a href=\"https:\/\/www.urlaubcornwall.de\/ferienhaeuser-fewos\/eng\/somerset\/somerset.html\">Somerset<\/a>. <\/p>\n<p>Diese G\u00e4rten liegen etwas au\u00dferhalb von <a href=\"https:\/\/www.urlaubcornwall.de\/ferienhaeuser-fewos\/eng\/somerset\/taunton.html\">Taunton<\/a>, Somerset, und sind ein inspirierender Tagesausflug f\u00fcr die ganze Familie. Machen Sie einen Spaziergang entlang der Seeuferpfade im Georgian Landscape Garden, erkunden Sie den Edwardian Formal Garden, der von den ber\u00fchmten Landschaftsarchitekten Gertrude Jekyll und Edwin Lutyens angelegt wurde, und bewundern Sie die umliegende Landschaft von der Victorian Terrace. Wir f\u00fchren Sie durch die Jahrhunderte der Gartengestaltung. Die Seen, Waldwege, Kaskaden und Tempel werden Sie sicherlich dazu inspirieren, Ihren eigenen Garten zu \u00fcberdenken (wenn auch in etwas kleinerem Ma\u00dfstab).<\/p>\n<p>Hestercombe ist wirklich einzigartig in der Welt der Landschaftsg\u00e4rtnerei, da sich seine Anf\u00e4nge \u00fcber drei Jahrhunderte erstrecken. Zuerst der georgianische Landschaftsgarten von Coplestone Warre Bampfulde, dann die sch\u00f6ne viktorianische Terrasse mit ihren Str\u00e4uchern und der edwardianische Garten. Die Mitarbeiter von Hestercombe arbeiteten daran, diese alten G\u00e4rten so zu restaurieren, dass sie ihre jeweiligen Zeitr\u00e4ume so genau wie m\u00f6glich widerspiegeln. Es gibt auch einen Picknickbereich, den Sie genie\u00dfen k\u00f6nnen, und die Wasserm\u00fchle aus dem 17. Jahrhundert ist etwas, das Sie nicht verpassen sollten, da sie auf wunderbare Weise die historische Nutzung erneuerbarer Energien demonstriert.<\/p>\n<p>Unser Lieblingsteil ist der Kiesweg von Rook Wood, wo wir die Aussicht von den ber\u00fchmten Daisy Steps genossen. Nicht zu \u00fcbersehen ist auch das Octagon Summerhouse im Landschaftsgarten mit Blick auf das Tal auf beiden Seiten.<\/p>\n<p>F\u00fcr Architekturliebhaber bietet Hestercombe House and Gallery Ausstellungen und Geschichte. Hier finden Sie auch das Stables Cafe, wo Sie einen Snack genie\u00dfen k\u00f6nnen, oder das Column Room Restaurant, das sich perfekt f\u00fcr einen Nachmittag oder ein k\u00f6stliches Drei-G\u00e4nge-Mittagessen eignet.<\/p>\n<p>Das Haus und die G\u00e4rten sind das ganze Jahr \u00fcber ge\u00f6ffnet (au\u00dfer am Weihnachtstag) und das Team dort ist sehr einladend. Im Gegensatz zu vielen H\u00e4usern und G\u00e4rten darf hier auch Ihr Hund Sie gerne bei einem Ausflug begleiten.<\/p>\n<p>Werfen Sie einen Blick auf <a href=\"https:\/\/www.urlaubcornwall.de\/ferienhaeuser-fewos\/eng\/somerset\/somerset.html\">unsere h\u00fcbschen Feriencottages in Somerset<\/a> und beginnen Sie mit der Planung Ihres Gartenbauurlaubs.<\/p>\n","protected":false},"excerpt":{"rendered":"","protected":false},"author":1,"featured_media":0,"parent":0,"menu_order":0,"comment_status":"closed","ping_status":"closed","template":"single-four.php","meta":[],"acf":[],"yoast_head":"<!-- This site is optimized with the Yoast SEO plugin v19.4 - https:\/\/yoast.com\/wordpress\/plugins\/seo\/ -->\n<title>Hestercombe G\u00e4rten in Somerset - Urlaub &amp; Reisen<\/title>\n<meta name=\"robots\" content=\"index, follow, max-snippet:-1, max-image-preview:large, max-video-preview:-1\" \/>\n<link rel=\"canonical\" href=\"https:\/\/www.urlaubcornwall.de\/blog\/hestercombe-gaerten-in-somerset\/\" \/>\n<meta property=\"og:locale\" content=\"en_US\" \/>\n<meta property=\"og:type\" content=\"article\" \/>\n<meta property=\"og:title\" content=\"Hestercombe G\u00e4rten in Somerset - Urlaub &amp; Reisen\" \/>\n<meta property=\"og:url\" content=\"https:\/\/www.urlaubcornwall.de\/blog\/hestercombe-gaerten-in-somerset\/\" \/>\n<meta property=\"og:site_name\" content=\"Urlaub &amp; Reisen\" \/>\n<meta property=\"article:modified_time\" content=\"2024-05-30T10:29:14+00:00\" \/>\n<meta property=\"og:image\" content=\"https:\/\/www.urlaubcornwall.de\/blog\/wp-content\/uploads\/2022\/10\/IMG_1092.jpg\" \/>\n<meta name=\"twitter:card\" content=\"summary\" \/>\n<meta name=\"twitter:label1\" content=\"Est. reading time\" \/>\n\t<meta name=\"twitter:data1\" content=\"2 minutes\" \/>\n<script type=\"application\/ld+json\" class=\"yoast-schema-graph\">{\"@context\":\"https:\/\/schema.org\",\"@graph\":[{\"@type\":\"WebSite\",\"@id\":\"https:\/\/www.urlaubcornwall.de\/blog\/#website\",\"url\":\"https:\/\/www.urlaubcornwall.de\/blog\/\",\"name\":\"Urlaub &amp; Reisen\",\"description\":\"Urlaub, Reisen, Cornwall und S\u00fcdengland: eine perfekte Kombination\",\"potentialAction\":[{\"@type\":\"SearchAction\",\"target\":{\"@type\":\"EntryPoint\",\"urlTemplate\":\"https:\/\/www.urlaubcornwall.de\/blog\/?s={search_term_string}\"},\"query-input\":\"required name=search_term_string\"}],\"inLanguage\":\"en-US\"},{\"@type\":\"WebPage\",\"@id\":\"https:\/\/www.urlaubcornwall.de\/blog\/hestercombe-gaerten-in-somerset\/\",\"url\":\"https:\/\/www.urlaubcornwall.de\/blog\/hestercombe-gaerten-in-somerset\/\",\"name\":\"Hestercombe G\u00e4rten in Somerset - Urlaub &amp; Reisen\",\"isPartOf\":{\"@id\":\"https:\/\/www.urlaubcornwall.de\/blog\/#website\"},\"datePublished\":\"2022-10-31T13:57:48+00:00\",\"dateModified\":\"2024-05-30T10:29:14+00:00\",\"breadcrumb\":{\"@id\":\"https:\/\/www.urlaubcornwall.de\/blog\/hestercombe-gaerten-in-somerset\/#breadcrumb\"},\"inLanguage\":\"en-US\",\"potentialAction\":[{\"@type\":\"ReadAction\",\"target\":[\"https:\/\/www.urlaubcornwall.de\/blog\/hestercombe-gaerten-in-somerset\/\"]}]},{\"@type\":\"BreadcrumbList\",\"@id\":\"https:\/\/www.urlaubcornwall.de\/blog\/hestercombe-gaerten-in-somerset\/#breadcrumb\",\"itemListElement\":[{\"@type\":\"ListItem\",\"position\":1,\"name\":\"Home\",\"item\":\"https:\/\/www.urlaubcornwall.de\/blog\/\"},{\"@type\":\"ListItem\",\"position\":2,\"name\":\"Hestercombe G\u00e4rten in Somerset\"}]}]}<\/script>\n<!-- \/ Yoast SEO plugin. -->","yoast_head_json":{"title":"Hestercombe G\u00e4rten in Somerset - Urlaub &amp; Reisen","robots":{"index":"index","follow":"follow","max-snippet":"max-snippet:-1","max-image-preview":"max-image-preview:large","max-video-preview":"max-video-preview:-1"},"canonical":"https:\/\/www.urlaubcornwall.de\/blog\/hestercombe-gaerten-in-somerset\/","og_locale":"en_US","og_type":"article","og_title":"Hestercombe G\u00e4rten in Somerset - Urlaub &amp; Reisen","og_url":"https:\/\/www.urlaubcornwall.de\/blog\/hestercombe-gaerten-in-somerset\/","og_site_name":"Urlaub &amp; Reisen","article_modified_time":"2024-05-30T10:29:14+00:00","og_image":[{"url":"https:\/\/www.urlaubcornwall.de\/blog\/wp-content\/uploads\/2022\/10\/IMG_1092.jpg"}],"twitter_card":"summary","twitter_misc":{"Est. reading time":"2 minutes"},"schema":{"@context":"https:\/\/schema.org","@graph":[{"@type":"WebSite","@id":"https:\/\/www.urlaubcornwall.de\/blog\/#website","url":"https:\/\/www.urlaubcornwall.de\/blog\/","name":"Urlaub &amp; Reisen","description":"Urlaub, Reisen, Cornwall und S\u00fcdengland: eine perfekte Kombination","potentialAction":[{"@type":"SearchAction","target":{"@type":"EntryPoint","urlTemplate":"https:\/\/www.urlaubcornwall.de\/blog\/?s={search_term_string}"},"query-input":"required name=search_term_string"}],"inLanguage":"en-US"},{"@type":"WebPage","@id":"https:\/\/www.urlaubcornwall.de\/blog\/hestercombe-gaerten-in-somerset\/","url":"https:\/\/www.urlaubcornwall.de\/blog\/hestercombe-gaerten-in-somerset\/","name":"Hestercombe G\u00e4rten in Somerset - Urlaub &amp; Reisen","isPartOf":{"@id":"https:\/\/www.urlaubcornwall.de\/blog\/#website"},"datePublished":"2022-10-31T13:57:48+00:00","dateModified":"2024-05-30T10:29:14+00:00","breadcrumb":{"@id":"https:\/\/www.urlaubcornwall.de\/blog\/hestercombe-gaerten-in-somerset\/#breadcrumb"},"inLanguage":"en-US","potentialAction":[{"@type":"ReadAction","target":["https:\/\/www.urlaubcornwall.de\/blog\/hestercombe-gaerten-in-somerset\/"]}]},{"@type":"BreadcrumbList","@id":"https:\/\/www.urlaubcornwall.de\/blog\/hestercombe-gaerten-in-somerset\/#breadcrumb","itemListElement":[{"@type":"ListItem","position":1,"name":"Home","item":"https:\/\/www.urlaubcornwall.de\/blog\/"},{"@type":"ListItem","position":2,"name":"Hestercombe G\u00e4rten in Somerset"}]}]}},"_links":{"self":[{"href":"https:\/\/www.urlaubcornwall.de\/blog\/wp-json\/wp\/v2\/pages\/45214"}],"collection":[{"href":"https:\/\/www.urlaubcornwall.de\/blog\/wp-json\/wp\/v2\/pages"}],"about":[{"href":"https:\/\/www.urlaubcornwall.de\/blog\/wp-json\/wp\/v2\/types\/page"}],"author":[{"embeddable":true,"href":"https:\/\/www.urlaubcornwall.de\/blog\/wp-json\/wp\/v2\/users\/1"}],"replies":[{"embeddable":true,"href":"https:\/\/www.urlaubcornwall.de\/blog\/wp-json\/wp\/v2\/comments?post=45214"}],"version-history":[{"count":2,"href":"https:\/\/www.urlaubcornwall.de\/blog\/wp-json\/wp\/v2\/pages\/45214\/revisions"}],"predecessor-version":[{"id":50918,"href":"https:\/\/www.urlaubcornwall.de\/blog\/wp-json\/wp\/v2\/pages\/45214\/revisions\/50918"}],"wp:attachment":[{"href":"https:\/\/www.urlaubcornwall.de\/blog\/wp-json\/wp\/v2\/media?parent=45214"}],"curies":[{"name":"wp","href":"https:\/\/api.w.org\/{rel}","templated":true}]}}