{"id":45194,"date":"2022-10-20T10:33:49","date_gmt":"2022-10-20T10:33:49","guid":{"rendered":"https:\/\/www.urlaubcornwall.de\/blog\/?page_id=45194"},"modified":"2024-05-31T09:32:33","modified_gmt":"2024-05-31T09:32:33","slug":"leuchttuerme-cornwall","status":"publish","type":"page","link":"https:\/\/www.urlaubcornwall.de\/blog\/leuchttuerme-cornwall\/","title":{"rendered":"Leuchtt\u00fcrme in Cornwall"},"content":{"rendered":"<p>Cornwall ist auf drei Seiten vom Ozean umgeben und hat schon l\u00e4nger eine starke Beziehung zum Meer, als wir uns erinnern k\u00f6nnen. Seine schroffen <a href=\"https:\/\/www.urlaubcornwall.de\/blog\/schoensten-straende-in-cornwall\/\">Klippen und Sandstr\u00e4nde<\/a> mit unheimlichen Schiffswracks und Leuchtt\u00fcrmen erinnern st\u00e4ndig daran, die Gew\u00e4sser um ihn herum zu respektieren.<\/p>\n<p>Mit einer so reichen maritimen Geschichte geh\u00f6ren die Leuchtt\u00fcrme von Cornwall zu den beeindruckendsten Wahrzeichen entlang der atemberaubenden K\u00fcste, an der auch der ber\u00fchmte <a href=\"https:\/\/www.urlaubcornwall.de\/blog\/das-st-michaels-mount-die-ikonische-attraktion-in-westcornwall\/\">St. Michael&#8217;s Mount<\/a> und das Minack Theatre zu finden sind. Diese S\u00e4ulen warnen Seeleute und Fischer vor versteckten Riffen und Felsen und sind so sch\u00f6n wie wichtig, sowohl historisch als auch bis heute.<\/p>\n<p>Egal, ob Sie einen geschichtstr\u00e4chtigen Leuchtturm lieben oder einfach nur etwas in Ihre Urlaubsfotos aufnehmen m\u00f6chten, hier sind einige der Leuchtt\u00fcrme in Cornwall, die sich perfekt f\u00fcr einen Besuch eignen \u2026<\/p>\n<p><strong>Godrevy Leuchtturm in der N\u00e4he von St. Ives<\/strong><\/p>\n<p><img loading=\"lazy\" class=\"aligncenter size-full wp-image-48175\" src=\"https:\/\/www.urlaubcornwall.de\/blog\/wp-content\/uploads\/2024\/03\/cornwall-lighthouse.jpg\" alt=\"cornwall lighthouse\" width=\"750\" height=\"500\" srcset=\"https:\/\/www.urlaubcornwall.de\/blog\/wp-content\/uploads\/2024\/03\/cornwall-lighthouse.jpg 750w, https:\/\/www.urlaubcornwall.de\/blog\/wp-content\/uploads\/2024\/03\/cornwall-lighthouse-300x200.jpg 300w\" sizes=\"(max-width: 750px) 100vw, 750px\" \/><\/p>\n<p>Der Godrevy Lighthouse ist eine der ber\u00fchmtesten Sehensw\u00fcrdigkeiten in <a href=\"https:\/\/www.urlaubcornwall.de\/ferienhaeuser-fewos\/west-cornwall.html\">West Cornwall<\/a>, die in den Schriften von Virginia Woolf erw\u00e4hnt wird, und ist seit \u00fcber 100 Jahren eine Sehensw\u00fcrdigkeit in Cornwall. Dieser bekannte Leuchtturm wurde 1858 von Trinity House (einer Wohlt\u00e4tigkeitsorganisation, die sich dem Schutz und der Sicherheit von Seeleuten verschrieben hat) erbaut und hat viele Schiffe vor dem versprochenen Schicksal gerettet, auf einem Riff vor <a href=\"https:\/\/www.urlaubcornwall.de\/ferienhaeuser-fewos\/st-ives.html\">St. Ives<\/a>, bekannt als die Stones, auf Grund zu laufen.<\/p>\n<p>Der Leuchtturm befindet sich auf der Insel Godrevy, die direkt vor der K\u00fcste von Godrevy liegt. Sie k\u00f6nnen die Insel mit einer der vielen Bootsfahrten von St. Ives aus besuchen oder zumindest umrunden. Die Insel und ihre Nachbarinseln und Str\u00e4nde sind oft die Heimat von Robben, die auf den Felsen ruhen, was sie zu einem gro\u00dfartigen Ziel f\u00fcr diejenigen macht, die diese Tiere sehen m\u00f6chten.<\/p>\n<p><strong>St. Anthony\u2019s Lighthouse, Halbinsel Roseland<\/strong><\/p>\n<p>Der St. Anthony\u2019s Lighthouse liegt auf der atemberaubenden Roseland-Halbinsel in S\u00fcdcornwall und ist ein beliebtes Ziel f\u00fcr Wanderer, da er ein perfekter Haltepunkt ist, wenn Sie von St. Mawes aus den South West Coast Path entlang wandern.<\/p>\n<p>Der Leuchtturm wurde 1835 von Trinity House gebaut, um Schiffe sicher an den Manacles vorbei und in den Hafen von Falmouth zu f\u00fchren (bis zu diesem Zeitpunkt waren die roten Flaggen, die von der \u00f6rtlichen Familie Killigrew an einem Baum aufgeh\u00e4ngt wurden, die einzige Warnung).<\/p>\n<p>Vom St Anthony\u2019s Lighthouse aus k\u00f6nnen Sie \u00fcber die Flussm\u00fcndung in Richtung <a href=\"https:\/\/www.urlaubcornwall.de\/ferienhaeuser-fewos\/st-mawes.html\">St Mawes<\/a> Castle sowie auf den Hafen von Falmouth und die atemberaubende K\u00fcstenlinie blicken. Sie k\u00f6nnen den Leuchtturm sogar vom Wasser aus besuchen, wenn Sie keine Lust zu Fu\u00df haben, denn rund um Falmouth gibt es viele tolle Bootsfahrten. Besuchen Sie das faszinierende National Maritime Museum Cornwall, wenn Sie in der Stadt sind, um Cornwalls maritime Vergangenheit, Gegenwart und Zukunft zu erkunden.<\/p>\n<p><strong>Lizard Leuchtturm, die Halbinsel Lizard<\/strong><\/p>\n<p><img loading=\"lazy\" class=\"aligncenter size-full wp-image-47900\" src=\"https:\/\/www.urlaubcornwall.de\/blog\/wp-content\/uploads\/2024\/03\/lizard.jpg\" alt=\"lizard kynance\" width=\"750\" height=\"563\" srcset=\"https:\/\/www.urlaubcornwall.de\/blog\/wp-content\/uploads\/2024\/03\/lizard.jpg 750w, https:\/\/www.urlaubcornwall.de\/blog\/wp-content\/uploads\/2024\/03\/lizard-300x225.jpg 300w\" sizes=\"(max-width: 750px) 100vw, 750px\" \/><\/p>\n<p>Die <a href=\"https:\/\/www.urlaubcornwall.de\/ferienhaeuser-fewos\/lizard-halbinsel.html\">Lizard-Halbinsel<\/a> ist f\u00fcr viele wunderbare Dinge bekannt; Es ist der s\u00fcdlichste Punkt Gro\u00dfbritanniens, es beherbergt einen der sch\u00f6nsten Orte wie Kynance Cove, und es hat einen ikonischen Leuchtturm auf den Klippen von Lizard Point.<\/p>\n<p>Am Lizard Point gibt es seit \u00fcber 400 Jahren einen Leuchtturm, aufgrund des starken Seeverkehrs in der Gegend und der St\u00fcrme vom Atlantik. Der aktuelle Leuchtturm wurde Mitte des 17. Jahrhunderts in Auftrag gegeben und gebaut. Seitdem ist der Lizard Lighthouse zu einer der bekanntesten Klippen Gro\u00dfbritanniens geworden.<\/p>\n<p>Das Lizard Lighthouse Heritage Centre ist nur einen kurzen Spaziergang vom Dorf Lizard (wo es kostenlose Parkpl\u00e4tze gibt) entfernt und bietet Besuchern die M\u00f6glichkeit, die interaktiven Displays und Artefakte im Leuchtturm zu besichtigen, bevor Sie einen der T\u00fcrme besteigen, um ein echtes Leuchtturmerlebnis zu erleben. Dies ist der einzige Leuchtturm in Cornwall, den Sie besteigen k\u00f6nnen, und Tickets k\u00f6nnen an diesem Tag erworben werden. Um Ihre Wanderung durch Cornwall fortzusetzen, folgen Sie einfach dem South West Coast Path nach Westen und gehen Sie an den Klippen entlang, bis Sie die ber\u00fchmten Sehensw\u00fcrdigkeiten von Kynance Cove erreichen (wo Sie im Caf\u00e9 einen Cornish Cream Tea mit Aussicht genie\u00dfen k\u00f6nnen).<\/p>\n<p><strong>Longships Leuchtturm in der N\u00e4he von Land\u2019s End<\/strong><\/p>\n<p><a href=\"https:\/\/www.urlaubcornwall.de\/blog\/wp-content\/uploads\/2020\/05\/lands-end-blick2.jpg\"><img loading=\"lazy\" src=\"https:\/\/www.urlaubcornwall.de\/blog\/wp-content\/uploads\/2020\/05\/lands-end-blick2.jpg\" alt=\"lands end blick\" width=\"750\" height=\"641\" class=\"alignnone size-full wp-image-40103\" srcset=\"https:\/\/www.urlaubcornwall.de\/blog\/wp-content\/uploads\/2020\/05\/lands-end-blick2.jpg 750w, https:\/\/www.urlaubcornwall.de\/blog\/wp-content\/uploads\/2020\/05\/lands-end-blick2-300x256.jpg 300w\" sizes=\"(max-width: 750px) 100vw, 750px\" \/><\/a><\/p>\n<p>Longships Lighthouse vor der K\u00fcste von Land\u2019s End ist wirklich eine Ikone Cornwalls. Longships wurde gebaut, um einen k\u00fcrzeren Turm zu ersetzen, der 1875 auf demselben prek\u00e4ren Felsvorsprung stand, der als Carn Bras bekannt ist. Seine beeindruckende Position am s\u00fcdwestlichsten Punkt Gro\u00dfbritanniens ist aufgrund der extremen Wetterbedingungen, die Land&#8217;s End manchmal erlebt, sehr notwendig. St\u00fcrmische Meere und Felsen, die die schroffen Klippen umgeben, bilden einen gef\u00e4hrlichen K\u00fcstenabschnitt von Cornwall, der viele Schiffe beansprucht hat, bevor Longships gebaut wurde.<\/p>\n<p>Der Leuchtturm von Longships war w\u00e4hrend eines gro\u00dfen Teils seiner Geschichte bemannt, was bedeutet, dass zwei Leuchtturmw\u00e4rter jeweils bis zu einem Monat auf diesem zerkl\u00fcfteten Felsen lebten. Sie kochten ihr Essen oben auf dem Leuchtturm und lebten ein hartes Leben, was ihre Arbeit lobenswert machte, da ihre Opfer unz\u00e4hlige Leben retteten.<\/p>\n<p><a href=\"https:\/\/www.urlaubcornwall.de\/ferienhaeuser-fewos\/lands-end.html\">Land\u2019s End<\/a> ist ein gro\u00dfartiges Urlaubsziel, da es der Ausgangspunkt (oder die Ziellinie) f\u00fcr einige gro\u00dfartige Wanderungen und Radtouren rund um West Cornwall ist. Packen Sie einfach Ihre Tasche mit leckeren lokalen Speisen aus einem der nahe gelegenen Hofl\u00e4den und genie\u00dfen Sie den dramatischen Anblick des Longships Lighthouse, w\u00e4hrend Sie den South West Coast Path entlangfahren.<\/p>\n<p><strong>Wolf Rock Leuchtturm in der N\u00e4he von Land\u2019s End<\/strong><\/p>\n<p>Wenn Sie einen Beweis daf\u00fcr brauchen, dass die Meere und Felsen rund um Land\u2019s End respektiert werden m\u00fcssen, dann sollte das Vorhandensein eines zweiten Leuchtturms 8 Seemeilen vor Gro\u00dfbritanniens s\u00fcdwestlichstem Punkt Beweis genug sein. Die Geschichte der Leuchtt\u00fcrme auf Wolf Rock ist so chaotisch wie die Wellen, die ihn umgeben! Der 1795 erbaute urspr\u00fcngliche schmiedeeiserne Mast wurde vom Atlantik mitgerissen, w\u00e4hrend der n\u00e4chste Leuchtturm felsige Anf\u00e4nge hinnehmen musste. Tats\u00e4chlich waren in den f\u00fcnf Jahren, die f\u00fcr den Bau des Leuchtturms ben\u00f6tigt wurden, nur 302 Stunden f\u00fcr die Arbeit geeignet, was erneut die schwierigen Bedingungen dieser dramatischen K\u00fcste unterstreicht.<br \/>\nEinmal gebaut, hat der Leuchtturm auf Wolf Rock jedoch bis heute Bestand, wobei bei Bedarf Verbesserungen hinzugef\u00fcgt wurden, einschlie\u00dflich der Automatisierung des Leuchtturms im Jahr 1988.<\/p>\n<p><strong>Trevose Head Leuchtturm, Padstow<\/strong><\/p>\n<p>Der Leuchtturm von Trevose Head, ein Licht, das von Cape Cornwall bis Hartland Point in <a href=\"https:\/\/www.urlaubcornwall.de\/ferienhaeuser\/devon.php\">Devon<\/a> zu sehen ist, leitet Schiffe entlang des Bristol-Kanals. Obwohl Meeresnebel das Gebiet regelm\u00e4\u00dfig bedeckten und die steilen Klippen still darunter warteten, gab es in diesem Gebiet bis 1847 keinen Leuchtturm. Und w\u00e4hrend der Longships-Leuchtturm im S\u00fcden und der alte Lundy-Leuchtturm im Norden eine kleine Hilfe boten, war er es nicht gen\u00fcgend.<\/p>\n<p>Obwohl <a href=\"https:\/\/www.urlaubcornwall.de\/ferienhaeuser-fewos\/padstow.html\">Padstow<\/a> einst ein gesch\u00e4ftiger Hafen war, hat es im Laufe der Jahre eine Rolle in der Geschichte vieler Seefahrer gespielt, sei es bei den Felsen im Meer namens The Bull and Quies oder der ber\u00fcchtigten Doom Bar, einer Sandbank, die vielen Schiffen zum Verh\u00e4ngnis wurde. Mit dem Trevose Head Lighthouse ist Padstow jedoch wieder zu einem friedlichen Dasein zur\u00fcckgekehrt, und die Menschen genie\u00dfen das umliegende Wasser durch Wassersport, Schwimmen und belebende K\u00fcstenwanderungen.<\/p>\n<p>Es gibt einen fantastischen Rundweg um Trevose Head herum, der Gelegenheit bietet, den beeindruckenden Leuchtturm und die umliegende Aussicht auf die Padstow Lifeboat Station und die nahe gelegenen Str\u00e4nde zu sehen. Gehen Sie einfach zur Constantine Bay (ein wunderbarer hundefreundlicher Strand) und weiter in Richtung Booby\u2019s Bay und dem dahinter liegenden South West Coast Path. Folgen Sie dem schroffen Pfad um Dinas Head und Trevose Head herum, wo Sie den stolzen Leuchtturm sehen k\u00f6nnen, bevor Sie die Mother Ivey&#8217;s Bay umrunden und weiter nach Harlyn Bay fahren, das perfekt zum Surfen ist.<\/p>\n<p><strong>Eddystone Leuchtturm, Halbinsel Rame<\/strong><\/p>\n<p><img loading=\"lazy\" class=\"aligncenter size-full wp-image-8309\" src=\"https:\/\/www.urlaubcornwall.de\/blog\/wp-content\/uploads\/2013\/03\/Plymouth-Hoe1-e1710068804775.jpg\" alt=\"Plymouth Hoe\" width=\"750\" height=\"499\"\/><\/p>\n<p>Als vierter Leuchtturm, der Schiffe vor den verborgenen Gefahren der Eddystone Rocks warnt, die direkt vor der K\u00fcste von Rame Head auf der Halbinsel Rame liegen, ist der Eddystone Lighthouse heute noch genauso wichtig wie vor \u00fcber 300 Jahren. Winstanley\u2019s Tower war der erste Leuchtturm, der auf diesen Felsen gebaut wurde.<\/p>\n<p>Rudyerd\u2019s Tower sollte als n\u00e4chstes zum Eddystone Lighthouse werden, aber er brannte leider 1755 nieder, trotz der tapferen Bem\u00fchungen seiner W\u00e4chter, das Feuer zu l\u00f6schen. Es wurde jedoch schnell wieder aufgebaut, da sich die vorbeifahrenden Seeleute an das Leitlicht gew\u00f6hnt hatten. Der neue Turm, Smeaton, stand 120 Jahre lang hoch und stolz, bevor Risse in den Felsen darunter einen endg\u00fcltigen Wiederaufbau erforderlich machten. Sie k\u00f6nnen immer noch die obere H\u00e4lfte des Smeaton\u2019s Tower auf Plymouth Hoe sehen, wo er als Denkmal f\u00fcr seinen Sch\u00f6pfer steht.<\/p>\n<p>Der Douglass Tower, der heute auf diesen gef\u00e4hrlichen Felsen steht, wurde vom Herzog von Edinburgh fertiggestellt, der 1882 den letzten Stein setzte. Genau 100 Jahre sp\u00e4ter wurde der Eddystone Lighthouse automatisch gemacht.<\/p>\n<p><strong>Die Leuchtt\u00fcrme der Isles of Scilly<\/strong><\/p>\n<p>Wenn Sie alle Leuchtt\u00fcrme in Cornwall erkunden, k\u00f6nnen Sie jederzeit mit der F\u00e4hre oder dem Flugzeug zu den wundersch\u00f6nen <a href=\"https:\/\/www.urlaubcornwall.de\/Scilly-Inseln.php\">Isles of Scilly<\/a> fahren, wo f\u00fcnf unglaubliche Leuchtt\u00fcrme auf Sie warten.<\/p>\n<p>Westlich des britischen Festlands haben die Scilly-Inseln viele Schiffe an ihren Ufern und Felsen zerst\u00f6rt, weshalb im Laufe der Jahre trotz ihrer vergleichsweise geringen Gr\u00f6\u00dfe so viele Leuchtt\u00fcrme gebaut wurden.<\/p>\n<p>Der bekannteste dieser Leuchtt\u00fcrme ist sicherlich Bishop Rock, der nur vier Meilen vor der K\u00fcste von Scilly liegt und den westlichsten Punkt markiert. Der vollen Kraft des umgebenden Ozeans ausgesetzt, ist dies einer der gef\u00e4hrlichsten Orte auf den Scilly- und Cornwall-Inseln f\u00fcr einen Leuchtturm, der 1850 demonstriert wurde, als ein Sturm die gesamte Struktur w\u00e4hrend des Baus wegfegte. Tonnenweise Granit und viele Verbesserungen sp\u00e4ter steht der Leuchtturm, den wir heute kennen und lieben, immer noch stolz da.<\/p>\n<p>Sie finden die anderen vier Leuchtt\u00fcrme rund um <a href=\"https:\/\/www.urlaubcornwall.de\/blog\/scilly-inseln-st-agnes\/\">St. Agnes<\/a>, <a href=\"https:\/\/www.urlaubcornwall.de\/blog\/scilly-inseln-st-marys\/\">St. Mary\u2019s<\/a> und <a href=\"https:\/\/www.urlaubcornwall.de\/blog\/scilly-inseln-tresco\/\">Tresco<\/a> und die umliegenden Felsen. Sie unternehmen einige sch\u00f6ne Bootsfahrten, bei denen Sie nicht nur einige davon sehen, sondern auch an nistenden Papageientauchern und Robben vorbeikommen k\u00f6nnen.<\/p>\n<p>Sind Sie bereit, die vielen faszinierenden Leuchtt\u00fcrme in Cornwall zu entdecken? Erkunden Sie <a href=\"https:\/\/www.urlaubcornwall.de\/ferienhaeuser-fewos\/cornwall.html\">unsere sch\u00f6ne Auswahl an Ferienh\u00e4usern in Cornwall<\/a>, einige davon mit atemberaubendem Meerblick, und beginnen Sie mit der Planung Ihrer maritimen Abenteuer.<\/p>\n","protected":false},"excerpt":{"rendered":"<p>Cornwall ist auf drei Seiten vom Ozean umgeben und hat schon l\u00e4nger eine starke Beziehung zum Meer, als wir uns erinnern k\u00f6nnen. Seine schroffen Klippen und Sandstr\u00e4nde mit unheimlichen Schiffswracks und Leuchtt\u00fcrmen erinnern st\u00e4ndig daran, die Gew\u00e4sser um ihn herum zu respektieren. Mit einer so reichen maritimen Geschichte geh\u00f6ren die Leuchtt\u00fcrme von Cornwall zu den [&hellip;]<\/p>\n","protected":false},"author":1,"featured_media":0,"parent":0,"menu_order":0,"comment_status":"closed","ping_status":"closed","template":"single-four.php","meta":[],"acf":[],"yoast_head":"<!-- This site is optimized with the Yoast SEO plugin v19.4 - https:\/\/yoast.com\/wordpress\/plugins\/seo\/ -->\n<title>Leuchtt\u00fcrme in Cornwall - Urlaub &amp; Reisen<\/title>\n<meta name=\"robots\" content=\"index, follow, max-snippet:-1, max-image-preview:large, max-video-preview:-1\" \/>\n<link rel=\"canonical\" href=\"https:\/\/www.urlaubcornwall.de\/blog\/leuchttuerme-cornwall\/\" \/>\n<meta property=\"og:locale\" content=\"en_US\" \/>\n<meta property=\"og:type\" content=\"article\" \/>\n<meta property=\"og:title\" content=\"Leuchtt\u00fcrme in Cornwall - Urlaub &amp; Reisen\" \/>\n<meta property=\"og:description\" content=\"Cornwall ist auf drei Seiten vom Ozean umgeben und hat schon l\u00e4nger eine starke Beziehung zum Meer, als wir uns erinnern k\u00f6nnen. Seine schroffen Klippen und Sandstr\u00e4nde mit unheimlichen Schiffswracks und Leuchtt\u00fcrmen erinnern st\u00e4ndig daran, die Gew\u00e4sser um ihn herum zu respektieren. Mit einer so reichen maritimen Geschichte geh\u00f6ren die Leuchtt\u00fcrme von Cornwall zu den [&hellip;]\" \/>\n<meta property=\"og:url\" content=\"https:\/\/www.urlaubcornwall.de\/blog\/leuchttuerme-cornwall\/\" \/>\n<meta property=\"og:site_name\" content=\"Urlaub &amp; Reisen\" \/>\n<meta property=\"article:modified_time\" content=\"2024-05-31T09:32:33+00:00\" \/>\n<meta property=\"og:image\" content=\"https:\/\/www.urlaubcornwall.de\/blog\/wp-content\/uploads\/2024\/03\/cornwall-lighthouse.jpg\" \/>\n<meta name=\"twitter:card\" content=\"summary\" \/>\n<meta name=\"twitter:label1\" content=\"Est. reading time\" \/>\n\t<meta name=\"twitter:data1\" content=\"9 minutes\" \/>\n<script type=\"application\/ld+json\" class=\"yoast-schema-graph\">{\"@context\":\"https:\/\/schema.org\",\"@graph\":[{\"@type\":\"WebSite\",\"@id\":\"https:\/\/www.urlaubcornwall.de\/blog\/#website\",\"url\":\"https:\/\/www.urlaubcornwall.de\/blog\/\",\"name\":\"Urlaub &amp; Reisen\",\"description\":\"Urlaub, Reisen, Cornwall und S\u00fcdengland: eine perfekte Kombination\",\"potentialAction\":[{\"@type\":\"SearchAction\",\"target\":{\"@type\":\"EntryPoint\",\"urlTemplate\":\"https:\/\/www.urlaubcornwall.de\/blog\/?s={search_term_string}\"},\"query-input\":\"required name=search_term_string\"}],\"inLanguage\":\"en-US\"},{\"@type\":\"WebPage\",\"@id\":\"https:\/\/www.urlaubcornwall.de\/blog\/leuchttuerme-cornwall\/\",\"url\":\"https:\/\/www.urlaubcornwall.de\/blog\/leuchttuerme-cornwall\/\",\"name\":\"Leuchtt\u00fcrme in Cornwall - Urlaub &amp; Reisen\",\"isPartOf\":{\"@id\":\"https:\/\/www.urlaubcornwall.de\/blog\/#website\"},\"datePublished\":\"2022-10-20T10:33:49+00:00\",\"dateModified\":\"2024-05-31T09:32:33+00:00\",\"breadcrumb\":{\"@id\":\"https:\/\/www.urlaubcornwall.de\/blog\/leuchttuerme-cornwall\/#breadcrumb\"},\"inLanguage\":\"en-US\",\"potentialAction\":[{\"@type\":\"ReadAction\",\"target\":[\"https:\/\/www.urlaubcornwall.de\/blog\/leuchttuerme-cornwall\/\"]}]},{\"@type\":\"BreadcrumbList\",\"@id\":\"https:\/\/www.urlaubcornwall.de\/blog\/leuchttuerme-cornwall\/#breadcrumb\",\"itemListElement\":[{\"@type\":\"ListItem\",\"position\":1,\"name\":\"Home\",\"item\":\"https:\/\/www.urlaubcornwall.de\/blog\/\"},{\"@type\":\"ListItem\",\"position\":2,\"name\":\"Leuchtt\u00fcrme in Cornwall\"}]}]}<\/script>\n<!-- \/ Yoast SEO plugin. -->","yoast_head_json":{"title":"Leuchtt\u00fcrme in Cornwall - Urlaub &amp; Reisen","robots":{"index":"index","follow":"follow","max-snippet":"max-snippet:-1","max-image-preview":"max-image-preview:large","max-video-preview":"max-video-preview:-1"},"canonical":"https:\/\/www.urlaubcornwall.de\/blog\/leuchttuerme-cornwall\/","og_locale":"en_US","og_type":"article","og_title":"Leuchtt\u00fcrme in Cornwall - Urlaub &amp; Reisen","og_description":"Cornwall ist auf drei Seiten vom Ozean umgeben und hat schon l\u00e4nger eine starke Beziehung zum Meer, als wir uns erinnern k\u00f6nnen. Seine schroffen Klippen und Sandstr\u00e4nde mit unheimlichen Schiffswracks und Leuchtt\u00fcrmen erinnern st\u00e4ndig daran, die Gew\u00e4sser um ihn herum zu respektieren. Mit einer so reichen maritimen Geschichte geh\u00f6ren die Leuchtt\u00fcrme von Cornwall zu den [&hellip;]","og_url":"https:\/\/www.urlaubcornwall.de\/blog\/leuchttuerme-cornwall\/","og_site_name":"Urlaub &amp; Reisen","article_modified_time":"2024-05-31T09:32:33+00:00","og_image":[{"url":"https:\/\/www.urlaubcornwall.de\/blog\/wp-content\/uploads\/2024\/03\/cornwall-lighthouse.jpg"}],"twitter_card":"summary","twitter_misc":{"Est. reading time":"9 minutes"},"schema":{"@context":"https:\/\/schema.org","@graph":[{"@type":"WebSite","@id":"https:\/\/www.urlaubcornwall.de\/blog\/#website","url":"https:\/\/www.urlaubcornwall.de\/blog\/","name":"Urlaub &amp; Reisen","description":"Urlaub, Reisen, Cornwall und S\u00fcdengland: eine perfekte Kombination","potentialAction":[{"@type":"SearchAction","target":{"@type":"EntryPoint","urlTemplate":"https:\/\/www.urlaubcornwall.de\/blog\/?s={search_term_string}"},"query-input":"required name=search_term_string"}],"inLanguage":"en-US"},{"@type":"WebPage","@id":"https:\/\/www.urlaubcornwall.de\/blog\/leuchttuerme-cornwall\/","url":"https:\/\/www.urlaubcornwall.de\/blog\/leuchttuerme-cornwall\/","name":"Leuchtt\u00fcrme in Cornwall - Urlaub &amp; Reisen","isPartOf":{"@id":"https:\/\/www.urlaubcornwall.de\/blog\/#website"},"datePublished":"2022-10-20T10:33:49+00:00","dateModified":"2024-05-31T09:32:33+00:00","breadcrumb":{"@id":"https:\/\/www.urlaubcornwall.de\/blog\/leuchttuerme-cornwall\/#breadcrumb"},"inLanguage":"en-US","potentialAction":[{"@type":"ReadAction","target":["https:\/\/www.urlaubcornwall.de\/blog\/leuchttuerme-cornwall\/"]}]},{"@type":"BreadcrumbList","@id":"https:\/\/www.urlaubcornwall.de\/blog\/leuchttuerme-cornwall\/#breadcrumb","itemListElement":[{"@type":"ListItem","position":1,"name":"Home","item":"https:\/\/www.urlaubcornwall.de\/blog\/"},{"@type":"ListItem","position":2,"name":"Leuchtt\u00fcrme in Cornwall"}]}]}},"_links":{"self":[{"href":"https:\/\/www.urlaubcornwall.de\/blog\/wp-json\/wp\/v2\/pages\/45194"}],"collection":[{"href":"https:\/\/www.urlaubcornwall.de\/blog\/wp-json\/wp\/v2\/pages"}],"about":[{"href":"https:\/\/www.urlaubcornwall.de\/blog\/wp-json\/wp\/v2\/types\/page"}],"author":[{"embeddable":true,"href":"https:\/\/www.urlaubcornwall.de\/blog\/wp-json\/wp\/v2\/users\/1"}],"replies":[{"embeddable":true,"href":"https:\/\/www.urlaubcornwall.de\/blog\/wp-json\/wp\/v2\/comments?post=45194"}],"version-history":[{"count":11,"href":"https:\/\/www.urlaubcornwall.de\/blog\/wp-json\/wp\/v2\/pages\/45194\/revisions"}],"predecessor-version":[{"id":51276,"href":"https:\/\/www.urlaubcornwall.de\/blog\/wp-json\/wp\/v2\/pages\/45194\/revisions\/51276"}],"wp:attachment":[{"href":"https:\/\/www.urlaubcornwall.de\/blog\/wp-json\/wp\/v2\/media?parent=45194"}],"curies":[{"name":"wp","href":"https:\/\/api.w.org\/{rel}","templated":true}]}}