{"id":45179,"date":"2022-10-14T12:23:59","date_gmt":"2022-10-14T12:23:59","guid":{"rendered":"https:\/\/www.urlaubcornwall.de\/blog\/?page_id=45179"},"modified":"2024-05-31T09:33:27","modified_gmt":"2024-05-31T09:33:27","slug":"die-besten-aktivitaeten-in-kent","status":"publish","type":"page","link":"https:\/\/www.urlaubcornwall.de\/blog\/die-besten-aktivitaeten-in-kent\/","title":{"rendered":"Die besten Aktivit\u00e4ten in Kent"},"content":{"rendered":"<p><img loading=\"lazy\" class=\"aligncenter size-full wp-image-47987\" src=\"https:\/\/www.urlaubcornwall.de\/blog\/wp-content\/uploads\/2024\/03\/leeds-castle.jpg\" alt=\"leeds castle\" width=\"750\" height=\"479\" srcset=\"https:\/\/www.urlaubcornwall.de\/blog\/wp-content\/uploads\/2024\/03\/leeds-castle.jpg 750w, https:\/\/www.urlaubcornwall.de\/blog\/wp-content\/uploads\/2024\/03\/leeds-castle-300x192.jpg 300w\" sizes=\"(max-width: 750px) 100vw, 750px\" \/><\/p>\n<p>Bekannt als der \u201eGarten Englands\u201c, ist Kent die Heimat einer Vielzahl von Aktivit\u00e4ten, egal ob Sie und die Familie ein aufregendes Themenpark-Abenteuer, einen Spaziergang durch die h\u00fcgelige Landschaft oder das Erleben der lokalen Kultur und faszinierenden Geschichte in einem der die vielen antiken St\u00e4tten. Sie k\u00f6nnen Ihren Aufenthalt sogar zu einem Dickens-Aufenthalt machen und die vielen St\u00e4dte, Kneipen und Landschaften besuchen, die die Fantasie des ber\u00fchmten Autors Charles Dickens befl\u00fcgelten.<\/p>\n<p>Die K\u00fcste selbst bietet viele unterhaltsame Tage, da Kent laut Lonely Planet einige der besten Str\u00e4nde Europas hat \u2013 ganz zu schweigen von den ikonischen wei\u00dfen Klippen von Dover, die eine atemberaubende Kulisse f\u00fcr Ihren K\u00fcstenspaziergang bilden.<\/p>\n<p>Kent ist nur eine Zugstunde von <a href=\"https:\/\/www.urlaubcornwall.de\/blog\/ferienhaeuser-in-der-naehe-von-london\/\">London<\/a> entfernt und randvoll mit aufregenden Aktivit\u00e4ten und unvergesslichen Sehensw\u00fcrdigkeiten.<\/p>\n<p>Sind Sie bereit, die ultimative Urlaubsliste zu erstellen? Hier ist unsere Sammlung der besten Aktivit\u00e4ten in Kent\u2026<\/p>\n<p><strong><a href=\"https:\/\/www.hevercastle.co.uk\/\">Hever Castle und G\u00e4rten, Edenbridge<\/a><\/strong><\/p>\n<p><img loading=\"lazy\" class=\"aligncenter size-full wp-image-47986\" src=\"https:\/\/www.urlaubcornwall.de\/blog\/wp-content\/uploads\/2024\/03\/hever-castle.jpg\" alt=\"hever castle\" width=\"750\" height=\"500\" srcset=\"https:\/\/www.urlaubcornwall.de\/blog\/wp-content\/uploads\/2024\/03\/hever-castle.jpg 750w, https:\/\/www.urlaubcornwall.de\/blog\/wp-content\/uploads\/2024\/03\/hever-castle-300x200.jpg 300w\" sizes=\"(max-width: 750px) 100vw, 750px\" \/><\/p>\n<p>Es gibt viele fantastische Schl\u00f6sser in <a href=\"https:\/\/www.urlaubcornwall.de\/reiseziel\/kent.php\">Kent<\/a>, einschlie\u00dflich der beeindruckenden Sehensw\u00fcrdigkeiten von Leeds Castle und Dover Castle, aber keines kann es mit dem Schloss von Hever aufnehmen, wenn es um Aktivit\u00e4ten geht. Bei Regen oder Sonnenschein hat Hever Castle etwas Interessantes zu tun, von einem Spaziergang durch die wundersch\u00f6nen G\u00e4rten bis hin zur Erkundung dieses historischen, 700 Jahre alten Schlosses.<\/p>\n<p>Hever Castle, das Elternhaus von Anne Boleyn (zweite Frau von Heinrich VIII.), ist reich an Geschichte, die Sie w\u00e4hrend Ihres Besuchs sehen und erleben k\u00f6nnen. Ausstellungen geben Ihnen neben der beeindruckenden Sammlung von Tudor-Portr\u00e4ts einen detaillierten Einblick in die faszinierende Vergangenheit, w\u00e4hrend drau\u00dfen die Geschichte durch Live-Wettk\u00e4mpfe zum Leben erweckt wird. Kinder k\u00f6nnen an Bogenschie\u00dfunterricht teilnehmen, Schilde bemalen und das interaktive Milit\u00e4rmuseum besuchen, das Sie durch das Leben als Soldat von 1794 bis heute f\u00fchrt.<\/p>\n<p>Beenden Sie Ihren Besuch mit einem Spaziergang um den See und essen Sie in einem der vielen Restaurants und Caf\u00e9s rund um das Schloss \u2013 hier k\u00f6nnen Sie wirklich einen ganzen Tag verbringen!<\/p>\n<p><strong>Wei\u00dfe Klippen von Dover, Dover<\/strong><\/p>\n<p><img loading=\"lazy\" class=\"aligncenter size-full wp-image-47982\" src=\"https:\/\/www.urlaubcornwall.de\/blog\/wp-content\/uploads\/2024\/03\/botany-bay-kent.jpg\" alt=\"botany bay kent\" width=\"750\" height=\"563\" srcset=\"https:\/\/www.urlaubcornwall.de\/blog\/wp-content\/uploads\/2024\/03\/botany-bay-kent.jpg 750w, https:\/\/www.urlaubcornwall.de\/blog\/wp-content\/uploads\/2024\/03\/botany-bay-kent-300x225.jpg 300w\" sizes=\"(max-width: 750px) 100vw, 750px\" \/><\/p>\n<p>Die wei\u00dfen Klippen von <a href=\"https:\/\/www.urlaubcornwall.de\/ferienhaeuser-fewos\/eng\/kent\/dover.html\">Dover<\/a> sind vielleicht der auff\u00e4lligste K\u00fcstenabschnitt Gro\u00dfbritanniens und ein Muss bei einem Besuch in Kent. Die Klippen des National Trust erhalten ihr markantes wei\u00dfes Aussehen durch Kreide, die sich \u00fcber Millionen von Jahren gebildet und ver\u00e4ndert hat. Die Geschichte dieser ikonischen Klippen ist genauso beeindruckend wie dieses ber\u00fchmte Wahrzeichen. Im 19. Jahrhundert beherbergten die Klippen 12 Jahre lang das Langdon Convict Prison, das in beiden Weltkriegen eine Rolle spielte. Sie k\u00f6nnen sogar genau an der Stelle stehen, an der das erste Flugzeug gelandet ist, das den \u00c4rmelkanal \u00fcberquert hat.<\/p>\n<p>Um den besten Blick auf die Klippen zu haben, empfehlen wir Ihnen, Ihre Wanderschuhe anzuziehen und zu Fu\u00df zu gehen. Es gibt einen sch\u00f6nen Spaziergang zum South Foreland Lighthouse, der einen weiten Blick \u00fcber den \u00c4rmelkanal bietet.<\/p>\n<p><strong><a href=\"https:\/\/www.canterbury-cathedral.org\/\">Kathedrale von Canterbury, Canterbury<\/a><\/strong><\/p>\n<p><img loading=\"lazy\" class=\"aligncenter size-full wp-image-48055\" src=\"https:\/\/www.urlaubcornwall.de\/blog\/wp-content\/uploads\/2024\/03\/canterbury-cathedral-kent.jpg\" alt=\"canterbury cathedral kent\" width=\"750\" height=\"437\" srcset=\"https:\/\/www.urlaubcornwall.de\/blog\/wp-content\/uploads\/2024\/03\/canterbury-cathedral-kent.jpg 750w, https:\/\/www.urlaubcornwall.de\/blog\/wp-content\/uploads\/2024\/03\/canterbury-cathedral-kent-300x175.jpg 300w\" sizes=\"(max-width: 750px) 100vw, 750px\" \/><\/p>\n<p>Seit mehr als 1.400 Jahren hei\u00dft die Kathedrale von <a href=\"https:\/\/www.urlaubcornwall.de\/ferienhaeuser-fewos\/eng\/kent\/canterbury.html\">Canterbury<\/a> Besucher und Pilger willkommen und es sollte nicht \u00fcberraschen, dass die Kathedrale von Canterbury einer der besten Orte in Kent ist. Sie werden auch auf erstaunliche Architektur und eine faszinierende Geschichte treffen, da die Kathedrale viel in ihrer Vergangenheit hat, von Mord bis zu Wundern. Die Kathedrale wird oft als \u201eEngland in Stone\u201c bezeichnet, da sie stark mit dem Erbe Englands verbunden ist, einschlie\u00dflich des gewaltt\u00e4tigen Machtkampfs zwischen K\u00f6nig Heinrich VII. Und Erzbischof Thomas Becket (der das zuvor erw\u00e4hnte Mordopfer wurde).<\/p>\n<p>Es gibt viele antike Relikte zu sehen sowie die Archive und die Bibliothek, die mit \u00fcber 50.000 B\u00fcchern und Brosch\u00fcren best\u00fcckt sind, die im Laufe der Jahre gesammelt wurden. Die Kathedrale von Canterbury ist neben der St. Augustine\u2019s Abbey und der St. Martin\u2019s Church auch Teil des UNESCO-Weltkulturerbes von Canterbury. Wenn Sie also wirklich in die Geschichte der Gegend eintauchen m\u00f6chten, ist ein Ausflug zu allen drei ein Muss.<\/p>\n<p><strong><a href=\"https:\/\/www.dreamland.co.uk\/\">Traumland Margate, Margate<\/a><\/strong><\/p>\n<p><img loading=\"lazy\" class=\"aligncenter size-full wp-image-48183\" src=\"https:\/\/www.urlaubcornwall.de\/blog\/wp-content\/uploads\/2024\/03\/Dreamland-Margate.jpg\" alt=\"Dreamland-Margate\" width=\"750\" height=\"500\" srcset=\"https:\/\/www.urlaubcornwall.de\/blog\/wp-content\/uploads\/2024\/03\/Dreamland-Margate.jpg 750w, https:\/\/www.urlaubcornwall.de\/blog\/wp-content\/uploads\/2024\/03\/Dreamland-Margate-300x200.jpg 300w\" sizes=\"(max-width: 750px) 100vw, 750px\" \/><\/p>\n<p>Das in den 1870er Jahren er\u00f6ffnete Dreamland in Margate ist der Inbegriff von Spa\u00df am Meer und eine der besten Aktivit\u00e4ten f\u00fcr Familien in Kent. Es gibt sogar eine Achterbahn-Disco und viele klassische Fahrgesch\u00e4fte im Themenpark, darunter die \u00e4lteste Achterbahn Gro\u00dfbritanniens.<br \/>\nDas ganze Jahr \u00fcber finden Sie auch beeindruckende Unterhaltungsveranstaltungen von Live-Musik bis hin zu Kunsthandwerksm\u00e4rkten.<br \/>\nBotany Bay, Broadstairs<\/p>\n<p>Botany Bay ist einer der <a href=\"https:\/\/www.urlaubcornwall.de\/blog\/die-besten-straende-und-kuesten-orte-in-der-naehe-london\/\">besten Str\u00e4nde in der N\u00e4he von London<\/a> (sowie einer der am meisten fotografierten Str\u00e4nde in Gro\u00dfbritannien). Kreidefelsen \u00fcberragen den Strand und bieten eine beeindruckende und wundersch\u00f6ne Kulisse, w\u00e4hrend sie Strandbesuchern auch die M\u00f6glichkeit bieten, Fossilien zu suchen.<\/p>\n<p>Entlang des Strandes gibt es einige fantastische Felsenpools, die endlose Unterhaltung f\u00fcr Kinder bieten, und der Strand wird in den Sommermonaten von Rettungsschwimmern bewacht. Bringen Sie ein Picknick mit und entspannen Sie sich an einem spektakul\u00e4ren Strandtag.<\/p>\n<p><strong><a href=\"https:\/\/www.aspinallfoundation.org\/port-lympne\/\">Safaripark Port Lympne<\/a>, Hythe<\/strong><\/p>\n<p>Wussten Sie, dass es in Kent eine Savanne gibt? Ja, Port Lympne ist die Heimat von 250 Hektar spektakul\u00e4rer kentischer Savanne, auf der Sie eine enorme Auswahl an Tieren finden. Steigen Sie in den Safari-Truck und bestaunen Sie eine unglaubliche Artenvielfalt aus n\u00e4chster N\u00e4he, von Giraffen bis zu L\u00f6wen.<\/p>\n<p>Tats\u00e4chlich ist Port Lympne die Heimat von \u00fcber 900 Tieren aus 75 Arten, sodass Sie w\u00e4hrend Ihres Besuchs sicher den einen oder anderen Favoriten finden werden. Sie bieten sogar einige Tiererlebnisse, die es den Besuchern erm\u00f6glichen, einige der Bewohner des Parks zu treffen.<\/p>\n<p><strong>Blean Woods Naturschutzgebiet, Canterbury<\/strong><\/p>\n<p>Wenn Sie nach einem ruhigen Ort suchen, an dem Sie einfach spazieren gehen und f\u00fcr kurze Zeit in die Natur zur\u00fcckkehren k\u00f6nnen, ist das Blean Woods Nature Reserve ein wundersch\u00f6ner Ort f\u00fcr Sie. Die uralten W\u00e4lder hier beherbergen alle Arten von Kreaturen, von Spechten bis zu Nachtigallen. Zwischen den Eichen verstecken sich f\u00fcnf Pfade, von denen sich der l\u00e4ngste \u00fcber 12 Kilometer erstreckt.<\/p>\n<p>Es gibt viele Pl\u00e4tze f\u00fcr ein Picknick sowie kinderwagenfreundliche Wege, was Blean Woods ideal f\u00fcr einen Familienausflug in Kent macht.<\/p>\n<p><strong><a href=\"https:\/\/www.chapeldown.com\/\">Weingut Chapel Down, Tenterden<\/a><\/strong><\/p>\n<p><img loading=\"lazy\" class=\"aligncenter size-full wp-image-45186\" src=\"https:\/\/www.urlaubcornwall.de\/blog\/wp-content\/uploads\/2022\/10\/chapel-down-winery.jpg\" alt=\"Weingut Chapel Down\" width=\"750\" height=\"501\" srcset=\"https:\/\/www.urlaubcornwall.de\/blog\/wp-content\/uploads\/2022\/10\/chapel-down-winery.jpg 750w, https:\/\/www.urlaubcornwall.de\/blog\/wp-content\/uploads\/2022\/10\/chapel-down-winery-300x200.jpg 300w\" sizes=\"(max-width: 750px) 100vw, 750px\" \/><br \/>\nimage credit Chapel Down Vineyard<\/p>\n<p>Viele Tage vers\u00fc\u00dfen sich mit einem Glas Sekt, diesen sollten Sie sich also nicht entgehen lassen! Eingebettet in die Landschaft von Kent ist dieses typisch englische Weingut eine wunderbare M\u00f6glichkeit, die herrliche Umgebung zu genie\u00dfen und gleichzeitig etwas \u00fcber den Lebenszyklus der Traube bei der Weinherstellung zu erfahren.<\/p>\n<p>Nehmen Sie an der gef\u00fchrten Tour teil, um die preisgekr\u00f6nten Weine zu probieren, oder probieren Sie die Wanderung mit Weintour aus, bei der Sie die Weine inmitten der Reben genie\u00dfen k\u00f6nnen, aus denen sie hergestellt werden. Beenden Sie die Reise mit einem Besuch im Restaurant The Swan, wo Sie gro\u00dfartiges Essen und eine Auswahl an englischen Weinen genie\u00dfen k\u00f6nnen.<\/p>\n<p><strong><a href=\"https:\/\/www.spavalleyrailway.co.uk\/\">Spa Valley Railway, Royal Tunbridge Wells<\/a><\/strong><\/p>\n<p>Wir lieben eine Aktivit\u00e4t, die sich auf die Reise und nicht nur auf das Ziel konzentriert, weshalb wir jede Gelegenheit nutzen, um in einen historischen Dampfzug einzusteigen! Die Spa Valley Railway hat eine ganze Reihe atemberaubender Dampf- und Diesellokomotiven, die Ihnen ein L\u00e4cheln ins Gesicht zaubern.<\/p>\n<p>Neben ihrem Standardangebot an wundersch\u00f6nen Strecken zwischen <a href=\"https:\/\/www.urlaubcornwall.de\/ferienhaeuser-fewos\/eng\/kent\/royal-tunbridge-wells.html\">Tunbridge Wells<\/a> und Eridge k\u00f6nnen Sie auch in die Z\u00fcge einsteigen, um ein unvergessliches Ereignis zu erleben. Von Nachmittagstee und Gin-Z\u00fcgen bis hin zu einem Krimi, auf den Agatha Christie stolz w\u00e4re, es gibt eine Kutschenfahrt f\u00fcr jeden Vintage-Geschmack.<\/p>\n<p><strong>Hafen Arm von Folkestone, Folkstone<\/strong><\/p>\n<p><img loading=\"lazy\" class=\"aligncenter size-full wp-image-48173\" src=\"https:\/\/www.urlaubcornwall.de\/blog\/wp-content\/uploads\/2024\/03\/folkstone-hafen.jpg\" alt=\"folkestone hafen\" width=\"750\" height=\"500\" srcset=\"https:\/\/www.urlaubcornwall.de\/blog\/wp-content\/uploads\/2024\/03\/folkstone-hafen.jpg 750w, https:\/\/www.urlaubcornwall.de\/blog\/wp-content\/uploads\/2024\/03\/folkstone-hafen-300x200.jpg 300w\" sizes=\"(max-width: 750px) 100vw, 750px\" \/><\/p>\n<p>Der restaurierte Harbor Arm von <a href=\"https:\/\/www.urlaubcornwall.de\/ferienhaeuser-fewos\/eng\/kent\/folkestone.html\">Folkestone<\/a> ist ein absolutes Muss. Was einst ein F\u00e4hrhafen und eine historische Werft war, ist heute ein Epizentrum f\u00fcr Essen und Unterhaltung. Im Goods Yard finden Sie eine vielseitige Mischung aus Speisen von Holzofenpizza bis hin zu frischen Meeresfr\u00fcchten und Bars, die Cocktails servieren, w\u00e4hrend das Beachside den G\u00e4sten einen entspannten Ort bietet, um die atemberaubende Aussicht und die hervorragende K\u00fcche zu genie\u00dfen.<\/p>\n<p>Und machen Sie sich keine Sorgen, wenn Sie zwischen den Kursen etwas zu tun haben m\u00fcssen, denn der Adventure Golf Course von Harbour liegt direkt im Sand. Sie k\u00f6nnen auch auf dem Marktplatz vorbeischauen, der voller lokaler Einzelh\u00e4ndler und Pop-up-M\u00e4rkte f\u00fcr ein Urlaubserinnerungsst\u00fcck ist.<\/p>\n<p><strong>Muschelgrotte, Margate<\/strong><\/p>\n<p>Die Muschelgrotte in <a href=\"https:\/\/www.urlaubcornwall.de\/ferienhaeuser-fewos\/eng\/kent\/margate.html\">Margate<\/a> hat 20 Quadratmeter atemberaubende Mosaike, die aus 4,6 Millionen Muscheln bestehen! Die beeindruckenden Tunnel sind ein erstaunlicher Anblick, mit komplizierten Mustern, die aus alten Muscheln geschaffen wurden.<\/p>\n<p>1835 zuf\u00e4llig entdeckt, ist die Geschichte der ungew\u00f6hnlichen Grotte bis heute ein R\u00e4tsel. War es ein extravagantes Projekt oder ein mit Muscheln \u00fcbers\u00e4tes Gotteshaus \u2013 wir wissen es nicht! Aber wir k\u00f6nnen mit Sicherheit sagen, dass Sie sich leicht in den wirbelnden Formen verlieren k\u00f6nnen, die eine Vielzahl von Szenen darstellen, von G\u00f6ttern und G\u00f6ttinnen bis hin zu etwas, das wie ein mysteri\u00f6ser Altar aussieht. Dies ist vielleicht eine der ungew\u00f6hnlichsten Aktivit\u00e4ten in Kent und sicherlich eine unserer Favoriten!<\/p>\n<p>Sind Sie gespannt darauf, die vielen gro\u00dfartigen Aktivit\u00e4ten in Kent selbst zu entdecken? Werfen Sie einen Blick auf unsere sch\u00f6nen <a href=\"https:\/\/www.urlaubcornwall.de\/ferienhaeuser-fewos\/eng\/kent\/kent.html\">Ferienh\u00e4user in Kent<\/a> und beginnen Sie mit der Planung Ihres unterhaltsamen Besuchs.<\/p>\n","protected":false},"excerpt":{"rendered":"<p>Bekannt als der \u201eGarten Englands\u201c, ist Kent die Heimat einer Vielzahl von Aktivit\u00e4ten, egal ob Sie und die Familie ein aufregendes Themenpark-Abenteuer, einen Spaziergang durch die h\u00fcgelige Landschaft oder das Erleben der lokalen Kultur und faszinierenden Geschichte in einem der die vielen antiken St\u00e4tten. Sie k\u00f6nnen Ihren Aufenthalt sogar zu einem Dickens-Aufenthalt machen und die [&hellip;]<\/p>\n","protected":false},"author":1,"featured_media":0,"parent":0,"menu_order":0,"comment_status":"closed","ping_status":"closed","template":"single-four.php","meta":[],"acf":[],"yoast_head":"<!-- This site is optimized with the Yoast SEO plugin v19.4 - https:\/\/yoast.com\/wordpress\/plugins\/seo\/ -->\n<title>Die besten Aktivit\u00e4ten in Kent - Urlaub &amp; Reisen<\/title>\n<meta name=\"robots\" content=\"index, follow, max-snippet:-1, max-image-preview:large, max-video-preview:-1\" \/>\n<link rel=\"canonical\" href=\"https:\/\/www.urlaubcornwall.de\/blog\/die-besten-aktivitaeten-in-kent\/\" \/>\n<meta property=\"og:locale\" content=\"en_US\" \/>\n<meta property=\"og:type\" content=\"article\" \/>\n<meta property=\"og:title\" content=\"Die besten Aktivit\u00e4ten in Kent - Urlaub &amp; Reisen\" \/>\n<meta property=\"og:description\" content=\"Bekannt als der \u201eGarten Englands\u201c, ist Kent die Heimat einer Vielzahl von Aktivit\u00e4ten, egal ob Sie und die Familie ein aufregendes Themenpark-Abenteuer, einen Spaziergang durch die h\u00fcgelige Landschaft oder das Erleben der lokalen Kultur und faszinierenden Geschichte in einem der die vielen antiken St\u00e4tten. Sie k\u00f6nnen Ihren Aufenthalt sogar zu einem Dickens-Aufenthalt machen und die [&hellip;]\" \/>\n<meta property=\"og:url\" content=\"https:\/\/www.urlaubcornwall.de\/blog\/die-besten-aktivitaeten-in-kent\/\" \/>\n<meta property=\"og:site_name\" content=\"Urlaub &amp; Reisen\" \/>\n<meta property=\"article:modified_time\" content=\"2024-05-31T09:33:27+00:00\" \/>\n<meta property=\"og:image\" content=\"https:\/\/www.urlaubcornwall.de\/blog\/wp-content\/uploads\/2024\/03\/leeds-castle.jpg\" \/>\n<meta name=\"twitter:card\" content=\"summary\" \/>\n<meta name=\"twitter:label1\" content=\"Est. reading time\" \/>\n\t<meta name=\"twitter:data1\" content=\"9 minutes\" \/>\n<script type=\"application\/ld+json\" class=\"yoast-schema-graph\">{\"@context\":\"https:\/\/schema.org\",\"@graph\":[{\"@type\":\"WebSite\",\"@id\":\"https:\/\/www.urlaubcornwall.de\/blog\/#website\",\"url\":\"https:\/\/www.urlaubcornwall.de\/blog\/\",\"name\":\"Urlaub &amp; Reisen\",\"description\":\"Urlaub, Reisen, Cornwall und S\u00fcdengland: eine perfekte Kombination\",\"potentialAction\":[{\"@type\":\"SearchAction\",\"target\":{\"@type\":\"EntryPoint\",\"urlTemplate\":\"https:\/\/www.urlaubcornwall.de\/blog\/?s={search_term_string}\"},\"query-input\":\"required name=search_term_string\"}],\"inLanguage\":\"en-US\"},{\"@type\":\"WebPage\",\"@id\":\"https:\/\/www.urlaubcornwall.de\/blog\/die-besten-aktivitaeten-in-kent\/\",\"url\":\"https:\/\/www.urlaubcornwall.de\/blog\/die-besten-aktivitaeten-in-kent\/\",\"name\":\"Die besten Aktivit\u00e4ten in Kent - Urlaub &amp; Reisen\",\"isPartOf\":{\"@id\":\"https:\/\/www.urlaubcornwall.de\/blog\/#website\"},\"datePublished\":\"2022-10-14T12:23:59+00:00\",\"dateModified\":\"2024-05-31T09:33:27+00:00\",\"breadcrumb\":{\"@id\":\"https:\/\/www.urlaubcornwall.de\/blog\/die-besten-aktivitaeten-in-kent\/#breadcrumb\"},\"inLanguage\":\"en-US\",\"potentialAction\":[{\"@type\":\"ReadAction\",\"target\":[\"https:\/\/www.urlaubcornwall.de\/blog\/die-besten-aktivitaeten-in-kent\/\"]}]},{\"@type\":\"BreadcrumbList\",\"@id\":\"https:\/\/www.urlaubcornwall.de\/blog\/die-besten-aktivitaeten-in-kent\/#breadcrumb\",\"itemListElement\":[{\"@type\":\"ListItem\",\"position\":1,\"name\":\"Home\",\"item\":\"https:\/\/www.urlaubcornwall.de\/blog\/\"},{\"@type\":\"ListItem\",\"position\":2,\"name\":\"Die besten Aktivit\u00e4ten in Kent\"}]}]}<\/script>\n<!-- \/ Yoast SEO plugin. -->","yoast_head_json":{"title":"Die besten Aktivit\u00e4ten in Kent - Urlaub &amp; Reisen","robots":{"index":"index","follow":"follow","max-snippet":"max-snippet:-1","max-image-preview":"max-image-preview:large","max-video-preview":"max-video-preview:-1"},"canonical":"https:\/\/www.urlaubcornwall.de\/blog\/die-besten-aktivitaeten-in-kent\/","og_locale":"en_US","og_type":"article","og_title":"Die besten Aktivit\u00e4ten in Kent - Urlaub &amp; Reisen","og_description":"Bekannt als der \u201eGarten Englands\u201c, ist Kent die Heimat einer Vielzahl von Aktivit\u00e4ten, egal ob Sie und die Familie ein aufregendes Themenpark-Abenteuer, einen Spaziergang durch die h\u00fcgelige Landschaft oder das Erleben der lokalen Kultur und faszinierenden Geschichte in einem der die vielen antiken St\u00e4tten. Sie k\u00f6nnen Ihren Aufenthalt sogar zu einem Dickens-Aufenthalt machen und die [&hellip;]","og_url":"https:\/\/www.urlaubcornwall.de\/blog\/die-besten-aktivitaeten-in-kent\/","og_site_name":"Urlaub &amp; Reisen","article_modified_time":"2024-05-31T09:33:27+00:00","og_image":[{"url":"https:\/\/www.urlaubcornwall.de\/blog\/wp-content\/uploads\/2024\/03\/leeds-castle.jpg"}],"twitter_card":"summary","twitter_misc":{"Est. reading time":"9 minutes"},"schema":{"@context":"https:\/\/schema.org","@graph":[{"@type":"WebSite","@id":"https:\/\/www.urlaubcornwall.de\/blog\/#website","url":"https:\/\/www.urlaubcornwall.de\/blog\/","name":"Urlaub &amp; Reisen","description":"Urlaub, Reisen, Cornwall und S\u00fcdengland: eine perfekte Kombination","potentialAction":[{"@type":"SearchAction","target":{"@type":"EntryPoint","urlTemplate":"https:\/\/www.urlaubcornwall.de\/blog\/?s={search_term_string}"},"query-input":"required name=search_term_string"}],"inLanguage":"en-US"},{"@type":"WebPage","@id":"https:\/\/www.urlaubcornwall.de\/blog\/die-besten-aktivitaeten-in-kent\/","url":"https:\/\/www.urlaubcornwall.de\/blog\/die-besten-aktivitaeten-in-kent\/","name":"Die besten Aktivit\u00e4ten in Kent - Urlaub &amp; Reisen","isPartOf":{"@id":"https:\/\/www.urlaubcornwall.de\/blog\/#website"},"datePublished":"2022-10-14T12:23:59+00:00","dateModified":"2024-05-31T09:33:27+00:00","breadcrumb":{"@id":"https:\/\/www.urlaubcornwall.de\/blog\/die-besten-aktivitaeten-in-kent\/#breadcrumb"},"inLanguage":"en-US","potentialAction":[{"@type":"ReadAction","target":["https:\/\/www.urlaubcornwall.de\/blog\/die-besten-aktivitaeten-in-kent\/"]}]},{"@type":"BreadcrumbList","@id":"https:\/\/www.urlaubcornwall.de\/blog\/die-besten-aktivitaeten-in-kent\/#breadcrumb","itemListElement":[{"@type":"ListItem","position":1,"name":"Home","item":"https:\/\/www.urlaubcornwall.de\/blog\/"},{"@type":"ListItem","position":2,"name":"Die besten Aktivit\u00e4ten in Kent"}]}]}},"_links":{"self":[{"href":"https:\/\/www.urlaubcornwall.de\/blog\/wp-json\/wp\/v2\/pages\/45179"}],"collection":[{"href":"https:\/\/www.urlaubcornwall.de\/blog\/wp-json\/wp\/v2\/pages"}],"about":[{"href":"https:\/\/www.urlaubcornwall.de\/blog\/wp-json\/wp\/v2\/types\/page"}],"author":[{"embeddable":true,"href":"https:\/\/www.urlaubcornwall.de\/blog\/wp-json\/wp\/v2\/users\/1"}],"replies":[{"embeddable":true,"href":"https:\/\/www.urlaubcornwall.de\/blog\/wp-json\/wp\/v2\/comments?post=45179"}],"version-history":[{"count":11,"href":"https:\/\/www.urlaubcornwall.de\/blog\/wp-json\/wp\/v2\/pages\/45179\/revisions"}],"predecessor-version":[{"id":51277,"href":"https:\/\/www.urlaubcornwall.de\/blog\/wp-json\/wp\/v2\/pages\/45179\/revisions\/51277"}],"wp:attachment":[{"href":"https:\/\/www.urlaubcornwall.de\/blog\/wp-json\/wp\/v2\/media?parent=45179"}],"curies":[{"name":"wp","href":"https:\/\/api.w.org\/{rel}","templated":true}]}}