{"id":45168,"date":"2022-10-02T09:08:20","date_gmt":"2022-10-02T09:08:20","guid":{"rendered":"https:\/\/www.urlaubcornwall.de\/blog\/?page_id=45168"},"modified":"2022-10-02T09:08:20","modified_gmt":"2022-10-02T09:08:20","slug":"ferienhaeuser-in-der-naehe-von-london","status":"publish","type":"page","link":"https:\/\/www.urlaubcornwall.de\/blog\/ferienhaeuser-in-der-naehe-von-london\/","title":{"rendered":"Ferienh\u00e4user in der N\u00e4he von London"},"content":{"rendered":"<p><img loading=\"lazy\" class=\"aligncenter size-full wp-image-33960\" src=\"https:\/\/www.urlaubcornwall.de\/blog\/wp-content\/uploads\/2018\/07\/urlaub-brighton-am-meer.jpg\" alt=\"urlaub brighton am meer\" width=\"748\" height=\"390\"\/><\/p>\n<p>England  ist zu Recht bekannt f\u00fcr seine vielf\u00e4ltige und wundersch\u00f6ne K\u00fcste, und einige seiner besten St\u00e4dte und D\u00f6rfer befinden sich im Umkreis von zwei Stunden von London entfernt. Sie k\u00f6nnen  die Landschaft genie\u00dfen, die frische Meeresluft einatmen, traditionelle Fish and Chips genie\u00dfen und Ihre Zehen an einem der feinen Str\u00e4nde ins Meer tauchen. Genie\u00dfen Sie Ihren englischen Urlaub am Meer in einem von mehr als <a href=\"https:\/\/www.urlaubcornwall.de\/ferienhaeuser\/suedengland.php\">500 handverlesenen Ferienh\u00e4usern in Kent, Sussex und Hampshire<\/a>.<\/p>\n<div class=\"snippet\"> <a class=\"featured-item\" href=\"https:\/\/www.urlaubcornwall.de\/ferienhaeuser\/suedengland.php\"> <span class=\"image-holder\" style=\"background-image: url('https:\/\/www.urlaubcornwall.de\/blog\/wp-content\/uploads\/2018\/11\/landhaus-cornwall-1.jpg');\"><\/span> <span class=\"featured-content\"> \n<h2 class=\"featured-title\">Ferienh\u00e4user in der N\u00e4he von London<\/h2>\n<p class=\"featured-body\">Bei uns finden Sie Ferienh\u00e4user zum Verlieben &#8211; so einfach ist das! Dank seiner langen Geschichte, der reizvollen Landschaften und seinen vielen Attraktionen ist S\u00fcdengland ein wahres Mekka f\u00fcr Urlauber. F\u00fcr Familien und Paare ist die Reise durch Kent, den Garten Englands, die Sussex Downs, die uralten Grafschaften von Hampshire und Dorset&#8230;.<\/p><\/span> <span class=\"featured-link-holder\"> <span class=\"featured-extra-info\"> \n<p>F\u00fcr Paare, Familien &#038; Gruppen<\/p>\n<\/span> \n<p class=\"featured-link\">DETAILS<\/p>\n<\/span> <\/a><\/div>\n","protected":false},"excerpt":{"rendered":"<p>England ist zu Recht bekannt f\u00fcr seine vielf\u00e4ltige und wundersch\u00f6ne K\u00fcste, und einige seiner besten St\u00e4dte und D\u00f6rfer befinden sich im Umkreis von zwei Stunden von London entfernt. Sie k\u00f6nnen die Landschaft genie\u00dfen, die frische Meeresluft einatmen, traditionelle Fish and Chips genie\u00dfen und Ihre Zehen an einem der feinen Str\u00e4nde ins Meer tauchen. Genie\u00dfen Sie [&hellip;]<\/p>\n","protected":false},"author":1,"featured_media":0,"parent":0,"menu_order":0,"comment_status":"closed","ping_status":"closed","template":"single-four.php","meta":[],"acf":[],"yoast_head":"<!-- This site is optimized with the Yoast SEO plugin v19.4 - https:\/\/yoast.com\/wordpress\/plugins\/seo\/ -->\n<title>Ferienh\u00e4user in der N\u00e4he von London - Urlaub &amp; Reisen<\/title>\n<meta name=\"description\" content=\"Sie k\u00f6nnen die Landschaft genie\u00dfen, die frische Meeresluft einatmen, traditionelle Fish and Chips genie\u00dfen und Ihre Zehen an einem\" \/>\n<meta name=\"robots\" content=\"index, follow, max-snippet:-1, max-image-preview:large, max-video-preview:-1\" \/>\n<link rel=\"canonical\" href=\"https:\/\/www.urlaubcornwall.de\/blog\/ferienhaeuser-in-der-naehe-von-london\/\" \/>\n<meta property=\"og:locale\" content=\"en_US\" \/>\n<meta property=\"og:type\" content=\"article\" \/>\n<meta property=\"og:title\" content=\"Ferienh\u00e4user in der N\u00e4he von London - Urlaub &amp; Reisen\" \/>\n<meta property=\"og:description\" content=\"Sie k\u00f6nnen die Landschaft genie\u00dfen, die frische Meeresluft einatmen, traditionelle Fish and Chips genie\u00dfen und Ihre Zehen an einem\" \/>\n<meta property=\"og:url\" content=\"https:\/\/www.urlaubcornwall.de\/blog\/ferienhaeuser-in-der-naehe-von-london\/\" \/>\n<meta property=\"og:site_name\" content=\"Urlaub &amp; Reisen\" \/>\n<meta property=\"og:image\" content=\"https:\/\/www.urlaubcornwall.de\/blog\/wp-content\/uploads\/2018\/07\/urlaub-brighton-am-meer.jpg\" \/>\n<meta name=\"twitter:card\" content=\"summary\" \/>\n<script type=\"application\/ld+json\" class=\"yoast-schema-graph\">{\"@context\":\"https:\/\/schema.org\",\"@graph\":[{\"@type\":\"WebSite\",\"@id\":\"https:\/\/www.urlaubcornwall.de\/blog\/#website\",\"url\":\"https:\/\/www.urlaubcornwall.de\/blog\/\",\"name\":\"Urlaub &amp; Reisen\",\"description\":\"Urlaub, Reisen, Cornwall und S\u00fcdengland: eine perfekte Kombination\",\"potentialAction\":[{\"@type\":\"SearchAction\",\"target\":{\"@type\":\"EntryPoint\",\"urlTemplate\":\"https:\/\/www.urlaubcornwall.de\/blog\/?s={search_term_string}\"},\"query-input\":\"required name=search_term_string\"}],\"inLanguage\":\"en-US\"},{\"@type\":\"WebPage\",\"@id\":\"https:\/\/www.urlaubcornwall.de\/blog\/ferienhaeuser-in-der-naehe-von-london\/\",\"url\":\"https:\/\/www.urlaubcornwall.de\/blog\/ferienhaeuser-in-der-naehe-von-london\/\",\"name\":\"Ferienh\u00e4user in der N\u00e4he von London - Urlaub &amp; Reisen\",\"isPartOf\":{\"@id\":\"https:\/\/www.urlaubcornwall.de\/blog\/#website\"},\"datePublished\":\"2022-10-02T09:08:20+00:00\",\"dateModified\":\"2022-10-02T09:08:20+00:00\",\"description\":\"Sie k\u00f6nnen die Landschaft genie\u00dfen, die frische Meeresluft einatmen, traditionelle Fish and Chips genie\u00dfen und Ihre Zehen an einem\",\"breadcrumb\":{\"@id\":\"https:\/\/www.urlaubcornwall.de\/blog\/ferienhaeuser-in-der-naehe-von-london\/#breadcrumb\"},\"inLanguage\":\"en-US\",\"potentialAction\":[{\"@type\":\"ReadAction\",\"target\":[\"https:\/\/www.urlaubcornwall.de\/blog\/ferienhaeuser-in-der-naehe-von-london\/\"]}]},{\"@type\":\"BreadcrumbList\",\"@id\":\"https:\/\/www.urlaubcornwall.de\/blog\/ferienhaeuser-in-der-naehe-von-london\/#breadcrumb\",\"itemListElement\":[{\"@type\":\"ListItem\",\"position\":1,\"name\":\"Home\",\"item\":\"https:\/\/www.urlaubcornwall.de\/blog\/\"},{\"@type\":\"ListItem\",\"position\":2,\"name\":\"Ferienh\u00e4user in der N\u00e4he von London\"}]}]}<\/script>\n<!-- \/ Yoast SEO plugin. -->","yoast_head_json":{"title":"Ferienh\u00e4user in der N\u00e4he von London - Urlaub &amp; Reisen","description":"Sie k\u00f6nnen die Landschaft genie\u00dfen, die frische Meeresluft einatmen, traditionelle Fish and Chips genie\u00dfen und Ihre Zehen an einem","robots":{"index":"index","follow":"follow","max-snippet":"max-snippet:-1","max-image-preview":"max-image-preview:large","max-video-preview":"max-video-preview:-1"},"canonical":"https:\/\/www.urlaubcornwall.de\/blog\/ferienhaeuser-in-der-naehe-von-london\/","og_locale":"en_US","og_type":"article","og_title":"Ferienh\u00e4user in der N\u00e4he von London - Urlaub &amp; Reisen","og_description":"Sie k\u00f6nnen die Landschaft genie\u00dfen, die frische Meeresluft einatmen, traditionelle Fish and Chips genie\u00dfen und Ihre Zehen an einem","og_url":"https:\/\/www.urlaubcornwall.de\/blog\/ferienhaeuser-in-der-naehe-von-london\/","og_site_name":"Urlaub &amp; Reisen","og_image":[{"url":"https:\/\/www.urlaubcornwall.de\/blog\/wp-content\/uploads\/2018\/07\/urlaub-brighton-am-meer.jpg"}],"twitter_card":"summary","schema":{"@context":"https:\/\/schema.org","@graph":[{"@type":"WebSite","@id":"https:\/\/www.urlaubcornwall.de\/blog\/#website","url":"https:\/\/www.urlaubcornwall.de\/blog\/","name":"Urlaub &amp; Reisen","description":"Urlaub, Reisen, Cornwall und S\u00fcdengland: eine perfekte Kombination","potentialAction":[{"@type":"SearchAction","target":{"@type":"EntryPoint","urlTemplate":"https:\/\/www.urlaubcornwall.de\/blog\/?s={search_term_string}"},"query-input":"required name=search_term_string"}],"inLanguage":"en-US"},{"@type":"WebPage","@id":"https:\/\/www.urlaubcornwall.de\/blog\/ferienhaeuser-in-der-naehe-von-london\/","url":"https:\/\/www.urlaubcornwall.de\/blog\/ferienhaeuser-in-der-naehe-von-london\/","name":"Ferienh\u00e4user in der N\u00e4he von London - Urlaub &amp; Reisen","isPartOf":{"@id":"https:\/\/www.urlaubcornwall.de\/blog\/#website"},"datePublished":"2022-10-02T09:08:20+00:00","dateModified":"2022-10-02T09:08:20+00:00","description":"Sie k\u00f6nnen die Landschaft genie\u00dfen, die frische Meeresluft einatmen, traditionelle Fish and Chips genie\u00dfen und Ihre Zehen an einem","breadcrumb":{"@id":"https:\/\/www.urlaubcornwall.de\/blog\/ferienhaeuser-in-der-naehe-von-london\/#breadcrumb"},"inLanguage":"en-US","potentialAction":[{"@type":"ReadAction","target":["https:\/\/www.urlaubcornwall.de\/blog\/ferienhaeuser-in-der-naehe-von-london\/"]}]},{"@type":"BreadcrumbList","@id":"https:\/\/www.urlaubcornwall.de\/blog\/ferienhaeuser-in-der-naehe-von-london\/#breadcrumb","itemListElement":[{"@type":"ListItem","position":1,"name":"Home","item":"https:\/\/www.urlaubcornwall.de\/blog\/"},{"@type":"ListItem","position":2,"name":"Ferienh\u00e4user in der N\u00e4he von London"}]}]}},"_links":{"self":[{"href":"https:\/\/www.urlaubcornwall.de\/blog\/wp-json\/wp\/v2\/pages\/45168"}],"collection":[{"href":"https:\/\/www.urlaubcornwall.de\/blog\/wp-json\/wp\/v2\/pages"}],"about":[{"href":"https:\/\/www.urlaubcornwall.de\/blog\/wp-json\/wp\/v2\/types\/page"}],"author":[{"embeddable":true,"href":"https:\/\/www.urlaubcornwall.de\/blog\/wp-json\/wp\/v2\/users\/1"}],"replies":[{"embeddable":true,"href":"https:\/\/www.urlaubcornwall.de\/blog\/wp-json\/wp\/v2\/comments?post=45168"}],"version-history":[{"count":1,"href":"https:\/\/www.urlaubcornwall.de\/blog\/wp-json\/wp\/v2\/pages\/45168\/revisions"}],"predecessor-version":[{"id":45169,"href":"https:\/\/www.urlaubcornwall.de\/blog\/wp-json\/wp\/v2\/pages\/45168\/revisions\/45169"}],"wp:attachment":[{"href":"https:\/\/www.urlaubcornwall.de\/blog\/wp-json\/wp\/v2\/media?parent=45168"}],"curies":[{"name":"wp","href":"https:\/\/api.w.org\/{rel}","templated":true}]}}