{"id":45131,"date":"2022-09-12T09:47:54","date_gmt":"2022-09-12T09:47:54","guid":{"rendered":"https:\/\/www.urlaubcornwall.de\/blog\/?page_id=45131"},"modified":"2024-08-22T11:49:58","modified_gmt":"2024-08-22T11:49:58","slug":"pauschalreisen-jersey-kanalinseln-flug-inklusive","status":"publish","type":"page","link":"https:\/\/www.urlaubcornwall.de\/blog\/pauschalreisen-jersey-kanalinseln-flug-inklusive\/","title":{"rendered":"Pauschalreisen Jersey &#8211; Kanalinseln Flug inklusive"},"content":{"rendered":"<p><a href=\"https:\/\/www.urlaubcornwall.de\/blog\/wp-content\/uploads\/2023\/02\/gorey-schloss-jersey-kanailinseln.jpg\"><img loading=\"lazy\" src=\"https:\/\/www.urlaubcornwall.de\/blog\/wp-content\/uploads\/2023\/02\/gorey-schloss-jersey-kanailinseln.jpg\" alt=\"gorey schloss jersey kanailinseln\" width=\"750\" height=\"500\" class=\"alignnone size-full wp-image-45940\" srcset=\"https:\/\/www.urlaubcornwall.de\/blog\/wp-content\/uploads\/2023\/02\/gorey-schloss-jersey-kanailinseln.jpg 750w, https:\/\/www.urlaubcornwall.de\/blog\/wp-content\/uploads\/2023\/02\/gorey-schloss-jersey-kanailinseln-300x200.jpg 300w\" sizes=\"(max-width: 750px) 100vw, 750px\" \/><\/a><\/p>\n<p><strong>Pauschalreisen nach Jersey erleben &#8211; Die besten Hotels &#8211; Flug inklusive &#8211; Komplettpaket<\/strong><\/p>\n<p>Seit zehn Jahren fliegen wir mit unseren Chartermaschinen von fast allen deutschen Flugh\u00e4fen nonstop nach <a href=\"https:\/\/www.urlaubcornwall.de\/reiseziel\/kanalinseln\/jersey.php\">Jersey<\/a>. Unsere Programme bieten einw\u00f6chige Aufenthalte auf beiden Inseln, auch in Kombination. Mit abwechslungsreichen Ausfl\u00fcgen lernen Sie die Inselwelt kennen und lieben. <a href=\"https:\/\/www.urlaubcornwall.de\/blog\/wanderulaub-auf-den-kanalinseln\/\">Wander<\/a>&#8211; und <a href=\"https:\/\/www.urlaubcornwall.de\/blog\/urlaub-kanalinseln-jersey-mit-dem-rad\/\">Fahrrad-Reisen<\/a> bieten Ihnen einen umfassenden Eindruck von der herrlichen Landschaft. In k\u00fcrzester Zeit ohne l\u00e4stiges Umsteigen erreichen Sie diesen entdeckenswerten Geheimtipp.<\/p>\n<p><a href=\"https:\/\/www.urlaubcornwall.de\/blog\/spezialist-reisen-kanalinseln\/\">Ihr Spezialist f\u00fcr Reisen auf die Kanalinseln! >> <\/a><\/p>\n","protected":false},"excerpt":{"rendered":"<p>Pauschalreisen nach Jersey erleben &#8211; Die besten Hotels &#8211; Flug inklusive &#8211; Komplettpaket Seit zehn Jahren fliegen wir mit unseren Chartermaschinen von fast allen deutschen Flugh\u00e4fen nonstop nach Jersey. Unsere Programme bieten einw\u00f6chige Aufenthalte auf beiden Inseln, auch in Kombination. Mit abwechslungsreichen Ausfl\u00fcgen lernen Sie die Inselwelt kennen und lieben. Wander&#8211; und Fahrrad-Reisen bieten Ihnen [&hellip;]<\/p>\n","protected":false},"author":1,"featured_media":0,"parent":0,"menu_order":0,"comment_status":"closed","ping_status":"closed","template":"single-four.php","meta":[],"acf":[],"yoast_head":"<!-- This site is optimized with the Yoast SEO plugin v19.4 - https:\/\/yoast.com\/wordpress\/plugins\/seo\/ -->\n<title>Pauschalreisen Jersey - Kanalinseln Flug inklusive - Urlaub &amp; Reisen<\/title>\n<meta name=\"robots\" content=\"index, follow, max-snippet:-1, max-image-preview:large, max-video-preview:-1\" \/>\n<link rel=\"canonical\" href=\"https:\/\/www.urlaubcornwall.de\/blog\/pauschalreisen-jersey-kanalinseln-flug-inklusive\/\" \/>\n<meta property=\"og:locale\" content=\"en_US\" \/>\n<meta property=\"og:type\" content=\"article\" \/>\n<meta property=\"og:title\" content=\"Pauschalreisen Jersey - Kanalinseln Flug inklusive - Urlaub &amp; Reisen\" \/>\n<meta property=\"og:description\" content=\"Pauschalreisen nach Jersey erleben &#8211; Die besten Hotels &#8211; Flug inklusive &#8211; Komplettpaket Seit zehn Jahren fliegen wir mit unseren Chartermaschinen von fast allen deutschen Flugh\u00e4fen nonstop nach Jersey. Unsere Programme bieten einw\u00f6chige Aufenthalte auf beiden Inseln, auch in Kombination. Mit abwechslungsreichen Ausfl\u00fcgen lernen Sie die Inselwelt kennen und lieben. Wander&#8211; und Fahrrad-Reisen bieten Ihnen [&hellip;]\" \/>\n<meta property=\"og:url\" content=\"https:\/\/www.urlaubcornwall.de\/blog\/pauschalreisen-jersey-kanalinseln-flug-inklusive\/\" \/>\n<meta property=\"og:site_name\" content=\"Urlaub &amp; Reisen\" \/>\n<meta property=\"article:modified_time\" content=\"2024-08-22T11:49:58+00:00\" \/>\n<meta property=\"og:image\" content=\"https:\/\/www.urlaubcornwall.de\/blog\/wp-content\/uploads\/2023\/02\/gorey-schloss-jersey-kanailinseln.jpg\" \/>\n<meta name=\"twitter:card\" content=\"summary\" \/>\n<meta name=\"twitter:label1\" content=\"Est. reading time\" \/>\n\t<meta name=\"twitter:data1\" content=\"1 minute\" \/>\n<script type=\"application\/ld+json\" class=\"yoast-schema-graph\">{\"@context\":\"https:\/\/schema.org\",\"@graph\":[{\"@type\":\"WebSite\",\"@id\":\"https:\/\/www.urlaubcornwall.de\/blog\/#website\",\"url\":\"https:\/\/www.urlaubcornwall.de\/blog\/\",\"name\":\"Urlaub &amp; Reisen\",\"description\":\"Urlaub, Reisen, Cornwall und S\u00fcdengland: eine perfekte Kombination\",\"potentialAction\":[{\"@type\":\"SearchAction\",\"target\":{\"@type\":\"EntryPoint\",\"urlTemplate\":\"https:\/\/www.urlaubcornwall.de\/blog\/?s={search_term_string}\"},\"query-input\":\"required name=search_term_string\"}],\"inLanguage\":\"en-US\"},{\"@type\":\"WebPage\",\"@id\":\"https:\/\/www.urlaubcornwall.de\/blog\/pauschalreisen-jersey-kanalinseln-flug-inklusive\/\",\"url\":\"https:\/\/www.urlaubcornwall.de\/blog\/pauschalreisen-jersey-kanalinseln-flug-inklusive\/\",\"name\":\"Pauschalreisen Jersey - Kanalinseln Flug inklusive - Urlaub &amp; Reisen\",\"isPartOf\":{\"@id\":\"https:\/\/www.urlaubcornwall.de\/blog\/#website\"},\"datePublished\":\"2022-09-12T09:47:54+00:00\",\"dateModified\":\"2024-08-22T11:49:58+00:00\",\"breadcrumb\":{\"@id\":\"https:\/\/www.urlaubcornwall.de\/blog\/pauschalreisen-jersey-kanalinseln-flug-inklusive\/#breadcrumb\"},\"inLanguage\":\"en-US\",\"potentialAction\":[{\"@type\":\"ReadAction\",\"target\":[\"https:\/\/www.urlaubcornwall.de\/blog\/pauschalreisen-jersey-kanalinseln-flug-inklusive\/\"]}]},{\"@type\":\"BreadcrumbList\",\"@id\":\"https:\/\/www.urlaubcornwall.de\/blog\/pauschalreisen-jersey-kanalinseln-flug-inklusive\/#breadcrumb\",\"itemListElement\":[{\"@type\":\"ListItem\",\"position\":1,\"name\":\"Home\",\"item\":\"https:\/\/www.urlaubcornwall.de\/blog\/\"},{\"@type\":\"ListItem\",\"position\":2,\"name\":\"Pauschalreisen Jersey &#8211; Kanalinseln Flug inklusive\"}]}]}<\/script>\n<!-- \/ Yoast SEO plugin. -->","yoast_head_json":{"title":"Pauschalreisen Jersey - Kanalinseln Flug inklusive - Urlaub &amp; Reisen","robots":{"index":"index","follow":"follow","max-snippet":"max-snippet:-1","max-image-preview":"max-image-preview:large","max-video-preview":"max-video-preview:-1"},"canonical":"https:\/\/www.urlaubcornwall.de\/blog\/pauschalreisen-jersey-kanalinseln-flug-inklusive\/","og_locale":"en_US","og_type":"article","og_title":"Pauschalreisen Jersey - Kanalinseln Flug inklusive - Urlaub &amp; Reisen","og_description":"Pauschalreisen nach Jersey erleben &#8211; Die besten Hotels &#8211; Flug inklusive &#8211; Komplettpaket Seit zehn Jahren fliegen wir mit unseren Chartermaschinen von fast allen deutschen Flugh\u00e4fen nonstop nach Jersey. Unsere Programme bieten einw\u00f6chige Aufenthalte auf beiden Inseln, auch in Kombination. Mit abwechslungsreichen Ausfl\u00fcgen lernen Sie die Inselwelt kennen und lieben. Wander&#8211; und Fahrrad-Reisen bieten Ihnen [&hellip;]","og_url":"https:\/\/www.urlaubcornwall.de\/blog\/pauschalreisen-jersey-kanalinseln-flug-inklusive\/","og_site_name":"Urlaub &amp; Reisen","article_modified_time":"2024-08-22T11:49:58+00:00","og_image":[{"url":"https:\/\/www.urlaubcornwall.de\/blog\/wp-content\/uploads\/2023\/02\/gorey-schloss-jersey-kanailinseln.jpg"}],"twitter_card":"summary","twitter_misc":{"Est. reading time":"1 minute"},"schema":{"@context":"https:\/\/schema.org","@graph":[{"@type":"WebSite","@id":"https:\/\/www.urlaubcornwall.de\/blog\/#website","url":"https:\/\/www.urlaubcornwall.de\/blog\/","name":"Urlaub &amp; Reisen","description":"Urlaub, Reisen, Cornwall und S\u00fcdengland: eine perfekte Kombination","potentialAction":[{"@type":"SearchAction","target":{"@type":"EntryPoint","urlTemplate":"https:\/\/www.urlaubcornwall.de\/blog\/?s={search_term_string}"},"query-input":"required name=search_term_string"}],"inLanguage":"en-US"},{"@type":"WebPage","@id":"https:\/\/www.urlaubcornwall.de\/blog\/pauschalreisen-jersey-kanalinseln-flug-inklusive\/","url":"https:\/\/www.urlaubcornwall.de\/blog\/pauschalreisen-jersey-kanalinseln-flug-inklusive\/","name":"Pauschalreisen Jersey - Kanalinseln Flug inklusive - Urlaub &amp; Reisen","isPartOf":{"@id":"https:\/\/www.urlaubcornwall.de\/blog\/#website"},"datePublished":"2022-09-12T09:47:54+00:00","dateModified":"2024-08-22T11:49:58+00:00","breadcrumb":{"@id":"https:\/\/www.urlaubcornwall.de\/blog\/pauschalreisen-jersey-kanalinseln-flug-inklusive\/#breadcrumb"},"inLanguage":"en-US","potentialAction":[{"@type":"ReadAction","target":["https:\/\/www.urlaubcornwall.de\/blog\/pauschalreisen-jersey-kanalinseln-flug-inklusive\/"]}]},{"@type":"BreadcrumbList","@id":"https:\/\/www.urlaubcornwall.de\/blog\/pauschalreisen-jersey-kanalinseln-flug-inklusive\/#breadcrumb","itemListElement":[{"@type":"ListItem","position":1,"name":"Home","item":"https:\/\/www.urlaubcornwall.de\/blog\/"},{"@type":"ListItem","position":2,"name":"Pauschalreisen Jersey &#8211; Kanalinseln Flug inklusive"}]}]}},"_links":{"self":[{"href":"https:\/\/www.urlaubcornwall.de\/blog\/wp-json\/wp\/v2\/pages\/45131"}],"collection":[{"href":"https:\/\/www.urlaubcornwall.de\/blog\/wp-json\/wp\/v2\/pages"}],"about":[{"href":"https:\/\/www.urlaubcornwall.de\/blog\/wp-json\/wp\/v2\/types\/page"}],"author":[{"embeddable":true,"href":"https:\/\/www.urlaubcornwall.de\/blog\/wp-json\/wp\/v2\/users\/1"}],"replies":[{"embeddable":true,"href":"https:\/\/www.urlaubcornwall.de\/blog\/wp-json\/wp\/v2\/comments?post=45131"}],"version-history":[{"count":3,"href":"https:\/\/www.urlaubcornwall.de\/blog\/wp-json\/wp\/v2\/pages\/45131\/revisions"}],"predecessor-version":[{"id":51543,"href":"https:\/\/www.urlaubcornwall.de\/blog\/wp-json\/wp\/v2\/pages\/45131\/revisions\/51543"}],"wp:attachment":[{"href":"https:\/\/www.urlaubcornwall.de\/blog\/wp-json\/wp\/v2\/media?parent=45131"}],"curies":[{"name":"wp","href":"https:\/\/api.w.org\/{rel}","templated":true}]}}