{"id":45054,"date":"2022-09-05T12:41:10","date_gmt":"2022-09-05T12:41:10","guid":{"rendered":"https:\/\/www.urlaubcornwall.de\/blog\/?page_id=45054"},"modified":"2024-05-31T09:10:35","modified_gmt":"2024-05-31T09:10:35","slug":"guenstige-urlaub-inseln-shetland","status":"publish","type":"page","link":"https:\/\/www.urlaubcornwall.de\/blog\/guenstige-urlaub-inseln-shetland\/","title":{"rendered":"G\u00fcnstige Urlaub Inseln Shetland"},"content":{"rendered":"<p><a href=\"https:\/\/www.urlaubcornwall.de\/blog\/wp-content\/uploads\/2018\/04\/ferienhaus-ullapool-am-meer-meerblick.jpg\"><img loading=\"lazy\" src=\"https:\/\/www.urlaubcornwall.de\/blog\/wp-content\/uploads\/2018\/04\/ferienhaus--am-meer-meerblick.jpg\" alt=\"ferienhaus ullapool am meer meerblick\" width=\"744\" height=\"473\" class=\"alignnone size-full wp-image-33482\" \/><\/a><br \/>\nAnreise nach <a href=\"https:\/\/www.urlaubcornwall.de\/blog\/urlaub-inseln-shetland-sehenswuerdigkeiten-geschichte-und-unterkunft\/\">Shetland<\/a>: Es gibt Direktfl\u00fcge von Glasgow, Edinburgh, Aberdeen, Inverness und Kirkwall in Orkney, die weniger als 2 Stunden dauern, oder einen F\u00e4hrservice von Aberdeen, der 12 Stunden betr\u00e4gt.<\/p>\n<p>Shetland befindet sich 177km vor der Nordostk\u00fcste Schottlands; dieses Archipel besteht aus 100 Inseln, von denen 15 bewohnt sind. Die Shetland Inseln befinden sich n\u00e4her an Norwegen als am Festland Schottland, und der skandinavische Einfluss kann \u00fcberall gesehen werden<\/p>\n<p>Es kann schwierig werden, einen <a href=\"https:\/\/www.urlaubcornwall.de\/ferienhaeuser-fewos\/sco\/schottische-inseln\/unst.html\">g\u00fcnstigen Urlaub in Shetland<\/a> zu finden, doch geben Sie nicht auf. Es ist durchaus m\u00f6glich, Urlaub mit einem kleineren Budget zu machen &#8211; selbst im beliebten Urlaubsort <a href=\"https:\/\/www.urlaubcornwall.de\/ferienhaeuser-fewos\/unterkunft\/Holiday\/75417-1-bedroom-bungalow-in-unst---75417.html\">Unst<\/a>, f\u00fcr eine ganze Menge weniger Geld mithilfe dieser Tipps.<\/p>\n<p><strong>Alternativen zu einem Hotel<\/strong> &#8211; Es gibt in Shetland viele wundersch\u00f6ne Cottages und Ferienh\u00e4user, die anstelle eines Hotels eine perfekte Option f\u00fcr Familien und Paare darstellen. Sie bieten flexible Unterkunft und darunter finden Sie viele tierfreundliche H\u00e4user in den beliebtesten Urlaubsorten.<\/p>\n<p>Wir haben die beste Auswahl an <a href=\"https:\/\/www.urlaubcornwall.de\/ferienhaeuser-fewos\/sco\/schottische-inseln\/schottische-inseln.html\">pers\u00f6nlich inspizierten Ferienh\u00e4usern in Schottland im Angebot<\/a>.<\/p>\n","protected":false},"excerpt":{"rendered":"<p>Anreise nach Shetland: Es gibt Direktfl\u00fcge von Glasgow, Edinburgh, Aberdeen, Inverness und Kirkwall in Orkney, die weniger als 2 Stunden dauern, oder einen F\u00e4hrservice von Aberdeen, der 12 Stunden betr\u00e4gt. Shetland befindet sich 177km vor der Nordostk\u00fcste Schottlands; dieses Archipel besteht aus 100 Inseln, von denen 15 bewohnt sind. Die Shetland Inseln befinden sich n\u00e4her [&hellip;]<\/p>\n","protected":false},"author":1,"featured_media":0,"parent":0,"menu_order":0,"comment_status":"closed","ping_status":"closed","template":"single-four.php","meta":[],"acf":[],"yoast_head":"<!-- This site is optimized with the Yoast SEO plugin v19.4 - https:\/\/yoast.com\/wordpress\/plugins\/seo\/ -->\n<title>G\u00fcnstige Urlaub Inseln Shetland - Urlaub &amp; Reisen<\/title>\n<meta name=\"robots\" content=\"index, follow, max-snippet:-1, max-image-preview:large, max-video-preview:-1\" \/>\n<link rel=\"canonical\" href=\"https:\/\/www.urlaubcornwall.de\/blog\/guenstige-urlaub-inseln-shetland\/\" \/>\n<meta property=\"og:locale\" content=\"en_US\" \/>\n<meta property=\"og:type\" content=\"article\" \/>\n<meta property=\"og:title\" content=\"G\u00fcnstige Urlaub Inseln Shetland - Urlaub &amp; Reisen\" \/>\n<meta property=\"og:description\" content=\"Anreise nach Shetland: Es gibt Direktfl\u00fcge von Glasgow, Edinburgh, Aberdeen, Inverness und Kirkwall in Orkney, die weniger als 2 Stunden dauern, oder einen F\u00e4hrservice von Aberdeen, der 12 Stunden betr\u00e4gt. Shetland befindet sich 177km vor der Nordostk\u00fcste Schottlands; dieses Archipel besteht aus 100 Inseln, von denen 15 bewohnt sind. Die Shetland Inseln befinden sich n\u00e4her [&hellip;]\" \/>\n<meta property=\"og:url\" content=\"https:\/\/www.urlaubcornwall.de\/blog\/guenstige-urlaub-inseln-shetland\/\" \/>\n<meta property=\"og:site_name\" content=\"Urlaub &amp; Reisen\" \/>\n<meta property=\"article:modified_time\" content=\"2024-05-31T09:10:35+00:00\" \/>\n<meta property=\"og:image\" content=\"https:\/\/www.urlaubcornwall.de\/blog\/wp-content\/uploads\/2018\/04\/ferienhaus--am-meer-meerblick.jpg\" \/>\n<meta name=\"twitter:card\" content=\"summary\" \/>\n<meta name=\"twitter:label1\" content=\"Est. reading time\" \/>\n\t<meta name=\"twitter:data1\" content=\"1 minute\" \/>\n<script type=\"application\/ld+json\" class=\"yoast-schema-graph\">{\"@context\":\"https:\/\/schema.org\",\"@graph\":[{\"@type\":\"WebSite\",\"@id\":\"https:\/\/www.urlaubcornwall.de\/blog\/#website\",\"url\":\"https:\/\/www.urlaubcornwall.de\/blog\/\",\"name\":\"Urlaub &amp; Reisen\",\"description\":\"Urlaub, Reisen, Cornwall und S\u00fcdengland: eine perfekte Kombination\",\"potentialAction\":[{\"@type\":\"SearchAction\",\"target\":{\"@type\":\"EntryPoint\",\"urlTemplate\":\"https:\/\/www.urlaubcornwall.de\/blog\/?s={search_term_string}\"},\"query-input\":\"required name=search_term_string\"}],\"inLanguage\":\"en-US\"},{\"@type\":\"WebPage\",\"@id\":\"https:\/\/www.urlaubcornwall.de\/blog\/guenstige-urlaub-inseln-shetland\/\",\"url\":\"https:\/\/www.urlaubcornwall.de\/blog\/guenstige-urlaub-inseln-shetland\/\",\"name\":\"G\u00fcnstige Urlaub Inseln Shetland - Urlaub &amp; Reisen\",\"isPartOf\":{\"@id\":\"https:\/\/www.urlaubcornwall.de\/blog\/#website\"},\"datePublished\":\"2022-09-05T12:41:10+00:00\",\"dateModified\":\"2024-05-31T09:10:35+00:00\",\"breadcrumb\":{\"@id\":\"https:\/\/www.urlaubcornwall.de\/blog\/guenstige-urlaub-inseln-shetland\/#breadcrumb\"},\"inLanguage\":\"en-US\",\"potentialAction\":[{\"@type\":\"ReadAction\",\"target\":[\"https:\/\/www.urlaubcornwall.de\/blog\/guenstige-urlaub-inseln-shetland\/\"]}]},{\"@type\":\"BreadcrumbList\",\"@id\":\"https:\/\/www.urlaubcornwall.de\/blog\/guenstige-urlaub-inseln-shetland\/#breadcrumb\",\"itemListElement\":[{\"@type\":\"ListItem\",\"position\":1,\"name\":\"Home\",\"item\":\"https:\/\/www.urlaubcornwall.de\/blog\/\"},{\"@type\":\"ListItem\",\"position\":2,\"name\":\"G\u00fcnstige Urlaub Inseln Shetland\"}]}]}<\/script>\n<!-- \/ Yoast SEO plugin. -->","yoast_head_json":{"title":"G\u00fcnstige Urlaub Inseln Shetland - Urlaub &amp; Reisen","robots":{"index":"index","follow":"follow","max-snippet":"max-snippet:-1","max-image-preview":"max-image-preview:large","max-video-preview":"max-video-preview:-1"},"canonical":"https:\/\/www.urlaubcornwall.de\/blog\/guenstige-urlaub-inseln-shetland\/","og_locale":"en_US","og_type":"article","og_title":"G\u00fcnstige Urlaub Inseln Shetland - Urlaub &amp; Reisen","og_description":"Anreise nach Shetland: Es gibt Direktfl\u00fcge von Glasgow, Edinburgh, Aberdeen, Inverness und Kirkwall in Orkney, die weniger als 2 Stunden dauern, oder einen F\u00e4hrservice von Aberdeen, der 12 Stunden betr\u00e4gt. Shetland befindet sich 177km vor der Nordostk\u00fcste Schottlands; dieses Archipel besteht aus 100 Inseln, von denen 15 bewohnt sind. Die Shetland Inseln befinden sich n\u00e4her [&hellip;]","og_url":"https:\/\/www.urlaubcornwall.de\/blog\/guenstige-urlaub-inseln-shetland\/","og_site_name":"Urlaub &amp; Reisen","article_modified_time":"2024-05-31T09:10:35+00:00","og_image":[{"url":"https:\/\/www.urlaubcornwall.de\/blog\/wp-content\/uploads\/2018\/04\/ferienhaus--am-meer-meerblick.jpg"}],"twitter_card":"summary","twitter_misc":{"Est. reading time":"1 minute"},"schema":{"@context":"https:\/\/schema.org","@graph":[{"@type":"WebSite","@id":"https:\/\/www.urlaubcornwall.de\/blog\/#website","url":"https:\/\/www.urlaubcornwall.de\/blog\/","name":"Urlaub &amp; Reisen","description":"Urlaub, Reisen, Cornwall und S\u00fcdengland: eine perfekte Kombination","potentialAction":[{"@type":"SearchAction","target":{"@type":"EntryPoint","urlTemplate":"https:\/\/www.urlaubcornwall.de\/blog\/?s={search_term_string}"},"query-input":"required name=search_term_string"}],"inLanguage":"en-US"},{"@type":"WebPage","@id":"https:\/\/www.urlaubcornwall.de\/blog\/guenstige-urlaub-inseln-shetland\/","url":"https:\/\/www.urlaubcornwall.de\/blog\/guenstige-urlaub-inseln-shetland\/","name":"G\u00fcnstige Urlaub Inseln Shetland - Urlaub &amp; Reisen","isPartOf":{"@id":"https:\/\/www.urlaubcornwall.de\/blog\/#website"},"datePublished":"2022-09-05T12:41:10+00:00","dateModified":"2024-05-31T09:10:35+00:00","breadcrumb":{"@id":"https:\/\/www.urlaubcornwall.de\/blog\/guenstige-urlaub-inseln-shetland\/#breadcrumb"},"inLanguage":"en-US","potentialAction":[{"@type":"ReadAction","target":["https:\/\/www.urlaubcornwall.de\/blog\/guenstige-urlaub-inseln-shetland\/"]}]},{"@type":"BreadcrumbList","@id":"https:\/\/www.urlaubcornwall.de\/blog\/guenstige-urlaub-inseln-shetland\/#breadcrumb","itemListElement":[{"@type":"ListItem","position":1,"name":"Home","item":"https:\/\/www.urlaubcornwall.de\/blog\/"},{"@type":"ListItem","position":2,"name":"G\u00fcnstige Urlaub Inseln Shetland"}]}]}},"_links":{"self":[{"href":"https:\/\/www.urlaubcornwall.de\/blog\/wp-json\/wp\/v2\/pages\/45054"}],"collection":[{"href":"https:\/\/www.urlaubcornwall.de\/blog\/wp-json\/wp\/v2\/pages"}],"about":[{"href":"https:\/\/www.urlaubcornwall.de\/blog\/wp-json\/wp\/v2\/types\/page"}],"author":[{"embeddable":true,"href":"https:\/\/www.urlaubcornwall.de\/blog\/wp-json\/wp\/v2\/users\/1"}],"replies":[{"embeddable":true,"href":"https:\/\/www.urlaubcornwall.de\/blog\/wp-json\/wp\/v2\/comments?post=45054"}],"version-history":[{"count":5,"href":"https:\/\/www.urlaubcornwall.de\/blog\/wp-json\/wp\/v2\/pages\/45054\/revisions"}],"predecessor-version":[{"id":51270,"href":"https:\/\/www.urlaubcornwall.de\/blog\/wp-json\/wp\/v2\/pages\/45054\/revisions\/51270"}],"wp:attachment":[{"href":"https:\/\/www.urlaubcornwall.de\/blog\/wp-json\/wp\/v2\/media?parent=45054"}],"curies":[{"name":"wp","href":"https:\/\/api.w.org\/{rel}","templated":true}]}}