{"id":45052,"date":"2022-09-05T11:21:42","date_gmt":"2022-09-05T11:21:42","guid":{"rendered":"https:\/\/www.urlaubcornwall.de\/blog\/?page_id=45052"},"modified":"2022-12-12T14:18:29","modified_gmt":"2022-12-12T14:18:29","slug":"guenstige-urlaub-in-der-naehe-bath-somerset","status":"publish","type":"page","link":"https:\/\/www.urlaubcornwall.de\/blog\/guenstige-urlaub-in-der-naehe-bath-somerset\/","title":{"rendered":"G\u00fcnstige Urlaub in der N\u00e4he Bath, Somerset"},"content":{"rendered":"<p><img loading=\"lazy\" class=\"aligncenter size-full wp-image-33892\" src=\"https:\/\/www.urlaubcornwall.de\/blog\/wp-content\/uploads\/2018\/06\/Charmante-D\u00f6rfer-cornwall-1.jpg\" alt=\"G\u00fcnstige ferienhaus in der N\u00e4he Bath\" width=\"749\" height=\"444\"\/><\/p>\n<p>Es kann schwierig werden, einen <a href=\"https:\/\/www.urlaubcornwall.de\/ferienhaeuser-fewos\/eng\/somerset\/bath.html\">g\u00fcnstigen Urlaub in Somerset<\/a> zu finden, doch geben Sie nicht auf. Es ist durchaus m\u00f6glich, Urlaub mit einem kleineren Budget zu machen &#8211; selbst im beliebten <a href=\"https:\/\/www.urlaubcornwall.de\/ferienhaeuser-fewos\/eng\/somerset\/bath.html\">Urlaubsort Bath<\/a>, f\u00fcr eine ganze Menge weniger Geld mithilfe dieser Tipps.<\/p>\n<p><strong>Alternativen zu einem Hotel<\/strong> &#8211; Es gibt in Somerset viele wundersch\u00f6ne Cottages und Ferienh\u00e4user, die anstelle eines Hotels eine perfekte Option f\u00fcr Familien und Paare darstellen. Sie bieten flexible Unterkunft und darunter finden Sie viele tierfreundliche H\u00e4user in den beliebtesten Urlaubsorten.<\/p>\n<p>Wir haben die beste Auswahl an <a href=\"<a href=\"https:\/\/www.urlaubcornwall.de\/ferienhaeuser-fewos\/eng\/somerset\/somerset.html\">https:\/\/www.urlaubcornwall.de\/ferienhaeuser-fewos\/eng\/dorset\/dorset.html<\/a>&#8220;>pers\u00f6nlich inspizierten Ferienh\u00e4usern in Somerset im Angebot.<\/p>\n","protected":false},"excerpt":{"rendered":"<p>Es kann schwierig werden, einen g\u00fcnstigen Urlaub in Somerset zu finden, doch geben Sie nicht auf. Es ist durchaus m\u00f6glich, Urlaub mit einem kleineren Budget zu machen &#8211; selbst im beliebten Urlaubsort Bath, f\u00fcr eine ganze Menge weniger Geld mithilfe dieser Tipps. Alternativen zu einem Hotel &#8211; Es gibt in Somerset viele wundersch\u00f6ne Cottages und [&hellip;]<\/p>\n","protected":false},"author":1,"featured_media":0,"parent":0,"menu_order":0,"comment_status":"closed","ping_status":"closed","template":"single-four.php","meta":[],"acf":[],"yoast_head":"<!-- This site is optimized with the Yoast SEO plugin v19.4 - https:\/\/yoast.com\/wordpress\/plugins\/seo\/ -->\n<title>G\u00fcnstige Urlaub in der N\u00e4he Bath, Somerset - Urlaub &amp; Reisen<\/title>\n<meta name=\"robots\" content=\"index, follow, max-snippet:-1, max-image-preview:large, max-video-preview:-1\" \/>\n<link rel=\"canonical\" href=\"https:\/\/www.urlaubcornwall.de\/blog\/guenstige-urlaub-in-der-naehe-bath-somerset\/\" \/>\n<meta property=\"og:locale\" content=\"en_US\" \/>\n<meta property=\"og:type\" content=\"article\" \/>\n<meta property=\"og:title\" content=\"G\u00fcnstige Urlaub in der N\u00e4he Bath, Somerset - Urlaub &amp; Reisen\" \/>\n<meta property=\"og:description\" content=\"Es kann schwierig werden, einen g\u00fcnstigen Urlaub in Somerset zu finden, doch geben Sie nicht auf. Es ist durchaus m\u00f6glich, Urlaub mit einem kleineren Budget zu machen &#8211; selbst im beliebten Urlaubsort Bath, f\u00fcr eine ganze Menge weniger Geld mithilfe dieser Tipps. Alternativen zu einem Hotel &#8211; Es gibt in Somerset viele wundersch\u00f6ne Cottages und [&hellip;]\" \/>\n<meta property=\"og:url\" content=\"https:\/\/www.urlaubcornwall.de\/blog\/guenstige-urlaub-in-der-naehe-bath-somerset\/\" \/>\n<meta property=\"og:site_name\" content=\"Urlaub &amp; Reisen\" \/>\n<meta property=\"article:modified_time\" content=\"2022-12-12T14:18:29+00:00\" \/>\n<meta name=\"twitter:card\" content=\"summary\" \/>\n<meta name=\"twitter:label1\" content=\"Est. reading time\" \/>\n\t<meta name=\"twitter:data1\" content=\"1 minute\" \/>\n<script type=\"application\/ld+json\" class=\"yoast-schema-graph\">{\"@context\":\"https:\/\/schema.org\",\"@graph\":[{\"@type\":\"WebSite\",\"@id\":\"https:\/\/www.urlaubcornwall.de\/blog\/#website\",\"url\":\"https:\/\/www.urlaubcornwall.de\/blog\/\",\"name\":\"Urlaub &amp; Reisen\",\"description\":\"Urlaub, Reisen, Cornwall und S\u00fcdengland: eine perfekte Kombination\",\"potentialAction\":[{\"@type\":\"SearchAction\",\"target\":{\"@type\":\"EntryPoint\",\"urlTemplate\":\"https:\/\/www.urlaubcornwall.de\/blog\/?s={search_term_string}\"},\"query-input\":\"required name=search_term_string\"}],\"inLanguage\":\"en-US\"},{\"@type\":\"WebPage\",\"@id\":\"https:\/\/www.urlaubcornwall.de\/blog\/guenstige-urlaub-in-der-naehe-bath-somerset\/\",\"url\":\"https:\/\/www.urlaubcornwall.de\/blog\/guenstige-urlaub-in-der-naehe-bath-somerset\/\",\"name\":\"G\u00fcnstige Urlaub in der N\u00e4he Bath, Somerset - Urlaub &amp; Reisen\",\"isPartOf\":{\"@id\":\"https:\/\/www.urlaubcornwall.de\/blog\/#website\"},\"datePublished\":\"2022-09-05T11:21:42+00:00\",\"dateModified\":\"2022-12-12T14:18:29+00:00\",\"breadcrumb\":{\"@id\":\"https:\/\/www.urlaubcornwall.de\/blog\/guenstige-urlaub-in-der-naehe-bath-somerset\/#breadcrumb\"},\"inLanguage\":\"en-US\",\"potentialAction\":[{\"@type\":\"ReadAction\",\"target\":[\"https:\/\/www.urlaubcornwall.de\/blog\/guenstige-urlaub-in-der-naehe-bath-somerset\/\"]}]},{\"@type\":\"BreadcrumbList\",\"@id\":\"https:\/\/www.urlaubcornwall.de\/blog\/guenstige-urlaub-in-der-naehe-bath-somerset\/#breadcrumb\",\"itemListElement\":[{\"@type\":\"ListItem\",\"position\":1,\"name\":\"Home\",\"item\":\"https:\/\/www.urlaubcornwall.de\/blog\/\"},{\"@type\":\"ListItem\",\"position\":2,\"name\":\"G\u00fcnstige Urlaub in der N\u00e4he Bath, Somerset\"}]}]}<\/script>\n<!-- \/ Yoast SEO plugin. -->","yoast_head_json":{"title":"G\u00fcnstige Urlaub in der N\u00e4he Bath, Somerset - Urlaub &amp; Reisen","robots":{"index":"index","follow":"follow","max-snippet":"max-snippet:-1","max-image-preview":"max-image-preview:large","max-video-preview":"max-video-preview:-1"},"canonical":"https:\/\/www.urlaubcornwall.de\/blog\/guenstige-urlaub-in-der-naehe-bath-somerset\/","og_locale":"en_US","og_type":"article","og_title":"G\u00fcnstige Urlaub in der N\u00e4he Bath, Somerset - Urlaub &amp; Reisen","og_description":"Es kann schwierig werden, einen g\u00fcnstigen Urlaub in Somerset zu finden, doch geben Sie nicht auf. Es ist durchaus m\u00f6glich, Urlaub mit einem kleineren Budget zu machen &#8211; selbst im beliebten Urlaubsort Bath, f\u00fcr eine ganze Menge weniger Geld mithilfe dieser Tipps. Alternativen zu einem Hotel &#8211; Es gibt in Somerset viele wundersch\u00f6ne Cottages und [&hellip;]","og_url":"https:\/\/www.urlaubcornwall.de\/blog\/guenstige-urlaub-in-der-naehe-bath-somerset\/","og_site_name":"Urlaub &amp; Reisen","article_modified_time":"2022-12-12T14:18:29+00:00","twitter_card":"summary","twitter_misc":{"Est. reading time":"1 minute"},"schema":{"@context":"https:\/\/schema.org","@graph":[{"@type":"WebSite","@id":"https:\/\/www.urlaubcornwall.de\/blog\/#website","url":"https:\/\/www.urlaubcornwall.de\/blog\/","name":"Urlaub &amp; Reisen","description":"Urlaub, Reisen, Cornwall und S\u00fcdengland: eine perfekte Kombination","potentialAction":[{"@type":"SearchAction","target":{"@type":"EntryPoint","urlTemplate":"https:\/\/www.urlaubcornwall.de\/blog\/?s={search_term_string}"},"query-input":"required name=search_term_string"}],"inLanguage":"en-US"},{"@type":"WebPage","@id":"https:\/\/www.urlaubcornwall.de\/blog\/guenstige-urlaub-in-der-naehe-bath-somerset\/","url":"https:\/\/www.urlaubcornwall.de\/blog\/guenstige-urlaub-in-der-naehe-bath-somerset\/","name":"G\u00fcnstige Urlaub in der N\u00e4he Bath, Somerset - Urlaub &amp; Reisen","isPartOf":{"@id":"https:\/\/www.urlaubcornwall.de\/blog\/#website"},"datePublished":"2022-09-05T11:21:42+00:00","dateModified":"2022-12-12T14:18:29+00:00","breadcrumb":{"@id":"https:\/\/www.urlaubcornwall.de\/blog\/guenstige-urlaub-in-der-naehe-bath-somerset\/#breadcrumb"},"inLanguage":"en-US","potentialAction":[{"@type":"ReadAction","target":["https:\/\/www.urlaubcornwall.de\/blog\/guenstige-urlaub-in-der-naehe-bath-somerset\/"]}]},{"@type":"BreadcrumbList","@id":"https:\/\/www.urlaubcornwall.de\/blog\/guenstige-urlaub-in-der-naehe-bath-somerset\/#breadcrumb","itemListElement":[{"@type":"ListItem","position":1,"name":"Home","item":"https:\/\/www.urlaubcornwall.de\/blog\/"},{"@type":"ListItem","position":2,"name":"G\u00fcnstige Urlaub in der N\u00e4he Bath, Somerset"}]}]}},"_links":{"self":[{"href":"https:\/\/www.urlaubcornwall.de\/blog\/wp-json\/wp\/v2\/pages\/45052"}],"collection":[{"href":"https:\/\/www.urlaubcornwall.de\/blog\/wp-json\/wp\/v2\/pages"}],"about":[{"href":"https:\/\/www.urlaubcornwall.de\/blog\/wp-json\/wp\/v2\/types\/page"}],"author":[{"embeddable":true,"href":"https:\/\/www.urlaubcornwall.de\/blog\/wp-json\/wp\/v2\/users\/1"}],"replies":[{"embeddable":true,"href":"https:\/\/www.urlaubcornwall.de\/blog\/wp-json\/wp\/v2\/comments?post=45052"}],"version-history":[{"count":5,"href":"https:\/\/www.urlaubcornwall.de\/blog\/wp-json\/wp\/v2\/pages\/45052\/revisions"}],"predecessor-version":[{"id":45609,"href":"https:\/\/www.urlaubcornwall.de\/blog\/wp-json\/wp\/v2\/pages\/45052\/revisions\/45609"}],"wp:attachment":[{"href":"https:\/\/www.urlaubcornwall.de\/blog\/wp-json\/wp\/v2\/media?parent=45052"}],"curies":[{"name":"wp","href":"https:\/\/api.w.org\/{rel}","templated":true}]}}