{"id":44988,"date":"2022-08-22T11:21:55","date_gmt":"2022-08-22T11:21:55","guid":{"rendered":"https:\/\/www.urlaubcornwall.de\/blog\/?page_id=44988"},"modified":"2024-05-31T09:20:59","modified_gmt":"2024-05-31T09:20:59","slug":"die-besten-orte-in-wales-zu-besuchen","status":"publish","type":"page","link":"https:\/\/www.urlaubcornwall.de\/blog\/die-besten-orte-in-wales-zu-besuchen\/","title":{"rendered":"Die besten Orte in Wales zu besuchen"},"content":{"rendered":"<p><a href=\"https:\/\/www.urlaubcornwall.de\/blog\/wp-content\/uploads\/2024\/03\/Portmeirion.jpg\"><img loading=\"lazy\" src=\"https:\/\/www.urlaubcornwall.de\/blog\/wp-content\/uploads\/2024\/03\/Portmeirion.jpg\" alt=\"Portmeirion\" width=\"750\" height=\"500\" class=\"alignnone size-full wp-image-47839\" srcset=\"https:\/\/www.urlaubcornwall.de\/blog\/wp-content\/uploads\/2024\/03\/Portmeirion.jpg 750w, https:\/\/www.urlaubcornwall.de\/blog\/wp-content\/uploads\/2024\/03\/Portmeirion-300x200.jpg 300w\" sizes=\"(max-width: 750px) 100vw, 750px\" \/><\/a><\/p>\n<p>Mit einer reichen Geschichte, pulsierenden St\u00e4dten und einer unglaublichen Landschaft, ganz zu schweigen von den k\u00f6stlichen walisischen Kuchen, gibt es einen Grund, warum <a href=\"https:\/\/www.urlaubcornwall.de\/ferienhaeuser-fewos\/wal\/wales.html\">Wales ein so beliebtes Urlaubsziel<\/a> ist.<\/p>\n<p>Sie haben sich also Ihr sch\u00f6nes H\u00e4uschen ausgesucht, Sie sind angekommen und ausgepackt (und haben sich ein wenig auf dem Grundst\u00fcck umgesehen), aber was werden Sie als n\u00e4chstes tun? Mit einem ganzen Land, das es zu erkunden gilt, wo fangen Sie an! Nun, wir haben die harte Arbeit geleistet und unsere Liste der besten Orte in Wales zusammengestellt, sodass Sie nur ein wenig st\u00f6bern m\u00fcssen, bevor Sie Ihre perfekte Urlaubsroute erstellen.<\/p>\n<p>Und wenn Sie zu viel finden, um in einen Urlaub zu passen, ist dies die perfekte Ausrede, um es immer wieder zu besuchen!<\/p>\n<p>Finde mehr heraus<\/p>\n<p style=\"text-align: center;\">\n\t\t<strong><br \/>\n\t\t\t<a href=\"#schloss\" title=\"Schl\u00f6sser\">Schl\u00f6sser<\/a> |<br \/>\n\t\t\t<a href=\"#strand\" title=\" Str\u00e4nde\">Str\u00e4nde<\/a> |<br \/>\n\t\t\t<a href=\"#dorfer\" title=\"St\u00e4dte, Gemeinden und D\u00f6rfer\">St\u00e4dte, Gemeinden und D\u00f6rfer<\/a><br \/>\n                        <a href=\"#natur\" title=\"Natur\">Natur<\/a> <\/strong><\/p>\n<p>\t\t\n\t<\/p>\n<h2 id=\"schloss\">Schl\u00f6sser<\/h2>\n<p>Wenn es eine Sache gibt, ist Wales wirklich ber\u00fchmt f\u00fcr seine Schl\u00f6sser. Wenn Sie einen ganzen Urlaub nur rund um Burgen verbringen m\u00f6chten, k\u00f6nnen Sie sie einfach besuchen. Mit 427 Schl\u00f6ssern in Wales ist es schwer, nicht um eine Ecke zu fahren und auf eine beeindruckende Ausstellung von Steinen, Kasernen und Wassergr\u00e4ben zu sto\u00dfen.<\/p>\n<p><strong>Chepstow-Schloss<\/strong><\/p>\n<p><img loading=\"lazy\" class=\"aligncenter size-full wp-image-48052\" src=\"https:\/\/www.urlaubcornwall.de\/blog\/wp-content\/uploads\/2024\/03\/Chepstow-Castle.jpg\" alt=\"Chepstow-Castle\" width=\"750\" height=\"500\" srcset=\"https:\/\/www.urlaubcornwall.de\/blog\/wp-content\/uploads\/2024\/03\/Chepstow-Castle.jpg 750w, https:\/\/www.urlaubcornwall.de\/blog\/wp-content\/uploads\/2024\/03\/Chepstow-Castle-300x200.jpg 300w\" sizes=\"(max-width: 750px) 100vw, 750px\" \/><\/p>\n<p><a href=\"https:\/\/www.urlaubcornwall.de\/ferienhaeuser-fewos\/wal\/suedwales\/chepstow.html\">Chepstow<\/a> Castle steht seit \u00fcber sechs Jahrhunderten und hat sich weiterentwickelt, was uns einen fast lebendigen \u00dcberblick dar\u00fcber gibt, wie sich Burgen im Laufe der Jahre ver\u00e4ndert haben.<\/p>\n<p>Dieses wundersch\u00f6n erhaltene St\u00fcck Geschichte, das \u00e4lteste Schloss Gro\u00dfbritanniens, ist eine faszinierende Tour, bei der Sie dank der Exponate vor Ort eine Vielzahl von Relikten und Verbindungen zur Vergangenheit sehen k\u00f6nnen.<\/p>\n<p><strong>Caerphilly Castle<\/strong><\/p>\n<p><img loading=\"lazy\" class=\"aligncenter size-full wp-image-48049\" src=\"https:\/\/www.urlaubcornwall.de\/blog\/wp-content\/uploads\/2024\/03\/Caerphilly-Castle.jpg\" alt=\" Caerphilly-Castle\" width=\"750\" height=\"499\" srcset=\"https:\/\/www.urlaubcornwall.de\/blog\/wp-content\/uploads\/2024\/03\/Caerphilly-Castle.jpg 750w, https:\/\/www.urlaubcornwall.de\/blog\/wp-content\/uploads\/2024\/03\/Caerphilly-Castle-300x200.jpg 300w\" sizes=\"(max-width: 750px) 100vw, 750px\" \/><\/p>\n<p>Caerphilly Castle ist das gr\u00f6\u00dfte Schloss in Wales und es dauert ein paar Stunden, um es richtig zu erkunden. Diese m\u00e4chtige Festung wurde aus Angst vor dem m\u00e4chtigen Prinzen von Wales, Llywelyn ap Gruffudd, erbaut, der zweimal versuchte, den Bau dieses monumentalen Bauwerks zu verhindern.<\/p>\n<p>Mit einer Gr\u00f6\u00dfe von \u00fcber 12 Hektar ist die Verteidigungsanlage von Caerphilly Castle dreimal gr\u00f6\u00dfer als das Principality Stadium von Wales in Cardiff und belegt nach Windsor Castle den zweitgr\u00f6\u00dften Titel des gr\u00f6\u00dften Schlosses Gro\u00dfbritanniens. Heute k\u00f6nnen Sie um das Schloss herumgehen und seine Geschichte dank der vielen Repliken und bedeutenden Restaurierungen sehen, die das Schloss zu seinem fr\u00fcheren Glanz zur\u00fcckgebracht haben.<\/p>\n<p><strong>Cardiff-Schloss<\/strong><\/p>\n<p><a href=\"https:\/\/www.urlaubcornwall.de\/blog\/wp-content\/uploads\/2016\/12\/Schloss-cardiff-urlaub.jpg\"><img loading=\"lazy\" src=\"https:\/\/www.urlaubcornwall.de\/blog\/wp-content\/uploads\/2016\/12\/Schloss-cardiff-urlaub.jpg\" alt=\"schloss cardiff\" width=\"750\" height=\"360\" class=\"alignnone size-full wp-image-25691\" \/><\/a><\/p>\n<p>Nat\u00fcrlich k\u00f6nnen Sie nicht sagen, dass Sie eine Schlosstour durch Wales ohne einen Besuch von Cardiff Castle gemacht haben, das den Besuchern der walisischen Hauptstadt 2000 Jahre Geschichte bietet. Diese historische Ausstellung, die erste r\u00f6mische Festung in Cardiff, ist voller Dinge, die es f\u00fcr die ganze Familie zu sehen und zu tun gibt.<\/p>\n<p>Spazieren Sie um die Burg herum, werfen Sie einen Blick in die Vergangenheit im Museum und entdecken Sie r\u00f6mische \u00dcberreste in der Wagenausstellung, bevor Sie Ihren Besuch im Caf\u00e9 bei einem wohlverdienten St\u00fcck Kuchen ausklingen lassen.<\/p>\n<p><strong>Conwy Castle<\/strong><\/p>\n<p>Ein weiterer Favorit ist die mittelalterliche Festung Conwy Castle, die perfekt mit den aufragenden Bergen von Snowdonia im Hintergrund und den gewundenen, engen Gassen von Conwy darunter liegt.<\/p>\n<p>Diese malerische Lage in Kombination mit den hoch aufragenden Steinen und Zinnen aus einer Fantasie machen <a href=\"https:\/\/www.urlaubcornwall.de\/ferienhaeuser-fewos\/wal\/nordwales\/conwy.html\">Conwy Castle<\/a> zu einer der pr\u00e4chtigsten Burgen in ganz Europa. Stellen Sie Ihre Fitness auf die Probe und erklimmen Sie einen der beeindruckenden T\u00fcrme, um das Beste aus Ihrem Besuch zu machen.<\/p>\n<p>Entdecken Sie die beeindruckende Liste der Burgen in Pembrokeshire, um Ihre historische Tour durch Wales fortzusetzen.<\/p>\n<h2 id=\"strand\">Str\u00e4nde<\/h2>\n<p>Schnappen Sie sich Handt\u00fccher und Sonnencreme, wenn in Wales die Sonne scheint, dann ist Strandtag! Mit knapp 2200 km K\u00fcste gibt es in Wales einige wirklich spektakul\u00e4re Orte, an denen Sie den Sand, die Sonne und die Brandung genie\u00dfen k\u00f6nnen.<\/p>\n<p><strong>Barafundle-Bucht<\/strong><\/p>\n<p><img loading=\"lazy\" class=\"aligncenter size-full wp-image-47959\" src=\"https:\/\/www.urlaubcornwall.de\/blog\/wp-content\/uploads\/2024\/03\/gower-halbinsel-wales-1.jpg\" alt=\"gower halbinsel wales\" width=\"750\" height=\"500\" srcset=\"https:\/\/www.urlaubcornwall.de\/blog\/wp-content\/uploads\/2024\/03\/gower-halbinsel-wales-1.jpg 750w, https:\/\/www.urlaubcornwall.de\/blog\/wp-content\/uploads\/2024\/03\/gower-halbinsel-wales-1-300x200.jpg 300w\" sizes=\"(max-width: 750px) 100vw, 750px\" \/><\/p>\n<p>Wenn Sie nach Sandstr\u00e4nden suchen, die von einer tiefgr\u00fcnen Landschaft umgeben sind, dann ist ein Ausflug zur Barafundle Bay ein Muss. Dieses kleine Paradies wird oft zu den besten Str\u00e4nden der Welt gez\u00e4hlt und ist der perfekte Ort, um der Hektik des Alltags zugunsten des t\u00fcrkisfarbenen Wassers und des karibischen Flairs zu entfliehen.<\/p>\n<p><strong>Ynyslas-D\u00fcnen<\/strong><\/p>\n<p><img loading=\"lazy\" class=\"aligncenter size-full wp-image-44998\" src=\"https:\/\/www.urlaubcornwall.de\/blog\/wp-content\/uploads\/2022\/08\/Ynyslas-Dunes.jpg\" alt=\"Ynyslas Dunes\" width=\"750\" height=\"501\" srcset=\"https:\/\/www.urlaubcornwall.de\/blog\/wp-content\/uploads\/2022\/08\/Ynyslas-Dunes.jpg 750w, https:\/\/www.urlaubcornwall.de\/blog\/wp-content\/uploads\/2022\/08\/Ynyslas-Dunes-300x200.jpg 300w\" sizes=\"(max-width: 750px) 100vw, 750px\" \/><br \/>\nimage credit Giaconda Beekman<\/p>\n<p>Auf der sandigen Halbinsel an der M\u00fcndung der Dovey-M\u00fcndung gelegen, bieten diese rollenden D\u00fcnen einen wunderbaren nat\u00fcrlichen Spielplatz f\u00fcr Kinder und Hunde gleicherma\u00dfen. Nach dem Versteckspielen inmitten der Grasb\u00fcschel und kleinen Sandt\u00e4ler ist ein Picknick am Strand ein Muss, bei dem Sie den Blick \u00fcber das Meer schweifen lassen und dabei dem fernen Ger\u00e4usch der Feldlerchen lauschen k\u00f6nnen.<\/p>\n<p><strong>Buchten von Broad Haven<\/strong><\/p>\n<p>Diese kleine Ansammlung von Buchten und H\u00f6hlen liegt im unglaublichen Pembrokeshire Coast National Park und ist ein hei\u00dfer Anw\u00e4rter auf den sch\u00f6nsten Ort in Wales (und sicherlich auf die <a href=\"https:\/\/www.urlaubcornwall.de\/blog\/5-grossartige-straende-wales\/\">besten Str\u00e4nde in Wales<\/a>).<\/p>\n<h2 id=\"dorfer\">St\u00e4dte, Gemeinden und D\u00f6rfer<\/h2>\n<p><strong>Cardiff<\/strong><\/p>\n<p>Die <a href=\"https:\/\/www.urlaubcornwall.de\/ferienhaeuser-fewos\/wal\/suedwales\/cardiff.html\">Hauptstadt von Wales<\/a> ist dank ihrer bezaubernden Architektur, des faszinierenden Museums und des Schlosses, ganz zu schweigen von den wundersch\u00f6nen Parks und Flussspazierg\u00e4ngen, die Heimat einiger fantastischer Einkaufsm\u00f6glichkeiten mit einem historischen Hintergrund. Egal, ob es sich um eine Tour durch die beiden \u00fcberdachten Einkaufszentren, einen Besuch in einigen der Hunderte von Gesch\u00e4ften in den wundersch\u00f6n \u00fcberdachten viktorianischen Arkaden oder einen Spaziergang durch die Stra\u00dfen voller unabh\u00e4ngiger Gesch\u00e4fte und gem\u00fctlicher Caf\u00e9s handelt, ein Tag in Cardiff City ist immer ein Erlebnis guten Tag.<\/p>\n<p><strong>Portmeirion<\/strong><\/p>\n<p><img loading=\"lazy\" class=\"aligncenter size-full wp-image-47839\" src=\"https:\/\/www.urlaubcornwall.de\/blog\/wp-content\/uploads\/2024\/03\/Portmeirion.jpg\" alt=\"Portmeirion\" width=\"750\" height=\"500\" srcset=\"https:\/\/www.urlaubcornwall.de\/blog\/wp-content\/uploads\/2024\/03\/Portmeirion.jpg 750w, https:\/\/www.urlaubcornwall.de\/blog\/wp-content\/uploads\/2024\/03\/Portmeirion-300x200.jpg 300w\" sizes=\"(max-width: 750px) 100vw, 750px\" \/><\/p>\n<p>Mit einer Architektur, die in Italien nicht fehl am Platz wirken w\u00fcrde, und Farben, die Disneyland langweilig aussehen lassen, ist Portmeirion vielleicht nicht das, wor\u00fcber Sie in Wales stolpern w\u00fcrden, aber Sie werden erfreut sein, dass Sie es getan haben! Schlendern Sie durch das unglaubliche Dorf und bestaunen Sie die m\u00e4rchenhaften Geb\u00e4ude, die alles beherbergen, von Gesch\u00e4ften \u00fcber Caf\u00e9s und Restaurants bis hin zu einem Spa. Sie k\u00f6nnen sogar Portmeirion-Keramik kaufen, um ein St\u00fcck dieses traumhaften Dorfes mit nach Hause zu nehmen.<\/p>\n<p><strong>St. Davids<\/strong><\/p>\n<p><a href=\"https:\/\/www.urlaubcornwall.de\/ferienhaeuser-fewos\/wal\/westwales\/st-davids.html\">St. Davids in Pembrokeshire<\/a>, eine Stadt mit der Seele (und Gr\u00f6\u00dfe) eines Dorfes, ist die kleinste Stadt Gro\u00dfbritanniens. F\u00fcr Geschichtsfans ist die wundersch\u00f6ne Kathedrale aus dem 12. Jahrhundert mit lila Steinen seit \u00fcber 800 Jahren ein Ort der Wallfahrt und Anbetung, da sie an der Stelle errichtet wurde, an der der Schutzpatron von Wales, St. David, im 6. Jahrhundert ein Kloster errichtete. Als n\u00e4chstes auf Ihrer Besuchsliste in St. Davids sollte die ebenso interessante Oriel y Parc Gallery stehen, eine Galerie f\u00fcr Landschaftskunst, die eine st\u00e4ndig wechselnde Liste von Ausstellungen mit Kunst und Artefakten aus dem National Museum Wales beherbergt.<\/p>\n<p><strong>Aberaeron<\/strong><\/p>\n<p><a href=\"https:\/\/www.urlaubcornwall.de\/blog\/wp-content\/uploads\/2024\/03\/aberaeron.jpg\"><img loading=\"lazy\" src=\"https:\/\/www.urlaubcornwall.de\/blog\/wp-content\/uploads\/2024\/03\/aberaeron.jpg\" alt=\"aberaeron\" width=\"750\" height=\"374\" class=\"alignnone size-full wp-image-48186\" srcset=\"https:\/\/www.urlaubcornwall.de\/blog\/wp-content\/uploads\/2024\/03\/aberaeron.jpg 750w, https:\/\/www.urlaubcornwall.de\/blog\/wp-content\/uploads\/2024\/03\/aberaeron-300x150.jpg 300w\" sizes=\"(max-width: 750px) 100vw, 750px\" \/><\/a><br \/>\nAberaeron \u00a9 Crown copyright (2013) Visit Wales<\/p>\n<p>Eine weitere farbenfrohe Erg\u00e4nzung Ihrer Wanderliste ist <a href=\"https:\/\/www.urlaubcornwall.de\/ferienhaeuser-fewos\/wal\/westwales\/aberaeron.html\">Aberaeron<\/a>, eine K\u00fcstenstadt, die f\u00fcr ihre lebhaften H\u00e4user ber\u00fchmt ist, die leicht die Kulisse f\u00fcr eine Kinderfernsehshow sein k\u00f6nnten. Voll ausgestattet mit unabh\u00e4ngigen Gesch\u00e4ften, Boutiquen und Restaurants mit Zugang zu fantastisch frischen, lokalen Meeresfr\u00fcchten, ist dieser malerischen Stadt kaum zu widerstehen. Es ist auch ein \u00fcberraschend guter Ort, um Delfine zu beobachten, da sie ihre eigene Schule haben, die die Gegend besucht!<\/p>\n<h2 id=\"natur\">Natur<\/h2>\n<p>Ziehen Sie Ihre Wanderschuhe an, die walisische Landschaft lockt mit ihren weitreichenden Aussichten und befriedigenden Anstiegen.<\/p>\n<p><strong>Snowdonia-Nationalpark<\/strong><\/p>\n<p><a href=\"https:\/\/www.urlaubcornwall.de\/blog\/wp-content\/uploads\/2024\/03\/Snowdon-Caernarfon-1.jpg\"><img loading=\"lazy\" src=\"https:\/\/www.urlaubcornwall.de\/blog\/wp-content\/uploads\/2024\/03\/Snowdon-Caernarfon-1.jpg\" alt=\"Snowdon,\" width=\"750\" height=\"500\" class=\"alignnone size-full wp-image-47961\" srcset=\"https:\/\/www.urlaubcornwall.de\/blog\/wp-content\/uploads\/2024\/03\/Snowdon-Caernarfon-1.jpg 750w, https:\/\/www.urlaubcornwall.de\/blog\/wp-content\/uploads\/2024\/03\/Snowdon-Caernarfon-1-300x200.jpg 300w\" sizes=\"(max-width: 750px) 100vw, 750px\" \/><\/a><\/p>\n<p>Der <a href=\"https:\/\/www.urlaubcornwall.de\/ferienhaeuser-fewos\/wal\/nordwales\/snowdonia-national-park.html\">Snowdonia-Nationalpark<\/a> erstreckt sich \u00fcber 2100 Quadratkilometer und ist perfekt f\u00fcr Naturliebhaber, egal ob Sie sich w\u00e4hrend einer herzzerrei\u00dfenden Wanderung mit Schlamm bedecken oder einfach nur stehen und die Aussicht bewundern m\u00f6chten. Da der Mount Snowdon verschiedene Routen zum Gipfel bietet, von anspruchsvollen Routen bis hin zu \u00fcberschaubareren Steigungen, ist es kein Wunder, dass diese Gegend einer der besten Orte zum Wandern in Gro\u00dfbritannien ist. Keine Lust auf den langen Aufstieg? Steigen Sie in einen wundersch\u00f6nen Dampfzug und fahren Sie mit der Snowdon Mountain Railway nach oben, damit Sie den unglaublichen Panoramablick ohne Schwei\u00df genie\u00dfen k\u00f6nnen.<\/p>\n<p><strong>Pontcysyllte-Aqu\u00e4dukt<\/strong><\/p>\n<p><img loading=\"lazy\" class=\"aligncenter size-full wp-image-48053\" src=\"https:\/\/www.urlaubcornwall.de\/blog\/wp-content\/uploads\/2024\/03\/Pontcysyllte-Aqueduct.jpg\" alt=\"Pontcysyllte-Aqueduct\" width=\"750\" height=\"510\" srcset=\"https:\/\/www.urlaubcornwall.de\/blog\/wp-content\/uploads\/2024\/03\/Pontcysyllte-Aqueduct.jpg 750w, https:\/\/www.urlaubcornwall.de\/blog\/wp-content\/uploads\/2024\/03\/Pontcysyllte-Aqueduct-300x204.jpg 300w\" sizes=\"(max-width: 750px) 100vw, 750px\" \/><\/p>\n<p>Wo sonst in Gro\u00dfbritannien k\u00f6nnen Sie neben einem Bach am Himmel spazieren gehen! Das Pontcysyllte-Aqu\u00e4dukt im Nordosten von Wales ist ber\u00fchmt f\u00fcr seine atemberaubende Aussicht und der richtige Ort, wenn Sie Geschichte mit technischer Brillanz m\u00f6gen. Dieser 15 km lange Kanalabschnitt, der seit 2009 zum Weltkulturerbe geh\u00f6rt, erstreckt sich \u00fcber zwei L\u00e4nder und bietet schmalen Booten die M\u00f6glichkeit, 30 m \u00fcber dem Boden entlang zu fahren. W\u00e4hrend Ihres Besuchs k\u00f6nnen Sie den Aqu\u00e4dukten und Viadukten zu Fu\u00df oder mit dem Boot folgen und dabei die wundersch\u00f6ne Landschaft und die charmanten St\u00e4dte und D\u00f6rfer auf dem Weg genie\u00dfen. Besonders denkw\u00fcrdige Sehensw\u00fcrdigkeiten entlang der Strecke sind die unglaublichen Horseshoe Falls, die Abtei Valle Crucis und das au\u00dfergew\u00f6hnliche Plas Newydd aus dem 18. Jahrhundert.<\/p>\n<p><strong>Brecon-Beacons<\/strong><\/p>\n<p><img loading=\"lazy\" class=\"aligncenter size-full wp-image-47942\" src=\"https:\/\/www.urlaubcornwall.de\/blog\/wp-content\/uploads\/2024\/03\/Brecon-Beacons.jpg\" alt=\"Brecon Beacons\" width=\"750\" height=\"500\" srcset=\"https:\/\/www.urlaubcornwall.de\/blog\/wp-content\/uploads\/2024\/03\/Brecon-Beacons.jpg 750w, https:\/\/www.urlaubcornwall.de\/blog\/wp-content\/uploads\/2024\/03\/Brecon-Beacons-300x200.jpg 300w\" sizes=\"(max-width: 750px) 100vw, 750px\" \/><\/p>\n<p>Ein weiteres Ziel f\u00fcr Wanderer ist der Brecon Beacons National Park, der f\u00fcr seine atemberaubenden Weiten bekannt ist, die aus uralten Feldern und W\u00e4ldern bestehen. F\u00fcr den sanften Wanderer bieten Spazierg\u00e4nge am Flussufer eine friedliche Flucht in die Natur, w\u00e4hrend Pen y Fan den erfahreneren Wanderern eine herausfordernde Wanderung zum h\u00f6chsten Punkt der Beacons bietet. Dieses ganze Gebiet ist ein Dark-Sky-Reservat, sodass Sie sich zur\u00fccklehnen und beobachten k\u00f6nnen, wie die Milchstra\u00dfe in einer klaren Nacht ihren Weg \u00fcber den Nachthimmel findet.<\/p>\n<p><strong>Pembrokeshire Coast National Trail<\/strong><\/p>\n<p>Mit 186 Meilen unterschiedlicher K\u00fcstenszenen, von denen eine atemberaubender ist als die andere, ist dieser Abschnitt der walisischen K\u00fcste nicht ohne Grund ber\u00fchmt. Warum sich also nicht in dieser wundersch\u00f6nen Ecke von <a href=\"https:\/\/www.urlaubcornwall.de\/reiseziel\/wales.php\">Wales<\/a> niederlassen. Hier sind einige gem\u00fctliche Cottages, die Sie als einladende Basis nutzen k\u00f6nnen.<\/p>\n<p>W\u00e4hrend Ihres wunderbar walisischen Spaziergangs entlang des <a href=\"https:\/\/www.urlaubcornwall.de\/ferienhaeuser-fewos\/wal\/westwales\/pembroke.html\">Pembrokeshire Coast National Trail<\/a> kommen Sie an \u00fcber 50 Str\u00e4nden und fast ebenso vielen Festungen aus der Eisenzeit sowie unz\u00e4hligen geheimen Buchten vorbei, die sich perfekt f\u00fcr ein Picknick eignen. Der malerische Hafen von <a href=\"https:\/\/www.urlaubcornwall.de\/ferienhaeuser-fewos\/wal\/westwales\/tenby.html\">Tenby<\/a> ist ein besonders denkw\u00fcrdiger Ort f\u00fcr einen Besuch, da er die Heimat einer beeindruckenden Burg, eines ausgedehnten Strandes und einer Stadtmauer aus dem 13. Jahrhundert ist, die die Stadt umgibt.<\/p>\n<p>Sind Sie bereit, Wales zu erkunden? Buchen Sie jetzt Ihren Aufenthalt in einem <a href=\"https:\/\/www.urlaubcornwall.de\/ferienhaeuser-fewos\/wal\/wales.html\">unserer sch\u00f6nen Cottages und beginnen Sie jetzt<\/a>, Ihre To-visit-Liste zu f\u00fcllen.<\/p>\n","protected":false},"excerpt":{"rendered":"<p>Mit einer reichen Geschichte, pulsierenden St\u00e4dten und einer unglaublichen Landschaft, ganz zu schweigen von den k\u00f6stlichen walisischen Kuchen, gibt es einen Grund, warum Wales ein so beliebtes Urlaubsziel ist. Sie haben sich also Ihr sch\u00f6nes H\u00e4uschen ausgesucht, Sie sind angekommen und ausgepackt (und haben sich ein wenig auf dem Grundst\u00fcck umgesehen), aber was werden Sie [&hellip;]<\/p>\n","protected":false},"author":1,"featured_media":0,"parent":0,"menu_order":0,"comment_status":"closed","ping_status":"closed","template":"single-four.php","meta":[],"acf":[],"yoast_head":"<!-- This site is optimized with the Yoast SEO plugin v19.4 - https:\/\/yoast.com\/wordpress\/plugins\/seo\/ -->\n<title>Die besten Orte in Wales zu besuchen - Urlaub &amp; Reisen<\/title>\n<meta name=\"robots\" content=\"index, follow, max-snippet:-1, max-image-preview:large, max-video-preview:-1\" \/>\n<link rel=\"canonical\" href=\"https:\/\/www.urlaubcornwall.de\/blog\/die-besten-orte-in-wales-zu-besuchen\/\" \/>\n<meta property=\"og:locale\" content=\"en_US\" \/>\n<meta property=\"og:type\" content=\"article\" \/>\n<meta property=\"og:title\" content=\"Die besten Orte in Wales zu besuchen - Urlaub &amp; Reisen\" \/>\n<meta property=\"og:description\" content=\"Mit einer reichen Geschichte, pulsierenden St\u00e4dten und einer unglaublichen Landschaft, ganz zu schweigen von den k\u00f6stlichen walisischen Kuchen, gibt es einen Grund, warum Wales ein so beliebtes Urlaubsziel ist. Sie haben sich also Ihr sch\u00f6nes H\u00e4uschen ausgesucht, Sie sind angekommen und ausgepackt (und haben sich ein wenig auf dem Grundst\u00fcck umgesehen), aber was werden Sie [&hellip;]\" \/>\n<meta property=\"og:url\" content=\"https:\/\/www.urlaubcornwall.de\/blog\/die-besten-orte-in-wales-zu-besuchen\/\" \/>\n<meta property=\"og:site_name\" content=\"Urlaub &amp; Reisen\" \/>\n<meta property=\"article:modified_time\" content=\"2024-05-31T09:20:59+00:00\" \/>\n<meta property=\"og:image\" content=\"https:\/\/www.urlaubcornwall.de\/blog\/wp-content\/uploads\/2024\/03\/Portmeirion.jpg\" \/>\n<meta name=\"twitter:card\" content=\"summary\" \/>\n<meta name=\"twitter:label1\" content=\"Est. reading time\" \/>\n\t<meta name=\"twitter:data1\" content=\"11 minutes\" \/>\n<script type=\"application\/ld+json\" class=\"yoast-schema-graph\">{\"@context\":\"https:\/\/schema.org\",\"@graph\":[{\"@type\":\"WebSite\",\"@id\":\"https:\/\/www.urlaubcornwall.de\/blog\/#website\",\"url\":\"https:\/\/www.urlaubcornwall.de\/blog\/\",\"name\":\"Urlaub &amp; Reisen\",\"description\":\"Urlaub, Reisen, Cornwall und S\u00fcdengland: eine perfekte Kombination\",\"potentialAction\":[{\"@type\":\"SearchAction\",\"target\":{\"@type\":\"EntryPoint\",\"urlTemplate\":\"https:\/\/www.urlaubcornwall.de\/blog\/?s={search_term_string}\"},\"query-input\":\"required name=search_term_string\"}],\"inLanguage\":\"en-US\"},{\"@type\":\"WebPage\",\"@id\":\"https:\/\/www.urlaubcornwall.de\/blog\/die-besten-orte-in-wales-zu-besuchen\/\",\"url\":\"https:\/\/www.urlaubcornwall.de\/blog\/die-besten-orte-in-wales-zu-besuchen\/\",\"name\":\"Die besten Orte in Wales zu besuchen - Urlaub &amp; Reisen\",\"isPartOf\":{\"@id\":\"https:\/\/www.urlaubcornwall.de\/blog\/#website\"},\"datePublished\":\"2022-08-22T11:21:55+00:00\",\"dateModified\":\"2024-05-31T09:20:59+00:00\",\"breadcrumb\":{\"@id\":\"https:\/\/www.urlaubcornwall.de\/blog\/die-besten-orte-in-wales-zu-besuchen\/#breadcrumb\"},\"inLanguage\":\"en-US\",\"potentialAction\":[{\"@type\":\"ReadAction\",\"target\":[\"https:\/\/www.urlaubcornwall.de\/blog\/die-besten-orte-in-wales-zu-besuchen\/\"]}]},{\"@type\":\"BreadcrumbList\",\"@id\":\"https:\/\/www.urlaubcornwall.de\/blog\/die-besten-orte-in-wales-zu-besuchen\/#breadcrumb\",\"itemListElement\":[{\"@type\":\"ListItem\",\"position\":1,\"name\":\"Home\",\"item\":\"https:\/\/www.urlaubcornwall.de\/blog\/\"},{\"@type\":\"ListItem\",\"position\":2,\"name\":\"Die besten Orte in Wales zu besuchen\"}]}]}<\/script>\n<!-- \/ Yoast SEO plugin. -->","yoast_head_json":{"title":"Die besten Orte in Wales zu besuchen - Urlaub &amp; Reisen","robots":{"index":"index","follow":"follow","max-snippet":"max-snippet:-1","max-image-preview":"max-image-preview:large","max-video-preview":"max-video-preview:-1"},"canonical":"https:\/\/www.urlaubcornwall.de\/blog\/die-besten-orte-in-wales-zu-besuchen\/","og_locale":"en_US","og_type":"article","og_title":"Die besten Orte in Wales zu besuchen - Urlaub &amp; Reisen","og_description":"Mit einer reichen Geschichte, pulsierenden St\u00e4dten und einer unglaublichen Landschaft, ganz zu schweigen von den k\u00f6stlichen walisischen Kuchen, gibt es einen Grund, warum Wales ein so beliebtes Urlaubsziel ist. Sie haben sich also Ihr sch\u00f6nes H\u00e4uschen ausgesucht, Sie sind angekommen und ausgepackt (und haben sich ein wenig auf dem Grundst\u00fcck umgesehen), aber was werden Sie [&hellip;]","og_url":"https:\/\/www.urlaubcornwall.de\/blog\/die-besten-orte-in-wales-zu-besuchen\/","og_site_name":"Urlaub &amp; Reisen","article_modified_time":"2024-05-31T09:20:59+00:00","og_image":[{"url":"https:\/\/www.urlaubcornwall.de\/blog\/wp-content\/uploads\/2024\/03\/Portmeirion.jpg"}],"twitter_card":"summary","twitter_misc":{"Est. reading time":"11 minutes"},"schema":{"@context":"https:\/\/schema.org","@graph":[{"@type":"WebSite","@id":"https:\/\/www.urlaubcornwall.de\/blog\/#website","url":"https:\/\/www.urlaubcornwall.de\/blog\/","name":"Urlaub &amp; Reisen","description":"Urlaub, Reisen, Cornwall und S\u00fcdengland: eine perfekte Kombination","potentialAction":[{"@type":"SearchAction","target":{"@type":"EntryPoint","urlTemplate":"https:\/\/www.urlaubcornwall.de\/blog\/?s={search_term_string}"},"query-input":"required name=search_term_string"}],"inLanguage":"en-US"},{"@type":"WebPage","@id":"https:\/\/www.urlaubcornwall.de\/blog\/die-besten-orte-in-wales-zu-besuchen\/","url":"https:\/\/www.urlaubcornwall.de\/blog\/die-besten-orte-in-wales-zu-besuchen\/","name":"Die besten Orte in Wales zu besuchen - Urlaub &amp; Reisen","isPartOf":{"@id":"https:\/\/www.urlaubcornwall.de\/blog\/#website"},"datePublished":"2022-08-22T11:21:55+00:00","dateModified":"2024-05-31T09:20:59+00:00","breadcrumb":{"@id":"https:\/\/www.urlaubcornwall.de\/blog\/die-besten-orte-in-wales-zu-besuchen\/#breadcrumb"},"inLanguage":"en-US","potentialAction":[{"@type":"ReadAction","target":["https:\/\/www.urlaubcornwall.de\/blog\/die-besten-orte-in-wales-zu-besuchen\/"]}]},{"@type":"BreadcrumbList","@id":"https:\/\/www.urlaubcornwall.de\/blog\/die-besten-orte-in-wales-zu-besuchen\/#breadcrumb","itemListElement":[{"@type":"ListItem","position":1,"name":"Home","item":"https:\/\/www.urlaubcornwall.de\/blog\/"},{"@type":"ListItem","position":2,"name":"Die besten Orte in Wales zu besuchen"}]}]}},"_links":{"self":[{"href":"https:\/\/www.urlaubcornwall.de\/blog\/wp-json\/wp\/v2\/pages\/44988"}],"collection":[{"href":"https:\/\/www.urlaubcornwall.de\/blog\/wp-json\/wp\/v2\/pages"}],"about":[{"href":"https:\/\/www.urlaubcornwall.de\/blog\/wp-json\/wp\/v2\/types\/page"}],"author":[{"embeddable":true,"href":"https:\/\/www.urlaubcornwall.de\/blog\/wp-json\/wp\/v2\/users\/1"}],"replies":[{"embeddable":true,"href":"https:\/\/www.urlaubcornwall.de\/blog\/wp-json\/wp\/v2\/comments?post=44988"}],"version-history":[{"count":16,"href":"https:\/\/www.urlaubcornwall.de\/blog\/wp-json\/wp\/v2\/pages\/44988\/revisions"}],"predecessor-version":[{"id":51274,"href":"https:\/\/www.urlaubcornwall.de\/blog\/wp-json\/wp\/v2\/pages\/44988\/revisions\/51274"}],"wp:attachment":[{"href":"https:\/\/www.urlaubcornwall.de\/blog\/wp-json\/wp\/v2\/media?parent=44988"}],"curies":[{"name":"wp","href":"https:\/\/api.w.org\/{rel}","templated":true}]}}