{"id":44911,"date":"2022-08-16T15:03:14","date_gmt":"2022-08-16T15:03:14","guid":{"rendered":"https:\/\/www.urlaubcornwall.de\/blog\/?page_id=44911"},"modified":"2022-08-16T15:34:17","modified_gmt":"2022-08-16T15:34:17","slug":"die-besten-gemuetlichen-kneipen-in-sussex","status":"publish","type":"page","link":"https:\/\/www.urlaubcornwall.de\/blog\/die-besten-gemuetlichen-kneipen-in-sussex\/","title":{"rendered":"Die besten gem\u00fctlichen Kneipen in Sussex"},"content":{"rendered":"<p><img loading=\"lazy\" class=\"aligncenter size-full wp-image-44912\" src=\"https:\/\/www.urlaubcornwall.de\/blog\/wp-content\/uploads\/2022\/08\/Gemutliche-Kneipen-in-Sussex.jpg\" alt=\"Gem\u00fctliche Kneipen in Sussex\" width=\"750\" height=\"220\" srcset=\"https:\/\/www.urlaubcornwall.de\/blog\/wp-content\/uploads\/2022\/08\/Gemutliche-Kneipen-in-Sussex.jpg 750w, https:\/\/www.urlaubcornwall.de\/blog\/wp-content\/uploads\/2022\/08\/Gemutliche-Kneipen-in-Sussex-300x88.jpg 300w\" sizes=\"(max-width: 750px) 100vw, 750px\" \/><\/p>\n<p>Eine gem\u00fctliche Kneipe auf dem Land ist unschlagbar. Mit gutem Essen aus der Region, Getr\u00e4nken aus umliegenden Weinbergen und Brauereien, einer w\u00e4rmenden Atmosph\u00e4re und oft einem knisternden Feuer in der Ecke sind sie ein Muss, wenn Sie im Urlaub sind.<\/p>\n<p>Sussex ist eine wundersch\u00f6n historische Grafschaft mit ihren verwinkelten Gassen und der offenen Landschaft, manchmal sogar mit Blick auf die K\u00fcste, je nachdem, wo Sie sich befinden. Wenn Sie in <a href=\"https:\/\/www.urlaubcornwall.de\/ferienhaeuser-fewos\/eng\/sussex\/sussex.html\">Sussex<\/a> bleiben, werden Sie bestimmt ein oder zwei Schl\u00f6sser erkunden, Lewes oder Battle und vielleicht sogar Chichester besuchen? Dann gibt es nat\u00fcrlich noch den South Downs Way, einen 150 km langen Fu\u00dfweg von Eastbourne nach Winchester, der herrliche Ausblicke auf die K\u00fcste und eine atemberaubende Landschaft bietet, in die Sie nach Belieben ein- und austauchen k\u00f6nnen.<\/p>\n<p>Wof\u00fcr Sie sich auch w\u00e4hrend Ihres <a href=\"https:\/\/www.urlaubcornwall.de\/reiseziel\/sussex.php\">Urlaubs in Sussex<\/a> entscheiden, Sie werden h\u00f6chstwahrscheinlich einen Ort mit gutem Essen und einer einladenden Atmosph\u00e4re finden wollen, um einen Drink und eine Mahlzeit zu genie\u00dfen, also sind hier ohne Verz\u00f6gerung unsere besten Vorschl\u00e4ge f\u00fcr gem\u00fctliche Pubs in Sussex.<\/p>\n<p><a href=\"https:\/\/www.noahsarkinn.co.uk\/\">The Noah&#8217;s Ark, Lurgashall<\/a><\/p>\n<p><img loading=\"lazy\" class=\"aligncenter size-full wp-image-44913\" src=\"https:\/\/www.urlaubcornwall.de\/blog\/wp-content\/uploads\/2022\/08\/The-Noahs-Ark-Lurgashall.jpg\" alt=\"The Noah&#039;s Ark, Lurgashall\" width=\"750\" height=\"501\" srcset=\"https:\/\/www.urlaubcornwall.de\/blog\/wp-content\/uploads\/2022\/08\/The-Noahs-Ark-Lurgashall.jpg 750w, https:\/\/www.urlaubcornwall.de\/blog\/wp-content\/uploads\/2022\/08\/The-Noahs-Ark-Lurgashall-300x200.jpg 300w\" sizes=\"(max-width: 750px) 100vw, 750px\" \/><\/p>\n<p>An der Grenze zwischen Surrey und West Sussex bietet dieser malerische Pub aus dem 16. Jahrhundert k\u00f6stliche saisonale Speisen auf einer st\u00e4ndig wechselnden Speisekarte mit der M\u00f6glichkeit, bei Gebr\u00fcll zu sitzen. Es ist nur eine kurze Autofahrt vom Naturschutzgebiet Ebernoe Common entfernt, wo Sie zahlreiche Wanderwege finden, die sich perfekt f\u00fcr einen Hundespaziergang mit anschlie\u00dfendem Mittagessen in einem Pub eignen. Sie haben auch Sitzgelegenheiten im Freien f\u00fcr die w\u00e4rmeren Monate.<\/p>\n<p>Bleiben Sie in der N\u00e4he: <a href=\"https:\/\/www.classic.co.uk\/holiday-cottage\/desc-4361.html?utm_referral=urlaubcornwall.de\"rel=\"nofollow\">3 Little London Mews, Chichester<\/a><\/p>\n<p><a href=\"https:\/\/cricketersberwick.co.uk\/\">The Cricketers Arms, Berwick<\/a><\/p>\n<p><img loading=\"lazy\" class=\"aligncenter size-full wp-image-44914\" src=\"https:\/\/www.urlaubcornwall.de\/blog\/wp-content\/uploads\/2022\/08\/The-Cricketers-Arms-Berwick.jpg\" alt=\"The Cricketers Arms, Berwick\" width=\"750\" height=\"501\" srcset=\"https:\/\/www.urlaubcornwall.de\/blog\/wp-content\/uploads\/2022\/08\/The-Cricketers-Arms-Berwick.jpg 750w, https:\/\/www.urlaubcornwall.de\/blog\/wp-content\/uploads\/2022\/08\/The-Cricketers-Arms-Berwick-300x200.jpg 300w\" sizes=\"(max-width: 750px) 100vw, 750px\" \/><\/p>\n<p>Dieser charmante Landpub liegt direkt an der Hauptstra\u00dfe zwischen Lewes und Eastbourne und serviert eine Auswahl an k\u00f6stlichen Speisen, und das Mittagessen am Sonntag ist besonders gut. Der Pub liegt direkt \u00fcber einem Teil des South Downs Way und in der N\u00e4he des Long Man of Wilmington, was ihn zu einem perfekten Ort zum Essen macht. Es wird dringend empfohlen, im Voraus zu buchen.<\/p>\n<p>Bleiben Sie in der N\u00e4he: <a href=\"https:\/\/www.classic.co.uk\/holiday-cottage\/desc-4458.html?utm_referral=urlaubcornwall.de\" rel=\"nofollow\">Danny Cottage, Alfriston<\/a><\/p>\n<p><a href=\"https:\/\/eightbellsjevington.com\/\">The Eight Bells, Hailsham<\/a><\/p>\n<p><img loading=\"lazy\" class=\"aligncenter size-full wp-image-44915\" src=\"https:\/\/www.urlaubcornwall.de\/blog\/wp-content\/uploads\/2022\/08\/The-Eight-Bells-Hailsham.jpg\" alt=\"The Eight Bells, Hailsham\" width=\"750\" height=\"501\" srcset=\"https:\/\/www.urlaubcornwall.de\/blog\/wp-content\/uploads\/2022\/08\/The-Eight-Bells-Hailsham.jpg 750w, https:\/\/www.urlaubcornwall.de\/blog\/wp-content\/uploads\/2022\/08\/The-Eight-Bells-Hailsham-300x200.jpg 300w\" sizes=\"(max-width: 750px) 100vw, 750px\" \/><\/p>\n<p>Das Eight Bells befindet sich in der gesch\u00e4ftigen Stadt Hailsham und ist von einigen fantastischen Sehensw\u00fcrdigkeiten umgeben, darunter der Knockhatch Adventure Park, der Arlington Bluebell Walk and Farm Trail und Herstmonceux Castle, um nur einige zu nennen. Alle Produkte werden von lokalen Lieferanten gekauft und die Bar h\u00e4lt viele lokale Getr\u00e4nke bereit, die Sie probieren k\u00f6nnen.<\/p>\n<p>Bleiben Sie in der N\u00e4he: <a href=\"https:\/\/www.classic.co.uk\/holiday-cottage\/desc-4548.html?utm_referral=urlaubcornwall.de\" rel=\"nofollow\">Moorhen Cottage, Wartling<\/a><\/p>\n<p><a href=\"https:\/\/georgeatburpham.co.uk\/\">The George, Burpham<\/a><\/p>\n<p><img loading=\"lazy\" class=\"aligncenter size-full wp-image-44916\" src=\"https:\/\/www.urlaubcornwall.de\/blog\/wp-content\/uploads\/2022\/08\/The-George-Burpham.jpg\" alt=\"The George, Burpham\" width=\"750\" height=\"501\" srcset=\"https:\/\/www.urlaubcornwall.de\/blog\/wp-content\/uploads\/2022\/08\/The-George-Burpham.jpg 750w, https:\/\/www.urlaubcornwall.de\/blog\/wp-content\/uploads\/2022\/08\/The-George-Burpham-300x200.jpg 300w\" sizes=\"(max-width: 750px) 100vw, 750px\" \/><\/p>\n<p>Dieser durch und durch englische Country-Pub im wundersch\u00f6nen Dorf Burpham bietet einen atemberaubenden Blick auf den South Downs Way. Genie\u00dfen Sie einen Drink am Feuer und ein k\u00f6stliches saisonales Pub-Essen, perfekt nach einem erlebnisreichen Tag. Wenn Sie in der Gegend sind, warum machen Sie im Sommer nicht einen Ausflug nach Arundel Castle oder sogar zum Goodwood Festival of Speed?<\/p>\n<p>Bleiben Sie in der N\u00e4he: <a href=\"https:\/\/www.classic.co.uk\/holiday-cottage\/desc-4361.html?utm_referral=urlaubcornwall.de\" rel=\"nofollow\">3 Little London Mews, Chichester<\/a><\/p>\n<p><a href=\"https:\/\/www.gardenersarmsardingly.co.uk\/\">The Gardeners Arms, Ardingly<\/a><\/p>\n<p><img loading=\"lazy\" class=\"aligncenter size-full wp-image-44917\" src=\"https:\/\/www.urlaubcornwall.de\/blog\/wp-content\/uploads\/2022\/08\/The-Gardeners-Arms-Ardingly.jpg\" alt=\"The Gardeners Arms, Ardingly\" width=\"750\" height=\"501\" srcset=\"https:\/\/www.urlaubcornwall.de\/blog\/wp-content\/uploads\/2022\/08\/The-Gardeners-Arms-Ardingly.jpg 750w, https:\/\/www.urlaubcornwall.de\/blog\/wp-content\/uploads\/2022\/08\/The-Gardeners-Arms-Ardingly-300x200.jpg 300w\" sizes=\"(max-width: 750px) 100vw, 750px\" \/><\/p>\n<p>Das Gardeners Arms ist ein Pub aus dem 17. Jahrhundert und perfekt f\u00fcr einen Besuch das ganze Jahr \u00fcber. Der Garten wird im Sommer sorgf\u00e4ltig gepflegt, um einen sch\u00f6nen Hintergrund f\u00fcr Ihre Mahlzeit zu schaffen, gefolgt vom Winter, der das Holzfeuer in die Zimmer mit Eichenbalken bringt. In der N\u00e4he befindet sich das Ouse Valley Viaduct, ein wunderbarer Ort f\u00fcr einen Spaziergang, in der anderen Richtung gibt es das <a href=\"https:\/\/www.nationaltrust.org.uk\/standen-house-and-garden\">Standen House and Garden<\/a> mit Veranstaltungen, die das ganze Jahr \u00fcber stattfinden.<\/p>\n<p>Bleiben Sie in der N\u00e4he: <a href=\"https:\/\/www.classic.co.uk\/holiday-cottage\/desc-4473.html?utm_referral=urlaubcornwall.de\" rel=\"nofollow\">Woodpeckers Cottage, Forest Row<\/a><\/p>\n<p><a href=\"https:\/\/www.thegeorgerobertsbridge.co.uk\/\">The George Inn, Robertsbridge<\/a><\/p>\n<p><img loading=\"lazy\" class=\"aligncenter size-full wp-image-44918\" src=\"https:\/\/www.urlaubcornwall.de\/blog\/wp-content\/uploads\/2022\/08\/The-George-Inn-Robertsbridge.jpg\" alt=\"The George Inn, Robertsbridge\" width=\"750\" height=\"501\" srcset=\"https:\/\/www.urlaubcornwall.de\/blog\/wp-content\/uploads\/2022\/08\/The-George-Inn-Robertsbridge.jpg 750w, https:\/\/www.urlaubcornwall.de\/blog\/wp-content\/uploads\/2022\/08\/The-George-Inn-Robertsbridge-300x200.jpg 300w\" sizes=\"(max-width: 750px) 100vw, 750px\" \/><\/p>\n<p>Das George ist sehr leidenschaftlich in Bezug auf sein Essen, wobei alles aus der Region von umliegenden Bauernh\u00f6fen und nahe gelegenen Fischerd\u00f6rfern wie Rye und Hastings bezogen wird. Ihre Bar ist mit lokalen Ales und preisgekr\u00f6nten Weinen von Weinbergen in Sussex best\u00fcckt. Wenn Sie tags\u00fcber etwas zu besuchen brauchen, warum besuchen Sie nicht den Sedlescombe Vineyard, das Bodiam Castle oder das sch\u00f6ne Great Dixter House and Gardens, einen der vielen sch\u00f6nen G\u00e4rten in Sussex?<\/p>\n<p>Bleiben Sie in der N\u00e4he: <a href=\"https:\/\/www.classic.co.uk\/holiday-cottage\/desc-4421.html?utm_referral=urlaubcornwall.de\" rel=\"nofollow\">Castlemans Stables East<\/a> und West, Battle<\/p>\n<p>Macht diese Auswahl an gem\u00fctlichen Pubs in Sussex und einigen fantastischen Orten in der Grafschaft Lust, hier einen Urlaub zu verbringen? Dann schauen Sie sich unsere <a href=\"https:\/\/www.urlaubcornwall.de\/ferienhaeuser-fewos\/eng\/sussex\/sussex.html\">Unterk\u00fcnfte in Sussex<\/a> an, um Ihren Urlaub zu etwas ganz Besonderem zu machen.<\/p>\n","protected":false},"excerpt":{"rendered":"<p>Eine gem\u00fctliche Kneipe auf dem Land ist unschlagbar. Mit gutem Essen aus der Region, Getr\u00e4nken aus umliegenden Weinbergen und Brauereien, einer w\u00e4rmenden Atmosph\u00e4re und oft einem knisternden Feuer in der Ecke sind sie ein Muss, wenn Sie im Urlaub sind. Sussex ist eine wundersch\u00f6n historische Grafschaft mit ihren verwinkelten Gassen und der offenen Landschaft, manchmal [&hellip;]<\/p>\n","protected":false},"author":1,"featured_media":0,"parent":0,"menu_order":0,"comment_status":"closed","ping_status":"closed","template":"single-four.php","meta":[],"acf":[],"yoast_head":"<!-- This site is optimized with the Yoast SEO plugin v19.4 - https:\/\/yoast.com\/wordpress\/plugins\/seo\/ -->\n<title>Die besten gem\u00fctlichen Kneipen in Sussex - Urlaub &amp; Reisen<\/title>\n<meta name=\"robots\" content=\"index, follow, max-snippet:-1, max-image-preview:large, max-video-preview:-1\" \/>\n<link rel=\"canonical\" href=\"https:\/\/www.urlaubcornwall.de\/blog\/die-besten-gemuetlichen-kneipen-in-sussex\/\" \/>\n<meta property=\"og:locale\" content=\"en_US\" \/>\n<meta property=\"og:type\" content=\"article\" \/>\n<meta property=\"og:title\" content=\"Die besten gem\u00fctlichen Kneipen in Sussex - Urlaub &amp; Reisen\" \/>\n<meta property=\"og:description\" content=\"Eine gem\u00fctliche Kneipe auf dem Land ist unschlagbar. Mit gutem Essen aus der Region, Getr\u00e4nken aus umliegenden Weinbergen und Brauereien, einer w\u00e4rmenden Atmosph\u00e4re und oft einem knisternden Feuer in der Ecke sind sie ein Muss, wenn Sie im Urlaub sind. Sussex ist eine wundersch\u00f6n historische Grafschaft mit ihren verwinkelten Gassen und der offenen Landschaft, manchmal [&hellip;]\" \/>\n<meta property=\"og:url\" content=\"https:\/\/www.urlaubcornwall.de\/blog\/die-besten-gemuetlichen-kneipen-in-sussex\/\" \/>\n<meta property=\"og:site_name\" content=\"Urlaub &amp; Reisen\" \/>\n<meta property=\"article:modified_time\" content=\"2022-08-16T15:34:17+00:00\" \/>\n<meta property=\"og:image\" content=\"https:\/\/www.urlaubcornwall.de\/blog\/wp-content\/uploads\/2022\/08\/Gemutliche-Kneipen-in-Sussex.jpg\" \/>\n<meta name=\"twitter:card\" content=\"summary\" \/>\n<meta name=\"twitter:label1\" content=\"Est. reading time\" \/>\n\t<meta name=\"twitter:data1\" content=\"5 minutes\" \/>\n<script type=\"application\/ld+json\" class=\"yoast-schema-graph\">{\"@context\":\"https:\/\/schema.org\",\"@graph\":[{\"@type\":\"WebSite\",\"@id\":\"https:\/\/www.urlaubcornwall.de\/blog\/#website\",\"url\":\"https:\/\/www.urlaubcornwall.de\/blog\/\",\"name\":\"Urlaub &amp; Reisen\",\"description\":\"Urlaub, Reisen, Cornwall und S\u00fcdengland: eine perfekte Kombination\",\"potentialAction\":[{\"@type\":\"SearchAction\",\"target\":{\"@type\":\"EntryPoint\",\"urlTemplate\":\"https:\/\/www.urlaubcornwall.de\/blog\/?s={search_term_string}\"},\"query-input\":\"required name=search_term_string\"}],\"inLanguage\":\"en-US\"},{\"@type\":\"WebPage\",\"@id\":\"https:\/\/www.urlaubcornwall.de\/blog\/die-besten-gemuetlichen-kneipen-in-sussex\/\",\"url\":\"https:\/\/www.urlaubcornwall.de\/blog\/die-besten-gemuetlichen-kneipen-in-sussex\/\",\"name\":\"Die besten gem\u00fctlichen Kneipen in Sussex - Urlaub &amp; Reisen\",\"isPartOf\":{\"@id\":\"https:\/\/www.urlaubcornwall.de\/blog\/#website\"},\"datePublished\":\"2022-08-16T15:03:14+00:00\",\"dateModified\":\"2022-08-16T15:34:17+00:00\",\"breadcrumb\":{\"@id\":\"https:\/\/www.urlaubcornwall.de\/blog\/die-besten-gemuetlichen-kneipen-in-sussex\/#breadcrumb\"},\"inLanguage\":\"en-US\",\"potentialAction\":[{\"@type\":\"ReadAction\",\"target\":[\"https:\/\/www.urlaubcornwall.de\/blog\/die-besten-gemuetlichen-kneipen-in-sussex\/\"]}]},{\"@type\":\"BreadcrumbList\",\"@id\":\"https:\/\/www.urlaubcornwall.de\/blog\/die-besten-gemuetlichen-kneipen-in-sussex\/#breadcrumb\",\"itemListElement\":[{\"@type\":\"ListItem\",\"position\":1,\"name\":\"Home\",\"item\":\"https:\/\/www.urlaubcornwall.de\/blog\/\"},{\"@type\":\"ListItem\",\"position\":2,\"name\":\"Die besten gem\u00fctlichen Kneipen in Sussex\"}]}]}<\/script>\n<!-- \/ Yoast SEO plugin. -->","yoast_head_json":{"title":"Die besten gem\u00fctlichen Kneipen in Sussex - Urlaub &amp; Reisen","robots":{"index":"index","follow":"follow","max-snippet":"max-snippet:-1","max-image-preview":"max-image-preview:large","max-video-preview":"max-video-preview:-1"},"canonical":"https:\/\/www.urlaubcornwall.de\/blog\/die-besten-gemuetlichen-kneipen-in-sussex\/","og_locale":"en_US","og_type":"article","og_title":"Die besten gem\u00fctlichen Kneipen in Sussex - Urlaub &amp; Reisen","og_description":"Eine gem\u00fctliche Kneipe auf dem Land ist unschlagbar. Mit gutem Essen aus der Region, Getr\u00e4nken aus umliegenden Weinbergen und Brauereien, einer w\u00e4rmenden Atmosph\u00e4re und oft einem knisternden Feuer in der Ecke sind sie ein Muss, wenn Sie im Urlaub sind. Sussex ist eine wundersch\u00f6n historische Grafschaft mit ihren verwinkelten Gassen und der offenen Landschaft, manchmal [&hellip;]","og_url":"https:\/\/www.urlaubcornwall.de\/blog\/die-besten-gemuetlichen-kneipen-in-sussex\/","og_site_name":"Urlaub &amp; Reisen","article_modified_time":"2022-08-16T15:34:17+00:00","og_image":[{"url":"https:\/\/www.urlaubcornwall.de\/blog\/wp-content\/uploads\/2022\/08\/Gemutliche-Kneipen-in-Sussex.jpg"}],"twitter_card":"summary","twitter_misc":{"Est. reading time":"5 minutes"},"schema":{"@context":"https:\/\/schema.org","@graph":[{"@type":"WebSite","@id":"https:\/\/www.urlaubcornwall.de\/blog\/#website","url":"https:\/\/www.urlaubcornwall.de\/blog\/","name":"Urlaub &amp; Reisen","description":"Urlaub, Reisen, Cornwall und S\u00fcdengland: eine perfekte Kombination","potentialAction":[{"@type":"SearchAction","target":{"@type":"EntryPoint","urlTemplate":"https:\/\/www.urlaubcornwall.de\/blog\/?s={search_term_string}"},"query-input":"required name=search_term_string"}],"inLanguage":"en-US"},{"@type":"WebPage","@id":"https:\/\/www.urlaubcornwall.de\/blog\/die-besten-gemuetlichen-kneipen-in-sussex\/","url":"https:\/\/www.urlaubcornwall.de\/blog\/die-besten-gemuetlichen-kneipen-in-sussex\/","name":"Die besten gem\u00fctlichen Kneipen in Sussex - Urlaub &amp; Reisen","isPartOf":{"@id":"https:\/\/www.urlaubcornwall.de\/blog\/#website"},"datePublished":"2022-08-16T15:03:14+00:00","dateModified":"2022-08-16T15:34:17+00:00","breadcrumb":{"@id":"https:\/\/www.urlaubcornwall.de\/blog\/die-besten-gemuetlichen-kneipen-in-sussex\/#breadcrumb"},"inLanguage":"en-US","potentialAction":[{"@type":"ReadAction","target":["https:\/\/www.urlaubcornwall.de\/blog\/die-besten-gemuetlichen-kneipen-in-sussex\/"]}]},{"@type":"BreadcrumbList","@id":"https:\/\/www.urlaubcornwall.de\/blog\/die-besten-gemuetlichen-kneipen-in-sussex\/#breadcrumb","itemListElement":[{"@type":"ListItem","position":1,"name":"Home","item":"https:\/\/www.urlaubcornwall.de\/blog\/"},{"@type":"ListItem","position":2,"name":"Die besten gem\u00fctlichen Kneipen in Sussex"}]}]}},"_links":{"self":[{"href":"https:\/\/www.urlaubcornwall.de\/blog\/wp-json\/wp\/v2\/pages\/44911"}],"collection":[{"href":"https:\/\/www.urlaubcornwall.de\/blog\/wp-json\/wp\/v2\/pages"}],"about":[{"href":"https:\/\/www.urlaubcornwall.de\/blog\/wp-json\/wp\/v2\/types\/page"}],"author":[{"embeddable":true,"href":"https:\/\/www.urlaubcornwall.de\/blog\/wp-json\/wp\/v2\/users\/1"}],"replies":[{"embeddable":true,"href":"https:\/\/www.urlaubcornwall.de\/blog\/wp-json\/wp\/v2\/comments?post=44911"}],"version-history":[{"count":3,"href":"https:\/\/www.urlaubcornwall.de\/blog\/wp-json\/wp\/v2\/pages\/44911\/revisions"}],"predecessor-version":[{"id":44926,"href":"https:\/\/www.urlaubcornwall.de\/blog\/wp-json\/wp\/v2\/pages\/44911\/revisions\/44926"}],"wp:attachment":[{"href":"https:\/\/www.urlaubcornwall.de\/blog\/wp-json\/wp\/v2\/media?parent=44911"}],"curies":[{"name":"wp","href":"https:\/\/api.w.org\/{rel}","templated":true}]}}