{"id":44889,"date":"2022-08-15T11:12:28","date_gmt":"2022-08-15T11:12:28","guid":{"rendered":"https:\/\/www.urlaubcornwall.de\/blog\/?page_id=44889"},"modified":"2024-05-31T08:55:58","modified_gmt":"2024-05-31T08:55:58","slug":"beste-wanderungen-in-west-sussex","status":"publish","type":"page","link":"https:\/\/www.urlaubcornwall.de\/blog\/beste-wanderungen-in-west-sussex\/","title":{"rendered":"Beste Wanderungen in West Sussex"},"content":{"rendered":"<p><img loading=\"lazy\" class=\"aligncenter size-full wp-image-48002\" src=\"https:\/\/www.urlaubcornwall.de\/blog\/wp-content\/uploads\/2024\/03\/beachy-head.jpg\" alt=\"beachy head\" width=\"750\" height=\"500\" srcset=\"https:\/\/www.urlaubcornwall.de\/blog\/wp-content\/uploads\/2024\/03\/beachy-head.jpg 750w, https:\/\/www.urlaubcornwall.de\/blog\/wp-content\/uploads\/2024\/03\/beachy-head-300x200.jpg 300w\" sizes=\"(max-width: 750px) 100vw, 750px\" \/><\/p>\n<p>Mit dem Titel der sonnigsten Grafschaft im gesamten Vereinigten K\u00f6nigreich kann man sich kaum einen besseren Ort vorstellen, um die alten Wanderschuhe anzuziehen und einen flotten Spaziergang oder eine gem\u00fctliche Wanderung zu unternehmen.<\/p>\n<p>Machen Sie einen gem\u00fctlichen Spaziergang \u00fcber sanfte H\u00fcgel oder eine energiegeladenere Wanderung entlang der dramatischen K\u00fcste von <a href=\"https:\/\/www.urlaubcornwall.de\/ferienhaeuser-fewos\/eng\/sussex\/sussex.html\">West Sussex<\/a>, wo Sie dank der wunderbar abwechslungsreichen Landschaft auf Schritt und Tritt eine atemberaubende Landschaft und perfekte Orte f\u00fcr einen Kaffee oder ein Mittagessen erwarten k\u00f6nnen.<\/p>\n<p><strong>Woolbeding Countryside \u2013 Fluss Rother und Midhurst<\/strong><\/p>\n<p><img loading=\"lazy\" class=\"aligncenter size-full wp-image-44891\" src=\"https:\/\/www.urlaubcornwall.de\/blog\/wp-content\/uploads\/2022\/08\/Woolbeding-Countryside-\u2013-fluss-Rother-and-Midhurst.jpg\" alt=\"Woolbeding Countryside \u2013 fluss Rother and Midhurst\" width=\"750\" height=\"501\" srcset=\"https:\/\/www.urlaubcornwall.de\/blog\/wp-content\/uploads\/2022\/08\/Woolbeding-Countryside-\u2013-fluss-Rother-and-Midhurst.jpg 750w, https:\/\/www.urlaubcornwall.de\/blog\/wp-content\/uploads\/2022\/08\/Woolbeding-Countryside-\u2013-fluss-Rother-and-Midhurst-300x200.jpg 300w\" sizes=\"(max-width: 750px) 100vw, 750px\" \/><\/p>\n<p>Am besten geeignet f\u00fcr: Flussufer-, Wald- und Feuchtgebietswanderungen<\/p>\n<p>\u25cf Entfernung: 5 km<\/p>\n<p>\u25cf Zeit: 1 Stunde 30 Minuten<\/p>\n<p>\u25cf Schwierigkeitsgrad: Einfach<\/p>\n<p>\u25cf Beginnt\/endet: Midhurst High Street<\/p>\n<p>\u25cf Parken: Parkpl\u00e4tze im Stadtzentrum<\/p>\n<p>\u25cf Sehensw\u00fcrdigkeiten: Wheatsheaf &#038; Half Moon Pubs, Woolbeding Church, Rother River<\/p>\n<p>Eine Route, die man in der Kneipe beginnen und enden kann \u2013 was will man mehr? Dieser sanfte Spaziergang ist auch nicht zu anspruchsvoll und daher ideal f\u00fcr leichte Wandertage. Gibt es eine bessere Art, das herzhafte Pub-Mittagessen zu verbrennen, das Sie gerade verschlungen haben, bevor Sie sich auf den Weg machen?<\/p>\n<p>Sie beginnen am Wheatsheaf Pub im Stadtzentrum von Midhurst, bevor Sie auf dem Weg zur Hauptstra\u00dfe die June Lane hinauffahren, vorbei an den Tennispl\u00e4tzen und dem Bowling Green. Vorbei an der Kneipe Half Moon k\u00f6nnen Sie dann dem Wegweiser zum Rotherweg folgen.<\/p>\n<p>Willkommen im Woolbeding Parkland! Schlendern Sie vorbei an niedlichen grasenden K\u00fchen, Schafen und dem Fluss, bevor Sie durch Whiphill Wood in Richtung der Woolbeding-Kirche und des Sees fahren. Halten Sie bei letzterem Ausschau nach dem magischen Blitz von elektrischem Blau, der die Anwesenheit eines Eisvogels bedeuten k\u00f6nnte.<\/p>\n<p>Sie k\u00f6nnen dann entlang des Baches zu den Feuchtgebieten schl\u00e4ngeln, wo Sie Libellen mit zarten, dunkelblauen Fl\u00fcgeln beobachten k\u00f6nnen, die zwischen Schilf und Binsen tanzen. Die Schlussetappe f\u00fchrt Sie dann an der Rother vorbei wieder zur\u00fcck in Richtung Hauptstra\u00dfe. Eine ideale Gelegenheit f\u00fcr ein Pint Bier im Wheatsheaf, finden wir.<\/p>\n<p><strong>Saddlescombe Farm und Newtimber Walk<\/strong><\/p>\n<p><img loading=\"lazy\" class=\"aligncenter size-full wp-image-44892\" src=\"https:\/\/www.urlaubcornwall.de\/blog\/wp-content\/uploads\/2022\/08\/Saddlescombe-Farm-und-Newtimber-wandern.jpg\" alt=\"Saddlescombe Farm und Newtimber wandern\" width=\"750\" height=\"501\" srcset=\"https:\/\/www.urlaubcornwall.de\/blog\/wp-content\/uploads\/2022\/08\/Saddlescombe-Farm-und-Newtimber-wandern.jpg 750w, https:\/\/www.urlaubcornwall.de\/blog\/wp-content\/uploads\/2022\/08\/Saddlescombe-Farm-und-Newtimber-wandern-300x200.jpg 300w\" sizes=\"(max-width: 750px) 100vw, 750px\" \/><\/p>\n<p>Am besten geeignet f\u00fcr: Fruchtbares Ackerland und das Caf\u00e9 Wildflour<\/p>\n<p>\u25cf Entfernung: 3 km<\/p>\n<p>\u25cf Zeit: 1 Stunde 30 Minuten<\/p>\n<p>\u25cf Schwierigkeitsgrad: Moderat<\/p>\n<p>\u25cf Start\/Ende: Parkbucht gegen\u00fcber der Saddlescombe Farm<\/p>\n<p>\u25cf Parken: Parkplatz Newtimber Hill<\/p>\n<p>\u25cf Sehensw\u00fcrdigkeiten: Newtimber Hill, Saddlescombe Farm, Wildflour Caf\u00e9<\/p>\n<p>Diese mittelschwere Wanderung beginnt am Schild \u201eNewtimber Hill\u201c des National Trust und f\u00fchrt Sie durch die Saddlescombe Farm und an einem alten Kreidesteinbruch vorbei, bevor Sie mit einem Panoramablick \u00fcber das Devil&#8217;s Dyke-Tal belohnt werden.<\/p>\n<p>Nachdem Sie Fotos gemacht und mit Ihren Freunden auf Instagram geteilt haben \u2013 oder einfach die Landschaft genossen haben \u2013 folgen Sie dem Rand eines alten Grabh\u00fcgels, bevor Sie den grasbewachsenen Pfad an ein paar Tauteichen vorbei nehmen.<\/p>\n<p>Sie folgen dann einem Quergrat abw\u00e4rts zur Saddlescombe Farm. Im Fr\u00fchling und Fr\u00fchsommer haben Sie vielleicht das Gl\u00fcck, den Hang mit seinem saisonalen Teppich aus bunten Wildblumen zu sehen.<\/p>\n<p>Der letzte Halt ist das Saddlescombe Donkey Wheel, zu diesem Zeitpunkt haben Sie sich sicherlich eine Pause und einen Tankstopp im Wildflour Caf\u00e9 der Farm verdient.<\/p>\n<p><strong>Slindon Medieval Park Pale und Dorfspaziergang<\/strong><\/p>\n<p><img loading=\"lazy\" class=\"aligncenter size-full wp-image-44895\" src=\"https:\/\/www.urlaubcornwall.de\/blog\/wp-content\/uploads\/2022\/08\/Slindon-Medieval-Park-Pale-and-dorf-wandern.jpg\" alt=\"Slindon Medieval Park Pale and dorf wandern\" width=\"750\" height=\"501\" srcset=\"https:\/\/www.urlaubcornwall.de\/blog\/wp-content\/uploads\/2022\/08\/Slindon-Medieval-Park-Pale-and-dorf-wandern.jpg 750w, https:\/\/www.urlaubcornwall.de\/blog\/wp-content\/uploads\/2022\/08\/Slindon-Medieval-Park-Pale-and-dorf-wandern-300x200.jpg 300w\" sizes=\"(max-width: 750px) 100vw, 750px\" \/><br \/>\nimage credit andrew smith\/Little Down Slindon<\/p>\n<p>Am besten f\u00fcr: Zwischen mittelalterlichen und steinzeitlichen St\u00e4tten schl\u00e4ngeln<\/p>\n<p>\u25cf Entfernung: 3.5 km<\/p>\n<p>\u25cf Zeit: 1 Stunde<\/p>\n<p>\u25cf Schwierigkeitsgrad: Osten<\/p>\n<p>\u25cf Start\/Ende: Parkplatz Park Lane<\/p>\n<p>\u25cf Parken: Parkplatz Park Lane<\/p>\n<p>\u25cf Sehensw\u00fcrdigkeiten: The Pale, Steinzeitstrand, Slindon House<\/p>\n<p>Slindon ist ein betr\u00e4chtliches Anwesen des South Downs National Trust, und auf diesem Spaziergang k\u00f6nnen Sie Hirsche beobachten, bevor Sie durch dieses h\u00fcbsche kleine Dorf in Sussex wandern. Wenn Sie Lust auf eine Abwechslung haben, k\u00f6nnen Sie auch etwas abseits der Strecke schl\u00e4ngeln, um im Herbst K\u00fcrbisse oder einen erh\u00f6hten Strand aus der Steinzeit zu sehen.<\/p>\n<p>Wenn Sie den Parkplatz verlassen, f\u00fchrt Sie der erste Abschnitt durch W\u00e4lder, die im Fr\u00fchling mit Glockenblumen \u00fcbers\u00e4t sind. Beim Passieren einer L\u00fccke in \u201eThe Pale\u201c \u2013 einer abfallenden mittelalterlichen Bank \u2013 dienen ein paar wei\u00dfe Baumst\u00e4mme als Hommage an die Slindon Beech Trees, die leider durch einen Sturm von 1987 zerst\u00f6rt wurden.<\/p>\n<p>Der n\u00e4chste Halt ist ein uralter erh\u00f6hter Strand \u2013 obwohl das Meer jetzt viele Kilometer entfernt ist \u2013 wo steinzeitliche Werkzeuge entdeckt wurden. Sie k\u00f6nnen dann an den \u00dcberresten eines ausgebrannten Regentschaftsteehauses vorbeikommen, bevor Sie am imposanten Slindon House vorbeikommen. Ein Spaziergang bergab auf dem Church Hill f\u00fchrt Sie dann zur\u00fcck zum Parkplatz.<\/p>\n<p><strong>Arundel und Swanbourne Lake Circular<\/strong><\/p>\n<p><img loading=\"lazy\" class=\"aligncenter size-full wp-image-44893\" src=\"https:\/\/www.urlaubcornwall.de\/blog\/wp-content\/uploads\/2022\/08\/Arundel-and-Swanbourne-Lake-Rundwanderung.jpg\" alt=\"Arundel and Swanbourne Lake Rundwanderung\" width=\"750\" height=\"501\" srcset=\"https:\/\/www.urlaubcornwall.de\/blog\/wp-content\/uploads\/2022\/08\/Arundel-and-Swanbourne-Lake-Rundwanderung.jpg 750w, https:\/\/www.urlaubcornwall.de\/blog\/wp-content\/uploads\/2022\/08\/Arundel-and-Swanbourne-Lake-Rundwanderung-300x200.jpg 300w\" sizes=\"(max-width: 750px) 100vw, 750px\" \/><\/p>\n<p>Am besten geeignet f\u00fcr: Ein Spaziergang am See rund um das Beste von Arundel<\/p>\n<p>\u25cf Entfernung: 5 km<\/p>\n<p>\u25cf Zeit: 1 Stunde<\/p>\n<p>\u25cf Schwierigkeitsgrad: Einfach<\/p>\n<p>\u25cf Start\/Ende: Tore des Arundel Park<\/p>\n<p>\u25cf Parken: Parkplatz Arundel Park<\/p>\n<p>\u25cf Sehensw\u00fcrdigkeiten: Arundel Park, Hiorne Tower, Swanbourne Lake, Stadtzentrum von Arundel<\/p>\n<p>Dieser angenehme Spaziergang f\u00fchrt Sie in einer Schleife um Arundel herum, entlang eines Seewegs, der von einheimischen Wanderern und Hundeausf\u00fchrern frequentiert wird. Bei einer Reihe von Pubs im Zentrum von Arundel w\u00e4re es sicherlich nur gutes Benehmen, in einem der \u00f6rtlichen Pubs am Ende des Spaziergangs zu speisen!<\/p>\n<p>Ein Highlight dieser Wanderung ist die Tatsache, dass sie die malerischen Landschaften der Region Arundel, einschlie\u00dflich der \u00f6rtlichen Burg, umfasst. Es gibt also viele instagrammable Sehensw\u00fcrdigkeiten.<\/p>\n<p>Folgen Sie einfach der Route auf einem Kreidepfad, um den Hiorne Tower, das Arundel Castle (mit seinen sch\u00f6nen G\u00e4rten), den Swanbourne Lake und das Stadtzentrum von Arundel zu sehen. Oder wenn Sie Lust auf eine Abwechslung haben, k\u00f6nnen Sie ein Boot mieten, um auf dem See zu fahren, oder auf dem Putting Green, an dem Sie unterwegs vorbeikommen, Golf spielen.<\/p>\n<p><strong>Longmere Point \u2013 St. Nicholas Church Loop von Emsworth<\/strong><\/p>\n<p><img loading=\"lazy\" class=\"aligncenter size-full wp-image-48172\" src=\"https:\/\/www.urlaubcornwall.de\/blog\/wp-content\/uploads\/2024\/03\/sussex-strand.jpg\" alt=\"sussex strand\" width=\"750\" height=\"563\" srcset=\"https:\/\/www.urlaubcornwall.de\/blog\/wp-content\/uploads\/2024\/03\/sussex-strand.jpg 750w, https:\/\/www.urlaubcornwall.de\/blog\/wp-content\/uploads\/2024\/03\/sussex-strand-300x225.jpg 300w\" sizes=\"(max-width: 750px) 100vw, 750px\" \/><\/p>\n<p>Am besten f\u00fcr: Folgen Sie dem K\u00fcstenpfad zu einer alten Kirche<\/p>\n<p>\u25cf Entfernung: 13 km<\/p>\n<p>\u25cf Zeit: 3 Stunden 30 Minuten<\/p>\n<p>\u25cf Schwierigkeitsgrad: Moderat<\/p>\n<p>\u25cf Beginn\/Ende: Busbahnhof Thorney Road<\/p>\n<p>\u25cf Parken: Parkpl\u00e4tze im Stadtzentrum<\/p>\n<p>\u25cf Sehensw\u00fcrdigkeiten: Chichester Harbor AONB, St.-Nikolaus-Kirche<\/p>\n<p>Diese mittelschwere Route f\u00fchrt Sie vom Zentrum von Emsworth vorbei an Chichester Harbour und den grasges\u00e4umten Str\u00e4nden auf Pilsea Island und Longmere Point, bevor Sie an einer beeindruckenden Kirche aus dem 12. und 13. Jahrhundert vorbeikommen.<\/p>\n<p>Wenn Sie die K\u00fcste lieben, ist dies sicherlich die richtige Wanderung f\u00fcr Sie. Sie schl\u00e4ngelt sich um den Rand von Thorney Island, angrenzend an das <a href=\"https:\/\/www.urlaubcornwall.de\/ferienhaeuser-fewos\/eng\/sussex\/chichester.html\">Chichester<\/a> Harbour Area of \u200b\u200bOutstanding Natural Beauty, bevor sie an der denkmalgesch\u00fctzten St. Nicholas Church endet. Dies reicht bis ins Mittelalter zur\u00fcck.<\/p>\n<p><strong>Trail am Cissbury Ring \u2013 Chanctonbury Ring Loop von Washington<\/strong><\/p>\n<p><img loading=\"lazy\" class=\"aligncenter size-full wp-image-44896\" src=\"https:\/\/www.urlaubcornwall.de\/blog\/wp-content\/uploads\/2022\/08\/Trail-at-Cissbury-Ring-\u2013-Chanctonbury-Ring-Loop-von-Washington.jpg\" alt=\"Trail at Cissbury Ring \u2013 Chanctonbury Ring Loop von Washington\" width=\"750\" height=\"501\" srcset=\"https:\/\/www.urlaubcornwall.de\/blog\/wp-content\/uploads\/2022\/08\/Trail-at-Cissbury-Ring-\u2013-Chanctonbury-Ring-Loop-von-Washington.jpg 750w, https:\/\/www.urlaubcornwall.de\/blog\/wp-content\/uploads\/2022\/08\/Trail-at-Cissbury-Ring-\u2013-Chanctonbury-Ring-Loop-von-Washington-300x200.jpg 300w\" sizes=\"(max-width: 750px) 100vw, 750px\" \/><\/p>\n<p>Am besten geeignet f\u00fcr: Zeitreise in die Eisenzeit<\/p>\n<p>\u25cf Entfernung: 11 km<\/p>\n<p>\u25cf Zeit: 3 Stunden 30 Minuten<\/p>\n<p>\u25cf Schwierigkeitsgrad: Moderat<\/p>\n<p>\u25cf Start\/Ende: Bushaltestelle neben der Bramber Road<\/p>\n<p>\u25cf Parken: Parkpl\u00e4tze im Stadtzentrum<\/p>\n<p>\u25cf Sehensw\u00fcrdigkeiten: Cissbury &#038; Chanctonbury Rings, Washington Village<\/p>\n<p>Diese erfrischende Route f\u00fchrt zu einigen der sch\u00f6nsten, aber weniger bekannten Sehensw\u00fcrdigkeiten in Sussex, darunter das historische Steyning, die H\u00fcgelfestungen aus der Eisenzeit in Cissbury und Chanctonbury Rings sowie das Dorf Washington.<\/p>\n<p>Zuerst folgen Sie Gras- und Waldwegen in Richtung Cissbury Ring und dann Chanctonbury Ring. Hier k\u00f6nnen Sie Relikte aus der Eisenzeit von den H\u00fcgelfestungen bewundern, die einst die South Downs-Region bewachten.<\/p>\n<p>Optional kannst du nach Washington auf einen schnellen Drink im Frankland Arms fahren, wo du dich im Sommer nachmittags im Biergarten verkriechen kannst. Alternativ k\u00f6nnen Sie \u00fcber Ackerland, Wiston House entlang der Mouse Lane zur\u00fcck nach Steyning fahren.<\/p>\n<p>Wenn all das Gerede \u00fcber Wandern Ihren Appetit auf eine Pause im Sussex-Stil geweckt hat, warum werfen Sie dann nicht einen Blick auf die gem\u00fctlichen Cottages in Sussex, die wir anbieten?<\/p>\n<p>Sie k\u00f6nnen sich auch einige der <a href=\"https:\/\/www.urlaubcornwall.de\/blog\/beste-wanderungen-in-ost-sussex\/\">atemberaubenden Wanderwege in Ost Sussex<\/a> ansehen, um Ihre Tour durch diese atemberaubende Grafschaft fortzusetzen.<\/p>\n","protected":false},"excerpt":{"rendered":"<p>Mit dem Titel der sonnigsten Grafschaft im gesamten Vereinigten K\u00f6nigreich kann man sich kaum einen besseren Ort vorstellen, um die alten Wanderschuhe anzuziehen und einen flotten Spaziergang oder eine gem\u00fctliche Wanderung zu unternehmen. Machen Sie einen gem\u00fctlichen Spaziergang \u00fcber sanfte H\u00fcgel oder eine energiegeladenere Wanderung entlang der dramatischen K\u00fcste von West Sussex, wo Sie dank [&hellip;]<\/p>\n","protected":false},"author":1,"featured_media":0,"parent":0,"menu_order":0,"comment_status":"closed","ping_status":"closed","template":"single-four.php","meta":[],"acf":[],"yoast_head":"<!-- This site is optimized with the Yoast SEO plugin v19.4 - https:\/\/yoast.com\/wordpress\/plugins\/seo\/ -->\n<title>Beste Wanderungen in West Sussex - Urlaub &amp; Reisen<\/title>\n<meta name=\"robots\" content=\"index, follow, max-snippet:-1, max-image-preview:large, max-video-preview:-1\" \/>\n<link rel=\"canonical\" href=\"https:\/\/www.urlaubcornwall.de\/blog\/beste-wanderungen-in-west-sussex\/\" \/>\n<meta property=\"og:locale\" content=\"en_US\" \/>\n<meta property=\"og:type\" content=\"article\" \/>\n<meta property=\"og:title\" content=\"Beste Wanderungen in West Sussex - Urlaub &amp; Reisen\" \/>\n<meta property=\"og:description\" content=\"Mit dem Titel der sonnigsten Grafschaft im gesamten Vereinigten K\u00f6nigreich kann man sich kaum einen besseren Ort vorstellen, um die alten Wanderschuhe anzuziehen und einen flotten Spaziergang oder eine gem\u00fctliche Wanderung zu unternehmen. Machen Sie einen gem\u00fctlichen Spaziergang \u00fcber sanfte H\u00fcgel oder eine energiegeladenere Wanderung entlang der dramatischen K\u00fcste von West Sussex, wo Sie dank [&hellip;]\" \/>\n<meta property=\"og:url\" content=\"https:\/\/www.urlaubcornwall.de\/blog\/beste-wanderungen-in-west-sussex\/\" \/>\n<meta property=\"og:site_name\" content=\"Urlaub &amp; Reisen\" \/>\n<meta property=\"article:modified_time\" content=\"2024-05-31T08:55:58+00:00\" \/>\n<meta property=\"og:image\" content=\"https:\/\/www.urlaubcornwall.de\/blog\/wp-content\/uploads\/2024\/03\/beachy-head.jpg\" \/>\n<meta name=\"twitter:card\" content=\"summary\" \/>\n<meta name=\"twitter:label1\" content=\"Est. reading time\" \/>\n\t<meta name=\"twitter:data1\" content=\"7 minutes\" \/>\n<script type=\"application\/ld+json\" class=\"yoast-schema-graph\">{\"@context\":\"https:\/\/schema.org\",\"@graph\":[{\"@type\":\"WebSite\",\"@id\":\"https:\/\/www.urlaubcornwall.de\/blog\/#website\",\"url\":\"https:\/\/www.urlaubcornwall.de\/blog\/\",\"name\":\"Urlaub &amp; Reisen\",\"description\":\"Urlaub, Reisen, Cornwall und S\u00fcdengland: eine perfekte Kombination\",\"potentialAction\":[{\"@type\":\"SearchAction\",\"target\":{\"@type\":\"EntryPoint\",\"urlTemplate\":\"https:\/\/www.urlaubcornwall.de\/blog\/?s={search_term_string}\"},\"query-input\":\"required name=search_term_string\"}],\"inLanguage\":\"en-US\"},{\"@type\":\"WebPage\",\"@id\":\"https:\/\/www.urlaubcornwall.de\/blog\/beste-wanderungen-in-west-sussex\/\",\"url\":\"https:\/\/www.urlaubcornwall.de\/blog\/beste-wanderungen-in-west-sussex\/\",\"name\":\"Beste Wanderungen in West Sussex - Urlaub &amp; Reisen\",\"isPartOf\":{\"@id\":\"https:\/\/www.urlaubcornwall.de\/blog\/#website\"},\"datePublished\":\"2022-08-15T11:12:28+00:00\",\"dateModified\":\"2024-05-31T08:55:58+00:00\",\"breadcrumb\":{\"@id\":\"https:\/\/www.urlaubcornwall.de\/blog\/beste-wanderungen-in-west-sussex\/#breadcrumb\"},\"inLanguage\":\"en-US\",\"potentialAction\":[{\"@type\":\"ReadAction\",\"target\":[\"https:\/\/www.urlaubcornwall.de\/blog\/beste-wanderungen-in-west-sussex\/\"]}]},{\"@type\":\"BreadcrumbList\",\"@id\":\"https:\/\/www.urlaubcornwall.de\/blog\/beste-wanderungen-in-west-sussex\/#breadcrumb\",\"itemListElement\":[{\"@type\":\"ListItem\",\"position\":1,\"name\":\"Home\",\"item\":\"https:\/\/www.urlaubcornwall.de\/blog\/\"},{\"@type\":\"ListItem\",\"position\":2,\"name\":\"Beste Wanderungen in West Sussex\"}]}]}<\/script>\n<!-- \/ Yoast SEO plugin. -->","yoast_head_json":{"title":"Beste Wanderungen in West Sussex - Urlaub &amp; Reisen","robots":{"index":"index","follow":"follow","max-snippet":"max-snippet:-1","max-image-preview":"max-image-preview:large","max-video-preview":"max-video-preview:-1"},"canonical":"https:\/\/www.urlaubcornwall.de\/blog\/beste-wanderungen-in-west-sussex\/","og_locale":"en_US","og_type":"article","og_title":"Beste Wanderungen in West Sussex - Urlaub &amp; Reisen","og_description":"Mit dem Titel der sonnigsten Grafschaft im gesamten Vereinigten K\u00f6nigreich kann man sich kaum einen besseren Ort vorstellen, um die alten Wanderschuhe anzuziehen und einen flotten Spaziergang oder eine gem\u00fctliche Wanderung zu unternehmen. Machen Sie einen gem\u00fctlichen Spaziergang \u00fcber sanfte H\u00fcgel oder eine energiegeladenere Wanderung entlang der dramatischen K\u00fcste von West Sussex, wo Sie dank [&hellip;]","og_url":"https:\/\/www.urlaubcornwall.de\/blog\/beste-wanderungen-in-west-sussex\/","og_site_name":"Urlaub &amp; Reisen","article_modified_time":"2024-05-31T08:55:58+00:00","og_image":[{"url":"https:\/\/www.urlaubcornwall.de\/blog\/wp-content\/uploads\/2024\/03\/beachy-head.jpg"}],"twitter_card":"summary","twitter_misc":{"Est. reading time":"7 minutes"},"schema":{"@context":"https:\/\/schema.org","@graph":[{"@type":"WebSite","@id":"https:\/\/www.urlaubcornwall.de\/blog\/#website","url":"https:\/\/www.urlaubcornwall.de\/blog\/","name":"Urlaub &amp; Reisen","description":"Urlaub, Reisen, Cornwall und S\u00fcdengland: eine perfekte Kombination","potentialAction":[{"@type":"SearchAction","target":{"@type":"EntryPoint","urlTemplate":"https:\/\/www.urlaubcornwall.de\/blog\/?s={search_term_string}"},"query-input":"required name=search_term_string"}],"inLanguage":"en-US"},{"@type":"WebPage","@id":"https:\/\/www.urlaubcornwall.de\/blog\/beste-wanderungen-in-west-sussex\/","url":"https:\/\/www.urlaubcornwall.de\/blog\/beste-wanderungen-in-west-sussex\/","name":"Beste Wanderungen in West Sussex - Urlaub &amp; Reisen","isPartOf":{"@id":"https:\/\/www.urlaubcornwall.de\/blog\/#website"},"datePublished":"2022-08-15T11:12:28+00:00","dateModified":"2024-05-31T08:55:58+00:00","breadcrumb":{"@id":"https:\/\/www.urlaubcornwall.de\/blog\/beste-wanderungen-in-west-sussex\/#breadcrumb"},"inLanguage":"en-US","potentialAction":[{"@type":"ReadAction","target":["https:\/\/www.urlaubcornwall.de\/blog\/beste-wanderungen-in-west-sussex\/"]}]},{"@type":"BreadcrumbList","@id":"https:\/\/www.urlaubcornwall.de\/blog\/beste-wanderungen-in-west-sussex\/#breadcrumb","itemListElement":[{"@type":"ListItem","position":1,"name":"Home","item":"https:\/\/www.urlaubcornwall.de\/blog\/"},{"@type":"ListItem","position":2,"name":"Beste Wanderungen in West Sussex"}]}]}},"_links":{"self":[{"href":"https:\/\/www.urlaubcornwall.de\/blog\/wp-json\/wp\/v2\/pages\/44889"}],"collection":[{"href":"https:\/\/www.urlaubcornwall.de\/blog\/wp-json\/wp\/v2\/pages"}],"about":[{"href":"https:\/\/www.urlaubcornwall.de\/blog\/wp-json\/wp\/v2\/types\/page"}],"author":[{"embeddable":true,"href":"https:\/\/www.urlaubcornwall.de\/blog\/wp-json\/wp\/v2\/users\/1"}],"replies":[{"embeddable":true,"href":"https:\/\/www.urlaubcornwall.de\/blog\/wp-json\/wp\/v2\/comments?post=44889"}],"version-history":[{"count":7,"href":"https:\/\/www.urlaubcornwall.de\/blog\/wp-json\/wp\/v2\/pages\/44889\/revisions"}],"predecessor-version":[{"id":51268,"href":"https:\/\/www.urlaubcornwall.de\/blog\/wp-json\/wp\/v2\/pages\/44889\/revisions\/51268"}],"wp:attachment":[{"href":"https:\/\/www.urlaubcornwall.de\/blog\/wp-json\/wp\/v2\/media?parent=44889"}],"curies":[{"name":"wp","href":"https:\/\/api.w.org\/{rel}","templated":true}]}}