{"id":44862,"date":"2022-06-30T12:10:40","date_gmt":"2022-06-30T12:10:40","guid":{"rendered":"https:\/\/www.urlaubcornwall.de\/blog\/?page_id=44862"},"modified":"2022-09-02T08:37:30","modified_gmt":"2022-09-02T08:37:30","slug":"guenstige-ferienhaeuser-brighton","status":"publish","type":"page","link":"https:\/\/www.urlaubcornwall.de\/blog\/guenstige-ferienhaeuser-brighton\/","title":{"rendered":"G\u00fcnstige Ferienh\u00e4user Brighton"},"content":{"rendered":"<p><img loading=\"lazy\" class=\"aligncenter size-full wp-image-33960\" src=\"https:\/\/www.urlaubcornwall.de\/blog\/wp-content\/uploads\/2018\/07\/urlaub-brighton-am-meer.jpg\" alt=\"urlaub brighton am meer\" width=\"750\" height=\"390\"\/><\/p>\n<p>Bei uns finden Sie Ferienh\u00e4user zum Verlieben; so einfach ist das! Es ist das perfekte Urlaubsziel \u2013 suchen Sie sich also ein Ferienhaus mit Selbstverpflegung in Brighton aus, wo es auch landeinw\u00e4rts viel zu entdecken gibt.<\/p>\n<p>Um UrlaubCornwall.de einzigartige <a href=\"https:\/\/www.urlaubcornwall.de\/ferienhaeuser-fewos\/eng\/sussex\/brighton.html\">Kollektion nach Ihrem idealen Ferienhaus<\/a> zu durchsuchen. <\/p>\n<p><strong>Alternativen zu einem Hotel<\/strong> &#8211; Es gibt in Sussex viele wundersch\u00f6ne Ferienh\u00e4user &#038; Ferienwohnungen, die anstelle eines Hotels eine perfekte Option f\u00fcr Familien und Paare darstellen. Sie bieten flexible Unterkunft und darunter finden Sie viele tierfreundliche H\u00e4user in den beliebtesten Urlaubsorten.<\/p>\n<p>Wir haben die beste Auswahl an <a href=\"https:\/\/www.urlaubcornwall.de\/ferienhaeuser-fewos\/eng\/sussex\/brighton.html\">pers\u00f6nlich inspizierten Ferienh\u00e4usern im Angebot<\/a>.<\/p>\n","protected":false},"excerpt":{"rendered":"<p>Bei uns finden Sie Ferienh\u00e4user zum Verlieben; so einfach ist das! Es ist das perfekte Urlaubsziel \u2013 suchen Sie sich also ein Ferienhaus mit Selbstverpflegung in Brighton aus, wo es auch landeinw\u00e4rts viel zu entdecken gibt. Um UrlaubCornwall.de einzigartige Kollektion nach Ihrem idealen Ferienhaus zu durchsuchen. Alternativen zu einem Hotel &#8211; Es gibt in Sussex [&hellip;]<\/p>\n","protected":false},"author":1,"featured_media":0,"parent":0,"menu_order":0,"comment_status":"closed","ping_status":"closed","template":"single-four.php","meta":[],"acf":[],"yoast_head":"<!-- This site is optimized with the Yoast SEO plugin v19.4 - https:\/\/yoast.com\/wordpress\/plugins\/seo\/ -->\n<title>G\u00fcnstige Ferienh\u00e4user Brighton - Urlaub &amp; Reisen<\/title>\n<meta name=\"description\" content=\"Bei uns finden Sie Ferienh\u00e4user zum Verlieben; so einfach ist das! Es ist das perfekte Urlaubsziel \u2013 suchen Sie sich also ein Ferienhaus\" \/>\n<meta name=\"robots\" content=\"index, follow, max-snippet:-1, max-image-preview:large, max-video-preview:-1\" \/>\n<link rel=\"canonical\" href=\"https:\/\/www.urlaubcornwall.de\/blog\/guenstige-ferienhaeuser-brighton\/\" \/>\n<meta property=\"og:locale\" content=\"en_US\" \/>\n<meta property=\"og:type\" content=\"article\" \/>\n<meta property=\"og:title\" content=\"G\u00fcnstige Ferienh\u00e4user Brighton - Urlaub &amp; Reisen\" \/>\n<meta property=\"og:description\" content=\"Bei uns finden Sie Ferienh\u00e4user zum Verlieben; so einfach ist das! Es ist das perfekte Urlaubsziel \u2013 suchen Sie sich also ein Ferienhaus\" \/>\n<meta property=\"og:url\" content=\"https:\/\/www.urlaubcornwall.de\/blog\/guenstige-ferienhaeuser-brighton\/\" \/>\n<meta property=\"og:site_name\" content=\"Urlaub &amp; Reisen\" \/>\n<meta property=\"article:modified_time\" content=\"2022-09-02T08:37:30+00:00\" \/>\n<meta property=\"og:image\" content=\"https:\/\/www.urlaubcornwall.de\/blog\/wp-content\/uploads\/2018\/07\/urlaub-brighton-am-meer.jpg\" \/>\n<meta name=\"twitter:card\" content=\"summary\" \/>\n<meta name=\"twitter:label1\" content=\"Est. reading time\" \/>\n\t<meta name=\"twitter:data1\" content=\"1 minute\" \/>\n<script type=\"application\/ld+json\" class=\"yoast-schema-graph\">{\"@context\":\"https:\/\/schema.org\",\"@graph\":[{\"@type\":\"WebSite\",\"@id\":\"https:\/\/www.urlaubcornwall.de\/blog\/#website\",\"url\":\"https:\/\/www.urlaubcornwall.de\/blog\/\",\"name\":\"Urlaub &amp; Reisen\",\"description\":\"Urlaub, Reisen, Cornwall und S\u00fcdengland: eine perfekte Kombination\",\"potentialAction\":[{\"@type\":\"SearchAction\",\"target\":{\"@type\":\"EntryPoint\",\"urlTemplate\":\"https:\/\/www.urlaubcornwall.de\/blog\/?s={search_term_string}\"},\"query-input\":\"required name=search_term_string\"}],\"inLanguage\":\"en-US\"},{\"@type\":\"WebPage\",\"@id\":\"https:\/\/www.urlaubcornwall.de\/blog\/guenstige-ferienhaeuser-brighton\/\",\"url\":\"https:\/\/www.urlaubcornwall.de\/blog\/guenstige-ferienhaeuser-brighton\/\",\"name\":\"G\u00fcnstige Ferienh\u00e4user Brighton - Urlaub &amp; Reisen\",\"isPartOf\":{\"@id\":\"https:\/\/www.urlaubcornwall.de\/blog\/#website\"},\"datePublished\":\"2022-06-30T12:10:40+00:00\",\"dateModified\":\"2022-09-02T08:37:30+00:00\",\"description\":\"Bei uns finden Sie Ferienh\u00e4user zum Verlieben; so einfach ist das! Es ist das perfekte Urlaubsziel \u2013 suchen Sie sich also ein Ferienhaus\",\"breadcrumb\":{\"@id\":\"https:\/\/www.urlaubcornwall.de\/blog\/guenstige-ferienhaeuser-brighton\/#breadcrumb\"},\"inLanguage\":\"en-US\",\"potentialAction\":[{\"@type\":\"ReadAction\",\"target\":[\"https:\/\/www.urlaubcornwall.de\/blog\/guenstige-ferienhaeuser-brighton\/\"]}]},{\"@type\":\"BreadcrumbList\",\"@id\":\"https:\/\/www.urlaubcornwall.de\/blog\/guenstige-ferienhaeuser-brighton\/#breadcrumb\",\"itemListElement\":[{\"@type\":\"ListItem\",\"position\":1,\"name\":\"Home\",\"item\":\"https:\/\/www.urlaubcornwall.de\/blog\/\"},{\"@type\":\"ListItem\",\"position\":2,\"name\":\"G\u00fcnstige Ferienh\u00e4user Brighton\"}]}]}<\/script>\n<!-- \/ Yoast SEO plugin. -->","yoast_head_json":{"title":"G\u00fcnstige Ferienh\u00e4user Brighton - Urlaub &amp; Reisen","description":"Bei uns finden Sie Ferienh\u00e4user zum Verlieben; so einfach ist das! Es ist das perfekte Urlaubsziel \u2013 suchen Sie sich also ein Ferienhaus","robots":{"index":"index","follow":"follow","max-snippet":"max-snippet:-1","max-image-preview":"max-image-preview:large","max-video-preview":"max-video-preview:-1"},"canonical":"https:\/\/www.urlaubcornwall.de\/blog\/guenstige-ferienhaeuser-brighton\/","og_locale":"en_US","og_type":"article","og_title":"G\u00fcnstige Ferienh\u00e4user Brighton - Urlaub &amp; Reisen","og_description":"Bei uns finden Sie Ferienh\u00e4user zum Verlieben; so einfach ist das! Es ist das perfekte Urlaubsziel \u2013 suchen Sie sich also ein Ferienhaus","og_url":"https:\/\/www.urlaubcornwall.de\/blog\/guenstige-ferienhaeuser-brighton\/","og_site_name":"Urlaub &amp; Reisen","article_modified_time":"2022-09-02T08:37:30+00:00","og_image":[{"url":"https:\/\/www.urlaubcornwall.de\/blog\/wp-content\/uploads\/2018\/07\/urlaub-brighton-am-meer.jpg"}],"twitter_card":"summary","twitter_misc":{"Est. reading time":"1 minute"},"schema":{"@context":"https:\/\/schema.org","@graph":[{"@type":"WebSite","@id":"https:\/\/www.urlaubcornwall.de\/blog\/#website","url":"https:\/\/www.urlaubcornwall.de\/blog\/","name":"Urlaub &amp; Reisen","description":"Urlaub, Reisen, Cornwall und S\u00fcdengland: eine perfekte Kombination","potentialAction":[{"@type":"SearchAction","target":{"@type":"EntryPoint","urlTemplate":"https:\/\/www.urlaubcornwall.de\/blog\/?s={search_term_string}"},"query-input":"required name=search_term_string"}],"inLanguage":"en-US"},{"@type":"WebPage","@id":"https:\/\/www.urlaubcornwall.de\/blog\/guenstige-ferienhaeuser-brighton\/","url":"https:\/\/www.urlaubcornwall.de\/blog\/guenstige-ferienhaeuser-brighton\/","name":"G\u00fcnstige Ferienh\u00e4user Brighton - Urlaub &amp; Reisen","isPartOf":{"@id":"https:\/\/www.urlaubcornwall.de\/blog\/#website"},"datePublished":"2022-06-30T12:10:40+00:00","dateModified":"2022-09-02T08:37:30+00:00","description":"Bei uns finden Sie Ferienh\u00e4user zum Verlieben; so einfach ist das! Es ist das perfekte Urlaubsziel \u2013 suchen Sie sich also ein Ferienhaus","breadcrumb":{"@id":"https:\/\/www.urlaubcornwall.de\/blog\/guenstige-ferienhaeuser-brighton\/#breadcrumb"},"inLanguage":"en-US","potentialAction":[{"@type":"ReadAction","target":["https:\/\/www.urlaubcornwall.de\/blog\/guenstige-ferienhaeuser-brighton\/"]}]},{"@type":"BreadcrumbList","@id":"https:\/\/www.urlaubcornwall.de\/blog\/guenstige-ferienhaeuser-brighton\/#breadcrumb","itemListElement":[{"@type":"ListItem","position":1,"name":"Home","item":"https:\/\/www.urlaubcornwall.de\/blog\/"},{"@type":"ListItem","position":2,"name":"G\u00fcnstige Ferienh\u00e4user Brighton"}]}]}},"_links":{"self":[{"href":"https:\/\/www.urlaubcornwall.de\/blog\/wp-json\/wp\/v2\/pages\/44862"}],"collection":[{"href":"https:\/\/www.urlaubcornwall.de\/blog\/wp-json\/wp\/v2\/pages"}],"about":[{"href":"https:\/\/www.urlaubcornwall.de\/blog\/wp-json\/wp\/v2\/types\/page"}],"author":[{"embeddable":true,"href":"https:\/\/www.urlaubcornwall.de\/blog\/wp-json\/wp\/v2\/users\/1"}],"replies":[{"embeddable":true,"href":"https:\/\/www.urlaubcornwall.de\/blog\/wp-json\/wp\/v2\/comments?post=44862"}],"version-history":[{"count":2,"href":"https:\/\/www.urlaubcornwall.de\/blog\/wp-json\/wp\/v2\/pages\/44862\/revisions"}],"predecessor-version":[{"id":45025,"href":"https:\/\/www.urlaubcornwall.de\/blog\/wp-json\/wp\/v2\/pages\/44862\/revisions\/45025"}],"wp:attachment":[{"href":"https:\/\/www.urlaubcornwall.de\/blog\/wp-json\/wp\/v2\/media?parent=44862"}],"curies":[{"name":"wp","href":"https:\/\/api.w.org\/{rel}","templated":true}]}}