{"id":44860,"date":"2022-06-30T09:03:49","date_gmt":"2022-06-30T09:03:49","guid":{"rendered":"https:\/\/www.urlaubcornwall.de\/blog\/?page_id=44860"},"modified":"2022-06-30T09:03:49","modified_gmt":"2022-06-30T09:03:49","slug":"guenstige-ferienhaeuser-in-newquay","status":"publish","type":"page","link":"https:\/\/www.urlaubcornwall.de\/blog\/guenstige-ferienhaeuser-in-newquay\/","title":{"rendered":"G\u00fcnstige Ferienh\u00e4user in Newquay"},"content":{"rendered":"<p><img loading=\"lazy\" class=\"aligncenter size-full wp-image-40126\" src=\"https:\/\/www.urlaubcornwall.de\/blog\/wp-content\/uploads\/2020\/05\/towan-strand-newquay-rotated.jpg\" alt=\"towan strand newquay\" width=\"750\" height=\"562\"\" alt=\"newquay cornwall strand\" width=\"750\" height=\"607\"\/><\/p>\n<p>Bei uns finden Sie Ferienh\u00e4user zum Verlieben; so einfach ist das! Es ist das perfekte Urlaubsziel \u2013 suchen Sie sich also ein Ferienhaus mit Selbstverpflegung in Cornwall aus, wo es auch landeinw\u00e4rts viel zu entdecken gibt.<\/p>\n<p>Um UrlaubCornwall.de einzigartige <a href=\"https:\/\/www.urlaubcornwall.de\/ferienhaeuser-fewos\/cornwall.html\">Kollektion nach Ihrem idealen Ferienhaus<\/a> zu durchsuchen. <\/p>\n<p><strong>Alternativen zu einem Hotel<\/strong> &#8211; Es gibt in Newquay viele wundersch\u00f6ne Ferienh\u00e4user &#038; Ferienwohnungen, die anstelle eines Hotels eine perfekte Option f\u00fcr Familien und Paare darstellen. Sie bieten flexible Unterkunft und darunter finden Sie viele tierfreundliche H\u00e4user in den beliebtesten Urlaubsorten.<\/p>\n<p>Wir haben die beste Auswahl an <a href=\"https:\/\/www.urlaubcornwall.de\/ferienhaeuser-fewos\/newquay.html\">pers\u00f6nlich inspizierten Ferienh\u00e4usern im Angebot<\/a>.<\/p>\n","protected":false},"excerpt":{"rendered":"","protected":false},"author":1,"featured_media":0,"parent":0,"menu_order":0,"comment_status":"closed","ping_status":"closed","template":"single-four.php","meta":[],"acf":[],"yoast_head":"<!-- This site is optimized with the Yoast SEO plugin v19.4 - https:\/\/yoast.com\/wordpress\/plugins\/seo\/ -->\n<title>G\u00fcnstige Ferienh\u00e4user in Newquay - Urlaub &amp; Reisen<\/title>\n<meta name=\"description\" content=\"Bei uns finden Sie Ferienh\u00e4user zum Verlieben; so einfach ist das! Es ist das perfekte Urlaubsziel \u2013 suchen Sie sich also ein Ferienhaus mit Selbstverpflegung\" \/>\n<meta name=\"robots\" content=\"index, follow, max-snippet:-1, max-image-preview:large, max-video-preview:-1\" \/>\n<link rel=\"canonical\" href=\"https:\/\/www.urlaubcornwall.de\/blog\/guenstige-ferienhaeuser-in-newquay\/\" \/>\n<meta property=\"og:locale\" content=\"en_US\" \/>\n<meta property=\"og:type\" content=\"article\" \/>\n<meta property=\"og:title\" content=\"G\u00fcnstige Ferienh\u00e4user in Newquay - Urlaub &amp; Reisen\" \/>\n<meta property=\"og:description\" content=\"Bei uns finden Sie Ferienh\u00e4user zum Verlieben; so einfach ist das! Es ist das perfekte Urlaubsziel \u2013 suchen Sie sich also ein Ferienhaus mit Selbstverpflegung\" \/>\n<meta property=\"og:url\" content=\"https:\/\/www.urlaubcornwall.de\/blog\/guenstige-ferienhaeuser-in-newquay\/\" \/>\n<meta property=\"og:site_name\" content=\"Urlaub &amp; Reisen\" \/>\n<meta property=\"og:image\" content=\"https:\/\/www.urlaubcornwall.de\/blog\/wp-content\/uploads\/2020\/05\/towan-strand-newquay-rotated.jpg\" \/>\n<meta name=\"twitter:card\" content=\"summary\" \/>\n<script type=\"application\/ld+json\" class=\"yoast-schema-graph\">{\"@context\":\"https:\/\/schema.org\",\"@graph\":[{\"@type\":\"WebSite\",\"@id\":\"https:\/\/www.urlaubcornwall.de\/blog\/#website\",\"url\":\"https:\/\/www.urlaubcornwall.de\/blog\/\",\"name\":\"Urlaub &amp; Reisen\",\"description\":\"Urlaub, Reisen, Cornwall und S\u00fcdengland: eine perfekte Kombination\",\"potentialAction\":[{\"@type\":\"SearchAction\",\"target\":{\"@type\":\"EntryPoint\",\"urlTemplate\":\"https:\/\/www.urlaubcornwall.de\/blog\/?s={search_term_string}\"},\"query-input\":\"required name=search_term_string\"}],\"inLanguage\":\"en-US\"},{\"@type\":\"WebPage\",\"@id\":\"https:\/\/www.urlaubcornwall.de\/blog\/guenstige-ferienhaeuser-in-newquay\/\",\"url\":\"https:\/\/www.urlaubcornwall.de\/blog\/guenstige-ferienhaeuser-in-newquay\/\",\"name\":\"G\u00fcnstige Ferienh\u00e4user in Newquay - Urlaub &amp; Reisen\",\"isPartOf\":{\"@id\":\"https:\/\/www.urlaubcornwall.de\/blog\/#website\"},\"datePublished\":\"2022-06-30T09:03:49+00:00\",\"dateModified\":\"2022-06-30T09:03:49+00:00\",\"description\":\"Bei uns finden Sie Ferienh\u00e4user zum Verlieben; so einfach ist das! Es ist das perfekte Urlaubsziel \u2013 suchen Sie sich also ein Ferienhaus mit Selbstverpflegung\",\"breadcrumb\":{\"@id\":\"https:\/\/www.urlaubcornwall.de\/blog\/guenstige-ferienhaeuser-in-newquay\/#breadcrumb\"},\"inLanguage\":\"en-US\",\"potentialAction\":[{\"@type\":\"ReadAction\",\"target\":[\"https:\/\/www.urlaubcornwall.de\/blog\/guenstige-ferienhaeuser-in-newquay\/\"]}]},{\"@type\":\"BreadcrumbList\",\"@id\":\"https:\/\/www.urlaubcornwall.de\/blog\/guenstige-ferienhaeuser-in-newquay\/#breadcrumb\",\"itemListElement\":[{\"@type\":\"ListItem\",\"position\":1,\"name\":\"Home\",\"item\":\"https:\/\/www.urlaubcornwall.de\/blog\/\"},{\"@type\":\"ListItem\",\"position\":2,\"name\":\"G\u00fcnstige Ferienh\u00e4user in Newquay\"}]}]}<\/script>\n<!-- \/ Yoast SEO plugin. -->","yoast_head_json":{"title":"G\u00fcnstige Ferienh\u00e4user in Newquay - Urlaub &amp; Reisen","description":"Bei uns finden Sie Ferienh\u00e4user zum Verlieben; so einfach ist das! Es ist das perfekte Urlaubsziel \u2013 suchen Sie sich also ein Ferienhaus mit Selbstverpflegung","robots":{"index":"index","follow":"follow","max-snippet":"max-snippet:-1","max-image-preview":"max-image-preview:large","max-video-preview":"max-video-preview:-1"},"canonical":"https:\/\/www.urlaubcornwall.de\/blog\/guenstige-ferienhaeuser-in-newquay\/","og_locale":"en_US","og_type":"article","og_title":"G\u00fcnstige Ferienh\u00e4user in Newquay - Urlaub &amp; Reisen","og_description":"Bei uns finden Sie Ferienh\u00e4user zum Verlieben; so einfach ist das! Es ist das perfekte Urlaubsziel \u2013 suchen Sie sich also ein Ferienhaus mit Selbstverpflegung","og_url":"https:\/\/www.urlaubcornwall.de\/blog\/guenstige-ferienhaeuser-in-newquay\/","og_site_name":"Urlaub &amp; Reisen","og_image":[{"url":"https:\/\/www.urlaubcornwall.de\/blog\/wp-content\/uploads\/2020\/05\/towan-strand-newquay-rotated.jpg"}],"twitter_card":"summary","schema":{"@context":"https:\/\/schema.org","@graph":[{"@type":"WebSite","@id":"https:\/\/www.urlaubcornwall.de\/blog\/#website","url":"https:\/\/www.urlaubcornwall.de\/blog\/","name":"Urlaub &amp; Reisen","description":"Urlaub, Reisen, Cornwall und S\u00fcdengland: eine perfekte Kombination","potentialAction":[{"@type":"SearchAction","target":{"@type":"EntryPoint","urlTemplate":"https:\/\/www.urlaubcornwall.de\/blog\/?s={search_term_string}"},"query-input":"required name=search_term_string"}],"inLanguage":"en-US"},{"@type":"WebPage","@id":"https:\/\/www.urlaubcornwall.de\/blog\/guenstige-ferienhaeuser-in-newquay\/","url":"https:\/\/www.urlaubcornwall.de\/blog\/guenstige-ferienhaeuser-in-newquay\/","name":"G\u00fcnstige Ferienh\u00e4user in Newquay - Urlaub &amp; Reisen","isPartOf":{"@id":"https:\/\/www.urlaubcornwall.de\/blog\/#website"},"datePublished":"2022-06-30T09:03:49+00:00","dateModified":"2022-06-30T09:03:49+00:00","description":"Bei uns finden Sie Ferienh\u00e4user zum Verlieben; so einfach ist das! Es ist das perfekte Urlaubsziel \u2013 suchen Sie sich also ein Ferienhaus mit Selbstverpflegung","breadcrumb":{"@id":"https:\/\/www.urlaubcornwall.de\/blog\/guenstige-ferienhaeuser-in-newquay\/#breadcrumb"},"inLanguage":"en-US","potentialAction":[{"@type":"ReadAction","target":["https:\/\/www.urlaubcornwall.de\/blog\/guenstige-ferienhaeuser-in-newquay\/"]}]},{"@type":"BreadcrumbList","@id":"https:\/\/www.urlaubcornwall.de\/blog\/guenstige-ferienhaeuser-in-newquay\/#breadcrumb","itemListElement":[{"@type":"ListItem","position":1,"name":"Home","item":"https:\/\/www.urlaubcornwall.de\/blog\/"},{"@type":"ListItem","position":2,"name":"G\u00fcnstige Ferienh\u00e4user in Newquay"}]}]}},"_links":{"self":[{"href":"https:\/\/www.urlaubcornwall.de\/blog\/wp-json\/wp\/v2\/pages\/44860"}],"collection":[{"href":"https:\/\/www.urlaubcornwall.de\/blog\/wp-json\/wp\/v2\/pages"}],"about":[{"href":"https:\/\/www.urlaubcornwall.de\/blog\/wp-json\/wp\/v2\/types\/page"}],"author":[{"embeddable":true,"href":"https:\/\/www.urlaubcornwall.de\/blog\/wp-json\/wp\/v2\/users\/1"}],"replies":[{"embeddable":true,"href":"https:\/\/www.urlaubcornwall.de\/blog\/wp-json\/wp\/v2\/comments?post=44860"}],"version-history":[{"count":1,"href":"https:\/\/www.urlaubcornwall.de\/blog\/wp-json\/wp\/v2\/pages\/44860\/revisions"}],"predecessor-version":[{"id":44861,"href":"https:\/\/www.urlaubcornwall.de\/blog\/wp-json\/wp\/v2\/pages\/44860\/revisions\/44861"}],"wp:attachment":[{"href":"https:\/\/www.urlaubcornwall.de\/blog\/wp-json\/wp\/v2\/media?parent=44860"}],"curies":[{"name":"wp","href":"https:\/\/api.w.org\/{rel}","templated":true}]}}