{"id":44834,"date":"2022-06-09T08:19:27","date_gmt":"2022-06-09T08:19:27","guid":{"rendered":"https:\/\/www.urlaubcornwall.de\/blog\/?page_id=44834"},"modified":"2022-12-12T14:20:53","modified_gmt":"2022-12-12T14:20:53","slug":"guenstige-urlaub-in-lands-end","status":"publish","type":"page","link":"https:\/\/www.urlaubcornwall.de\/blog\/guenstige-urlaub-in-lands-end\/","title":{"rendered":"G\u00fcnstige Urlaub in Land&#8217;s End"},"content":{"rendered":"<p><img loading=\"lazy\" class=\"aligncenter size-full wp-image-40103\" src=\"https:\/\/www.urlaubcornwall.de\/blog\/wp-content\/uploads\/2020\/05\/lands-end-blick2.jpg\" alt=\"lands end blick\" width=\"750\" height=\"641\" srcset=\"https:\/\/www.urlaubcornwall.de\/blog\/wp-content\/uploads\/2020\/05\/lands-end-blick2.jpg 750w, https:\/\/www.urlaubcornwall.de\/blog\/wp-content\/uploads\/2020\/05\/lands-end-blick2-300x256.jpg 300w\" sizes=\"(max-width: 750px) 100vw, 750px\" \/><\/p>\n<p>Es kann schwierig werden, einen g\u00fcnstigen <a href=\"https:\/\/www.urlaubcornwall.de\/ferienhaeuser-fewos\/lands-end.html\">Urlaub in Land&#8217;s End<\/a> zu finden, doch geben Sie nicht auf. Es ist durchaus m\u00f6glich, Urlaub mit einem kleineren Budget zu machen \u2013 selbst im beliebten Gegenden der Stadt, f\u00fcr eine ganze Menge weniger Geld mithilfe dieser Tipps.<\/p>\n<p><strong>Alternativen zu einem Hotel<\/strong> &#8211; Es gibt in Land&#8217;s End viele wundersch\u00f6ne Ferienh\u00e4user &#038; Ferienwohnungen, die anstelle eines Hotels eine perfekte Option f\u00fcr Familien und Paare darstellen. Sie bieten flexible Unterkunft und darunter finden Sie viele tierfreundliche H\u00e4user in den beliebtesten Urlaubsorten.<\/p>\n<p>Wir haben die beste Auswahl an <a href=\"https:\/\/www.urlaubcornwall.de\/ferienhaeuser-fewos\/lands-end.html\">pers\u00f6nlich inspizierten Ferienh\u00e4usern im Angebot<\/a>.<\/p>\n","protected":false},"excerpt":{"rendered":"<p>Es kann schwierig werden, einen g\u00fcnstigen Urlaub in Land&#8217;s End zu finden, doch geben Sie nicht auf. Es ist durchaus m\u00f6glich, Urlaub mit einem kleineren Budget zu machen \u2013 selbst im beliebten Gegenden der Stadt, f\u00fcr eine ganze Menge weniger Geld mithilfe dieser Tipps. Alternativen zu einem Hotel &#8211; Es gibt in Land&#8217;s End viele [&hellip;]<\/p>\n","protected":false},"author":1,"featured_media":0,"parent":0,"menu_order":0,"comment_status":"closed","ping_status":"closed","template":"single-four.php","meta":[],"acf":[],"yoast_head":"<!-- This site is optimized with the Yoast SEO plugin v19.4 - https:\/\/yoast.com\/wordpress\/plugins\/seo\/ -->\n<title>G\u00fcnstige Urlaub in Land&#039;s End - Urlaub &amp; Reisen<\/title>\n<meta name=\"description\" content=\"Es gibt in Land&#039;s End viele wundersch\u00f6ne Ferienh\u00e4user &amp; Ferienwohnungen, die anstelle eines Hotels eine perfekte Option f\u00fcr Familien\" \/>\n<meta name=\"robots\" content=\"index, follow, max-snippet:-1, max-image-preview:large, max-video-preview:-1\" \/>\n<link rel=\"canonical\" href=\"https:\/\/www.urlaubcornwall.de\/blog\/guenstige-urlaub-in-lands-end\/\" \/>\n<meta property=\"og:locale\" content=\"en_US\" \/>\n<meta property=\"og:type\" content=\"article\" \/>\n<meta property=\"og:title\" content=\"G\u00fcnstige Urlaub in Land&#039;s End - Urlaub &amp; Reisen\" \/>\n<meta property=\"og:description\" content=\"Es gibt in Land&#039;s End viele wundersch\u00f6ne Ferienh\u00e4user &amp; Ferienwohnungen, die anstelle eines Hotels eine perfekte Option f\u00fcr Familien\" \/>\n<meta property=\"og:url\" content=\"https:\/\/www.urlaubcornwall.de\/blog\/guenstige-urlaub-in-lands-end\/\" \/>\n<meta property=\"og:site_name\" content=\"Urlaub &amp; Reisen\" \/>\n<meta property=\"article:modified_time\" content=\"2022-12-12T14:20:53+00:00\" \/>\n<meta property=\"og:image\" content=\"https:\/\/www.urlaubcornwall.de\/blog\/wp-content\/uploads\/2020\/05\/lands-end-blick2.jpg\" \/>\n<meta name=\"twitter:card\" content=\"summary\" \/>\n<meta name=\"twitter:label1\" content=\"Est. reading time\" \/>\n\t<meta name=\"twitter:data1\" content=\"1 minute\" \/>\n<script type=\"application\/ld+json\" class=\"yoast-schema-graph\">{\"@context\":\"https:\/\/schema.org\",\"@graph\":[{\"@type\":\"WebSite\",\"@id\":\"https:\/\/www.urlaubcornwall.de\/blog\/#website\",\"url\":\"https:\/\/www.urlaubcornwall.de\/blog\/\",\"name\":\"Urlaub &amp; Reisen\",\"description\":\"Urlaub, Reisen, Cornwall und S\u00fcdengland: eine perfekte Kombination\",\"potentialAction\":[{\"@type\":\"SearchAction\",\"target\":{\"@type\":\"EntryPoint\",\"urlTemplate\":\"https:\/\/www.urlaubcornwall.de\/blog\/?s={search_term_string}\"},\"query-input\":\"required name=search_term_string\"}],\"inLanguage\":\"en-US\"},{\"@type\":\"WebPage\",\"@id\":\"https:\/\/www.urlaubcornwall.de\/blog\/guenstige-urlaub-in-lands-end\/\",\"url\":\"https:\/\/www.urlaubcornwall.de\/blog\/guenstige-urlaub-in-lands-end\/\",\"name\":\"G\u00fcnstige Urlaub in Land's End - Urlaub &amp; Reisen\",\"isPartOf\":{\"@id\":\"https:\/\/www.urlaubcornwall.de\/blog\/#website\"},\"datePublished\":\"2022-06-09T08:19:27+00:00\",\"dateModified\":\"2022-12-12T14:20:53+00:00\",\"description\":\"Es gibt in Land's End viele wundersch\u00f6ne Ferienh\u00e4user & Ferienwohnungen, die anstelle eines Hotels eine perfekte Option f\u00fcr Familien\",\"breadcrumb\":{\"@id\":\"https:\/\/www.urlaubcornwall.de\/blog\/guenstige-urlaub-in-lands-end\/#breadcrumb\"},\"inLanguage\":\"en-US\",\"potentialAction\":[{\"@type\":\"ReadAction\",\"target\":[\"https:\/\/www.urlaubcornwall.de\/blog\/guenstige-urlaub-in-lands-end\/\"]}]},{\"@type\":\"BreadcrumbList\",\"@id\":\"https:\/\/www.urlaubcornwall.de\/blog\/guenstige-urlaub-in-lands-end\/#breadcrumb\",\"itemListElement\":[{\"@type\":\"ListItem\",\"position\":1,\"name\":\"Home\",\"item\":\"https:\/\/www.urlaubcornwall.de\/blog\/\"},{\"@type\":\"ListItem\",\"position\":2,\"name\":\"G\u00fcnstige Urlaub in Land&#8217;s End\"}]}]}<\/script>\n<!-- \/ Yoast SEO plugin. -->","yoast_head_json":{"title":"G\u00fcnstige Urlaub in Land's End - Urlaub &amp; Reisen","description":"Es gibt in Land's End viele wundersch\u00f6ne Ferienh\u00e4user & Ferienwohnungen, die anstelle eines Hotels eine perfekte Option f\u00fcr Familien","robots":{"index":"index","follow":"follow","max-snippet":"max-snippet:-1","max-image-preview":"max-image-preview:large","max-video-preview":"max-video-preview:-1"},"canonical":"https:\/\/www.urlaubcornwall.de\/blog\/guenstige-urlaub-in-lands-end\/","og_locale":"en_US","og_type":"article","og_title":"G\u00fcnstige Urlaub in Land's End - Urlaub &amp; Reisen","og_description":"Es gibt in Land's End viele wundersch\u00f6ne Ferienh\u00e4user & Ferienwohnungen, die anstelle eines Hotels eine perfekte Option f\u00fcr Familien","og_url":"https:\/\/www.urlaubcornwall.de\/blog\/guenstige-urlaub-in-lands-end\/","og_site_name":"Urlaub &amp; Reisen","article_modified_time":"2022-12-12T14:20:53+00:00","og_image":[{"url":"https:\/\/www.urlaubcornwall.de\/blog\/wp-content\/uploads\/2020\/05\/lands-end-blick2.jpg"}],"twitter_card":"summary","twitter_misc":{"Est. reading time":"1 minute"},"schema":{"@context":"https:\/\/schema.org","@graph":[{"@type":"WebSite","@id":"https:\/\/www.urlaubcornwall.de\/blog\/#website","url":"https:\/\/www.urlaubcornwall.de\/blog\/","name":"Urlaub &amp; Reisen","description":"Urlaub, Reisen, Cornwall und S\u00fcdengland: eine perfekte Kombination","potentialAction":[{"@type":"SearchAction","target":{"@type":"EntryPoint","urlTemplate":"https:\/\/www.urlaubcornwall.de\/blog\/?s={search_term_string}"},"query-input":"required name=search_term_string"}],"inLanguage":"en-US"},{"@type":"WebPage","@id":"https:\/\/www.urlaubcornwall.de\/blog\/guenstige-urlaub-in-lands-end\/","url":"https:\/\/www.urlaubcornwall.de\/blog\/guenstige-urlaub-in-lands-end\/","name":"G\u00fcnstige Urlaub in Land's End - Urlaub &amp; Reisen","isPartOf":{"@id":"https:\/\/www.urlaubcornwall.de\/blog\/#website"},"datePublished":"2022-06-09T08:19:27+00:00","dateModified":"2022-12-12T14:20:53+00:00","description":"Es gibt in Land's End viele wundersch\u00f6ne Ferienh\u00e4user & Ferienwohnungen, die anstelle eines Hotels eine perfekte Option f\u00fcr Familien","breadcrumb":{"@id":"https:\/\/www.urlaubcornwall.de\/blog\/guenstige-urlaub-in-lands-end\/#breadcrumb"},"inLanguage":"en-US","potentialAction":[{"@type":"ReadAction","target":["https:\/\/www.urlaubcornwall.de\/blog\/guenstige-urlaub-in-lands-end\/"]}]},{"@type":"BreadcrumbList","@id":"https:\/\/www.urlaubcornwall.de\/blog\/guenstige-urlaub-in-lands-end\/#breadcrumb","itemListElement":[{"@type":"ListItem","position":1,"name":"Home","item":"https:\/\/www.urlaubcornwall.de\/blog\/"},{"@type":"ListItem","position":2,"name":"G\u00fcnstige Urlaub in Land&#8217;s End"}]}]}},"_links":{"self":[{"href":"https:\/\/www.urlaubcornwall.de\/blog\/wp-json\/wp\/v2\/pages\/44834"}],"collection":[{"href":"https:\/\/www.urlaubcornwall.de\/blog\/wp-json\/wp\/v2\/pages"}],"about":[{"href":"https:\/\/www.urlaubcornwall.de\/blog\/wp-json\/wp\/v2\/types\/page"}],"author":[{"embeddable":true,"href":"https:\/\/www.urlaubcornwall.de\/blog\/wp-json\/wp\/v2\/users\/1"}],"replies":[{"embeddable":true,"href":"https:\/\/www.urlaubcornwall.de\/blog\/wp-json\/wp\/v2\/comments?post=44834"}],"version-history":[{"count":4,"href":"https:\/\/www.urlaubcornwall.de\/blog\/wp-json\/wp\/v2\/pages\/44834\/revisions"}],"predecessor-version":[{"id":45620,"href":"https:\/\/www.urlaubcornwall.de\/blog\/wp-json\/wp\/v2\/pages\/44834\/revisions\/45620"}],"wp:attachment":[{"href":"https:\/\/www.urlaubcornwall.de\/blog\/wp-json\/wp\/v2\/media?parent=44834"}],"curies":[{"name":"wp","href":"https:\/\/api.w.org\/{rel}","templated":true}]}}