{"id":44764,"date":"2022-04-20T14:00:08","date_gmt":"2022-04-20T14:00:08","guid":{"rendered":"https:\/\/www.urlaubcornwall.de\/blog\/?page_id=44764"},"modified":"2024-09-18T14:18:44","modified_gmt":"2024-09-18T14:18:44","slug":"garten-newt-in-somerset","status":"publish","type":"page","link":"https:\/\/www.urlaubcornwall.de\/blog\/garten-newt-in-somerset\/","title":{"rendered":"Garten Newt in Somerset"},"content":{"rendered":"<p><img loading=\"lazy\" class=\"aligncenter size-full wp-image-44765\" src=\"https:\/\/www.urlaubcornwall.de\/blog\/wp-content\/uploads\/2022\/04\/newt-garten-somerset.jpg\" alt=\"\" width=\"750\" height=\"563\" srcset=\"https:\/\/www.urlaubcornwall.de\/blog\/wp-content\/uploads\/2022\/04\/newt-garten-somerset.jpg 750w, https:\/\/www.urlaubcornwall.de\/blog\/wp-content\/uploads\/2022\/04\/newt-garten-somerset-300x225.jpg 300w\" sizes=\"(max-width: 750px) 100vw, 750px\" \/><\/p>\n<p>Dieser Garten wurde 2019 er\u00f6ffnet und wurde rasch zu einem Ort, den man auf einer <a href=\"https:\/\/www.urlaubcornwall.de\/gartenreise.php\">Gartentour durch S\u00fcdwestengland<\/a> gesehen haben muss. Das <a href=\"https:\/\/www.urlaubcornwall.de\/ferienhaeuser-fewos\/eng\/somerset\/castle-cary.html\">Castle Cary<\/a> Landgut mit Kalksteingeb\u00e4uden in der strahlenden Farbe von gebranntem Orange verf\u00fcgt \u00fcber herrliche Waldgebiete und G\u00e4rten, die Besucher erkunden k\u00f6nnen. <\/p>\n<p>Das Haupthaus, nun ein Hotel, ist ein wundersch\u00f6nes Hadspen House mit Palladio-Front, erstmals erbaut im Jahre 1687, und es war \u00fcber zwei Jahrhunderte lang das Zuhause der Hobhouse Familie. Penelope Hobhouse, die legend\u00e4re Designerin, schuf hier in den 1970ern einen \u2018Arts and Crafts\u2019 Garten und schrieb dar\u00fcber ihr erstes Buch, The Country Garden.<\/p>\n<p><img loading=\"lazy\" class=\"aligncenter size-full wp-image-44767\" src=\"https:\/\/www.urlaubcornwall.de\/blog\/wp-content\/uploads\/2022\/04\/newt-somerset_fruhling.jpg\" alt=\"newt somerset_fruehling\" width=\"750\" height=\"694\" srcset=\"https:\/\/www.urlaubcornwall.de\/blog\/wp-content\/uploads\/2022\/04\/newt-somerset_fruhling.jpg 750w, https:\/\/www.urlaubcornwall.de\/blog\/wp-content\/uploads\/2022\/04\/newt-somerset_fruhling-300x278.jpg 300w\" sizes=\"(max-width: 750px) 100vw, 750px\" \/><\/p>\n<p>Die herrlichen G\u00e4rten, die sich innerhalb eines gro\u00dfen Gutes in der N\u00e4he <a href=\"https:\/\/www.urlaubcornwall.de\/ferienhaeuser-fewos\/eng\/somerset\/bruton.html\">des modischen Bruton<\/a> befinden, wurden vom franz\u00f6sischen Architekten Patrice Taravella g\u00e4nzlich neu bepflanzt und neu designt. <\/p>\n<p><img loading=\"lazy\" class=\"aligncenter size-full wp-image-44768\" src=\"https:\/\/www.urlaubcornwall.de\/blog\/wp-content\/uploads\/2022\/04\/water-garten.jpg\" alt=\"wasser garten newt somerset\" width=\"750\" height=\"711 srcset=\"https:\/\/www.urlaubcornwall.de\/blog\/wp-content\/uploads\/2022\/04\/water-garten.jpg 750w, https:\/\/www.urlaubcornwall.de\/blog\/wp-content\/uploads\/2022\/04\/water-garten-277x300.jpg 277w\" sizes=\"(max-width: 750px) 100vw, 750px\" \/><\/p>\n<p>Es ist zudem ein bewirtschafteter Bauernhof, wo Apfelpunsch vor Ort frisch gepresst wird. Es gibt t\u00e4glich gef\u00fchrte Touren und jahreszeitlich zugeschnittene Workshops zum Gem\u00fcseanbau, Baum \u2013 und Buschschnitt, Blumenpressen und sogar einen Pilz-Meisterkurs.<\/p>\n<p><img loading=\"lazy\" class=\"aligncenter size-full wp-image-44766\" src=\"https:\/\/www.urlaubcornwall.de\/blog\/wp-content\/uploads\/2022\/04\/IMG_9820_edit.jpg\" alt=\"Garten Caf\u00e9 newt somerset\" width=\"750\" height=\"534\" srcset=\"https:\/\/www.urlaubcornwall.de\/blog\/wp-content\/uploads\/2022\/04\/IMG_9820_edit.jpg 750w, https:\/\/www.urlaubcornwall.de\/blog\/wp-content\/uploads\/2022\/04\/IMG_9820_edit-300x214.jpg 300w\" sizes=\"(max-width: 750px) 100vw, 750px\" \/><\/p>\n<p>Das Garten Caf\u00e9 befindet sich perfekter Ma\u00dfen \u00fcber dem Kr\u00e4utergarten, aus welchem ein fantastisches Men\u00fc mit Betonung auf Gem\u00fcse zusammengestellt wird,  mit Blick auf den Obstgarten darunter.<\/p>\n<div class=\"snippet\"> <a class=\"featured-item\" href=\"https:\/\/www.urlaubcornwall.de\/rundreisen\/cornwall-suedengland.php\"> <span class=\"image-holder\" style=\"background-image: url('https:\/\/www.urlaubcornwall.de\/blog\/wp-content\/uploads\/2019\/01\/DiTn0QVWsAIOgjG.jpg');\"><\/span> <span class=\"featured-content\"> \n<h2 class=\"featured-title\">Somerset &#038; S\u00fcdengland eine perfekte Kombination<\/h2>\n<p class=\"featured-body\">Die perfekte Reisem\u00f6glichkeit und erm\u00f6glicht es Ihnen, Entdeckungen zu machen und einen Urlaub im eigenen Schritttempo&#8230;.<\/p><\/span> <span class=\"featured-link-holder\"> <span class=\"featured-extra-info\"> \n<p>Rundeisen f\u00fcr Paare, Familien &#038; Gruppen<\/p>\n<\/span> \n<p class=\"featured-link\">DETAILS<\/p>\n<\/span> <\/a><\/div>\n","protected":false},"excerpt":{"rendered":"<p>Dieser Garten wurde 2019 er\u00f6ffnet und wurde rasch zu einem Ort, den man auf einer Gartentour durch S\u00fcdwestengland gesehen haben muss. Das Castle Cary Landgut mit Kalksteingeb\u00e4uden in der strahlenden Farbe von gebranntem Orange verf\u00fcgt \u00fcber herrliche Waldgebiete und G\u00e4rten, die Besucher erkunden k\u00f6nnen. Das Haupthaus, nun ein Hotel, ist ein wundersch\u00f6nes Hadspen House mit [&hellip;]<\/p>\n","protected":false},"author":1,"featured_media":0,"parent":0,"menu_order":0,"comment_status":"closed","ping_status":"closed","template":"single-four.php","meta":[],"acf":[],"yoast_head":"<!-- This site is optimized with the Yoast SEO plugin v19.4 - https:\/\/yoast.com\/wordpress\/plugins\/seo\/ -->\n<title>Garten Newt in Somerset - Urlaub &amp; Reisen<\/title>\n<meta name=\"description\" content=\"Dieser Garten wurde 2019 er\u00f6ffnet und wurde rasch zu einem Ort, den man auf einer Gartentour durch S\u00fcdwestengland gesehen haben muss\" \/>\n<meta name=\"robots\" content=\"index, follow, max-snippet:-1, max-image-preview:large, max-video-preview:-1\" \/>\n<link rel=\"canonical\" href=\"https:\/\/www.urlaubcornwall.de\/blog\/garten-newt-in-somerset\/\" \/>\n<meta property=\"og:locale\" content=\"en_US\" \/>\n<meta property=\"og:type\" content=\"article\" \/>\n<meta property=\"og:title\" content=\"Garten Newt in Somerset - Urlaub &amp; Reisen\" \/>\n<meta property=\"og:description\" content=\"Dieser Garten wurde 2019 er\u00f6ffnet und wurde rasch zu einem Ort, den man auf einer Gartentour durch S\u00fcdwestengland gesehen haben muss\" \/>\n<meta property=\"og:url\" content=\"https:\/\/www.urlaubcornwall.de\/blog\/garten-newt-in-somerset\/\" \/>\n<meta property=\"og:site_name\" content=\"Urlaub &amp; Reisen\" \/>\n<meta property=\"article:modified_time\" content=\"2024-09-18T14:18:44+00:00\" \/>\n<meta property=\"og:image\" content=\"https:\/\/www.urlaubcornwall.de\/blog\/wp-content\/uploads\/2022\/04\/newt-garten-somerset.jpg\" \/>\n<meta name=\"twitter:card\" content=\"summary\" \/>\n<meta name=\"twitter:label1\" content=\"Est. reading time\" \/>\n\t<meta name=\"twitter:data1\" content=\"2 minutes\" \/>\n<script type=\"application\/ld+json\" class=\"yoast-schema-graph\">{\"@context\":\"https:\/\/schema.org\",\"@graph\":[{\"@type\":\"WebSite\",\"@id\":\"https:\/\/www.urlaubcornwall.de\/blog\/#website\",\"url\":\"https:\/\/www.urlaubcornwall.de\/blog\/\",\"name\":\"Urlaub &amp; Reisen\",\"description\":\"Urlaub, Reisen, Cornwall und S\u00fcdengland: eine perfekte Kombination\",\"potentialAction\":[{\"@type\":\"SearchAction\",\"target\":{\"@type\":\"EntryPoint\",\"urlTemplate\":\"https:\/\/www.urlaubcornwall.de\/blog\/?s={search_term_string}\"},\"query-input\":\"required name=search_term_string\"}],\"inLanguage\":\"en-US\"},{\"@type\":\"WebPage\",\"@id\":\"https:\/\/www.urlaubcornwall.de\/blog\/garten-newt-in-somerset\/\",\"url\":\"https:\/\/www.urlaubcornwall.de\/blog\/garten-newt-in-somerset\/\",\"name\":\"Garten Newt in Somerset - Urlaub &amp; Reisen\",\"isPartOf\":{\"@id\":\"https:\/\/www.urlaubcornwall.de\/blog\/#website\"},\"datePublished\":\"2022-04-20T14:00:08+00:00\",\"dateModified\":\"2024-09-18T14:18:44+00:00\",\"description\":\"Dieser Garten wurde 2019 er\u00f6ffnet und wurde rasch zu einem Ort, den man auf einer Gartentour durch S\u00fcdwestengland gesehen haben muss\",\"breadcrumb\":{\"@id\":\"https:\/\/www.urlaubcornwall.de\/blog\/garten-newt-in-somerset\/#breadcrumb\"},\"inLanguage\":\"en-US\",\"potentialAction\":[{\"@type\":\"ReadAction\",\"target\":[\"https:\/\/www.urlaubcornwall.de\/blog\/garten-newt-in-somerset\/\"]}]},{\"@type\":\"BreadcrumbList\",\"@id\":\"https:\/\/www.urlaubcornwall.de\/blog\/garten-newt-in-somerset\/#breadcrumb\",\"itemListElement\":[{\"@type\":\"ListItem\",\"position\":1,\"name\":\"Home\",\"item\":\"https:\/\/www.urlaubcornwall.de\/blog\/\"},{\"@type\":\"ListItem\",\"position\":2,\"name\":\"Garten Newt in Somerset\"}]}]}<\/script>\n<!-- \/ Yoast SEO plugin. -->","yoast_head_json":{"title":"Garten Newt in Somerset - Urlaub &amp; Reisen","description":"Dieser Garten wurde 2019 er\u00f6ffnet und wurde rasch zu einem Ort, den man auf einer Gartentour durch S\u00fcdwestengland gesehen haben muss","robots":{"index":"index","follow":"follow","max-snippet":"max-snippet:-1","max-image-preview":"max-image-preview:large","max-video-preview":"max-video-preview:-1"},"canonical":"https:\/\/www.urlaubcornwall.de\/blog\/garten-newt-in-somerset\/","og_locale":"en_US","og_type":"article","og_title":"Garten Newt in Somerset - Urlaub &amp; Reisen","og_description":"Dieser Garten wurde 2019 er\u00f6ffnet und wurde rasch zu einem Ort, den man auf einer Gartentour durch S\u00fcdwestengland gesehen haben muss","og_url":"https:\/\/www.urlaubcornwall.de\/blog\/garten-newt-in-somerset\/","og_site_name":"Urlaub &amp; Reisen","article_modified_time":"2024-09-18T14:18:44+00:00","og_image":[{"url":"https:\/\/www.urlaubcornwall.de\/blog\/wp-content\/uploads\/2022\/04\/newt-garten-somerset.jpg"}],"twitter_card":"summary","twitter_misc":{"Est. reading time":"2 minutes"},"schema":{"@context":"https:\/\/schema.org","@graph":[{"@type":"WebSite","@id":"https:\/\/www.urlaubcornwall.de\/blog\/#website","url":"https:\/\/www.urlaubcornwall.de\/blog\/","name":"Urlaub &amp; Reisen","description":"Urlaub, Reisen, Cornwall und S\u00fcdengland: eine perfekte Kombination","potentialAction":[{"@type":"SearchAction","target":{"@type":"EntryPoint","urlTemplate":"https:\/\/www.urlaubcornwall.de\/blog\/?s={search_term_string}"},"query-input":"required name=search_term_string"}],"inLanguage":"en-US"},{"@type":"WebPage","@id":"https:\/\/www.urlaubcornwall.de\/blog\/garten-newt-in-somerset\/","url":"https:\/\/www.urlaubcornwall.de\/blog\/garten-newt-in-somerset\/","name":"Garten Newt in Somerset - Urlaub &amp; Reisen","isPartOf":{"@id":"https:\/\/www.urlaubcornwall.de\/blog\/#website"},"datePublished":"2022-04-20T14:00:08+00:00","dateModified":"2024-09-18T14:18:44+00:00","description":"Dieser Garten wurde 2019 er\u00f6ffnet und wurde rasch zu einem Ort, den man auf einer Gartentour durch S\u00fcdwestengland gesehen haben muss","breadcrumb":{"@id":"https:\/\/www.urlaubcornwall.de\/blog\/garten-newt-in-somerset\/#breadcrumb"},"inLanguage":"en-US","potentialAction":[{"@type":"ReadAction","target":["https:\/\/www.urlaubcornwall.de\/blog\/garten-newt-in-somerset\/"]}]},{"@type":"BreadcrumbList","@id":"https:\/\/www.urlaubcornwall.de\/blog\/garten-newt-in-somerset\/#breadcrumb","itemListElement":[{"@type":"ListItem","position":1,"name":"Home","item":"https:\/\/www.urlaubcornwall.de\/blog\/"},{"@type":"ListItem","position":2,"name":"Garten Newt in Somerset"}]}]}},"_links":{"self":[{"href":"https:\/\/www.urlaubcornwall.de\/blog\/wp-json\/wp\/v2\/pages\/44764"}],"collection":[{"href":"https:\/\/www.urlaubcornwall.de\/blog\/wp-json\/wp\/v2\/pages"}],"about":[{"href":"https:\/\/www.urlaubcornwall.de\/blog\/wp-json\/wp\/v2\/types\/page"}],"author":[{"embeddable":true,"href":"https:\/\/www.urlaubcornwall.de\/blog\/wp-json\/wp\/v2\/users\/1"}],"replies":[{"embeddable":true,"href":"https:\/\/www.urlaubcornwall.de\/blog\/wp-json\/wp\/v2\/comments?post=44764"}],"version-history":[{"count":4,"href":"https:\/\/www.urlaubcornwall.de\/blog\/wp-json\/wp\/v2\/pages\/44764\/revisions"}],"predecessor-version":[{"id":46517,"href":"https:\/\/www.urlaubcornwall.de\/blog\/wp-json\/wp\/v2\/pages\/44764\/revisions\/46517"}],"wp:attachment":[{"href":"https:\/\/www.urlaubcornwall.de\/blog\/wp-json\/wp\/v2\/media?parent=44764"}],"curies":[{"name":"wp","href":"https:\/\/api.w.org\/{rel}","templated":true}]}}