{"id":44762,"date":"2022-04-19T11:32:19","date_gmt":"2022-04-19T11:32:19","guid":{"rendered":"https:\/\/www.urlaubcornwall.de\/blog\/?page_id=44762"},"modified":"2022-04-19T11:32:34","modified_gmt":"2022-04-19T11:32:34","slug":"wo-wurde-doc-martin-gefilmt","status":"publish","type":"page","link":"https:\/\/www.urlaubcornwall.de\/blog\/wo-wurde-doc-martin-gefilmt\/","title":{"rendered":"Wo wurde Doc Martin gefilmt?"},"content":{"rendered":"<p><img loading=\"lazy\" class=\"aligncenter size-full wp-image-43330\" src=\"https:\/\/www.urlaubcornwall.de\/blog\/wp-content\/uploads\/2021\/10\/port_isaac_2.jpg\" alt=\"port_isaac_doc_martin_urlaub\" width=\"750\" height=\"502\" srcset=\"https:\/\/www.urlaubcornwall.de\/blog\/wp-content\/uploads\/2021\/10\/port_isaac_2.jpg 750w, https:\/\/www.urlaubcornwall.de\/blog\/wp-content\/uploads\/2021\/10\/port_isaac_2-300x201.jpg 300w\" sizes=\"(max-width: 750px) 100vw, 750px\" \/><\/p>\n<p>Bekannt geworden durch das beliebte Fernsehdrama als Gemeinde von Portwenn, ist das h\u00fcbsche Fischerdorf Port Isaac in <a href=\"https:\/\/www.urlaubcornwall.de\/ferienhaeuser-fewos\/nordkueste-cornwall.html\">Nord Cornwall<\/a> Hintergrund f\u00fcr die Mehrheit der Drehorte. Dies beinhaltet Doc Martins Haus und die Arztpraxis des Dorfes. Sie k\u00f6nnen die bekannten Pflasterstr\u00e4\u00dfchen entlanggehen und die steilen H\u00fcgel hinaufsteigen als w\u00fcrden Sie gerade mitten durchs Set spazieren. Sie k\u00f6nnen in der Tat auf eine Port Isaac Tour gehen und verborgene Pfade, historische Geb\u00e4ude und Drehorte von Doc Martin sehen.<\/p>\n<p>Falls Sie ein gro\u00dfer Fan von Doc Martin sind, dann ist ein Urlaub in Cornwall gerade richtig f\u00fcr Sie. Machen Sie sich auf die Suche nach Doc Martins Lieblingsorten und \u00fcbernachten Sie in einem <a href=\"https:\/\/www.urlaubcornwall.de\/ferienhaeuser-fewos\/port-isaac.html\">unserer Port Isaac Ferienh\u00e4user<\/a> oder schauen Sie sich all <a href=\"https:\/\/www.urlaubcornwall.de\/ferienhaeuser-fewos\/cornwall.html\">unsere Cottages in Cornwall<\/a> an, um die ideale Ausgangsbasis zu finden.<\/p>\n","protected":false},"excerpt":{"rendered":"<p>Bekannt geworden durch das beliebte Fernsehdrama als Gemeinde von Portwenn, ist das h\u00fcbsche Fischerdorf Port Isaac in Nord Cornwall Hintergrund f\u00fcr die Mehrheit der Drehorte. Dies beinhaltet Doc Martins Haus und die Arztpraxis des Dorfes. Sie k\u00f6nnen die bekannten Pflasterstr\u00e4\u00dfchen entlanggehen und die steilen H\u00fcgel hinaufsteigen als w\u00fcrden Sie gerade mitten durchs Set spazieren. Sie [&hellip;]<\/p>\n","protected":false},"author":1,"featured_media":0,"parent":0,"menu_order":0,"comment_status":"closed","ping_status":"closed","template":"single-four.php","meta":[],"acf":[],"yoast_head":"<!-- This site is optimized with the Yoast SEO plugin v19.4 - https:\/\/yoast.com\/wordpress\/plugins\/seo\/ -->\n<title>Wo wurde Doc Martin gefilmt? - Urlaub &amp; Reisen<\/title>\n<meta name=\"robots\" content=\"index, follow, max-snippet:-1, max-image-preview:large, max-video-preview:-1\" \/>\n<link rel=\"canonical\" href=\"https:\/\/www.urlaubcornwall.de\/blog\/wo-wurde-doc-martin-gefilmt\/\" \/>\n<meta property=\"og:locale\" content=\"en_US\" \/>\n<meta property=\"og:type\" content=\"article\" \/>\n<meta property=\"og:title\" content=\"Wo wurde Doc Martin gefilmt? - Urlaub &amp; Reisen\" \/>\n<meta property=\"og:description\" content=\"Bekannt geworden durch das beliebte Fernsehdrama als Gemeinde von Portwenn, ist das h\u00fcbsche Fischerdorf Port Isaac in Nord Cornwall Hintergrund f\u00fcr die Mehrheit der Drehorte. Dies beinhaltet Doc Martins Haus und die Arztpraxis des Dorfes. Sie k\u00f6nnen die bekannten Pflasterstr\u00e4\u00dfchen entlanggehen und die steilen H\u00fcgel hinaufsteigen als w\u00fcrden Sie gerade mitten durchs Set spazieren. Sie [&hellip;]\" \/>\n<meta property=\"og:url\" content=\"https:\/\/www.urlaubcornwall.de\/blog\/wo-wurde-doc-martin-gefilmt\/\" \/>\n<meta property=\"og:site_name\" content=\"Urlaub &amp; Reisen\" \/>\n<meta property=\"article:modified_time\" content=\"2022-04-19T11:32:34+00:00\" \/>\n<meta property=\"og:image\" content=\"https:\/\/www.urlaubcornwall.de\/blog\/wp-content\/uploads\/2021\/10\/port_isaac_2.jpg\" \/>\n<meta name=\"twitter:card\" content=\"summary\" \/>\n<meta name=\"twitter:label1\" content=\"Est. reading time\" \/>\n\t<meta name=\"twitter:data1\" content=\"1 minute\" \/>\n<script type=\"application\/ld+json\" class=\"yoast-schema-graph\">{\"@context\":\"https:\/\/schema.org\",\"@graph\":[{\"@type\":\"WebSite\",\"@id\":\"https:\/\/www.urlaubcornwall.de\/blog\/#website\",\"url\":\"https:\/\/www.urlaubcornwall.de\/blog\/\",\"name\":\"Urlaub &amp; Reisen\",\"description\":\"Urlaub, Reisen, Cornwall und S\u00fcdengland: eine perfekte Kombination\",\"potentialAction\":[{\"@type\":\"SearchAction\",\"target\":{\"@type\":\"EntryPoint\",\"urlTemplate\":\"https:\/\/www.urlaubcornwall.de\/blog\/?s={search_term_string}\"},\"query-input\":\"required name=search_term_string\"}],\"inLanguage\":\"en-US\"},{\"@type\":\"WebPage\",\"@id\":\"https:\/\/www.urlaubcornwall.de\/blog\/wo-wurde-doc-martin-gefilmt\/\",\"url\":\"https:\/\/www.urlaubcornwall.de\/blog\/wo-wurde-doc-martin-gefilmt\/\",\"name\":\"Wo wurde Doc Martin gefilmt? - Urlaub &amp; Reisen\",\"isPartOf\":{\"@id\":\"https:\/\/www.urlaubcornwall.de\/blog\/#website\"},\"datePublished\":\"2022-04-19T11:32:19+00:00\",\"dateModified\":\"2022-04-19T11:32:34+00:00\",\"breadcrumb\":{\"@id\":\"https:\/\/www.urlaubcornwall.de\/blog\/wo-wurde-doc-martin-gefilmt\/#breadcrumb\"},\"inLanguage\":\"en-US\",\"potentialAction\":[{\"@type\":\"ReadAction\",\"target\":[\"https:\/\/www.urlaubcornwall.de\/blog\/wo-wurde-doc-martin-gefilmt\/\"]}]},{\"@type\":\"BreadcrumbList\",\"@id\":\"https:\/\/www.urlaubcornwall.de\/blog\/wo-wurde-doc-martin-gefilmt\/#breadcrumb\",\"itemListElement\":[{\"@type\":\"ListItem\",\"position\":1,\"name\":\"Home\",\"item\":\"https:\/\/www.urlaubcornwall.de\/blog\/\"},{\"@type\":\"ListItem\",\"position\":2,\"name\":\"Wo wurde Doc Martin gefilmt?\"}]}]}<\/script>\n<!-- \/ Yoast SEO plugin. -->","yoast_head_json":{"title":"Wo wurde Doc Martin gefilmt? - Urlaub &amp; Reisen","robots":{"index":"index","follow":"follow","max-snippet":"max-snippet:-1","max-image-preview":"max-image-preview:large","max-video-preview":"max-video-preview:-1"},"canonical":"https:\/\/www.urlaubcornwall.de\/blog\/wo-wurde-doc-martin-gefilmt\/","og_locale":"en_US","og_type":"article","og_title":"Wo wurde Doc Martin gefilmt? - Urlaub &amp; Reisen","og_description":"Bekannt geworden durch das beliebte Fernsehdrama als Gemeinde von Portwenn, ist das h\u00fcbsche Fischerdorf Port Isaac in Nord Cornwall Hintergrund f\u00fcr die Mehrheit der Drehorte. Dies beinhaltet Doc Martins Haus und die Arztpraxis des Dorfes. Sie k\u00f6nnen die bekannten Pflasterstr\u00e4\u00dfchen entlanggehen und die steilen H\u00fcgel hinaufsteigen als w\u00fcrden Sie gerade mitten durchs Set spazieren. Sie [&hellip;]","og_url":"https:\/\/www.urlaubcornwall.de\/blog\/wo-wurde-doc-martin-gefilmt\/","og_site_name":"Urlaub &amp; Reisen","article_modified_time":"2022-04-19T11:32:34+00:00","og_image":[{"url":"https:\/\/www.urlaubcornwall.de\/blog\/wp-content\/uploads\/2021\/10\/port_isaac_2.jpg"}],"twitter_card":"summary","twitter_misc":{"Est. reading time":"1 minute"},"schema":{"@context":"https:\/\/schema.org","@graph":[{"@type":"WebSite","@id":"https:\/\/www.urlaubcornwall.de\/blog\/#website","url":"https:\/\/www.urlaubcornwall.de\/blog\/","name":"Urlaub &amp; Reisen","description":"Urlaub, Reisen, Cornwall und S\u00fcdengland: eine perfekte Kombination","potentialAction":[{"@type":"SearchAction","target":{"@type":"EntryPoint","urlTemplate":"https:\/\/www.urlaubcornwall.de\/blog\/?s={search_term_string}"},"query-input":"required name=search_term_string"}],"inLanguage":"en-US"},{"@type":"WebPage","@id":"https:\/\/www.urlaubcornwall.de\/blog\/wo-wurde-doc-martin-gefilmt\/","url":"https:\/\/www.urlaubcornwall.de\/blog\/wo-wurde-doc-martin-gefilmt\/","name":"Wo wurde Doc Martin gefilmt? - Urlaub &amp; Reisen","isPartOf":{"@id":"https:\/\/www.urlaubcornwall.de\/blog\/#website"},"datePublished":"2022-04-19T11:32:19+00:00","dateModified":"2022-04-19T11:32:34+00:00","breadcrumb":{"@id":"https:\/\/www.urlaubcornwall.de\/blog\/wo-wurde-doc-martin-gefilmt\/#breadcrumb"},"inLanguage":"en-US","potentialAction":[{"@type":"ReadAction","target":["https:\/\/www.urlaubcornwall.de\/blog\/wo-wurde-doc-martin-gefilmt\/"]}]},{"@type":"BreadcrumbList","@id":"https:\/\/www.urlaubcornwall.de\/blog\/wo-wurde-doc-martin-gefilmt\/#breadcrumb","itemListElement":[{"@type":"ListItem","position":1,"name":"Home","item":"https:\/\/www.urlaubcornwall.de\/blog\/"},{"@type":"ListItem","position":2,"name":"Wo wurde Doc Martin gefilmt?"}]}]}},"_links":{"self":[{"href":"https:\/\/www.urlaubcornwall.de\/blog\/wp-json\/wp\/v2\/pages\/44762"}],"collection":[{"href":"https:\/\/www.urlaubcornwall.de\/blog\/wp-json\/wp\/v2\/pages"}],"about":[{"href":"https:\/\/www.urlaubcornwall.de\/blog\/wp-json\/wp\/v2\/types\/page"}],"author":[{"embeddable":true,"href":"https:\/\/www.urlaubcornwall.de\/blog\/wp-json\/wp\/v2\/users\/1"}],"replies":[{"embeddable":true,"href":"https:\/\/www.urlaubcornwall.de\/blog\/wp-json\/wp\/v2\/comments?post=44762"}],"version-history":[{"count":1,"href":"https:\/\/www.urlaubcornwall.de\/blog\/wp-json\/wp\/v2\/pages\/44762\/revisions"}],"predecessor-version":[{"id":44763,"href":"https:\/\/www.urlaubcornwall.de\/blog\/wp-json\/wp\/v2\/pages\/44762\/revisions\/44763"}],"wp:attachment":[{"href":"https:\/\/www.urlaubcornwall.de\/blog\/wp-json\/wp\/v2\/media?parent=44762"}],"curies":[{"name":"wp","href":"https:\/\/api.w.org\/{rel}","templated":true}]}}