{"id":44542,"date":"2022-01-26T09:26:48","date_gmt":"2022-01-26T09:26:48","guid":{"rendered":"https:\/\/www.urlaubcornwall.de\/blog\/?page_id=44542"},"modified":"2022-04-13T07:51:06","modified_gmt":"2022-04-13T07:51:06","slug":"direktfluege-zwischen-zuerich-und-newquay-in-cornwall","status":"publish","type":"page","link":"https:\/\/www.urlaubcornwall.de\/blog\/direktfluege-zwischen-zuerich-und-newquay-in-cornwall\/","title":{"rendered":"Direktfl\u00fcge zwischen Z\u00fcrich und Newquay in Cornwall"},"content":{"rendered":"<p><img loading=\"lazy\" class=\"aligncenter size-full wp-image-43330\" src=\"https:\/\/www.urlaubcornwall.de\/blog\/wp-content\/uploads\/2021\/10\/port_isaac_2.jpg\" alt=\"port_isaac\" width=\"750\" height=\"502\" srcset=\"https:\/\/www.urlaubcornwall.de\/blog\/wp-content\/uploads\/2021\/10\/port_isaac_2.jpg 750w, https:\/\/www.urlaubcornwall.de\/blog\/wp-content\/uploads\/2021\/10\/port_isaac_2-300x201.jpg 300w\" sizes=\"(max-width: 750px) 100vw, 750px\" \/><\/p>\n<p>Fl\u00fcge zwischen Z\u00fcrich und Newquay in Cornwall sind aktuell von Juli bis September buchbar. Es ist Zeit, mit der Planung Ihres Cornwall Urlaubs 2022 zu beginnen!<\/p>\n<p>Beginnend mit der dramatischen <a href=\"https:\/\/www.urlaubcornwall.de\/ferienhaeuser-fewos\/nordkueste-cornwall.html\">Nordk\u00fcste<\/a> und der urigen Sch\u00f6nheit der <a href=\"https:\/\/www.urlaubcornwall.de\/ferienhaeuser-fewos\/suedkueste-cornwall.html\">S\u00fcdk\u00fcste<\/a>, bis hin zur Westk\u00fcste, die tief verankert ist in Erz\u00e4hlungen und Legenden, mangelt es <a href=\"https:\/\/www.urlaubcornwall.de\/ferienhaeuser-fewos\/cornwall.html\">Cornwall<\/a> nicht an h\u00fcbschen Orten.<\/p>\n<p style=\"text-align: center;\"><a class=\"tidycta\" href=\"https:\/\/www.urlaubcornwall.de\/ferienhaeuser-fewos\/cornwall.html\">Suche Ferienh\u00e4user in Cornwall<\/a><\/p>\n<div class=\"snippet\"> <a class=\"featured-item\" href=\"https:\/\/www.urlaubcornwall.de\/ferienhaeuser\/cornwall.php\"> <span class=\"image-holder\" style=\"background-image: url('https:\/\/www.urlaubcornwall.de\/blog\/wp-content\/uploads\/2018\/12\/familienurlaub-corwnall-snippet.jpg');\"><\/span> <span class=\"featured-content\"> \n<h2 class=\"featured-title\">Ferienh\u00e4user in Cornwall am Meer<\/h2>\n<p class=\"featured-body\">Cornwall besitzt mehr K\u00fcstenlinien als jede andere Grafschaft und bietet einige der besten Str\u00e4nde, K\u00fcstenwanderwege und Klippenlandschaften, die man \u00fcberhaupt finden kann&#8230; <\/p><\/span> <span class=\"featured-link-holder\"> <span class=\"featured-extra-info\"> \n<p>F\u00fcr Paare, Familien &#038; Gruppen<\/p>\n<\/span> \n<p class=\"featured-link\">DETAILS<\/p>\n<\/span> <\/a><\/div>\n","protected":false},"excerpt":{"rendered":"<p>Fl\u00fcge zwischen Z\u00fcrich und Newquay in Cornwall sind aktuell von Juli bis September buchbar. Es ist Zeit, mit der Planung Ihres Cornwall Urlaubs 2022 zu beginnen! Beginnend mit der dramatischen Nordk\u00fcste und der urigen Sch\u00f6nheit der S\u00fcdk\u00fcste, bis hin zur Westk\u00fcste, die tief verankert ist in Erz\u00e4hlungen und Legenden, mangelt es Cornwall nicht an h\u00fcbschen [&hellip;]<\/p>\n","protected":false},"author":1,"featured_media":0,"parent":0,"menu_order":0,"comment_status":"closed","ping_status":"closed","template":"single-four.php","meta":[],"acf":[],"yoast_head":"<!-- This site is optimized with the Yoast SEO plugin v19.4 - https:\/\/yoast.com\/wordpress\/plugins\/seo\/ -->\n<title>Direktfl\u00fcge zwischen Z\u00fcrich und Newquay in Cornwall - Urlaub &amp; Reisen<\/title>\n<meta name=\"robots\" content=\"index, follow, max-snippet:-1, max-image-preview:large, max-video-preview:-1\" \/>\n<link rel=\"canonical\" href=\"https:\/\/www.urlaubcornwall.de\/blog\/direktfluege-zwischen-zuerich-und-newquay-in-cornwall\/\" \/>\n<meta property=\"og:locale\" content=\"en_US\" \/>\n<meta property=\"og:type\" content=\"article\" \/>\n<meta property=\"og:title\" content=\"Direktfl\u00fcge zwischen Z\u00fcrich und Newquay in Cornwall - Urlaub &amp; Reisen\" \/>\n<meta property=\"og:description\" content=\"Fl\u00fcge zwischen Z\u00fcrich und Newquay in Cornwall sind aktuell von Juli bis September buchbar. Es ist Zeit, mit der Planung Ihres Cornwall Urlaubs 2022 zu beginnen! Beginnend mit der dramatischen Nordk\u00fcste und der urigen Sch\u00f6nheit der S\u00fcdk\u00fcste, bis hin zur Westk\u00fcste, die tief verankert ist in Erz\u00e4hlungen und Legenden, mangelt es Cornwall nicht an h\u00fcbschen [&hellip;]\" \/>\n<meta property=\"og:url\" content=\"https:\/\/www.urlaubcornwall.de\/blog\/direktfluege-zwischen-zuerich-und-newquay-in-cornwall\/\" \/>\n<meta property=\"og:site_name\" content=\"Urlaub &amp; Reisen\" \/>\n<meta property=\"article:modified_time\" content=\"2022-04-13T07:51:06+00:00\" \/>\n<meta property=\"og:image\" content=\"https:\/\/www.urlaubcornwall.de\/blog\/wp-content\/uploads\/2021\/10\/port_isaac_2.jpg\" \/>\n<meta name=\"twitter:card\" content=\"summary\" \/>\n<meta name=\"twitter:label1\" content=\"Est. reading time\" \/>\n\t<meta name=\"twitter:data1\" content=\"1 minute\" \/>\n<script type=\"application\/ld+json\" class=\"yoast-schema-graph\">{\"@context\":\"https:\/\/schema.org\",\"@graph\":[{\"@type\":\"WebSite\",\"@id\":\"https:\/\/www.urlaubcornwall.de\/blog\/#website\",\"url\":\"https:\/\/www.urlaubcornwall.de\/blog\/\",\"name\":\"Urlaub &amp; Reisen\",\"description\":\"Urlaub, Reisen, Cornwall und S\u00fcdengland: eine perfekte Kombination\",\"potentialAction\":[{\"@type\":\"SearchAction\",\"target\":{\"@type\":\"EntryPoint\",\"urlTemplate\":\"https:\/\/www.urlaubcornwall.de\/blog\/?s={search_term_string}\"},\"query-input\":\"required name=search_term_string\"}],\"inLanguage\":\"en-US\"},{\"@type\":\"WebPage\",\"@id\":\"https:\/\/www.urlaubcornwall.de\/blog\/direktfluege-zwischen-zuerich-und-newquay-in-cornwall\/\",\"url\":\"https:\/\/www.urlaubcornwall.de\/blog\/direktfluege-zwischen-zuerich-und-newquay-in-cornwall\/\",\"name\":\"Direktfl\u00fcge zwischen Z\u00fcrich und Newquay in Cornwall - Urlaub &amp; Reisen\",\"isPartOf\":{\"@id\":\"https:\/\/www.urlaubcornwall.de\/blog\/#website\"},\"datePublished\":\"2022-01-26T09:26:48+00:00\",\"dateModified\":\"2022-04-13T07:51:06+00:00\",\"breadcrumb\":{\"@id\":\"https:\/\/www.urlaubcornwall.de\/blog\/direktfluege-zwischen-zuerich-und-newquay-in-cornwall\/#breadcrumb\"},\"inLanguage\":\"en-US\",\"potentialAction\":[{\"@type\":\"ReadAction\",\"target\":[\"https:\/\/www.urlaubcornwall.de\/blog\/direktfluege-zwischen-zuerich-und-newquay-in-cornwall\/\"]}]},{\"@type\":\"BreadcrumbList\",\"@id\":\"https:\/\/www.urlaubcornwall.de\/blog\/direktfluege-zwischen-zuerich-und-newquay-in-cornwall\/#breadcrumb\",\"itemListElement\":[{\"@type\":\"ListItem\",\"position\":1,\"name\":\"Home\",\"item\":\"https:\/\/www.urlaubcornwall.de\/blog\/\"},{\"@type\":\"ListItem\",\"position\":2,\"name\":\"Direktfl\u00fcge zwischen Z\u00fcrich und Newquay in Cornwall\"}]}]}<\/script>\n<!-- \/ Yoast SEO plugin. -->","yoast_head_json":{"title":"Direktfl\u00fcge zwischen Z\u00fcrich und Newquay in Cornwall - Urlaub &amp; Reisen","robots":{"index":"index","follow":"follow","max-snippet":"max-snippet:-1","max-image-preview":"max-image-preview:large","max-video-preview":"max-video-preview:-1"},"canonical":"https:\/\/www.urlaubcornwall.de\/blog\/direktfluege-zwischen-zuerich-und-newquay-in-cornwall\/","og_locale":"en_US","og_type":"article","og_title":"Direktfl\u00fcge zwischen Z\u00fcrich und Newquay in Cornwall - Urlaub &amp; Reisen","og_description":"Fl\u00fcge zwischen Z\u00fcrich und Newquay in Cornwall sind aktuell von Juli bis September buchbar. Es ist Zeit, mit der Planung Ihres Cornwall Urlaubs 2022 zu beginnen! Beginnend mit der dramatischen Nordk\u00fcste und der urigen Sch\u00f6nheit der S\u00fcdk\u00fcste, bis hin zur Westk\u00fcste, die tief verankert ist in Erz\u00e4hlungen und Legenden, mangelt es Cornwall nicht an h\u00fcbschen [&hellip;]","og_url":"https:\/\/www.urlaubcornwall.de\/blog\/direktfluege-zwischen-zuerich-und-newquay-in-cornwall\/","og_site_name":"Urlaub &amp; Reisen","article_modified_time":"2022-04-13T07:51:06+00:00","og_image":[{"url":"https:\/\/www.urlaubcornwall.de\/blog\/wp-content\/uploads\/2021\/10\/port_isaac_2.jpg"}],"twitter_card":"summary","twitter_misc":{"Est. reading time":"1 minute"},"schema":{"@context":"https:\/\/schema.org","@graph":[{"@type":"WebSite","@id":"https:\/\/www.urlaubcornwall.de\/blog\/#website","url":"https:\/\/www.urlaubcornwall.de\/blog\/","name":"Urlaub &amp; Reisen","description":"Urlaub, Reisen, Cornwall und S\u00fcdengland: eine perfekte Kombination","potentialAction":[{"@type":"SearchAction","target":{"@type":"EntryPoint","urlTemplate":"https:\/\/www.urlaubcornwall.de\/blog\/?s={search_term_string}"},"query-input":"required name=search_term_string"}],"inLanguage":"en-US"},{"@type":"WebPage","@id":"https:\/\/www.urlaubcornwall.de\/blog\/direktfluege-zwischen-zuerich-und-newquay-in-cornwall\/","url":"https:\/\/www.urlaubcornwall.de\/blog\/direktfluege-zwischen-zuerich-und-newquay-in-cornwall\/","name":"Direktfl\u00fcge zwischen Z\u00fcrich und Newquay in Cornwall - Urlaub &amp; Reisen","isPartOf":{"@id":"https:\/\/www.urlaubcornwall.de\/blog\/#website"},"datePublished":"2022-01-26T09:26:48+00:00","dateModified":"2022-04-13T07:51:06+00:00","breadcrumb":{"@id":"https:\/\/www.urlaubcornwall.de\/blog\/direktfluege-zwischen-zuerich-und-newquay-in-cornwall\/#breadcrumb"},"inLanguage":"en-US","potentialAction":[{"@type":"ReadAction","target":["https:\/\/www.urlaubcornwall.de\/blog\/direktfluege-zwischen-zuerich-und-newquay-in-cornwall\/"]}]},{"@type":"BreadcrumbList","@id":"https:\/\/www.urlaubcornwall.de\/blog\/direktfluege-zwischen-zuerich-und-newquay-in-cornwall\/#breadcrumb","itemListElement":[{"@type":"ListItem","position":1,"name":"Home","item":"https:\/\/www.urlaubcornwall.de\/blog\/"},{"@type":"ListItem","position":2,"name":"Direktfl\u00fcge zwischen Z\u00fcrich und Newquay in Cornwall"}]}]}},"_links":{"self":[{"href":"https:\/\/www.urlaubcornwall.de\/blog\/wp-json\/wp\/v2\/pages\/44542"}],"collection":[{"href":"https:\/\/www.urlaubcornwall.de\/blog\/wp-json\/wp\/v2\/pages"}],"about":[{"href":"https:\/\/www.urlaubcornwall.de\/blog\/wp-json\/wp\/v2\/types\/page"}],"author":[{"embeddable":true,"href":"https:\/\/www.urlaubcornwall.de\/blog\/wp-json\/wp\/v2\/users\/1"}],"replies":[{"embeddable":true,"href":"https:\/\/www.urlaubcornwall.de\/blog\/wp-json\/wp\/v2\/comments?post=44542"}],"version-history":[{"count":2,"href":"https:\/\/www.urlaubcornwall.de\/blog\/wp-json\/wp\/v2\/pages\/44542\/revisions"}],"predecessor-version":[{"id":44755,"href":"https:\/\/www.urlaubcornwall.de\/blog\/wp-json\/wp\/v2\/pages\/44542\/revisions\/44755"}],"wp:attachment":[{"href":"https:\/\/www.urlaubcornwall.de\/blog\/wp-json\/wp\/v2\/media?parent=44542"}],"curies":[{"name":"wp","href":"https:\/\/api.w.org\/{rel}","templated":true}]}}