{"id":44464,"date":"2021-12-21T16:29:07","date_gmt":"2021-12-21T16:29:07","guid":{"rendered":"https:\/\/www.urlaubcornwall.de\/blog\/?page_id=44464"},"modified":"2024-04-03T08:49:08","modified_gmt":"2024-04-03T08:49:08","slug":"exquisite-luxushotels-in-der-naehe-tower-of-london","status":"publish","type":"page","link":"https:\/\/www.urlaubcornwall.de\/blog\/exquisite-luxushotels-in-der-naehe-tower-of-london\/","title":{"rendered":"Exquisite Luxushotels in der N\u00e4he Tower of London"},"content":{"rendered":"<p><img loading=\"lazy\" class=\"aligncenter size-full wp-image-47816\" src=\"https:\/\/www.urlaubcornwall.de\/blog\/wp-content\/uploads\/2024\/03\/tower-of-london.jpg\" alt=\"tower of london\" width=\"750\" height=\"563\" srcset=\"https:\/\/www.urlaubcornwall.de\/blog\/wp-content\/uploads\/2024\/03\/tower-of-london.jpg 750w, https:\/\/www.urlaubcornwall.de\/blog\/wp-content\/uploads\/2024\/03\/tower-of-london-300x225.jpg 300w\" sizes=\"(max-width: 750px) 100vw, 750px\" \/><\/p>\n<p>Sie haben die Wahl zwischen einem Luxushotel in London mit modernen Boutique-R\u00e4umlichkeiten, einem Luxus Spa und vielen Extras oder einem traditionellen Hotel in typisch englischem Stil. Vielleicht reisen Sie ja als Familie? Dann schauen Sie sich doch unsere luxuri\u00f6sen Familienhotels in London an mit hervorragenden Familienr\u00e4umen und Suiten, die geradezu perfekt sind f\u00fcr Sie und Ihre Kinder!<\/p>\n<p><strong>Suche Hotels im Zentrum von London<\/strong><\/p>\n<p><a href=\"https:\/\/www.booking.com\/hotel\/gb\/cheval-three-quays.en.html?aid=1320750&#038;no_rooms=1&#038;group_adults=2\" rel=\"nofollow\">Cheval Three Quays at The Tower of London<\/a>  &#8211; Die neben dem Tower of London gelegene Unterkunft Cheval Three Quays bietet Ihnen Aussicht auf die Themse, kostenfreies WLAN und ein hauseigenes Fitnesscenter. Sie wohnen einen nur 10-min\u00fctigen Spaziergang vom Finanzzentrum City of London entfernt.<\/p>\n<p><a href=\"https:\/\/www.booking.com\/hotel\/gb\/dorsett-city-london.en.html?aid=1320750&#038;no_rooms=1&#038;group_adults=2\" rel=\"nofollow\">Dorsett City London<\/a> &#8211; In London, 8 Gehminuten vom botanischen Garten Sky Garden entfernt, bietet das 4-Sterne-Hotel Dorsett City London Stadtblick und einen Garten. Zu den weiteren Einrichtungen dieser Unterkunft geh\u00f6ren eine 24-Stunden-Rezeption, ein Businesscenter sowie kostenfreies WLAN in allen Bereichen. In der Unterkunft werden Sie gern auch im Restaurant mit chinesischer K\u00fcche begr\u00fc\u00dft.<\/p>\n<p><a href=\"https:\/\/www.booking.com\/hotel\/gb\/apexcityoflondonhotel.en.html?aid=1320750&#038;no_rooms=1&#038;group_adults=2\" rel=\"nofollow\">Apex City Of London Hotel<\/a> &#8211; Die Unterkunft Apex City Of London Hotel befindet sich in der Londoner Innenstadt, unweit der Tower Bridge. Sie wohnen eine 30-min\u00fctige Taxifahrt vom Flughafen London City entfernt. Dieses 4-Sterne-Hotel bietet moderne Zimmer mit einem Flachbild-TV und einer Dusche.<\/p>\n<p><a href=\"https:\/\/www.booking.com\/hotel\/gb\/thistletower.en.html?aid=1320750&#038;no_rooms=1&#038;group_adults=2\" rel=\"nofollow\">The Tower Hotel<\/a> &#8211; Das Tower Hotel genie\u00dft eine g\u00fcnstige Lage zwischen der Themse und den St Katharine Docks. Hier wohnen Sie neben der Tower Bridge und profitieren von einem Restaurant, einer Bar und einem Fitnesscenter an der Unterkunft. <\/p>\n<p><ins class=\"bookingaff\" data-aid=\"2211432\" data-target_aid=\"2211432\" data-prod=\"map\" data-width=\"100%\" data-height=\"590\" data-lang=\"ualng\" data-dest_id=\"0\" data-dest_type=\"landmark\" data-latitude=\"51.5081124\" data-longitude=\"-0.0759493\" data-mwhsb=\"0\" data-address=\"Tower of London, London, UK\"><br \/>\n    <!-- Anything inside will go away once widget is loaded. --><br \/>\n        <a href=\"\/\/www.booking.com?aid=2211432\" rel=\"nofollow\">Booking.com<\/a><br \/>\n<\/ins><br \/>\n<script type=\"text\/javascript\">\n    (function(d, sc, u) {\n      var s = d.createElement(sc), p = d.getElementsByTagName(sc)[0];\n      s.type = 'text\/javascript';\n      s.async = true;\n      s.src = u + '?v=' + (+new Date());\n      p.parentNode.insertBefore(s,p);\n      })(document, 'script', '\/\/aff.bstatic.com\/static\/affiliate_base\/js\/flexiproduct.js');\n<\/script><\/p>\n","protected":false},"excerpt":{"rendered":"<p>Sie haben die Wahl zwischen einem Luxushotel in London mit modernen Boutique-R\u00e4umlichkeiten, einem Luxus Spa und vielen Extras oder einem traditionellen Hotel in typisch englischem Stil. Vielleicht reisen Sie ja als Familie? Dann schauen Sie sich doch unsere luxuri\u00f6sen Familienhotels in London an mit hervorragenden Familienr\u00e4umen und Suiten, die geradezu perfekt sind f\u00fcr Sie und [&hellip;]<\/p>\n","protected":false},"author":1,"featured_media":0,"parent":0,"menu_order":0,"comment_status":"closed","ping_status":"closed","template":"single-four.php","meta":[],"acf":[],"yoast_head":"<!-- This site is optimized with the Yoast SEO plugin v19.4 - https:\/\/yoast.com\/wordpress\/plugins\/seo\/ -->\n<title>Exquisite Luxushotels in der N\u00e4he Tower of London - Urlaub &amp; Reisen<\/title>\n<meta name=\"description\" content=\"Sie haben die Wahl zwischen einem Luxushotel in London mit modernen Boutique-R\u00e4umlichkeiten, einem Luxus Spa\" \/>\n<meta name=\"robots\" content=\"index, follow, max-snippet:-1, max-image-preview:large, max-video-preview:-1\" \/>\n<link rel=\"canonical\" href=\"https:\/\/www.urlaubcornwall.de\/blog\/exquisite-luxushotels-in-der-naehe-tower-of-london\/\" \/>\n<meta property=\"og:locale\" content=\"en_US\" \/>\n<meta property=\"og:type\" content=\"article\" \/>\n<meta property=\"og:title\" content=\"Exquisite Luxushotels in der N\u00e4he Tower of London - Urlaub &amp; Reisen\" \/>\n<meta property=\"og:description\" content=\"Sie haben die Wahl zwischen einem Luxushotel in London mit modernen Boutique-R\u00e4umlichkeiten, einem Luxus Spa\" \/>\n<meta property=\"og:url\" content=\"https:\/\/www.urlaubcornwall.de\/blog\/exquisite-luxushotels-in-der-naehe-tower-of-london\/\" \/>\n<meta property=\"og:site_name\" content=\"Urlaub &amp; Reisen\" \/>\n<meta property=\"article:modified_time\" content=\"2024-04-03T08:49:08+00:00\" \/>\n<meta property=\"og:image\" content=\"https:\/\/www.urlaubcornwall.de\/blog\/wp-content\/uploads\/2024\/03\/tower-of-london.jpg\" \/>\n<meta name=\"twitter:card\" content=\"summary\" \/>\n<meta name=\"twitter:label1\" content=\"Est. reading time\" \/>\n\t<meta name=\"twitter:data1\" content=\"2 minutes\" \/>\n<script type=\"application\/ld+json\" class=\"yoast-schema-graph\">{\"@context\":\"https:\/\/schema.org\",\"@graph\":[{\"@type\":\"WebSite\",\"@id\":\"https:\/\/www.urlaubcornwall.de\/blog\/#website\",\"url\":\"https:\/\/www.urlaubcornwall.de\/blog\/\",\"name\":\"Urlaub &amp; Reisen\",\"description\":\"Urlaub, Reisen, Cornwall und S\u00fcdengland: eine perfekte Kombination\",\"potentialAction\":[{\"@type\":\"SearchAction\",\"target\":{\"@type\":\"EntryPoint\",\"urlTemplate\":\"https:\/\/www.urlaubcornwall.de\/blog\/?s={search_term_string}\"},\"query-input\":\"required name=search_term_string\"}],\"inLanguage\":\"en-US\"},{\"@type\":\"WebPage\",\"@id\":\"https:\/\/www.urlaubcornwall.de\/blog\/exquisite-luxushotels-in-der-naehe-tower-of-london\/\",\"url\":\"https:\/\/www.urlaubcornwall.de\/blog\/exquisite-luxushotels-in-der-naehe-tower-of-london\/\",\"name\":\"Exquisite Luxushotels in der N\u00e4he Tower of London - Urlaub &amp; Reisen\",\"isPartOf\":{\"@id\":\"https:\/\/www.urlaubcornwall.de\/blog\/#website\"},\"datePublished\":\"2021-12-21T16:29:07+00:00\",\"dateModified\":\"2024-04-03T08:49:08+00:00\",\"description\":\"Sie haben die Wahl zwischen einem Luxushotel in London mit modernen Boutique-R\u00e4umlichkeiten, einem Luxus Spa\",\"breadcrumb\":{\"@id\":\"https:\/\/www.urlaubcornwall.de\/blog\/exquisite-luxushotels-in-der-naehe-tower-of-london\/#breadcrumb\"},\"inLanguage\":\"en-US\",\"potentialAction\":[{\"@type\":\"ReadAction\",\"target\":[\"https:\/\/www.urlaubcornwall.de\/blog\/exquisite-luxushotels-in-der-naehe-tower-of-london\/\"]}]},{\"@type\":\"BreadcrumbList\",\"@id\":\"https:\/\/www.urlaubcornwall.de\/blog\/exquisite-luxushotels-in-der-naehe-tower-of-london\/#breadcrumb\",\"itemListElement\":[{\"@type\":\"ListItem\",\"position\":1,\"name\":\"Home\",\"item\":\"https:\/\/www.urlaubcornwall.de\/blog\/\"},{\"@type\":\"ListItem\",\"position\":2,\"name\":\"Exquisite Luxushotels in der N\u00e4he Tower of London\"}]}]}<\/script>\n<!-- \/ Yoast SEO plugin. -->","yoast_head_json":{"title":"Exquisite Luxushotels in der N\u00e4he Tower of London - Urlaub &amp; Reisen","description":"Sie haben die Wahl zwischen einem Luxushotel in London mit modernen Boutique-R\u00e4umlichkeiten, einem Luxus Spa","robots":{"index":"index","follow":"follow","max-snippet":"max-snippet:-1","max-image-preview":"max-image-preview:large","max-video-preview":"max-video-preview:-1"},"canonical":"https:\/\/www.urlaubcornwall.de\/blog\/exquisite-luxushotels-in-der-naehe-tower-of-london\/","og_locale":"en_US","og_type":"article","og_title":"Exquisite Luxushotels in der N\u00e4he Tower of London - Urlaub &amp; Reisen","og_description":"Sie haben die Wahl zwischen einem Luxushotel in London mit modernen Boutique-R\u00e4umlichkeiten, einem Luxus Spa","og_url":"https:\/\/www.urlaubcornwall.de\/blog\/exquisite-luxushotels-in-der-naehe-tower-of-london\/","og_site_name":"Urlaub &amp; Reisen","article_modified_time":"2024-04-03T08:49:08+00:00","og_image":[{"url":"https:\/\/www.urlaubcornwall.de\/blog\/wp-content\/uploads\/2024\/03\/tower-of-london.jpg"}],"twitter_card":"summary","twitter_misc":{"Est. reading time":"2 minutes"},"schema":{"@context":"https:\/\/schema.org","@graph":[{"@type":"WebSite","@id":"https:\/\/www.urlaubcornwall.de\/blog\/#website","url":"https:\/\/www.urlaubcornwall.de\/blog\/","name":"Urlaub &amp; Reisen","description":"Urlaub, Reisen, Cornwall und S\u00fcdengland: eine perfekte Kombination","potentialAction":[{"@type":"SearchAction","target":{"@type":"EntryPoint","urlTemplate":"https:\/\/www.urlaubcornwall.de\/blog\/?s={search_term_string}"},"query-input":"required name=search_term_string"}],"inLanguage":"en-US"},{"@type":"WebPage","@id":"https:\/\/www.urlaubcornwall.de\/blog\/exquisite-luxushotels-in-der-naehe-tower-of-london\/","url":"https:\/\/www.urlaubcornwall.de\/blog\/exquisite-luxushotels-in-der-naehe-tower-of-london\/","name":"Exquisite Luxushotels in der N\u00e4he Tower of London - Urlaub &amp; Reisen","isPartOf":{"@id":"https:\/\/www.urlaubcornwall.de\/blog\/#website"},"datePublished":"2021-12-21T16:29:07+00:00","dateModified":"2024-04-03T08:49:08+00:00","description":"Sie haben die Wahl zwischen einem Luxushotel in London mit modernen Boutique-R\u00e4umlichkeiten, einem Luxus Spa","breadcrumb":{"@id":"https:\/\/www.urlaubcornwall.de\/blog\/exquisite-luxushotels-in-der-naehe-tower-of-london\/#breadcrumb"},"inLanguage":"en-US","potentialAction":[{"@type":"ReadAction","target":["https:\/\/www.urlaubcornwall.de\/blog\/exquisite-luxushotels-in-der-naehe-tower-of-london\/"]}]},{"@type":"BreadcrumbList","@id":"https:\/\/www.urlaubcornwall.de\/blog\/exquisite-luxushotels-in-der-naehe-tower-of-london\/#breadcrumb","itemListElement":[{"@type":"ListItem","position":1,"name":"Home","item":"https:\/\/www.urlaubcornwall.de\/blog\/"},{"@type":"ListItem","position":2,"name":"Exquisite Luxushotels in der N\u00e4he Tower of London"}]}]}},"_links":{"self":[{"href":"https:\/\/www.urlaubcornwall.de\/blog\/wp-json\/wp\/v2\/pages\/44464"}],"collection":[{"href":"https:\/\/www.urlaubcornwall.de\/blog\/wp-json\/wp\/v2\/pages"}],"about":[{"href":"https:\/\/www.urlaubcornwall.de\/blog\/wp-json\/wp\/v2\/types\/page"}],"author":[{"embeddable":true,"href":"https:\/\/www.urlaubcornwall.de\/blog\/wp-json\/wp\/v2\/users\/1"}],"replies":[{"embeddable":true,"href":"https:\/\/www.urlaubcornwall.de\/blog\/wp-json\/wp\/v2\/comments?post=44464"}],"version-history":[{"count":2,"href":"https:\/\/www.urlaubcornwall.de\/blog\/wp-json\/wp\/v2\/pages\/44464\/revisions"}],"predecessor-version":[{"id":48687,"href":"https:\/\/www.urlaubcornwall.de\/blog\/wp-json\/wp\/v2\/pages\/44464\/revisions\/48687"}],"wp:attachment":[{"href":"https:\/\/www.urlaubcornwall.de\/blog\/wp-json\/wp\/v2\/media?parent=44464"}],"curies":[{"name":"wp","href":"https:\/\/api.w.org\/{rel}","templated":true}]}}